{"id":10138,"date":"2022-05-30T14:33:56","date_gmt":"2022-05-30T12:33:56","guid":{"rendered":"https:\/\/strangercam.com\/?page_id=10138"},"modified":"2023-08-21T12:24:42","modified_gmt":"2023-08-21T10:24:42","slug":"omega","status":"publish","type":"page","link":"https:\/\/strangercam.com\/sv\/omega\/","title":{"rendered":"Omega"},"content":{"rendered":"<p>Omega \u00e4r en ny och f\u00f6rb\u00e4ttrad <a href=\"https:\/\/strangercam.com\/sv\/omegle\/\">Omegle<\/a> att, som <a href=\"https:\/\/strangercam.com\/sv\/ometv\/\">OmeTv<\/a>, LivU, DODO, Chamet, HOLLA och Facha. Det g\u00f6r det ocks\u00e5 m\u00f6jligt f\u00f6r dig att kommunicera och f\u00e5 nya v\u00e4nner med personer \u00f6ver hela v\u00e4rlden i r\u00f6stsamtal, slumpm\u00e4ssig video <a href=\"https:\/\/strangercam.com\/sv\/chatroulette\/\">chatt<\/a>, och meddelanden fr\u00e5n person till person. Omega, den nya och f\u00f6rb\u00e4ttrade Omegle, kopplar dig till ett stort antal m\u00e4nniskor fr\u00e5n \u00f6ver 100 l\u00e4nder med bara ett tryck. Spontana m\u00f6ten breddar din sociala krets, medan slumpm\u00e4ssiga videosamtal och konversationer f\u00f6r m\u00e4nniskor n\u00e4rmare varandra.<\/p>\n<p>Omega: s automatiska AI-skyddssystem kommer att s\u00e4kra alla dina livevideokonversationer och livechatt-sessioner, vilket s\u00e4kerst\u00e4ller att du inte st\u00f6ter p\u00e5 n\u00e5gra \u00f6vertr\u00e4delser eller n\u00e5got oacceptabelt beteende.<\/p>\n<h3>Huvudfunktioner i Omega:s b\u00e4sta dejtingplattform<\/h3>\n<p>F\u00f6ljande \u00e4r n\u00e5gra av de b\u00e4sta funktionerna i Omega b\u00e4sta dejtingsplattformar:<\/p>\n<ul>\n<li>Live Talk och Live Video Chat. Plattformen g\u00f6r att du kan kommunicera med vilken person som helst online.<\/li>\n<li>DMs. Du kan ocks\u00e5 chatta direkt med dina v\u00e4nner online p\u00e5 plattformen Omega.<\/li>\n<li>Filter f\u00f6r region och k\u00f6n. Om du vill interagera med oss och <a href=\"https:\/\/strangercam.com\/sv\/coomeet\/\">tr\u00e4ffas<\/a> specifika personer kan filtret hj\u00e4lpa dig att f\u00e5 tillg\u00e5ng till r\u00e4tt personer f\u00f6r dig.<\/li>\n<li>G\u00e5vor. Om du vill visa genuin tillgivenhet f\u00f6r en annan person kan du ge personen en g\u00e5va online.<\/li>\n<\/ul>\n<h3>Varf\u00f6r ska du anv\u00e4nda Omega-plattformen f\u00f6r dejting\u00e4ndam\u00e5l?<\/h3>\n<p>Nedan f\u00f6ljer n\u00e5gra av de fr\u00e4msta anledningarna till att vi skiljer oss fr\u00e5n andra befintliga appar online:<\/p>\n<ul>\n<li>Tr\u00e4ffa nya m\u00e4nniskor fr\u00e5n hela v\u00e4rlden i en randomiserad videochatt i realtid!<\/li>\n<li>F\u00f6r personer som \u00e4lskar att g\u00f6ra nya bekantskaper med fr\u00e4mlingar bygger vi en trevlig, s\u00e4ker och h\u00e4lsosam online-community.<\/li>\n<li>Du kan FaceTime med fr\u00e4mlingar fr\u00e5n hela v\u00e4rlden i Omega - ny och f\u00f6rb\u00e4ttrad Omegle-gruppen med flera olika och sp\u00e4nnande m\u00e4nniskor, var och en med sina egna magnifika historier och upplevelser att ber\u00e4tta.<\/li>\n<li>Varje enskild skr\u00e4ddarsydd slumpm\u00e4ssig videokonferens \u00e4r v\u00e4rdefull och v\u00e4rdefull, med m\u00f6jlighet att skapa ett nytt livsl\u00e5ngt band.<\/li>\n<li>Du kan ocks\u00e5 \u00e5terknyta kontakten med gamla v\u00e4nner via personliga meddelanden och slumpm\u00e4ssiga videokonferenser online.<\/li>\n<li>Matchas slumpm\u00e4ssigt f\u00f6r att knyta nya kontakter genom live-diskussioner, l\u00e4ra dig mer om olika kulturer och vidga dina vyer.<\/li>\n<li>Plattformens kundsupport \u00e4r ocks\u00e5 ganska lyh\u00f6rd. De svarar p\u00e5 varje klagom\u00e5l inom n\u00e5gra minuter. Teamet ser till att du har en fantastisk upplevelse p\u00e5 plattformen utan tvekan eller r\u00e4dsla. Vi hoppas verkligen att du tycker om att anv\u00e4nda Omega, den st\u00f6rsta <a href=\"https:\/\/strangercam.com\/sv\/chathub\/\">slumpm\u00e4ssig videochatt<\/a> och livechattverktyg tillg\u00e4ngligt!<\/li>\n<\/ul>\n<h3>Slutsats<\/h3>\n<p>Omega \u00e4r en trevlig plattform som hj\u00e4lper till att kommunicera med r\u00e4tt person och hitta en sj\u00e4lsfr\u00e4nde som f\u00e5r dig att k\u00e4nna dig upprymd och viktig i hela v\u00e4rlden.<\/p>","protected":false},"excerpt":{"rendered":"<p>Omega is a new and improved Omegle that, like OmeTv, LivU, DODO, Chamet, HOLLA, and Facha. It also enables you to communicate and make some new friends with individuals all over the world in voice conversations, random video chat, and messaging in person to person. Omega, the new and improved Omegle, will link you with [&hellip;]<\/p>\n","protected":false},"author":6,"featured_media":559,"parent":0,"menu_order":0,"comment_status":"closed","ping_status":"closed","template":"","meta":{"footnotes":""},"class_list":["post-10138","page","type-page","status-publish","has-post-thumbnail","hentry"],"yoast_head":"<!-- This site is optimized with the Yoast SEO plugin v27.4 - https:\/\/yoast.com\/product\/yoast-seo-wordpress\/ -->\n<title>Omega - Chat Roulette Anonymously - Cam on StrangerCam.com<\/title>\n<meta name=\"description\" content=\"Like Omega? Come chat with more than 5.000.000 strangers on Stranger Cam for Free! Turn on your cam and find new friends &amp; maby a match!\" \/>\n<meta name=\"robots\" content=\"index, follow, max-snippet:-1, max-image-preview:large, max-video-preview:-1\" \/>\n<link rel=\"canonical\" href=\"https:\/\/strangercam.com\/sv\/omega\/\" \/>\n<meta property=\"og:locale\" content=\"sv_SE\" \/>\n<meta property=\"og:type\" content=\"article\" \/>\n<meta property=\"og:title\" content=\"Omega - Chat Roulette Anonymously - Cam on StrangerCam.com\" \/>\n<meta property=\"og:description\" content=\"Like Omega? Come chat with more than 5.000.000 strangers on Stranger Cam for Free! Turn on your cam and find new friends &amp; maby a match!\" \/>\n<meta property=\"og:url\" content=\"https:\/\/strangercam.com\/sv\/omega\/\" \/>\n<meta property=\"og:site_name\" content=\"Strangercam\" \/>\n<meta property=\"article:publisher\" content=\"https:\/\/www.facebook.com\/strangercam\" \/>\n<meta property=\"article:modified_time\" content=\"2023-08-21T10:24:42+00:00\" \/>\n<meta property=\"og:image\" content=\"https:\/\/strangercam.com\/wp-content\/uploads\/2020\/11\/stranger-cam-1.png\" \/>\n\t<meta property=\"og:image:width\" content=\"800\" \/>\n\t<meta property=\"og:image:height\" content=\"800\" \/>\n\t<meta property=\"og:image:type\" content=\"image\/png\" \/>\n<meta name=\"twitter:card\" content=\"summary_large_image\" \/>\n<meta name=\"twitter:site\" content=\"@strangercamapp\" \/>\n<meta name=\"twitter:label1\" content=\"Ber\u00e4knad l\u00e4stid\" \/>\n\t<meta name=\"twitter:data1\" content=\"2 minuter\" \/>\n<script type=\"application\/ld+json\" class=\"yoast-schema-graph\">{\"@context\":\"https:\\\/\\\/schema.org\",\"@graph\":[{\"@type\":\"WebPage\",\"@id\":\"https:\\\/\\\/strangercam.com\\\/omega\\\/\",\"url\":\"https:\\\/\\\/strangercam.com\\\/omega\\\/\",\"name\":\"Omega - Chat Roulette Anonymously - Cam on StrangerCam.com\",\"isPartOf\":{\"@id\":\"https:\\\/\\\/strangercam.com\\\/#website\"},\"primaryImageOfPage\":{\"@id\":\"https:\\\/\\\/strangercam.com\\\/omega\\\/#primaryimage\"},\"image\":{\"@id\":\"https:\\\/\\\/strangercam.com\\\/omega\\\/#primaryimage\"},\"thumbnailUrl\":\"https:\\\/\\\/strangercam.com\\\/wp-content\\\/uploads\\\/2020\\\/11\\\/stranger-cam-1.png\",\"datePublished\":\"2022-05-30T12:33:56+00:00\",\"dateModified\":\"2023-08-21T10:24:42+00:00\",\"description\":\"Like Omega? Come chat with more than 5.000.000 strangers on Stranger Cam for Free! Turn on your cam and find new friends & maby a match!\",\"breadcrumb\":{\"@id\":\"https:\\\/\\\/strangercam.com\\\/omega\\\/#breadcrumb\"},\"inLanguage\":\"sv-SE\",\"potentialAction\":[{\"@type\":\"ReadAction\",\"target\":[\"https:\\\/\\\/strangercam.com\\\/omega\\\/\"]}]},{\"@type\":\"ImageObject\",\"inLanguage\":\"sv-SE\",\"@id\":\"https:\\\/\\\/strangercam.com\\\/omega\\\/#primaryimage\",\"url\":\"https:\\\/\\\/strangercam.com\\\/wp-content\\\/uploads\\\/2020\\\/11\\\/stranger-cam-1.png\",\"contentUrl\":\"https:\\\/\\\/strangercam.com\\\/wp-content\\\/uploads\\\/2020\\\/11\\\/stranger-cam-1.png\",\"width\":800,\"height\":800,\"caption\":\"stranger cam random video chat\"},{\"@type\":\"BreadcrumbList\",\"@id\":\"https:\\\/\\\/strangercam.com\\\/omega\\\/#breadcrumb\",\"itemListElement\":[{\"@type\":\"ListItem\",\"position\":1,\"name\":\"Home\",\"item\":\"https:\\\/\\\/strangercam.com\\\/\"},{\"@type\":\"ListItem\",\"position\":2,\"name\":\"Omega\"}]},{\"@type\":\"WebSite\",\"@id\":\"https:\\\/\\\/strangercam.com\\\/#website\",\"url\":\"https:\\\/\\\/strangercam.com\\\/\",\"name\":\"Strangercam\",\"description\":\"Random Video Chat with Strangers\",\"publisher\":{\"@id\":\"https:\\\/\\\/strangercam.com\\\/#organization\"},\"alternateName\":\"Strangercam.com\",\"potentialAction\":[{\"@type\":\"SearchAction\",\"target\":{\"@type\":\"EntryPoint\",\"urlTemplate\":\"https:\\\/\\\/strangercam.com\\\/?s={search_term_string}\"},\"query-input\":{\"@type\":\"PropertyValueSpecification\",\"valueRequired\":true,\"valueName\":\"search_term_string\"}}],\"inLanguage\":\"sv-SE\"},{\"@type\":\"Organization\",\"@id\":\"https:\\\/\\\/strangercam.com\\\/#organization\",\"name\":\"Strangercam\",\"alternateName\":\"Strangercam.com\",\"url\":\"https:\\\/\\\/strangercam.com\\\/\",\"logo\":{\"@type\":\"ImageObject\",\"inLanguage\":\"sv-SE\",\"@id\":\"https:\\\/\\\/strangercam.com\\\/#\\\/schema\\\/logo\\\/image\\\/\",\"url\":\"https:\\\/\\\/strangercam.com\\\/wp-content\\\/uploads\\\/2020\\\/11\\\/cropped-new-favicon-black.png\",\"contentUrl\":\"https:\\\/\\\/strangercam.com\\\/wp-content\\\/uploads\\\/2020\\\/11\\\/cropped-new-favicon-black.png\",\"width\":512,\"height\":512,\"caption\":\"Strangercam\"},\"image\":{\"@id\":\"https:\\\/\\\/strangercam.com\\\/#\\\/schema\\\/logo\\\/image\\\/\"},\"sameAs\":[\"https:\\\/\\\/www.facebook.com\\\/strangercam\",\"https:\\\/\\\/x.com\\\/strangercamapp\"]}]}<\/script>\n<!-- \/ Yoast SEO plugin. -->","yoast_head_json":{"title":"Omega - Chatta Roulette Anonymt - Cam p\u00e5 StrangerCam.com","description":"Gillar du Omega? Kom och chatta med mer \u00e4n 5.000.000 fr\u00e4mlingar p\u00e5 Stranger Cam helt gratis! Sl\u00e5 p\u00e5 din kamera och hitta nya v\u00e4nner och kanske en match!","robots":{"index":"index","follow":"follow","max-snippet":"max-snippet:-1","max-image-preview":"max-image-preview:large","max-video-preview":"max-video-preview:-1"},"canonical":"https:\/\/strangercam.com\/sv\/omega\/","og_locale":"sv_SE","og_type":"article","og_title":"Omega - Chat Roulette Anonymously - Cam on StrangerCam.com","og_description":"Like Omega? Come chat with more than 5.000.000 strangers on Stranger Cam for Free! Turn on your cam and find new friends & maby a match!","og_url":"https:\/\/strangercam.com\/sv\/omega\/","og_site_name":"Strangercam","article_publisher":"https:\/\/www.facebook.com\/strangercam","article_modified_time":"2023-08-21T10:24:42+00:00","og_image":[{"width":800,"height":800,"url":"https:\/\/strangercam.com\/wp-content\/uploads\/2020\/11\/stranger-cam-1.png","type":"image\/png"}],"twitter_card":"summary_large_image","twitter_site":"@strangercamapp","twitter_misc":{"Ber\u00e4knad l\u00e4stid":"2 minuter"},"schema":{"@context":"https:\/\/schema.org","@graph":[{"@type":"WebPage","@id":"https:\/\/strangercam.com\/omega\/","url":"https:\/\/strangercam.com\/omega\/","name":"Omega - Chatta Roulette Anonymt - Cam p\u00e5 StrangerCam.com","isPartOf":{"@id":"https:\/\/strangercam.com\/#website"},"primaryImageOfPage":{"@id":"https:\/\/strangercam.com\/omega\/#primaryimage"},"image":{"@id":"https:\/\/strangercam.com\/omega\/#primaryimage"},"thumbnailUrl":"https:\/\/strangercam.com\/wp-content\/uploads\/2020\/11\/stranger-cam-1.png","datePublished":"2022-05-30T12:33:56+00:00","dateModified":"2023-08-21T10:24:42+00:00","description":"Gillar du Omega? Kom och chatta med mer \u00e4n 5.000.000 fr\u00e4mlingar p\u00e5 Stranger Cam helt gratis! Sl\u00e5 p\u00e5 din kamera och hitta nya v\u00e4nner och kanske en match!","breadcrumb":{"@id":"https:\/\/strangercam.com\/omega\/#breadcrumb"},"inLanguage":"sv-SE","potentialAction":[{"@type":"ReadAction","target":["https:\/\/strangercam.com\/omega\/"]}]},{"@type":"ImageObject","inLanguage":"sv-SE","@id":"https:\/\/strangercam.com\/omega\/#primaryimage","url":"https:\/\/strangercam.com\/wp-content\/uploads\/2020\/11\/stranger-cam-1.png","contentUrl":"https:\/\/strangercam.com\/wp-content\/uploads\/2020\/11\/stranger-cam-1.png","width":800,"height":800,"caption":"stranger cam random video chat"},{"@type":"BreadcrumbList","@id":"https:\/\/strangercam.com\/omega\/#breadcrumb","itemListElement":[{"@type":"ListItem","position":1,"name":"Home","item":"https:\/\/strangercam.com\/"},{"@type":"ListItem","position":2,"name":"Omega"}]},{"@type":"WebSite","@id":"https:\/\/strangercam.com\/#website","url":"https:\/\/strangercam.com\/","name":"Strangercam","description":"Slumpm\u00e4ssig videochatt med fr\u00e4mlingar","publisher":{"@id":"https:\/\/strangercam.com\/#organization"},"alternateName":"Strangercam.com","potentialAction":[{"@type":"SearchAction","target":{"@type":"EntryPoint","urlTemplate":"https:\/\/strangercam.com\/?s={search_term_string}"},"query-input":{"@type":"PropertyValueSpecification","valueRequired":true,"valueName":"search_term_string"}}],"inLanguage":"sv-SE"},{"@type":"Organization","@id":"https:\/\/strangercam.com\/#organization","name":"Strangercam","alternateName":"Strangercam.com","url":"https:\/\/strangercam.com\/","logo":{"@type":"ImageObject","inLanguage":"sv-SE","@id":"https:\/\/strangercam.com\/#\/schema\/logo\/image\/","url":"https:\/\/strangercam.com\/wp-content\/uploads\/2020\/11\/cropped-new-favicon-black.png","contentUrl":"https:\/\/strangercam.com\/wp-content\/uploads\/2020\/11\/cropped-new-favicon-black.png","width":512,"height":512,"caption":"Strangercam"},"image":{"@id":"https:\/\/strangercam.com\/#\/schema\/logo\/image\/"},"sameAs":["https:\/\/www.facebook.com\/strangercam","https:\/\/x.com\/strangercamapp"]}]}},"_links":{"self":[{"href":"https:\/\/strangercam.com\/sv\/wp-json\/wp\/v2\/pages\/10138","targetHints":{"allow":["GET"]}}],"collection":[{"href":"https:\/\/strangercam.com\/sv\/wp-json\/wp\/v2\/pages"}],"about":[{"href":"https:\/\/strangercam.com\/sv\/wp-json\/wp\/v2\/types\/page"}],"author":[{"embeddable":true,"href":"https:\/\/strangercam.com\/sv\/wp-json\/wp\/v2\/users\/6"}],"replies":[{"embeddable":true,"href":"https:\/\/strangercam.com\/sv\/wp-json\/wp\/v2\/comments?post=10138"}],"version-history":[{"count":0,"href":"https:\/\/strangercam.com\/sv\/wp-json\/wp\/v2\/pages\/10138\/revisions"}],"wp:featuredmedia":[{"embeddable":true,"href":"https:\/\/strangercam.com\/sv\/wp-json\/wp\/v2\/media\/559"}],"wp:attachment":[{"href":"https:\/\/strangercam.com\/sv\/wp-json\/wp\/v2\/media?parent=10138"}],"curies":[{"name":"wp","href":"https:\/\/api.w.org\/{rel}","templated":true}]}}