{"id":10096,"date":"2022-05-30T14:20:25","date_gmt":"2022-05-30T12:20:25","guid":{"rendered":"https:\/\/strangercam.com\/?page_id=10096"},"modified":"2023-08-21T12:42:59","modified_gmt":"2023-08-21T10:42:59","slug":"tandoo","status":"publish","type":"page","link":"https:\/\/strangercam.com\/sv\/tandoo\/","title":{"rendered":"Tandoo"},"content":{"rendered":"<p>Tandoo \u00e4r en <a href=\"https:\/\/strangercam.com\/sv\/chatta4gratis\/\">fri<\/a> Onlinekooperativ <a href=\"https:\/\/strangercam.com\/sv\/mili\/\">leva<\/a> video <a href=\"https:\/\/strangercam.com\/sv\/chatroulette\/\">chatt<\/a> applikation som l\u00e5ter dig <a href=\"https:\/\/strangercam.com\/sv\/coomeet\/\">tr\u00e4ffas<\/a> nya m\u00e4nniskor fr\u00e5n hela v\u00e4rlden! Fr\u00e4mlingar kan kontaktas via e-post, r\u00f6stchatt eller <a href=\"https:\/\/strangercam.com\/sv\/rabbit-video-chat\/\">videochatt<\/a>. Ha \u00e4nnu mer n\u00f6je genom att delta i sm\u00e5 spel och g\u00e5 p\u00e5 fester! Varje funktion \u00e4r utformad f\u00f6r att chatta och g\u00f6ra nya bekantskaper. Join oss just nu f\u00f6r att uppleva enormt kul och lycka.<\/p>\n<h3>Huvudfunktioner f\u00f6r Tandoo.Com<\/h3>\n<p>Vi har presenterat de viktigaste funktionerna i Tandoo.Com nedan nedan:<\/p>\n<ul>\n<li>Videochatt i realtid: Du kan prata med dina kompisar ansikte mot ansikte med den exklusiva video- och ljudchattfunktionen. Vi har ocks\u00e5 tolkning i realtid f\u00f6r att hj\u00e4lpa till att ta bort spr\u00e5kliga hinder. Sk\u00f6nhetsf\u00f6rb\u00e4ttringar och effekter st\u00f6ds ocks\u00e5.<\/li>\n<li>R\u00f6stchatt som \u00e4r enkel: Att dela ditt hj\u00e4rta och sj\u00e4l med m\u00e4nniskor \u00e4r enklare och mindre stressande n\u00e4r du anv\u00e4nder r\u00f6stchatt.<\/li>\n<li>Absolut verkliga individer: Tandoo har inte n\u00e5gra bedr\u00e4gliga anv\u00e4ndare. Vi tror att du har en b\u00e4ttre tid att etablera nya v\u00e4nner. Vi filtrerar noggrant h\u00f6gkvalitativa anv\u00e4ndare och s\u00e4tter deras profiler genom v\u00e5r verifieringsprocess.<\/li>\n<li>V\u00e4nskap fr\u00e5n hela v\u00e4rlden: Hitta nya bekantskaper i ditt omr\u00e5de eller genom att s\u00f6ka efter personer med liknande intressen p\u00e5 avl\u00e4gsna platser och i fj\u00e4rran l\u00e4nder.<\/li>\n<li>Infoga slumpm\u00e4ssig rekommendation: Den mest effektiva metoden f\u00f6r att g\u00f6ra nya bekantskaper. V\u00e4lj mellan telefon- eller videokonferens och m\u00f6t upp v\u00e4nnerna p\u00e5 fritiden f\u00f6r att chatta.<\/li>\n<li>Joining Party Room \u00e4r mycket roligt.: Join oss i realtid! Gratis kan du titta p\u00e5 en livestream och chatta med upp till 5 anv\u00e4ndare samtidigt!<\/li>\n<li>Sm\u00e5 spel att spela: Du kommer att ha ett privat chattrum och textkonversation med en v\u00e4n. Ge presenter till dina v\u00e4nner och spela Secret Truth f\u00f6r att l\u00e4ra k\u00e4nna dem b\u00e4ttre!<\/li>\n<\/ul>\n<h3>Huvudsakliga tj\u00e4nster som erbjuds av Tandoo.Com<\/h3>\n<p>Nedan f\u00f6ljer n\u00e5gra av de b\u00e4sta tj\u00e4nsterna som erbjuds av plattformen:<\/p>\n<ul>\n<li>Tandoo ger dig m\u00f6jlighet att f\u00f6ra samtal ansikte mot ansikte med anv\u00e4ndare \u00f6ver hela v\u00e4rlden.<\/li>\n<li>B\u00e5de video- och r\u00f6stchatt \u00e4r tillg\u00e4ngliga.<\/li>\n<li>F\u00e5 kompisar med liknande intressen \u00f6ver hela v\u00e4rlden.<\/li>\n<li>Matcha slumpm\u00e4ssigt och bli \u00f6verraskad av vem du tr\u00e4ffar.<\/li>\n<li>Diskutera dina id\u00e9er med en grupp individer.<\/li>\n<\/ul>\n<h3>Slutsats<\/h3>\n<p>Detta \u00e4r en av de b\u00e4sta plattformarna f\u00f6r att dejta r\u00e4tt person f\u00f6r att tillbringa den b\u00e4sta tiden. Fr\u00e4mlingar kan kontaktas via e-post, r\u00f6stchatt eller videochatt. Ha \u00e4nnu mer n\u00f6je genom att delta i enkla spel och vara v\u00e4rd f\u00f6r fester! Varje funktion \u00e4r utformad f\u00f6r att prata och g\u00f6ra nya bekantskaper. Join oss just nu!<\/p>","protected":false},"excerpt":{"rendered":"<p>Tandoo is a free online cooperative live video chat application that lets you meet new people from all around the world! Strangers can be contacted via mail, voice chat, or video chat. Have even more pleasure by participating in small games and attending parties! Every function is set up for chatting and making new acquaintances. [&hellip;]<\/p>\n","protected":false},"author":6,"featured_media":559,"parent":0,"menu_order":0,"comment_status":"closed","ping_status":"closed","template":"","meta":{"footnotes":""},"class_list":["post-10096","page","type-page","status-publish","has-post-thumbnail","hentry"],"yoast_head":"<!-- This site is optimized with the Yoast SEO plugin v26.9 - https:\/\/yoast.com\/product\/yoast-seo-wordpress\/ -->\n<title>Tandoo - Chat Roulette Anonymously - Cam on StrangerCam.com<\/title>\n<meta name=\"description\" content=\"Like Tandoo? Come chat with more than 5.000.000 strangers on Stranger Cam for Free! Turn on your cam and find new friends &amp; maby a match!\" \/>\n<meta name=\"robots\" content=\"index, follow, max-snippet:-1, max-image-preview:large, max-video-preview:-1\" \/>\n<link rel=\"canonical\" href=\"https:\/\/strangercam.com\/sv\/tandoo\/\" \/>\n<meta property=\"og:locale\" content=\"sv_SE\" \/>\n<meta property=\"og:type\" content=\"article\" \/>\n<meta property=\"og:title\" content=\"Tandoo - Chat Roulette Anonymously - Cam on StrangerCam.com\" \/>\n<meta property=\"og:description\" content=\"Like Tandoo? Come chat with more than 5.000.000 strangers on Stranger Cam for Free! Turn on your cam and find new friends &amp; maby a match!\" \/>\n<meta property=\"og:url\" content=\"https:\/\/strangercam.com\/sv\/tandoo\/\" \/>\n<meta property=\"og:site_name\" content=\"Strangercam\" \/>\n<meta property=\"article:publisher\" content=\"https:\/\/www.facebook.com\/strangercam\" \/>\n<meta property=\"article:modified_time\" content=\"2023-08-21T10:42:59+00:00\" \/>\n<meta property=\"og:image\" content=\"https:\/\/strangercam.com\/wp-content\/uploads\/2020\/11\/stranger-cam-1.png\" \/>\n\t<meta property=\"og:image:width\" content=\"800\" \/>\n\t<meta property=\"og:image:height\" content=\"800\" \/>\n\t<meta property=\"og:image:type\" content=\"image\/png\" \/>\n<meta name=\"twitter:card\" content=\"summary_large_image\" \/>\n<meta name=\"twitter:site\" content=\"@strangercamapp\" \/>\n<meta name=\"twitter:label1\" content=\"Ber\u00e4knad l\u00e4stid\" \/>\n\t<meta name=\"twitter:data1\" content=\"2 minuter\" \/>\n<script type=\"application\/ld+json\" class=\"yoast-schema-graph\">{\"@context\":\"https:\/\/schema.org\",\"@graph\":[{\"@type\":\"WebPage\",\"@id\":\"https:\/\/strangercam.com\/tandoo\/\",\"url\":\"https:\/\/strangercam.com\/tandoo\/\",\"name\":\"Tandoo - Chat Roulette Anonymously - Cam on StrangerCam.com\",\"isPartOf\":{\"@id\":\"https:\/\/strangercam.com\/#website\"},\"primaryImageOfPage\":{\"@id\":\"https:\/\/strangercam.com\/tandoo\/#primaryimage\"},\"image\":{\"@id\":\"https:\/\/strangercam.com\/tandoo\/#primaryimage\"},\"thumbnailUrl\":\"https:\/\/strangercam.com\/wp-content\/uploads\/2020\/11\/stranger-cam-1.png\",\"datePublished\":\"2022-05-30T12:20:25+00:00\",\"dateModified\":\"2023-08-21T10:42:59+00:00\",\"description\":\"Like Tandoo? Come chat with more than 5.000.000 strangers on Stranger Cam for Free! Turn on your cam and find new friends & maby a match!\",\"breadcrumb\":{\"@id\":\"https:\/\/strangercam.com\/tandoo\/#breadcrumb\"},\"inLanguage\":\"sv-SE\",\"potentialAction\":[{\"@type\":\"ReadAction\",\"target\":[\"https:\/\/strangercam.com\/tandoo\/\"]}]},{\"@type\":\"ImageObject\",\"inLanguage\":\"sv-SE\",\"@id\":\"https:\/\/strangercam.com\/tandoo\/#primaryimage\",\"url\":\"https:\/\/strangercam.com\/wp-content\/uploads\/2020\/11\/stranger-cam-1.png\",\"contentUrl\":\"https:\/\/strangercam.com\/wp-content\/uploads\/2020\/11\/stranger-cam-1.png\",\"width\":800,\"height\":800,\"caption\":\"stranger cam random video chat\"},{\"@type\":\"BreadcrumbList\",\"@id\":\"https:\/\/strangercam.com\/tandoo\/#breadcrumb\",\"itemListElement\":[{\"@type\":\"ListItem\",\"position\":1,\"name\":\"Home\",\"item\":\"https:\/\/strangercam.com\/\"},{\"@type\":\"ListItem\",\"position\":2,\"name\":\"Tandoo\"}]},{\"@type\":\"WebSite\",\"@id\":\"https:\/\/strangercam.com\/#website\",\"url\":\"https:\/\/strangercam.com\/\",\"name\":\"Strangercam\",\"description\":\"Random Video Chat with Strangers\",\"publisher\":{\"@id\":\"https:\/\/strangercam.com\/#organization\"},\"alternateName\":\"Strangercam.com\",\"potentialAction\":[{\"@type\":\"SearchAction\",\"target\":{\"@type\":\"EntryPoint\",\"urlTemplate\":\"https:\/\/strangercam.com\/?s={search_term_string}\"},\"query-input\":{\"@type\":\"PropertyValueSpecification\",\"valueRequired\":true,\"valueName\":\"search_term_string\"}}],\"inLanguage\":\"sv-SE\"},{\"@type\":\"Organization\",\"@id\":\"https:\/\/strangercam.com\/#organization\",\"name\":\"Strangercam\",\"alternateName\":\"Strangercam.com\",\"url\":\"https:\/\/strangercam.com\/\",\"logo\":{\"@type\":\"ImageObject\",\"inLanguage\":\"sv-SE\",\"@id\":\"https:\/\/strangercam.com\/#\/schema\/logo\/image\/\",\"url\":\"https:\/\/strangercam.com\/wp-content\/uploads\/2020\/11\/cropped-new-favicon-black.png\",\"contentUrl\":\"https:\/\/strangercam.com\/wp-content\/uploads\/2020\/11\/cropped-new-favicon-black.png\",\"width\":512,\"height\":512,\"caption\":\"Strangercam\"},\"image\":{\"@id\":\"https:\/\/strangercam.com\/#\/schema\/logo\/image\/\"},\"sameAs\":[\"https:\/\/www.facebook.com\/strangercam\",\"https:\/\/x.com\/strangercamapp\"]}]}<\/script>\n<!-- \/ Yoast SEO plugin. -->","yoast_head_json":{"title":"Tandoo - Chatta Roulette Anonymt - Cam p\u00e5 StrangerCam.com","description":"Gillar du Tandoo? Kom och chatta med mer \u00e4n 5.000.000 fr\u00e4mlingar p\u00e5 Stranger Cam helt gratis! Sl\u00e5 p\u00e5 din kamera och hitta nya v\u00e4nner och kanske en match!","robots":{"index":"index","follow":"follow","max-snippet":"max-snippet:-1","max-image-preview":"max-image-preview:large","max-video-preview":"max-video-preview:-1"},"canonical":"https:\/\/strangercam.com\/sv\/tandoo\/","og_locale":"sv_SE","og_type":"article","og_title":"Tandoo - Chat Roulette Anonymously - Cam on StrangerCam.com","og_description":"Like Tandoo? Come chat with more than 5.000.000 strangers on Stranger Cam for Free! Turn on your cam and find new friends & maby a match!","og_url":"https:\/\/strangercam.com\/sv\/tandoo\/","og_site_name":"Strangercam","article_publisher":"https:\/\/www.facebook.com\/strangercam","article_modified_time":"2023-08-21T10:42:59+00:00","og_image":[{"width":800,"height":800,"url":"https:\/\/strangercam.com\/wp-content\/uploads\/2020\/11\/stranger-cam-1.png","type":"image\/png"}],"twitter_card":"summary_large_image","twitter_site":"@strangercamapp","twitter_misc":{"Ber\u00e4knad l\u00e4stid":"2 minuter"},"schema":{"@context":"https:\/\/schema.org","@graph":[{"@type":"WebPage","@id":"https:\/\/strangercam.com\/tandoo\/","url":"https:\/\/strangercam.com\/tandoo\/","name":"Tandoo - Chatta Roulette Anonymt - Cam p\u00e5 StrangerCam.com","isPartOf":{"@id":"https:\/\/strangercam.com\/#website"},"primaryImageOfPage":{"@id":"https:\/\/strangercam.com\/tandoo\/#primaryimage"},"image":{"@id":"https:\/\/strangercam.com\/tandoo\/#primaryimage"},"thumbnailUrl":"https:\/\/strangercam.com\/wp-content\/uploads\/2020\/11\/stranger-cam-1.png","datePublished":"2022-05-30T12:20:25+00:00","dateModified":"2023-08-21T10:42:59+00:00","description":"Gillar du Tandoo? Kom och chatta med mer \u00e4n 5.000.000 fr\u00e4mlingar p\u00e5 Stranger Cam helt gratis! Sl\u00e5 p\u00e5 din kamera och hitta nya v\u00e4nner och kanske en match!","breadcrumb":{"@id":"https:\/\/strangercam.com\/tandoo\/#breadcrumb"},"inLanguage":"sv-SE","potentialAction":[{"@type":"ReadAction","target":["https:\/\/strangercam.com\/tandoo\/"]}]},{"@type":"ImageObject","inLanguage":"sv-SE","@id":"https:\/\/strangercam.com\/tandoo\/#primaryimage","url":"https:\/\/strangercam.com\/wp-content\/uploads\/2020\/11\/stranger-cam-1.png","contentUrl":"https:\/\/strangercam.com\/wp-content\/uploads\/2020\/11\/stranger-cam-1.png","width":800,"height":800,"caption":"stranger cam random video chat"},{"@type":"BreadcrumbList","@id":"https:\/\/strangercam.com\/tandoo\/#breadcrumb","itemListElement":[{"@type":"ListItem","position":1,"name":"Home","item":"https:\/\/strangercam.com\/"},{"@type":"ListItem","position":2,"name":"Tandoo"}]},{"@type":"WebSite","@id":"https:\/\/strangercam.com\/#website","url":"https:\/\/strangercam.com\/","name":"Strangercam","description":"Slumpm\u00e4ssig videochatt med fr\u00e4mlingar","publisher":{"@id":"https:\/\/strangercam.com\/#organization"},"alternateName":"Strangercam.com","potentialAction":[{"@type":"SearchAction","target":{"@type":"EntryPoint","urlTemplate":"https:\/\/strangercam.com\/?s={search_term_string}"},"query-input":{"@type":"PropertyValueSpecification","valueRequired":true,"valueName":"search_term_string"}}],"inLanguage":"sv-SE"},{"@type":"Organization","@id":"https:\/\/strangercam.com\/#organization","name":"Strangercam","alternateName":"Strangercam.com","url":"https:\/\/strangercam.com\/","logo":{"@type":"ImageObject","inLanguage":"sv-SE","@id":"https:\/\/strangercam.com\/#\/schema\/logo\/image\/","url":"https:\/\/strangercam.com\/wp-content\/uploads\/2020\/11\/cropped-new-favicon-black.png","contentUrl":"https:\/\/strangercam.com\/wp-content\/uploads\/2020\/11\/cropped-new-favicon-black.png","width":512,"height":512,"caption":"Strangercam"},"image":{"@id":"https:\/\/strangercam.com\/#\/schema\/logo\/image\/"},"sameAs":["https:\/\/www.facebook.com\/strangercam","https:\/\/x.com\/strangercamapp"]}]}},"_links":{"self":[{"href":"https:\/\/strangercam.com\/sv\/wp-json\/wp\/v2\/pages\/10096","targetHints":{"allow":["GET"]}}],"collection":[{"href":"https:\/\/strangercam.com\/sv\/wp-json\/wp\/v2\/pages"}],"about":[{"href":"https:\/\/strangercam.com\/sv\/wp-json\/wp\/v2\/types\/page"}],"author":[{"embeddable":true,"href":"https:\/\/strangercam.com\/sv\/wp-json\/wp\/v2\/users\/6"}],"replies":[{"embeddable":true,"href":"https:\/\/strangercam.com\/sv\/wp-json\/wp\/v2\/comments?post=10096"}],"version-history":[{"count":0,"href":"https:\/\/strangercam.com\/sv\/wp-json\/wp\/v2\/pages\/10096\/revisions"}],"wp:featuredmedia":[{"embeddable":true,"href":"https:\/\/strangercam.com\/sv\/wp-json\/wp\/v2\/media\/559"}],"wp:attachment":[{"href":"https:\/\/strangercam.com\/sv\/wp-json\/wp\/v2\/media?parent=10096"}],"curies":[{"name":"wp","href":"https:\/\/api.w.org\/{rel}","templated":true}]}}