{"id":9999,"date":"2022-05-30T13:30:50","date_gmt":"2022-05-30T11:30:50","guid":{"rendered":"https:\/\/strangercam.com\/?page_id=9999"},"modified":"2023-08-21T12:24:41","modified_gmt":"2023-08-21T10:24:41","slug":"chatplanet","status":"publish","type":"page","link":"https:\/\/strangercam.com\/ro\/chatplanet\/","title":{"rendered":"Chatplanet"},"content":{"rendered":"<p>Aplica\u021bia de dating Chatplanet este una dintre cele mai cunoscute aplica\u021bii de dating online. Acesta este un instrument u\u0219or de utilizat pentru a conversa cu persoane aleatorii din \u00eentreaga lume. C\u00e2nd ape\u0219i butonul \u201cStart\u201d, vei fi \u00eent\u00e2mpinat de sute de persoane dornice s\u0103 <a href=\"https:\/\/strangercam.com\/ro\/chathub\/\">chat<\/a>. Sunt o mul\u021bime de fete dr\u0103gu\u021be \u0219i oameni buni care converseaz\u0103.<\/p>\n<h3>Un sistem sigur \u0219i securizat pentru ca oamenii s\u0103 g\u0103seasc\u0103 online o companie decent\u0103 \u0219i inteligent\u0103<\/h3>\n<p>Aceasta este una dintre cele mai sigure aplica\u021bii de \u00eent\u00e2lniri, care permite altor persoane s\u0103 se bucure pe deplin de timpul lor. Dac\u0103 comportamentul str\u0103inului v\u0103 deranjeaz\u0103, pur \u0219i simplu ap\u0103sa\u021bi butonul \u201cUrm\u0103torul\u201d pentru a trece la o alt\u0103 persoan\u0103 cu care s\u0103 vorbi\u021bi. Un buton de reclama\u021bii este inclus \u00een aplica\u021bie. V\u0103 pute\u021bi pl\u00e2nge dac\u0103 interlocutorul v\u0103 abuzeaz\u0103 sau dac\u0103 crede\u021bi c\u0103 \u00eencalc\u0103 regulamentul videochat-ului. Pl\u00e2ngerea dvs. va fi luat\u0103 \u00een considerare imediat de c\u0103tre administratori.<\/p>\n<h3>Asigurarea confiden\u021bialit\u0103\u021bii \u0219i siguran\u021bei utilizatorilor care discut\u0103 \u0219i se bucur\u0103 de timpul lor pe Chatplanet<\/h3>\n<p>Chatplanet nu asigur\u0103 doar siguran\u021ba utilizatorilor, ci \u0219i \u00eempotriva propriului sistem. Site-ul asigur\u0103, de asemenea, siguran\u021ba utilizatorilor pe servere. \u00cen\u021belegerea modului \u00een care dezvoltatorii dob\u00e2ndesc \u0219i utilizeaz\u0103 datele dvs. este primul pas c\u0103tre securitate. Securitatea informa\u021biilor \u0219i practicile de confiden\u021bialitate a datelor pot diferi \u00een func\u021bie de modul \u00een care utiliza\u021bi site-ul, de locul \u00een care locui\u021bi \u0219i de v\u00e2rsta dumneavoastr\u0103. Aceste informa\u021bii au fost furnizate de dezvoltator, care le poate actualiza \u00een viitor.<\/p>\n<ul>\n<li>Nu va exista niciun schimb de date cu ter\u021be p\u0103r\u021bi. Pute\u021bi afla mai multe despre declara\u021biile de partajare f\u0103cute de dezvoltatori.<\/li>\n<li>Nu a fost colectat\u0103 nicio informa\u021bie. Afla\u021bi mai multe despre modul \u00een care programatorii declar\u0103 colec\u021biile.<\/li>\n<\/ul>\n<h3>We Are the Best ALternative Website For the All Popular Dating Website.<\/h3>\n<p>Sistemul Chatplanet ofer\u0103 utilizatorilor s\u0103i servicii de dating de mare calitate \u0219i foarte fiabile. <a href=\"https:\/\/strangercam.com\/ro\/coomeet\/\">Chat video<\/a> la \u00eent\u00e2mplare ChatPlanet este un loc grozav pentru a face cuno\u0219tin\u021be apropiate, iar noi vom alege pe cineva la \u00eent\u00e2mplare pentru a v\u0103 ajuta s\u0103 \u00eencepe\u021bi. P\u00e2n\u0103 c\u00e2nd v\u0103 dezv\u0103lui\u021bi identitatea, chat-urile sunt anonime. Alternative la <a href=\"https:\/\/strangercam.com\/ro\/omegle\/\">Omegle<\/a>, <a href=\"https:\/\/strangercam.com\/ro\/chatroulette\/\">ChatRoulette<\/a>, \u0219i Chatruletka sunt Omegle, ChatRoulette \u0219i Chatruletka. Chatplanet este cel mai mare site de videochat aleatoriu pentru a cunoa\u0219te oameni noi. Face\u021bi conversa\u021bie cu str\u0103ini la \u00eent\u00e2mplare.<\/p>\n<h3>Comunica\u021bi cu persoana despre capacitatea dvs. mintal\u0103 \u0219i antecedentele dvs.<\/h3>\n<p>La Chatplanet, am introdus filtre inteligente care v\u0103 permit s\u0103 g\u0103si\u021bi persoana potrivit\u0103. Pute\u021bi da profesia, atributele fizice \u0219i alte informa\u021bii despre loca\u021bie pentru a ob\u021bine cel mai bun rezultat pentru dvs. Astfel, pute\u021bi comunica cu persoanele potrivite \u0219i pute\u021bi petrece cele mai frumoase momente din via\u021ba dvs.<\/p>\n<h3>Concluzie<\/h3>\n<p>Dac\u0103 dori\u021bi s\u0103 comunica\u021bi cu oameni de calibrul dumneavoastr\u0103, al\u0103tura\u021bi-v\u0103 Chatplanet dating app ast\u0103zi.<\/p>","protected":false},"excerpt":{"rendered":"<p>Chatplanet dating app is one of the most famous dating apps online. This is an easy-to-use tool for conversing with random individuals from all over the world. When you press the &#8220;Start&#8221; button, you&#8217;ll be greeted by hundreds of folks eager to chat. There are a lot of lovely girls and good people conversing. A [&hellip;]<\/p>\n","protected":false},"author":6,"featured_media":559,"parent":0,"menu_order":0,"comment_status":"closed","ping_status":"closed","template":"","meta":{"footnotes":""},"class_list":["post-9999","page","type-page","status-publish","has-post-thumbnail","hentry"],"yoast_head":"<!-- This site is optimized with the Yoast SEO plugin v26.9 - https:\/\/yoast.com\/product\/yoast-seo-wordpress\/ -->\n<title>Chatplanet - Random Video Chat - Cam on StrangerCam.com<\/title>\n<meta name=\"description\" content=\"Like Chatplanet? Come chat with more than 5.000.000 strangers on Stranger Cam for Free! Turn on your cam and find new friends &amp; maby a match!\" \/>\n<meta name=\"robots\" content=\"index, follow, max-snippet:-1, max-image-preview:large, max-video-preview:-1\" \/>\n<link rel=\"canonical\" href=\"https:\/\/strangercam.com\/ro\/chatplanet\/\" \/>\n<meta property=\"og:locale\" content=\"ro_RO\" \/>\n<meta property=\"og:type\" content=\"article\" \/>\n<meta property=\"og:title\" content=\"Chatplanet - Random Video Chat - Cam on StrangerCam.com\" \/>\n<meta property=\"og:description\" content=\"Like Chatplanet? Come chat with more than 5.000.000 strangers on Stranger Cam for Free! Turn on your cam and find new friends &amp; maby a match!\" \/>\n<meta property=\"og:url\" content=\"https:\/\/strangercam.com\/ro\/chatplanet\/\" \/>\n<meta property=\"og:site_name\" content=\"Strangercam\" \/>\n<meta property=\"article:publisher\" content=\"https:\/\/www.facebook.com\/strangercam\" \/>\n<meta property=\"article:modified_time\" content=\"2023-08-21T10:24:41+00:00\" \/>\n<meta property=\"og:image\" content=\"https:\/\/strangercam.com\/wp-content\/uploads\/2020\/11\/stranger-cam-1.png\" \/>\n\t<meta property=\"og:image:width\" content=\"800\" \/>\n\t<meta property=\"og:image:height\" content=\"800\" \/>\n\t<meta property=\"og:image:type\" content=\"image\/png\" \/>\n<meta name=\"twitter:card\" content=\"summary_large_image\" \/>\n<meta name=\"twitter:site\" content=\"@strangercamapp\" \/>\n<meta name=\"twitter:label1\" content=\"Timp estimat pentru citire\" \/>\n\t<meta name=\"twitter:data1\" content=\"2 minute\" \/>\n<script type=\"application\/ld+json\" class=\"yoast-schema-graph\">{\"@context\":\"https:\/\/schema.org\",\"@graph\":[{\"@type\":\"WebPage\",\"@id\":\"https:\/\/strangercam.com\/chatplanet\/\",\"url\":\"https:\/\/strangercam.com\/chatplanet\/\",\"name\":\"Chatplanet - Random Video Chat - Cam on StrangerCam.com\",\"isPartOf\":{\"@id\":\"https:\/\/strangercam.com\/#website\"},\"primaryImageOfPage\":{\"@id\":\"https:\/\/strangercam.com\/chatplanet\/#primaryimage\"},\"image\":{\"@id\":\"https:\/\/strangercam.com\/chatplanet\/#primaryimage\"},\"thumbnailUrl\":\"https:\/\/strangercam.com\/wp-content\/uploads\/2020\/11\/stranger-cam-1.png\",\"datePublished\":\"2022-05-30T11:30:50+00:00\",\"dateModified\":\"2023-08-21T10:24:41+00:00\",\"description\":\"Like Chatplanet? Come chat with more than 5.000.000 strangers on Stranger Cam for Free! Turn on your cam and find new friends & maby a match!\",\"breadcrumb\":{\"@id\":\"https:\/\/strangercam.com\/chatplanet\/#breadcrumb\"},\"inLanguage\":\"ro-RO\",\"potentialAction\":[{\"@type\":\"ReadAction\",\"target\":[\"https:\/\/strangercam.com\/chatplanet\/\"]}]},{\"@type\":\"ImageObject\",\"inLanguage\":\"ro-RO\",\"@id\":\"https:\/\/strangercam.com\/chatplanet\/#primaryimage\",\"url\":\"https:\/\/strangercam.com\/wp-content\/uploads\/2020\/11\/stranger-cam-1.png\",\"contentUrl\":\"https:\/\/strangercam.com\/wp-content\/uploads\/2020\/11\/stranger-cam-1.png\",\"width\":800,\"height\":800,\"caption\":\"stranger cam random video chat\"},{\"@type\":\"BreadcrumbList\",\"@id\":\"https:\/\/strangercam.com\/chatplanet\/#breadcrumb\",\"itemListElement\":[{\"@type\":\"ListItem\",\"position\":1,\"name\":\"Home\",\"item\":\"https:\/\/strangercam.com\/\"},{\"@type\":\"ListItem\",\"position\":2,\"name\":\"Chatplanet\"}]},{\"@type\":\"WebSite\",\"@id\":\"https:\/\/strangercam.com\/#website\",\"url\":\"https:\/\/strangercam.com\/\",\"name\":\"Strangercam\",\"description\":\"Random Video Chat with Strangers\",\"publisher\":{\"@id\":\"https:\/\/strangercam.com\/#organization\"},\"alternateName\":\"Strangercam.com\",\"potentialAction\":[{\"@type\":\"SearchAction\",\"target\":{\"@type\":\"EntryPoint\",\"urlTemplate\":\"https:\/\/strangercam.com\/?s={search_term_string}\"},\"query-input\":{\"@type\":\"PropertyValueSpecification\",\"valueRequired\":true,\"valueName\":\"search_term_string\"}}],\"inLanguage\":\"ro-RO\"},{\"@type\":\"Organization\",\"@id\":\"https:\/\/strangercam.com\/#organization\",\"name\":\"Strangercam\",\"alternateName\":\"Strangercam.com\",\"url\":\"https:\/\/strangercam.com\/\",\"logo\":{\"@type\":\"ImageObject\",\"inLanguage\":\"ro-RO\",\"@id\":\"https:\/\/strangercam.com\/#\/schema\/logo\/image\/\",\"url\":\"https:\/\/strangercam.com\/wp-content\/uploads\/2020\/11\/cropped-new-favicon-black.png\",\"contentUrl\":\"https:\/\/strangercam.com\/wp-content\/uploads\/2020\/11\/cropped-new-favicon-black.png\",\"width\":512,\"height\":512,\"caption\":\"Strangercam\"},\"image\":{\"@id\":\"https:\/\/strangercam.com\/#\/schema\/logo\/image\/\"},\"sameAs\":[\"https:\/\/www.facebook.com\/strangercam\",\"https:\/\/x.com\/strangercamapp\"]}]}<\/script>\n<!-- \/ Yoast SEO plugin. -->","yoast_head_json":{"title":"Chatplanet - Videochat aleatoriu - Cam pe StrangerCam.com","description":"\u00ce\u021bi place Chatplanet? Vino s\u0103 vorbe\u0219ti cu mai mult de 5.000.000 de str\u0103ini pe Stranger Cam gratuit! Porne\u0219te-\u021bi camera \u0219i g\u0103se\u0219te prieteni noi \u0219i poate o pereche!","robots":{"index":"index","follow":"follow","max-snippet":"max-snippet:-1","max-image-preview":"max-image-preview:large","max-video-preview":"max-video-preview:-1"},"canonical":"https:\/\/strangercam.com\/ro\/chatplanet\/","og_locale":"ro_RO","og_type":"article","og_title":"Chatplanet - Random Video Chat - Cam on StrangerCam.com","og_description":"Like Chatplanet? Come chat with more than 5.000.000 strangers on Stranger Cam for Free! Turn on your cam and find new friends & maby a match!","og_url":"https:\/\/strangercam.com\/ro\/chatplanet\/","og_site_name":"Strangercam","article_publisher":"https:\/\/www.facebook.com\/strangercam","article_modified_time":"2023-08-21T10:24:41+00:00","og_image":[{"width":800,"height":800,"url":"https:\/\/strangercam.com\/wp-content\/uploads\/2020\/11\/stranger-cam-1.png","type":"image\/png"}],"twitter_card":"summary_large_image","twitter_site":"@strangercamapp","twitter_misc":{"Timp estimat pentru citire":"2 minute"},"schema":{"@context":"https:\/\/schema.org","@graph":[{"@type":"WebPage","@id":"https:\/\/strangercam.com\/chatplanet\/","url":"https:\/\/strangercam.com\/chatplanet\/","name":"Chatplanet - Videochat aleatoriu - Cam pe StrangerCam.com","isPartOf":{"@id":"https:\/\/strangercam.com\/#website"},"primaryImageOfPage":{"@id":"https:\/\/strangercam.com\/chatplanet\/#primaryimage"},"image":{"@id":"https:\/\/strangercam.com\/chatplanet\/#primaryimage"},"thumbnailUrl":"https:\/\/strangercam.com\/wp-content\/uploads\/2020\/11\/stranger-cam-1.png","datePublished":"2022-05-30T11:30:50+00:00","dateModified":"2023-08-21T10:24:41+00:00","description":"\u00ce\u021bi place Chatplanet? Vino s\u0103 vorbe\u0219ti cu mai mult de 5.000.000 de str\u0103ini pe Stranger Cam gratuit! Porne\u0219te-\u021bi camera \u0219i g\u0103se\u0219te prieteni noi \u0219i poate o pereche!","breadcrumb":{"@id":"https:\/\/strangercam.com\/chatplanet\/#breadcrumb"},"inLanguage":"ro-RO","potentialAction":[{"@type":"ReadAction","target":["https:\/\/strangercam.com\/chatplanet\/"]}]},{"@type":"ImageObject","inLanguage":"ro-RO","@id":"https:\/\/strangercam.com\/chatplanet\/#primaryimage","url":"https:\/\/strangercam.com\/wp-content\/uploads\/2020\/11\/stranger-cam-1.png","contentUrl":"https:\/\/strangercam.com\/wp-content\/uploads\/2020\/11\/stranger-cam-1.png","width":800,"height":800,"caption":"stranger cam random video chat"},{"@type":"BreadcrumbList","@id":"https:\/\/strangercam.com\/chatplanet\/#breadcrumb","itemListElement":[{"@type":"ListItem","position":1,"name":"Home","item":"https:\/\/strangercam.com\/"},{"@type":"ListItem","position":2,"name":"Chatplanet"}]},{"@type":"WebSite","@id":"https:\/\/strangercam.com\/#website","url":"https:\/\/strangercam.com\/","name":"Strangercam","description":"Chat video aleatoriu cu str\u0103ini","publisher":{"@id":"https:\/\/strangercam.com\/#organization"},"alternateName":"Strangercam.com","potentialAction":[{"@type":"SearchAction","target":{"@type":"EntryPoint","urlTemplate":"https:\/\/strangercam.com\/?s={search_term_string}"},"query-input":{"@type":"PropertyValueSpecification","valueRequired":true,"valueName":"search_term_string"}}],"inLanguage":"ro-RO"},{"@type":"Organization","@id":"https:\/\/strangercam.com\/#organization","name":"Strangercam","alternateName":"Strangercam.com","url":"https:\/\/strangercam.com\/","logo":{"@type":"ImageObject","inLanguage":"ro-RO","@id":"https:\/\/strangercam.com\/#\/schema\/logo\/image\/","url":"https:\/\/strangercam.com\/wp-content\/uploads\/2020\/11\/cropped-new-favicon-black.png","contentUrl":"https:\/\/strangercam.com\/wp-content\/uploads\/2020\/11\/cropped-new-favicon-black.png","width":512,"height":512,"caption":"Strangercam"},"image":{"@id":"https:\/\/strangercam.com\/#\/schema\/logo\/image\/"},"sameAs":["https:\/\/www.facebook.com\/strangercam","https:\/\/x.com\/strangercamapp"]}]}},"_links":{"self":[{"href":"https:\/\/strangercam.com\/ro\/wp-json\/wp\/v2\/pages\/9999","targetHints":{"allow":["GET"]}}],"collection":[{"href":"https:\/\/strangercam.com\/ro\/wp-json\/wp\/v2\/pages"}],"about":[{"href":"https:\/\/strangercam.com\/ro\/wp-json\/wp\/v2\/types\/page"}],"author":[{"embeddable":true,"href":"https:\/\/strangercam.com\/ro\/wp-json\/wp\/v2\/users\/6"}],"replies":[{"embeddable":true,"href":"https:\/\/strangercam.com\/ro\/wp-json\/wp\/v2\/comments?post=9999"}],"version-history":[{"count":0,"href":"https:\/\/strangercam.com\/ro\/wp-json\/wp\/v2\/pages\/9999\/revisions"}],"wp:featuredmedia":[{"embeddable":true,"href":"https:\/\/strangercam.com\/ro\/wp-json\/wp\/v2\/media\/559"}],"wp:attachment":[{"href":"https:\/\/strangercam.com\/ro\/wp-json\/wp\/v2\/media?parent=9999"}],"curies":[{"name":"wp","href":"https:\/\/api.w.org\/{rel}","templated":true}]}}