{"id":9827,"date":"2022-03-01T17:29:57","date_gmt":"2022-03-01T15:29:57","guid":{"rendered":"https:\/\/strangercam.com\/?page_id=9827"},"modified":"2025-06-16T14:18:35","modified_gmt":"2025-06-16T12:18:35","slug":"declaratia-de-conformitate-2257","status":"publish","type":"page","link":"https:\/\/strangercam.com\/ro\/2257-compliance-statement\/","title":{"rendered":"Declara\u021bia de conformitate 2257"},"content":{"rendered":"<p data-start=\"274\" data-end=\"560\">\u00cen conformitate cu legisla\u021bia SUA 18 U.S.C. Sec\u021biunea 2257 (Child Protection and Obscenity Enforcement Act of 1988) \u0219i cu alte acte interna\u021bionale, toate modelele care apar pe serviciile sau platformele legate sau la care se face referire prin <a href=\"https:\/\/strangercam.com\/ro\/\">Strangercam<\/a>.com au \u00eemplinit, dup\u0103 cuno\u0219tin\u021bele noastre, v\u00e2rsta de 18 ani.<\/p>\n<h2 data-start=\"562\" data-end=\"1047\">Disclaimer de afiliere<\/h2>\n<p data-start=\"562\" data-end=\"1047\">Strangercam.com nu de\u021bine sau nu opereaz\u0103 nicio camer\u0103 web sau <a href=\"https:\/\/strangercam.com\/ro\/rabbit-video-chat\/\">video<\/a> <a href=\"https:\/\/strangercam.com\/ro\/chatroulette\/\">chat<\/a> instrumente, platforme sau servicii prezentate sau legate pe site-ul nostru. Suntem un site afiliat \u0219i un site de recenzii <a href=\"https:\/\/strangercam.com\/ro\/only2chat\/\">numai<\/a>; ca atare, nu angaj\u0103m, contract\u0103m, gestion\u0103m sau organiz\u0103m niciun proiect sau eveniment care implic\u0103 modele. Conformitatea cu 18 U.S.C. Sec\u021biunea 2257, inclusiv toate cerin\u021bele de stocare a documentelor \u0219i de verificare a v\u00e2rstei, este responsabilitatea exclusiv\u0103 a partenerilor no\u0219tri afilia\u021bi \u0219i a platformelor pe care le opereaz\u0103.<\/p>\n<h2 data-start=\"1049\" data-end=\"1350\">Con\u021binut de la ter\u021be p\u0103r\u021bi<\/h2>\n<p data-start=\"1049\" data-end=\"1350\">Strangercam.com NU produce, nu g\u0103zduie\u0219te \u0219i nu gestioneaz\u0103 niciunul dintre materialele postate pe site-urile ter\u021bilor la care avem linkuri. Orice con\u021binut generat de utilizatori sau con\u021binut model disponibil pe aceste platforme este controlat \u0219i reglementat de operatorii site-urilor respective, nu de Strangercam.com.<\/p>\n<p data-start=\"1352\" data-end=\"1674\">Rolul nostru este exclusiv de a analiza, recomanda \u0219i furniza linkuri afiliate c\u0103tre platforme \u0219i servicii externe. Orice persoan\u0103 care se \u00eenregistreaz\u0103 sau utilizeaz\u0103 servicii prin intermediul linkurilor de pe Strangercam.com face acest lucru direct \u0219i independent pe platforme ter\u021be, f\u0103r\u0103 nicio participare sau implicare din partea Strangercam.com sau a reprezentan\u021bilor s\u0103i.<\/p>\n<h2 data-start=\"1676\" data-end=\"1946\">Monitorizare \u0219i standarde de con\u021binut<\/h2>\n<p data-start=\"1676\" data-end=\"1946\">Strangercam.com nu aprob\u0103 sau sprijin\u0103 crearea sau postarea de materiale obscene. Ne rezerv\u0103m dreptul de a elimina linkurile sau referin\u021bele la orice con\u021binut extern care, \u00een opinia noastr\u0103, este \u00een mod clar obscen, indecent sau def\u0103im\u0103tor.<\/p>\n<h2 data-start=\"1948\" data-end=\"2136\">Con\u021binut de Strangercam.com<\/h2>\n<p data-start=\"1948\" data-end=\"2136\">Tot con\u021binutul produs de Strangercam.com sau de reprezentan\u021bii s\u0103i nu este erotic sau pornografic \u0219i, prin urmare, nu face obiectul legisla\u021biei SUA 18 U.S.C. Sec\u021biunea 2257.<\/p>\n<h2 data-start=\"2138\" data-end=\"2503\">Stocarea \u0219i conformitatea documentelor<\/h2>\n<p data-start=\"2138\" data-end=\"2503\">Toate \u00eenregistr\u0103rile de verificare a v\u00e2rstei \u0219i documentele necesare \u00een conformitate cu legea SUA 18 U.S.C. Sec\u021biunea 2257 sunt p\u0103strate de partenerii no\u0219tri afilia\u021bi \u0219i de operatorii platformelor ter\u021be la care ne conect\u0103m. Strangercam.com nu stocheaz\u0103 \u0219i nu p\u0103streaz\u0103 niciun document 2257, deoarece nu oper\u0103m \u0219i nu producem niciun con\u021binut care necesit\u0103 o astfel de conformitate.<\/p>\n<p data-start=\"2505\" data-end=\"2624\">Pentru orice \u00eentreb\u0103ri sau preocup\u0103ri privind conformitatea, v\u0103 rug\u0103m s\u0103 contacta\u021bi direct operatorii platformelor ter\u021be.<\/p>","protected":false},"excerpt":{"rendered":"<p>In accordance with US law 18 U.S.C. Section 2257 (Child Protection and Obscenity Enforcement Act of 1988) and other international acts, all models appearing on services or platforms linked or referenced by Strangercam.com have, to the best of our knowledge, reached the age of 18 years. Affiliate Disclaimer Strangercam.com does not own or operate any [&hellip;]<\/p>\n","protected":false},"author":1,"featured_media":0,"parent":0,"menu_order":0,"comment_status":"closed","ping_status":"closed","template":"","meta":{"footnotes":""},"class_list":["post-9827","page","type-page","status-publish","hentry"],"yoast_head":"<!-- This site is optimized with the Yoast SEO plugin v27.4 - https:\/\/yoast.com\/product\/yoast-seo-wordpress\/ -->\n<title>2257 Compliance Statement - Strangercam<\/title>\n<meta name=\"robots\" content=\"index, follow, max-snippet:-1, max-image-preview:large, max-video-preview:-1\" \/>\n<link rel=\"canonical\" href=\"https:\/\/strangercam.com\/ro\/declaratia-de-conformitate-2257\/\" \/>\n<meta property=\"og:locale\" content=\"ro_RO\" \/>\n<meta property=\"og:type\" content=\"article\" \/>\n<meta property=\"og:title\" content=\"2257 Compliance Statement - Strangercam\" \/>\n<meta property=\"og:description\" content=\"In accordance with US law 18 U.S.C. Section 2257 (Child Protection and Obscenity Enforcement Act of 1988) and other international acts, all models appearing on services or platforms linked or referenced by Strangercam.com have, to the best of our knowledge, reached the age of 18 years. Affiliate Disclaimer Strangercam.com does not own or operate any [&hellip;]\" \/>\n<meta property=\"og:url\" content=\"https:\/\/strangercam.com\/ro\/declaratia-de-conformitate-2257\/\" \/>\n<meta property=\"og:site_name\" content=\"Strangercam\" \/>\n<meta property=\"article:publisher\" content=\"https:\/\/www.facebook.com\/strangercam\" \/>\n<meta property=\"article:modified_time\" content=\"2025-06-16T12:18:35+00:00\" \/>\n<meta property=\"og:image\" content=\"https:\/\/strangercam.com\/wp-content\/uploads\/2021\/10\/Untitled-2.png\" \/>\n\t<meta property=\"og:image:width\" content=\"800\" \/>\n\t<meta property=\"og:image:height\" content=\"532\" \/>\n\t<meta property=\"og:image:type\" content=\"image\/png\" \/>\n<meta name=\"twitter:card\" content=\"summary_large_image\" \/>\n<meta name=\"twitter:site\" content=\"@strangercamapp\" \/>\n<meta name=\"twitter:label1\" content=\"Timp estimat pentru citire\" \/>\n\t<meta name=\"twitter:data1\" content=\"2 minute\" \/>\n<script type=\"application\/ld+json\" class=\"yoast-schema-graph\">{\"@context\":\"https:\\\/\\\/schema.org\",\"@graph\":[{\"@type\":\"WebPage\",\"@id\":\"https:\\\/\\\/strangercam.com\\\/2257-compliance-statement\\\/\",\"url\":\"https:\\\/\\\/strangercam.com\\\/2257-compliance-statement\\\/\",\"name\":\"2257 Compliance Statement - Strangercam\",\"isPartOf\":{\"@id\":\"https:\\\/\\\/strangercam.com\\\/#website\"},\"datePublished\":\"2022-03-01T15:29:57+00:00\",\"dateModified\":\"2025-06-16T12:18:35+00:00\",\"breadcrumb\":{\"@id\":\"https:\\\/\\\/strangercam.com\\\/2257-compliance-statement\\\/#breadcrumb\"},\"inLanguage\":\"ro-RO\",\"potentialAction\":[{\"@type\":\"ReadAction\",\"target\":[\"https:\\\/\\\/strangercam.com\\\/2257-compliance-statement\\\/\"]}]},{\"@type\":\"BreadcrumbList\",\"@id\":\"https:\\\/\\\/strangercam.com\\\/2257-compliance-statement\\\/#breadcrumb\",\"itemListElement\":[{\"@type\":\"ListItem\",\"position\":1,\"name\":\"Home\",\"item\":\"https:\\\/\\\/strangercam.com\\\/\"},{\"@type\":\"ListItem\",\"position\":2,\"name\":\"2257 Compliance Statement\"}]},{\"@type\":\"WebSite\",\"@id\":\"https:\\\/\\\/strangercam.com\\\/#website\",\"url\":\"https:\\\/\\\/strangercam.com\\\/\",\"name\":\"Strangercam\",\"description\":\"Random Video Chat with Strangers\",\"publisher\":{\"@id\":\"https:\\\/\\\/strangercam.com\\\/#organization\"},\"alternateName\":\"Strangercam.com\",\"potentialAction\":[{\"@type\":\"SearchAction\",\"target\":{\"@type\":\"EntryPoint\",\"urlTemplate\":\"https:\\\/\\\/strangercam.com\\\/?s={search_term_string}\"},\"query-input\":{\"@type\":\"PropertyValueSpecification\",\"valueRequired\":true,\"valueName\":\"search_term_string\"}}],\"inLanguage\":\"ro-RO\"},{\"@type\":\"Organization\",\"@id\":\"https:\\\/\\\/strangercam.com\\\/#organization\",\"name\":\"Strangercam\",\"alternateName\":\"Strangercam.com\",\"url\":\"https:\\\/\\\/strangercam.com\\\/\",\"logo\":{\"@type\":\"ImageObject\",\"inLanguage\":\"ro-RO\",\"@id\":\"https:\\\/\\\/strangercam.com\\\/#\\\/schema\\\/logo\\\/image\\\/\",\"url\":\"https:\\\/\\\/strangercam.com\\\/wp-content\\\/uploads\\\/2020\\\/11\\\/cropped-new-favicon-black.png\",\"contentUrl\":\"https:\\\/\\\/strangercam.com\\\/wp-content\\\/uploads\\\/2020\\\/11\\\/cropped-new-favicon-black.png\",\"width\":512,\"height\":512,\"caption\":\"Strangercam\"},\"image\":{\"@id\":\"https:\\\/\\\/strangercam.com\\\/#\\\/schema\\\/logo\\\/image\\\/\"},\"sameAs\":[\"https:\\\/\\\/www.facebook.com\\\/strangercam\",\"https:\\\/\\\/x.com\\\/strangercamapp\"]}]}<\/script>\n<!-- \/ Yoast SEO plugin. -->","yoast_head_json":{"title":"Declara\u021bie de conformitate 2257 - Strangercam","robots":{"index":"index","follow":"follow","max-snippet":"max-snippet:-1","max-image-preview":"max-image-preview:large","max-video-preview":"max-video-preview:-1"},"canonical":"https:\/\/strangercam.com\/ro\/declaratia-de-conformitate-2257\/","og_locale":"ro_RO","og_type":"article","og_title":"2257 Compliance Statement - Strangercam","og_description":"In accordance with US law 18 U.S.C. Section 2257 (Child Protection and Obscenity Enforcement Act of 1988) and other international acts, all models appearing on services or platforms linked or referenced by Strangercam.com have, to the best of our knowledge, reached the age of 18 years. Affiliate Disclaimer Strangercam.com does not own or operate any [&hellip;]","og_url":"https:\/\/strangercam.com\/ro\/declaratia-de-conformitate-2257\/","og_site_name":"Strangercam","article_publisher":"https:\/\/www.facebook.com\/strangercam","article_modified_time":"2025-06-16T12:18:35+00:00","og_image":[{"width":800,"height":532,"url":"https:\/\/strangercam.com\/wp-content\/uploads\/2021\/10\/Untitled-2.png","type":"image\/png"}],"twitter_card":"summary_large_image","twitter_site":"@strangercamapp","twitter_misc":{"Timp estimat pentru citire":"2 minute"},"schema":{"@context":"https:\/\/schema.org","@graph":[{"@type":"WebPage","@id":"https:\/\/strangercam.com\/2257-compliance-statement\/","url":"https:\/\/strangercam.com\/2257-compliance-statement\/","name":"Declara\u021bie de conformitate 2257 - Strangercam","isPartOf":{"@id":"https:\/\/strangercam.com\/#website"},"datePublished":"2022-03-01T15:29:57+00:00","dateModified":"2025-06-16T12:18:35+00:00","breadcrumb":{"@id":"https:\/\/strangercam.com\/2257-compliance-statement\/#breadcrumb"},"inLanguage":"ro-RO","potentialAction":[{"@type":"ReadAction","target":["https:\/\/strangercam.com\/2257-compliance-statement\/"]}]},{"@type":"BreadcrumbList","@id":"https:\/\/strangercam.com\/2257-compliance-statement\/#breadcrumb","itemListElement":[{"@type":"ListItem","position":1,"name":"Home","item":"https:\/\/strangercam.com\/"},{"@type":"ListItem","position":2,"name":"2257 Compliance Statement"}]},{"@type":"WebSite","@id":"https:\/\/strangercam.com\/#website","url":"https:\/\/strangercam.com\/","name":"Strangercam","description":"Chat video aleatoriu cu str\u0103ini","publisher":{"@id":"https:\/\/strangercam.com\/#organization"},"alternateName":"Strangercam.com","potentialAction":[{"@type":"SearchAction","target":{"@type":"EntryPoint","urlTemplate":"https:\/\/strangercam.com\/?s={search_term_string}"},"query-input":{"@type":"PropertyValueSpecification","valueRequired":true,"valueName":"search_term_string"}}],"inLanguage":"ro-RO"},{"@type":"Organization","@id":"https:\/\/strangercam.com\/#organization","name":"Strangercam","alternateName":"Strangercam.com","url":"https:\/\/strangercam.com\/","logo":{"@type":"ImageObject","inLanguage":"ro-RO","@id":"https:\/\/strangercam.com\/#\/schema\/logo\/image\/","url":"https:\/\/strangercam.com\/wp-content\/uploads\/2020\/11\/cropped-new-favicon-black.png","contentUrl":"https:\/\/strangercam.com\/wp-content\/uploads\/2020\/11\/cropped-new-favicon-black.png","width":512,"height":512,"caption":"Strangercam"},"image":{"@id":"https:\/\/strangercam.com\/#\/schema\/logo\/image\/"},"sameAs":["https:\/\/www.facebook.com\/strangercam","https:\/\/x.com\/strangercamapp"]}]}},"_links":{"self":[{"href":"https:\/\/strangercam.com\/ro\/wp-json\/wp\/v2\/pages\/9827","targetHints":{"allow":["GET"]}}],"collection":[{"href":"https:\/\/strangercam.com\/ro\/wp-json\/wp\/v2\/pages"}],"about":[{"href":"https:\/\/strangercam.com\/ro\/wp-json\/wp\/v2\/types\/page"}],"author":[{"embeddable":true,"href":"https:\/\/strangercam.com\/ro\/wp-json\/wp\/v2\/users\/1"}],"replies":[{"embeddable":true,"href":"https:\/\/strangercam.com\/ro\/wp-json\/wp\/v2\/comments?post=9827"}],"version-history":[{"count":1,"href":"https:\/\/strangercam.com\/ro\/wp-json\/wp\/v2\/pages\/9827\/revisions"}],"predecessor-version":[{"id":12877,"href":"https:\/\/strangercam.com\/ro\/wp-json\/wp\/v2\/pages\/9827\/revisions\/12877"}],"wp:attachment":[{"href":"https:\/\/strangercam.com\/ro\/wp-json\/wp\/v2\/media?parent=9827"}],"curies":[{"name":"wp","href":"https:\/\/api.w.org\/{rel}","templated":true}]}}