{"id":9038,"date":"2025-09-29T10:37:31","date_gmt":"2025-09-29T08:37:31","guid":{"rendered":"https:\/\/strangercam.com\/?page_id=9038"},"modified":"2025-09-29T12:03:57","modified_gmt":"2025-09-29T10:03:57","slug":"chat-online-gratuit","status":"publish","type":"page","link":"https:\/\/strangercam.com\/ro\/free-online-chat\/","title":{"rendered":"Chat online gratuit"},"content":{"rendered":"<p>Sunte\u021bi \u00een c\u0103utarea pentru Free Online <a href=\"https:\/\/strangercam.com\/ro\/chathub\/\">Chat<\/a>? Nu sunte\u021bi singuri. Milioane de oameni tasteaz\u0103 \u00een fiecare lun\u0103 exact aceste cuvinte \u00een Google, c\u0103ut\u00e2nd o modalitate rapid\u0103, sigur\u0103 \u0219i gratuit\u0103 de a <a href=\"https:\/\/strangercam.com\/ro\/coomeet\/\">\u00eent\u00e2lnire<\/a> oameni noi online. Spre deosebire de re\u021belele sociale sau aplica\u021biile de \u00eent\u00e2lniri care necesit\u0103 \u00eenscrieri \u00eendelungate, platformele gratuite de chat online v\u0103 permit s\u0103 v\u0103 conecta\u021bi instantaneu, f\u0103r\u0103 complica\u021bii.<\/p>\n<p>\u00cen 2025, platforme precum StrangerCam faciliteaz\u0103 mai mult ca niciodat\u0103 \u00eenceperea chat-ului gratuit, f\u0103r\u0103 desc\u0103rc\u0103ri sau costuri ascunse. Fie c\u0103 dori\u021bi conversa\u021bii ocazionale, prietenii globale sau flirturi u\u0219oare, chat-ul online gratuit este \u00eenc\u0103 una dintre cele mai interesante modalit\u0103\u021bi de a v\u0103 conecta online.<\/p>\n<p>Acest ghid va acoperi tot ce trebuie s\u0103 \u0219ti\u021bi: ce este chat-ul online gratuit, de ce este at\u00e2t de popular, cum func\u021bioneaz\u0103, istoria sa, ce caracteristici conteaz\u0103 cel mai mult, platformele de top, sfaturi de siguran\u021b\u0103 \u0219i de ce StrangerCam este una dintre cele mai bune op\u021biuni din prezent.<\/p>\n<h2>Ce este chat-ul online gratuit?<\/h2>\n<p>Chat-ul online gratuit se refer\u0103 la platformele digitale unde pute\u021bi vorbi instantaneu cu oameni prin text sau video, f\u0103r\u0103 a pl\u0103ti taxe sau a crea profiluri lungi. Ideea este simpl\u0103: face\u021bi clic pe un buton \u0219i sunte\u021bi conectat cu cineva nou - oric\u00e2nd, oriunde.<\/p>\n<p>Spre deosebire de re\u021belele de socializare tradi\u021bionale sau de aplica\u021biile de \u00eent\u00e2lniri, platformele de chat gratuit sunt bazate pe spontaneitate. Acestea nu necesit\u0103 glisare, algoritmi sau profiluri personalizate. \u00cen schimb, acestea ofer\u0103 interac\u021biune \u00een timp real cu str\u0103ini din \u00eentreaga lume.<\/p>\n<h2>De ce iubesc oamenii chat-ul online gratuit<\/h2>\n<p>Expresia \"chat online gratuit\" a r\u0103mas popular\u0103 timp de decenii deoarece:<\/p>\n<ul>\n<li>Conexiune instantanee: Nu trebuie s\u0103 a\u0219tepta\u021bi meciuri sau r\u0103spunsuri.<\/li>\n<li>Prietenii globale: Face\u021bi cuno\u0219tin\u021b\u0103 cu oameni din peste 100 de \u021b\u0103ri.<\/li>\n<li>Varietate de conversa\u021bii: De la glume ocazionale la discu\u021bii mai profunde.<\/li>\n<li>Accesibilitate: Acces cu adev\u0103rat gratuit, f\u0103r\u0103 ziduri de plat\u0103 ascunse.<\/li>\n<li>Spontaneitate: Fiecare discu\u021bie este unic\u0103 \u0219i imprevizibil\u0103.<\/li>\n<li>Flexibilitate: Op\u021biuni pentru chat text sau video live.<\/li>\n<\/ul>\n<p>Este combina\u021bia perfect\u0103 de distrac\u021bie, autenticitate \u0219i accesibilitate.<\/p>\n<h2>Cum func\u021bioneaz\u0103 chat-ul online gratuit<\/h2>\n<p>Procesul este simplu:<\/p>\n<ol>\n<li>Deschide\u021bi o platform\u0103 de chat precum StrangerCam.<\/li>\n<li>Alege\u021bi modul de chat (chat text sau video).<\/li>\n<li>Permite\u021bi accesul camerei foto\/microfonului pentru video.<\/li>\n<li>Face\u021bi clic pe \"Start Chat\".<\/li>\n<li>Conecta\u021bi-v\u0103 instantaneu cu cineva din \u00eentreaga lume.<\/li>\n<li>Face\u021bi clic pe \"Urm\u0103torul\" oric\u00e2nd pentru a cunoa\u0219te pe cineva nou.<\/li>\n<\/ol>\n<p>Unele site-uri adaug\u0103 \u0219i func\u021bii precum filtre, chat-uri de grup sau instrumente de traducere.<\/p>\n<h2>Caracteristici de c\u0103utat<\/h2>\n<p>Atunci c\u00e2nd alege\u021bi un site de chat online gratuit, asigura\u021bi-v\u0103 c\u0103 acesta include:<\/p>\n<ul>\n<li>Acces cu adev\u0103rat gratuit - Evita\u021bi site-urile care ascund func\u021bii \u00een spatele unor ziduri cu plat\u0103.<\/li>\n<li>Nu este necesar\u0103 \u00eenscrierea - R\u0103m\u00e2i anonim, conecteaz\u0103-te instantaneu.<\/li>\n<li>Op\u021biuni video \u0219i text - Flexibilitate pentru diferite st\u0103ri de spirit.<\/li>\n<li>Design prietenos pentru telefoane mobile - u\u0219or de utilizat pe telefoane \u0219i tablete.<\/li>\n<li>Moderare puternic\u0103 - Mai sigur dec\u00e2t camerele de chat de \u0219coal\u0103 veche.<\/li>\n<li>Baza global\u0103 de utilizatori - Mai mul\u021bi oameni \u00eenseamn\u0103 mai mult\u0103 distrac\u021bie.<\/li>\n<\/ul>\n<h2>Cele mai bune platforme gratuite de chat online \u00een 2025<\/h2>\n<p>Iat\u0103 o compara\u021bie a celor mai bune site-uri de chat gratuite de ast\u0103zi:<\/p>\n<table>\n<thead>\n<tr>\n<th>Platform\u0103<\/th>\n<th align=\"center\">Acces gratuit<\/th>\n<th align=\"center\">\u00cenregistrare necesar\u0103<\/th>\n<th align=\"center\">Chat video<\/th>\n<th align=\"center\">Asisten\u021b\u0103 mobil\u0103<\/th>\n<th align=\"center\">Modera\u021bie<\/th>\n<th>Note<\/th>\n<\/tr>\n<\/thead>\n<tbody>\n<tr>\n<td>StrangerCam<\/td>\n<td align=\"center\">\u2705<\/td>\n<td align=\"center\">\u274c<\/td>\n<td align=\"center\">\u2705<\/td>\n<td align=\"center\">\u2705<\/td>\n<td align=\"center\">\u2705<\/td>\n<td>Cea mai bun\u0103 alegere: gratuit, instant, sigur<\/td>\n<\/tr>\n<tr>\n<td><a href=\"https:\/\/strangercam.com\/ro\/chatroulette\/\">Chatroulette<\/a><\/td>\n<td align=\"center\">\u2705<\/td>\n<td align=\"center\">\u274c<\/td>\n<td align=\"center\">\u2705<\/td>\n<td align=\"center\">\u2705<\/td>\n<td align=\"center\">\u2705<\/td>\n<td>Caracteristici clasice, dar limitate<\/td>\n<\/tr>\n<tr>\n<td>Chatrandom<\/td>\n<td align=\"center\">\u2705<\/td>\n<td align=\"center\">\u274c<\/td>\n<td align=\"center\">\u2705<\/td>\n<td align=\"center\">\u2705<\/td>\n<td align=\"center\">\u2705<\/td>\n<td>Baza mare de utilizatori, \u00eempinge actualiz\u0103rile<\/td>\n<\/tr>\n<tr>\n<td><a href=\"https:\/\/strangercam.com\/ro\/ometv\/\">OmeTV<\/a><\/td>\n<td align=\"center\">\u2705<\/td>\n<td align=\"center\">\u274c<\/td>\n<td align=\"center\">\u2705<\/td>\n<td align=\"center\">\u2705<\/td>\n<td align=\"center\">\u2705<\/td>\n<td>Prima aplica\u021bie mobil\u0103 pentru chat aleatoriu<\/td>\n<\/tr>\n<tr>\n<td>Shagle<\/td>\n<td align=\"center\">\u2705<\/td>\n<td align=\"center\">\u274c<\/td>\n<td align=\"center\">\u2705<\/td>\n<td align=\"center\">\u2705<\/td>\n<td align=\"center\">\u2705<\/td>\n<td>Intrare liber\u0103, filtre premium blocate<\/td>\n<\/tr>\n<tr>\n<td>WireClub<\/td>\n<td align=\"center\">\u2705<\/td>\n<td align=\"center\">\u2705<\/td>\n<td align=\"center\">\u274c<\/td>\n<td align=\"center\">\u2705<\/td>\n<td align=\"center\">\u2705<\/td>\n<td>Chatrooms text mai tradi\u021bionale<\/td>\n<\/tr>\n<\/tbody>\n<\/table>\n<p>StrangerCam este una dintre pu\u021binele platforme care combin\u0103 accesul gratuit nelimitat, f\u0103r\u0103 \u00eenscriere \u0219i op\u021biuni de chat video + text.<\/p>\n<h2>De ce StrangerCam este cea mai bun\u0103 op\u021biune de chat online gratuit<\/h2>\n<p>Iat\u0103 de ce StrangerCam este cea mai bun\u0103 alegere pentru chat online gratuit \u00een 2025:<\/p>\n<h3>1. Complet gratuit<\/h3>\n<p>F\u0103r\u0103 costuri ascunse, teste sau sisteme de creditare.<\/p>\n<h3>2. Nu este necesar\u0103 \u00eenscrierea<\/h3>\n<p>R\u0103m\u00e2ne\u021bi anonim \u0219i discuta\u021bi instantaneu.<\/p>\n<h3>3. Text + op\u021biuni video<\/h3>\n<p>Comuta\u021bi \u00eentre moduri \u00een func\u021bie de nivelul dvs. de confort.<\/p>\n<h3>4. Sigur \u0219i moderat<\/h3>\n<p>Instrumente de siguran\u021b\u0103 mai bune dec\u00e2t camerele de chat de \u0219coal\u0103 veche.<\/p>\n<h3>5. Gata pentru mobil \u0219i desktop<\/h3>\n<p>Optimizat pentru toate dispozitivele.<\/p>\n<h3>6. Atingerea global\u0103<\/h3>\n<p>Face\u021bi cuno\u0219tin\u021b\u0103 cu oameni din peste 100 de \u021b\u0103ri, 24\/7.<\/p>\n<h2>Testimoniale reale ale utilizatorilor<\/h2>\n<blockquote><p>\"Am c\u0103utat Free Online Chat \u0219i am g\u0103sit StrangerCam. A fost instantaneu, distractiv \u0219i am cunoscut oameni din \u00eentreaga lume.\"<br \/>\n- Jake, 25 de ani<\/p><\/blockquote>\n<blockquote><p>\"\u00cemi place c\u0103 nu trebuie s\u0103 m\u0103 \u00eenscriu sau s\u0103 dau informa\u021bii personale. Este cu adev\u0103rat gratuit.\"<br \/>\n- Sophia, 22 de ani<\/p><\/blockquote>\n<blockquote><p>\"Se simte sigur \u0219i simplu. Butonul de salt faciliteaz\u0103 trecerea mai departe.\"<br \/>\n- Ryan, 30 de ani<\/p><\/blockquote>\n<blockquote><p>\"Spre deosebire de vechile camere de chat, aceasta pare modern\u0103 \u0219i moderat\u0103. Chat-ul online gratuit func\u021bioneaz\u0103 \u00een sf\u00e2r\u0219it.\"<br \/>\n- Emma, 20 de ani<\/p><\/blockquote>\n<h2>Psihologia chat-ului online gratuit<\/h2>\n<p>De ce este chat-ul online gratuit \u00eenc\u0103 at\u00e2t de popular \u00een 2025? Acesta r\u0103spunde la trei nevoi umane universale:<\/p>\n<ol>\n<li>Gratificare instantanee: Ne dorim o conexiune imediat\u0103, f\u0103r\u0103 a\u0219teptare.<\/li>\n<li>Noutate: Fiecare str\u0103in aduce o nou\u0103 conversa\u021bie, men\u021bin\u00e2nd lucrurile interesante.<\/li>\n<li>Accesibilitate: Ad\u0103ugarea \"gratuit\" \u00eel face accesibil oricui, oriunde.<\/li>\n<\/ol>\n<p>Acest lucru explic\u0103 de ce termenul r\u0103m\u00e2ne foarte c\u0103utat an dup\u0103 an.<\/p>\n<h2>Sfaturi de siguran\u021b\u0103 pentru chat online gratuit<\/h2>\n<p>De\u0219i chat-ul online este distractiv, siguran\u021ba trebuie s\u0103 fie \u00eentotdeauna pe primul loc:<\/p>\n<ul>\n<li>Nu \u00eemp\u0103rt\u0103\u0219i\u021bi niciodat\u0103 informa\u021bii personale (telefon, adres\u0103, locul de munc\u0103).<\/li>\n<li>Evita\u021bi s\u0103 da\u021bi clic pe linkuri de la necunoscu\u021bi.<\/li>\n<li>Folosi\u021bi Skip\/Block dac\u0103 cineva v\u0103 face s\u0103 v\u0103 sim\u021bi\u021bi inconfortabil.<\/li>\n<li>Verifica\u021bi fundalul camerei \u00eenainte de a intra \u00een direct.<\/li>\n<li>R\u0103m\u00e2ne\u021bi la porecle, nu la nume reale.<\/li>\n<li>Respecta\u021bi limitele de v\u00e2rst\u0103 - nu folosi\u021bi chat pentru adul\u021bi dac\u0103 ave\u021bi sub 18 ani.<\/li>\n<\/ul>\n<h2>Cum s\u0103 \u00eencepe\u021bi - pas cu pas<\/h2>\n<p>Este nevoie de doar c\u00e2teva secunde pentru a \u00eencepe un chat online gratuit:<\/p>\n<ol>\n<li>Deschide\u021bi StrangerCam pe browserul sau dispozitivul dvs.<\/li>\n<li>Alege\u021bi modul de chat: text sau video.<\/li>\n<li>Permite\u021bi accesul camerei foto\/microfonului (pentru video).<\/li>\n<li>Face\u021bi clic pe Start Chat.<\/li>\n<li>Face\u021bi cuno\u0219tin\u021b\u0103 cu oameni noi instantaneu - ap\u0103sa\u021bi Next oric\u00e2nd pentru a comuta.<\/li>\n<\/ol>\n<p>\u00cen 2025, chat-ul online gratuit r\u0103m\u00e2ne una dintre cele mai rapide, mai simple \u0219i mai distractive modalit\u0103\u021bi de a cunoa\u0219te oameni online. Spre deosebire de aplica\u021biile de dating sau de social media, chat-ul este instantaneu, global \u0219i spontan.<\/p>\n<p>Platforme precum StrangerCam o fac mai bun\u0103 ca niciodat\u0103: cu adev\u0103rat gratuit\u0103, sigur\u0103 \u0219i plin\u0103 de utilizatori reali din \u00eentreaga lume. Fie c\u0103 e\u0219ti \u00een c\u0103utare de prieteni, distrac\u021bie ocazional\u0103 sau doar o conversa\u021bie pentru a \u00eenvinge plictiseala, chat-ul online gratuit este \u00eentotdeauna la doar un clic distan\u021b\u0103.<\/p>\n<p>E\u0219ti gata s\u0103 te conectezi? \u00cencepe\u021bi un chat online gratuit ast\u0103zi \u0219i descoperi\u021bi cu cine v\u0103 ve\u021bi \u00eent\u00e2lni \u00een continuare.<\/p>","protected":false},"excerpt":{"rendered":"<p>Are you searching for Free Online Chat? You\u2019re not alone. Millions of people every month type those exact words into Google, looking for a quick, safe, and free way to meet new people online. Unlike social networks or dating apps that require lengthy signups, free online chat platforms let you connect instantly\u2014without the hassle. In [&hellip;]<\/p>\n","protected":false},"author":8,"featured_media":0,"parent":0,"menu_order":0,"comment_status":"closed","ping_status":"closed","template":"","meta":{"footnotes":""},"class_list":["post-9038","page","type-page","status-publish","hentry"],"yoast_head":"<!-- This site is optimized with the Yoast SEO plugin v27.4 - https:\/\/yoast.com\/product\/yoast-seo-wordpress\/ -->\n<title>Free Online Chat with Video Chat on Strangercam.com<\/title>\n<meta name=\"description\" content=\"Liking Free Online Chat? Join millions on StrangerCam.com! Start a random video chat, turn on your cam, and meet strangers instantly.\" \/>\n<meta name=\"robots\" content=\"index, follow, max-snippet:-1, max-image-preview:large, max-video-preview:-1\" \/>\n<link rel=\"canonical\" href=\"https:\/\/strangercam.com\/ro\/chat-online-gratuit\/\" \/>\n<meta property=\"og:locale\" content=\"ro_RO\" \/>\n<meta property=\"og:type\" content=\"article\" \/>\n<meta property=\"og:title\" content=\"Free Online Chat with Video Chat on Strangercam.com\" \/>\n<meta property=\"og:description\" content=\"Liking Free Online Chat? Join millions on StrangerCam.com! Start a random video chat, turn on your cam, and meet strangers instantly.\" \/>\n<meta property=\"og:url\" content=\"https:\/\/strangercam.com\/ro\/chat-online-gratuit\/\" \/>\n<meta property=\"og:site_name\" content=\"Strangercam\" \/>\n<meta property=\"article:publisher\" content=\"https:\/\/www.facebook.com\/strangercam\" \/>\n<meta property=\"article:modified_time\" content=\"2025-09-29T10:03:57+00:00\" \/>\n<meta property=\"og:image\" content=\"https:\/\/strangercam.com\/wp-content\/uploads\/2021\/10\/Untitled-2.png\" \/>\n\t<meta property=\"og:image:width\" content=\"800\" \/>\n\t<meta property=\"og:image:height\" content=\"532\" \/>\n\t<meta property=\"og:image:type\" content=\"image\/png\" \/>\n<meta name=\"twitter:card\" content=\"summary_large_image\" \/>\n<meta name=\"twitter:site\" content=\"@strangercamapp\" \/>\n<meta name=\"twitter:label1\" content=\"Timp estimat pentru citire\" \/>\n\t<meta name=\"twitter:data1\" content=\"4 minute\" \/>\n<script type=\"application\/ld+json\" class=\"yoast-schema-graph\">{\"@context\":\"https:\\\/\\\/schema.org\",\"@graph\":[{\"@type\":\"WebPage\",\"@id\":\"https:\\\/\\\/strangercam.com\\\/free-online-chat\\\/\",\"url\":\"https:\\\/\\\/strangercam.com\\\/free-online-chat\\\/\",\"name\":\"Free Online Chat with Video Chat on Strangercam.com\",\"isPartOf\":{\"@id\":\"https:\\\/\\\/strangercam.com\\\/#website\"},\"datePublished\":\"2025-09-29T08:37:31+00:00\",\"dateModified\":\"2025-09-29T10:03:57+00:00\",\"description\":\"Liking Free Online Chat? Join millions on StrangerCam.com! Start a random video chat, turn on your cam, and meet strangers instantly.\",\"breadcrumb\":{\"@id\":\"https:\\\/\\\/strangercam.com\\\/free-online-chat\\\/#breadcrumb\"},\"inLanguage\":\"ro-RO\",\"potentialAction\":[{\"@type\":\"ReadAction\",\"target\":[\"https:\\\/\\\/strangercam.com\\\/free-online-chat\\\/\"]}]},{\"@type\":\"BreadcrumbList\",\"@id\":\"https:\\\/\\\/strangercam.com\\\/free-online-chat\\\/#breadcrumb\",\"itemListElement\":[{\"@type\":\"ListItem\",\"position\":1,\"name\":\"Home\",\"item\":\"https:\\\/\\\/strangercam.com\\\/\"},{\"@type\":\"ListItem\",\"position\":2,\"name\":\"Free Online Chat\"}]},{\"@type\":\"WebSite\",\"@id\":\"https:\\\/\\\/strangercam.com\\\/#website\",\"url\":\"https:\\\/\\\/strangercam.com\\\/\",\"name\":\"Strangercam\",\"description\":\"Random Video Chat with Strangers\",\"publisher\":{\"@id\":\"https:\\\/\\\/strangercam.com\\\/#organization\"},\"alternateName\":\"Strangercam.com\",\"potentialAction\":[{\"@type\":\"SearchAction\",\"target\":{\"@type\":\"EntryPoint\",\"urlTemplate\":\"https:\\\/\\\/strangercam.com\\\/?s={search_term_string}\"},\"query-input\":{\"@type\":\"PropertyValueSpecification\",\"valueRequired\":true,\"valueName\":\"search_term_string\"}}],\"inLanguage\":\"ro-RO\"},{\"@type\":\"Organization\",\"@id\":\"https:\\\/\\\/strangercam.com\\\/#organization\",\"name\":\"Strangercam\",\"alternateName\":\"Strangercam.com\",\"url\":\"https:\\\/\\\/strangercam.com\\\/\",\"logo\":{\"@type\":\"ImageObject\",\"inLanguage\":\"ro-RO\",\"@id\":\"https:\\\/\\\/strangercam.com\\\/#\\\/schema\\\/logo\\\/image\\\/\",\"url\":\"https:\\\/\\\/strangercam.com\\\/wp-content\\\/uploads\\\/2020\\\/11\\\/cropped-new-favicon-black.png\",\"contentUrl\":\"https:\\\/\\\/strangercam.com\\\/wp-content\\\/uploads\\\/2020\\\/11\\\/cropped-new-favicon-black.png\",\"width\":512,\"height\":512,\"caption\":\"Strangercam\"},\"image\":{\"@id\":\"https:\\\/\\\/strangercam.com\\\/#\\\/schema\\\/logo\\\/image\\\/\"},\"sameAs\":[\"https:\\\/\\\/www.facebook.com\\\/strangercam\",\"https:\\\/\\\/x.com\\\/strangercamapp\"]}]}<\/script>\n<!-- \/ Yoast SEO plugin. -->","yoast_head_json":{"title":"Chat online gratuit cu video chat pe Strangercam.com","description":"\u00ce\u021bi place chat-ul online gratuit? Join milioane pe StrangerCam.com! \u00cencepe un chat video aleatoriu, porne\u0219te-\u021bi camera \u0219i \u00eent\u00e2lne\u0219te str\u0103ini instantaneu.","robots":{"index":"index","follow":"follow","max-snippet":"max-snippet:-1","max-image-preview":"max-image-preview:large","max-video-preview":"max-video-preview:-1"},"canonical":"https:\/\/strangercam.com\/ro\/chat-online-gratuit\/","og_locale":"ro_RO","og_type":"article","og_title":"Free Online Chat with Video Chat on Strangercam.com","og_description":"Liking Free Online Chat? Join millions on StrangerCam.com! Start a random video chat, turn on your cam, and meet strangers instantly.","og_url":"https:\/\/strangercam.com\/ro\/chat-online-gratuit\/","og_site_name":"Strangercam","article_publisher":"https:\/\/www.facebook.com\/strangercam","article_modified_time":"2025-09-29T10:03:57+00:00","og_image":[{"width":800,"height":532,"url":"https:\/\/strangercam.com\/wp-content\/uploads\/2021\/10\/Untitled-2.png","type":"image\/png"}],"twitter_card":"summary_large_image","twitter_site":"@strangercamapp","twitter_misc":{"Timp estimat pentru citire":"4 minute"},"schema":{"@context":"https:\/\/schema.org","@graph":[{"@type":"WebPage","@id":"https:\/\/strangercam.com\/free-online-chat\/","url":"https:\/\/strangercam.com\/free-online-chat\/","name":"Chat online gratuit cu video chat pe Strangercam.com","isPartOf":{"@id":"https:\/\/strangercam.com\/#website"},"datePublished":"2025-09-29T08:37:31+00:00","dateModified":"2025-09-29T10:03:57+00:00","description":"\u00ce\u021bi place chat-ul online gratuit? Join milioane pe StrangerCam.com! \u00cencepe un chat video aleatoriu, porne\u0219te-\u021bi camera \u0219i \u00eent\u00e2lne\u0219te str\u0103ini instantaneu.","breadcrumb":{"@id":"https:\/\/strangercam.com\/free-online-chat\/#breadcrumb"},"inLanguage":"ro-RO","potentialAction":[{"@type":"ReadAction","target":["https:\/\/strangercam.com\/free-online-chat\/"]}]},{"@type":"BreadcrumbList","@id":"https:\/\/strangercam.com\/free-online-chat\/#breadcrumb","itemListElement":[{"@type":"ListItem","position":1,"name":"Home","item":"https:\/\/strangercam.com\/"},{"@type":"ListItem","position":2,"name":"Free Online Chat"}]},{"@type":"WebSite","@id":"https:\/\/strangercam.com\/#website","url":"https:\/\/strangercam.com\/","name":"Strangercam","description":"Chat video aleatoriu cu str\u0103ini","publisher":{"@id":"https:\/\/strangercam.com\/#organization"},"alternateName":"Strangercam.com","potentialAction":[{"@type":"SearchAction","target":{"@type":"EntryPoint","urlTemplate":"https:\/\/strangercam.com\/?s={search_term_string}"},"query-input":{"@type":"PropertyValueSpecification","valueRequired":true,"valueName":"search_term_string"}}],"inLanguage":"ro-RO"},{"@type":"Organization","@id":"https:\/\/strangercam.com\/#organization","name":"Strangercam","alternateName":"Strangercam.com","url":"https:\/\/strangercam.com\/","logo":{"@type":"ImageObject","inLanguage":"ro-RO","@id":"https:\/\/strangercam.com\/#\/schema\/logo\/image\/","url":"https:\/\/strangercam.com\/wp-content\/uploads\/2020\/11\/cropped-new-favicon-black.png","contentUrl":"https:\/\/strangercam.com\/wp-content\/uploads\/2020\/11\/cropped-new-favicon-black.png","width":512,"height":512,"caption":"Strangercam"},"image":{"@id":"https:\/\/strangercam.com\/#\/schema\/logo\/image\/"},"sameAs":["https:\/\/www.facebook.com\/strangercam","https:\/\/x.com\/strangercamapp"]}]}},"_links":{"self":[{"href":"https:\/\/strangercam.com\/ro\/wp-json\/wp\/v2\/pages\/9038","targetHints":{"allow":["GET"]}}],"collection":[{"href":"https:\/\/strangercam.com\/ro\/wp-json\/wp\/v2\/pages"}],"about":[{"href":"https:\/\/strangercam.com\/ro\/wp-json\/wp\/v2\/types\/page"}],"author":[{"embeddable":true,"href":"https:\/\/strangercam.com\/ro\/wp-json\/wp\/v2\/users\/8"}],"replies":[{"embeddable":true,"href":"https:\/\/strangercam.com\/ro\/wp-json\/wp\/v2\/comments?post=9038"}],"version-history":[{"count":2,"href":"https:\/\/strangercam.com\/ro\/wp-json\/wp\/v2\/pages\/9038\/revisions"}],"predecessor-version":[{"id":13049,"href":"https:\/\/strangercam.com\/ro\/wp-json\/wp\/v2\/pages\/9038\/revisions\/13049"}],"wp:attachment":[{"href":"https:\/\/strangercam.com\/ro\/wp-json\/wp\/v2\/media?parent=9038"}],"curies":[{"name":"wp","href":"https:\/\/api.w.org\/{rel}","templated":true}]}}