{"id":881,"date":"2020-12-02T19:15:37","date_gmt":"2020-12-02T17:15:37","guid":{"rendered":"https:\/\/strangercam.com\/?page_id=881"},"modified":"2023-08-21T12:34:45","modified_gmt":"2023-08-21T10:34:45","slug":"ometv","status":"publish","type":"page","link":"https:\/\/strangercam.com\/ro\/ometv\/","title":{"rendered":"OmeTV"},"content":{"rendered":"<p>OmeTV este un <a href=\"https:\/\/strangercam.com\/ro\/rabbit-video-chat\/\">video<\/a> <a href=\"https:\/\/strangercam.com\/ro\/chatroulette\/\">chat<\/a> site \u0219i aplica\u021bie cu ajutorul c\u0103rora pute\u021bi vorbi cu str\u0103inii. Acest site v\u0103 permite s\u0103 vorbi\u021bi cu orice str\u0103in aleatoriu printr-un simplu clic pe un buton. Site-ul spune c\u0103 este cea mai bun\u0103 alternativ\u0103 la <a href=\"https:\/\/strangercam.com\/ro\/omegle\/\">Omegle<\/a> Tv. Aplica\u021bia pentru OmeTv este disponibil\u0103 pentru Android \u0219i iOS.<\/p>\n<p>Zi sau noapte, nu conteaz\u0103 at\u00e2ta timp c\u00e2t dori\u021bi s\u0103 discuta\u021bi; OmeTv este acolo pentru a v\u0103 oferi multe oportunit\u0103\u021bi. Aproximativ 10 milioane de persoane sunt \u00eenregistrate pe OmeTv. Pute\u021bi conversa liber cu aceste persoane. Platforma v\u0103 permite, de asemenea, s\u0103 selecta\u021bi \u0219i s\u0103 alege\u021bi din milioane de persoane.<\/p>\n<p>Singurul lor scop este s\u0103 fac\u0103 oamenii <a href=\"https:\/\/strangercam.com\/ro\/coomeet\/\">\u00eent\u00e2lnire<\/a> din ce \u00een ce mai mul\u021bi oameni; ei pot bea cafea virtual din confortul casei lor sau \u00ee\u0219i pot \u00eemp\u0103rt\u0103\u0219i sentimentele cu ei. Folosind aceast\u0103 aplica\u021bie, nu v\u0103 ve\u021bi sim\u021bi niciodat\u0103 singuri. Ea v\u0103 ofer\u0103 \u0219ansa de a v\u0103 face noi prieteni.<\/p>\n<h3>Limita de v\u00e2rst\u0103 pentru OmeTV - respectat\u0103 sau ignorat\u0103?<\/h3>\n<p>Unul dintre cele mai deranjante lucruri \u00een leg\u0103tur\u0103 cu aplica\u021bia este c\u0103, de\u0219i informeaz\u0103 c\u0103 utilizatorul trebuie s\u0103 aib\u0103 peste 18 ani, nu se face nicio verificare pentru a valida acest lucru. S-a constatat c\u0103 aplica\u021bia a fost utilizat\u0103 de mul\u021bi adolescen\u021bi sub 18 ani.<\/p>\n<p>Nu ave\u021bi nevoie de un cont pe OmeTv; trebuie doar s\u0103 v\u0103 conecta\u021bi prin Facebook \u0219i sunte\u021bi gata s\u0103 discuta\u021bi cu un str\u0103in oarecare.<\/p>\n<h3>Ce te poate face s\u0103 fii interzis?<\/h3>\n<p>Aplica\u021bia vine cu mai multe restric\u021bii. Pentru efectuarea ac\u021biunilor men\u021bionate mai jos, pute\u021bi fi interzis.<\/p>\n<ul>\n<li style=\"font-weight: 400;\" aria-level=\"1\">Cerere pentru virtual <a href=\"https:\/\/strangercam.com\/ro\/shagle\/\">sex<\/a> sau nuditate.<\/li>\n<li style=\"font-weight: 400;\" aria-level=\"1\">Afi\u0219area de imagini \u0219i videoclipuri inacceptabile.<\/li>\n<li style=\"font-weight: 400;\" aria-level=\"1\">Activit\u0103\u021bi lipsite de respect, cum ar fi vulgaritatea, insultele la adresa religiei sau rasei, comentariile depresive etc.<\/li>\n<li style=\"font-weight: 400;\" aria-level=\"1\">Spamming-ul nu este permis. Aplica\u021bia v\u0103 interzice s\u0103 partaja\u021bi linkuri c\u0103tre alte site-uri web.<\/li>\n<\/ul>\n<h3>Termeni \u0219i condi\u021bii<\/h3>\n<p>OmeTv a men\u021bionat \u00een mod clar c\u0103 v\u0103 poate utiliza videoclipurile oriunde. \u00cen conformitate cu termenii \u0219i condi\u021biile lor, pute\u021bi p\u0103stra drepturile de autor, dar nu ave\u021bi niciun cuv\u00e2nt de spus cu privire la ce \u0219i unde va fi difuzat con\u021binutul videoclipurilor dvs.<\/p>\n<p>OmeTv nu este dispus s\u0103 accepte nicio r\u0103spundere asupra sa. Acesta spune c\u0103 utilizatorii sunt singurii responsabili pentru orice ar putea merge prost.<\/p>\n<h3>Politica de confiden\u021bialitate<\/h3>\n<p>Compania se angajeaz\u0103 s\u0103 v\u0103 protejeze informa\u021biile personale \u0219i s\u0103 protejeze drepturile de confiden\u021bialitate. Confiden\u021bialitatea este un drept fundamental al fiec\u0103rei fiin\u021be umane. \u00cenc\u0103lcarea acestui drept duce la multe complica\u021bii. Pentru a evita orice astfel de dificult\u0103\u021bi, din prima zi, OmeTv a dezvoltat aceast\u0103 strategie strict\u0103.<\/p>\n<p>Site-ul web \u00ee\u0219i asum\u0103 responsabilitatea pentru prelucrarea datelor dvs. at\u00e2ta timp c\u00e2t ac\u021bioneaz\u0103 \u00een calitate de operator de date. Acestea pot avea nevoie de informa\u021bii de baz\u0103, cum ar fi fotografia de profil, numele, num\u0103rul de telefon, adresa \u0219i fusul orar, atunci c\u00e2nd crea\u021bi un profil dintr-un cont de social media.<\/p>\n<p>Site-ul web nu inten\u021bioneaz\u0103 s\u0103 ob\u021bin\u0103 alte informa\u021bii sau acces la datele dvs. dec\u00e2t acestea. Chiar \u0219i acest lucru este f\u0103cut pentru a v\u0103 face experien\u021ba pe site mai u\u0219oar\u0103.<\/p>\n<p>Informa\u021biile dvs. personale pot fi partajate cu urm\u0103toarele;<\/p>\n<ul>\n<li style=\"font-weight: 400;\" aria-level=\"1\">Deoarece este o aplica\u021bie de \u00eent\u00e2lniri, de aceea, informa\u021biile dvs. personale, cum ar fi numele, v\u00e2rsta, sexul, loca\u021bia, imaginile dvs. publice pot fi vizibile pentru al\u021bi utilizatori.<\/li>\n<li style=\"font-weight: 400;\" aria-level=\"1\">Site-ul web poate divulga informa\u021biile \u0219i datele dvs. cu caracter personal asigur\u0103torilor. Aceste date pot fi, de asemenea, partajate cu b\u0103nci \u0219i consilieri profesioni\u0219ti pentru acoperirea sumelor de asigurare \u0219i gestionarea costurilor.<\/li>\n<li style=\"font-weight: 400;\" aria-level=\"1\">Datele tranzac\u021biei dvs. vor fi partajate cu furnizorii de pl\u0103\u021bi ai site-ului, precum Google, PayPal, Interkassa, SecurionPay, Apple \u0219i SMSBILL.<\/li>\n<\/ul>\n<h3>Alte probleme<\/h3>\n<p>Exist\u0103 anumite caracteristici \u00een aplica\u021bie care sunt problematice. Are un mod spion, cu ajutorul c\u0103ruia o ter\u021b\u0103 persoan\u0103 poate asculta o discu\u021bie privat\u0103. Spycam reprezint\u0103 un risc considerabil pentru via\u021ba privat\u0103 a oric\u0103rei persoane. Deoarece este anonim\u0103, poate scoate la iveal\u0103 ce este mai r\u0103u \u00een oameni. Poate fi utilizat\u0103 chiar \u0219i pentru \u0219antaj.<\/p>\n<p>\u00cen plus, doar c\u00e2teva zeci de moderatori verific\u0103 con\u021binutul. Ei nu sunt suficien\u021bi pentru a detecta dac\u0103 traficul masiv de 10 milioane este sigur. Se spune adesea c\u0103 traficul mai extins este mai bun pentru site-urile de matrimoniale. Dar este, de asemenea, o provocare s\u0103 gestionezi acest trafic. Mul\u021bi hackeri \u0219i infractori se pot al\u0103tura platformei, de asemenea, din cauza controlului \u0219i echilibrului reduse.<\/p>\n<p>Restric\u021biile 18+ par s\u0103 fie absente de pe site. Mul\u021bi adolescen\u021bi sub 18 ani au intrat pe site. To\u021bi sunt expu\u0219i la lumea exterioar\u0103. Acest lucru poate fi periculos pentru ei, deoarece este u\u0219or s\u0103 manipulezi copiii la aceast\u0103 v\u00e2rst\u0103.<\/p>\n<h3>Recenzii Trustpilot<\/h3>\n<p>Multe persoane de pe Trustpilot s-au pl\u00e2ns c\u0103 au fost banate din cauza ac\u021biunilor altora. De asemenea, pentru a v\u0103 debana, ei cer dona\u021bii. Acest lucru arat\u0103 natura dubioas\u0103 a companiei.<\/p>\n<p>Dar exist\u0103 \u00eentotdeauna o alt\u0103 parte a pove\u0219tii. Pute\u021bi folosi site-ul web pentru a g\u0103si chiar dvs. acea parte!<\/p>\n<h3>Procedura de reclama\u021bie<\/h3>\n<p>Nu sunte\u021bi pe cont propriu!<\/p>\n<p>OmeTv este un loc sigur pentru toat\u0103 lumea. Dac\u0103 ceva sau cineva v\u0103 deranjeaz\u0103, v\u0103 pute\u021bi pl\u00e2nge oficialilor. Aceast\u0103 caracteristic\u0103 este introdus\u0103 pentru ca oamenii s\u0103 se simt\u0103 \u00een siguran\u021b\u0103 atunci c\u00e2nd folosesc OmeTv.<\/p>\n<p>Pute\u021bi depune o pl\u00e2ngere \u00eempotriva oric\u0103rui utilizator despre care crede\u021bi c\u0103 \u00eencalc\u0103 rolurile platformei. Pentru ca pl\u00e2ngerea dvs. s\u0103 fie mai eficient\u0103, pute\u021bi ata\u0219a capturi de ecran ale discu\u021biei \u0219i alte informa\u021bii conexe pentru a facilita g\u0103sirea, identificarea \u0219i rezolvarea problemei de c\u0103tre autorit\u0103\u021bi.<\/p>\n<p>Dac\u0103 se primesc prea multe pl\u00e2ngeri \u00eempotriva unui utilizator, site-ul \u00eei va interzice automat acestuia s\u0103 \u00ee\u0219i foloseasc\u0103 serviciile. Acest lucru este f\u0103cut pentru a asigura siguran\u021ba celorlal\u021bi utilizatori. Dar, \u00eenainte de a lua orice m\u0103sur\u0103 serioas\u0103, totul este analizat cu aten\u021bie.<\/p>\n<h3>\u00cel folosi\u021bi sau nu?<\/h3>\n<p>Credem c\u0103 via\u021ba privat\u0103 a utilizatorilor ar trebui s\u0103 fie prioritar\u0103. Dac\u0103 nu, cel pu\u021bin ar trebui respectat\u0103!<\/p>\n<p>Dar se pare c\u0103 OmeTv nu este dispus s\u0103 fac\u0103 acest lucru. \u00cen politica lor de confiden\u021bialitate se men\u021bioneaz\u0103 c\u0103 v\u0103 pot partaja datele cu ter\u021be p\u0103r\u021bi. Compromiterea datelor dvs. nu este o op\u021biune. Acesta este motivul pentru care este mai bine s\u0103 o evita\u021bi.<\/p>\n<p>\u00cen schimb, pute\u021bi utiliza <a href=\"https:\/\/strangercam.com\/ro\/\">Strangercam<\/a>. Este o sal\u0103 de chat video online mai bun\u0103 \u0219i mai fiabil\u0103. Pute\u021bi \u00eent\u00e2lni oameni noi \u0219i s\u0103 discuta\u021bi cu ei. \u0218i nu trebuie s\u0103 v\u0103 face\u021bi griji cu privire la datele \u0219i confiden\u021bialitatea dvs. deoarece stangercam ofer\u0103 securitate maxim\u0103 \u0219i v\u0103 protejeaz\u0103 datele.<\/p>\n<h3>Concluzie<\/h3>\n<p>Exist\u0103 multe probleme cu privire la acest site. S-a spus c\u0103 <a href=\"https:\/\/play.google.com\/\">Google Play<\/a>\u00a0\u0219i App Store ar trebui s\u0103 filtreze astfel de aplica\u021bii. Acestea nu ar trebui s\u0103 permit\u0103 ad\u0103ugarea pe platformele lor a aplica\u021biilor care nu valideaz\u0103 corect v\u00e2rsta \u0219i care nu dispun de control parental.<\/p>\n<p>\u00cembun\u0103t\u0103\u021birea politicii lor de confiden\u021bialitate le poate spori credibilitatea. Dar, deocamdat\u0103, exist\u0103 pe pia\u021b\u0103 alte op\u021biuni mai sigure din care pute\u021bi alege.<\/p>","protected":false},"excerpt":{"rendered":"<p>OmeTV is a video chat website and app using which you can talk to strangers. This website allows you to talk to any random stranger with just a click of a button. The website says that it is the best alternative to Omegle Tv. The app for OmeTv is available for android and iOS. Day [&hellip;]<\/p>\n","protected":false},"author":6,"featured_media":559,"parent":0,"menu_order":0,"comment_status":"closed","ping_status":"closed","template":"","meta":{"footnotes":""},"class_list":["post-881","page","type-page","status-publish","has-post-thumbnail","hentry"],"yoast_head":"<!-- This site is optimized with the Yoast SEO plugin v27.4 - https:\/\/yoast.com\/product\/yoast-seo-wordpress\/ -->\n<title>OmeTV - Omegle Random Chat Alternative on StrangerCam.com<\/title>\n<meta name=\"description\" content=\"Like OmeTV? Come chat with more than 5.000.000 strangers on Stranger Cam for Free! Turn on your cam and find new friends &amp; maby a match!\" \/>\n<meta name=\"robots\" content=\"index, follow, max-snippet:-1, max-image-preview:large, max-video-preview:-1\" \/>\n<link rel=\"canonical\" href=\"https:\/\/strangercam.com\/ro\/ometv\/\" \/>\n<meta property=\"og:locale\" content=\"ro_RO\" \/>\n<meta property=\"og:type\" content=\"article\" \/>\n<meta property=\"og:title\" content=\"OmeTV - Omegle Random Chat Alternative on StrangerCam.com\" \/>\n<meta property=\"og:description\" content=\"Like OmeTV? Come chat with more than 5.000.000 strangers on Stranger Cam for Free! Turn on your cam and find new friends &amp; maby a match!\" \/>\n<meta property=\"og:url\" content=\"https:\/\/strangercam.com\/ro\/ometv\/\" \/>\n<meta property=\"og:site_name\" content=\"Strangercam\" \/>\n<meta property=\"article:publisher\" content=\"https:\/\/www.facebook.com\/strangercam\" \/>\n<meta property=\"article:modified_time\" content=\"2023-08-21T10:34:45+00:00\" \/>\n<meta property=\"og:image\" content=\"https:\/\/strangercam.com\/wp-content\/uploads\/2020\/11\/stranger-cam-1.png\" \/>\n\t<meta property=\"og:image:width\" content=\"800\" \/>\n\t<meta property=\"og:image:height\" content=\"800\" \/>\n\t<meta property=\"og:image:type\" content=\"image\/png\" \/>\n<meta name=\"twitter:card\" content=\"summary_large_image\" \/>\n<meta name=\"twitter:site\" content=\"@strangercamapp\" \/>\n<meta name=\"twitter:label1\" content=\"Timp estimat pentru citire\" \/>\n\t<meta name=\"twitter:data1\" content=\"5 minute\" \/>\n<script type=\"application\/ld+json\" class=\"yoast-schema-graph\">{\"@context\":\"https:\\\/\\\/schema.org\",\"@graph\":[{\"@type\":\"WebPage\",\"@id\":\"https:\\\/\\\/strangercam.com\\\/ometv\\\/\",\"url\":\"https:\\\/\\\/strangercam.com\\\/ometv\\\/\",\"name\":\"OmeTV - Omegle Random Chat Alternative on StrangerCam.com\",\"isPartOf\":{\"@id\":\"https:\\\/\\\/strangercam.com\\\/#website\"},\"primaryImageOfPage\":{\"@id\":\"https:\\\/\\\/strangercam.com\\\/ometv\\\/#primaryimage\"},\"image\":{\"@id\":\"https:\\\/\\\/strangercam.com\\\/ometv\\\/#primaryimage\"},\"thumbnailUrl\":\"https:\\\/\\\/strangercam.com\\\/wp-content\\\/uploads\\\/2020\\\/11\\\/stranger-cam-1.png\",\"datePublished\":\"2020-12-02T17:15:37+00:00\",\"dateModified\":\"2023-08-21T10:34:45+00:00\",\"description\":\"Like OmeTV? Come chat with more than 5.000.000 strangers on Stranger Cam for Free! Turn on your cam and find new friends & maby a match!\",\"breadcrumb\":{\"@id\":\"https:\\\/\\\/strangercam.com\\\/ometv\\\/#breadcrumb\"},\"inLanguage\":\"ro-RO\",\"potentialAction\":[{\"@type\":\"ReadAction\",\"target\":[\"https:\\\/\\\/strangercam.com\\\/ometv\\\/\"]}]},{\"@type\":\"ImageObject\",\"inLanguage\":\"ro-RO\",\"@id\":\"https:\\\/\\\/strangercam.com\\\/ometv\\\/#primaryimage\",\"url\":\"https:\\\/\\\/strangercam.com\\\/wp-content\\\/uploads\\\/2020\\\/11\\\/stranger-cam-1.png\",\"contentUrl\":\"https:\\\/\\\/strangercam.com\\\/wp-content\\\/uploads\\\/2020\\\/11\\\/stranger-cam-1.png\",\"width\":800,\"height\":800,\"caption\":\"stranger cam random video chat\"},{\"@type\":\"BreadcrumbList\",\"@id\":\"https:\\\/\\\/strangercam.com\\\/ometv\\\/#breadcrumb\",\"itemListElement\":[{\"@type\":\"ListItem\",\"position\":1,\"name\":\"Home\",\"item\":\"https:\\\/\\\/strangercam.com\\\/\"},{\"@type\":\"ListItem\",\"position\":2,\"name\":\"OmeTV\"}]},{\"@type\":\"WebSite\",\"@id\":\"https:\\\/\\\/strangercam.com\\\/#website\",\"url\":\"https:\\\/\\\/strangercam.com\\\/\",\"name\":\"Strangercam\",\"description\":\"Random Video Chat with Strangers\",\"publisher\":{\"@id\":\"https:\\\/\\\/strangercam.com\\\/#organization\"},\"alternateName\":\"Strangercam.com\",\"potentialAction\":[{\"@type\":\"SearchAction\",\"target\":{\"@type\":\"EntryPoint\",\"urlTemplate\":\"https:\\\/\\\/strangercam.com\\\/?s={search_term_string}\"},\"query-input\":{\"@type\":\"PropertyValueSpecification\",\"valueRequired\":true,\"valueName\":\"search_term_string\"}}],\"inLanguage\":\"ro-RO\"},{\"@type\":\"Organization\",\"@id\":\"https:\\\/\\\/strangercam.com\\\/#organization\",\"name\":\"Strangercam\",\"alternateName\":\"Strangercam.com\",\"url\":\"https:\\\/\\\/strangercam.com\\\/\",\"logo\":{\"@type\":\"ImageObject\",\"inLanguage\":\"ro-RO\",\"@id\":\"https:\\\/\\\/strangercam.com\\\/#\\\/schema\\\/logo\\\/image\\\/\",\"url\":\"https:\\\/\\\/strangercam.com\\\/wp-content\\\/uploads\\\/2020\\\/11\\\/cropped-new-favicon-black.png\",\"contentUrl\":\"https:\\\/\\\/strangercam.com\\\/wp-content\\\/uploads\\\/2020\\\/11\\\/cropped-new-favicon-black.png\",\"width\":512,\"height\":512,\"caption\":\"Strangercam\"},\"image\":{\"@id\":\"https:\\\/\\\/strangercam.com\\\/#\\\/schema\\\/logo\\\/image\\\/\"},\"sameAs\":[\"https:\\\/\\\/www.facebook.com\\\/strangercam\",\"https:\\\/\\\/x.com\\\/strangercamapp\"]}]}<\/script>\n<!-- \/ Yoast SEO plugin. -->","yoast_head_json":{"title":"OmeTV - Omegle Random Chat Alternative pe StrangerCam.com","description":"\u00ce\u021bi place OmeTV? Vino s\u0103 vorbe\u0219ti cu mai mult de 5.000.000 de str\u0103ini pe Stranger Cam gratuit! Porne\u0219te-\u021bi camera \u0219i g\u0103se\u0219te noi prieteni \u0219i poate o pereche!","robots":{"index":"index","follow":"follow","max-snippet":"max-snippet:-1","max-image-preview":"max-image-preview:large","max-video-preview":"max-video-preview:-1"},"canonical":"https:\/\/strangercam.com\/ro\/ometv\/","og_locale":"ro_RO","og_type":"article","og_title":"OmeTV - Omegle Random Chat Alternative on StrangerCam.com","og_description":"Like OmeTV? Come chat with more than 5.000.000 strangers on Stranger Cam for Free! Turn on your cam and find new friends & maby a match!","og_url":"https:\/\/strangercam.com\/ro\/ometv\/","og_site_name":"Strangercam","article_publisher":"https:\/\/www.facebook.com\/strangercam","article_modified_time":"2023-08-21T10:34:45+00:00","og_image":[{"width":800,"height":800,"url":"https:\/\/strangercam.com\/wp-content\/uploads\/2020\/11\/stranger-cam-1.png","type":"image\/png"}],"twitter_card":"summary_large_image","twitter_site":"@strangercamapp","twitter_misc":{"Timp estimat pentru citire":"5 minute"},"schema":{"@context":"https:\/\/schema.org","@graph":[{"@type":"WebPage","@id":"https:\/\/strangercam.com\/ometv\/","url":"https:\/\/strangercam.com\/ometv\/","name":"OmeTV - Omegle Random Chat Alternative pe StrangerCam.com","isPartOf":{"@id":"https:\/\/strangercam.com\/#website"},"primaryImageOfPage":{"@id":"https:\/\/strangercam.com\/ometv\/#primaryimage"},"image":{"@id":"https:\/\/strangercam.com\/ometv\/#primaryimage"},"thumbnailUrl":"https:\/\/strangercam.com\/wp-content\/uploads\/2020\/11\/stranger-cam-1.png","datePublished":"2020-12-02T17:15:37+00:00","dateModified":"2023-08-21T10:34:45+00:00","description":"\u00ce\u021bi place OmeTV? Vino s\u0103 vorbe\u0219ti cu mai mult de 5.000.000 de str\u0103ini pe Stranger Cam gratuit! Porne\u0219te-\u021bi camera \u0219i g\u0103se\u0219te noi prieteni \u0219i poate o pereche!","breadcrumb":{"@id":"https:\/\/strangercam.com\/ometv\/#breadcrumb"},"inLanguage":"ro-RO","potentialAction":[{"@type":"ReadAction","target":["https:\/\/strangercam.com\/ometv\/"]}]},{"@type":"ImageObject","inLanguage":"ro-RO","@id":"https:\/\/strangercam.com\/ometv\/#primaryimage","url":"https:\/\/strangercam.com\/wp-content\/uploads\/2020\/11\/stranger-cam-1.png","contentUrl":"https:\/\/strangercam.com\/wp-content\/uploads\/2020\/11\/stranger-cam-1.png","width":800,"height":800,"caption":"stranger cam random video chat"},{"@type":"BreadcrumbList","@id":"https:\/\/strangercam.com\/ometv\/#breadcrumb","itemListElement":[{"@type":"ListItem","position":1,"name":"Home","item":"https:\/\/strangercam.com\/"},{"@type":"ListItem","position":2,"name":"OmeTV"}]},{"@type":"WebSite","@id":"https:\/\/strangercam.com\/#website","url":"https:\/\/strangercam.com\/","name":"Strangercam","description":"Chat video aleatoriu cu str\u0103ini","publisher":{"@id":"https:\/\/strangercam.com\/#organization"},"alternateName":"Strangercam.com","potentialAction":[{"@type":"SearchAction","target":{"@type":"EntryPoint","urlTemplate":"https:\/\/strangercam.com\/?s={search_term_string}"},"query-input":{"@type":"PropertyValueSpecification","valueRequired":true,"valueName":"search_term_string"}}],"inLanguage":"ro-RO"},{"@type":"Organization","@id":"https:\/\/strangercam.com\/#organization","name":"Strangercam","alternateName":"Strangercam.com","url":"https:\/\/strangercam.com\/","logo":{"@type":"ImageObject","inLanguage":"ro-RO","@id":"https:\/\/strangercam.com\/#\/schema\/logo\/image\/","url":"https:\/\/strangercam.com\/wp-content\/uploads\/2020\/11\/cropped-new-favicon-black.png","contentUrl":"https:\/\/strangercam.com\/wp-content\/uploads\/2020\/11\/cropped-new-favicon-black.png","width":512,"height":512,"caption":"Strangercam"},"image":{"@id":"https:\/\/strangercam.com\/#\/schema\/logo\/image\/"},"sameAs":["https:\/\/www.facebook.com\/strangercam","https:\/\/x.com\/strangercamapp"]}]}},"_links":{"self":[{"href":"https:\/\/strangercam.com\/ro\/wp-json\/wp\/v2\/pages\/881","targetHints":{"allow":["GET"]}}],"collection":[{"href":"https:\/\/strangercam.com\/ro\/wp-json\/wp\/v2\/pages"}],"about":[{"href":"https:\/\/strangercam.com\/ro\/wp-json\/wp\/v2\/types\/page"}],"author":[{"embeddable":true,"href":"https:\/\/strangercam.com\/ro\/wp-json\/wp\/v2\/users\/6"}],"replies":[{"embeddable":true,"href":"https:\/\/strangercam.com\/ro\/wp-json\/wp\/v2\/comments?post=881"}],"version-history":[{"count":0,"href":"https:\/\/strangercam.com\/ro\/wp-json\/wp\/v2\/pages\/881\/revisions"}],"wp:featuredmedia":[{"embeddable":true,"href":"https:\/\/strangercam.com\/ro\/wp-json\/wp\/v2\/media\/559"}],"wp:attachment":[{"href":"https:\/\/strangercam.com\/ro\/wp-json\/wp\/v2\/media?parent=881"}],"curies":[{"name":"wp","href":"https:\/\/api.w.org\/{rel}","templated":true}]}}