{"id":8708,"date":"2021-10-27T09:29:55","date_gmt":"2021-10-27T07:29:55","guid":{"rendered":"https:\/\/strangercam.com\/?page_id=8708"},"modified":"2025-02-04T09:47:53","modified_gmt":"2025-02-04T07:47:53","slug":"mocospatiu","status":"publish","type":"page","link":"https:\/\/strangercam.com\/ro\/mocospace\/","title":{"rendered":"MocoSpace"},"content":{"rendered":"<p>C\u0103uta\u021bi o platform\u0103 social\u0103 unde pute\u021bi at\u00e2t <a href=\"https:\/\/strangercam.com\/ro\/chatroulette\/\">chat<\/a> cu prietenii \u0219i s\u0103 v\u0103 bucura\u021bi de jocuri ocazionale \u00een mi\u0219care? MocoSpace ar putea fi solu\u021bia perfect\u0103. Combin\u00e2nd caracteristici orientate c\u0103tre comunitate cu o experien\u021b\u0103 de joc \u00eencorporat\u0103, MocoSpace iese \u00een eviden\u021b\u0103 printre aplica\u021biile tradi\u021bionale de chat \u0219i re\u021bele sociale. Mai jos, vom explora caracteristicile cheie ale MocoSpace, modul \u00een care func\u021bioneaz\u0103 \u0219i ceea ce \u00eel face un loc de \u00eent\u00e2lnire online vibrant.<\/p>\n<h2>Ce este MocoSpace?<\/h2>\n<p>MocoSpace este un program axat pe mobil <strong>platform\u0103 de re\u021bele sociale<\/strong> care ofer\u0103:<\/p>\n<ul>\n<li><strong>Chatrooms \u0219i forumuri<\/strong>: <a href=\"https:\/\/strangercam.com\/ro\/coomeet\/\">Face\u021bi cuno\u0219tin\u021b\u0103<\/a> oameni noi sau s\u0103 v\u0103 \u00eent\u00e2lni\u021bi cu prietenii \u00een spa\u021bii de chat tematice.<\/li>\n<li><strong>Jocuri sociale<\/strong>: Bucura\u021bi-v\u0103 de o gam\u0103 de jocuri ocazionale, bazate pe browser - perfecte pentru divertisment rapid.<\/li>\n<li><strong>Profiluri de utilizator<\/strong>: Personaliza\u021bi-v\u0103 spa\u021biul cu fotografii, statusuri \u0219i informa\u021bii personale.<\/li>\n<li><strong>Func\u021biile Friend \u0219i Follower<\/strong>: Conecta\u021bi-v\u0103 cu oameni din \u00eentreaga lume sau dezvolta\u021bi un cerc de prieteni online apropia\u021bi.<\/li>\n<\/ul>\n<p>Construit pentru a fi u\u0219or \u0219i u\u0219or de utilizat, MocoSpace func\u021bioneaz\u0103 f\u0103r\u0103 probleme pe diverse dispozitive, asigur\u00e2ndu-v\u0103 c\u0103 v\u0103 pute\u021bi conecta oriunde v-a\u021bi afla.<\/p>\n<h2>Caracteristici principale<\/h2>\n<h3>1. Camere de chat \u0219i mesagerie<\/h3>\n<p>\u00cen centrul MocoSpace se afl\u0103 func\u021bia de chat:<\/p>\n<ul>\n<li><strong>Camere de chat de grup<\/strong>: Al\u0103tura\u021bi-v\u0103 chat-urilor pe teme specifice - sporturi, filme sau chiar \u00eent\u00e2lniri locale - pentru a g\u0103si utilizatori care g\u00e2ndesc la fel.<\/li>\n<li><strong>Mesagerie privat\u0103<\/strong>: Schimba\u021bi mesaje personale cu prietenii sau noile contacte f\u0103r\u0103 a p\u0103r\u0103si platforma.<\/li>\n<li><strong><a href=\"https:\/\/strangercam.com\/ro\/rabbit-video-chat\/\">Video<\/a> \u0219i voce (limitat)<\/strong>: Unele func\u021bii permit mesaje vocale scurte sau \u00eenc\u0103rc\u0103ri video, f\u0103c\u00e2nd conversa\u021biile mai personale.<\/li>\n<\/ul>\n<h3>2. Jocuri sociale<\/h3>\n<p>MocoSpace g\u0103zduie\u0219te o varietate de <strong>Jocuri bazate pe HTML5<\/strong> pute\u021bi juca solo sau competitiv:<\/p>\n<ul>\n<li><strong>Arcade clasice<\/strong>: Jocuri simple, \u00een stil retro, perfecte pentru pauze rapide.<\/li>\n<li><strong>Strategie \u0219i jocuri de rol<\/strong>: Construie\u0219te alian\u021be, dezvolt\u0103 regate virtuale \u0219i f\u0103 echip\u0103 cu prietenii.<\/li>\n<li><strong>Clasamente<\/strong>: Urm\u0103re\u0219te-\u021bi progresul \u0219i concureaz\u0103 cu al\u021bi juc\u0103tori din re\u021beaua ta.<\/li>\n<\/ul>\n<h3>3. Personalizarea profilului<\/h3>\n<p>Profilul dvs. MocoSpace ac\u021bioneaz\u0103 ca un mini-site personal:<\/p>\n<ul>\n<li><strong>\u00cenc\u0103rc\u0103ri foto<\/strong>: Crea\u021bi albume pentru a prezenta cele mai importante momente din via\u021ba dumneavoastr\u0103.<\/li>\n<li><strong>Biografie \u0219i actualiz\u0103ri de stare<\/strong>: Permite\u021bi-le celorlal\u021bi s\u0103 afle ce ave\u021bi de g\u00e2nd sau care este starea dvs. de spirit actual\u0103.<\/li>\n<li><strong>Teme \u0219i skin-uri<\/strong>: Personaliza\u021bi aspectul paginii dvs. pentru a ie\u0219i \u00een eviden\u021b\u0103.<\/li>\n<\/ul>\n<h3>4. Caracteristici comunitare<\/h3>\n<p>MocoSpace integreaz\u0103 elemente sociale care ajut\u0103 utilizatorii s\u0103 se conecteze mai profund:<\/p>\n<ul>\n<li><strong>Prieteni \u0219i urm\u0103ritori<\/strong>: Extinde\u021bi-v\u0103 re\u021beaua ad\u0103ug\u00e2nd utilizatori sau urm\u0103rind profiluri care v\u0103 \u00eemp\u0103rt\u0103\u0219esc interesele.<\/li>\n<li><strong>Forumuri \u0219i grupuri<\/strong>: Discuta\u021bi subiecte la mod\u0103 sau interese de ni\u0219\u0103 cu comunit\u0103\u021bi dedicate.<\/li>\n<li><strong>Notific\u0103ri<\/strong>: R\u0103m\u00e2ne\u021bi la curent cu cererile de prietenie, invita\u021biile de grup \u0219i provoc\u0103rile de joc.<\/li>\n<\/ul>\n<h2>Cum func\u021bioneaz\u0103 MocoSpace<\/h2>\n<h3>1. \u00cenregistrare rapid\u0103<\/h3>\n<p>Pute\u021bi crea un cont MocoSpace utiliz\u00e2nd:<\/p>\n<ul>\n<li><strong>E-mail<\/strong>: O \u00eenregistrare standard, pas cu pas.<\/li>\n<li><strong>Facebook\/Google<\/strong>: Op\u021biuni rapide de autentificare pentru a v\u0103 conecta conturile de social media.<\/li>\n<\/ul>\n<p>Odat\u0103 ce te-ai \u00eenregistrat, \u00ee\u021bi po\u021bi edita detaliile profilului \u0219i po\u021bi selecta interesele de joc sau camerele de chat preferate pentru a \u00eencepe.<\/p>\n<h3>2. G\u0103sirea de prieteni \u0219i distrac\u021bie<\/h3>\n<p>O atrac\u021bie cheie a MocoSpace este c\u00e2t de u\u0219or pute\u021bi <strong>s\u0103 cunoasc\u0103 oameni noi<\/strong>:<\/p>\n<ul>\n<li>C\u0103uta\u021bi utilizatori \u00een func\u021bie de v\u00e2rst\u0103, loca\u021bie sau interese comune.<\/li>\n<li>Intra\u021bi \u00een chat-uri deschise despre muzic\u0103, filme, jocuri \u0219i multe altele.<\/li>\n<li>Al\u0103tura\u021bi-v\u0103 grupurilor de joc pentru a g\u0103si prieteni de joc \u0219i pentru a concura pentru cele mai bune scoruri.<\/li>\n<\/ul>\n<h3>3. Cre\u0219terea \u00een nivel prin joc<\/h3>\n<p>Multe <strong>MocoSpace jocuri<\/strong> v\u0103 recompenseaz\u0103 cu puncte \u0219i insigne:<\/p>\n<ul>\n<li>C\u00e2\u0219tig\u0103 bani \u00een joc pentru a achizi\u021biona upgrade-uri sau power-up-uri.<\/li>\n<li>Profita\u021bi de bonusurile evenimentelor sau de provoc\u0103rile cu durat\u0103 limitat\u0103.<\/li>\n<li>Urc\u0103 \u00een clasamente pentru a-\u021bi demonstra priceperea \u00een jocuri.<\/li>\n<\/ul>\n<h2>Siguran\u021b\u0103 \u0219i modera\u021bie<\/h2>\n<p>Ca orice re\u021bea online, MocoSpace abordeaz\u0103 preocup\u0103rile poten\u021biale legate de confiden\u021bialitate \u0219i conduit\u0103:<\/p>\n<ul>\n<li><strong>Instrumente de blocare \u0219i raportare<\/strong>: Elimina\u021bi rapid interac\u021biunile nedorite sau semnala\u021bi conturile suspecte.<\/li>\n<li><strong>Orient\u0103ri pentru comunitate<\/strong>: Reguli clare pentru un comportament acceptabil, cu posibilitatea suspend\u0103rii contului \u00een cazul \u00eenc\u0103lc\u0103rii acestora.<\/li>\n<li><strong>Controlul confiden\u021bialit\u0103\u021bii profilului<\/strong>: Limita\u021bi cine v\u0103 poate vedea fotografiile, post\u0103rile sau invita\u021biile la chat.<\/li>\n<\/ul>\n<h2>Monetizare \u0219i caracteristici premium<\/h2>\n<p>MocoSpace este <strong><a href=\"https:\/\/strangercam.com\/ro\/chat4free\/\">liber<\/a> s\u0103 se al\u0103ture<\/strong> \u0219i utilizare, dar platforma ofer\u0103, de asemenea, upgrade-uri op\u021bionale pl\u0103tite:<\/p>\n<ul>\n<li><strong>Moned\u0103 virtual\u0103 (Moco Gold)<\/strong>: Cheltui\u021bi pe upgrade-uri de avatar, elemente de joc exclusive sau teme de profil.<\/li>\n<li><strong>Experien\u021b\u0103 f\u0103r\u0103 reclame<\/strong>: Elimina\u021bi reclamele pentru o navigare mai rapid\u0103 \u0219i mai curat\u0103.<\/li>\n<li><strong>Beneficii speciale<\/strong>: Ob\u021bine\u021bi cadouri sau bonusuri suplimentare \u00een anumite jocuri, disponibile prin achizi\u021bii \u00een aplica\u021bie.<\/li>\n<\/ul>\n<h2>Avantaje \u0219i dezavantaje<\/h2>\n<p>Nicio platform\u0103 nu este perfect\u0103, iar MocoSpace nu face excep\u021bie. Iat\u0103 o privire echilibrat\u0103:<\/p>\n<table>\n<thead>\n<tr>\n<th>Avantaje<\/th>\n<th>Contra<\/th>\n<\/tr>\n<\/thead>\n<tbody>\n<tr>\n<td>\n<ul>\n<li>Combin\u0103 chat-ul \u0219i jocurile sociale \u00eentr-o singur\u0103 aplica\u021bie<\/li>\n<li>U\u0219or de utilizat \u0219i u\u0219or, ideal pentru mobil<\/li>\n<li>axat pe comunitate, cu forumuri bazate pe interese multiple<\/li>\n<li>\u00censcriere u\u0219oar\u0103 \u0219i integrare rapid\u0103<\/li>\n<li>Utilizare gratuit\u0103, cu elemente premium op\u021bionale<\/li>\n<\/ul>\n<\/td>\n<td>\n<ul>\n<li>Camerele de chat pot con\u021bine ocazional spam sau <a href=\"https:\/\/strangercam.com\/ro\/shagle\/\">adult<\/a> con\u021binut<\/li>\n<li>Set\u0103ri avansate de confiden\u021bialitate limitate \u00een compara\u021bie cu aplica\u021biile sociale obi\u0219nuite<\/li>\n<li>Unele caracteristici premium pot fi costisitoare \u00een timp<\/li>\n<li>Mai pu\u021bine jocuri high-end sau imersive \u00een compara\u021bie cu platformele de jocuri dedicate<\/li>\n<\/ul>\n<\/td>\n<\/tr>\n<\/tbody>\n<\/table>\n<h2>Sfaturi pentru a profita la maximum de MocoSpace<\/h2>\n<h3>1. Personaliza\u021bi-v\u0103 profilul<\/h3>\n<p>Temele atr\u0103g\u0103toare \u0219i o biografie concis\u0103 v\u0103 pot ajuta s\u0103 atrage\u021bi prieteni sau parteneri de joc care v\u0103 \u00eemp\u0103rt\u0103\u0219esc interesele.<\/p>\n<h3>2. Al\u0103tura\u021bi-v\u0103 camerelor de chat active<\/h3>\n<p>Intra\u021bi \u00een camere la orele de v\u00e2rf pentru a g\u0103si discu\u021bii animate \u0219i pentru a stabili conexiuni mai rapid.<\/p>\n<h3>3. Explora\u021bi diferite jocuri<\/h3>\n<p>Trecerea de la un gen la altul v\u0103 poate men\u021bine experien\u021ba proasp\u0103t\u0103 \u0219i v\u0103 poate ajuta s\u0103 cunoa\u0219te\u021bi oameni noi.<\/p>\n<h3>4. Men\u021binerea etichetei online<\/h3>\n<p>Respecta\u021bi liniile directoare \u0219i trata\u021bi colegii utilizatori cu respect pentru a promova o comunitate pozitiv\u0103 \u0219i pl\u0103cut\u0103.<\/p>\n<h2>Concluzie<\/h2>\n<p>MocoSpace ofer\u0103 o experien\u021b\u0103 social\u0103 distinct\u0103 prin \u00eembinarea chat-ului \u0219i a jocurilor \u00eentr-o singur\u0103 platform\u0103 mobil\u0103 prietenoas\u0103. Fie c\u0103 dori\u021bi s\u0103 ini\u021bia\u021bi conversa\u021bii \u00een camerele de chat, s\u0103 v\u0103 provoca\u021bi prietenii la jocuri HTML5 casual sau s\u0103 v\u0103 extinde\u021bi cercul social \u00een general, MocoSpace ofer\u0103 instrumente \u0219i activit\u0103\u021bi care men\u021bin experien\u021ba vie \u0219i captivant\u0103. Cu caracteristici u\u0219or de utilizat \u0219i o comunitate global\u0103 activ\u0103, este o op\u021biune distractiv\u0103 pentru cei care doresc pu\u021bin\u0103 distrac\u021bie suplimentar\u0103 al\u0103turi de re\u021belele lor sociale. Dac\u0103 sunte\u021bi gata s\u0103 cunoa\u0219te\u021bi oameni noi \u0219i s\u0103 v\u0103 bucura\u021bi de c\u00e2teva jocuri u\u0219oare, \u00eencerca\u021bi MocoSpace.<\/p>","protected":false},"excerpt":{"rendered":"<p>Looking for a social platform where you can both chat with friends and enjoy casual games on the go? MocoSpace might just be the perfect fit. Combining community-driven features with a built-in gaming experience, MocoSpace stands out among traditional chat and social networking apps. Below, we\u2019ll explore MocoSpace\u2019s key features, how it works, and what [&hellip;]<\/p>\n","protected":false},"author":6,"featured_media":0,"parent":0,"menu_order":0,"comment_status":"closed","ping_status":"closed","template":"","meta":{"footnotes":""},"class_list":["post-8708","page","type-page","status-publish","hentry"],"yoast_head":"<!-- This site is optimized with the Yoast SEO plugin v27.4 - https:\/\/yoast.com\/product\/yoast-seo-wordpress\/ -->\n<title>MocoSpace - Anonymous Chat For Two - StrangerCam.com<\/title>\n<meta name=\"description\" content=\"Like MocoSpace? Come chat with more than 5.000.000 strangers on Stranger Cam for Free! Turn on your cam and find new friends &amp; maby a match!\" \/>\n<meta name=\"robots\" content=\"index, follow, max-snippet:-1, max-image-preview:large, max-video-preview:-1\" \/>\n<link rel=\"canonical\" href=\"https:\/\/strangercam.com\/ro\/mocospatiu\/\" \/>\n<meta property=\"og:locale\" content=\"ro_RO\" \/>\n<meta property=\"og:type\" content=\"article\" \/>\n<meta property=\"og:title\" content=\"MocoSpace - Anonymous Chat For Two - StrangerCam.com\" \/>\n<meta property=\"og:description\" content=\"Like MocoSpace? Come chat with more than 5.000.000 strangers on Stranger Cam for Free! Turn on your cam and find new friends &amp; maby a match!\" \/>\n<meta property=\"og:url\" content=\"https:\/\/strangercam.com\/ro\/mocospatiu\/\" \/>\n<meta property=\"og:site_name\" content=\"Strangercam\" \/>\n<meta property=\"article:publisher\" content=\"https:\/\/www.facebook.com\/strangercam\" \/>\n<meta property=\"article:modified_time\" content=\"2025-02-04T07:47:53+00:00\" \/>\n<meta property=\"og:image\" content=\"https:\/\/strangercam.com\/wp-content\/uploads\/2021\/10\/Untitled-2.png\" \/>\n\t<meta property=\"og:image:width\" content=\"800\" \/>\n\t<meta property=\"og:image:height\" content=\"532\" \/>\n\t<meta property=\"og:image:type\" content=\"image\/png\" \/>\n<meta name=\"twitter:card\" content=\"summary_large_image\" \/>\n<meta name=\"twitter:site\" content=\"@strangercamapp\" \/>\n<meta name=\"twitter:label1\" content=\"Timp estimat pentru citire\" \/>\n\t<meta name=\"twitter:data1\" content=\"4 minute\" \/>\n<script type=\"application\/ld+json\" class=\"yoast-schema-graph\">{\"@context\":\"https:\\\/\\\/schema.org\",\"@graph\":[{\"@type\":\"WebPage\",\"@id\":\"https:\\\/\\\/strangercam.com\\\/mocospace\\\/\",\"url\":\"https:\\\/\\\/strangercam.com\\\/mocospace\\\/\",\"name\":\"MocoSpace - Anonymous Chat For Two - StrangerCam.com\",\"isPartOf\":{\"@id\":\"https:\\\/\\\/strangercam.com\\\/#website\"},\"datePublished\":\"2021-10-27T07:29:55+00:00\",\"dateModified\":\"2025-02-04T07:47:53+00:00\",\"description\":\"Like MocoSpace? Come chat with more than 5.000.000 strangers on Stranger Cam for Free! Turn on your cam and find new friends & maby a match!\",\"breadcrumb\":{\"@id\":\"https:\\\/\\\/strangercam.com\\\/mocospace\\\/#breadcrumb\"},\"inLanguage\":\"ro-RO\",\"potentialAction\":[{\"@type\":\"ReadAction\",\"target\":[\"https:\\\/\\\/strangercam.com\\\/mocospace\\\/\"]}]},{\"@type\":\"BreadcrumbList\",\"@id\":\"https:\\\/\\\/strangercam.com\\\/mocospace\\\/#breadcrumb\",\"itemListElement\":[{\"@type\":\"ListItem\",\"position\":1,\"name\":\"Home\",\"item\":\"https:\\\/\\\/strangercam.com\\\/\"},{\"@type\":\"ListItem\",\"position\":2,\"name\":\"MocoSpace\"}]},{\"@type\":\"WebSite\",\"@id\":\"https:\\\/\\\/strangercam.com\\\/#website\",\"url\":\"https:\\\/\\\/strangercam.com\\\/\",\"name\":\"Strangercam\",\"description\":\"Random Video Chat with Strangers\",\"publisher\":{\"@id\":\"https:\\\/\\\/strangercam.com\\\/#organization\"},\"alternateName\":\"Strangercam.com\",\"potentialAction\":[{\"@type\":\"SearchAction\",\"target\":{\"@type\":\"EntryPoint\",\"urlTemplate\":\"https:\\\/\\\/strangercam.com\\\/?s={search_term_string}\"},\"query-input\":{\"@type\":\"PropertyValueSpecification\",\"valueRequired\":true,\"valueName\":\"search_term_string\"}}],\"inLanguage\":\"ro-RO\"},{\"@type\":\"Organization\",\"@id\":\"https:\\\/\\\/strangercam.com\\\/#organization\",\"name\":\"Strangercam\",\"alternateName\":\"Strangercam.com\",\"url\":\"https:\\\/\\\/strangercam.com\\\/\",\"logo\":{\"@type\":\"ImageObject\",\"inLanguage\":\"ro-RO\",\"@id\":\"https:\\\/\\\/strangercam.com\\\/#\\\/schema\\\/logo\\\/image\\\/\",\"url\":\"https:\\\/\\\/strangercam.com\\\/wp-content\\\/uploads\\\/2020\\\/11\\\/cropped-new-favicon-black.png\",\"contentUrl\":\"https:\\\/\\\/strangercam.com\\\/wp-content\\\/uploads\\\/2020\\\/11\\\/cropped-new-favicon-black.png\",\"width\":512,\"height\":512,\"caption\":\"Strangercam\"},\"image\":{\"@id\":\"https:\\\/\\\/strangercam.com\\\/#\\\/schema\\\/logo\\\/image\\\/\"},\"sameAs\":[\"https:\\\/\\\/www.facebook.com\\\/strangercam\",\"https:\\\/\\\/x.com\\\/strangercamapp\"]}]}<\/script>\n<!-- \/ Yoast SEO plugin. -->","yoast_head_json":{"title":"MocoSpace - Chat anonim pentru doi - StrangerCam.com","description":"\u00ce\u021bi place MocoSpace? Vino s\u0103 vorbe\u0219ti cu mai mult de 5.000.000 de str\u0103ini pe Stranger Cam gratuit! Porne\u0219te-\u021bi camera \u0219i g\u0103se\u0219te prieteni noi \u0219i poate o pereche!","robots":{"index":"index","follow":"follow","max-snippet":"max-snippet:-1","max-image-preview":"max-image-preview:large","max-video-preview":"max-video-preview:-1"},"canonical":"https:\/\/strangercam.com\/ro\/mocospatiu\/","og_locale":"ro_RO","og_type":"article","og_title":"MocoSpace - Anonymous Chat For Two - StrangerCam.com","og_description":"Like MocoSpace? Come chat with more than 5.000.000 strangers on Stranger Cam for Free! Turn on your cam and find new friends & maby a match!","og_url":"https:\/\/strangercam.com\/ro\/mocospatiu\/","og_site_name":"Strangercam","article_publisher":"https:\/\/www.facebook.com\/strangercam","article_modified_time":"2025-02-04T07:47:53+00:00","og_image":[{"width":800,"height":532,"url":"https:\/\/strangercam.com\/wp-content\/uploads\/2021\/10\/Untitled-2.png","type":"image\/png"}],"twitter_card":"summary_large_image","twitter_site":"@strangercamapp","twitter_misc":{"Timp estimat pentru citire":"4 minute"},"schema":{"@context":"https:\/\/schema.org","@graph":[{"@type":"WebPage","@id":"https:\/\/strangercam.com\/mocospace\/","url":"https:\/\/strangercam.com\/mocospace\/","name":"MocoSpace - Chat anonim pentru doi - StrangerCam.com","isPartOf":{"@id":"https:\/\/strangercam.com\/#website"},"datePublished":"2021-10-27T07:29:55+00:00","dateModified":"2025-02-04T07:47:53+00:00","description":"\u00ce\u021bi place MocoSpace? Vino s\u0103 vorbe\u0219ti cu mai mult de 5.000.000 de str\u0103ini pe Stranger Cam gratuit! Porne\u0219te-\u021bi camera \u0219i g\u0103se\u0219te prieteni noi \u0219i poate o pereche!","breadcrumb":{"@id":"https:\/\/strangercam.com\/mocospace\/#breadcrumb"},"inLanguage":"ro-RO","potentialAction":[{"@type":"ReadAction","target":["https:\/\/strangercam.com\/mocospace\/"]}]},{"@type":"BreadcrumbList","@id":"https:\/\/strangercam.com\/mocospace\/#breadcrumb","itemListElement":[{"@type":"ListItem","position":1,"name":"Home","item":"https:\/\/strangercam.com\/"},{"@type":"ListItem","position":2,"name":"MocoSpace"}]},{"@type":"WebSite","@id":"https:\/\/strangercam.com\/#website","url":"https:\/\/strangercam.com\/","name":"Strangercam","description":"Chat video aleatoriu cu str\u0103ini","publisher":{"@id":"https:\/\/strangercam.com\/#organization"},"alternateName":"Strangercam.com","potentialAction":[{"@type":"SearchAction","target":{"@type":"EntryPoint","urlTemplate":"https:\/\/strangercam.com\/?s={search_term_string}"},"query-input":{"@type":"PropertyValueSpecification","valueRequired":true,"valueName":"search_term_string"}}],"inLanguage":"ro-RO"},{"@type":"Organization","@id":"https:\/\/strangercam.com\/#organization","name":"Strangercam","alternateName":"Strangercam.com","url":"https:\/\/strangercam.com\/","logo":{"@type":"ImageObject","inLanguage":"ro-RO","@id":"https:\/\/strangercam.com\/#\/schema\/logo\/image\/","url":"https:\/\/strangercam.com\/wp-content\/uploads\/2020\/11\/cropped-new-favicon-black.png","contentUrl":"https:\/\/strangercam.com\/wp-content\/uploads\/2020\/11\/cropped-new-favicon-black.png","width":512,"height":512,"caption":"Strangercam"},"image":{"@id":"https:\/\/strangercam.com\/#\/schema\/logo\/image\/"},"sameAs":["https:\/\/www.facebook.com\/strangercam","https:\/\/x.com\/strangercamapp"]}]}},"_links":{"self":[{"href":"https:\/\/strangercam.com\/ro\/wp-json\/wp\/v2\/pages\/8708","targetHints":{"allow":["GET"]}}],"collection":[{"href":"https:\/\/strangercam.com\/ro\/wp-json\/wp\/v2\/pages"}],"about":[{"href":"https:\/\/strangercam.com\/ro\/wp-json\/wp\/v2\/types\/page"}],"author":[{"embeddable":true,"href":"https:\/\/strangercam.com\/ro\/wp-json\/wp\/v2\/users\/6"}],"replies":[{"embeddable":true,"href":"https:\/\/strangercam.com\/ro\/wp-json\/wp\/v2\/comments?post=8708"}],"version-history":[{"count":1,"href":"https:\/\/strangercam.com\/ro\/wp-json\/wp\/v2\/pages\/8708\/revisions"}],"predecessor-version":[{"id":12690,"href":"https:\/\/strangercam.com\/ro\/wp-json\/wp\/v2\/pages\/8708\/revisions\/12690"}],"wp:attachment":[{"href":"https:\/\/strangercam.com\/ro\/wp-json\/wp\/v2\/media?parent=8708"}],"curies":[{"name":"wp","href":"https:\/\/api.w.org\/{rel}","templated":true}]}}