{"id":8689,"date":"2021-10-27T09:18:47","date_gmt":"2021-10-27T07:18:47","guid":{"rendered":"https:\/\/strangercam.com\/?page_id=8689"},"modified":"2023-08-21T11:40:39","modified_gmt":"2023-08-21T09:40:39","slug":"chat-hour","status":"publish","type":"page","link":"https:\/\/strangercam.com\/ro\/chat-hour\/","title":{"rendered":"Chat Hour"},"content":{"rendered":"<p>Apari\u021bia internetului de mare vitez\u0103 \u0219i a dispozitivelor moderne precum laptopurile \u0219i smartphone-urile a revolu\u021bionat complet comunicarea \u0219i schimbul de informa\u021bii. Web-ul ofer\u0103 o mul\u021bime de facilit\u0103\u021bi, at\u00e2t informa\u021bionale, c\u00e2t \u0219i distractive. Via\u021ba din zilele noastre nu a f\u0103cut dec\u00e2t s\u0103 devin\u0103 mai confortabil\u0103 \u0219i mai u\u0219oar\u0103. Acum este u\u0219or s\u0103 r\u0103m\u00e2i conectat cu persoane cunoscute \u0219i chiar cu str\u0103ini din \u00eentreaga lume f\u0103r\u0103 s\u0103 ie\u0219i nic\u0103ieri. <a href=\"https:\/\/strangercam.com\/ro\/chatroulette\/\">Chat<\/a> Ora este cel mai bun loc pentru a fi <a href=\"https:\/\/strangercam.com\/ro\/coomeet\/\">\u00eent\u00e2lnire<\/a> oameni noi \u0219i s\u0103 v\u0103 face\u021bi prieteni noi.<\/p>\n<p><strong><a href=\"https:\/\/strangercam.com\/ro\/mili\/\">\u00cen direct<\/a> chat video<\/strong><\/p>\n<p>Acesta este considerat a fi ultimul moft de pe web. Oameni de toate v\u00e2rstele par s\u0103 fi folosit internetul pentru a se conecta cu al\u021bii folosind portaluri de chat precum Chat Hour. Astfel de servicii ofer\u0103 o mul\u021bime de mesagerie text, fiind \u00een acela\u0219i timp <a href=\"https:\/\/strangercam.com\/ro\/chat4free\/\">liber<\/a> pentru \u00eenregistrare \u0219i utilizare. Acum, pute\u021bi intra online pentru a \u00eencepe chat-ul video cu prietenii, cu persoane cunoscute, inclusiv cu persoane complet necunoscute. Interac\u021biunea cu ace\u0219tia necesit\u0103 doar o ap\u0103sare de buton \u0219i utilizarea camerei web sau a camerei smartphone-ului.<\/p>\n<p>Site-uri de renume precum Chat Hour permit oamenilor s\u0103 \u00eent\u00e2lneasc\u0103 persoane necunoscute din \u2018lumea virtual\u0103\u2019. Pe l\u00e2ng\u0103 mesaje, pute\u021bi vedea \u0219i auzi ce are de spus cealalt\u0103 persoan\u0103 \u0219i asta \u00een timp real. Am\u00e2ndoi pute\u021bi fi desp\u0103r\u021bi\u021bi de \u021b\u0103ri diferite. Dar distan\u021ba nu mai este o problem\u0103 cu portalurile de chat online. Acesta v\u0103 permite, de asemenea, s\u0103 <a href=\"https:\/\/strangercam.com\/ro\/rabbit-video-chat\/\">chat video<\/a> chiar \u0219i \u00een mi\u0219care.<\/p>\n<p><strong>Popularitate<\/strong><\/p>\n<p>Adev\u0103rul este c\u0103 adolescen\u021bii \u0219i adul\u021bii deopotriv\u0103 au folosit chat-uri video live \u0219i acest num\u0103r pare s\u0103 creasc\u0103 cu fiecare zi care trece. Cel\u0103lalt motiv citat pentru popularitatea sa \u00een cre\u0219tere se datoreaz\u0103 introducerii unor servicii \u00een band\u0103 larg\u0103 rapide, extrem de eficiente \u0219i f\u0103r\u0103 \u00eentreruperi, chiar \u0219i \u00een \u021b\u0103rile \u00een curs de dezvoltare. Acestea sunt cu adev\u0103rat ieftine, oferind \u00een acela\u0219i timp desc\u0103rc\u0103ri nelimitate, precum \u0219i permi\u021b\u00e2nd transmiterea de date \u00een cantit\u0103\u021bi mari. V\u0103 pute\u021bi conecta la Chat Hour utiliz\u00e2nd orice dispozitiv la alegere, f\u0103r\u0103 a v\u0103 confrunta cu nicio problem\u0103.<\/p>\n<p><strong>\u00cen diverse scopuri<\/strong><\/p>\n<p>Pute\u021bi utiliza chat-ul video doar \u00een scopuri de divertisment, pentru a v\u0103 face prieteni noi sau pentru a discuta cu prieteni cunoscu\u021bi. Este \u00eentr-adev\u0103r un instrument uimitor care v\u0103 permite s\u0103 socializa\u021bi oric\u00e2nd dori\u021bi. Folosind Chat Hour, v\u0103 pute\u021bi conecta cu prietenii \u0219i familia afla\u021bi departe, poate \u00een alt ora\u0219 sau \u021bar\u0103. De asemenea, astfel de servicii se dovedesc a fi utile pentru a realiza videoconferin\u021be. Internetul a reu\u0219it s\u0103 reduc\u0103 distan\u021ba cu ajutorul unor facilit\u0103\u021bi suplimentare precum microfoanele \u0219i camerele web. Ar trebui s\u0103 profita\u021bi din plin de astfel de portaluri \u0219i de tehnologia avansat\u0103 pentru a v\u0103 bucura de chat video cu toat\u0103 lumea.<\/p>","protected":false},"excerpt":{"rendered":"<p>The advent of high-speed internet and modern devices like laptop and smartphones has completely revolutionized communication and information sharing. The web does offer plenty of facilities, both knowledgeable and entertaining. Life these days has only become more comfortable and easier. It is now easy to stay connected with known people and even strangers from all [&hellip;]<\/p>\n","protected":false},"author":6,"featured_media":559,"parent":0,"menu_order":0,"comment_status":"closed","ping_status":"closed","template":"","meta":{"footnotes":""},"class_list":["post-8689","page","type-page","status-publish","has-post-thumbnail","hentry"],"yoast_head":"<!-- This site is optimized with the Yoast SEO plugin v27.4 - https:\/\/yoast.com\/product\/yoast-seo-wordpress\/ -->\n<title>Chat Hour - Anonymous Chat For Two - Cam on StrangerCam.com<\/title>\n<meta name=\"description\" content=\"Like Chat Hour? Come chat with more than 5.000.000 strangers on Stranger Cam for Free! Turn on your cam and find new friends &amp; maby a match!\" \/>\n<meta name=\"robots\" content=\"index, follow, max-snippet:-1, max-image-preview:large, max-video-preview:-1\" \/>\n<link rel=\"canonical\" href=\"https:\/\/strangercam.com\/ro\/chat-hour\/\" \/>\n<meta property=\"og:locale\" content=\"ro_RO\" \/>\n<meta property=\"og:type\" content=\"article\" \/>\n<meta property=\"og:title\" content=\"Chat Hour - Anonymous Chat For Two - Cam on StrangerCam.com\" \/>\n<meta property=\"og:description\" content=\"Like Chat Hour? Come chat with more than 5.000.000 strangers on Stranger Cam for Free! Turn on your cam and find new friends &amp; maby a match!\" \/>\n<meta property=\"og:url\" content=\"https:\/\/strangercam.com\/ro\/chat-hour\/\" \/>\n<meta property=\"og:site_name\" content=\"Strangercam\" \/>\n<meta property=\"article:publisher\" content=\"https:\/\/www.facebook.com\/strangercam\" \/>\n<meta property=\"article:modified_time\" content=\"2023-08-21T09:40:39+00:00\" \/>\n<meta property=\"og:image\" content=\"https:\/\/strangercam.com\/wp-content\/uploads\/2020\/11\/stranger-cam-1.png\" \/>\n\t<meta property=\"og:image:width\" content=\"800\" \/>\n\t<meta property=\"og:image:height\" content=\"800\" \/>\n\t<meta property=\"og:image:type\" content=\"image\/png\" \/>\n<meta name=\"twitter:card\" content=\"summary_large_image\" \/>\n<meta name=\"twitter:site\" content=\"@strangercamapp\" \/>\n<meta name=\"twitter:label1\" content=\"Timp estimat pentru citire\" \/>\n\t<meta name=\"twitter:data1\" content=\"2 minute\" \/>\n<script type=\"application\/ld+json\" class=\"yoast-schema-graph\">{\"@context\":\"https:\\\/\\\/schema.org\",\"@graph\":[{\"@type\":\"WebPage\",\"@id\":\"https:\\\/\\\/strangercam.com\\\/chat-hour\\\/\",\"url\":\"https:\\\/\\\/strangercam.com\\\/chat-hour\\\/\",\"name\":\"Chat Hour - Anonymous Chat For Two - Cam on StrangerCam.com\",\"isPartOf\":{\"@id\":\"https:\\\/\\\/strangercam.com\\\/#website\"},\"primaryImageOfPage\":{\"@id\":\"https:\\\/\\\/strangercam.com\\\/chat-hour\\\/#primaryimage\"},\"image\":{\"@id\":\"https:\\\/\\\/strangercam.com\\\/chat-hour\\\/#primaryimage\"},\"thumbnailUrl\":\"https:\\\/\\\/strangercam.com\\\/wp-content\\\/uploads\\\/2020\\\/11\\\/stranger-cam-1.png\",\"datePublished\":\"2021-10-27T07:18:47+00:00\",\"dateModified\":\"2023-08-21T09:40:39+00:00\",\"description\":\"Like Chat Hour? Come chat with more than 5.000.000 strangers on Stranger Cam for Free! Turn on your cam and find new friends & maby a match!\",\"breadcrumb\":{\"@id\":\"https:\\\/\\\/strangercam.com\\\/chat-hour\\\/#breadcrumb\"},\"inLanguage\":\"ro-RO\",\"potentialAction\":[{\"@type\":\"ReadAction\",\"target\":[\"https:\\\/\\\/strangercam.com\\\/chat-hour\\\/\"]}]},{\"@type\":\"ImageObject\",\"inLanguage\":\"ro-RO\",\"@id\":\"https:\\\/\\\/strangercam.com\\\/chat-hour\\\/#primaryimage\",\"url\":\"https:\\\/\\\/strangercam.com\\\/wp-content\\\/uploads\\\/2020\\\/11\\\/stranger-cam-1.png\",\"contentUrl\":\"https:\\\/\\\/strangercam.com\\\/wp-content\\\/uploads\\\/2020\\\/11\\\/stranger-cam-1.png\",\"width\":800,\"height\":800,\"caption\":\"stranger cam random video chat\"},{\"@type\":\"BreadcrumbList\",\"@id\":\"https:\\\/\\\/strangercam.com\\\/chat-hour\\\/#breadcrumb\",\"itemListElement\":[{\"@type\":\"ListItem\",\"position\":1,\"name\":\"Home\",\"item\":\"https:\\\/\\\/strangercam.com\\\/\"},{\"@type\":\"ListItem\",\"position\":2,\"name\":\"Chat Hour\"}]},{\"@type\":\"WebSite\",\"@id\":\"https:\\\/\\\/strangercam.com\\\/#website\",\"url\":\"https:\\\/\\\/strangercam.com\\\/\",\"name\":\"Strangercam\",\"description\":\"Random Video Chat with Strangers\",\"publisher\":{\"@id\":\"https:\\\/\\\/strangercam.com\\\/#organization\"},\"alternateName\":\"Strangercam.com\",\"potentialAction\":[{\"@type\":\"SearchAction\",\"target\":{\"@type\":\"EntryPoint\",\"urlTemplate\":\"https:\\\/\\\/strangercam.com\\\/?s={search_term_string}\"},\"query-input\":{\"@type\":\"PropertyValueSpecification\",\"valueRequired\":true,\"valueName\":\"search_term_string\"}}],\"inLanguage\":\"ro-RO\"},{\"@type\":\"Organization\",\"@id\":\"https:\\\/\\\/strangercam.com\\\/#organization\",\"name\":\"Strangercam\",\"alternateName\":\"Strangercam.com\",\"url\":\"https:\\\/\\\/strangercam.com\\\/\",\"logo\":{\"@type\":\"ImageObject\",\"inLanguage\":\"ro-RO\",\"@id\":\"https:\\\/\\\/strangercam.com\\\/#\\\/schema\\\/logo\\\/image\\\/\",\"url\":\"https:\\\/\\\/strangercam.com\\\/wp-content\\\/uploads\\\/2020\\\/11\\\/cropped-new-favicon-black.png\",\"contentUrl\":\"https:\\\/\\\/strangercam.com\\\/wp-content\\\/uploads\\\/2020\\\/11\\\/cropped-new-favicon-black.png\",\"width\":512,\"height\":512,\"caption\":\"Strangercam\"},\"image\":{\"@id\":\"https:\\\/\\\/strangercam.com\\\/#\\\/schema\\\/logo\\\/image\\\/\"},\"sameAs\":[\"https:\\\/\\\/www.facebook.com\\\/strangercam\",\"https:\\\/\\\/x.com\\\/strangercamapp\"]}]}<\/script>\n<!-- \/ Yoast SEO plugin. -->","yoast_head_json":{"title":"Chat Hour - Chat anonim pentru doi - Cam pe StrangerCam.com","description":"\u00ce\u021bi place Chat Hour? Vino s\u0103 vorbe\u0219ti cu mai mult de 5.000.000 de str\u0103ini pe Stranger Cam gratuit! Porne\u0219te-\u021bi camera \u0219i g\u0103se\u0219te prieteni noi \u0219i poate o pereche!","robots":{"index":"index","follow":"follow","max-snippet":"max-snippet:-1","max-image-preview":"max-image-preview:large","max-video-preview":"max-video-preview:-1"},"canonical":"https:\/\/strangercam.com\/ro\/chat-hour\/","og_locale":"ro_RO","og_type":"article","og_title":"Chat Hour - Anonymous Chat For Two - Cam on StrangerCam.com","og_description":"Like Chat Hour? Come chat with more than 5.000.000 strangers on Stranger Cam for Free! Turn on your cam and find new friends & maby a match!","og_url":"https:\/\/strangercam.com\/ro\/chat-hour\/","og_site_name":"Strangercam","article_publisher":"https:\/\/www.facebook.com\/strangercam","article_modified_time":"2023-08-21T09:40:39+00:00","og_image":[{"width":800,"height":800,"url":"https:\/\/strangercam.com\/wp-content\/uploads\/2020\/11\/stranger-cam-1.png","type":"image\/png"}],"twitter_card":"summary_large_image","twitter_site":"@strangercamapp","twitter_misc":{"Timp estimat pentru citire":"2 minute"},"schema":{"@context":"https:\/\/schema.org","@graph":[{"@type":"WebPage","@id":"https:\/\/strangercam.com\/chat-hour\/","url":"https:\/\/strangercam.com\/chat-hour\/","name":"Chat Hour - Chat anonim pentru doi - Cam pe StrangerCam.com","isPartOf":{"@id":"https:\/\/strangercam.com\/#website"},"primaryImageOfPage":{"@id":"https:\/\/strangercam.com\/chat-hour\/#primaryimage"},"image":{"@id":"https:\/\/strangercam.com\/chat-hour\/#primaryimage"},"thumbnailUrl":"https:\/\/strangercam.com\/wp-content\/uploads\/2020\/11\/stranger-cam-1.png","datePublished":"2021-10-27T07:18:47+00:00","dateModified":"2023-08-21T09:40:39+00:00","description":"\u00ce\u021bi place Chat Hour? Vino s\u0103 vorbe\u0219ti cu mai mult de 5.000.000 de str\u0103ini pe Stranger Cam gratuit! Porne\u0219te-\u021bi camera \u0219i g\u0103se\u0219te prieteni noi \u0219i poate o pereche!","breadcrumb":{"@id":"https:\/\/strangercam.com\/chat-hour\/#breadcrumb"},"inLanguage":"ro-RO","potentialAction":[{"@type":"ReadAction","target":["https:\/\/strangercam.com\/chat-hour\/"]}]},{"@type":"ImageObject","inLanguage":"ro-RO","@id":"https:\/\/strangercam.com\/chat-hour\/#primaryimage","url":"https:\/\/strangercam.com\/wp-content\/uploads\/2020\/11\/stranger-cam-1.png","contentUrl":"https:\/\/strangercam.com\/wp-content\/uploads\/2020\/11\/stranger-cam-1.png","width":800,"height":800,"caption":"stranger cam random video chat"},{"@type":"BreadcrumbList","@id":"https:\/\/strangercam.com\/chat-hour\/#breadcrumb","itemListElement":[{"@type":"ListItem","position":1,"name":"Home","item":"https:\/\/strangercam.com\/"},{"@type":"ListItem","position":2,"name":"Chat Hour"}]},{"@type":"WebSite","@id":"https:\/\/strangercam.com\/#website","url":"https:\/\/strangercam.com\/","name":"Strangercam","description":"Chat video aleatoriu cu str\u0103ini","publisher":{"@id":"https:\/\/strangercam.com\/#organization"},"alternateName":"Strangercam.com","potentialAction":[{"@type":"SearchAction","target":{"@type":"EntryPoint","urlTemplate":"https:\/\/strangercam.com\/?s={search_term_string}"},"query-input":{"@type":"PropertyValueSpecification","valueRequired":true,"valueName":"search_term_string"}}],"inLanguage":"ro-RO"},{"@type":"Organization","@id":"https:\/\/strangercam.com\/#organization","name":"Strangercam","alternateName":"Strangercam.com","url":"https:\/\/strangercam.com\/","logo":{"@type":"ImageObject","inLanguage":"ro-RO","@id":"https:\/\/strangercam.com\/#\/schema\/logo\/image\/","url":"https:\/\/strangercam.com\/wp-content\/uploads\/2020\/11\/cropped-new-favicon-black.png","contentUrl":"https:\/\/strangercam.com\/wp-content\/uploads\/2020\/11\/cropped-new-favicon-black.png","width":512,"height":512,"caption":"Strangercam"},"image":{"@id":"https:\/\/strangercam.com\/#\/schema\/logo\/image\/"},"sameAs":["https:\/\/www.facebook.com\/strangercam","https:\/\/x.com\/strangercamapp"]}]}},"_links":{"self":[{"href":"https:\/\/strangercam.com\/ro\/wp-json\/wp\/v2\/pages\/8689","targetHints":{"allow":["GET"]}}],"collection":[{"href":"https:\/\/strangercam.com\/ro\/wp-json\/wp\/v2\/pages"}],"about":[{"href":"https:\/\/strangercam.com\/ro\/wp-json\/wp\/v2\/types\/page"}],"author":[{"embeddable":true,"href":"https:\/\/strangercam.com\/ro\/wp-json\/wp\/v2\/users\/6"}],"replies":[{"embeddable":true,"href":"https:\/\/strangercam.com\/ro\/wp-json\/wp\/v2\/comments?post=8689"}],"version-history":[{"count":0,"href":"https:\/\/strangercam.com\/ro\/wp-json\/wp\/v2\/pages\/8689\/revisions"}],"wp:featuredmedia":[{"embeddable":true,"href":"https:\/\/strangercam.com\/ro\/wp-json\/wp\/v2\/media\/559"}],"wp:attachment":[{"href":"https:\/\/strangercam.com\/ro\/wp-json\/wp\/v2\/media?parent=8689"}],"curies":[{"name":"wp","href":"https:\/\/api.w.org\/{rel}","templated":true}]}}