{"id":8588,"date":"2021-10-18T11:30:39","date_gmt":"2021-10-18T09:30:39","guid":{"rendered":"https:\/\/strangercam.com\/?page_id=8588"},"modified":"2023-08-21T12:47:57","modified_gmt":"2023-08-21T10:47:57","slug":"club-de-sarma","status":"publish","type":"page","link":"https:\/\/strangercam.com\/ro\/club-de-sarma\/","title":{"rendered":"Wireclub"},"content":{"rendered":"<p>S-ar putea s\u0103 v\u0103 fi auzit prietenii l\u0103ud\u00e2ndu-se c\u0103 au mai multe site-uri online <a href=\"https:\/\/strangercam.com\/ro\/chatroulette\/\">chat<\/a> conturi \u0219i s\u0103 v\u0103 face\u021bi noi prieteni. Este suficient de bun pentru a v\u0103 atrage s\u0103 \u00eencerca\u021bi s\u0103 v\u0103 deschide\u021bi un cont la wireclub pentru a \u00eencepe s\u0103 discuta\u021bi cu oameni care g\u00e2ndesc la fel. Cu siguran\u021b\u0103 v\u0103 ve\u021bi bucura de experien\u021ba \u0219i emo\u021bia pe care le ve\u021bi ob\u021bine din chat-ul online cu necunoscu\u021bi. Este ceva ce nu poate fi explicat, ci sim\u021bit \u00een persoan\u0103.<\/p>\n<p>V-a\u021bi g\u00e2ndit vreodat\u0103 s\u0103 v\u0103 face\u021bi noi prieteni \u00een \u00eentreaga lume? Dac\u0103 nu, este timpul s\u0103 v\u0103 g\u00e2ndi\u021bi la aceast\u0103 experien\u021b\u0103 fantastic\u0103. Este at\u00e2t de bine s\u0103 te g\u00e2nde\u0219ti m\u0103car c\u0103 ai o persoan\u0103 cu care po\u021bi discuta orice f\u0103r\u0103 nicio team\u0103. Wireclub v\u0103 ofer\u0103 aceast\u0103 oportunitate fantastic\u0103.<br \/>\nWireclub v\u0103 permite s\u0103 selecta\u021bi din sute de camere de chat gratuite. De asemenea, pute\u021bi ajunge la mesajele dvs. \u0219i la camerele de chat. Alte persoane se vor al\u0103tura camerei dvs. de chat, iar dvs. pute\u021bi vorbi cu ele.<\/p>\n<p>Deci, ce mai a\u0219tep\u021bi? Du-te \u0219i \u00eenscrie-te imediat!<\/p>\n<h2>Utilizarea sesiunilor de chat<\/h2>\n<p>De\u0219i telefoanele mobile sunt prezente pentru a discuta, este destul de rar s\u0103 dai peste cineva care nu este cunoscut \u00een re\u021beaua ta. \u00cen plus, apelarea prietenilor din str\u0103in\u0103tate \u00eenseamn\u0103 s\u0103 pl\u0103ti\u021bi o factur\u0103 uria\u0219\u0103. Cu camerele de chat online, \u00eens\u0103, pute\u021bi s\u0103 discuta\u021bi gratuit.<br \/>\nUnele portaluri precum Wireclub permit, de asemenea <a href=\"https:\/\/strangercam.com\/ro\/rabbit-video-chat\/\">video<\/a> chat. Aceasta \u00eenseamn\u0103 c\u0103 am\u00e2ndoi v\u0103 pute\u021bi vedea \u00een timp real \u0219i pute\u021bi discuta f\u0103r\u0103 niciun deranj. De asemenea, nu trebuie s\u0103 v\u0103 face\u021bi griji cu privire la facturile telefonice umflate. Totul este accesibil aici. Pute\u021bi suna pe oricine f\u0103r\u0103 s\u0103 v\u0103 face\u021bi griji cu privire la facturile uria\u0219e.<\/p>\n<h2>Modul anonim<\/h2>\n<p>Este u\u0219or s\u0103 discut\u0103m cu persoanele pe care le cunoa\u0219tem. Cu toate acestea, s-a observat c\u0103 oamenii sunt adesea dezam\u0103gi\u021bi atunci c\u00e2nd \u00eencearc\u0103 s\u0103 \u00ee\u0219i \u00eemp\u0103rt\u0103\u0219easc\u0103 fiin\u021ba real\u0103 \u0219i emo\u021biile sincere cu alte persoane din jurul lor. Este o realitate trist\u0103.<\/p>\n<p>Wireclub a f\u0103cut un efort excelent pentru a elimina aceast\u0103 problem\u0103. Ei ofer\u0103 acestor persoane o oportunitate excelent\u0103 de a vorbi cu oricine f\u0103r\u0103 nicio team\u0103. Pute\u021bi alege \u021bara de interes \u0219i sexul dorit. Apoi ve\u021bi fi direc\u021bionat c\u0103tre persoana cea mai potrivit\u0103 \u00een func\u021bie de preferin\u021bele descrise.<\/p>\n<p>Apoi pute\u021bi vorbi cu persoana respectiv\u0103 \u00eentr-un mod complet anonim. Ei nu \u0219tiu cine sunte\u021bi \u0219i nu vor afla niciodat\u0103. Deci, este \u00een siguran\u021b\u0103 <a href=\"https:\/\/strangercam.com\/ro\/mocospatiu\/\">spa\u021biu<\/a>. Spune\u021bi ce vre\u021bi s\u0103 spune\u021bi \u0219i \u00eentreba\u021bi ce vre\u021bi s\u0103 \u00eentreba\u021bi!<\/p>\n<h2>Facilit\u0103\u021bi oferite<\/h2>\n<p>Camerele de chat online v\u0103 ofer\u0103 posibilitatea de a discuta gratuit cu persoane cunoscute \u0219i cu str\u0103ini. Unele v\u0103 pot cere s\u0103 pl\u0103ti\u021bi o sum\u0103 mic\u0103 pentru a v\u0103 bucura de chat privat pe subiectele pe care le alege\u021bi. \u00cen primul r\u00e2nd, ar fi \u00een\u021belept din partea dvs. s\u0103 face\u021bi c\u00e2teva cercet\u0103ri \u0219i s\u0103 v\u0103 al\u0103tura\u021bi unui portal reputat precum wireclub. \u00cen acest fel, pute\u021bi fi \u00een siguran\u021b\u0103 \u0219i pute\u021bi sc\u0103pa de toate grijile.<\/p>\n<h2>Chat live gratuit<\/h2>\n<p>Gratuit <a href=\"https:\/\/strangercam.com\/ro\/mili\/\">\u00een direct<\/a> chat? Numai Wireclub poate face asta!<\/p>\n<p>Da, a\u021bi citit bine! Chat live gratuit cu oameni din \u00eentreaga lume. Nu trebuie s\u0103 v\u0103 face\u021bi griji cu privire la soldul contului dvs. Tot ce trebuie s\u0103 v\u0103 preocupe este s\u0103 g\u0103si\u021bi persoana potrivit\u0103 cu care s\u0103 discuta\u021bi!<\/p>\n<p>Fiecare platform\u0103 de chat online ofer\u0103 ceva unic, iar lucrul unic pe care \u00eel ofer\u0103 Wireclub sunt facilit\u0103\u021bile sale gratuite de chat live. Totul este gratuit. Trebuie doar s\u0103 folosi\u021bi aceast\u0103 oportunitate uimitoare \u00een favoarea dvs.<\/p>\n<p>Free live chat este o oportunitate de chat \u00een timp real. Sistemul nostru va g\u0103si o potrivire potrivit\u0103 pentru dvs. Wireclub v\u0103 va conecta cu persoana aflat\u0103 la cel\u0103lalt cap\u0103t al firului dup\u0103 ce v\u0103 decide\u021bi s\u0103 discuta\u021bi cu persoana respectiv\u0103. Nu vor exista niciun fel de taxe pentru tot acest proces. V\u0103 pute\u021bi bucura de toate acestea gratuit.<\/p>\n<h2>Luarea m\u0103surilor de precau\u021bie adecvate<\/h2>\n<p>S\u0103 vorbe\u0219ti cu un str\u0103in pentru prima dat\u0103 poate p\u0103rea destul de interesant. Dar nu v\u0103 l\u0103sa\u021bi du\u0219i de val. Nu v\u0103 distra\u021bi cu str\u0103inii oferindu-le detaliile dumneavoastr\u0103, cum ar fi num\u0103rul de contact sau adresa. Mai multe cazuri v\u0103 pot pune \u00een situa\u021bii st\u00e2njenitoare din cauza deciziilor gre\u0219ite luate. Dac\u0103 este prima dat\u0103 c\u00e2nd vizita\u021bi un nou portal de chat, \u00eencerca\u021bi s\u0103 v\u0103 limita\u021bi doar la persoanele cunoscute. La \u00eencheierea sesiunii de chat, nu uita\u021bi s\u0103 elimina\u021bi cookie-urile \u0219i istoricul sesiunii de pe smartphone sau laptop. S-ar putea s\u0103 existe persoane care trag cu urechea \u0219i caut\u0103 oameni nevinova\u021bi. Ace\u0219tia pot a\u0219tepta r\u0103bd\u0103tori s\u0103 v\u0103 fure datele vitale, cum ar fi contul bancar, detaliile cardului de credit \u0219i alte informa\u021bii vitale.<\/p>\n<p>\u00cen timpul chat-ului, asigura\u021bi-v\u0103 c\u0103 nu utiliza\u021bi un alt browser pentru a v\u0103 accesa cardul de credit sau contul bancar, deoarece nu va fi sigur. Dac\u0103 v-a\u021bi f\u0103cut un nou prieten, pur \u0219i simplu discuta\u021bi cu el prin chat vocal sau prin SMS. Evita\u021bi <a href=\"https:\/\/strangercam.com\/ro\/bazoocam\/\">came<\/a> sesiuni.<\/p>\n<p>Lu\u00e2nd m\u0103surile de precau\u021bie adecvate, ve\u021bi fi \u00een siguran\u021b\u0103 \u0219i v\u0103 ve\u021bi bucura s\u0103 v\u0103 face\u021bi noi prieteni online.<\/p>\n<h2>Camere de chat gratuite<\/h2>\n<p>Ce poate fi mai bine dec\u00e2t s\u0103 prime\u0219ti gratuit lucrurile pe care \u021bi le dore\u0219ti!<\/p>\n<p>Aceasta este ceea ce face din Wireclub o platform\u0103 de videochat online incredibil\u0103 \u0219i orientat\u0103 c\u0103tre utilizator. Pute\u021bi s\u0103 discuta\u021bi gratuit \u00een cadrul camerelor. Tot ce trebuie s\u0103 face\u021bi este s\u0103 v\u0103 conecta\u021bi. Exist\u0103 mii de persoane \u00eentr-o singur\u0103 camer\u0103 de chat. Dac\u0103 nu sunte\u021bi o persoan\u0103 aglomerat\u0103, v\u0103 pute\u021bi reg\u0103si \u0219i \u00eentr-o camer\u0103 de chat mai pu\u021bin aglomerat\u0103. Exist\u0103 o mul\u021bime de op\u021biuni din care s\u0103 alege\u021bi \u00een func\u021bie de nevoile \u0219i dorin\u021bele dumneavoastr\u0103.<\/p>\n<p>Camerele de chat gratuite sunt o mare surs\u0103 de relaxare. Pute\u021bi discuta cu oricine \u0219i v\u0103 pute\u021bi \u00eemp\u0103rt\u0103\u0219i sentimentele \u0219i g\u00e2ndurile f\u0103r\u0103 teama de a fi judeca\u021bi. Aceste camere de chat ofer\u0103 o experien\u021b\u0103 s\u0103n\u0103toas\u0103 de chat cu str\u0103ini.<\/p>","protected":false},"excerpt":{"rendered":"<p>It could be that you have heard your friends boasting of having several online chat accounts and making new friends. It is good enough to lure you to try opening an account with wireclub to initiate chatting with like-minded people. You are sure to enjoy the experience and thrill that you are to derive from [&hellip;]<\/p>\n","protected":false},"author":6,"featured_media":559,"parent":0,"menu_order":0,"comment_status":"closed","ping_status":"closed","template":"","meta":{"footnotes":""},"class_list":["post-8588","page","type-page","status-publish","has-post-thumbnail","hentry"],"yoast_head":"<!-- This site is optimized with the Yoast SEO plugin v26.9 - https:\/\/yoast.com\/product\/yoast-seo-wordpress\/ -->\n<title>Wireclub - Anonymous Chat For Two - Cam on StrangerCam.com<\/title>\n<meta name=\"description\" content=\"Like Wireclub? Come chat with more than 5.000.000 strangers on Stranger Cam for Free! Turn on your cam and find new friends &amp; maby a match!\" \/>\n<meta name=\"robots\" content=\"index, follow, max-snippet:-1, max-image-preview:large, max-video-preview:-1\" \/>\n<link rel=\"canonical\" href=\"https:\/\/strangercam.com\/ro\/club-de-sarma\/\" \/>\n<meta property=\"og:locale\" content=\"ro_RO\" \/>\n<meta property=\"og:type\" content=\"article\" \/>\n<meta property=\"og:title\" content=\"Wireclub - Anonymous Chat For Two - Cam on StrangerCam.com\" \/>\n<meta property=\"og:description\" content=\"Like Wireclub? Come chat with more than 5.000.000 strangers on Stranger Cam for Free! Turn on your cam and find new friends &amp; maby a match!\" \/>\n<meta property=\"og:url\" content=\"https:\/\/strangercam.com\/ro\/club-de-sarma\/\" \/>\n<meta property=\"og:site_name\" content=\"Strangercam\" \/>\n<meta property=\"article:publisher\" content=\"https:\/\/www.facebook.com\/strangercam\" \/>\n<meta property=\"article:modified_time\" content=\"2023-08-21T10:47:57+00:00\" \/>\n<meta property=\"og:image\" content=\"https:\/\/strangercam.com\/wp-content\/uploads\/2020\/11\/stranger-cam-1.png\" \/>\n\t<meta property=\"og:image:width\" content=\"800\" \/>\n\t<meta property=\"og:image:height\" content=\"800\" \/>\n\t<meta property=\"og:image:type\" content=\"image\/png\" \/>\n<meta name=\"twitter:card\" content=\"summary_large_image\" \/>\n<meta name=\"twitter:site\" content=\"@strangercamapp\" \/>\n<meta name=\"twitter:label1\" content=\"Timp estimat pentru citire\" \/>\n\t<meta name=\"twitter:data1\" content=\"4 minute\" \/>\n<script type=\"application\/ld+json\" class=\"yoast-schema-graph\">{\"@context\":\"https:\/\/schema.org\",\"@graph\":[{\"@type\":\"WebPage\",\"@id\":\"https:\/\/strangercam.com\/wireclub\/\",\"url\":\"https:\/\/strangercam.com\/wireclub\/\",\"name\":\"Wireclub - Anonymous Chat For Two - Cam on StrangerCam.com\",\"isPartOf\":{\"@id\":\"https:\/\/strangercam.com\/#website\"},\"primaryImageOfPage\":{\"@id\":\"https:\/\/strangercam.com\/wireclub\/#primaryimage\"},\"image\":{\"@id\":\"https:\/\/strangercam.com\/wireclub\/#primaryimage\"},\"thumbnailUrl\":\"https:\/\/strangercam.com\/wp-content\/uploads\/2020\/11\/stranger-cam-1.png\",\"datePublished\":\"2021-10-18T09:30:39+00:00\",\"dateModified\":\"2023-08-21T10:47:57+00:00\",\"description\":\"Like Wireclub? Come chat with more than 5.000.000 strangers on Stranger Cam for Free! Turn on your cam and find new friends & maby a match!\",\"breadcrumb\":{\"@id\":\"https:\/\/strangercam.com\/wireclub\/#breadcrumb\"},\"inLanguage\":\"ro-RO\",\"potentialAction\":[{\"@type\":\"ReadAction\",\"target\":[\"https:\/\/strangercam.com\/wireclub\/\"]}]},{\"@type\":\"ImageObject\",\"inLanguage\":\"ro-RO\",\"@id\":\"https:\/\/strangercam.com\/wireclub\/#primaryimage\",\"url\":\"https:\/\/strangercam.com\/wp-content\/uploads\/2020\/11\/stranger-cam-1.png\",\"contentUrl\":\"https:\/\/strangercam.com\/wp-content\/uploads\/2020\/11\/stranger-cam-1.png\",\"width\":800,\"height\":800,\"caption\":\"stranger cam random video chat\"},{\"@type\":\"BreadcrumbList\",\"@id\":\"https:\/\/strangercam.com\/wireclub\/#breadcrumb\",\"itemListElement\":[{\"@type\":\"ListItem\",\"position\":1,\"name\":\"Home\",\"item\":\"https:\/\/strangercam.com\/\"},{\"@type\":\"ListItem\",\"position\":2,\"name\":\"Wireclub\"}]},{\"@type\":\"WebSite\",\"@id\":\"https:\/\/strangercam.com\/#website\",\"url\":\"https:\/\/strangercam.com\/\",\"name\":\"Strangercam\",\"description\":\"Random Video Chat with Strangers\",\"publisher\":{\"@id\":\"https:\/\/strangercam.com\/#organization\"},\"alternateName\":\"Strangercam.com\",\"potentialAction\":[{\"@type\":\"SearchAction\",\"target\":{\"@type\":\"EntryPoint\",\"urlTemplate\":\"https:\/\/strangercam.com\/?s={search_term_string}\"},\"query-input\":{\"@type\":\"PropertyValueSpecification\",\"valueRequired\":true,\"valueName\":\"search_term_string\"}}],\"inLanguage\":\"ro-RO\"},{\"@type\":\"Organization\",\"@id\":\"https:\/\/strangercam.com\/#organization\",\"name\":\"Strangercam\",\"alternateName\":\"Strangercam.com\",\"url\":\"https:\/\/strangercam.com\/\",\"logo\":{\"@type\":\"ImageObject\",\"inLanguage\":\"ro-RO\",\"@id\":\"https:\/\/strangercam.com\/#\/schema\/logo\/image\/\",\"url\":\"https:\/\/strangercam.com\/wp-content\/uploads\/2020\/11\/cropped-new-favicon-black.png\",\"contentUrl\":\"https:\/\/strangercam.com\/wp-content\/uploads\/2020\/11\/cropped-new-favicon-black.png\",\"width\":512,\"height\":512,\"caption\":\"Strangercam\"},\"image\":{\"@id\":\"https:\/\/strangercam.com\/#\/schema\/logo\/image\/\"},\"sameAs\":[\"https:\/\/www.facebook.com\/strangercam\",\"https:\/\/x.com\/strangercamapp\"]}]}<\/script>\n<!-- \/ Yoast SEO plugin. -->","yoast_head_json":{"title":"Wireclub - Chat anonim pentru doi - Cam pe StrangerCam.com","description":"\u00ce\u021bi place Wireclub? Vino s\u0103 vorbe\u0219ti cu mai mult de 5.000.000 de str\u0103ini pe Stranger Cam gratuit! Porne\u0219te-\u021bi camera \u0219i g\u0103se\u0219te prieteni noi \u0219i poate o pereche!","robots":{"index":"index","follow":"follow","max-snippet":"max-snippet:-1","max-image-preview":"max-image-preview:large","max-video-preview":"max-video-preview:-1"},"canonical":"https:\/\/strangercam.com\/ro\/club-de-sarma\/","og_locale":"ro_RO","og_type":"article","og_title":"Wireclub - Anonymous Chat For Two - Cam on StrangerCam.com","og_description":"Like Wireclub? Come chat with more than 5.000.000 strangers on Stranger Cam for Free! Turn on your cam and find new friends & maby a match!","og_url":"https:\/\/strangercam.com\/ro\/club-de-sarma\/","og_site_name":"Strangercam","article_publisher":"https:\/\/www.facebook.com\/strangercam","article_modified_time":"2023-08-21T10:47:57+00:00","og_image":[{"width":800,"height":800,"url":"https:\/\/strangercam.com\/wp-content\/uploads\/2020\/11\/stranger-cam-1.png","type":"image\/png"}],"twitter_card":"summary_large_image","twitter_site":"@strangercamapp","twitter_misc":{"Timp estimat pentru citire":"4 minute"},"schema":{"@context":"https:\/\/schema.org","@graph":[{"@type":"WebPage","@id":"https:\/\/strangercam.com\/wireclub\/","url":"https:\/\/strangercam.com\/wireclub\/","name":"Wireclub - Chat anonim pentru doi - Cam pe StrangerCam.com","isPartOf":{"@id":"https:\/\/strangercam.com\/#website"},"primaryImageOfPage":{"@id":"https:\/\/strangercam.com\/wireclub\/#primaryimage"},"image":{"@id":"https:\/\/strangercam.com\/wireclub\/#primaryimage"},"thumbnailUrl":"https:\/\/strangercam.com\/wp-content\/uploads\/2020\/11\/stranger-cam-1.png","datePublished":"2021-10-18T09:30:39+00:00","dateModified":"2023-08-21T10:47:57+00:00","description":"\u00ce\u021bi place Wireclub? Vino s\u0103 vorbe\u0219ti cu mai mult de 5.000.000 de str\u0103ini pe Stranger Cam gratuit! Porne\u0219te-\u021bi camera \u0219i g\u0103se\u0219te prieteni noi \u0219i poate o pereche!","breadcrumb":{"@id":"https:\/\/strangercam.com\/wireclub\/#breadcrumb"},"inLanguage":"ro-RO","potentialAction":[{"@type":"ReadAction","target":["https:\/\/strangercam.com\/wireclub\/"]}]},{"@type":"ImageObject","inLanguage":"ro-RO","@id":"https:\/\/strangercam.com\/wireclub\/#primaryimage","url":"https:\/\/strangercam.com\/wp-content\/uploads\/2020\/11\/stranger-cam-1.png","contentUrl":"https:\/\/strangercam.com\/wp-content\/uploads\/2020\/11\/stranger-cam-1.png","width":800,"height":800,"caption":"stranger cam random video chat"},{"@type":"BreadcrumbList","@id":"https:\/\/strangercam.com\/wireclub\/#breadcrumb","itemListElement":[{"@type":"ListItem","position":1,"name":"Home","item":"https:\/\/strangercam.com\/"},{"@type":"ListItem","position":2,"name":"Wireclub"}]},{"@type":"WebSite","@id":"https:\/\/strangercam.com\/#website","url":"https:\/\/strangercam.com\/","name":"Strangercam","description":"Chat video aleatoriu cu str\u0103ini","publisher":{"@id":"https:\/\/strangercam.com\/#organization"},"alternateName":"Strangercam.com","potentialAction":[{"@type":"SearchAction","target":{"@type":"EntryPoint","urlTemplate":"https:\/\/strangercam.com\/?s={search_term_string}"},"query-input":{"@type":"PropertyValueSpecification","valueRequired":true,"valueName":"search_term_string"}}],"inLanguage":"ro-RO"},{"@type":"Organization","@id":"https:\/\/strangercam.com\/#organization","name":"Strangercam","alternateName":"Strangercam.com","url":"https:\/\/strangercam.com\/","logo":{"@type":"ImageObject","inLanguage":"ro-RO","@id":"https:\/\/strangercam.com\/#\/schema\/logo\/image\/","url":"https:\/\/strangercam.com\/wp-content\/uploads\/2020\/11\/cropped-new-favicon-black.png","contentUrl":"https:\/\/strangercam.com\/wp-content\/uploads\/2020\/11\/cropped-new-favicon-black.png","width":512,"height":512,"caption":"Strangercam"},"image":{"@id":"https:\/\/strangercam.com\/#\/schema\/logo\/image\/"},"sameAs":["https:\/\/www.facebook.com\/strangercam","https:\/\/x.com\/strangercamapp"]}]}},"_links":{"self":[{"href":"https:\/\/strangercam.com\/ro\/wp-json\/wp\/v2\/pages\/8588","targetHints":{"allow":["GET"]}}],"collection":[{"href":"https:\/\/strangercam.com\/ro\/wp-json\/wp\/v2\/pages"}],"about":[{"href":"https:\/\/strangercam.com\/ro\/wp-json\/wp\/v2\/types\/page"}],"author":[{"embeddable":true,"href":"https:\/\/strangercam.com\/ro\/wp-json\/wp\/v2\/users\/6"}],"replies":[{"embeddable":true,"href":"https:\/\/strangercam.com\/ro\/wp-json\/wp\/v2\/comments?post=8588"}],"version-history":[{"count":0,"href":"https:\/\/strangercam.com\/ro\/wp-json\/wp\/v2\/pages\/8588\/revisions"}],"wp:featuredmedia":[{"embeddable":true,"href":"https:\/\/strangercam.com\/ro\/wp-json\/wp\/v2\/media\/559"}],"wp:attachment":[{"href":"https:\/\/strangercam.com\/ro\/wp-json\/wp\/v2\/media?parent=8588"}],"curies":[{"name":"wp","href":"https:\/\/api.w.org\/{rel}","templated":true}]}}