{"id":8554,"date":"2021-10-18T10:33:50","date_gmt":"2021-10-18T08:33:50","guid":{"rendered":"https:\/\/strangercam.com\/?page_id=8554"},"modified":"2025-01-23T12:08:04","modified_gmt":"2025-01-23T10:08:04","slug":"restituire","status":"publish","type":"page","link":"https:\/\/strangercam.com\/ro\/restituire\/","title":{"rendered":"Ramburs\u0103ri \u0219i taxare \u00eenapoi"},"content":{"rendered":"<p>V\u0103 mul\u021bumim pentru utilizarea site-ului nostru web. V\u0103 rug\u0103m s\u0103 re\u021bine\u021bi c\u0103 toate facturile, ramburs\u0103rile \u0219i asisten\u021ba pentru clien\u021bi pentru serviciile achizi\u021bionate prin intermediul linkurilor de pe site-ul nostru web sunt gestionate de <a href=\"https:\/\/strangercam.com\/ro\/coomeet\/\">Coomeet<\/a>. \u00cen calitate de afiliat, nu proces\u0103m pl\u0103\u021bi, nu efectu\u0103m ramburs\u0103ri \u0219i nu gestion\u0103m solicit\u0103rile clien\u021bilor pentru aceste tranzac\u021bii.<\/p>\n<ol>\n<li><strong>Produse \u0219i servicii digitale<\/strong><br \/>\nSite-ul nostru poate promova produse \u0219i servicii digitale netransmisibile \u0219i irevocabile oferite de Coomeet. \u00cenainte de a face o achizi\u021bie, v\u0103 rug\u0103m s\u0103 analiza\u021bi cu aten\u021bie detaliile produsului sau serviciului pentru a v\u0103 asigura c\u0103 acesta corespunde a\u0219tept\u0103rilor dumneavoastr\u0103. Dac\u0103 ave\u021bi \u00eentreb\u0103ri cu privire la natura produsului sau a serviciului, v\u0103 rug\u0103m s\u0103 contacta\u021bi echipa de asisten\u021b\u0103 a Coomeet pentru clarific\u0103ri \u00eenainte de a efectua plata.<\/li>\n<li><strong>Restituiri<\/strong><br \/>\nDeoarece Coomeet se ocup\u0103 de facturare, ei vor determina dac\u0103 sunte\u021bi eligibil pentru o rambursare \u00een conformitate cu politicile lor. Restituirile pot fi acordate \u00een circumstan\u021be specifice (de exemplu, pl\u0103\u021bi duplicate sau erori tehnice). Pentru a solicita o rambursare, v\u0103 rug\u0103m s\u0103 urma\u021bi procesul desemnat de Coomeet \u0219i s\u0103 contacta\u021bi echipa lor de asisten\u021b\u0103 cu urm\u0103toarele informa\u021bii:<\/p>\n<ul>\n<li>Data pl\u0103\u021bii, valoarea pl\u0103\u021bii \u0219i metoda de plat\u0103<\/li>\n<li>Num\u0103rul comenzii\/pl\u0103\u021bii\/tranzac\u021biei (sau alte detalii de identificare)<\/li>\n<li>Motivul pentru cererea de rambursare<\/li>\n<\/ul>\n<p>\u00cen cazul \u00een care se aprob\u0103 o rambursare, v\u0103 rug\u0103m s\u0103 re\u021bine\u021bi c\u0103 timpul de procesare al cardului de credit sau al b\u0103ncii poate varia \u0219i variaz\u0103 de obicei \u00eentre 3-10 zile lucr\u0103toare. Orice \u00eentreb\u0103ri cu privire la starea sau momentul ramburs\u0103rii dvs. trebuie adresate serviciului de asisten\u021b\u0103 pentru clien\u021bi Coomeet.<\/li>\n<li><strong>Re\u00eenc\u0103rc\u0103ri<\/strong><br \/>\n\u00cen cazul unei retroced\u0103ri, Coomeet va efectua o investiga\u021bie am\u0103nun\u021bit\u0103 a tranzac\u021biei. V\u0103 rug\u0103m s\u0103 fi\u021bi con\u0219tien\u021bi de faptul c\u0103 ini\u021bierea unei retroced\u0103ri false sau frauduloase poate duce la restric\u021bionarea contului dvs. \u0219i a abonamentelor viitoare. Dac\u0103 ave\u021bi nevoie de ajutor sau clarific\u0103ri cu privire la facturarea dvs., v\u0103 rug\u0103m s\u0103 contacta\u021bi echipa de asisten\u021b\u0103 Coomeet \u00eenainte de a recurge la un chargeback.<\/li>\n<li><strong>Leg\u0103turi \u0219i servicii ale ter\u021bilor<\/strong><br \/>\nSite-ul nostru poate avea leg\u0103turi c\u0103tre site-uri \u0219i aplica\u021bii externe operate de ter\u021bi (inclusiv Coomeet). Clien\u021bii care achizi\u021bioneaz\u0103 produse sau servicii de la ace\u0219ti furnizori sunt supu\u0219i termenilor, condi\u021biilor \u0219i procedurilor de rambursare ale furnizorului respectiv. Dac\u0103 \u00eent\u00e2mpina\u021bi probleme sau ave\u021bi nel\u0103muriri, v\u0103 rug\u0103m s\u0103 contacta\u021bi direct furnizorul de servicii ter\u021b relevant.<\/li>\n<li><strong>Contacta\u021bi-ne<\/strong><br \/>\nDac\u0103 ave\u021bi \u00eentreb\u0103ri generale cu privire la afilierea noastr\u0103 cu Coomeet sau la con\u021binutul de pe site-ul nostru, v\u0103 rug\u0103m s\u0103 <a href=\"https:\/\/strangercam.com\/ro\/chat4free\/\">liber<\/a> s\u0103 ne contacta\u021bi prin intermediul paginii noastre de contact. Cu toate acestea, v\u0103 rug\u0103m s\u0103 re\u021bine\u021bi c\u0103 toate \u00eentreb\u0103rile privind facturarea \u0219i rambursarea trebuie adresate serviciului de asisten\u021b\u0103 pentru clien\u021bi al Coomeet.<\/li>\n<\/ol>\n<p>V\u0103 mul\u021bumim pentru \u00een\u021belegere \u0219i cooperare. Apreciem sprijinul dumneavoastr\u0103 \u0219i ne str\u0103duim s\u0103 asigur\u0103m o experien\u021b\u0103 f\u0103r\u0103 probleme.<\/p>","protected":false},"excerpt":{"rendered":"<p>Thank you for using our Website. Please note that all billing, chargebacks, and customer support for services purchased through links on our Website are handled by Coomeet. As an affiliate, we do not process payments, issue refunds, or manage customer inquiries for these transactions. Digital Products &amp; Services Our Website may promote non-tangible, irrevocable digital [&hellip;]<\/p>\n","protected":false},"author":1,"featured_media":0,"parent":0,"menu_order":0,"comment_status":"closed","ping_status":"closed","template":"","meta":{"footnotes":""},"class_list":["post-8554","page","type-page","status-publish","hentry"],"yoast_head":"<!-- This site is optimized with the Yoast SEO plugin v26.9 - https:\/\/yoast.com\/product\/yoast-seo-wordpress\/ -->\n<title>Refunds &amp; Chargeback - Strangercam<\/title>\n<meta name=\"robots\" content=\"index, follow, max-snippet:-1, max-image-preview:large, max-video-preview:-1\" \/>\n<link rel=\"canonical\" href=\"https:\/\/strangercam.com\/ro\/restituire\/\" \/>\n<meta property=\"og:locale\" content=\"ro_RO\" \/>\n<meta property=\"og:type\" content=\"article\" \/>\n<meta property=\"og:title\" content=\"Refunds &amp; Chargeback - Strangercam\" \/>\n<meta property=\"og:description\" content=\"Thank you for using our Website. Please note that all billing, chargebacks, and customer support for services purchased through links on our Website are handled by Coomeet. As an affiliate, we do not process payments, issue refunds, or manage customer inquiries for these transactions. Digital Products &amp; Services Our Website may promote non-tangible, irrevocable digital [&hellip;]\" \/>\n<meta property=\"og:url\" content=\"https:\/\/strangercam.com\/ro\/restituire\/\" \/>\n<meta property=\"og:site_name\" content=\"Strangercam\" \/>\n<meta property=\"article:publisher\" content=\"https:\/\/www.facebook.com\/strangercam\" \/>\n<meta property=\"article:modified_time\" content=\"2025-01-23T10:08:04+00:00\" \/>\n<meta property=\"og:image\" content=\"https:\/\/strangercam.com\/wp-content\/uploads\/2021\/10\/Untitled-2.png\" \/>\n\t<meta property=\"og:image:width\" content=\"800\" \/>\n\t<meta property=\"og:image:height\" content=\"532\" \/>\n\t<meta property=\"og:image:type\" content=\"image\/png\" \/>\n<meta name=\"twitter:card\" content=\"summary_large_image\" \/>\n<meta name=\"twitter:site\" content=\"@strangercamapp\" \/>\n<meta name=\"twitter:label1\" content=\"Timp estimat pentru citire\" \/>\n\t<meta name=\"twitter:data1\" content=\"2 minute\" \/>\n<script type=\"application\/ld+json\" class=\"yoast-schema-graph\">{\"@context\":\"https:\/\/schema.org\",\"@graph\":[{\"@type\":\"WebPage\",\"@id\":\"https:\/\/strangercam.com\/refund\/\",\"url\":\"https:\/\/strangercam.com\/refund\/\",\"name\":\"Refunds & Chargeback - Strangercam\",\"isPartOf\":{\"@id\":\"https:\/\/strangercam.com\/#website\"},\"datePublished\":\"2021-10-18T08:33:50+00:00\",\"dateModified\":\"2025-01-23T10:08:04+00:00\",\"breadcrumb\":{\"@id\":\"https:\/\/strangercam.com\/refund\/#breadcrumb\"},\"inLanguage\":\"ro-RO\",\"potentialAction\":[{\"@type\":\"ReadAction\",\"target\":[\"https:\/\/strangercam.com\/refund\/\"]}]},{\"@type\":\"BreadcrumbList\",\"@id\":\"https:\/\/strangercam.com\/refund\/#breadcrumb\",\"itemListElement\":[{\"@type\":\"ListItem\",\"position\":1,\"name\":\"Home\",\"item\":\"https:\/\/strangercam.com\/\"},{\"@type\":\"ListItem\",\"position\":2,\"name\":\"Refunds &#038; Chargeback\"}]},{\"@type\":\"WebSite\",\"@id\":\"https:\/\/strangercam.com\/#website\",\"url\":\"https:\/\/strangercam.com\/\",\"name\":\"Strangercam\",\"description\":\"Random Video Chat with Strangers\",\"publisher\":{\"@id\":\"https:\/\/strangercam.com\/#organization\"},\"alternateName\":\"Strangercam.com\",\"potentialAction\":[{\"@type\":\"SearchAction\",\"target\":{\"@type\":\"EntryPoint\",\"urlTemplate\":\"https:\/\/strangercam.com\/?s={search_term_string}\"},\"query-input\":{\"@type\":\"PropertyValueSpecification\",\"valueRequired\":true,\"valueName\":\"search_term_string\"}}],\"inLanguage\":\"ro-RO\"},{\"@type\":\"Organization\",\"@id\":\"https:\/\/strangercam.com\/#organization\",\"name\":\"Strangercam\",\"alternateName\":\"Strangercam.com\",\"url\":\"https:\/\/strangercam.com\/\",\"logo\":{\"@type\":\"ImageObject\",\"inLanguage\":\"ro-RO\",\"@id\":\"https:\/\/strangercam.com\/#\/schema\/logo\/image\/\",\"url\":\"https:\/\/strangercam.com\/wp-content\/uploads\/2020\/11\/cropped-new-favicon-black.png\",\"contentUrl\":\"https:\/\/strangercam.com\/wp-content\/uploads\/2020\/11\/cropped-new-favicon-black.png\",\"width\":512,\"height\":512,\"caption\":\"Strangercam\"},\"image\":{\"@id\":\"https:\/\/strangercam.com\/#\/schema\/logo\/image\/\"},\"sameAs\":[\"https:\/\/www.facebook.com\/strangercam\",\"https:\/\/x.com\/strangercamapp\"]}]}<\/script>\n<!-- \/ Yoast SEO plugin. -->","yoast_head_json":{"title":"Ramburs\u0103ri \u0219i ramburs\u0103ri - Strangercam","robots":{"index":"index","follow":"follow","max-snippet":"max-snippet:-1","max-image-preview":"max-image-preview:large","max-video-preview":"max-video-preview:-1"},"canonical":"https:\/\/strangercam.com\/ro\/restituire\/","og_locale":"ro_RO","og_type":"article","og_title":"Refunds & Chargeback - Strangercam","og_description":"Thank you for using our Website. Please note that all billing, chargebacks, and customer support for services purchased through links on our Website are handled by Coomeet. As an affiliate, we do not process payments, issue refunds, or manage customer inquiries for these transactions. Digital Products &amp; Services Our Website may promote non-tangible, irrevocable digital [&hellip;]","og_url":"https:\/\/strangercam.com\/ro\/restituire\/","og_site_name":"Strangercam","article_publisher":"https:\/\/www.facebook.com\/strangercam","article_modified_time":"2025-01-23T10:08:04+00:00","og_image":[{"width":800,"height":532,"url":"https:\/\/strangercam.com\/wp-content\/uploads\/2021\/10\/Untitled-2.png","type":"image\/png"}],"twitter_card":"summary_large_image","twitter_site":"@strangercamapp","twitter_misc":{"Timp estimat pentru citire":"2 minute"},"schema":{"@context":"https:\/\/schema.org","@graph":[{"@type":"WebPage","@id":"https:\/\/strangercam.com\/refund\/","url":"https:\/\/strangercam.com\/refund\/","name":"Ramburs\u0103ri \u0219i ramburs\u0103ri - Strangercam","isPartOf":{"@id":"https:\/\/strangercam.com\/#website"},"datePublished":"2021-10-18T08:33:50+00:00","dateModified":"2025-01-23T10:08:04+00:00","breadcrumb":{"@id":"https:\/\/strangercam.com\/refund\/#breadcrumb"},"inLanguage":"ro-RO","potentialAction":[{"@type":"ReadAction","target":["https:\/\/strangercam.com\/refund\/"]}]},{"@type":"BreadcrumbList","@id":"https:\/\/strangercam.com\/refund\/#breadcrumb","itemListElement":[{"@type":"ListItem","position":1,"name":"Home","item":"https:\/\/strangercam.com\/"},{"@type":"ListItem","position":2,"name":"Refunds &#038; Chargeback"}]},{"@type":"WebSite","@id":"https:\/\/strangercam.com\/#website","url":"https:\/\/strangercam.com\/","name":"Strangercam","description":"Chat video aleatoriu cu str\u0103ini","publisher":{"@id":"https:\/\/strangercam.com\/#organization"},"alternateName":"Strangercam.com","potentialAction":[{"@type":"SearchAction","target":{"@type":"EntryPoint","urlTemplate":"https:\/\/strangercam.com\/?s={search_term_string}"},"query-input":{"@type":"PropertyValueSpecification","valueRequired":true,"valueName":"search_term_string"}}],"inLanguage":"ro-RO"},{"@type":"Organization","@id":"https:\/\/strangercam.com\/#organization","name":"Strangercam","alternateName":"Strangercam.com","url":"https:\/\/strangercam.com\/","logo":{"@type":"ImageObject","inLanguage":"ro-RO","@id":"https:\/\/strangercam.com\/#\/schema\/logo\/image\/","url":"https:\/\/strangercam.com\/wp-content\/uploads\/2020\/11\/cropped-new-favicon-black.png","contentUrl":"https:\/\/strangercam.com\/wp-content\/uploads\/2020\/11\/cropped-new-favicon-black.png","width":512,"height":512,"caption":"Strangercam"},"image":{"@id":"https:\/\/strangercam.com\/#\/schema\/logo\/image\/"},"sameAs":["https:\/\/www.facebook.com\/strangercam","https:\/\/x.com\/strangercamapp"]}]}},"_links":{"self":[{"href":"https:\/\/strangercam.com\/ro\/wp-json\/wp\/v2\/pages\/8554","targetHints":{"allow":["GET"]}}],"collection":[{"href":"https:\/\/strangercam.com\/ro\/wp-json\/wp\/v2\/pages"}],"about":[{"href":"https:\/\/strangercam.com\/ro\/wp-json\/wp\/v2\/types\/page"}],"author":[{"embeddable":true,"href":"https:\/\/strangercam.com\/ro\/wp-json\/wp\/v2\/users\/1"}],"replies":[{"embeddable":true,"href":"https:\/\/strangercam.com\/ro\/wp-json\/wp\/v2\/comments?post=8554"}],"version-history":[{"count":1,"href":"https:\/\/strangercam.com\/ro\/wp-json\/wp\/v2\/pages\/8554\/revisions"}],"predecessor-version":[{"id":12667,"href":"https:\/\/strangercam.com\/ro\/wp-json\/wp\/v2\/pages\/8554\/revisions\/12667"}],"wp:attachment":[{"href":"https:\/\/strangercam.com\/ro\/wp-json\/wp\/v2\/media?parent=8554"}],"curies":[{"name":"wp","href":"https:\/\/api.w.org\/{rel}","templated":true}]}}