{"id":8386,"date":"2024-09-19T11:35:24","date_gmt":"2024-09-19T09:35:24","guid":{"rendered":"https:\/\/strangercam.com\/?page_id=8386"},"modified":"2024-09-19T11:37:00","modified_gmt":"2024-09-19T09:37:00","slug":"chat-avenue","status":"publish","type":"page","link":"https:\/\/strangercam.com\/ro\/chat-avenue\/","title":{"rendered":"Chat Avenue"},"content":{"rendered":"<p><a href=\"https:\/\/strangercam.com\/ro\/chatroulette\/\">Chat<\/a> Avenue, cunoscut \u0219i ca Chat Ave, este una dintre cele mai vechi \u0219i mai populare platforme de chat online disponibile \u00een prezent. \u00cenfiin\u021bat\u0103 \u00een 2000, aceasta a devenit o comunitate vibrant\u0103 \u00een care milioane de oameni din \u00eentreaga lume se reunesc pentru a conversa, a-\u0219i face noi prieteni \u0219i a \u00eemp\u0103rt\u0103\u0219i experien\u021be. Cu peste 7 milioane de vizitatori \u00een fiecare lun\u0103, Chat Avenue ofer\u0103 un mediu dinamic at\u00e2t pentru pasiona\u021bii de chat noi, c\u00e2t \u0219i pentru cei experimenta\u021bi.<\/p>\n<h2>Ce este Chat Avenue?<\/h2>\n<p>Chat Avenue este o platform\u0103 online care ofer\u0103 utilizatorilor acces la camere de chat gratuite care acoper\u0103 o gam\u0103 larg\u0103 de subiecte \u0219i interese. De la conversa\u021bii ocazionale la discu\u021bii mai concentrate, Chat Avenue are ceva pentru toat\u0103 lumea. Platforma este conceput\u0103 pentru a fi u\u0219or de utilizat \u0219i accesibil\u0103 persoanelor de toate v\u00e2rstele \u0219i mediile, f\u0103c\u00e2nd u\u0219or pentru oricine s\u0103 se \u00eenscrie \u0219i s\u0103 \u00eenceap\u0103 s\u0103 discute instantaneu.<\/p>\n<h2>De ce s\u0103 alege\u021bi Chat Avenue?<\/h2>\n<p>Exist\u0103 mai multe motive pentru care Chat Avenue se remarc\u0103 ca o platform\u0103 de chat online de top:<\/p>\n<ul>\n<li><strong>Diverse camere de chat:<\/strong> Cu 20 de camere de chat diferite din care s\u0103 alegi, po\u021bi g\u0103si cea mai potrivit\u0103 pentru interesele tale. Fie c\u0103 e\u0219ti pasionat de muzic\u0103, sport, tehnologie sau cau\u021bi camere de chat specifice v\u00e2rstei, exist\u0103 o <a href=\"https:\/\/strangercam.com\/ro\/mocospatiu\/\">spa\u021biu<\/a> pentru tine.<\/li>\n<li><strong>Interfa\u021b\u0103 u\u0219or de utilizat:<\/strong> Platforma este conceput\u0103 pentru toat\u0103 lumea, indiferent de v\u00e2rst\u0103 sau experien\u021b\u0103 tehnologic\u0103. Aspectul s\u0103u simplu faciliteaz\u0103 navigarea \u0219i \u00eenceperea chat-ului f\u0103r\u0103 nicio problem\u0103.<\/li>\n<li><strong>Comunitatea global\u0103:<\/strong> Intra\u021bi \u00een contact cu mii de oameni din \u021b\u0103ri, culturi \u0219i medii diferite. Extinde\u021bi-v\u0103 orizonturile \u0219i afla\u021bi noi perspective prin conversa\u021bii cu oameni din \u00eentreaga lume.<\/li>\n<li><strong>Confiden\u021bialitate \u0219i anonimat:<\/strong> Chat Avenue v\u0103 permite s\u0103 v\u0103 conecta\u021bi ca \u201cUtilizator invitat\u201d, garant\u00e2nd astfel confiden\u021bialitatea identit\u0103\u021bii dumneavoastr\u0103. Nu trebuie s\u0103 furniza\u021bi o adres\u0103 de e-mail, profiluri de social media sau alte informa\u021bii personale pentru a \u00eencepe s\u0103 discuta\u021bi.<\/li>\n<li><strong>Utilizare gratuit\u0103:<\/strong> Chat Avenue este complet gratuit. Pute\u021bi intra \u00een orice camer\u0103 de chat f\u0103r\u0103 taxe sau comisioane ascunse.<\/li>\n<\/ul>\n<h2>Cum se utilizeaz\u0103 Chat Avenue<\/h2>\n<p>Utilizarea Chat Avenue este simpl\u0103 \u0219i direct\u0103. Iat\u0103 un ghid pas cu pas:<\/p>\n<ol>\n<li><strong>Vizita\u021bi site-ul web:<\/strong> Merge\u021bi la pagina de pornire a Chat Avenue.<\/li>\n<li><strong>Selecta\u021bi o camer\u0103 de chat:<\/strong> R\u0103sfoi\u021bi prin cele 20 de camere de chat disponibile \u0219i alege\u021bi una care se potrive\u0219te intereselor dvs. Op\u021biunile includ Chat Adolescen\u021bi, Chat Adul\u021bi, Chat Muzic\u0103, Chat Sport, Chat Tehnologie, Chat \u00cent\u00e2lniri, Chat LGBTQ+ \u0219i multe altele.<\/li>\n<li><strong>Introduce\u021bi un nume de utilizator:<\/strong> Pute\u021bi s\u0103 v\u0103 conecta\u021bi ca invitat prin simpla selectare a unui nume de utilizator. Nu este nevoie s\u0103 v\u0103 \u00eenregistra\u021bi sau s\u0103 furniza\u021bi informa\u021bii personale.<\/li>\n<li><strong>\u00cencepe\u021bi chat-ul:<\/strong> Odat\u0103 ce v-a\u021bi introdus numele de utilizator, ve\u021bi fi direc\u021bionat c\u0103tre camera de chat, unde pute\u021bi \u00eencepe imediat s\u0103 interac\u021biona\u021bi cu al\u021bi utilizatori.<\/li>\n<\/ol>\n<h2>Camere de chat disponibile<\/h2>\n<p>Pentru a v\u0103 ajuta s\u0103 v\u0103 g\u0103si\u021bi camera de chat ideal\u0103, iat\u0103 un rezumat al op\u021biunilor disponibile:<\/p>\n<ul>\n<li><strong>Chat pentru adolescen\u021bi:<\/strong> Conceput pentru utilizatorii cu v\u00e2rste cuprinse \u00eentre 13 \u0219i 19 ani, ofer\u0103 un spa\u021biu sigur pentru a se conecta cu colegii.<\/li>\n<li><strong>Chat pentru adul\u021bi:<\/strong> Deschis utilizatorilor peste 18 ani pentru conversa\u021bii mature pe diverse teme.<\/li>\n<li><strong>Chat muzical:<\/strong> Discut\u0103 despre arti\u0219tii, albumele \u0219i genurile tale preferate cu al\u021bi pasiona\u021bi de muzic\u0103.<\/li>\n<li><strong>Sport Chat:<\/strong> Intra\u021bi \u00een contact cu fanii diferitelor sporturi, \u00eemp\u0103rt\u0103\u0219i\u021bi cele mai importante meciuri \u0219i discuta\u021bi despre evenimentele viitoare.<\/li>\n<li><strong>Chat tehnologic:<\/strong> Vorbi\u021bi despre cele mai recente gadgeturi, software \u0219i tendin\u021be tehnologice.<\/li>\n<li><strong>Dating Chat:<\/strong> <a href=\"https:\/\/strangercam.com\/ro\/coomeet\/\">Face\u021bi cuno\u0219tin\u021b\u0103<\/a> persoane noi \u00een c\u0103utare de rela\u021bii sau prietenii.<\/li>\n<li><strong>Chat LGBTQ+:<\/strong> Un spa\u021biu de sus\u021binere pentru membrii comunit\u0103\u021bii LGBTQ+ pentru a se conecta \u0219i a \u00eemp\u0103rt\u0103\u0219i experien\u021be.<\/li>\n<li><strong>Chat general:<\/strong> Pentru conversa\u021bii ocazionale pe o varietate de subiecte cu un grup divers de persoane.<\/li>\n<li><strong>Alte camere bazate pe interese:<\/strong> Inclusiv, dar nu limitat la Video Games Chat, Anime Chat \u0219i multe altele.<\/li>\n<\/ul>\n<h2>Sfaturi pentru a profita la maximum de Chat Avenue<\/h2>\n<p>Pentru a v\u0103 \u00eembun\u0103t\u0103\u021bi experien\u021ba pe Chat Avenue, lua\u021bi \u00een considerare urm\u0103toarele sfaturi:<\/p>\n<ul>\n<li><strong>Ini\u021bia\u021bi conversa\u021bii:<\/strong> Nu ezita\u021bi s\u0103 \u00eencepe\u021bi o discu\u021bie cu un simplu \u201cHello\u201d sau \u201cHi\u201d. Primul pas poate duce la discu\u021bii captivante \u0219i semnificative.<\/li>\n<li><strong>Fi\u021bi deschis la minte:<\/strong> \u00cembr\u0103\u021bi\u0219a\u021bi diversitatea comunit\u0103\u021bii. Oameni din medii diferite contribuie la conversa\u021bii bogate \u0219i l\u0103muritoare.<\/li>\n<li><strong>Respecta\u021bi-i pe ceilal\u021bi:<\/strong> Aborda\u021bi \u00eentotdeauna interac\u021biunile cu amabilitate \u0219i \u00een\u021belegere. Acest lucru favorizeaz\u0103 un mediu pozitiv pentru toat\u0103 lumea.<\/li>\n<li><strong>Gestiona\u021bi refuzurile cu elegan\u021b\u0103:<\/strong> Este posibil ca nu toat\u0103 lumea s\u0103 r\u0103spund\u0103 sau s\u0103 \u00eemp\u0103rt\u0103\u0219easc\u0103 acelea\u0219i interese, iar acest lucru este \u00een regul\u0103. Trece\u021bi la noi conexiuni f\u0103r\u0103 s\u0103 o lua\u021bi personal.<\/li>\n<li><strong>Practica face perfec\u021biunea:<\/strong> Cu c\u00e2t v\u0103 implica\u021bi mai mult, cu at\u00e2t v\u0103 ve\u021bi sim\u021bi mai confortabil. \u00cen timp, conversa\u021bia va deveni mai natural\u0103 \u0219i mai pl\u0103cut\u0103.<\/li>\n<\/ul>\n<h2>Dep\u0103\u0219irea temerilor comune<\/h2>\n<p>Ini\u021bierea unor conversa\u021bii online cu persoane necunoscute poate fi descurajant\u0103, mai ales dac\u0103 sunte\u021bi \u00eencep\u0103tor. Iat\u0103 c\u00e2teva modalit\u0103\u021bi de a dep\u0103\u0219i temerile comune:<\/p>\n<ul>\n<li><strong>Combaterea anxiet\u0103\u021bii:<\/strong> Este normal s\u0103 ave\u021bi emo\u021bii la \u00eenceput. Aminti\u021bi-v\u0103 c\u0103 toat\u0103 lumea a fost odat\u0103 un \u00eencep\u0103tor, iar majoritatea utilizatorilor sunt prieteno\u0219i \u0219i deschi\u0219i la conversa\u021bie.<\/li>\n<li><strong>Fii tu \u00eensu\u021bi:<\/strong> Autenticitatea merge departe. Interac\u021biunile autentice duc adesea la leg\u0103turi \u0219i prietenii semnificative.<\/li>\n<li><strong>R\u0103m\u00e2ne\u021bi pozitiv:<\/strong> Concentreaz\u0103-te s\u0103 te bucuri de experien\u021b\u0103, mai degrab\u0103 dec\u00e2t s\u0103-\u021bi faci griji cu privire la rezultat. Distreaz\u0103-te cu conversa\u021biile tale \u0219i nu te stresa din cauza unor e\u0219ecuri minore.<\/li>\n<li><strong>Nu v\u0103 teme\u021bi de respingere:<\/strong> Nu fiecare interac\u021biune va duce la o conexiune de durat\u0103, iar acest lucru este perfect \u00een regul\u0103. P\u0103stra\u021bi-v\u0103 o atitudine pozitiv\u0103 \u0219i continua\u021bi s\u0103 interac\u021biona\u021bi cu ceilal\u021bi.<\/li>\n<\/ul>\n<h2>\u00cembr\u0103\u021bi\u0219a\u021bi diversitatea pe Chat Avenue<\/h2>\n<p>Chat Avenue s\u0103rb\u0103tore\u0219te diversitatea \u0219i incluziunea. Platforma ofer\u0103 camere de chat specializate pentru diferite interese \u0219i comunit\u0103\u021bi, asigur\u00e2ndu-se c\u0103 toat\u0103 lumea poate g\u0103si un loc \u00een care s\u0103 se simt\u0103 confortabil:<\/p>\n<ul>\n<li><strong>Camere bazate pe interese:<\/strong> Intra\u021bi \u00een contact cu persoane care v\u0103 \u00eemp\u0103rt\u0103\u0219esc hobby-urile sau pasiunile, cum ar fi muzica, sportul, tehnologia sau jocurile.<\/li>\n<li><strong>Camere comunitare:<\/strong> Implicarea cu grupuri \u0219i comunit\u0103\u021bi specifice \u00eentr-un mediu de sus\u021binere, inclusiv chat-uri LGBTQ+ \u0219i alte grupuri minoritare.<\/li>\n<li><strong>Camere specifice v\u00e2rstei:<\/strong> Fie c\u0103 sunte\u021bi adolescent sau adult, exist\u0103 camere de chat adecvate v\u00e2rstei, concepute pentru a asigura siguran\u021ba \u0219i relevan\u021ba.<\/li>\n<\/ul>\n<h2>Siguran\u021b\u0103 \u0219i modera\u021bie<\/h2>\n<p>Siguran\u021ba ta este o prioritate pe Chat Avenue. Platforma dispune de mai multe caracteristici pentru a asigura o experien\u021b\u0103 sigur\u0103 \u0219i pl\u0103cut\u0103:<\/p>\n<ul>\n<li><strong>Moderatori activi:<\/strong> Fiecare camer\u0103 de chat este monitorizat\u0103 de moderatori care \u00eencearc\u0103 s\u0103 men\u021bin\u0103 un mediu respectuos prin aplicarea liniilor directoare ale comunit\u0103\u021bii.<\/li>\n<li><strong>Sistemul de raportare:<\/strong> Utilizatorii pot raporta comportamente nepotrivite, h\u0103r\u021buire sau \u00eenc\u0103lc\u0103ri ale regulilor, care sunt abordate cu promptitudine de echipa de moderare.<\/li>\n<li><strong>Respectarea orient\u0103rilor:<\/strong> To\u021bi utilizatorii trebuie s\u0103 adere la liniile directoare ale comunit\u0103\u021bii pentru a promova o atmosfer\u0103 pozitiv\u0103. Comportamentul lipsit de respect sau d\u0103un\u0103tor nu este tolerat.<\/li>\n<\/ul>\n<h2>\u00centreb\u0103ri frecvente<\/h2>\n<p>Aici sunt c\u00e2teva \u00eentreb\u0103ri frecvente despre Chat Avenue:<\/p>\n<p><strong>\u00ce: Utilizarea Chat Avenue este gratuit\u0103?<\/strong><\/p>\n<p>R: Da, Chat Avenue este complet gratuit. Pute\u021bi s\u0103 v\u0103 al\u0103tura\u021bi oric\u0103rei camere de chat f\u0103r\u0103 niciun cost sau tax\u0103.<\/p>\n<p><strong>\u00ce: Trebuie s\u0103 \u00eenregistrez un cont?<\/strong><\/p>\n<p>R: Nu este necesar\u0103 \u00eenregistrarea. V\u0103 pute\u021bi conecta ca invitat aleg\u00e2nd un nume de utilizator, ceea ce v\u0103 permite s\u0103 r\u0103m\u00e2ne\u021bi anonim.<\/p>\n<p><strong>\u00ce: Pot utiliza Chat Avenue pe dispozitivul meu mobil?<\/strong><\/p>\n<p>R: Da, Chat Avenue este accesibil at\u00e2t de pe desktop, c\u00e2t \u0219i de pe browserele mobile, fiind convenabil s\u0103 discuta\u021bi oriunde v-a\u021bi afla.<\/p>\n<p><strong>\u00ce: Este Chat Avenue sigur?<\/strong><\/p>\n<p>R: Chat Avenue dispune de m\u0103suri pentru a asigura siguran\u021ba utilizatorilor, inclusiv sisteme active de moderare \u0219i raportare. Cu toate acestea, este \u00eentotdeauna important s\u0103 manifesta\u021bi pruden\u021b\u0103 \u0219i s\u0103 nu \u00eemp\u0103rt\u0103\u0219i\u021bi informa\u021bii personale online.<\/p>\n<p><strong>\u00ce: Ce ar trebui s\u0103 fac dac\u0103 m\u0103 confrunt cu un comportament inadecvat?<\/strong><\/p>\n<p>R: Pute\u021bi raporta utilizatorul moderatorilor, care vor lua m\u0103surile corespunz\u0103toare. Este important s\u0103 men\u021binem comunitatea sigur\u0103 \u0219i respectuoas\u0103.<\/p>\n<h2>Testimoniale<\/h2>\n<p>Iat\u0103 c\u00e2teva experien\u021be \u00eemp\u0103rt\u0103\u0219ite de utilizatorii Chat Avenue:<\/p>\n<p><em>\"I've <a href=\"https:\/\/strangercam.com\/ro\/chamet\/\">\u00eent\u00e2lnit<\/a> at\u00e2t de mul\u021bi oameni extraordinari pe Chat Avenue. Este incredibil c\u00e2t de u\u0219or este s\u0103 m\u0103 conectez cu al\u021bii care \u00eemp\u0103rt\u0103\u0219esc acelea\u0219i interese ca mine!\u201d<\/em> - Alex T.<\/p>\n<p><em>\u201cCa persoan\u0103 timid\u0103 \u00een via\u021ba real\u0103, Chat Ave mi-a dat \u00eencrederea necesar\u0103 pentru a \u00eencepe conversa\u021bii \u0219i a-mi face noi prieteni.\u201d<\/em> - Maria S.<\/p>\n<p><em>\u201cDiversitatea pe Chat Avenue este fantastic\u0103. Am \u00eenv\u0103\u021bat at\u00e2t de multe de la oameni din \u00eentreaga lume.\u201d<\/em> - Jamal K.<\/p>\n<h2>Resurse suplimentare<\/h2>\n<p>Pentru mai multe informa\u021bii \u0219i sfaturi privind chat-ul online, lua\u021bi \u00een considerare aceste resurse:<\/p>\n<ul>\n<li><strong>Sfaturi pentru chat online \u00een siguran\u021b\u0103:<\/strong> Afla\u021bi cum s\u0103 v\u0103 proteja\u021bi \u0219i s\u0103 v\u0103 bucura\u021bi de o experien\u021b\u0103 de chat sigur\u0103.<\/li>\n<li><strong>Cum s\u0103 v\u0103 face\u021bi prieteni online:<\/strong> Descoperi\u021bi strategii pentru a crea conexiuni semnificative pe internet.<\/li>\n<li><strong>Beneficiile comunit\u0103\u021bilor online:<\/strong> Explora\u021bi modul \u00een care platformele online precum Chat Avenue v\u0103 pot \u00eembog\u0103\u021bi via\u021ba social\u0103.<\/li>\n<\/ul>\n<h2>Urm\u0103ri\u021bi Chat Avenue pe re\u021belele sociale<\/h2>\n<p>R\u0103m\u00e2ne\u021bi la curent cu cele mai recente \u0219tiri \u0219i actualiz\u0103ri urm\u0103rind Chat Avenue pe social media:<\/p>\n<ul>\n<li><strong>Facebook<\/strong><\/li>\n<li><strong>Twitter<\/strong><\/li>\n<li><strong>Instagram<\/strong><\/li>\n<\/ul>\n<h2>Concluzie<\/h2>\n<p>Chat Avenue este poarta ta c\u0103tre o lume a conversa\u021biilor \u0219i prieteniilor. Designul s\u0103u u\u0219or de utilizat, angajamentul fa\u021b\u0103 de confiden\u021bialitate \u0219i comunitatea divers\u0103 \u00eel fac o platform\u0103 ideal\u0103 pentru oricine dore\u0219te s\u0103 se conecteze online. Fie c\u0103 sunte\u021bi \u00een c\u0103utare de chat-uri ocazionale, discu\u021bii semnificative sau pur \u0219i simplu dori\u021bi s\u0103 cunoa\u0219te\u021bi oameni noi, Chat Avenue are ceva de oferit. Deci, de ce s\u0103 a\u0219tepta\u021bi? F\u0103 parte din comunitatea Chat Avenue ast\u0103zi \u0219i \u00eencepe s\u0103 explorezi posibilit\u0103\u021bile nelimitate! Cu doar c\u00e2teva clicuri, te po\u021bi cufunda \u00een discu\u021bii captivante \u0219i po\u021bi \u00eent\u00e2lni oameni fascinan\u021bi din toate categoriile sociale. Chat Avenue \u00ee\u021bi ureaz\u0103 bun venit \u00eentr-o lume \u00een care comunicarea nu cunoa\u0219te grani\u021be.<\/p>\n<h2>Al\u0103tura\u021bi-v\u0103 Chat Avenue ast\u0103zi \u0219i extinde\u021bi-v\u0103 lumea<\/h2>\n<p>Cu gama sa extins\u0103 de camere de chat \u0219i baza global\u0103 de utilizatori, Chat Avenue ofer\u0103 o oportunitate de neegalat de a-\u021bi l\u0103rgi orizonturile. Fie c\u0103 dori\u021bi s\u0103 v\u0103 face\u021bi prieteni noi, s\u0103 v\u0103 \u00eemp\u0103rt\u0103\u0219i\u021bi interesele sau pur \u0219i simplu s\u0103 v\u0103 bucura\u021bi de o conversa\u021bie ocazional\u0103, Chat Avenue este locul potrivit. Aminti\u021bi-v\u0103, comunicarea este cheia pentru construirea conexiunilor, iar Chat Avenue face mai u\u0219or ca niciodat\u0103 s\u0103 ajunge\u021bi \u0219i s\u0103 v\u0103 conecta\u021bi cu al\u021bii. A\u0219a c\u0103 conecteaz\u0103-te, alege o camer\u0103 de chat \u0219i \u00eencepe-\u021bi c\u0103l\u0103toria ast\u0103zi!<\/p>","protected":false},"excerpt":{"rendered":"<p>Chat Avenue, also known as Chat Ave, is one of the oldest and most popular online chat platforms available today. Established in 2000, it has grown into a vibrant community where millions of people from around the globe come together to converse, make new friends, and share experiences. With over 7 million visitors each month, [&hellip;]<\/p>\n","protected":false},"author":6,"featured_media":0,"parent":0,"menu_order":0,"comment_status":"closed","ping_status":"closed","template":"","meta":{"footnotes":""},"class_list":["post-8386","page","type-page","status-publish","hentry"],"yoast_head":"<!-- This site is optimized with the Yoast SEO plugin v26.9 - https:\/\/yoast.com\/product\/yoast-seo-wordpress\/ -->\n<title>Chat Avenue - Free Video Chat Rooms - StrangerCam.com<\/title>\n<meta name=\"description\" content=\"Discover Chat Avenue, the ultimate online platform connecting you to free chat rooms and a global community. Join Chat Ave today!\" \/>\n<meta name=\"robots\" content=\"index, follow, max-snippet:-1, max-image-preview:large, max-video-preview:-1\" \/>\n<link rel=\"canonical\" href=\"https:\/\/strangercam.com\/ro\/chat-avenue\/\" \/>\n<meta property=\"og:locale\" content=\"ro_RO\" \/>\n<meta property=\"og:type\" content=\"article\" \/>\n<meta property=\"og:title\" content=\"Chat Avenue - Free Video Chat Rooms - StrangerCam.com\" \/>\n<meta property=\"og:description\" content=\"Discover Chat Avenue, the ultimate online platform connecting you to free chat rooms and a global community. Join Chat Ave today!\" \/>\n<meta property=\"og:url\" content=\"https:\/\/strangercam.com\/ro\/chat-avenue\/\" \/>\n<meta property=\"og:site_name\" content=\"Strangercam\" \/>\n<meta property=\"article:publisher\" content=\"https:\/\/www.facebook.com\/strangercam\" \/>\n<meta property=\"article:modified_time\" content=\"2024-09-19T09:37:00+00:00\" \/>\n<meta property=\"og:image\" content=\"https:\/\/strangercam.com\/wp-content\/uploads\/2021\/10\/Untitled-2.png\" \/>\n\t<meta property=\"og:image:width\" content=\"800\" \/>\n\t<meta property=\"og:image:height\" content=\"532\" \/>\n\t<meta property=\"og:image:type\" content=\"image\/png\" \/>\n<meta name=\"twitter:card\" content=\"summary_large_image\" \/>\n<meta name=\"twitter:site\" content=\"@strangercamapp\" \/>\n<meta name=\"twitter:label1\" content=\"Timp estimat pentru citire\" \/>\n\t<meta name=\"twitter:data1\" content=\"7 minute\" \/>\n<script type=\"application\/ld+json\" class=\"yoast-schema-graph\">{\"@context\":\"https:\/\/schema.org\",\"@graph\":[{\"@type\":\"WebPage\",\"@id\":\"https:\/\/strangercam.com\/chat-avenue\/\",\"url\":\"https:\/\/strangercam.com\/chat-avenue\/\",\"name\":\"Chat Avenue - Free Video Chat Rooms - StrangerCam.com\",\"isPartOf\":{\"@id\":\"https:\/\/strangercam.com\/#website\"},\"datePublished\":\"2024-09-19T09:35:24+00:00\",\"dateModified\":\"2024-09-19T09:37:00+00:00\",\"description\":\"Discover Chat Avenue, the ultimate online platform connecting you to free chat rooms and a global community. Join Chat Ave today!\",\"breadcrumb\":{\"@id\":\"https:\/\/strangercam.com\/chat-avenue\/#breadcrumb\"},\"inLanguage\":\"ro-RO\",\"potentialAction\":[{\"@type\":\"ReadAction\",\"target\":[\"https:\/\/strangercam.com\/chat-avenue\/\"]}]},{\"@type\":\"BreadcrumbList\",\"@id\":\"https:\/\/strangercam.com\/chat-avenue\/#breadcrumb\",\"itemListElement\":[{\"@type\":\"ListItem\",\"position\":1,\"name\":\"Home\",\"item\":\"https:\/\/strangercam.com\/\"},{\"@type\":\"ListItem\",\"position\":2,\"name\":\"Chat Avenue\"}]},{\"@type\":\"WebSite\",\"@id\":\"https:\/\/strangercam.com\/#website\",\"url\":\"https:\/\/strangercam.com\/\",\"name\":\"Strangercam\",\"description\":\"Random Video Chat with Strangers\",\"publisher\":{\"@id\":\"https:\/\/strangercam.com\/#organization\"},\"alternateName\":\"Strangercam.com\",\"potentialAction\":[{\"@type\":\"SearchAction\",\"target\":{\"@type\":\"EntryPoint\",\"urlTemplate\":\"https:\/\/strangercam.com\/?s={search_term_string}\"},\"query-input\":{\"@type\":\"PropertyValueSpecification\",\"valueRequired\":true,\"valueName\":\"search_term_string\"}}],\"inLanguage\":\"ro-RO\"},{\"@type\":\"Organization\",\"@id\":\"https:\/\/strangercam.com\/#organization\",\"name\":\"Strangercam\",\"alternateName\":\"Strangercam.com\",\"url\":\"https:\/\/strangercam.com\/\",\"logo\":{\"@type\":\"ImageObject\",\"inLanguage\":\"ro-RO\",\"@id\":\"https:\/\/strangercam.com\/#\/schema\/logo\/image\/\",\"url\":\"https:\/\/strangercam.com\/wp-content\/uploads\/2020\/11\/cropped-new-favicon-black.png\",\"contentUrl\":\"https:\/\/strangercam.com\/wp-content\/uploads\/2020\/11\/cropped-new-favicon-black.png\",\"width\":512,\"height\":512,\"caption\":\"Strangercam\"},\"image\":{\"@id\":\"https:\/\/strangercam.com\/#\/schema\/logo\/image\/\"},\"sameAs\":[\"https:\/\/www.facebook.com\/strangercam\",\"https:\/\/x.com\/strangercamapp\"]}]}<\/script>\n<!-- \/ Yoast SEO plugin. -->","yoast_head_json":{"title":"Chat Avenue - Camere de videochat gratuite - StrangerCam.com","description":"Descoper\u0103 Chat Avenue, cea mai bun\u0103 platform\u0103 online care te conecteaz\u0103 la camere de chat gratuite \u0219i la o comunitate global\u0103. Al\u0103tur\u0103-te Chat Ave ast\u0103zi!","robots":{"index":"index","follow":"follow","max-snippet":"max-snippet:-1","max-image-preview":"max-image-preview:large","max-video-preview":"max-video-preview:-1"},"canonical":"https:\/\/strangercam.com\/ro\/chat-avenue\/","og_locale":"ro_RO","og_type":"article","og_title":"Chat Avenue - Free Video Chat Rooms - StrangerCam.com","og_description":"Discover Chat Avenue, the ultimate online platform connecting you to free chat rooms and a global community. Join Chat Ave today!","og_url":"https:\/\/strangercam.com\/ro\/chat-avenue\/","og_site_name":"Strangercam","article_publisher":"https:\/\/www.facebook.com\/strangercam","article_modified_time":"2024-09-19T09:37:00+00:00","og_image":[{"width":800,"height":532,"url":"https:\/\/strangercam.com\/wp-content\/uploads\/2021\/10\/Untitled-2.png","type":"image\/png"}],"twitter_card":"summary_large_image","twitter_site":"@strangercamapp","twitter_misc":{"Timp estimat pentru citire":"7 minute"},"schema":{"@context":"https:\/\/schema.org","@graph":[{"@type":"WebPage","@id":"https:\/\/strangercam.com\/chat-avenue\/","url":"https:\/\/strangercam.com\/chat-avenue\/","name":"Chat Avenue - Camere de videochat gratuite - StrangerCam.com","isPartOf":{"@id":"https:\/\/strangercam.com\/#website"},"datePublished":"2024-09-19T09:35:24+00:00","dateModified":"2024-09-19T09:37:00+00:00","description":"Descoper\u0103 Chat Avenue, cea mai bun\u0103 platform\u0103 online care te conecteaz\u0103 la camere de chat gratuite \u0219i la o comunitate global\u0103. Al\u0103tur\u0103-te Chat Ave ast\u0103zi!","breadcrumb":{"@id":"https:\/\/strangercam.com\/chat-avenue\/#breadcrumb"},"inLanguage":"ro-RO","potentialAction":[{"@type":"ReadAction","target":["https:\/\/strangercam.com\/chat-avenue\/"]}]},{"@type":"BreadcrumbList","@id":"https:\/\/strangercam.com\/chat-avenue\/#breadcrumb","itemListElement":[{"@type":"ListItem","position":1,"name":"Home","item":"https:\/\/strangercam.com\/"},{"@type":"ListItem","position":2,"name":"Chat Avenue"}]},{"@type":"WebSite","@id":"https:\/\/strangercam.com\/#website","url":"https:\/\/strangercam.com\/","name":"Strangercam","description":"Chat video aleatoriu cu str\u0103ini","publisher":{"@id":"https:\/\/strangercam.com\/#organization"},"alternateName":"Strangercam.com","potentialAction":[{"@type":"SearchAction","target":{"@type":"EntryPoint","urlTemplate":"https:\/\/strangercam.com\/?s={search_term_string}"},"query-input":{"@type":"PropertyValueSpecification","valueRequired":true,"valueName":"search_term_string"}}],"inLanguage":"ro-RO"},{"@type":"Organization","@id":"https:\/\/strangercam.com\/#organization","name":"Strangercam","alternateName":"Strangercam.com","url":"https:\/\/strangercam.com\/","logo":{"@type":"ImageObject","inLanguage":"ro-RO","@id":"https:\/\/strangercam.com\/#\/schema\/logo\/image\/","url":"https:\/\/strangercam.com\/wp-content\/uploads\/2020\/11\/cropped-new-favicon-black.png","contentUrl":"https:\/\/strangercam.com\/wp-content\/uploads\/2020\/11\/cropped-new-favicon-black.png","width":512,"height":512,"caption":"Strangercam"},"image":{"@id":"https:\/\/strangercam.com\/#\/schema\/logo\/image\/"},"sameAs":["https:\/\/www.facebook.com\/strangercam","https:\/\/x.com\/strangercamapp"]}]}},"_links":{"self":[{"href":"https:\/\/strangercam.com\/ro\/wp-json\/wp\/v2\/pages\/8386","targetHints":{"allow":["GET"]}}],"collection":[{"href":"https:\/\/strangercam.com\/ro\/wp-json\/wp\/v2\/pages"}],"about":[{"href":"https:\/\/strangercam.com\/ro\/wp-json\/wp\/v2\/types\/page"}],"author":[{"embeddable":true,"href":"https:\/\/strangercam.com\/ro\/wp-json\/wp\/v2\/users\/6"}],"replies":[{"embeddable":true,"href":"https:\/\/strangercam.com\/ro\/wp-json\/wp\/v2\/comments?post=8386"}],"version-history":[{"count":0,"href":"https:\/\/strangercam.com\/ro\/wp-json\/wp\/v2\/pages\/8386\/revisions"}],"wp:attachment":[{"href":"https:\/\/strangercam.com\/ro\/wp-json\/wp\/v2\/media?parent=8386"}],"curies":[{"name":"wp","href":"https:\/\/api.w.org\/{rel}","templated":true}]}}