{"id":8226,"date":"2021-09-23T14:11:49","date_gmt":"2021-09-23T12:11:49","guid":{"rendered":"https:\/\/strangercam.com\/?page_id=8226"},"modified":"2023-08-21T12:24:41","modified_gmt":"2023-08-21T10:24:41","slug":"echat","status":"publish","type":"page","link":"https:\/\/strangercam.com\/ro\/echat\/","title":{"rendered":"eChat"},"content":{"rendered":"<h2>Ar trebui s\u0103 ini\u021bia\u021bi o discu\u021bie cu un str\u0103in?<\/h2>\n<p>Aceasta este o \u00eentrebare pe care \u0219i-o pun aproape to\u021bi cei care sunt rezerva\u021bi din fire. Extroverti\u021bii nu se confrunt\u0103 cu astfel de probleme, deoarece sunt deschi\u0219i \u0219i se pot \u00een\u021belege u\u0219or cu orice persoan\u0103. Dar cum lumea este plin\u0103 de escroci, de fraudatori \u0219i de cei care inten\u021bioneaz\u0103 s\u0103 le fac\u0103 r\u0103u altora, trebuie s\u0103 v\u0103 lua\u021bi m\u0103surile de precau\u021bie adecvate. Acest lucru devine cu at\u00e2t mai important dac\u0103 \u00eencerca\u021bi s\u0103 vorbi\u021bi cu str\u0103inii prin intermediul online <a href=\"https:\/\/strangercam.com\/ro\/chatroulette\/\">chat<\/a> camere. La <b>echat<\/b>, pute\u021bi purta conversa\u021bii s\u0103n\u0103toase, deoarece pute\u021bi vedea profilurile celorlal\u021bi. De asemenea, pute\u021bi discuta cu cei care au interese similare.<\/p>\n<h2>Cine este un str\u0103in?<\/h2>\n<p>Pentru a-\u021bi \u00eenfr\u00e2nge natura introvertit\u0103, cel mai bun loc \u00een care s\u0103 fii este <b>echat<\/b>. Aici, pute\u021bi \u00eent\u00e2lni diferite tipuri de persoane de toate v\u00e2rstele, at\u00e2t b\u0103rba\u021bi, c\u00e2t \u0219i femei, cu interese variate. Trebuie s\u0103 ini\u021bia\u021bi chat-ul sau altcineva poate face acest lucru. Este posibil s\u0103 nu cunoa\u0219te\u021bi persoana, cu excep\u021bia profilului creat. Ei sunt str\u0103ini, deoarece nu \u0219ti\u021bi prea multe despre ei. Acesta este <a href=\"https:\/\/strangercam.com\/ro\/doar2chat\/\">numai<\/a> dup\u0103 ce v\u0103 conecta\u021bi \u0219i discuta\u021bi cu ei pe o perioad\u0103 mai lung\u0103, care v\u0103 poate ajuta s\u0103 \u0219ti\u021bi dac\u0103 pot fi prieteni.<\/p>\n<h2>S\u0103 v\u0103 face\u021bi prieteni noi<\/h2>\n<p>Nu uita\u021bi, toat\u0103 lumea are nevoie de prieteni \u0219i omul este un animal social. Pur \u0219i simplu nu este posibil s\u0103 continua\u021bi s\u0103 evita\u021bi alte persoane necunoscute. Portaluri online precum <b>echat<\/b> ofer\u0103 posibilitatea de a intra \u00een contact cu alte persoane, indiferent de loca\u021bie sau distan\u021b\u0103. Trebuie doar s\u0103 ini\u021bia\u021bi o discu\u021bie cu un \u2018Bun\u0103\u2019 sau \u2018Salut\u2019 dac\u0103 sunt interesa\u021bi, iar conversa\u021biile vor urma. Dac\u0103 aceasta va dura ore \u00eentregi sau se va \u00eencheia \u00eentr-un minut depinde de interesul dumneavoastr\u0103 \u0219i de subiectul ales. Prin urmare, identifica\u021bi categoriile \u00een care subiectele discutate <a href=\"https:\/\/strangercam.com\/ro\/chatmatch\/\">meci<\/a> mentalitatea \u0219i cuno\u0219tin\u021bele tale. V\u0103 ve\u021bi sim\u021bi confortabil aici \u0219i nu v\u0103 ve\u021bi sim\u021bi ca un str\u0103in. Astfel de medii pot fi sigure \u0219i interesante. Dac\u0103 sim\u021bi\u021bi c\u0103 mediul este amenin\u021b\u0103tor, atunci pute\u021bi oric\u00e2nd s\u0103 trece\u021bi la un mediu mai <a href=\"https:\/\/strangercam.com\/ro\/1v1-chat\/\">una<\/a> sau pur \u0219i simplu trece\u021bi la un alt <a href=\"https:\/\/strangercam.com\/ro\/chatingly\/\">chat<\/a> portal. Atingerea de oameni noi ajut\u0103 la crearea de noi cuno\u0219tin\u021be \u0219i prieteni. Este nevoie de timp \u0219i de mult\u0103 cultivare. Dar rezultatele pot fi fabuloase, cu condi\u021bia s\u0103 \u0219ti\u021bi cum s\u0103 \u00eencepe\u021bi prima conversa\u021bie.<\/p>\n<p>Chat-ul online cu persoane necunoscute \u00ee\u021bi men\u021bine inima \u00een cea mai bun\u0103 stare, at\u00e2t psihologic, c\u00e2t \u0219i mental. Pute\u021bi chiar ajunge s\u0103 v\u0103 vorbi\u021bi inima cu cei cu care v\u0103 sim\u021bi\u021bi confortabil, \u00een siguran\u021b\u0103 \u0219i pe deplin conecta\u021bi. Sunt \u0219anse ca ace\u0219tia s\u0103 v\u0103 ofere c\u00e2teva sfaturi utile care s\u0103 v\u0103 ajute s\u0103 ie\u0219i\u021bi din \u00eencurc\u0103tura actual\u0103 \u0219i cu o mul\u021bime de lucruri.<\/p>","protected":false},"excerpt":{"rendered":"<p>Should you initiate talk with a stranger? This is a question that is asked by almost all those who are reserved by nature. The extroverts do not face such trouble since they are outspoken and can get along with any person easily. But with the world being full of scammers, fraudsters, and those who intend [&hellip;]<\/p>\n","protected":false},"author":6,"featured_media":559,"parent":0,"menu_order":0,"comment_status":"closed","ping_status":"closed","template":"","meta":{"footnotes":""},"class_list":["post-8226","page","type-page","status-publish","has-post-thumbnail","hentry"],"yoast_head":"<!-- This site is optimized with the Yoast SEO plugin v26.9 - https:\/\/yoast.com\/product\/yoast-seo-wordpress\/ -->\n<title>eChat - Anonymous Chat For Two - Cam on StrangerCam.com<\/title>\n<meta name=\"description\" content=\"Like eChat? Come chat with more than 5.000.000 strangers on Stranger Cam for Free! Turn on your cam and find new friends &amp; maby a match!\" \/>\n<meta name=\"robots\" content=\"index, follow, max-snippet:-1, max-image-preview:large, max-video-preview:-1\" \/>\n<link rel=\"canonical\" href=\"https:\/\/strangercam.com\/ro\/echat\/\" \/>\n<meta property=\"og:locale\" content=\"ro_RO\" \/>\n<meta property=\"og:type\" content=\"article\" \/>\n<meta property=\"og:title\" content=\"eChat - Anonymous Chat For Two - Cam on StrangerCam.com\" \/>\n<meta property=\"og:description\" content=\"Like eChat? Come chat with more than 5.000.000 strangers on Stranger Cam for Free! Turn on your cam and find new friends &amp; maby a match!\" \/>\n<meta property=\"og:url\" content=\"https:\/\/strangercam.com\/ro\/echat\/\" \/>\n<meta property=\"og:site_name\" content=\"Strangercam\" \/>\n<meta property=\"article:publisher\" content=\"https:\/\/www.facebook.com\/strangercam\" \/>\n<meta property=\"article:modified_time\" content=\"2023-08-21T10:24:41+00:00\" \/>\n<meta property=\"og:image\" content=\"https:\/\/strangercam.com\/wp-content\/uploads\/2020\/11\/stranger-cam-1.png\" \/>\n\t<meta property=\"og:image:width\" content=\"800\" \/>\n\t<meta property=\"og:image:height\" content=\"800\" \/>\n\t<meta property=\"og:image:type\" content=\"image\/png\" \/>\n<meta name=\"twitter:card\" content=\"summary_large_image\" \/>\n<meta name=\"twitter:site\" content=\"@strangercamapp\" \/>\n<meta name=\"twitter:label1\" content=\"Timp estimat pentru citire\" \/>\n\t<meta name=\"twitter:data1\" content=\"2 minute\" \/>\n<script type=\"application\/ld+json\" class=\"yoast-schema-graph\">{\"@context\":\"https:\/\/schema.org\",\"@graph\":[{\"@type\":\"WebPage\",\"@id\":\"https:\/\/strangercam.com\/echat\/\",\"url\":\"https:\/\/strangercam.com\/echat\/\",\"name\":\"eChat - Anonymous Chat For Two - Cam on StrangerCam.com\",\"isPartOf\":{\"@id\":\"https:\/\/strangercam.com\/#website\"},\"primaryImageOfPage\":{\"@id\":\"https:\/\/strangercam.com\/echat\/#primaryimage\"},\"image\":{\"@id\":\"https:\/\/strangercam.com\/echat\/#primaryimage\"},\"thumbnailUrl\":\"https:\/\/strangercam.com\/wp-content\/uploads\/2020\/11\/stranger-cam-1.png\",\"datePublished\":\"2021-09-23T12:11:49+00:00\",\"dateModified\":\"2023-08-21T10:24:41+00:00\",\"description\":\"Like eChat? Come chat with more than 5.000.000 strangers on Stranger Cam for Free! Turn on your cam and find new friends & maby a match!\",\"breadcrumb\":{\"@id\":\"https:\/\/strangercam.com\/echat\/#breadcrumb\"},\"inLanguage\":\"ro-RO\",\"potentialAction\":[{\"@type\":\"ReadAction\",\"target\":[\"https:\/\/strangercam.com\/echat\/\"]}]},{\"@type\":\"ImageObject\",\"inLanguage\":\"ro-RO\",\"@id\":\"https:\/\/strangercam.com\/echat\/#primaryimage\",\"url\":\"https:\/\/strangercam.com\/wp-content\/uploads\/2020\/11\/stranger-cam-1.png\",\"contentUrl\":\"https:\/\/strangercam.com\/wp-content\/uploads\/2020\/11\/stranger-cam-1.png\",\"width\":800,\"height\":800,\"caption\":\"stranger cam random video chat\"},{\"@type\":\"BreadcrumbList\",\"@id\":\"https:\/\/strangercam.com\/echat\/#breadcrumb\",\"itemListElement\":[{\"@type\":\"ListItem\",\"position\":1,\"name\":\"Home\",\"item\":\"https:\/\/strangercam.com\/\"},{\"@type\":\"ListItem\",\"position\":2,\"name\":\"eChat\"}]},{\"@type\":\"WebSite\",\"@id\":\"https:\/\/strangercam.com\/#website\",\"url\":\"https:\/\/strangercam.com\/\",\"name\":\"Strangercam\",\"description\":\"Random Video Chat with Strangers\",\"publisher\":{\"@id\":\"https:\/\/strangercam.com\/#organization\"},\"alternateName\":\"Strangercam.com\",\"potentialAction\":[{\"@type\":\"SearchAction\",\"target\":{\"@type\":\"EntryPoint\",\"urlTemplate\":\"https:\/\/strangercam.com\/?s={search_term_string}\"},\"query-input\":{\"@type\":\"PropertyValueSpecification\",\"valueRequired\":true,\"valueName\":\"search_term_string\"}}],\"inLanguage\":\"ro-RO\"},{\"@type\":\"Organization\",\"@id\":\"https:\/\/strangercam.com\/#organization\",\"name\":\"Strangercam\",\"alternateName\":\"Strangercam.com\",\"url\":\"https:\/\/strangercam.com\/\",\"logo\":{\"@type\":\"ImageObject\",\"inLanguage\":\"ro-RO\",\"@id\":\"https:\/\/strangercam.com\/#\/schema\/logo\/image\/\",\"url\":\"https:\/\/strangercam.com\/wp-content\/uploads\/2020\/11\/cropped-new-favicon-black.png\",\"contentUrl\":\"https:\/\/strangercam.com\/wp-content\/uploads\/2020\/11\/cropped-new-favicon-black.png\",\"width\":512,\"height\":512,\"caption\":\"Strangercam\"},\"image\":{\"@id\":\"https:\/\/strangercam.com\/#\/schema\/logo\/image\/\"},\"sameAs\":[\"https:\/\/www.facebook.com\/strangercam\",\"https:\/\/x.com\/strangercamapp\"]}]}<\/script>\n<!-- \/ Yoast SEO plugin. -->","yoast_head_json":{"title":"eChat - Chat anonim pentru doi - Cam pe StrangerCam.com","description":"\u00ce\u021bi place eChat? Vino s\u0103 vorbe\u0219ti cu mai mult de 5.000.000 de str\u0103ini pe Stranger Cam Gratuit! Porne\u0219te-\u021bi camera \u0219i g\u0103se\u0219te prieteni noi \u0219i poate o pereche!","robots":{"index":"index","follow":"follow","max-snippet":"max-snippet:-1","max-image-preview":"max-image-preview:large","max-video-preview":"max-video-preview:-1"},"canonical":"https:\/\/strangercam.com\/ro\/echat\/","og_locale":"ro_RO","og_type":"article","og_title":"eChat - Anonymous Chat For Two - Cam on StrangerCam.com","og_description":"Like eChat? Come chat with more than 5.000.000 strangers on Stranger Cam for Free! Turn on your cam and find new friends & maby a match!","og_url":"https:\/\/strangercam.com\/ro\/echat\/","og_site_name":"Strangercam","article_publisher":"https:\/\/www.facebook.com\/strangercam","article_modified_time":"2023-08-21T10:24:41+00:00","og_image":[{"width":800,"height":800,"url":"https:\/\/strangercam.com\/wp-content\/uploads\/2020\/11\/stranger-cam-1.png","type":"image\/png"}],"twitter_card":"summary_large_image","twitter_site":"@strangercamapp","twitter_misc":{"Timp estimat pentru citire":"2 minute"},"schema":{"@context":"https:\/\/schema.org","@graph":[{"@type":"WebPage","@id":"https:\/\/strangercam.com\/echat\/","url":"https:\/\/strangercam.com\/echat\/","name":"eChat - Chat anonim pentru doi - Cam pe StrangerCam.com","isPartOf":{"@id":"https:\/\/strangercam.com\/#website"},"primaryImageOfPage":{"@id":"https:\/\/strangercam.com\/echat\/#primaryimage"},"image":{"@id":"https:\/\/strangercam.com\/echat\/#primaryimage"},"thumbnailUrl":"https:\/\/strangercam.com\/wp-content\/uploads\/2020\/11\/stranger-cam-1.png","datePublished":"2021-09-23T12:11:49+00:00","dateModified":"2023-08-21T10:24:41+00:00","description":"\u00ce\u021bi place eChat? Vino s\u0103 vorbe\u0219ti cu mai mult de 5.000.000 de str\u0103ini pe Stranger Cam Gratuit! Porne\u0219te-\u021bi camera \u0219i g\u0103se\u0219te prieteni noi \u0219i poate o pereche!","breadcrumb":{"@id":"https:\/\/strangercam.com\/echat\/#breadcrumb"},"inLanguage":"ro-RO","potentialAction":[{"@type":"ReadAction","target":["https:\/\/strangercam.com\/echat\/"]}]},{"@type":"ImageObject","inLanguage":"ro-RO","@id":"https:\/\/strangercam.com\/echat\/#primaryimage","url":"https:\/\/strangercam.com\/wp-content\/uploads\/2020\/11\/stranger-cam-1.png","contentUrl":"https:\/\/strangercam.com\/wp-content\/uploads\/2020\/11\/stranger-cam-1.png","width":800,"height":800,"caption":"stranger cam random video chat"},{"@type":"BreadcrumbList","@id":"https:\/\/strangercam.com\/echat\/#breadcrumb","itemListElement":[{"@type":"ListItem","position":1,"name":"Home","item":"https:\/\/strangercam.com\/"},{"@type":"ListItem","position":2,"name":"eChat"}]},{"@type":"WebSite","@id":"https:\/\/strangercam.com\/#website","url":"https:\/\/strangercam.com\/","name":"Strangercam","description":"Chat video aleatoriu cu str\u0103ini","publisher":{"@id":"https:\/\/strangercam.com\/#organization"},"alternateName":"Strangercam.com","potentialAction":[{"@type":"SearchAction","target":{"@type":"EntryPoint","urlTemplate":"https:\/\/strangercam.com\/?s={search_term_string}"},"query-input":{"@type":"PropertyValueSpecification","valueRequired":true,"valueName":"search_term_string"}}],"inLanguage":"ro-RO"},{"@type":"Organization","@id":"https:\/\/strangercam.com\/#organization","name":"Strangercam","alternateName":"Strangercam.com","url":"https:\/\/strangercam.com\/","logo":{"@type":"ImageObject","inLanguage":"ro-RO","@id":"https:\/\/strangercam.com\/#\/schema\/logo\/image\/","url":"https:\/\/strangercam.com\/wp-content\/uploads\/2020\/11\/cropped-new-favicon-black.png","contentUrl":"https:\/\/strangercam.com\/wp-content\/uploads\/2020\/11\/cropped-new-favicon-black.png","width":512,"height":512,"caption":"Strangercam"},"image":{"@id":"https:\/\/strangercam.com\/#\/schema\/logo\/image\/"},"sameAs":["https:\/\/www.facebook.com\/strangercam","https:\/\/x.com\/strangercamapp"]}]}},"_links":{"self":[{"href":"https:\/\/strangercam.com\/ro\/wp-json\/wp\/v2\/pages\/8226","targetHints":{"allow":["GET"]}}],"collection":[{"href":"https:\/\/strangercam.com\/ro\/wp-json\/wp\/v2\/pages"}],"about":[{"href":"https:\/\/strangercam.com\/ro\/wp-json\/wp\/v2\/types\/page"}],"author":[{"embeddable":true,"href":"https:\/\/strangercam.com\/ro\/wp-json\/wp\/v2\/users\/6"}],"replies":[{"embeddable":true,"href":"https:\/\/strangercam.com\/ro\/wp-json\/wp\/v2\/comments?post=8226"}],"version-history":[{"count":0,"href":"https:\/\/strangercam.com\/ro\/wp-json\/wp\/v2\/pages\/8226\/revisions"}],"wp:featuredmedia":[{"embeddable":true,"href":"https:\/\/strangercam.com\/ro\/wp-json\/wp\/v2\/media\/559"}],"wp:attachment":[{"href":"https:\/\/strangercam.com\/ro\/wp-json\/wp\/v2\/media?parent=8226"}],"curies":[{"name":"wp","href":"https:\/\/api.w.org\/{rel}","templated":true}]}}