{"id":80,"date":"2020-04-09T18:35:29","date_gmt":"2020-04-09T16:35:29","guid":{"rendered":"https:\/\/strangercam.com\/?page_id=80"},"modified":"2023-08-21T11:40:39","modified_gmt":"2023-08-21T09:40:39","slug":"chat-alternative","status":"publish","type":"page","link":"https:\/\/strangercam.com\/ro\/chat-alternative\/","title":{"rendered":"Chat Alternative"},"content":{"rendered":"<p><a href=\"https:\/\/strangercam.com\/ro\/chatroulette\/\">Chat<\/a> Aplica\u021bia mobil\u0103 alternativ\u0103 este ideal\u0103 pentru cei care doresc s\u0103 <a href=\"https:\/\/strangercam.com\/ro\/coomeet\/\">\u00eent\u00e2lnire<\/a> str\u0103ini aleatori din diferite p\u0103r\u021bi ale lumii cu u\u0219urin\u021b\u0103. Acesta permite utilizatorilor s\u0103 aib\u0103 o <a href=\"https:\/\/strangercam.com\/ro\/rabbit-video-chat\/\">chat video<\/a> cu alte persoane de acas\u0103. \u00cen plus, aplica\u021bia g\u0103se\u0219te zilnic mii de persoane noi pentru a asigura cea mai bun\u0103 experien\u021b\u0103. Un alt lucru este c\u0103 aplica\u021bia arat\u0103 modalit\u0103\u021bi de a purta conversa\u021bii fa\u021b\u0103 \u00een fa\u021b\u0103 cu alte persoane care locuiesc la kilometri distan\u021b\u0103 de un loc.<\/p>\n<p>\u00cen plus, aplica\u021bia ofer\u0103 metode de restr\u00e2ngere a rezultatelor atunci c\u00e2nd cineva dore\u0219te s\u0103 discute cu str\u0103inii selecta\u021bi<a href=\"https:\/\/cashpotresulttoday.com\/\">.<\/a> Pute\u021bi selecta genul \u0219i loca\u021bia dorite. Exist\u0103 multe beneficii \u00een alegerea genului \u0219i a loca\u021biei. Uneori, este posibil s\u0103 dori\u021bi s\u0103 discuta\u021bi cu str\u0103ini dintr-o anumit\u0103 \u021bar\u0103 \u0219i origine. Alegerea \u021b\u0103rii dorite v\u0103 permite s\u0103 vorbi\u021bi cu persoanele pe care le dori\u021bi.<\/p>\n<h2>Motive pentru a utiliza aplica\u021bia Chat Alternative<\/h2>\n<h3>1. Permite utilizatorilor s\u0103 discute cu alte persoane \u00een mod anonim<\/h3>\n<p>Principalul avantaj al aplica\u021biei Chat Alternative este c\u0103 permite utilizatorilor s\u0103 discute cu alte persoane \u00een mod anonim, f\u0103r\u0103 a crea un cont<a href=\"https:\/\/nlcbplaywheresults.com\/\">.<\/a> \u00centr-adev\u0103r, aplica\u021bia ofer\u0103 modalit\u0103\u021bi de a ap\u0103sa pur \u0219i simplu butonul care permite unei persoane s\u0103 \u00eenceap\u0103 s\u0103 navigheze printre utilizatorii online cu u\u0219urin\u021b\u0103. Atunci c\u00e2nd ave\u021bi \u00eencredere c\u0103 cealalt\u0103 persoan\u0103 nu va afla niciodat\u0103 cine sunte\u021bi, acesta este momentul \u00een care \u00eencepe\u021bi s\u0103 v\u0103 bucura\u021bi de chat-ul video online.<\/p>\n<h3>2. Chat Alternative are cele mai rapide camere de \u00eenc\u0103rcare cu cea mai bun\u0103 calitate<\/h3>\n<p>Aplica\u021bia Chat Alternative vine cu cea mai rapid\u0103 \u00eenc\u0103rcare <a href=\"https:\/\/strangercam.com\/ro\/camzey\/\">came<\/a> care permit utilizatorilor s\u0103 cunoasc\u0103 mai multe persoane \u00eentr-un timp scurt. De fapt, acesta ofer\u0103 oportunit\u0103\u021bi de a \u00eent\u00e2lni mul\u021bi str\u0103ini care pot ajuta la \u00eendeplinirea obiectivelor.<\/p>\n<p>Oamenii spun c\u0103 calitatea nu conteaz\u0103, dar nu este adev\u0103rat. O \u00eenregistrare video de bun\u0103 calitate este necesar\u0103 pentru a comunica eficient. Nu pute\u021bi comunica mai bine cu persoana de la cel\u0103lalt cap\u0103t f\u0103r\u0103 o calitate video corespunz\u0103toare.<\/p>\n<h4>Selecta\u021bi \u021bara dorit\u0103<\/h4>\n<p>Alegerea \u021b\u0103rii dorite este cel mai mare avantaj al acestei aplica\u021bii de chat. \u00cenainte de a \u00eencepe un chat video, pute\u021bi selecta \u021bara dorit\u0103. Atunci c\u00e2nd selecta\u021bi \u021bara, sistemul inteligent al aplica\u021biei v\u0103 direc\u021bioneaz\u0103 c\u0103tre traficul din \u021bara respectiv\u0103. \u00cen cele din urm\u0103, ecranul dvs. \u00eencepe s\u0103 afi\u0219eze persoanele din \u021bara \u021bint\u0103. Pute\u021bi vorbi cu str\u0103inii din \u021bara respectiv\u0103.<\/p>\n<p>Apoi pute\u021bi selecta persoanele care v\u0103 plac cel mai mult. Vorbi\u021bi cu ei a\u0219a cum dori\u021bi. V\u0103 punem la dispozi\u021bie func\u021bii care s\u0103 v\u0103 stimuleze conversa\u021bia. Dac\u0103 vi se pare interesant, pute\u021bi continua conversa\u021bia; dac\u0103 nu, trece\u021bi la urm\u0103toarea!<\/p>\n<h4>Raporta\u021bi dac\u0103 \u00eent\u00e2mpina\u021bi orice problem\u0103<\/h4>\n<p>Principala preocupare a persoanelor care utilizeaz\u0103 platformele de chat online este confiden\u021bialitatea \u0219i problemele \u00een cazul \u00een care cineva face ceva nepotrivit. \u00cen primul r\u00e2nd, acestea sunt \u00een primul r\u00e2nd concep\u021bii gre\u0219ite despre platformele de chat online. Dac\u0103 se \u00eent\u00e2mpl\u0103 a\u0219a ceva \u00een via\u021ba real\u0103 \u00een timp ce utiliza\u021bi aplica\u021bia mobil\u0103 online Chat Alternative, pute\u021bi raporta direct autorit\u0103\u021bilor.<\/p>\n<p>Este o modalitate eficient\u0103 de a \u021bine oamenii \u00een limite, deoarece odat\u0103 ce este raportat, nu mai pute\u021bi utiliza platforma niciodat\u0103. Ve\u021bi fi blocat pentru totdeauna.<\/p>\n<h3>3. Chat Alternative este absolut gratuit<\/h3>\n<p>Aplica\u021bia este absolut gratuit\u0103 pentru utilizatori, permi\u021b\u00e2ndu-le s\u0103 \u00ee\u0219i \u00eembun\u0103t\u0103\u021beasc\u0103 via\u021ba social\u0103. \u00cen plus, contribuie \u0219i mai mult la chat-ul cu alte persoane pe diverse teme bazate pe interesele lor. Serviciul gratuit de video chat permite utilizatorilor s\u0103 discute mult timp f\u0103r\u0103 restric\u021bii.<\/p>\n<p>Nu exist\u0103 contracte st\u00e2ngace \u0219i achizi\u021bii \u00een aplica\u021bie. Utilizarea este gratuit\u0103 pentru toat\u0103 lumea \u0219i oriunde!<\/p>\n<h3>4. Chat Alternative este distractiv<\/h3>\n<p>Exist\u0103 tot mai multe cazuri de depresie dup\u0103 pandemia de covid-19 \u0219i \u00eenchidere. Toat\u0103 lumea are nevoie de o evadare. Este esen\u021bial s\u0103 revigora\u021bi energia pierdut\u0103 \u0219i s\u0103 g\u0103si\u021bi un nou curs \u00een via\u021b\u0103. Sim\u021bi\u021bi-v\u0103 liberi s\u0103 vorbi\u021bi cu str\u0103inii f\u0103r\u0103 nicio grij\u0103.<\/p>\n<p>Aplica\u021bia Chat alternative v\u0103 ofer\u0103 o oportunitate fantastic\u0103 de a v\u0103 relaxa mintea. Pute\u021bi discuta cu str\u0103inii pentru a sc\u0103pa de poveri. Vorbi\u021bi cu str\u0103inii \u0219i \u00eemp\u0103rt\u0103\u0219i\u021bi-le din experien\u021ba dumneavoastr\u0103. De asemenea, pute\u021bi s\u0103 le asculta\u021bi experien\u021bele \u0219i s\u0103 \u00eenv\u0103\u021ba\u021bi din ele. Dac\u0103 nu altceva, vorbi\u021bi despre ultimul sezon Netflix.<\/p>\n<h3>5. Ofer\u0103 mai mult\u0103 siguran\u021b\u0103<\/h3>\n<p>Aplica\u021bia ChatAlternative este singura aplica\u021bie care ofer\u0103 caracteristici de siguran\u021b\u0103 pentru utilizatori atunci c\u00e2nd ace\u0219tia doresc s\u0103 interac\u021bioneze cu alte persoane. Este cea mai popular\u0103 aplica\u021bie G-rated\u00a0<a href=\"https:\/\/strangercam.com\/ro\/bazoocam\/\">came<\/a> serviciu de chat disponibil pe pie\u021bele care nu se ocup\u0103 cu grafica. \u00cen plus, aplica\u021bia le permite oamenilor s\u0103 intre \u00eentr-o camer\u0103 de chat cu mai mult\u0103 protec\u021bie. Mul\u021bi adolescen\u021bi se bucur\u0103, de asemenea, de utilizarea serviciului, permi\u021b\u00e2ndu-le s\u0103 asigure o experien\u021b\u0103 de chat mai bun\u0103.<\/p>\n<h2>Cum s\u0103 desc\u0103rca\u021bi aplica\u021bia?<\/h2>\n<p>Utilizatorii pot desc\u0103rca aplica\u021bia Chat Alternative direct din magazinul Google Play \u0219i o pot instala pe smartphone-urile lor sau pe alte dispozitive \u00een pa\u0219i simpli. Aplica\u021bia permite utilizatorilor s\u0103 ating\u0103 pur \u0219i simplu butonul de pornire \u0219i s\u0103 selecteze poten\u021biali str\u0103ini pe baza op\u021biunilor. \u00cen plus, aplica\u021bia func\u021bioneaz\u0103 de la distan\u021b\u0103 pentru a face prieteni \u00een func\u021bie de nevoi. Este posibil s\u0103 se comunice cu al\u021bii mai rapid dup\u0103 instalarea aplica\u021biei. Cei care doresc s\u0103 instaleze aplica\u021bia ar trebui s\u0103 \u0219tie mai multe despre cerin\u021be \u00een detaliu.<\/p>\n<h2>Concluzie<\/h2>\n<p>Aplica\u021bia mobil\u0103 Chat Alternative este o op\u021biune bun\u0103 pentru a vorbi cu str\u0103inii. Este complet gratuit\u0103 pentru toat\u0103 lumea. Tot ce ai nevoie este o conexiune activ\u0103 la internet. Selecta\u021bi limba, selecta\u021bi regiunea \u0219i sexul care v\u0103 intereseaz\u0103 \u0219i porni\u021bi, preg\u0103ti\u021bi...! O politic\u0103 ferm\u0103 de confiden\u021bialitate, \u00eempreun\u0103 cu o interfa\u021b\u0103 u\u0219or de utilizat, face ca aceast\u0103 aplica\u021bie s\u0103 fie excelent\u0103!<\/p>","protected":false},"excerpt":{"rendered":"<p>Chat Alternative mobile app is ideal for those who want to meet random strangers in various parts of the world with ease. It allows users to have a video chat with others from their homes. Moreover, the app finds thousands of new people daily to ensure the best experience. Another thing is that the app [&hellip;]<\/p>\n","protected":false},"author":6,"featured_media":559,"parent":0,"menu_order":0,"comment_status":"closed","ping_status":"closed","template":"","meta":{"footnotes":""},"class_list":["post-80","page","type-page","status-publish","has-post-thumbnail","hentry"],"yoast_head":"<!-- This site is optimized with the Yoast SEO plugin v26.9 - https:\/\/yoast.com\/product\/yoast-seo-wordpress\/ -->\n<title>Chat Alternative - Cam with Strangers on StrangerCam.com<\/title>\n<meta name=\"description\" content=\"Like Chat Alternative? Come chat with more than 5.000.000 strangers on Stranger Cam for Free! Turn on your cam and find new friends!\" \/>\n<meta name=\"robots\" content=\"index, follow, max-snippet:-1, max-image-preview:large, max-video-preview:-1\" \/>\n<link rel=\"canonical\" href=\"https:\/\/strangercam.com\/ro\/chat-alternative\/\" \/>\n<meta property=\"og:locale\" content=\"ro_RO\" \/>\n<meta property=\"og:type\" content=\"article\" \/>\n<meta property=\"og:title\" content=\"Chat Alternative - Cam with Strangers on StrangerCam.com\" \/>\n<meta property=\"og:description\" content=\"Like Chat Alternative? Come chat with more than 5.000.000 strangers on Stranger Cam for Free! Turn on your cam and find new friends!\" \/>\n<meta property=\"og:url\" content=\"https:\/\/strangercam.com\/ro\/chat-alternative\/\" \/>\n<meta property=\"og:site_name\" content=\"Strangercam\" \/>\n<meta property=\"article:publisher\" content=\"https:\/\/www.facebook.com\/strangercam\" \/>\n<meta property=\"article:modified_time\" content=\"2023-08-21T09:40:39+00:00\" \/>\n<meta property=\"og:image\" content=\"https:\/\/strangercam.com\/wp-content\/uploads\/2020\/11\/stranger-cam-1.png\" \/>\n\t<meta property=\"og:image:width\" content=\"800\" \/>\n\t<meta property=\"og:image:height\" content=\"800\" \/>\n\t<meta property=\"og:image:type\" content=\"image\/png\" \/>\n<meta name=\"twitter:card\" content=\"summary_large_image\" \/>\n<meta name=\"twitter:site\" content=\"@strangercamapp\" \/>\n<meta name=\"twitter:label1\" content=\"Timp estimat pentru citire\" \/>\n\t<meta name=\"twitter:data1\" content=\"4 minute\" \/>\n<script type=\"application\/ld+json\" class=\"yoast-schema-graph\">{\"@context\":\"https:\/\/schema.org\",\"@graph\":[{\"@type\":\"WebPage\",\"@id\":\"https:\/\/strangercam.com\/chat-alternative\/\",\"url\":\"https:\/\/strangercam.com\/chat-alternative\/\",\"name\":\"Chat Alternative - Cam with Strangers on StrangerCam.com\",\"isPartOf\":{\"@id\":\"https:\/\/strangercam.com\/#website\"},\"primaryImageOfPage\":{\"@id\":\"https:\/\/strangercam.com\/chat-alternative\/#primaryimage\"},\"image\":{\"@id\":\"https:\/\/strangercam.com\/chat-alternative\/#primaryimage\"},\"thumbnailUrl\":\"https:\/\/strangercam.com\/wp-content\/uploads\/2020\/11\/stranger-cam-1.png\",\"datePublished\":\"2020-04-09T16:35:29+00:00\",\"dateModified\":\"2023-08-21T09:40:39+00:00\",\"description\":\"Like Chat Alternative? Come chat with more than 5.000.000 strangers on Stranger Cam for Free! Turn on your cam and find new friends!\",\"breadcrumb\":{\"@id\":\"https:\/\/strangercam.com\/chat-alternative\/#breadcrumb\"},\"inLanguage\":\"ro-RO\",\"potentialAction\":[{\"@type\":\"ReadAction\",\"target\":[\"https:\/\/strangercam.com\/chat-alternative\/\"]}]},{\"@type\":\"ImageObject\",\"inLanguage\":\"ro-RO\",\"@id\":\"https:\/\/strangercam.com\/chat-alternative\/#primaryimage\",\"url\":\"https:\/\/strangercam.com\/wp-content\/uploads\/2020\/11\/stranger-cam-1.png\",\"contentUrl\":\"https:\/\/strangercam.com\/wp-content\/uploads\/2020\/11\/stranger-cam-1.png\",\"width\":800,\"height\":800,\"caption\":\"stranger cam random video chat\"},{\"@type\":\"BreadcrumbList\",\"@id\":\"https:\/\/strangercam.com\/chat-alternative\/#breadcrumb\",\"itemListElement\":[{\"@type\":\"ListItem\",\"position\":1,\"name\":\"Home\",\"item\":\"https:\/\/strangercam.com\/\"},{\"@type\":\"ListItem\",\"position\":2,\"name\":\"Chat Alternative\"}]},{\"@type\":\"WebSite\",\"@id\":\"https:\/\/strangercam.com\/#website\",\"url\":\"https:\/\/strangercam.com\/\",\"name\":\"Strangercam\",\"description\":\"Random Video Chat with Strangers\",\"publisher\":{\"@id\":\"https:\/\/strangercam.com\/#organization\"},\"alternateName\":\"Strangercam.com\",\"potentialAction\":[{\"@type\":\"SearchAction\",\"target\":{\"@type\":\"EntryPoint\",\"urlTemplate\":\"https:\/\/strangercam.com\/?s={search_term_string}\"},\"query-input\":{\"@type\":\"PropertyValueSpecification\",\"valueRequired\":true,\"valueName\":\"search_term_string\"}}],\"inLanguage\":\"ro-RO\"},{\"@type\":\"Organization\",\"@id\":\"https:\/\/strangercam.com\/#organization\",\"name\":\"Strangercam\",\"alternateName\":\"Strangercam.com\",\"url\":\"https:\/\/strangercam.com\/\",\"logo\":{\"@type\":\"ImageObject\",\"inLanguage\":\"ro-RO\",\"@id\":\"https:\/\/strangercam.com\/#\/schema\/logo\/image\/\",\"url\":\"https:\/\/strangercam.com\/wp-content\/uploads\/2020\/11\/cropped-new-favicon-black.png\",\"contentUrl\":\"https:\/\/strangercam.com\/wp-content\/uploads\/2020\/11\/cropped-new-favicon-black.png\",\"width\":512,\"height\":512,\"caption\":\"Strangercam\"},\"image\":{\"@id\":\"https:\/\/strangercam.com\/#\/schema\/logo\/image\/\"},\"sameAs\":[\"https:\/\/www.facebook.com\/strangercam\",\"https:\/\/x.com\/strangercamapp\"]}]}<\/script>\n<!-- \/ Yoast SEO plugin. -->","yoast_head_json":{"title":"Chat Alternative - Cam cu Str\u0103ini pe StrangerCam.com","description":"\u00ce\u021bi place Chat Alternative? Vino s\u0103 vorbe\u0219ti cu mai mult de 5.000.000 de str\u0103ini pe Stranger Cam gratuit! Porne\u0219te-\u021bi camera \u0219i g\u0103se\u0219te-\u021bi noi prieteni!","robots":{"index":"index","follow":"follow","max-snippet":"max-snippet:-1","max-image-preview":"max-image-preview:large","max-video-preview":"max-video-preview:-1"},"canonical":"https:\/\/strangercam.com\/ro\/chat-alternative\/","og_locale":"ro_RO","og_type":"article","og_title":"Chat Alternative - Cam with Strangers on StrangerCam.com","og_description":"Like Chat Alternative? Come chat with more than 5.000.000 strangers on Stranger Cam for Free! Turn on your cam and find new friends!","og_url":"https:\/\/strangercam.com\/ro\/chat-alternative\/","og_site_name":"Strangercam","article_publisher":"https:\/\/www.facebook.com\/strangercam","article_modified_time":"2023-08-21T09:40:39+00:00","og_image":[{"width":800,"height":800,"url":"https:\/\/strangercam.com\/wp-content\/uploads\/2020\/11\/stranger-cam-1.png","type":"image\/png"}],"twitter_card":"summary_large_image","twitter_site":"@strangercamapp","twitter_misc":{"Timp estimat pentru citire":"4 minute"},"schema":{"@context":"https:\/\/schema.org","@graph":[{"@type":"WebPage","@id":"https:\/\/strangercam.com\/chat-alternative\/","url":"https:\/\/strangercam.com\/chat-alternative\/","name":"Chat Alternative - Cam cu Str\u0103ini pe StrangerCam.com","isPartOf":{"@id":"https:\/\/strangercam.com\/#website"},"primaryImageOfPage":{"@id":"https:\/\/strangercam.com\/chat-alternative\/#primaryimage"},"image":{"@id":"https:\/\/strangercam.com\/chat-alternative\/#primaryimage"},"thumbnailUrl":"https:\/\/strangercam.com\/wp-content\/uploads\/2020\/11\/stranger-cam-1.png","datePublished":"2020-04-09T16:35:29+00:00","dateModified":"2023-08-21T09:40:39+00:00","description":"\u00ce\u021bi place Chat Alternative? Vino s\u0103 vorbe\u0219ti cu mai mult de 5.000.000 de str\u0103ini pe Stranger Cam gratuit! Porne\u0219te-\u021bi camera \u0219i g\u0103se\u0219te-\u021bi noi prieteni!","breadcrumb":{"@id":"https:\/\/strangercam.com\/chat-alternative\/#breadcrumb"},"inLanguage":"ro-RO","potentialAction":[{"@type":"ReadAction","target":["https:\/\/strangercam.com\/chat-alternative\/"]}]},{"@type":"ImageObject","inLanguage":"ro-RO","@id":"https:\/\/strangercam.com\/chat-alternative\/#primaryimage","url":"https:\/\/strangercam.com\/wp-content\/uploads\/2020\/11\/stranger-cam-1.png","contentUrl":"https:\/\/strangercam.com\/wp-content\/uploads\/2020\/11\/stranger-cam-1.png","width":800,"height":800,"caption":"stranger cam random video chat"},{"@type":"BreadcrumbList","@id":"https:\/\/strangercam.com\/chat-alternative\/#breadcrumb","itemListElement":[{"@type":"ListItem","position":1,"name":"Home","item":"https:\/\/strangercam.com\/"},{"@type":"ListItem","position":2,"name":"Chat Alternative"}]},{"@type":"WebSite","@id":"https:\/\/strangercam.com\/#website","url":"https:\/\/strangercam.com\/","name":"Strangercam","description":"Chat video aleatoriu cu str\u0103ini","publisher":{"@id":"https:\/\/strangercam.com\/#organization"},"alternateName":"Strangercam.com","potentialAction":[{"@type":"SearchAction","target":{"@type":"EntryPoint","urlTemplate":"https:\/\/strangercam.com\/?s={search_term_string}"},"query-input":{"@type":"PropertyValueSpecification","valueRequired":true,"valueName":"search_term_string"}}],"inLanguage":"ro-RO"},{"@type":"Organization","@id":"https:\/\/strangercam.com\/#organization","name":"Strangercam","alternateName":"Strangercam.com","url":"https:\/\/strangercam.com\/","logo":{"@type":"ImageObject","inLanguage":"ro-RO","@id":"https:\/\/strangercam.com\/#\/schema\/logo\/image\/","url":"https:\/\/strangercam.com\/wp-content\/uploads\/2020\/11\/cropped-new-favicon-black.png","contentUrl":"https:\/\/strangercam.com\/wp-content\/uploads\/2020\/11\/cropped-new-favicon-black.png","width":512,"height":512,"caption":"Strangercam"},"image":{"@id":"https:\/\/strangercam.com\/#\/schema\/logo\/image\/"},"sameAs":["https:\/\/www.facebook.com\/strangercam","https:\/\/x.com\/strangercamapp"]}]}},"_links":{"self":[{"href":"https:\/\/strangercam.com\/ro\/wp-json\/wp\/v2\/pages\/80","targetHints":{"allow":["GET"]}}],"collection":[{"href":"https:\/\/strangercam.com\/ro\/wp-json\/wp\/v2\/pages"}],"about":[{"href":"https:\/\/strangercam.com\/ro\/wp-json\/wp\/v2\/types\/page"}],"author":[{"embeddable":true,"href":"https:\/\/strangercam.com\/ro\/wp-json\/wp\/v2\/users\/6"}],"replies":[{"embeddable":true,"href":"https:\/\/strangercam.com\/ro\/wp-json\/wp\/v2\/comments?post=80"}],"version-history":[{"count":0,"href":"https:\/\/strangercam.com\/ro\/wp-json\/wp\/v2\/pages\/80\/revisions"}],"wp:featuredmedia":[{"embeddable":true,"href":"https:\/\/strangercam.com\/ro\/wp-json\/wp\/v2\/media\/559"}],"wp:attachment":[{"href":"https:\/\/strangercam.com\/ro\/wp-json\/wp\/v2\/media?parent=80"}],"curies":[{"name":"wp","href":"https:\/\/api.w.org\/{rel}","templated":true}]}}