{"id":7865,"date":"2021-09-17T14:33:59","date_gmt":"2021-09-17T12:33:59","guid":{"rendered":"https:\/\/strangercam.com\/?page_id=7865"},"modified":"2023-08-21T12:41:23","modified_gmt":"2023-08-21T10:41:23","slug":"talk-with-stranger","status":"publish","type":"page","link":"https:\/\/strangercam.com\/ro\/talk-with-stranger\/","title":{"rendered":"Talk With Stranger"},"content":{"rendered":"<p>Internetul a revolu\u021bionat modul \u00een care oamenii comunic\u0103 \u00eentre ei. Oamenii sunt mai implica\u021bi dec\u00e2t oric\u00e2nd cu smartphone-urile lor, realiz\u00e2nd diagrame \u0219i \u00eemp\u0103rt\u0103\u0219ind informa\u021bii cu <a href=\"https:\/\/strangercam.com\/ro\/1v1-chat\/\">una<\/a> altul. Exist\u0103 multe beneficii pentru online <a href=\"https:\/\/strangercam.com\/ro\/chatingly\/\">chat<\/a>. Pute\u021bi <a href=\"https:\/\/strangercam.com\/ro\/coomeet\/\">\u00eent\u00e2lnire<\/a> persoane cu interese similare \u0219i v\u0103 spore\u0219te \u00eencrederea \u00een sine. De asemenea, v\u0103 permite s\u0103 p\u0103stra\u021bi leg\u0103tura cu cei dragi.\u00a0<b>Talk With Stranger <\/b>este disponibil at\u00e2t pentru adolescen\u021bi, c\u00e2t \u0219i pentru adul\u021bi. Pentru a fi \u00een siguran\u021b\u0103, trebuie s\u0103 lua\u021bi m\u0103surile de precau\u021bie necesare.<\/p>\n<h2>Chat online<\/h2>\n<ul>\n<li>Portalurile de chat online v\u0103 permit s\u0103 cunoa\u0219te\u021bi oameni noi. Portalurile de chat online v\u0103 permit s\u0103 \u00eent\u00e2lni\u021bi oameni la orice or\u0103 din zi sau din noapte. De asemenea, pute\u021bi alege orice portal \u0219i grup care v\u0103 intereseaz\u0103. Aceasta este cea mai bun\u0103 parte: nu trebuie s\u0103 ie\u0219i\u021bi din cas\u0103 pentru a v\u0103 atinge scopul. Pute\u021bi pur \u0219i simplu s\u0103 v\u0103 folosi\u021bi telefonul sau laptopul pentru a comunica cu alte persoane prin intermediul <b>Talk With Stranger<\/b>.<\/li>\n<li>\u00cencrederea \u0219i stima de sine: Discu\u021biile online cu persoane necunoscute v\u0103 pot stimula \u00eencrederea \u0219i stima de sine. Dac\u0103 v\u0103 sim\u021bi\u021bi singur sau cu inima fr\u00e2nt\u0103, acest lucru este \u0219i mai important. Unii oameni consider\u0103 chat-ul online o solu\u021bie temporar\u0103. S-ar putea s\u0103 g\u0103si\u021bi pe cineva care v\u0103 poate ajuta s\u0103 v\u0103 rec\u00e2\u0219tiga\u021bi z\u00e2mbetul frumos pe care l-a\u021bi pierdut odat\u0103 din cauza divor\u021bului sau a mor\u021bii unei persoane dragi.<\/li>\n<li>P\u0103stra\u021bi leg\u0103tura: Exist\u0103 o mare <a href=\"https:\/\/strangercam.com\/ro\/chatbychance\/\">\u0219ans\u0103<\/a> de a construi rela\u021bii bune prin <b>Talk With Stranger<\/b>. V\u0103 pute\u021bi \u00eemprieteni cu oricine, indiferent de v\u00e2rst\u0103 sau sex, de oriunde din lume. V\u0103 pute\u021bi conecta online de acas\u0103 sau din deplasare. Accesul la o conexiune la internet \u0219i un act de identitate valabil sunt tot ce v\u0103 trebuie. Pentru a v\u0103 accesa contul prin intermediul portalului online, Este posibil s\u0103 discuta\u021bi ore \u00een \u0219ir f\u0103r\u0103 s\u0103 v\u0103 face\u021bi griji cu privire la facturile lungi. Tehnologia modern\u0103 a f\u0103cut posibil\u0103 comunicarea pe distan\u021be mai mari.<\/li>\n<li>G\u0103si\u021bi persoane cu interese similare f\u0103c\u00e2nd o c\u0103utare. Ve\u021bi g\u0103si multe site-uri de re\u021bele sociale care ofer\u0103 diferite categorii. Pute\u021bi <a href=\"https:\/\/strangercam.com\/ro\/chatroulette\/\">chat<\/a> \u00een func\u021bie de interesele dumneavoastr\u0103. De asemenea, pute\u021bi g\u0103si forumuri pentru sport, afaceri \u0219i colec\u021bie, precum \u0219i forumuri pentru bricolaj, hobby-uri \u0219i subiecte de afaceri. Exist\u0103 multe op\u021biuni, iar lista este nesf\u00e2r\u0219it\u0103. Oricare poate fi aleas\u0103 \u00een func\u021bie de starea dvs. de spirit.<\/li>\n<\/ul>\n<p>Conectarea la <b>Talk With Stranger<\/b>\u00a0v\u0103 va permite s\u0103 dob\u00e2ndi\u021bi noi cuno\u0219tin\u021be, tehnici \u0219i informa\u021bii care v\u0103 intereseaz\u0103.<\/p>","protected":false},"excerpt":{"rendered":"<p>The internet has revolutionized how people communicate with each other.\u00a0People are more engaged with their smartphones than ever, charting and sharing information with one another.\u00a0There are many benefits to online chatting.\u00a0You can meet people with similar interests and it boosts your confidence. It also allows you to keep in touch with your loved ones.\u00a0Talk With [&hellip;]<\/p>\n","protected":false},"author":6,"featured_media":559,"parent":0,"menu_order":0,"comment_status":"closed","ping_status":"closed","template":"","meta":{"footnotes":""},"class_list":["post-7865","page","type-page","status-publish","has-post-thumbnail","hentry"],"yoast_head":"<!-- This site is optimized with the Yoast SEO plugin v26.9 - https:\/\/yoast.com\/product\/yoast-seo-wordpress\/ -->\n<title>Talk With Stranger - Anonymous Chat For Two - Cam on StrangerCam.com<\/title>\n<meta name=\"description\" content=\"Like Talk With Stranger? Come chat with more than 5.000.000 strangers on Stranger Cam for Free! Turn on your cam and find new friends &amp; maby a match!\" \/>\n<meta name=\"robots\" content=\"index, follow, max-snippet:-1, max-image-preview:large, max-video-preview:-1\" \/>\n<link rel=\"canonical\" href=\"https:\/\/strangercam.com\/ro\/talk-with-stranger\/\" \/>\n<meta property=\"og:locale\" content=\"ro_RO\" \/>\n<meta property=\"og:type\" content=\"article\" \/>\n<meta property=\"og:title\" content=\"Talk With Stranger - Anonymous Chat For Two - Cam on StrangerCam.com\" \/>\n<meta property=\"og:description\" content=\"Like Talk With Stranger? Come chat with more than 5.000.000 strangers on Stranger Cam for Free! Turn on your cam and find new friends &amp; maby a match!\" \/>\n<meta property=\"og:url\" content=\"https:\/\/strangercam.com\/ro\/talk-with-stranger\/\" \/>\n<meta property=\"og:site_name\" content=\"Strangercam\" \/>\n<meta property=\"article:publisher\" content=\"https:\/\/www.facebook.com\/strangercam\" \/>\n<meta property=\"article:modified_time\" content=\"2023-08-21T10:41:23+00:00\" \/>\n<meta property=\"og:image\" content=\"https:\/\/strangercam.com\/wp-content\/uploads\/2020\/11\/stranger-cam-1.png\" \/>\n\t<meta property=\"og:image:width\" content=\"800\" \/>\n\t<meta property=\"og:image:height\" content=\"800\" \/>\n\t<meta property=\"og:image:type\" content=\"image\/png\" \/>\n<meta name=\"twitter:card\" content=\"summary_large_image\" \/>\n<meta name=\"twitter:site\" content=\"@strangercamapp\" \/>\n<meta name=\"twitter:label1\" content=\"Timp estimat pentru citire\" \/>\n\t<meta name=\"twitter:data1\" content=\"2 minute\" \/>\n<script type=\"application\/ld+json\" class=\"yoast-schema-graph\">{\"@context\":\"https:\/\/schema.org\",\"@graph\":[{\"@type\":\"WebPage\",\"@id\":\"https:\/\/strangercam.com\/talk-with-stranger\/\",\"url\":\"https:\/\/strangercam.com\/talk-with-stranger\/\",\"name\":\"Talk With Stranger - Anonymous Chat For Two - Cam on StrangerCam.com\",\"isPartOf\":{\"@id\":\"https:\/\/strangercam.com\/#website\"},\"primaryImageOfPage\":{\"@id\":\"https:\/\/strangercam.com\/talk-with-stranger\/#primaryimage\"},\"image\":{\"@id\":\"https:\/\/strangercam.com\/talk-with-stranger\/#primaryimage\"},\"thumbnailUrl\":\"https:\/\/strangercam.com\/wp-content\/uploads\/2020\/11\/stranger-cam-1.png\",\"datePublished\":\"2021-09-17T12:33:59+00:00\",\"dateModified\":\"2023-08-21T10:41:23+00:00\",\"description\":\"Like Talk With Stranger? Come chat with more than 5.000.000 strangers on Stranger Cam for Free! Turn on your cam and find new friends & maby a match!\",\"breadcrumb\":{\"@id\":\"https:\/\/strangercam.com\/talk-with-stranger\/#breadcrumb\"},\"inLanguage\":\"ro-RO\",\"potentialAction\":[{\"@type\":\"ReadAction\",\"target\":[\"https:\/\/strangercam.com\/talk-with-stranger\/\"]}]},{\"@type\":\"ImageObject\",\"inLanguage\":\"ro-RO\",\"@id\":\"https:\/\/strangercam.com\/talk-with-stranger\/#primaryimage\",\"url\":\"https:\/\/strangercam.com\/wp-content\/uploads\/2020\/11\/stranger-cam-1.png\",\"contentUrl\":\"https:\/\/strangercam.com\/wp-content\/uploads\/2020\/11\/stranger-cam-1.png\",\"width\":800,\"height\":800,\"caption\":\"stranger cam random video chat\"},{\"@type\":\"BreadcrumbList\",\"@id\":\"https:\/\/strangercam.com\/talk-with-stranger\/#breadcrumb\",\"itemListElement\":[{\"@type\":\"ListItem\",\"position\":1,\"name\":\"Home\",\"item\":\"https:\/\/strangercam.com\/\"},{\"@type\":\"ListItem\",\"position\":2,\"name\":\"Talk With Stranger\"}]},{\"@type\":\"WebSite\",\"@id\":\"https:\/\/strangercam.com\/#website\",\"url\":\"https:\/\/strangercam.com\/\",\"name\":\"Strangercam\",\"description\":\"Random Video Chat with Strangers\",\"publisher\":{\"@id\":\"https:\/\/strangercam.com\/#organization\"},\"alternateName\":\"Strangercam.com\",\"potentialAction\":[{\"@type\":\"SearchAction\",\"target\":{\"@type\":\"EntryPoint\",\"urlTemplate\":\"https:\/\/strangercam.com\/?s={search_term_string}\"},\"query-input\":{\"@type\":\"PropertyValueSpecification\",\"valueRequired\":true,\"valueName\":\"search_term_string\"}}],\"inLanguage\":\"ro-RO\"},{\"@type\":\"Organization\",\"@id\":\"https:\/\/strangercam.com\/#organization\",\"name\":\"Strangercam\",\"alternateName\":\"Strangercam.com\",\"url\":\"https:\/\/strangercam.com\/\",\"logo\":{\"@type\":\"ImageObject\",\"inLanguage\":\"ro-RO\",\"@id\":\"https:\/\/strangercam.com\/#\/schema\/logo\/image\/\",\"url\":\"https:\/\/strangercam.com\/wp-content\/uploads\/2020\/11\/cropped-new-favicon-black.png\",\"contentUrl\":\"https:\/\/strangercam.com\/wp-content\/uploads\/2020\/11\/cropped-new-favicon-black.png\",\"width\":512,\"height\":512,\"caption\":\"Strangercam\"},\"image\":{\"@id\":\"https:\/\/strangercam.com\/#\/schema\/logo\/image\/\"},\"sameAs\":[\"https:\/\/www.facebook.com\/strangercam\",\"https:\/\/x.com\/strangercamapp\"]}]}<\/script>\n<!-- \/ Yoast SEO plugin. -->","yoast_head_json":{"title":"Talk With Stranger - Chat anonim pentru doi - Cam pe StrangerCam.com","description":"\u00ce\u021bi place Talk With Stranger? Vino s\u0103 vorbe\u0219ti cu mai mult de 5.000.000 de str\u0103ini pe Stranger Cam gratuit! Porne\u0219te-\u021bi camera \u0219i g\u0103se\u0219te prieteni noi \u0219i poate o pereche!","robots":{"index":"index","follow":"follow","max-snippet":"max-snippet:-1","max-image-preview":"max-image-preview:large","max-video-preview":"max-video-preview:-1"},"canonical":"https:\/\/strangercam.com\/ro\/talk-with-stranger\/","og_locale":"ro_RO","og_type":"article","og_title":"Talk With Stranger - Anonymous Chat For Two - Cam on StrangerCam.com","og_description":"Like Talk With Stranger? Come chat with more than 5.000.000 strangers on Stranger Cam for Free! Turn on your cam and find new friends & maby a match!","og_url":"https:\/\/strangercam.com\/ro\/talk-with-stranger\/","og_site_name":"Strangercam","article_publisher":"https:\/\/www.facebook.com\/strangercam","article_modified_time":"2023-08-21T10:41:23+00:00","og_image":[{"width":800,"height":800,"url":"https:\/\/strangercam.com\/wp-content\/uploads\/2020\/11\/stranger-cam-1.png","type":"image\/png"}],"twitter_card":"summary_large_image","twitter_site":"@strangercamapp","twitter_misc":{"Timp estimat pentru citire":"2 minute"},"schema":{"@context":"https:\/\/schema.org","@graph":[{"@type":"WebPage","@id":"https:\/\/strangercam.com\/talk-with-stranger\/","url":"https:\/\/strangercam.com\/talk-with-stranger\/","name":"Talk With Stranger - Chat anonim pentru doi - Cam pe StrangerCam.com","isPartOf":{"@id":"https:\/\/strangercam.com\/#website"},"primaryImageOfPage":{"@id":"https:\/\/strangercam.com\/talk-with-stranger\/#primaryimage"},"image":{"@id":"https:\/\/strangercam.com\/talk-with-stranger\/#primaryimage"},"thumbnailUrl":"https:\/\/strangercam.com\/wp-content\/uploads\/2020\/11\/stranger-cam-1.png","datePublished":"2021-09-17T12:33:59+00:00","dateModified":"2023-08-21T10:41:23+00:00","description":"\u00ce\u021bi place Talk With Stranger? Vino s\u0103 vorbe\u0219ti cu mai mult de 5.000.000 de str\u0103ini pe Stranger Cam gratuit! Porne\u0219te-\u021bi camera \u0219i g\u0103se\u0219te prieteni noi \u0219i poate o pereche!","breadcrumb":{"@id":"https:\/\/strangercam.com\/talk-with-stranger\/#breadcrumb"},"inLanguage":"ro-RO","potentialAction":[{"@type":"ReadAction","target":["https:\/\/strangercam.com\/talk-with-stranger\/"]}]},{"@type":"ImageObject","inLanguage":"ro-RO","@id":"https:\/\/strangercam.com\/talk-with-stranger\/#primaryimage","url":"https:\/\/strangercam.com\/wp-content\/uploads\/2020\/11\/stranger-cam-1.png","contentUrl":"https:\/\/strangercam.com\/wp-content\/uploads\/2020\/11\/stranger-cam-1.png","width":800,"height":800,"caption":"stranger cam random video chat"},{"@type":"BreadcrumbList","@id":"https:\/\/strangercam.com\/talk-with-stranger\/#breadcrumb","itemListElement":[{"@type":"ListItem","position":1,"name":"Home","item":"https:\/\/strangercam.com\/"},{"@type":"ListItem","position":2,"name":"Talk With Stranger"}]},{"@type":"WebSite","@id":"https:\/\/strangercam.com\/#website","url":"https:\/\/strangercam.com\/","name":"Strangercam","description":"Chat video aleatoriu cu str\u0103ini","publisher":{"@id":"https:\/\/strangercam.com\/#organization"},"alternateName":"Strangercam.com","potentialAction":[{"@type":"SearchAction","target":{"@type":"EntryPoint","urlTemplate":"https:\/\/strangercam.com\/?s={search_term_string}"},"query-input":{"@type":"PropertyValueSpecification","valueRequired":true,"valueName":"search_term_string"}}],"inLanguage":"ro-RO"},{"@type":"Organization","@id":"https:\/\/strangercam.com\/#organization","name":"Strangercam","alternateName":"Strangercam.com","url":"https:\/\/strangercam.com\/","logo":{"@type":"ImageObject","inLanguage":"ro-RO","@id":"https:\/\/strangercam.com\/#\/schema\/logo\/image\/","url":"https:\/\/strangercam.com\/wp-content\/uploads\/2020\/11\/cropped-new-favicon-black.png","contentUrl":"https:\/\/strangercam.com\/wp-content\/uploads\/2020\/11\/cropped-new-favicon-black.png","width":512,"height":512,"caption":"Strangercam"},"image":{"@id":"https:\/\/strangercam.com\/#\/schema\/logo\/image\/"},"sameAs":["https:\/\/www.facebook.com\/strangercam","https:\/\/x.com\/strangercamapp"]}]}},"_links":{"self":[{"href":"https:\/\/strangercam.com\/ro\/wp-json\/wp\/v2\/pages\/7865","targetHints":{"allow":["GET"]}}],"collection":[{"href":"https:\/\/strangercam.com\/ro\/wp-json\/wp\/v2\/pages"}],"about":[{"href":"https:\/\/strangercam.com\/ro\/wp-json\/wp\/v2\/types\/page"}],"author":[{"embeddable":true,"href":"https:\/\/strangercam.com\/ro\/wp-json\/wp\/v2\/users\/6"}],"replies":[{"embeddable":true,"href":"https:\/\/strangercam.com\/ro\/wp-json\/wp\/v2\/comments?post=7865"}],"version-history":[{"count":0,"href":"https:\/\/strangercam.com\/ro\/wp-json\/wp\/v2\/pages\/7865\/revisions"}],"wp:featuredmedia":[{"embeddable":true,"href":"https:\/\/strangercam.com\/ro\/wp-json\/wp\/v2\/media\/559"}],"wp:attachment":[{"href":"https:\/\/strangercam.com\/ro\/wp-json\/wp\/v2\/media?parent=7865"}],"curies":[{"name":"wp","href":"https:\/\/api.w.org\/{rel}","templated":true}]}}