{"id":7627,"date":"2021-09-09T14:07:26","date_gmt":"2021-09-09T12:07:26","guid":{"rendered":"https:\/\/strangercam.com\/?page_id=7627"},"modified":"2023-08-21T11:40:39","modified_gmt":"2023-08-21T09:40:39","slug":"chateasy","status":"publish","type":"page","link":"https:\/\/strangercam.com\/ro\/chateasy\/","title":{"rendered":"Chateasy"},"content":{"rendered":"<h2>Care sunt avantajele \u0219i caracteristicile Chateasy?<\/h2>\n<p>Apari\u021bia internetului de mare vitez\u0103 \u0219i a numeroaselor <a href=\"https:\/\/strangercam.com\/ro\/chatingly\/\">chat<\/a> portalurile au schimbat complet modul \u00een care oamenii interac\u021bioneaz\u0103 cu <a href=\"https:\/\/strangercam.com\/ro\/1v1-chat\/\">una<\/a> altul. \u00cen zilele noastre, oamenii sunt mai ocupa\u021bi cu smartphone-urile lor dec\u00e2t cu alte persoane. Chat-ul online ofer\u0103 numeroase beneficii. V\u0103 permite s\u0103 \u00eent\u00e2lni\u021bi persoane cu interese similare, v\u0103 spore\u0219te \u00eencrederea \u0219i v\u0103 permite s\u0103 r\u0103m\u00e2ne\u021bi cu cei apropia\u021bi \u0219i dragi. Adolescen\u021bii de v\u00e2rst\u0103 eligibil\u0103 \u0219i adul\u021bii se pot bucura de beneficiile oferite de <b>u\u0219or<\/b>. Dar trebuie s\u0103 lua\u021bi m\u0103surile de precau\u021bie adecvate pentru a fi \u00een siguran\u021b\u0103.<\/p>\n<p><i>Beneficiile oferite de chat-ul online<\/i><\/p>\n<ul>\n<li style=\"font-weight: 400;\" aria-level=\"1\"><a href=\"https:\/\/strangercam.com\/ro\/coomeet\/\">Face\u021bi cuno\u0219tin\u021b\u0103<\/a> oameni noi: Acesta este unul dintre cele mai evidente beneficii oferite de portalurile de chat online. Le pute\u021bi \u00eent\u00e2lni online oric\u00e2nd dori\u021bi \u0219i la orice or\u0103 din zi sau din noapte. De asemenea, pute\u021bi alege orice portal la alegere \u0219i orice grup de interes. Cea mai bun\u0103 parte este c\u0103 pute\u021bi atinge acest obiectiv f\u0103r\u0103 a fi nevoit s\u0103 v\u0103 p\u0103r\u0103si\u021bi locuin\u021ba. Pur \u0219i simplu folosi\u021bi laptopul sau telefonul pentru a v\u0103 conecta cu al\u021bii prin <b>u\u0219or<\/b>.<\/li>\n<li style=\"font-weight: 400;\" aria-level=\"1\">Stima de sine \u0219i \u00eencrederea \u00een sine: Chat-ul cu str\u0103inii online v\u0103 cre\u0219te stima de sine \u0219i \u00eencrederea. Acest lucru este valabil mai ales dac\u0103 ave\u021bi inima fr\u00e2nt\u0103 \u0219i v\u0103 sim\u021bi\u021bi singuri. Pu\u021bini sunt cei care consider\u0103 chat-ul online drept o solu\u021bie de avarie. Unii str\u0103ini ar putea s\u0103 v\u0103 ajute s\u0103 ob\u021bine\u021bi acel z\u00e2mbet minunat pe care l-a\u021bi fi putut pierde dup\u0103 divor\u021b sau dup\u0103 moartea unei persoane dragi.<\/li>\n<li style=\"font-weight: 400;\" aria-level=\"1\">R\u0103m\u00e2ne\u021bi \u00een contact: Exist\u0103 \u0219anse foarte mari de a dezvolta rela\u021bii bune prin <b>u\u0219or<\/b>. Acest lucru \u00eenseamn\u0103 c\u0103 v\u0103 pute\u021bi \u00eemprieteni cu orice persoan\u0103 de orice v\u00e2rst\u0103 \u0219i sex din orice parte a lumii. Portalurile online \u00ee\u021bi permit s\u0103 r\u0103m\u00e2i conectat din confortul casei tale sau chiar atunci c\u00e2nd e\u0219ti \u00een mi\u0219care. Trebuie doar s\u0103 ave\u021bi acces la un smartphone \u0219i la o conexiune la internet, \u00eempreun\u0103 cu un act de identitate valabil, pentru a v\u0103 accesa contul de pe portalul online. Pute\u021bi <a href=\"https:\/\/strangercam.com\/ro\/chatroulette\/\">chat<\/a> timp de mai multe ore, f\u0103r\u0103 a fi nevoi\u021bi s\u0103 v\u0103 face\u021bi griji cu privire la facturile lungi. Adev\u0103rul este c\u0103 tehnologia modern\u0103 a scurtat distan\u021bele.<\/li>\n<li style=\"font-weight: 400;\" aria-level=\"1\">Intra\u021bi \u00een contact cu persoane care au interese similare: Cu c\u00e2teva c\u0103ut\u0103ri, ve\u021bi g\u0103si cu siguran\u021b\u0103 numeroase site-uri de re\u021bele sociale cu diferite categorii. Acestea v\u0103 permit <a href=\"https:\/\/strangercam.com\/ro\/doar2chat\/\">pentru a discuta<\/a> \u00een func\u021bie de interesele dumneavoastr\u0103 specifice. Aceasta include, de asemenea, forumuri sportive, forumuri de colec\u021bii, forumuri de bricolaj, forumuri de afaceri etc. Lista este pur \u0219i simplu nesf\u00e2r\u0219it\u0103 \u0219i la fel sunt \u0219i op\u021biunile. Pute\u021bi selecta oricare \u00een func\u021bie de starea dvs. de spirit actual\u0103.<\/li>\n<\/ul>\n<p>Conectarea la <b>u\u0219or<\/b> v\u0103 permite s\u0103 ob\u021bine\u021bi noi cuno\u0219tin\u021be, tehnici \u0219i informa\u021bii care v\u0103 intereseaz\u0103.<\/p>","protected":false},"excerpt":{"rendered":"<p>What benefits are the benefits and features of Chateasy? The advent of high speed internet and numerous chatting portals have completely changed how people interact with one another. These days, people can be seen to be busier with their smartphones charting with others. Online chatting does offer numerous benefits. It allows you to come across [&hellip;]<\/p>\n","protected":false},"author":6,"featured_media":559,"parent":0,"menu_order":0,"comment_status":"closed","ping_status":"closed","template":"","meta":{"footnotes":""},"class_list":["post-7627","page","type-page","status-publish","has-post-thumbnail","hentry"],"yoast_head":"<!-- This site is optimized with the Yoast SEO plugin v26.9 - https:\/\/yoast.com\/product\/yoast-seo-wordpress\/ -->\n<title>Chateasy - Anonymous Chat For Two - Cam on StrangerCam.com<\/title>\n<meta name=\"description\" content=\"Like Chateasy? Come chat with more than 5.000.000 strangers on Stranger Cam for Free! Turn on your cam and find new friends &amp; maby a match!\" \/>\n<meta name=\"robots\" content=\"index, follow, max-snippet:-1, max-image-preview:large, max-video-preview:-1\" \/>\n<link rel=\"canonical\" href=\"https:\/\/strangercam.com\/ro\/chateasy\/\" \/>\n<meta property=\"og:locale\" content=\"ro_RO\" \/>\n<meta property=\"og:type\" content=\"article\" \/>\n<meta property=\"og:title\" content=\"Chateasy - Anonymous Chat For Two - Cam on StrangerCam.com\" \/>\n<meta property=\"og:description\" content=\"Like Chateasy? Come chat with more than 5.000.000 strangers on Stranger Cam for Free! Turn on your cam and find new friends &amp; maby a match!\" \/>\n<meta property=\"og:url\" content=\"https:\/\/strangercam.com\/ro\/chateasy\/\" \/>\n<meta property=\"og:site_name\" content=\"Strangercam\" \/>\n<meta property=\"article:publisher\" content=\"https:\/\/www.facebook.com\/strangercam\" \/>\n<meta property=\"article:modified_time\" content=\"2023-08-21T09:40:39+00:00\" \/>\n<meta property=\"og:image\" content=\"https:\/\/strangercam.com\/wp-content\/uploads\/2020\/11\/stranger-cam-1.png\" \/>\n\t<meta property=\"og:image:width\" content=\"800\" \/>\n\t<meta property=\"og:image:height\" content=\"800\" \/>\n\t<meta property=\"og:image:type\" content=\"image\/png\" \/>\n<meta name=\"twitter:card\" content=\"summary_large_image\" \/>\n<meta name=\"twitter:site\" content=\"@strangercamapp\" \/>\n<meta name=\"twitter:label1\" content=\"Timp estimat pentru citire\" \/>\n\t<meta name=\"twitter:data1\" content=\"2 minute\" \/>\n<script type=\"application\/ld+json\" class=\"yoast-schema-graph\">{\"@context\":\"https:\/\/schema.org\",\"@graph\":[{\"@type\":\"WebPage\",\"@id\":\"https:\/\/strangercam.com\/chateasy\/\",\"url\":\"https:\/\/strangercam.com\/chateasy\/\",\"name\":\"Chateasy - Anonymous Chat For Two - Cam on StrangerCam.com\",\"isPartOf\":{\"@id\":\"https:\/\/strangercam.com\/#website\"},\"primaryImageOfPage\":{\"@id\":\"https:\/\/strangercam.com\/chateasy\/#primaryimage\"},\"image\":{\"@id\":\"https:\/\/strangercam.com\/chateasy\/#primaryimage\"},\"thumbnailUrl\":\"https:\/\/strangercam.com\/wp-content\/uploads\/2020\/11\/stranger-cam-1.png\",\"datePublished\":\"2021-09-09T12:07:26+00:00\",\"dateModified\":\"2023-08-21T09:40:39+00:00\",\"description\":\"Like Chateasy? Come chat with more than 5.000.000 strangers on Stranger Cam for Free! Turn on your cam and find new friends & maby a match!\",\"breadcrumb\":{\"@id\":\"https:\/\/strangercam.com\/chateasy\/#breadcrumb\"},\"inLanguage\":\"ro-RO\",\"potentialAction\":[{\"@type\":\"ReadAction\",\"target\":[\"https:\/\/strangercam.com\/chateasy\/\"]}]},{\"@type\":\"ImageObject\",\"inLanguage\":\"ro-RO\",\"@id\":\"https:\/\/strangercam.com\/chateasy\/#primaryimage\",\"url\":\"https:\/\/strangercam.com\/wp-content\/uploads\/2020\/11\/stranger-cam-1.png\",\"contentUrl\":\"https:\/\/strangercam.com\/wp-content\/uploads\/2020\/11\/stranger-cam-1.png\",\"width\":800,\"height\":800,\"caption\":\"stranger cam random video chat\"},{\"@type\":\"BreadcrumbList\",\"@id\":\"https:\/\/strangercam.com\/chateasy\/#breadcrumb\",\"itemListElement\":[{\"@type\":\"ListItem\",\"position\":1,\"name\":\"Home\",\"item\":\"https:\/\/strangercam.com\/\"},{\"@type\":\"ListItem\",\"position\":2,\"name\":\"Chateasy\"}]},{\"@type\":\"WebSite\",\"@id\":\"https:\/\/strangercam.com\/#website\",\"url\":\"https:\/\/strangercam.com\/\",\"name\":\"Strangercam\",\"description\":\"Random Video Chat with Strangers\",\"publisher\":{\"@id\":\"https:\/\/strangercam.com\/#organization\"},\"alternateName\":\"Strangercam.com\",\"potentialAction\":[{\"@type\":\"SearchAction\",\"target\":{\"@type\":\"EntryPoint\",\"urlTemplate\":\"https:\/\/strangercam.com\/?s={search_term_string}\"},\"query-input\":{\"@type\":\"PropertyValueSpecification\",\"valueRequired\":true,\"valueName\":\"search_term_string\"}}],\"inLanguage\":\"ro-RO\"},{\"@type\":\"Organization\",\"@id\":\"https:\/\/strangercam.com\/#organization\",\"name\":\"Strangercam\",\"alternateName\":\"Strangercam.com\",\"url\":\"https:\/\/strangercam.com\/\",\"logo\":{\"@type\":\"ImageObject\",\"inLanguage\":\"ro-RO\",\"@id\":\"https:\/\/strangercam.com\/#\/schema\/logo\/image\/\",\"url\":\"https:\/\/strangercam.com\/wp-content\/uploads\/2020\/11\/cropped-new-favicon-black.png\",\"contentUrl\":\"https:\/\/strangercam.com\/wp-content\/uploads\/2020\/11\/cropped-new-favicon-black.png\",\"width\":512,\"height\":512,\"caption\":\"Strangercam\"},\"image\":{\"@id\":\"https:\/\/strangercam.com\/#\/schema\/logo\/image\/\"},\"sameAs\":[\"https:\/\/www.facebook.com\/strangercam\",\"https:\/\/x.com\/strangercamapp\"]}]}<\/script>\n<!-- \/ Yoast SEO plugin. -->","yoast_head_json":{"title":"Chateasy - Chat anonim pentru doi - Cam pe StrangerCam.com","description":"\u00ce\u021bi place Chateasy? Vino s\u0103 vorbe\u0219ti cu mai mult de 5.000.000 de str\u0103ini pe Stranger Cam gratuit! Porne\u0219te-\u021bi camera \u0219i g\u0103se\u0219te prieteni noi \u0219i poate o pereche!","robots":{"index":"index","follow":"follow","max-snippet":"max-snippet:-1","max-image-preview":"max-image-preview:large","max-video-preview":"max-video-preview:-1"},"canonical":"https:\/\/strangercam.com\/ro\/chateasy\/","og_locale":"ro_RO","og_type":"article","og_title":"Chateasy - Anonymous Chat For Two - Cam on StrangerCam.com","og_description":"Like Chateasy? Come chat with more than 5.000.000 strangers on Stranger Cam for Free! Turn on your cam and find new friends & maby a match!","og_url":"https:\/\/strangercam.com\/ro\/chateasy\/","og_site_name":"Strangercam","article_publisher":"https:\/\/www.facebook.com\/strangercam","article_modified_time":"2023-08-21T09:40:39+00:00","og_image":[{"width":800,"height":800,"url":"https:\/\/strangercam.com\/wp-content\/uploads\/2020\/11\/stranger-cam-1.png","type":"image\/png"}],"twitter_card":"summary_large_image","twitter_site":"@strangercamapp","twitter_misc":{"Timp estimat pentru citire":"2 minute"},"schema":{"@context":"https:\/\/schema.org","@graph":[{"@type":"WebPage","@id":"https:\/\/strangercam.com\/chateasy\/","url":"https:\/\/strangercam.com\/chateasy\/","name":"Chateasy - Chat anonim pentru doi - Cam pe StrangerCam.com","isPartOf":{"@id":"https:\/\/strangercam.com\/#website"},"primaryImageOfPage":{"@id":"https:\/\/strangercam.com\/chateasy\/#primaryimage"},"image":{"@id":"https:\/\/strangercam.com\/chateasy\/#primaryimage"},"thumbnailUrl":"https:\/\/strangercam.com\/wp-content\/uploads\/2020\/11\/stranger-cam-1.png","datePublished":"2021-09-09T12:07:26+00:00","dateModified":"2023-08-21T09:40:39+00:00","description":"\u00ce\u021bi place Chateasy? Vino s\u0103 vorbe\u0219ti cu mai mult de 5.000.000 de str\u0103ini pe Stranger Cam gratuit! Porne\u0219te-\u021bi camera \u0219i g\u0103se\u0219te prieteni noi \u0219i poate o pereche!","breadcrumb":{"@id":"https:\/\/strangercam.com\/chateasy\/#breadcrumb"},"inLanguage":"ro-RO","potentialAction":[{"@type":"ReadAction","target":["https:\/\/strangercam.com\/chateasy\/"]}]},{"@type":"ImageObject","inLanguage":"ro-RO","@id":"https:\/\/strangercam.com\/chateasy\/#primaryimage","url":"https:\/\/strangercam.com\/wp-content\/uploads\/2020\/11\/stranger-cam-1.png","contentUrl":"https:\/\/strangercam.com\/wp-content\/uploads\/2020\/11\/stranger-cam-1.png","width":800,"height":800,"caption":"stranger cam random video chat"},{"@type":"BreadcrumbList","@id":"https:\/\/strangercam.com\/chateasy\/#breadcrumb","itemListElement":[{"@type":"ListItem","position":1,"name":"Home","item":"https:\/\/strangercam.com\/"},{"@type":"ListItem","position":2,"name":"Chateasy"}]},{"@type":"WebSite","@id":"https:\/\/strangercam.com\/#website","url":"https:\/\/strangercam.com\/","name":"Strangercam","description":"Chat video aleatoriu cu str\u0103ini","publisher":{"@id":"https:\/\/strangercam.com\/#organization"},"alternateName":"Strangercam.com","potentialAction":[{"@type":"SearchAction","target":{"@type":"EntryPoint","urlTemplate":"https:\/\/strangercam.com\/?s={search_term_string}"},"query-input":{"@type":"PropertyValueSpecification","valueRequired":true,"valueName":"search_term_string"}}],"inLanguage":"ro-RO"},{"@type":"Organization","@id":"https:\/\/strangercam.com\/#organization","name":"Strangercam","alternateName":"Strangercam.com","url":"https:\/\/strangercam.com\/","logo":{"@type":"ImageObject","inLanguage":"ro-RO","@id":"https:\/\/strangercam.com\/#\/schema\/logo\/image\/","url":"https:\/\/strangercam.com\/wp-content\/uploads\/2020\/11\/cropped-new-favicon-black.png","contentUrl":"https:\/\/strangercam.com\/wp-content\/uploads\/2020\/11\/cropped-new-favicon-black.png","width":512,"height":512,"caption":"Strangercam"},"image":{"@id":"https:\/\/strangercam.com\/#\/schema\/logo\/image\/"},"sameAs":["https:\/\/www.facebook.com\/strangercam","https:\/\/x.com\/strangercamapp"]}]}},"_links":{"self":[{"href":"https:\/\/strangercam.com\/ro\/wp-json\/wp\/v2\/pages\/7627","targetHints":{"allow":["GET"]}}],"collection":[{"href":"https:\/\/strangercam.com\/ro\/wp-json\/wp\/v2\/pages"}],"about":[{"href":"https:\/\/strangercam.com\/ro\/wp-json\/wp\/v2\/types\/page"}],"author":[{"embeddable":true,"href":"https:\/\/strangercam.com\/ro\/wp-json\/wp\/v2\/users\/6"}],"replies":[{"embeddable":true,"href":"https:\/\/strangercam.com\/ro\/wp-json\/wp\/v2\/comments?post=7627"}],"version-history":[{"count":0,"href":"https:\/\/strangercam.com\/ro\/wp-json\/wp\/v2\/pages\/7627\/revisions"}],"wp:featuredmedia":[{"embeddable":true,"href":"https:\/\/strangercam.com\/ro\/wp-json\/wp\/v2\/media\/559"}],"wp:attachment":[{"href":"https:\/\/strangercam.com\/ro\/wp-json\/wp\/v2\/media?parent=7627"}],"curies":[{"name":"wp","href":"https:\/\/api.w.org\/{rel}","templated":true}]}}