{"id":5268,"date":"2021-06-20T14:53:54","date_gmt":"2021-06-20T12:53:54","guid":{"rendered":"https:\/\/strangercam.com\/?page_id=5268"},"modified":"2023-08-21T12:24:41","modified_gmt":"2023-08-21T10:24:41","slug":"chatzy","status":"publish","type":"page","link":"https:\/\/strangercam.com\/ro\/chatzy\/","title":{"rendered":"Chatzy"},"content":{"rendered":"<p>Unii profesioni\u0219ti \u0219i entuzia\u0219ti ai internetului au lansat mai \u00eent\u00e2i <b>chatzy<\/b> \u00een jurul anului 2001. Cu timpul, a devenit un site popular \u00een Europa \u0219i \u00een prezent se bucur\u0103 de utilizatori \u00eenregistra\u021bi din \u00eentreaga lume. Oamenii acceseaz\u0103 acest site din diferite motive. Nu este un site excusiv de \u00eent\u00e2lniri sau de ag\u0103\u021bat. Mai degrab\u0103, oamenii folosesc site-ul <a href=\"https:\/\/strangercam.com\/ro\/chat4free\/\">liber<\/a> camerele de chat oferite de acest site pentru a-\u0219i desf\u0103\u0219ura activitatea profesional\u0103 sau educa\u021bional\u0103. Unii le folosesc chiar \u0219i pentru a discuta despre evenimente \u0219i subiecte interesante, pentru a-\u0219i face noi prieteni sau pentru a \u00eemp\u0103rt\u0103\u0219i informa\u021bii despre interese similare. Acest site gratuit <a href=\"https:\/\/strangercam.com\/ro\/chatroulette\/\">chat<\/a> serviciul este \u00eentr-adev\u0103r distractiv \u0219i interesant, precum \u0219i complet sigur pentru a fi utilizat.<\/p>\n<h2>Cum s\u0103 v\u0103 \u00eenscrie\u021bi la chatzy?<\/h2>\n<p>Trebuie doar s\u0103 v\u0103 deschide\u021bi un cont, s\u0103 v\u0103 \u00eenscrie\u021bi sau s\u0103 crea\u021bi un <a href=\"https:\/\/strangercam.com\/ro\/chatroom2000\/\">camer\u0103 de chat<\/a> pentru a v\u0103 \u00eencepe <a href=\"https:\/\/strangercam.com\/ro\/chatingly\/\">chat<\/a> sesiune. Este at\u00e2t de u\u0219or \u0219i rapid. Pute\u021bi, de asemenea, s\u0103 v\u0103 invita\u021bi familia \u0219i prietenii \u00een camera de chat creat\u0103 exclusiv de dvs. sau s\u0103 v\u0103 al\u0103tura\u021bi unei camere de chat aleatorii la alegere care v\u0103 intereseaz\u0103. Nu trebuie s\u0103 \u00eemp\u0103rt\u0103\u0219i\u021bi detalii personale sensibile pentru a v\u0103 al\u0103tura acestui site, ci doar informa\u021bii de baz\u0103 pentru a \u00eencepe sesiunea.<\/p>\n<h3>Cum s\u0103 utiliza\u021bi chatzy?<\/h3>\n<p>Pute\u021bi s\u0103 v\u0103 crea\u021bi propriul chat privat sau s\u0103 accesa\u021bi chat-uri deja create pentru a purta discu\u021bii de grup cu persoane care \u00eemp\u0103rt\u0103\u0219esc acelea\u0219i idei. Pute\u021bi utiliza acest site pentru afaceri, educa\u021bie sau pur \u0219i simplu pentru a v\u0103 distra. \u00cel pute\u021bi accesa din orice loca\u021bie \u0219i v\u0103 pute\u021bi bucura de sesiunile sale interactive. \u00cen cazul \u00een care dori\u021bi s\u0103 beneficia\u021bi de caracteristici avansate, atunci ar trebui s\u0103 opta\u021bi pentru serviciile sale premium. \u00cen caz contrar, serviciul gratuit este suficient de bun pentru a avea o sesiune excelent\u0103 de chat online.<\/p>\n<h3>Care sunt avantajele \u0219i dezavantajele chatzy?<\/h3>\n<p>Acest site este destul de special, deoarece are c\u00e2teva caracteristici speciale care tind s\u0103 \u00eel fac\u0103 diferit de cele disponibile pe web. Pute\u021bi trimite oric\u0103rui membru mesaje private care nu vor fi vizibile pentru administratorii camerei. Exist\u0103, de asemenea, op\u021biunea de a reduce la t\u0103cere \u00eencep\u0103torii care intr\u0103 neinvita\u021bi \u00een sesiune. Se spune c\u0103 s\u0103lile premium reduc automat la t\u0103cere \u00eencep\u0103torii. Pute\u021bi utiliza \u2018Statutul vizitatorului\u2019 <a href=\"https:\/\/strangercam.com\/ro\/mocospace\/\">spa\u021biu<\/a> pentru a explica scopul s\u0103lii dvs. de chat. Pentru administratorii \u0219i moderatorii camerelor de chat, exist\u0103 un mod de previzualizare. Acesta ajut\u0103 la crearea de conversa\u021bii noi sau la urm\u0103rirea conversa\u021biilor existente f\u0103r\u0103 a fi observat. O alt\u0103 caracteristic\u0103 oferit\u0103 este \u2018Mesaje globale\u2019, care permite trimiterea direct\u0103 de mesaje c\u0103tre to\u021bi membrii. Singurul dezavantaj este c\u0103 v\u0103 pute\u021bi confrunta cu reclame \u00eentre sesiunile dvs. care pot fi destul de iritante. Versiunea premium vine cu mai multe caracteristici de interes. Dar trebuie s\u0103 pl\u0103ti\u021bi o anumit\u0103 sum\u0103 pentru a avea acces la astfel de facilit\u0103\u021bi.<\/p>","protected":false},"excerpt":{"rendered":"<p>Some professionals and internet enthusiasts had first launched chatzy around 2001. With time, it became a popular site in Europe and presently enjoys registered users from all over the world. People access this site for different reasons. It is not some excusive dating or hookup site. Rather, people use the free chatrooms provided by this [&hellip;]<\/p>\n","protected":false},"author":6,"featured_media":559,"parent":0,"menu_order":0,"comment_status":"closed","ping_status":"closed","template":"","meta":{"footnotes":""},"class_list":["post-5268","page","type-page","status-publish","has-post-thumbnail","hentry"],"yoast_head":"<!-- This site is optimized with the Yoast SEO plugin v27.4 - https:\/\/yoast.com\/product\/yoast-seo-wordpress\/ -->\n<title>Chatzy - Free Private Chat Rooms - Cam on StrangerCam.com<\/title>\n<meta name=\"description\" content=\"Like Chatzy? Come chat with more than 5.000.000 strangers on Stranger Cam for Free! Turn on your cam and find new friends &amp; maby a match!\" \/>\n<meta name=\"robots\" content=\"index, follow, max-snippet:-1, max-image-preview:large, max-video-preview:-1\" \/>\n<link rel=\"canonical\" href=\"https:\/\/strangercam.com\/ro\/chatzy\/\" \/>\n<meta property=\"og:locale\" content=\"ro_RO\" \/>\n<meta property=\"og:type\" content=\"article\" \/>\n<meta property=\"og:title\" content=\"Chatzy - Free Private Chat Rooms - Cam on StrangerCam.com\" \/>\n<meta property=\"og:description\" content=\"Like Chatzy? Come chat with more than 5.000.000 strangers on Stranger Cam for Free! Turn on your cam and find new friends &amp; maby a match!\" \/>\n<meta property=\"og:url\" content=\"https:\/\/strangercam.com\/ro\/chatzy\/\" \/>\n<meta property=\"og:site_name\" content=\"Strangercam\" \/>\n<meta property=\"article:publisher\" content=\"https:\/\/www.facebook.com\/strangercam\" \/>\n<meta property=\"article:modified_time\" content=\"2023-08-21T10:24:41+00:00\" \/>\n<meta property=\"og:image\" content=\"https:\/\/strangercam.com\/wp-content\/uploads\/2020\/11\/stranger-cam-1.png\" \/>\n\t<meta property=\"og:image:width\" content=\"800\" \/>\n\t<meta property=\"og:image:height\" content=\"800\" \/>\n\t<meta property=\"og:image:type\" content=\"image\/png\" \/>\n<meta name=\"twitter:card\" content=\"summary_large_image\" \/>\n<meta name=\"twitter:site\" content=\"@strangercamapp\" \/>\n<meta name=\"twitter:label1\" content=\"Timp estimat pentru citire\" \/>\n\t<meta name=\"twitter:data1\" content=\"2 minute\" \/>\n<script type=\"application\/ld+json\" class=\"yoast-schema-graph\">{\"@context\":\"https:\\\/\\\/schema.org\",\"@graph\":[{\"@type\":\"WebPage\",\"@id\":\"https:\\\/\\\/strangercam.com\\\/chatzy\\\/\",\"url\":\"https:\\\/\\\/strangercam.com\\\/chatzy\\\/\",\"name\":\"Chatzy - Free Private Chat Rooms - Cam on StrangerCam.com\",\"isPartOf\":{\"@id\":\"https:\\\/\\\/strangercam.com\\\/#website\"},\"primaryImageOfPage\":{\"@id\":\"https:\\\/\\\/strangercam.com\\\/chatzy\\\/#primaryimage\"},\"image\":{\"@id\":\"https:\\\/\\\/strangercam.com\\\/chatzy\\\/#primaryimage\"},\"thumbnailUrl\":\"https:\\\/\\\/strangercam.com\\\/wp-content\\\/uploads\\\/2020\\\/11\\\/stranger-cam-1.png\",\"datePublished\":\"2021-06-20T12:53:54+00:00\",\"dateModified\":\"2023-08-21T10:24:41+00:00\",\"description\":\"Like Chatzy? Come chat with more than 5.000.000 strangers on Stranger Cam for Free! Turn on your cam and find new friends & maby a match!\",\"breadcrumb\":{\"@id\":\"https:\\\/\\\/strangercam.com\\\/chatzy\\\/#breadcrumb\"},\"inLanguage\":\"ro-RO\",\"potentialAction\":[{\"@type\":\"ReadAction\",\"target\":[\"https:\\\/\\\/strangercam.com\\\/chatzy\\\/\"]}]},{\"@type\":\"ImageObject\",\"inLanguage\":\"ro-RO\",\"@id\":\"https:\\\/\\\/strangercam.com\\\/chatzy\\\/#primaryimage\",\"url\":\"https:\\\/\\\/strangercam.com\\\/wp-content\\\/uploads\\\/2020\\\/11\\\/stranger-cam-1.png\",\"contentUrl\":\"https:\\\/\\\/strangercam.com\\\/wp-content\\\/uploads\\\/2020\\\/11\\\/stranger-cam-1.png\",\"width\":800,\"height\":800,\"caption\":\"stranger cam random video chat\"},{\"@type\":\"BreadcrumbList\",\"@id\":\"https:\\\/\\\/strangercam.com\\\/chatzy\\\/#breadcrumb\",\"itemListElement\":[{\"@type\":\"ListItem\",\"position\":1,\"name\":\"Home\",\"item\":\"https:\\\/\\\/strangercam.com\\\/\"},{\"@type\":\"ListItem\",\"position\":2,\"name\":\"Chatzy\"}]},{\"@type\":\"WebSite\",\"@id\":\"https:\\\/\\\/strangercam.com\\\/#website\",\"url\":\"https:\\\/\\\/strangercam.com\\\/\",\"name\":\"Strangercam\",\"description\":\"Random Video Chat with Strangers\",\"publisher\":{\"@id\":\"https:\\\/\\\/strangercam.com\\\/#organization\"},\"alternateName\":\"Strangercam.com\",\"potentialAction\":[{\"@type\":\"SearchAction\",\"target\":{\"@type\":\"EntryPoint\",\"urlTemplate\":\"https:\\\/\\\/strangercam.com\\\/?s={search_term_string}\"},\"query-input\":{\"@type\":\"PropertyValueSpecification\",\"valueRequired\":true,\"valueName\":\"search_term_string\"}}],\"inLanguage\":\"ro-RO\"},{\"@type\":\"Organization\",\"@id\":\"https:\\\/\\\/strangercam.com\\\/#organization\",\"name\":\"Strangercam\",\"alternateName\":\"Strangercam.com\",\"url\":\"https:\\\/\\\/strangercam.com\\\/\",\"logo\":{\"@type\":\"ImageObject\",\"inLanguage\":\"ro-RO\",\"@id\":\"https:\\\/\\\/strangercam.com\\\/#\\\/schema\\\/logo\\\/image\\\/\",\"url\":\"https:\\\/\\\/strangercam.com\\\/wp-content\\\/uploads\\\/2020\\\/11\\\/cropped-new-favicon-black.png\",\"contentUrl\":\"https:\\\/\\\/strangercam.com\\\/wp-content\\\/uploads\\\/2020\\\/11\\\/cropped-new-favicon-black.png\",\"width\":512,\"height\":512,\"caption\":\"Strangercam\"},\"image\":{\"@id\":\"https:\\\/\\\/strangercam.com\\\/#\\\/schema\\\/logo\\\/image\\\/\"},\"sameAs\":[\"https:\\\/\\\/www.facebook.com\\\/strangercam\",\"https:\\\/\\\/x.com\\\/strangercamapp\"]}]}<\/script>\n<!-- \/ Yoast SEO plugin. -->","yoast_head_json":{"title":"Chatzy - Camere de chat private gratuite - Cam pe StrangerCam.com","description":"\u00ce\u021bi place Chatzy? Vino s\u0103 vorbe\u0219ti cu mai mult de 5.000.000 de str\u0103ini pe Stranger Cam gratuit! Porne\u0219te-\u021bi camera \u0219i g\u0103se\u0219te prieteni noi \u0219i poate o pereche!","robots":{"index":"index","follow":"follow","max-snippet":"max-snippet:-1","max-image-preview":"max-image-preview:large","max-video-preview":"max-video-preview:-1"},"canonical":"https:\/\/strangercam.com\/ro\/chatzy\/","og_locale":"ro_RO","og_type":"article","og_title":"Chatzy - Free Private Chat Rooms - Cam on StrangerCam.com","og_description":"Like Chatzy? Come chat with more than 5.000.000 strangers on Stranger Cam for Free! Turn on your cam and find new friends & maby a match!","og_url":"https:\/\/strangercam.com\/ro\/chatzy\/","og_site_name":"Strangercam","article_publisher":"https:\/\/www.facebook.com\/strangercam","article_modified_time":"2023-08-21T10:24:41+00:00","og_image":[{"width":800,"height":800,"url":"https:\/\/strangercam.com\/wp-content\/uploads\/2020\/11\/stranger-cam-1.png","type":"image\/png"}],"twitter_card":"summary_large_image","twitter_site":"@strangercamapp","twitter_misc":{"Timp estimat pentru citire":"2 minute"},"schema":{"@context":"https:\/\/schema.org","@graph":[{"@type":"WebPage","@id":"https:\/\/strangercam.com\/chatzy\/","url":"https:\/\/strangercam.com\/chatzy\/","name":"Chatzy - Camere de chat private gratuite - Cam pe StrangerCam.com","isPartOf":{"@id":"https:\/\/strangercam.com\/#website"},"primaryImageOfPage":{"@id":"https:\/\/strangercam.com\/chatzy\/#primaryimage"},"image":{"@id":"https:\/\/strangercam.com\/chatzy\/#primaryimage"},"thumbnailUrl":"https:\/\/strangercam.com\/wp-content\/uploads\/2020\/11\/stranger-cam-1.png","datePublished":"2021-06-20T12:53:54+00:00","dateModified":"2023-08-21T10:24:41+00:00","description":"\u00ce\u021bi place Chatzy? Vino s\u0103 vorbe\u0219ti cu mai mult de 5.000.000 de str\u0103ini pe Stranger Cam gratuit! Porne\u0219te-\u021bi camera \u0219i g\u0103se\u0219te prieteni noi \u0219i poate o pereche!","breadcrumb":{"@id":"https:\/\/strangercam.com\/chatzy\/#breadcrumb"},"inLanguage":"ro-RO","potentialAction":[{"@type":"ReadAction","target":["https:\/\/strangercam.com\/chatzy\/"]}]},{"@type":"ImageObject","inLanguage":"ro-RO","@id":"https:\/\/strangercam.com\/chatzy\/#primaryimage","url":"https:\/\/strangercam.com\/wp-content\/uploads\/2020\/11\/stranger-cam-1.png","contentUrl":"https:\/\/strangercam.com\/wp-content\/uploads\/2020\/11\/stranger-cam-1.png","width":800,"height":800,"caption":"stranger cam random video chat"},{"@type":"BreadcrumbList","@id":"https:\/\/strangercam.com\/chatzy\/#breadcrumb","itemListElement":[{"@type":"ListItem","position":1,"name":"Home","item":"https:\/\/strangercam.com\/"},{"@type":"ListItem","position":2,"name":"Chatzy"}]},{"@type":"WebSite","@id":"https:\/\/strangercam.com\/#website","url":"https:\/\/strangercam.com\/","name":"Strangercam","description":"Chat video aleatoriu cu str\u0103ini","publisher":{"@id":"https:\/\/strangercam.com\/#organization"},"alternateName":"Strangercam.com","potentialAction":[{"@type":"SearchAction","target":{"@type":"EntryPoint","urlTemplate":"https:\/\/strangercam.com\/?s={search_term_string}"},"query-input":{"@type":"PropertyValueSpecification","valueRequired":true,"valueName":"search_term_string"}}],"inLanguage":"ro-RO"},{"@type":"Organization","@id":"https:\/\/strangercam.com\/#organization","name":"Strangercam","alternateName":"Strangercam.com","url":"https:\/\/strangercam.com\/","logo":{"@type":"ImageObject","inLanguage":"ro-RO","@id":"https:\/\/strangercam.com\/#\/schema\/logo\/image\/","url":"https:\/\/strangercam.com\/wp-content\/uploads\/2020\/11\/cropped-new-favicon-black.png","contentUrl":"https:\/\/strangercam.com\/wp-content\/uploads\/2020\/11\/cropped-new-favicon-black.png","width":512,"height":512,"caption":"Strangercam"},"image":{"@id":"https:\/\/strangercam.com\/#\/schema\/logo\/image\/"},"sameAs":["https:\/\/www.facebook.com\/strangercam","https:\/\/x.com\/strangercamapp"]}]}},"_links":{"self":[{"href":"https:\/\/strangercam.com\/ro\/wp-json\/wp\/v2\/pages\/5268","targetHints":{"allow":["GET"]}}],"collection":[{"href":"https:\/\/strangercam.com\/ro\/wp-json\/wp\/v2\/pages"}],"about":[{"href":"https:\/\/strangercam.com\/ro\/wp-json\/wp\/v2\/types\/page"}],"author":[{"embeddable":true,"href":"https:\/\/strangercam.com\/ro\/wp-json\/wp\/v2\/users\/6"}],"replies":[{"embeddable":true,"href":"https:\/\/strangercam.com\/ro\/wp-json\/wp\/v2\/comments?post=5268"}],"version-history":[{"count":0,"href":"https:\/\/strangercam.com\/ro\/wp-json\/wp\/v2\/pages\/5268\/revisions"}],"wp:featuredmedia":[{"embeddable":true,"href":"https:\/\/strangercam.com\/ro\/wp-json\/wp\/v2\/media\/559"}],"wp:attachment":[{"href":"https:\/\/strangercam.com\/ro\/wp-json\/wp\/v2\/media?parent=5268"}],"curies":[{"name":"wp","href":"https:\/\/api.w.org\/{rel}","templated":true}]}}