{"id":5249,"date":"2021-06-20T14:45:11","date_gmt":"2021-06-20T12:45:11","guid":{"rendered":"https:\/\/strangercam.com\/?page_id=5249"},"modified":"2023-08-21T12:24:41","modified_gmt":"2023-08-21T10:24:41","slug":"chatogo","status":"publish","type":"page","link":"https:\/\/strangercam.com\/ro\/chatogo\/","title":{"rendered":"Chatogo"},"content":{"rendered":"<p>De\u0219i <b>chatogo<\/b> este un site bazat pe text, acesta ofer\u0103 ceva interesant \u0219i unic. Acesta v\u0103 permite s\u0103 v\u0103 conecta\u021bi cu alte persoane din \u00eentreaga lume care \u00eemp\u0103rt\u0103\u0219esc acelea\u0219i idei. Acest site reu\u0219e\u0219te s\u0103 \u00eembine \u0219coala veche <a href=\"https:\/\/strangercam.com\/ro\/chatroulette\/\">chat<\/a> simplitatea site-ului web cu cea a celor mai recente aplica\u021bii social media. Este o platform\u0103 minunat\u0103 <a href=\"https:\/\/strangercam.com\/ro\/doar2chat\/\">pentru a discuta<\/a> cu persoane complet necunoscute, precum \u0219i pentru a v\u0103 conecta cu publicul dumneavoastr\u0103. Dac\u0103 sunte\u021bi un om de afaceri, v\u0103 pute\u021bi cre\u0219te cu u\u0219urin\u021b\u0103 traficul pe site-ul dvs. profesional\/personal. Acest site de chat promite mult utilizatorilor s\u0103i \u0219i este plin de beneficii poten\u021biale. Acesta are milioane de utilizatori activi din \u00eentreaga lume.<\/p>\n<h2>Cum s\u0103 v\u0103 \u00eenscrie\u021bi cu chatogo<\/h2>\n<p>\u00censcrierea pe acest site este o procedur\u0103 u\u0219oar\u0103 \u0219i rapid\u0103, care dureaz\u0103 doar aproximativ o jum\u0103tate de minut. Nu este necesar\u0103 verificarea e-mailului sau \u00eenregistrarea pe Facebook. \u00cen plus, \u00eenscrierea nu implic\u0103 niciun cost. Simplitatea \u00eenregistr\u0103rii este ceea ce \u00eel face liderul grupului. Deveni\u021bi un membru \u00eenregistrat foarte rapid. \u00cel pute\u021bi desc\u0103rca pe computer sau pe telefonul mobil cu u\u0219urin\u021b\u0103.<\/p>\n<h3>Cum s\u0103 utiliza\u021bi chatogo<\/h3>\n<p>Cu acest site, pute\u021bi personaliza f\u0103r\u0103 efort camerele de chat \u0219i pute\u021bi discuta cu o mul\u021bime de str\u0103ini din \u00eentreaga lume. Compatibilitatea \u0219i portabilitatea sa cu alte site-uri, inclusiv platformele de social media, este ceea ce face ca acest <a href=\"https:\/\/strangercam.com\/ro\/1v1-chat\/\">una<\/a> unic. De asemenea, \u00eei pute\u021bi personaliza aspectul - fontul, dimensiunea \u0219i schema de culori pentru a se potrivi nevoilor \u0219i st\u0103rilor dvs. specifice. De asemenea, vi se permite s\u0103 stabili\u021bi un mesaj limitat pe persoan\u0103 pentru a asigura un flux de chat lizibil. Trebuie doar s\u0103 \u00eencorpora\u021bi camera de chat pe site-ul dorit. Copia\u021bi codul HTML al grupului \u0219i lipi\u021bi-l pe site-ul dvs.<\/p>\n<h3>Care sunt avantajele \u0219i dezavantajele chatogo<\/h3>\n<p>Pute\u021bi \u00eencorpora cu u\u0219urin\u021b\u0103 camere de chat publice sau private pe site-ul dvs. personal sau de afaceri. Acest site de chat este compatibil cu diferite platforme de social media \u0219i, de asemenea, portabil. Sunte\u021bi <a href=\"https:\/\/strangercam.com\/ro\/chat4free\/\">liber<\/a> s\u0103 crea\u021bi camere de chat pentru grupuri \u0219i s\u0103 le personaliza\u021bi dup\u0103 cum dori\u021bi. Ave\u021bi facilitatea de a bloca anumite cuvinte \u0219i membri nedori\u021bi. Este furnizat\u0103 o caracteristic\u0103 desc\u0103rcabil\u0103 precum MessageCatcher pentru sistemul de operare Windows pentru a primi mesaje vitale atunci c\u00e2nd sunte\u021bi online. Accesibilitatea u\u0219oar\u0103 este o alt\u0103 caracteristic\u0103 interesant\u0103 oferit\u0103 de acest site. \u00cenregistrarea, actualizarea biografiei, \u00eenc\u0103rcarea imaginii de profil \u0219i mesageria sunt complet gratuite. Dar dezavantajul este c\u0103 este folosit mai ales pentru a promova afaceri \u0219i nu prea romantic <a href=\"https:\/\/strangercam.com\/ro\/chatingly\/\">discu\u021bii<\/a>. Designul aplica\u021biilor, \u00een special site-ul web, poate fi o preocupare pentru unii.<\/p>","protected":false},"excerpt":{"rendered":"<p>Although chatogo is a text-based site, it offers something interesting and unique. It allows you to connect with other likeminded people from across the globe. This site manages to blend old school chat website simplicity with that of the latest social media apps. It is a wonderful platform to chat with complete strangers as well [&hellip;]<\/p>\n","protected":false},"author":6,"featured_media":559,"parent":0,"menu_order":0,"comment_status":"closed","ping_status":"closed","template":"","meta":{"footnotes":""},"class_list":["post-5249","page","type-page","status-publish","has-post-thumbnail","hentry"],"yoast_head":"<!-- This site is optimized with the Yoast SEO plugin v26.9 - https:\/\/yoast.com\/product\/yoast-seo-wordpress\/ -->\n<title>Chatogo - Free Random Chat Rooms - Cam on StrangerCam.com<\/title>\n<meta name=\"description\" content=\"Like Chatogo? Come chat with more than 5.000.000 strangers on Stranger Cam for Free! Turn on your cam and find new friends &amp; maby a match!\" \/>\n<meta name=\"robots\" content=\"index, follow, max-snippet:-1, max-image-preview:large, max-video-preview:-1\" \/>\n<link rel=\"canonical\" href=\"https:\/\/strangercam.com\/ro\/chatogo\/\" \/>\n<meta property=\"og:locale\" content=\"ro_RO\" \/>\n<meta property=\"og:type\" content=\"article\" \/>\n<meta property=\"og:title\" content=\"Chatogo - Free Random Chat Rooms - Cam on StrangerCam.com\" \/>\n<meta property=\"og:description\" content=\"Like Chatogo? Come chat with more than 5.000.000 strangers on Stranger Cam for Free! Turn on your cam and find new friends &amp; maby a match!\" \/>\n<meta property=\"og:url\" content=\"https:\/\/strangercam.com\/ro\/chatogo\/\" \/>\n<meta property=\"og:site_name\" content=\"Strangercam\" \/>\n<meta property=\"article:publisher\" content=\"https:\/\/www.facebook.com\/strangercam\" \/>\n<meta property=\"article:modified_time\" content=\"2023-08-21T10:24:41+00:00\" \/>\n<meta property=\"og:image\" content=\"https:\/\/strangercam.com\/wp-content\/uploads\/2020\/11\/stranger-cam-1.png\" \/>\n\t<meta property=\"og:image:width\" content=\"800\" \/>\n\t<meta property=\"og:image:height\" content=\"800\" \/>\n\t<meta property=\"og:image:type\" content=\"image\/png\" \/>\n<meta name=\"twitter:card\" content=\"summary_large_image\" \/>\n<meta name=\"twitter:site\" content=\"@strangercamapp\" \/>\n<meta name=\"twitter:label1\" content=\"Timp estimat pentru citire\" \/>\n\t<meta name=\"twitter:data1\" content=\"2 minute\" \/>\n<script type=\"application\/ld+json\" class=\"yoast-schema-graph\">{\"@context\":\"https:\/\/schema.org\",\"@graph\":[{\"@type\":\"WebPage\",\"@id\":\"https:\/\/strangercam.com\/chatogo\/\",\"url\":\"https:\/\/strangercam.com\/chatogo\/\",\"name\":\"Chatogo - Free Random Chat Rooms - Cam on StrangerCam.com\",\"isPartOf\":{\"@id\":\"https:\/\/strangercam.com\/#website\"},\"primaryImageOfPage\":{\"@id\":\"https:\/\/strangercam.com\/chatogo\/#primaryimage\"},\"image\":{\"@id\":\"https:\/\/strangercam.com\/chatogo\/#primaryimage\"},\"thumbnailUrl\":\"https:\/\/strangercam.com\/wp-content\/uploads\/2020\/11\/stranger-cam-1.png\",\"datePublished\":\"2021-06-20T12:45:11+00:00\",\"dateModified\":\"2023-08-21T10:24:41+00:00\",\"description\":\"Like Chatogo? Come chat with more than 5.000.000 strangers on Stranger Cam for Free! Turn on your cam and find new friends & maby a match!\",\"breadcrumb\":{\"@id\":\"https:\/\/strangercam.com\/chatogo\/#breadcrumb\"},\"inLanguage\":\"ro-RO\",\"potentialAction\":[{\"@type\":\"ReadAction\",\"target\":[\"https:\/\/strangercam.com\/chatogo\/\"]}]},{\"@type\":\"ImageObject\",\"inLanguage\":\"ro-RO\",\"@id\":\"https:\/\/strangercam.com\/chatogo\/#primaryimage\",\"url\":\"https:\/\/strangercam.com\/wp-content\/uploads\/2020\/11\/stranger-cam-1.png\",\"contentUrl\":\"https:\/\/strangercam.com\/wp-content\/uploads\/2020\/11\/stranger-cam-1.png\",\"width\":800,\"height\":800,\"caption\":\"stranger cam random video chat\"},{\"@type\":\"BreadcrumbList\",\"@id\":\"https:\/\/strangercam.com\/chatogo\/#breadcrumb\",\"itemListElement\":[{\"@type\":\"ListItem\",\"position\":1,\"name\":\"Home\",\"item\":\"https:\/\/strangercam.com\/\"},{\"@type\":\"ListItem\",\"position\":2,\"name\":\"Chatogo\"}]},{\"@type\":\"WebSite\",\"@id\":\"https:\/\/strangercam.com\/#website\",\"url\":\"https:\/\/strangercam.com\/\",\"name\":\"Strangercam\",\"description\":\"Random Video Chat with Strangers\",\"publisher\":{\"@id\":\"https:\/\/strangercam.com\/#organization\"},\"alternateName\":\"Strangercam.com\",\"potentialAction\":[{\"@type\":\"SearchAction\",\"target\":{\"@type\":\"EntryPoint\",\"urlTemplate\":\"https:\/\/strangercam.com\/?s={search_term_string}\"},\"query-input\":{\"@type\":\"PropertyValueSpecification\",\"valueRequired\":true,\"valueName\":\"search_term_string\"}}],\"inLanguage\":\"ro-RO\"},{\"@type\":\"Organization\",\"@id\":\"https:\/\/strangercam.com\/#organization\",\"name\":\"Strangercam\",\"alternateName\":\"Strangercam.com\",\"url\":\"https:\/\/strangercam.com\/\",\"logo\":{\"@type\":\"ImageObject\",\"inLanguage\":\"ro-RO\",\"@id\":\"https:\/\/strangercam.com\/#\/schema\/logo\/image\/\",\"url\":\"https:\/\/strangercam.com\/wp-content\/uploads\/2020\/11\/cropped-new-favicon-black.png\",\"contentUrl\":\"https:\/\/strangercam.com\/wp-content\/uploads\/2020\/11\/cropped-new-favicon-black.png\",\"width\":512,\"height\":512,\"caption\":\"Strangercam\"},\"image\":{\"@id\":\"https:\/\/strangercam.com\/#\/schema\/logo\/image\/\"},\"sameAs\":[\"https:\/\/www.facebook.com\/strangercam\",\"https:\/\/x.com\/strangercamapp\"]}]}<\/script>\n<!-- \/ Yoast SEO plugin. -->","yoast_head_json":{"title":"Chatogo - Camere de chat aleatorii gratuite - Cam pe StrangerCam.com","description":"\u00ce\u021bi place Chatogo? Vino s\u0103 vorbe\u0219ti cu mai mult de 5.000.000 de str\u0103ini pe Stranger Cam gratuit! Porne\u0219te-\u021bi camera \u0219i g\u0103se\u0219te prieteni noi \u0219i poate o pereche!","robots":{"index":"index","follow":"follow","max-snippet":"max-snippet:-1","max-image-preview":"max-image-preview:large","max-video-preview":"max-video-preview:-1"},"canonical":"https:\/\/strangercam.com\/ro\/chatogo\/","og_locale":"ro_RO","og_type":"article","og_title":"Chatogo - Free Random Chat Rooms - Cam on StrangerCam.com","og_description":"Like Chatogo? Come chat with more than 5.000.000 strangers on Stranger Cam for Free! Turn on your cam and find new friends & maby a match!","og_url":"https:\/\/strangercam.com\/ro\/chatogo\/","og_site_name":"Strangercam","article_publisher":"https:\/\/www.facebook.com\/strangercam","article_modified_time":"2023-08-21T10:24:41+00:00","og_image":[{"width":800,"height":800,"url":"https:\/\/strangercam.com\/wp-content\/uploads\/2020\/11\/stranger-cam-1.png","type":"image\/png"}],"twitter_card":"summary_large_image","twitter_site":"@strangercamapp","twitter_misc":{"Timp estimat pentru citire":"2 minute"},"schema":{"@context":"https:\/\/schema.org","@graph":[{"@type":"WebPage","@id":"https:\/\/strangercam.com\/chatogo\/","url":"https:\/\/strangercam.com\/chatogo\/","name":"Chatogo - Camere de chat aleatorii gratuite - Cam pe StrangerCam.com","isPartOf":{"@id":"https:\/\/strangercam.com\/#website"},"primaryImageOfPage":{"@id":"https:\/\/strangercam.com\/chatogo\/#primaryimage"},"image":{"@id":"https:\/\/strangercam.com\/chatogo\/#primaryimage"},"thumbnailUrl":"https:\/\/strangercam.com\/wp-content\/uploads\/2020\/11\/stranger-cam-1.png","datePublished":"2021-06-20T12:45:11+00:00","dateModified":"2023-08-21T10:24:41+00:00","description":"\u00ce\u021bi place Chatogo? Vino s\u0103 vorbe\u0219ti cu mai mult de 5.000.000 de str\u0103ini pe Stranger Cam gratuit! Porne\u0219te-\u021bi camera \u0219i g\u0103se\u0219te prieteni noi \u0219i poate o pereche!","breadcrumb":{"@id":"https:\/\/strangercam.com\/chatogo\/#breadcrumb"},"inLanguage":"ro-RO","potentialAction":[{"@type":"ReadAction","target":["https:\/\/strangercam.com\/chatogo\/"]}]},{"@type":"ImageObject","inLanguage":"ro-RO","@id":"https:\/\/strangercam.com\/chatogo\/#primaryimage","url":"https:\/\/strangercam.com\/wp-content\/uploads\/2020\/11\/stranger-cam-1.png","contentUrl":"https:\/\/strangercam.com\/wp-content\/uploads\/2020\/11\/stranger-cam-1.png","width":800,"height":800,"caption":"stranger cam random video chat"},{"@type":"BreadcrumbList","@id":"https:\/\/strangercam.com\/chatogo\/#breadcrumb","itemListElement":[{"@type":"ListItem","position":1,"name":"Home","item":"https:\/\/strangercam.com\/"},{"@type":"ListItem","position":2,"name":"Chatogo"}]},{"@type":"WebSite","@id":"https:\/\/strangercam.com\/#website","url":"https:\/\/strangercam.com\/","name":"Strangercam","description":"Chat video aleatoriu cu str\u0103ini","publisher":{"@id":"https:\/\/strangercam.com\/#organization"},"alternateName":"Strangercam.com","potentialAction":[{"@type":"SearchAction","target":{"@type":"EntryPoint","urlTemplate":"https:\/\/strangercam.com\/?s={search_term_string}"},"query-input":{"@type":"PropertyValueSpecification","valueRequired":true,"valueName":"search_term_string"}}],"inLanguage":"ro-RO"},{"@type":"Organization","@id":"https:\/\/strangercam.com\/#organization","name":"Strangercam","alternateName":"Strangercam.com","url":"https:\/\/strangercam.com\/","logo":{"@type":"ImageObject","inLanguage":"ro-RO","@id":"https:\/\/strangercam.com\/#\/schema\/logo\/image\/","url":"https:\/\/strangercam.com\/wp-content\/uploads\/2020\/11\/cropped-new-favicon-black.png","contentUrl":"https:\/\/strangercam.com\/wp-content\/uploads\/2020\/11\/cropped-new-favicon-black.png","width":512,"height":512,"caption":"Strangercam"},"image":{"@id":"https:\/\/strangercam.com\/#\/schema\/logo\/image\/"},"sameAs":["https:\/\/www.facebook.com\/strangercam","https:\/\/x.com\/strangercamapp"]}]}},"_links":{"self":[{"href":"https:\/\/strangercam.com\/ro\/wp-json\/wp\/v2\/pages\/5249","targetHints":{"allow":["GET"]}}],"collection":[{"href":"https:\/\/strangercam.com\/ro\/wp-json\/wp\/v2\/pages"}],"about":[{"href":"https:\/\/strangercam.com\/ro\/wp-json\/wp\/v2\/types\/page"}],"author":[{"embeddable":true,"href":"https:\/\/strangercam.com\/ro\/wp-json\/wp\/v2\/users\/6"}],"replies":[{"embeddable":true,"href":"https:\/\/strangercam.com\/ro\/wp-json\/wp\/v2\/comments?post=5249"}],"version-history":[{"count":0,"href":"https:\/\/strangercam.com\/ro\/wp-json\/wp\/v2\/pages\/5249\/revisions"}],"wp:featuredmedia":[{"embeddable":true,"href":"https:\/\/strangercam.com\/ro\/wp-json\/wp\/v2\/media\/559"}],"wp:attachment":[{"href":"https:\/\/strangercam.com\/ro\/wp-json\/wp\/v2\/media?parent=5249"}],"curies":[{"name":"wp","href":"https:\/\/api.w.org\/{rel}","templated":true}]}}