{"id":5171,"date":"2021-06-20T14:07:51","date_gmt":"2021-06-20T12:07:51","guid":{"rendered":"https:\/\/strangercam.com\/?page_id=5171"},"modified":"2023-08-21T12:24:42","modified_gmt":"2023-08-21T10:24:42","slug":"lovoo","status":"publish","type":"page","link":"https:\/\/strangercam.com\/ro\/lovoo\/","title":{"rendered":"Lovoo"},"content":{"rendered":"<p>Aceast\u0103 aplica\u021bie de \u00eent\u00e2lniri online a fost creat\u0103 exclusiv pentru a permite persoanelor singure s\u0103 <a href=\"https:\/\/strangercam.com\/ro\/chathub\/\">chat<\/a>, <a href=\"https:\/\/strangercam.com\/ro\/flingster\/\">flirt<\/a>, \u0219i s\u0103 v\u0103 face\u021bi prieteni noi. Pretinde c\u0103 ofer\u0103 peste 4.200 de potriviri care se fac \u00een fiecare lun\u0103 \u0219i este printre cele mai bune aplica\u021bii pentru \u00eent\u00e2lniri \u0219i socializare. Creatorii au \u00eencercat s\u0103 introduc\u0103 continuu noi caracteristici pentru a o face interesant\u0103 \u0219i pentru a se adapta la cerin\u021bele \u0219i tendin\u021bele pie\u021bei. Se laud\u0103 c\u0103 se bucur\u0103 de o activitate ridicat\u0103 a utilizatorilor \u00eenc\u0103 de la lansare. \u00cen prezent, are peste 70 de milioane de utilizatori \u00eenregistra\u021bi din \u00eentreaga lume. Se bucur\u0103 de un rating bun din partea utilizatorilor s\u0103i actuali.<\/p>\n<h2>Cum s\u0103 v\u0103 \u00eenscrie\u021bi \u00een lovoo?<\/h2>\n<p>\u00cenregistrarea este u\u0219oar\u0103 \u0219i foarte rapid\u0103, dureaz\u0103 doar aproximativ 3-5 minute. V\u0103 pute\u021bi \u00eenscrie cu u\u0219urin\u021b\u0103 pe acest site folosind contul de Facebook sau de e-mail. De asemenea, trebuie s\u0103 v\u0103 introduce\u021bi num\u0103rul de telefon mobil, deoarece verificarea prin SMS va fi necesar\u0103 pentru a v\u0103 autentifica profilul. Noii membri trebuie s\u0103 completeze c\u00e2teva informa\u021bii de baz\u0103 \u00een formularul furnizat \u0219i, de asemenea, s\u0103 \u00ee\u0219i pun\u0103 fotografia de profil. Pe l\u00e2ng\u0103 faptul c\u0103 este obligatorie, fotografia ajut\u0103 la atragerea unui num\u0103r mai mare de persoane care s\u0103 fie interesate de profilul t\u0103u. De asemenea, pute\u021bi naviga prin diferitele caracteristici ale site-ului f\u0103r\u0103 a v\u0103 completa profilul.<\/p>\n<h3>Cum s\u0103 utiliza\u021bi lovoo?<\/h3>\n<p>Este destul de u\u0219or s\u0103 utiliza\u021bi acest site. Pute\u021bi g\u0103si o func\u021bie \u2018Descoperi\u021bi\u2019 care poate fi denumit\u0103 c\u0103utare aleatorie de membri. Aceasta v\u0103 permite s\u0103 ajusta\u021bi filtrele de c\u0103utare \u00een func\u021bie de loca\u021bie, interval de v\u00e2rst\u0103 \u0219i sex. O alt\u0103 caracteristic\u0103 interesant\u0103 este \u2018Play\u2019, care este considerat\u0103 a fi un joc de potrivire. Aceasta <a href=\"https:\/\/strangercam.com\/ro\/chatroulette\/\">rulet\u0103<\/a> tipul de potrivire afi\u0219eaz\u0103 membrii care v\u0103 pot pl\u0103cea sau pe care \u00eei pute\u021bi muta mai departe f\u0103c\u00e2nd clic pe cruce (x).<\/p>\n<h3>Care sunt avantajele \u0219i dezavantajele lovoo?<\/h3>\n<p>Pute\u021bi bloca cu u\u0219urin\u021b\u0103 utilizatorii ofensatori \u0219i \u00eei pute\u021bi raporta imediat administratorului site-ului. Este disponibil\u0103 o insign\u0103 verificat\u0103. <a href=\"https:\/\/strangercam.com\/ro\/chat4free\/\">Gratuit<\/a> membrii, dup\u0103 completarea cu succes a profilului lor, pot vizualiza profilurile altor membri, galeriile foto. Pute\u021bi avea acces la acest site de pe laptop sau chiar de pe telefonul mobil. Aplica\u021bia este destul de interactiv\u0103 \u0219i ofer\u0103 facilit\u0103\u021bi de navigare u\u0219oar\u0103 \u0219i rapid\u0103. Este gratuit\u0103 pentru a fi desc\u0103rcat\u0103 at\u00e2t pe dispozitivele Android, c\u00e2t \u0219i pe cele iOS. Aplica\u021bia ofer\u0103, de asemenea, dou\u0103 caracteristici suplimentare, \u0219i anume <b>lovoo<\/b> <a href=\"https:\/\/strangercam.com\/ro\/mili\/\">\u00cen direct<\/a> \u0219i Radar. Acestea ajut\u0103 aplica\u021bia s\u0103 devin\u0103 foarte interactiv\u0103. De asemenea, vine cu un design frumos. Cu toate acestea, dezavantajul este c\u0103 profilurile sunt foarte pu\u021bin detaliate. Ob\u021bine\u021bi informa\u021bii limitate despre profilul oric\u0103rui membru, limitate doar la v\u00e2rst\u0103, loca\u021bie, nume \u0219i dac\u0103 membrul este online \u00een prezent.<\/p>","protected":false},"excerpt":{"rendered":"<p>This online dating app has been created exclusively to allow lonely people to chat, flirt, and make new friends. It claims to offer 4,200+ matches being made every month and is among the best apps to date and socialize. The makers have been trying to introduce new features continuously to make it interesting and adapt [&hellip;]<\/p>\n","protected":false},"author":6,"featured_media":559,"parent":0,"menu_order":0,"comment_status":"closed","ping_status":"closed","template":"","meta":{"footnotes":""},"class_list":["post-5171","page","type-page","status-publish","has-post-thumbnail","hentry"],"yoast_head":"<!-- This site is optimized with the Yoast SEO plugin v27.4 - https:\/\/yoast.com\/product\/yoast-seo-wordpress\/ -->\n<title>Lovoo - App for Flirting and Dating - Cam on StrangerCam.com<\/title>\n<meta name=\"description\" content=\"Like Lovoo? Come chat with more than 5.000.000 strangers on Stranger Cam for Free! Turn on your cam and find new friends &amp; maby a match!\" \/>\n<meta name=\"robots\" content=\"index, follow, max-snippet:-1, max-image-preview:large, max-video-preview:-1\" \/>\n<link rel=\"canonical\" href=\"https:\/\/strangercam.com\/ro\/lovoo\/\" \/>\n<meta property=\"og:locale\" content=\"ro_RO\" \/>\n<meta property=\"og:type\" content=\"article\" \/>\n<meta property=\"og:title\" content=\"Lovoo - App for Flirting and Dating - Cam on StrangerCam.com\" \/>\n<meta property=\"og:description\" content=\"Like Lovoo? Come chat with more than 5.000.000 strangers on Stranger Cam for Free! Turn on your cam and find new friends &amp; maby a match!\" \/>\n<meta property=\"og:url\" content=\"https:\/\/strangercam.com\/ro\/lovoo\/\" \/>\n<meta property=\"og:site_name\" content=\"Strangercam\" \/>\n<meta property=\"article:publisher\" content=\"https:\/\/www.facebook.com\/strangercam\" \/>\n<meta property=\"article:modified_time\" content=\"2023-08-21T10:24:42+00:00\" \/>\n<meta property=\"og:image\" content=\"https:\/\/strangercam.com\/wp-content\/uploads\/2020\/11\/stranger-cam-1.png\" \/>\n\t<meta property=\"og:image:width\" content=\"800\" \/>\n\t<meta property=\"og:image:height\" content=\"800\" \/>\n\t<meta property=\"og:image:type\" content=\"image\/png\" \/>\n<meta name=\"twitter:card\" content=\"summary_large_image\" \/>\n<meta name=\"twitter:site\" content=\"@strangercamapp\" \/>\n<meta name=\"twitter:label1\" content=\"Timp estimat pentru citire\" \/>\n\t<meta name=\"twitter:data1\" content=\"2 minute\" \/>\n<script type=\"application\/ld+json\" class=\"yoast-schema-graph\">{\"@context\":\"https:\\\/\\\/schema.org\",\"@graph\":[{\"@type\":\"WebPage\",\"@id\":\"https:\\\/\\\/strangercam.com\\\/lovoo\\\/\",\"url\":\"https:\\\/\\\/strangercam.com\\\/lovoo\\\/\",\"name\":\"Lovoo - App for Flirting and Dating - Cam on StrangerCam.com\",\"isPartOf\":{\"@id\":\"https:\\\/\\\/strangercam.com\\\/#website\"},\"primaryImageOfPage\":{\"@id\":\"https:\\\/\\\/strangercam.com\\\/lovoo\\\/#primaryimage\"},\"image\":{\"@id\":\"https:\\\/\\\/strangercam.com\\\/lovoo\\\/#primaryimage\"},\"thumbnailUrl\":\"https:\\\/\\\/strangercam.com\\\/wp-content\\\/uploads\\\/2020\\\/11\\\/stranger-cam-1.png\",\"datePublished\":\"2021-06-20T12:07:51+00:00\",\"dateModified\":\"2023-08-21T10:24:42+00:00\",\"description\":\"Like Lovoo? Come chat with more than 5.000.000 strangers on Stranger Cam for Free! Turn on your cam and find new friends & maby a match!\",\"breadcrumb\":{\"@id\":\"https:\\\/\\\/strangercam.com\\\/lovoo\\\/#breadcrumb\"},\"inLanguage\":\"ro-RO\",\"potentialAction\":[{\"@type\":\"ReadAction\",\"target\":[\"https:\\\/\\\/strangercam.com\\\/lovoo\\\/\"]}]},{\"@type\":\"ImageObject\",\"inLanguage\":\"ro-RO\",\"@id\":\"https:\\\/\\\/strangercam.com\\\/lovoo\\\/#primaryimage\",\"url\":\"https:\\\/\\\/strangercam.com\\\/wp-content\\\/uploads\\\/2020\\\/11\\\/stranger-cam-1.png\",\"contentUrl\":\"https:\\\/\\\/strangercam.com\\\/wp-content\\\/uploads\\\/2020\\\/11\\\/stranger-cam-1.png\",\"width\":800,\"height\":800,\"caption\":\"stranger cam random video chat\"},{\"@type\":\"BreadcrumbList\",\"@id\":\"https:\\\/\\\/strangercam.com\\\/lovoo\\\/#breadcrumb\",\"itemListElement\":[{\"@type\":\"ListItem\",\"position\":1,\"name\":\"Home\",\"item\":\"https:\\\/\\\/strangercam.com\\\/\"},{\"@type\":\"ListItem\",\"position\":2,\"name\":\"Lovoo\"}]},{\"@type\":\"WebSite\",\"@id\":\"https:\\\/\\\/strangercam.com\\\/#website\",\"url\":\"https:\\\/\\\/strangercam.com\\\/\",\"name\":\"Strangercam\",\"description\":\"Random Video Chat with Strangers\",\"publisher\":{\"@id\":\"https:\\\/\\\/strangercam.com\\\/#organization\"},\"alternateName\":\"Strangercam.com\",\"potentialAction\":[{\"@type\":\"SearchAction\",\"target\":{\"@type\":\"EntryPoint\",\"urlTemplate\":\"https:\\\/\\\/strangercam.com\\\/?s={search_term_string}\"},\"query-input\":{\"@type\":\"PropertyValueSpecification\",\"valueRequired\":true,\"valueName\":\"search_term_string\"}}],\"inLanguage\":\"ro-RO\"},{\"@type\":\"Organization\",\"@id\":\"https:\\\/\\\/strangercam.com\\\/#organization\",\"name\":\"Strangercam\",\"alternateName\":\"Strangercam.com\",\"url\":\"https:\\\/\\\/strangercam.com\\\/\",\"logo\":{\"@type\":\"ImageObject\",\"inLanguage\":\"ro-RO\",\"@id\":\"https:\\\/\\\/strangercam.com\\\/#\\\/schema\\\/logo\\\/image\\\/\",\"url\":\"https:\\\/\\\/strangercam.com\\\/wp-content\\\/uploads\\\/2020\\\/11\\\/cropped-new-favicon-black.png\",\"contentUrl\":\"https:\\\/\\\/strangercam.com\\\/wp-content\\\/uploads\\\/2020\\\/11\\\/cropped-new-favicon-black.png\",\"width\":512,\"height\":512,\"caption\":\"Strangercam\"},\"image\":{\"@id\":\"https:\\\/\\\/strangercam.com\\\/#\\\/schema\\\/logo\\\/image\\\/\"},\"sameAs\":[\"https:\\\/\\\/www.facebook.com\\\/strangercam\",\"https:\\\/\\\/x.com\\\/strangercamapp\"]}]}<\/script>\n<!-- \/ Yoast SEO plugin. -->","yoast_head_json":{"title":"Lovoo - Aplica\u021bie pentru flirt \u0219i \u00eent\u00e2lniri - Cam pe StrangerCam.com","description":"\u00ce\u021bi place Lovoo? Vino s\u0103 vorbe\u0219ti cu mai mult de 5.000.000 de str\u0103ini pe Stranger Cam gratuit! Porne\u0219te-\u021bi camera \u0219i g\u0103se\u0219te prieteni noi \u0219i poate o pereche!","robots":{"index":"index","follow":"follow","max-snippet":"max-snippet:-1","max-image-preview":"max-image-preview:large","max-video-preview":"max-video-preview:-1"},"canonical":"https:\/\/strangercam.com\/ro\/lovoo\/","og_locale":"ro_RO","og_type":"article","og_title":"Lovoo - App for Flirting and Dating - Cam on StrangerCam.com","og_description":"Like Lovoo? Come chat with more than 5.000.000 strangers on Stranger Cam for Free! Turn on your cam and find new friends & maby a match!","og_url":"https:\/\/strangercam.com\/ro\/lovoo\/","og_site_name":"Strangercam","article_publisher":"https:\/\/www.facebook.com\/strangercam","article_modified_time":"2023-08-21T10:24:42+00:00","og_image":[{"width":800,"height":800,"url":"https:\/\/strangercam.com\/wp-content\/uploads\/2020\/11\/stranger-cam-1.png","type":"image\/png"}],"twitter_card":"summary_large_image","twitter_site":"@strangercamapp","twitter_misc":{"Timp estimat pentru citire":"2 minute"},"schema":{"@context":"https:\/\/schema.org","@graph":[{"@type":"WebPage","@id":"https:\/\/strangercam.com\/lovoo\/","url":"https:\/\/strangercam.com\/lovoo\/","name":"Lovoo - Aplica\u021bie pentru flirt \u0219i \u00eent\u00e2lniri - Cam pe StrangerCam.com","isPartOf":{"@id":"https:\/\/strangercam.com\/#website"},"primaryImageOfPage":{"@id":"https:\/\/strangercam.com\/lovoo\/#primaryimage"},"image":{"@id":"https:\/\/strangercam.com\/lovoo\/#primaryimage"},"thumbnailUrl":"https:\/\/strangercam.com\/wp-content\/uploads\/2020\/11\/stranger-cam-1.png","datePublished":"2021-06-20T12:07:51+00:00","dateModified":"2023-08-21T10:24:42+00:00","description":"\u00ce\u021bi place Lovoo? Vino s\u0103 vorbe\u0219ti cu mai mult de 5.000.000 de str\u0103ini pe Stranger Cam gratuit! Porne\u0219te-\u021bi camera \u0219i g\u0103se\u0219te prieteni noi \u0219i poate o pereche!","breadcrumb":{"@id":"https:\/\/strangercam.com\/lovoo\/#breadcrumb"},"inLanguage":"ro-RO","potentialAction":[{"@type":"ReadAction","target":["https:\/\/strangercam.com\/lovoo\/"]}]},{"@type":"ImageObject","inLanguage":"ro-RO","@id":"https:\/\/strangercam.com\/lovoo\/#primaryimage","url":"https:\/\/strangercam.com\/wp-content\/uploads\/2020\/11\/stranger-cam-1.png","contentUrl":"https:\/\/strangercam.com\/wp-content\/uploads\/2020\/11\/stranger-cam-1.png","width":800,"height":800,"caption":"stranger cam random video chat"},{"@type":"BreadcrumbList","@id":"https:\/\/strangercam.com\/lovoo\/#breadcrumb","itemListElement":[{"@type":"ListItem","position":1,"name":"Home","item":"https:\/\/strangercam.com\/"},{"@type":"ListItem","position":2,"name":"Lovoo"}]},{"@type":"WebSite","@id":"https:\/\/strangercam.com\/#website","url":"https:\/\/strangercam.com\/","name":"Strangercam","description":"Chat video aleatoriu cu str\u0103ini","publisher":{"@id":"https:\/\/strangercam.com\/#organization"},"alternateName":"Strangercam.com","potentialAction":[{"@type":"SearchAction","target":{"@type":"EntryPoint","urlTemplate":"https:\/\/strangercam.com\/?s={search_term_string}"},"query-input":{"@type":"PropertyValueSpecification","valueRequired":true,"valueName":"search_term_string"}}],"inLanguage":"ro-RO"},{"@type":"Organization","@id":"https:\/\/strangercam.com\/#organization","name":"Strangercam","alternateName":"Strangercam.com","url":"https:\/\/strangercam.com\/","logo":{"@type":"ImageObject","inLanguage":"ro-RO","@id":"https:\/\/strangercam.com\/#\/schema\/logo\/image\/","url":"https:\/\/strangercam.com\/wp-content\/uploads\/2020\/11\/cropped-new-favicon-black.png","contentUrl":"https:\/\/strangercam.com\/wp-content\/uploads\/2020\/11\/cropped-new-favicon-black.png","width":512,"height":512,"caption":"Strangercam"},"image":{"@id":"https:\/\/strangercam.com\/#\/schema\/logo\/image\/"},"sameAs":["https:\/\/www.facebook.com\/strangercam","https:\/\/x.com\/strangercamapp"]}]}},"_links":{"self":[{"href":"https:\/\/strangercam.com\/ro\/wp-json\/wp\/v2\/pages\/5171","targetHints":{"allow":["GET"]}}],"collection":[{"href":"https:\/\/strangercam.com\/ro\/wp-json\/wp\/v2\/pages"}],"about":[{"href":"https:\/\/strangercam.com\/ro\/wp-json\/wp\/v2\/types\/page"}],"author":[{"embeddable":true,"href":"https:\/\/strangercam.com\/ro\/wp-json\/wp\/v2\/users\/6"}],"replies":[{"embeddable":true,"href":"https:\/\/strangercam.com\/ro\/wp-json\/wp\/v2\/comments?post=5171"}],"version-history":[{"count":0,"href":"https:\/\/strangercam.com\/ro\/wp-json\/wp\/v2\/pages\/5171\/revisions"}],"wp:featuredmedia":[{"embeddable":true,"href":"https:\/\/strangercam.com\/ro\/wp-json\/wp\/v2\/media\/559"}],"wp:attachment":[{"href":"https:\/\/strangercam.com\/ro\/wp-json\/wp\/v2\/media?parent=5171"}],"curies":[{"name":"wp","href":"https:\/\/api.w.org\/{rel}","templated":true}]}}