{"id":5113,"date":"2021-06-19T21:05:49","date_gmt":"2021-06-19T19:05:49","guid":{"rendered":"https:\/\/strangercam.com\/?page_id=5113"},"modified":"2023-08-21T11:40:39","modified_gmt":"2023-08-21T09:40:39","slug":"chatiw","status":"publish","type":"page","link":"https:\/\/strangercam.com\/ro\/chatiw\/","title":{"rendered":"Chatiw"},"content":{"rendered":"<p>Este posibil s\u0103 \u00eencerca\u021bi s\u0103 g\u0103si\u021bi online o persoan\u0103 potrivit\u0103 \u0219i, prin urmare, s\u0103 fi\u021bi interesat de <a href=\"https:\/\/strangercam.com\/ro\/chatingly\/\">chat<\/a> cu str\u0103ini aleatori online.<\/p>\n<p>Dac\u0103 este cazul, sunte\u021bi \u00een locul potrivit!<\/p>\n<p>Iat\u0103 un ghid complet pentru o platform\u0103 online minunat\u0103 prin care pute\u021bi vorbi cu zeci de str\u0103ini \u00eentr-o singur\u0103 zi.<\/p>\n<p>Sun\u0103 impresionant, nu-i a\u0219a?<\/p>\n<p>De\u0219i exist\u0103 numeroase site-uri \u0219i aplica\u021bii de dating online disponibile,\u00a0<b>chatiw<\/b> este ceva diferit. Aceast\u0103 platform\u0103 bazat\u0103 pe chat ofer\u0103 utilizatorilor s\u0103i <a href=\"https:\/\/strangercam.com\/ro\/chat4free\/\">liber<\/a> comunicare care v\u0103 permite s\u0103 v\u0103 conecta\u021bi gratuit cu mii de str\u0103ini din diferite \u021b\u0103ri.<\/p>\n<p>Nu sunt impuse restric\u021bii cu privire la modul de comunicare, precum \u0219i cu cine s\u0103 comunica\u021bi, inclusiv selectarea loca\u021biei. Pute\u021bi <a href=\"https:\/\/strangercam.com\/ro\/chatroulette\/\">chat<\/a> ocazional, dac\u0103 c\u0103uta\u021bi ceva mai pu\u021bin serios sau un prieten bun. De asemenea, pute\u021bi profita de ocazie pentru a c\u0103uta un suflet pereche sau un partener. Astfel, acest site v\u0103 ofer\u0103 o libertate imens\u0103 de a face, \u00een \u00eentregime pe baza st\u0103rilor dvs. de spirit.<\/p>\n<h2>Cum s\u0103 v\u0103 \u00eenscrie\u021bi la Chatiw?<\/h2>\n<p>Caracteristica sa de \u00eenregistrare este unic\u0103. Nu ve\u021bi g\u0103si nic\u0103ieri altundeva un proces de \u00eenregistrare precum Chatiw.<\/p>\n<p>Utilizatorii gratui\u021bi nu trebuie s\u0103 se \u00eenregistreze pentru a folosi acest site pentru a se conecta cu str\u0103ini. Pe pagina principal\u0103 a site-ului sunt prezente mai multe c\u00e2mpuri care trebuie completate corect \u0219i adecvat.<\/p>\n<p>Aceasta include numele de utilizator, loca\u021bia, sexul \u0219i v\u00e2rsta. Odat\u0103 f\u0103cut acest lucru, sunte\u021bi gata s\u0103 \u00eencepe\u021bi s\u0103 discuta\u021bi cu orice persoan\u0103 cu care dori\u021bi s\u0103 v\u0103 conecta\u021bi. Aceast\u0103 aplica\u021bie\/site v\u0103 permite, de asemenea, s\u0103 utiliza\u021bi urm\u0103rirea GPS pentru a furniza loca\u021bia dvs. exact\u0103 \u0219i cea a celeilalte persoane.<\/p>\n<h3>Cum se utilizeaz\u0103 Chatiw?<\/h3>\n<p>Chat-ul este principala activitate oferit\u0103 de acest site. Prin urmare, caracteristicile grafice oferite sunt optime. Acesta v\u0103 permite s\u0103 trimite\u021bi informa\u021bii, fotografii, linkuri \u0219i s\u0103 parcurge\u021bi istoricul conversa\u021biilor.<\/p>\n<p>Dar unele caracteristici sunt oferite doar clien\u021bilor premium. Pute\u021bi bloca \u0219i ignora cu u\u0219urin\u021b\u0103 profilurile care nu v\u0103 intereseaz\u0103 cu mare u\u0219urin\u021b\u0103. Caracteristicile oferite sunt destul de interesante \u0219i simplu de utilizat.<\/p>\n<p>\u00cen plus, sistemul de chat dezvoltat este destul de puternic. Oamenii de pe aceast\u0103 platform\u0103 sunt un pic mai maturi, iar majoritatea \u0219tiu ce caut\u0103. Totul aici poate fi g\u0103sit a fi intuitiv \u0219i simplu. Dac\u0103 e\u0219ti interesat de cineva, \u00eei po\u021bi spune pur \u0219i simplu, iar dac\u0103 nu, pur \u0219i simplu \u00eel ignori.<\/p>\n<h3>Care sunt avantajele \u0219i dezavantajele Chatiw?<\/h3>\n<p>Utilizarea acestui site este relativ simpl\u0103. Interfa\u021ba site-ului este simpl\u0103. \u00cel pute\u021bi utiliza cu u\u0219urin\u021b\u0103 chiar dac\u0103 nu a\u021bi mai folosit un site de \u00eent\u00e2lniri p\u00e2n\u0103 acum!<\/p>\n<p>Ca utilizator gratuit, ave\u021bi urm\u0103toarele avantaje;<\/p>\n<ul>\n<li style=\"font-weight: 400;\" aria-level=\"1\">\u00cenregistrarea nu este necesar\u0103, iar procesul general este simplu \u0219i gratuit.<\/li>\n<li style=\"font-weight: 400;\" aria-level=\"1\">Nu trebuie s\u0103 v\u0103 pierde\u021bi timpul cre\u00e2nd profiluri lungi.<\/li>\n<li style=\"font-weight: 400;\" aria-level=\"1\">Pute\u021bi citi \u0219i articole de blog pentru a \u00eemp\u0103rt\u0103\u0219i experien\u021be privind rela\u021biile, \u00eent\u00e2lnirile \u0219i comunicarea online.<\/li>\n<li style=\"font-weight: 400;\" aria-level=\"1\">Este un site fantastic pentru a ob\u021bine divertisment 24\/7.<\/li>\n<\/ul>\n<p>Unele dezavantaje observate \u00een acest site de chat online sunt caracteristicile de \u00eenregistrare necorespunz\u0103toare.<\/p>\n<ul>\n<li style=\"font-weight: 400;\" aria-level=\"1\">De fiecare dat\u0103 c\u00e2nd \u00eencerca\u021bi s\u0103 intra\u021bi pe site pentru chat, trebuie s\u0103 v\u0103 furniza\u021bi numele de utilizator \u0219i alte informa\u021bii relevante, dar numai pentru membrii gratui\u021bi.<\/li>\n<li style=\"font-weight: 400;\" aria-level=\"1\">\u00cen prezent, exist\u0103 numeroase profiluri nepotrivite \u0219i frauduloase care func\u021bioneaz\u0103 pe platform\u0103.<\/li>\n<li style=\"font-weight: 400;\" aria-level=\"1\">Pentru a v\u0103 bucura de toate func\u021biile, trebuie s\u0103 deveni\u021bi un membru VIP sau premium prin plata site-ului.<\/li>\n<\/ul>\n<h3>Sfaturi de la Chatiw<\/h3>\n<p>Chatiw este, f\u0103r\u0103 \u00eendoial\u0103, o platform\u0103 fantastic\u0103 de chat online, dar lucrul bun la ei este c\u0103 \u00eei ghideaz\u0103 pe utilizatori.<\/p>\n<p>Ei au un \u00eentreg blog al lor!<\/p>\n<p>\u00cen blog, ei \u00eencearc\u0103 s\u0103 explice manierele \u0219i modul \u00een care ar trebui s\u0103 se vorbeasc\u0103 online cu un alt str\u0103in. Este un pas bun \u00een dou\u0103 moduri.<\/p>\n<ul>\n<li style=\"font-weight: 400;\" aria-level=\"1\">\u00cen primul r\u00e2nd, ghideaz\u0103 utilizatorii \u0219i le spune cum s\u0103 vorbeasc\u0103 pentru a impresiona persoana de la cel\u0103lalt cap\u0103t al firului.<\/li>\n<li style=\"font-weight: 400;\" aria-level=\"1\">Al doilea cel mai important lucru despre acest blog este c\u0103 spune cum s\u0103 te compor\u021bi!<\/li>\n<\/ul>\n<p>Este o modalitate excelent\u0103 de a spune publicului c\u0103 este mai bine s\u0103 te compor\u021bi bine dec\u00e2t s\u0103 fii interzis!<\/p>\n<p>De ce s\u0103 utiliza\u021bi Chatiw?<\/p>\n<h3>Aplica\u021bie mobil\u0103<\/h3>\n<p>Nu trebuie s\u0103 v\u0103 face\u021bi griji!<\/p>\n<p>Chatiw are \u0219i o aplica\u021bie mobil\u0103. Dup\u0103 cum \u0219tim, nu putem folosi browserele tot timpul. Pentru confortul utilizatorilor, Chatiw a f\u0103cut acest pas \u0219i a introdus aceast\u0103 aplica\u021bie unic\u0103.<\/p>\n<p>Dac\u0103 sunte\u021bi utilizator de Android, pute\u021bi desc\u0103rca aplica\u021bia din Play Store, iar dac\u0103 sunte\u021bi utilizator de iPhone, pute\u021bi desc\u0103rca aplica\u021bia din App Store.<\/p>\n<h3>Punctul crucial al Chatiw<\/h3>\n<p>Chatiw nu este doar despre text \u0219i <a href=\"https:\/\/strangercam.com\/ro\/rabbit-video-chat\/\">video<\/a> chat. Nu este vorba doar de a vorbi cu str\u0103inii. Dezvoltatorii care au dezvoltat site-ul web \u0219i apoi aplica\u021bia au avut \u00een minte o viziune mai larg\u0103.<\/p>\n<p>Chatiw este despre g\u0103sirea unui partener perfect, a unui suflet pereche!<\/p>\n<p>Nu este ca platformele obi\u0219nuite de chat care permit doar s\u0103 vorbe\u0219ti cu oamenii \u0219i apoi ce se \u00eent\u00e2mpl\u0103 la \u00eent\u00e2mplare? Nimic?<\/p>\n<p>Dac\u0103 ar fi a\u0219a, de ce s\u0103 vorbim?<\/p>\n<p>Ar trebui s\u0103 existe un motiv \u00een spatele tuturor lucrurilor, iar discu\u021biile ar trebui s\u0103 duc\u0103 undeva; \u00een caz contrar, acestea vor \u00eempov\u0103ra ambele p\u0103r\u021bi.<\/p>\n<p>Din acest motiv, Chatiw apreciaz\u0103 s\u0103 v\u0103 duc\u0103 discu\u021bia la <a href=\"https:\/\/strangercam.com\/ro\/nextcam\/\">urm\u0103tor<\/a> ceea ce este cel mai uimitor lucru despre acest site.<\/p>\n<h3>Confiden\u021bialitate<\/h3>\n<p>Sunte\u021bi \u00een siguran\u021b\u0103 aici. Pute\u021bi s\u0103 v\u0103 \u00eemp\u0103rt\u0103\u0219i\u021bi pozele cu persoana care v\u0103 place \u00een timpul chat-ului f\u0103r\u0103 s\u0103 v\u0103 face\u021bi griji cu privire la confiden\u021bialitatea dvs. Chatiw are grij\u0103 de tine!<\/p>\n<p>Oamenii evit\u0103 s\u0103 se al\u0103ture platformelor de chat online din dou\u0103 motive. Unul este complexitatea, iar cel\u0103lalt, confiden\u021bialitatea. Chatiw are o solu\u021bie solid\u0103 pentru ambele motive. Ei \u0219i-au f\u0103cut site-ul simplu \u0219i u\u0219or de utilizat. \u0218i pentru confiden\u021bialitate, ei au un plan solid. Chatiw colecteaz\u0103 doar numele, prenumele, adresa de e-mail Date de utilizare, identificatori unici de dispozitiv pentru publicitate (Google Advertiser ID), diverse tipuri de Date, Cookie-uri, pozi\u021bia geografic\u0103 \u0219i limba.<\/p>\n<p>Vorbind despre loca\u021bie, ei colecteaz\u0103 loca\u021bia doar pentru a v\u0103 g\u0103si un partener perfect. G\u0103sirea unui joc este dificil\u0103 uneori, dar loca\u021bia poate ajuta, deoarece cu c\u00e2t partenerul t\u0103u este mai aproape, cu at\u00e2t va fi mai bine, a\u0219a cum am discutat deja c\u0103 Chatiw apreciaz\u0103 s\u0103 duc\u0103 rela\u021biile la nivelul urm\u0103tor.<\/p>\n<h3>Concluzie<\/h3>\n<p>\u00cen general, Chatiw este un site excelent de chat online. V\u0103 pute\u021bi bucura s\u0103 discuta\u021bi cu necunoscu\u021bi \u0219i s\u0103 v\u0103 face\u021bi noi prieteni. Pute\u021bi face toate acestea \u00een timp ce v\u0103 p\u0103stra\u021bi identitatea \u00een siguran\u021b\u0103.<\/p>","protected":false},"excerpt":{"rendered":"<p>You may be trying to find a suitable person online and hence be interested in chatting with random strangers online. If it is the case, you are in the right place! Here is a complete guide to a wonderful online platform through which you can talk to dozens of strangers in a day. It sounds [&hellip;]<\/p>\n","protected":false},"author":6,"featured_media":559,"parent":0,"menu_order":0,"comment_status":"closed","ping_status":"closed","template":"","meta":{"footnotes":""},"class_list":["post-5113","page","type-page","status-publish","has-post-thumbnail","hentry"],"yoast_head":"<!-- This site is optimized with the Yoast SEO plugin v26.9 - https:\/\/yoast.com\/product\/yoast-seo-wordpress\/ -->\n<title>Chatiw - Free Text Chat Rooms - Cam on StrangerCam.com<\/title>\n<meta name=\"description\" content=\"Like Chatiw? Come chat with more than 5.000.000 strangers on Stranger Cam for Free! Turn on your cam and find new friends &amp; maby a match!\" \/>\n<meta name=\"robots\" content=\"index, follow, max-snippet:-1, max-image-preview:large, max-video-preview:-1\" \/>\n<link rel=\"canonical\" href=\"https:\/\/strangercam.com\/ro\/chatiw\/\" \/>\n<meta property=\"og:locale\" content=\"ro_RO\" \/>\n<meta property=\"og:type\" content=\"article\" \/>\n<meta property=\"og:title\" content=\"Chatiw - Free Text Chat Rooms - Cam on StrangerCam.com\" \/>\n<meta property=\"og:description\" content=\"Like Chatiw? Come chat with more than 5.000.000 strangers on Stranger Cam for Free! Turn on your cam and find new friends &amp; maby a match!\" \/>\n<meta property=\"og:url\" content=\"https:\/\/strangercam.com\/ro\/chatiw\/\" \/>\n<meta property=\"og:site_name\" content=\"Strangercam\" \/>\n<meta property=\"article:publisher\" content=\"https:\/\/www.facebook.com\/strangercam\" \/>\n<meta property=\"article:modified_time\" content=\"2023-08-21T09:40:39+00:00\" \/>\n<meta property=\"og:image\" content=\"https:\/\/strangercam.com\/wp-content\/uploads\/2020\/11\/stranger-cam-1.png\" \/>\n\t<meta property=\"og:image:width\" content=\"800\" \/>\n\t<meta property=\"og:image:height\" content=\"800\" \/>\n\t<meta property=\"og:image:type\" content=\"image\/png\" \/>\n<meta name=\"twitter:card\" content=\"summary_large_image\" \/>\n<meta name=\"twitter:site\" content=\"@strangercamapp\" \/>\n<meta name=\"twitter:label1\" content=\"Timp estimat pentru citire\" \/>\n\t<meta name=\"twitter:data1\" content=\"5 minute\" \/>\n<script type=\"application\/ld+json\" class=\"yoast-schema-graph\">{\"@context\":\"https:\/\/schema.org\",\"@graph\":[{\"@type\":\"WebPage\",\"@id\":\"https:\/\/strangercam.com\/chatiw\/\",\"url\":\"https:\/\/strangercam.com\/chatiw\/\",\"name\":\"Chatiw - Free Text Chat Rooms - Cam on StrangerCam.com\",\"isPartOf\":{\"@id\":\"https:\/\/strangercam.com\/#website\"},\"primaryImageOfPage\":{\"@id\":\"https:\/\/strangercam.com\/chatiw\/#primaryimage\"},\"image\":{\"@id\":\"https:\/\/strangercam.com\/chatiw\/#primaryimage\"},\"thumbnailUrl\":\"https:\/\/strangercam.com\/wp-content\/uploads\/2020\/11\/stranger-cam-1.png\",\"datePublished\":\"2021-06-19T19:05:49+00:00\",\"dateModified\":\"2023-08-21T09:40:39+00:00\",\"description\":\"Like Chatiw? Come chat with more than 5.000.000 strangers on Stranger Cam for Free! Turn on your cam and find new friends & maby a match!\",\"breadcrumb\":{\"@id\":\"https:\/\/strangercam.com\/chatiw\/#breadcrumb\"},\"inLanguage\":\"ro-RO\",\"potentialAction\":[{\"@type\":\"ReadAction\",\"target\":[\"https:\/\/strangercam.com\/chatiw\/\"]}]},{\"@type\":\"ImageObject\",\"inLanguage\":\"ro-RO\",\"@id\":\"https:\/\/strangercam.com\/chatiw\/#primaryimage\",\"url\":\"https:\/\/strangercam.com\/wp-content\/uploads\/2020\/11\/stranger-cam-1.png\",\"contentUrl\":\"https:\/\/strangercam.com\/wp-content\/uploads\/2020\/11\/stranger-cam-1.png\",\"width\":800,\"height\":800,\"caption\":\"stranger cam random video chat\"},{\"@type\":\"BreadcrumbList\",\"@id\":\"https:\/\/strangercam.com\/chatiw\/#breadcrumb\",\"itemListElement\":[{\"@type\":\"ListItem\",\"position\":1,\"name\":\"Home\",\"item\":\"https:\/\/strangercam.com\/\"},{\"@type\":\"ListItem\",\"position\":2,\"name\":\"Chatiw\"}]},{\"@type\":\"WebSite\",\"@id\":\"https:\/\/strangercam.com\/#website\",\"url\":\"https:\/\/strangercam.com\/\",\"name\":\"Strangercam\",\"description\":\"Random Video Chat with Strangers\",\"publisher\":{\"@id\":\"https:\/\/strangercam.com\/#organization\"},\"alternateName\":\"Strangercam.com\",\"potentialAction\":[{\"@type\":\"SearchAction\",\"target\":{\"@type\":\"EntryPoint\",\"urlTemplate\":\"https:\/\/strangercam.com\/?s={search_term_string}\"},\"query-input\":{\"@type\":\"PropertyValueSpecification\",\"valueRequired\":true,\"valueName\":\"search_term_string\"}}],\"inLanguage\":\"ro-RO\"},{\"@type\":\"Organization\",\"@id\":\"https:\/\/strangercam.com\/#organization\",\"name\":\"Strangercam\",\"alternateName\":\"Strangercam.com\",\"url\":\"https:\/\/strangercam.com\/\",\"logo\":{\"@type\":\"ImageObject\",\"inLanguage\":\"ro-RO\",\"@id\":\"https:\/\/strangercam.com\/#\/schema\/logo\/image\/\",\"url\":\"https:\/\/strangercam.com\/wp-content\/uploads\/2020\/11\/cropped-new-favicon-black.png\",\"contentUrl\":\"https:\/\/strangercam.com\/wp-content\/uploads\/2020\/11\/cropped-new-favicon-black.png\",\"width\":512,\"height\":512,\"caption\":\"Strangercam\"},\"image\":{\"@id\":\"https:\/\/strangercam.com\/#\/schema\/logo\/image\/\"},\"sameAs\":[\"https:\/\/www.facebook.com\/strangercam\",\"https:\/\/x.com\/strangercamapp\"]}]}<\/script>\n<!-- \/ Yoast SEO plugin. -->","yoast_head_json":{"title":"Chatiw - Camere de chat text gratuite - Cam pe StrangerCam.com","description":"\u00ce\u021bi place Chatiw? Vino s\u0103 vorbe\u0219ti cu mai mult de 5.000.000 de str\u0103ini pe Stranger Cam gratuit! Porne\u0219te-\u021bi camera \u0219i g\u0103se\u0219te prieteni noi \u0219i poate o pereche!","robots":{"index":"index","follow":"follow","max-snippet":"max-snippet:-1","max-image-preview":"max-image-preview:large","max-video-preview":"max-video-preview:-1"},"canonical":"https:\/\/strangercam.com\/ro\/chatiw\/","og_locale":"ro_RO","og_type":"article","og_title":"Chatiw - Free Text Chat Rooms - Cam on StrangerCam.com","og_description":"Like Chatiw? Come chat with more than 5.000.000 strangers on Stranger Cam for Free! Turn on your cam and find new friends & maby a match!","og_url":"https:\/\/strangercam.com\/ro\/chatiw\/","og_site_name":"Strangercam","article_publisher":"https:\/\/www.facebook.com\/strangercam","article_modified_time":"2023-08-21T09:40:39+00:00","og_image":[{"width":800,"height":800,"url":"https:\/\/strangercam.com\/wp-content\/uploads\/2020\/11\/stranger-cam-1.png","type":"image\/png"}],"twitter_card":"summary_large_image","twitter_site":"@strangercamapp","twitter_misc":{"Timp estimat pentru citire":"5 minute"},"schema":{"@context":"https:\/\/schema.org","@graph":[{"@type":"WebPage","@id":"https:\/\/strangercam.com\/chatiw\/","url":"https:\/\/strangercam.com\/chatiw\/","name":"Chatiw - Camere de chat text gratuite - Cam pe StrangerCam.com","isPartOf":{"@id":"https:\/\/strangercam.com\/#website"},"primaryImageOfPage":{"@id":"https:\/\/strangercam.com\/chatiw\/#primaryimage"},"image":{"@id":"https:\/\/strangercam.com\/chatiw\/#primaryimage"},"thumbnailUrl":"https:\/\/strangercam.com\/wp-content\/uploads\/2020\/11\/stranger-cam-1.png","datePublished":"2021-06-19T19:05:49+00:00","dateModified":"2023-08-21T09:40:39+00:00","description":"\u00ce\u021bi place Chatiw? Vino s\u0103 vorbe\u0219ti cu mai mult de 5.000.000 de str\u0103ini pe Stranger Cam gratuit! Porne\u0219te-\u021bi camera \u0219i g\u0103se\u0219te prieteni noi \u0219i poate o pereche!","breadcrumb":{"@id":"https:\/\/strangercam.com\/chatiw\/#breadcrumb"},"inLanguage":"ro-RO","potentialAction":[{"@type":"ReadAction","target":["https:\/\/strangercam.com\/chatiw\/"]}]},{"@type":"ImageObject","inLanguage":"ro-RO","@id":"https:\/\/strangercam.com\/chatiw\/#primaryimage","url":"https:\/\/strangercam.com\/wp-content\/uploads\/2020\/11\/stranger-cam-1.png","contentUrl":"https:\/\/strangercam.com\/wp-content\/uploads\/2020\/11\/stranger-cam-1.png","width":800,"height":800,"caption":"stranger cam random video chat"},{"@type":"BreadcrumbList","@id":"https:\/\/strangercam.com\/chatiw\/#breadcrumb","itemListElement":[{"@type":"ListItem","position":1,"name":"Home","item":"https:\/\/strangercam.com\/"},{"@type":"ListItem","position":2,"name":"Chatiw"}]},{"@type":"WebSite","@id":"https:\/\/strangercam.com\/#website","url":"https:\/\/strangercam.com\/","name":"Strangercam","description":"Chat video aleatoriu cu str\u0103ini","publisher":{"@id":"https:\/\/strangercam.com\/#organization"},"alternateName":"Strangercam.com","potentialAction":[{"@type":"SearchAction","target":{"@type":"EntryPoint","urlTemplate":"https:\/\/strangercam.com\/?s={search_term_string}"},"query-input":{"@type":"PropertyValueSpecification","valueRequired":true,"valueName":"search_term_string"}}],"inLanguage":"ro-RO"},{"@type":"Organization","@id":"https:\/\/strangercam.com\/#organization","name":"Strangercam","alternateName":"Strangercam.com","url":"https:\/\/strangercam.com\/","logo":{"@type":"ImageObject","inLanguage":"ro-RO","@id":"https:\/\/strangercam.com\/#\/schema\/logo\/image\/","url":"https:\/\/strangercam.com\/wp-content\/uploads\/2020\/11\/cropped-new-favicon-black.png","contentUrl":"https:\/\/strangercam.com\/wp-content\/uploads\/2020\/11\/cropped-new-favicon-black.png","width":512,"height":512,"caption":"Strangercam"},"image":{"@id":"https:\/\/strangercam.com\/#\/schema\/logo\/image\/"},"sameAs":["https:\/\/www.facebook.com\/strangercam","https:\/\/x.com\/strangercamapp"]}]}},"_links":{"self":[{"href":"https:\/\/strangercam.com\/ro\/wp-json\/wp\/v2\/pages\/5113","targetHints":{"allow":["GET"]}}],"collection":[{"href":"https:\/\/strangercam.com\/ro\/wp-json\/wp\/v2\/pages"}],"about":[{"href":"https:\/\/strangercam.com\/ro\/wp-json\/wp\/v2\/types\/page"}],"author":[{"embeddable":true,"href":"https:\/\/strangercam.com\/ro\/wp-json\/wp\/v2\/users\/6"}],"replies":[{"embeddable":true,"href":"https:\/\/strangercam.com\/ro\/wp-json\/wp\/v2\/comments?post=5113"}],"version-history":[{"count":0,"href":"https:\/\/strangercam.com\/ro\/wp-json\/wp\/v2\/pages\/5113\/revisions"}],"wp:featuredmedia":[{"embeddable":true,"href":"https:\/\/strangercam.com\/ro\/wp-json\/wp\/v2\/media\/559"}],"wp:attachment":[{"href":"https:\/\/strangercam.com\/ro\/wp-json\/wp\/v2\/media?parent=5113"}],"curies":[{"name":"wp","href":"https:\/\/api.w.org\/{rel}","templated":true}]}}