{"id":51,"date":"2020-04-08T23:24:23","date_gmt":"2020-04-08T21:24:23","guid":{"rendered":"https:\/\/strangercam.com\/?page_id=51"},"modified":"2025-06-16T14:26:14","modified_gmt":"2025-06-16T12:26:14","slug":"reguli","status":"publish","type":"page","link":"https:\/\/strangercam.com\/ro\/rules\/","title":{"rendered":"Reguli"},"content":{"rendered":"<p>Strangercam v\u0103 permite s\u0103 <a href=\"https:\/\/strangercam.com\/ro\/chatroulette\/\">chat<\/a> cu instrumentul nostru de chat aleatoriu, gratuit \u0219i f\u0103r\u0103 \u00eenregistrare. Misiunea noastr\u0103 este de a fi un serviciu similar pentru <a href=\"https:\/\/strangercam.com\/ro\/omegle\/\">Omegle<\/a> unde v\u0103 pute\u021bi distra \u0219i bucura de timpul dumneavoastr\u0103. Respectarea regulilor \u0219i regulamentelor pentru <a href=\"https:\/\/strangercam.com\/ro\/coomeet\/\">chat video<\/a> este foarte important\u0103.<\/p>\n<h2 data-start=\"145\" data-end=\"185\">Disclaimer pentru afilia\u021bi \u0219i ter\u021bi<\/h2>\n<p data-start=\"187\" data-end=\"675\">Strangercam este un site de recenzii \u0219i afiliat. Nu de\u021binem sau nu oper\u0103m platformele sau <a href=\"https:\/\/strangercam.com\/ro\/rabbit-video-chat\/\">video<\/a> instrumente de chat prezentate sau legate de site-ul nostru. Unele link-uri pot fi link-uri afiliate, iar noi putem c\u00e2\u0219tiga comisioane sau taxe dac\u0103 alege\u021bi s\u0103 v\u0103 \u00eenscrie\u021bi sau s\u0103 interac\u021biona\u021bi cu servicii ter\u021be prin recomand\u0103rile noastre. Utilizarea de c\u0103tre dvs. a oric\u0103rui site ter\u021b este supus\u0103 propriilor reguli \u0219i politici. Nu suntem responsabili pentru con\u021binutul sau comportamentul de pe niciun site sau serviciu extern legat de Strangercam.<\/p>\n<h2>Interdic\u021bii<\/h2>\n<ul>\n<li>Utilizarea Strangercam sub v\u00e2rsta de 18 ani.<\/li>\n<li>R\u0103sp\u00e2ndirea de vulgaritate, sexualitate sau comentarii depresive.<\/li>\n<li>Degradarea unei alte persoane pe baza religiei, rasei, sexului, orient\u0103rii sexuale \u0219i\/sau v\u00e2rstei.<\/li>\n<li>H\u0103r\u021buirea sau lipsa de respect fa\u021b\u0103 de al\u021bi utilizatori.<\/li>\n<li>Este interzis s\u0103 v\u0103 ar\u0103ta\u021bi pieptul gol f\u0103r\u0103 ca o fa\u021b\u0103 s\u0103 fie prezent\u0103 pe ecran.<\/li>\n<li>Video chat complet nud sau \u00een lenjerie intim\u0103.<\/li>\n<li>Solicitarea sau for\u021barea sexului virtual.<\/li>\n<li>Arat\u0103-\u021bi p\u0103r\u021bile intime \u00een timp ce e\u0219ti filmat.<\/li>\n<li>S\u0103-\u021bi atingi p\u0103r\u021bile intime \u0219i s\u0103 le ar\u0103\u021bi pe camer\u0103.<\/li>\n<li>Focalizarea camerei sub piept.<\/li>\n<li>Afi\u0219area unui mesaj text pe ecranul video pentru a direc\u021biona utilizatorii.<\/li>\n<li>Afi\u0219area unei imagini pe ecranul video pentru a direc\u021biona utilizatorii.<\/li>\n<li>Afi\u0219area ecranului computerului pentru utilizatorii direc\u021bi.<\/li>\n<li>Utilizarea unui emulator de camer\u0103 web pentru a direc\u021biona utilizatorii.<\/li>\n<li>Afi\u0219area oric\u0103rei reclame video\/imagine\/text.<\/li>\n<li>Solicitarea voturilor utilizatorilor Strangercam pentru orice URL sau pentru promovarea produselor dvs.<\/li>\n<li>Utilizarea site-ului pentru a promova sau facilita traficul de persoane, traficul sexual, abuzul fizic sau prostitu\u021bia.<\/li>\n<\/ul>\n<h2>Reclama\u021bii<\/h2>\n<p>Pute\u021bi depune o pl\u00e2ngere \u00eempotriva oric\u0103rei persoane de pe Strangercam dac\u0103 crede\u021bi c\u0103 aceasta \u00eencalc\u0103 regulile noastre. Dac\u0103 ne trimite\u021bi o captur\u0103 de ecran cu pl\u00e2ngerea dumneavoastr\u0103, ne va fi mai u\u0219or \u0219i mai rapid s\u0103 lu\u0103m m\u0103suri. Vom lua rapid m\u0103suri \u00eempotriva acestor utilizatori.<\/p>\n<p>Dac\u0103 exist\u0103 multe pl\u00e2ngeri \u00eempotriva unui anumit utilizator, sistemul nostru va interzice accesul utilizatorului respectiv la site-ul Strangercam.<\/p>\n<p>Lu\u0103m \u00een considerare mai multe fapte \u00eenainte de a interzice accesul cuiva la Strangercam.com. Strangercam nu are responsabilitatea exclusiv\u0103 de a controla spam-ul \u0219i alte activit\u0103\u021bi vulgare. De asemenea, v\u0103 solicit\u0103m cooperarea, \u00een calitate de utilizator. Nu putem elimina de pe Strangercam niciun infractor f\u0103r\u0103 sprijinul dumneavoastr\u0103. Promitem s\u0103 facem acest serviciu de chat cam-to-cam mai pl\u0103cut \u0219i mai distractiv cu sprijinul t\u0103u.<\/p>","protected":false},"excerpt":{"rendered":"<p>Strangercam allows you to chat with our random chat tool, free of charge and without registration. Our mission is to be a similar service to Omegle where you can have fun and enjoy your time. Respecting the rules and regulations for our video chat is very important. Affiliate and Third-Party Disclaimer Strangercam is a review [&hellip;]<\/p>\n","protected":false},"author":1,"featured_media":0,"parent":0,"menu_order":0,"comment_status":"closed","ping_status":"closed","template":"","meta":{"footnotes":""},"class_list":["post-51","page","type-page","status-publish","hentry"],"yoast_head":"<!-- This site is optimized with the Yoast SEO plugin v27.4 - https:\/\/yoast.com\/product\/yoast-seo-wordpress\/ -->\n<title>Rules - Strangercam<\/title>\n<meta name=\"robots\" content=\"index, follow, max-snippet:-1, max-image-preview:large, max-video-preview:-1\" \/>\n<link rel=\"canonical\" href=\"https:\/\/strangercam.com\/ro\/reguli\/\" \/>\n<meta property=\"og:locale\" content=\"ro_RO\" \/>\n<meta property=\"og:type\" content=\"article\" \/>\n<meta property=\"og:title\" content=\"Rules - Strangercam\" \/>\n<meta property=\"og:description\" content=\"Strangercam allows you to chat with our random chat tool, free of charge and without registration. Our mission is to be a similar service to Omegle where you can have fun and enjoy your time. Respecting the rules and regulations for our video chat is very important. Affiliate and Third-Party Disclaimer Strangercam is a review [&hellip;]\" \/>\n<meta property=\"og:url\" content=\"https:\/\/strangercam.com\/ro\/reguli\/\" \/>\n<meta property=\"og:site_name\" content=\"Strangercam\" \/>\n<meta property=\"article:publisher\" content=\"https:\/\/www.facebook.com\/strangercam\" \/>\n<meta property=\"article:modified_time\" content=\"2025-06-16T12:26:14+00:00\" \/>\n<meta property=\"og:image\" content=\"https:\/\/strangercam.com\/wp-content\/uploads\/2021\/10\/Untitled-2.png\" \/>\n\t<meta property=\"og:image:width\" content=\"800\" \/>\n\t<meta property=\"og:image:height\" content=\"532\" \/>\n\t<meta property=\"og:image:type\" content=\"image\/png\" \/>\n<meta name=\"twitter:card\" content=\"summary_large_image\" \/>\n<meta name=\"twitter:site\" content=\"@strangercamapp\" \/>\n<meta name=\"twitter:label1\" content=\"Timp estimat pentru citire\" \/>\n\t<meta name=\"twitter:data1\" content=\"2 minute\" \/>\n<script type=\"application\/ld+json\" class=\"yoast-schema-graph\">{\"@context\":\"https:\\\/\\\/schema.org\",\"@graph\":[{\"@type\":\"WebPage\",\"@id\":\"https:\\\/\\\/strangercam.com\\\/rules\\\/\",\"url\":\"https:\\\/\\\/strangercam.com\\\/rules\\\/\",\"name\":\"Rules - Strangercam\",\"isPartOf\":{\"@id\":\"https:\\\/\\\/strangercam.com\\\/#website\"},\"datePublished\":\"2020-04-08T21:24:23+00:00\",\"dateModified\":\"2025-06-16T12:26:14+00:00\",\"breadcrumb\":{\"@id\":\"https:\\\/\\\/strangercam.com\\\/rules\\\/#breadcrumb\"},\"inLanguage\":\"ro-RO\",\"potentialAction\":[{\"@type\":\"ReadAction\",\"target\":[\"https:\\\/\\\/strangercam.com\\\/rules\\\/\"]}]},{\"@type\":\"BreadcrumbList\",\"@id\":\"https:\\\/\\\/strangercam.com\\\/rules\\\/#breadcrumb\",\"itemListElement\":[{\"@type\":\"ListItem\",\"position\":1,\"name\":\"Home\",\"item\":\"https:\\\/\\\/strangercam.com\\\/\"},{\"@type\":\"ListItem\",\"position\":2,\"name\":\"Rules\"}]},{\"@type\":\"WebSite\",\"@id\":\"https:\\\/\\\/strangercam.com\\\/#website\",\"url\":\"https:\\\/\\\/strangercam.com\\\/\",\"name\":\"Strangercam\",\"description\":\"Random Video Chat with Strangers\",\"publisher\":{\"@id\":\"https:\\\/\\\/strangercam.com\\\/#organization\"},\"alternateName\":\"Strangercam.com\",\"potentialAction\":[{\"@type\":\"SearchAction\",\"target\":{\"@type\":\"EntryPoint\",\"urlTemplate\":\"https:\\\/\\\/strangercam.com\\\/?s={search_term_string}\"},\"query-input\":{\"@type\":\"PropertyValueSpecification\",\"valueRequired\":true,\"valueName\":\"search_term_string\"}}],\"inLanguage\":\"ro-RO\"},{\"@type\":\"Organization\",\"@id\":\"https:\\\/\\\/strangercam.com\\\/#organization\",\"name\":\"Strangercam\",\"alternateName\":\"Strangercam.com\",\"url\":\"https:\\\/\\\/strangercam.com\\\/\",\"logo\":{\"@type\":\"ImageObject\",\"inLanguage\":\"ro-RO\",\"@id\":\"https:\\\/\\\/strangercam.com\\\/#\\\/schema\\\/logo\\\/image\\\/\",\"url\":\"https:\\\/\\\/strangercam.com\\\/wp-content\\\/uploads\\\/2020\\\/11\\\/cropped-new-favicon-black.png\",\"contentUrl\":\"https:\\\/\\\/strangercam.com\\\/wp-content\\\/uploads\\\/2020\\\/11\\\/cropped-new-favicon-black.png\",\"width\":512,\"height\":512,\"caption\":\"Strangercam\"},\"image\":{\"@id\":\"https:\\\/\\\/strangercam.com\\\/#\\\/schema\\\/logo\\\/image\\\/\"},\"sameAs\":[\"https:\\\/\\\/www.facebook.com\\\/strangercam\",\"https:\\\/\\\/x.com\\\/strangercamapp\"]}]}<\/script>\n<!-- \/ Yoast SEO plugin. -->","yoast_head_json":{"title":"Reguli - Strangercam","robots":{"index":"index","follow":"follow","max-snippet":"max-snippet:-1","max-image-preview":"max-image-preview:large","max-video-preview":"max-video-preview:-1"},"canonical":"https:\/\/strangercam.com\/ro\/reguli\/","og_locale":"ro_RO","og_type":"article","og_title":"Rules - Strangercam","og_description":"Strangercam allows you to chat with our random chat tool, free of charge and without registration. Our mission is to be a similar service to Omegle where you can have fun and enjoy your time. Respecting the rules and regulations for our video chat is very important. Affiliate and Third-Party Disclaimer Strangercam is a review [&hellip;]","og_url":"https:\/\/strangercam.com\/ro\/reguli\/","og_site_name":"Strangercam","article_publisher":"https:\/\/www.facebook.com\/strangercam","article_modified_time":"2025-06-16T12:26:14+00:00","og_image":[{"width":800,"height":532,"url":"https:\/\/strangercam.com\/wp-content\/uploads\/2021\/10\/Untitled-2.png","type":"image\/png"}],"twitter_card":"summary_large_image","twitter_site":"@strangercamapp","twitter_misc":{"Timp estimat pentru citire":"2 minute"},"schema":{"@context":"https:\/\/schema.org","@graph":[{"@type":"WebPage","@id":"https:\/\/strangercam.com\/rules\/","url":"https:\/\/strangercam.com\/rules\/","name":"Reguli - Strangercam","isPartOf":{"@id":"https:\/\/strangercam.com\/#website"},"datePublished":"2020-04-08T21:24:23+00:00","dateModified":"2025-06-16T12:26:14+00:00","breadcrumb":{"@id":"https:\/\/strangercam.com\/rules\/#breadcrumb"},"inLanguage":"ro-RO","potentialAction":[{"@type":"ReadAction","target":["https:\/\/strangercam.com\/rules\/"]}]},{"@type":"BreadcrumbList","@id":"https:\/\/strangercam.com\/rules\/#breadcrumb","itemListElement":[{"@type":"ListItem","position":1,"name":"Home","item":"https:\/\/strangercam.com\/"},{"@type":"ListItem","position":2,"name":"Rules"}]},{"@type":"WebSite","@id":"https:\/\/strangercam.com\/#website","url":"https:\/\/strangercam.com\/","name":"Strangercam","description":"Chat video aleatoriu cu str\u0103ini","publisher":{"@id":"https:\/\/strangercam.com\/#organization"},"alternateName":"Strangercam.com","potentialAction":[{"@type":"SearchAction","target":{"@type":"EntryPoint","urlTemplate":"https:\/\/strangercam.com\/?s={search_term_string}"},"query-input":{"@type":"PropertyValueSpecification","valueRequired":true,"valueName":"search_term_string"}}],"inLanguage":"ro-RO"},{"@type":"Organization","@id":"https:\/\/strangercam.com\/#organization","name":"Strangercam","alternateName":"Strangercam.com","url":"https:\/\/strangercam.com\/","logo":{"@type":"ImageObject","inLanguage":"ro-RO","@id":"https:\/\/strangercam.com\/#\/schema\/logo\/image\/","url":"https:\/\/strangercam.com\/wp-content\/uploads\/2020\/11\/cropped-new-favicon-black.png","contentUrl":"https:\/\/strangercam.com\/wp-content\/uploads\/2020\/11\/cropped-new-favicon-black.png","width":512,"height":512,"caption":"Strangercam"},"image":{"@id":"https:\/\/strangercam.com\/#\/schema\/logo\/image\/"},"sameAs":["https:\/\/www.facebook.com\/strangercam","https:\/\/x.com\/strangercamapp"]}]}},"_links":{"self":[{"href":"https:\/\/strangercam.com\/ro\/wp-json\/wp\/v2\/pages\/51","targetHints":{"allow":["GET"]}}],"collection":[{"href":"https:\/\/strangercam.com\/ro\/wp-json\/wp\/v2\/pages"}],"about":[{"href":"https:\/\/strangercam.com\/ro\/wp-json\/wp\/v2\/types\/page"}],"author":[{"embeddable":true,"href":"https:\/\/strangercam.com\/ro\/wp-json\/wp\/v2\/users\/1"}],"replies":[{"embeddable":true,"href":"https:\/\/strangercam.com\/ro\/wp-json\/wp\/v2\/comments?post=51"}],"version-history":[{"count":1,"href":"https:\/\/strangercam.com\/ro\/wp-json\/wp\/v2\/pages\/51\/revisions"}],"predecessor-version":[{"id":12880,"href":"https:\/\/strangercam.com\/ro\/wp-json\/wp\/v2\/pages\/51\/revisions\/12880"}],"wp:attachment":[{"href":"https:\/\/strangercam.com\/ro\/wp-json\/wp\/v2\/media?parent=51"}],"curies":[{"name":"wp","href":"https:\/\/api.w.org\/{rel}","templated":true}]}}