{"id":5006,"date":"2025-09-29T10:59:56","date_gmt":"2025-09-29T08:59:56","guid":{"rendered":"https:\/\/strangercam.com\/?page_id=5006"},"modified":"2025-09-29T12:01:40","modified_gmt":"2025-09-29T10:01:40","slug":"chat-gratuit-acum","status":"publish","type":"page","link":"https:\/\/strangercam.com\/ro\/free-chat-now\/","title":{"rendered":"Chat gratuit acum"},"content":{"rendered":"<p>Sunte\u021bi \u00een c\u0103utarea pentru Free <a href=\"https:\/\/strangercam.com\/ro\/chathub\/\">Chat<\/a> Acum? Nu sunte\u021bi singuri. \u00cen fiecare lun\u0103, milioane de oameni tasteaz\u0103 exact aceste cuvinte \u00een Google, sper\u00e2nd s\u0103 g\u0103seasc\u0103 o modalitate simpl\u0103, rapid\u0103 \u0219i gratuit\u0103 de a intra \u00een contact cu oameni noi online. Ideea este clar\u0103: f\u0103r\u0103 \u00eenscrieri lungi, f\u0103r\u0103 desc\u0103rc\u0103ri, f\u0103r\u0103 costuri ascunse - doar posibilitatea de a \u00eencepe s\u0103 discuta\u021bi instantaneu cu necunoscu\u021bi din \u00eentreaga lume.<\/p>\n<p>\u00cen 2025, platforme precum StrangerCam fac acest lucru posibil. Cu un singur clic, pute\u021bi \u00eencepe un chat video sau text gratuit cu persoane din \u00eentreaga lume. Fie c\u0103 sunte\u021bi interesat de conversa\u021bii ocazionale, de cunoa\u0219terea unor noi prieteni, de schimburi culturale sau de flirturi u\u0219oare, platformele Free Chat Now v\u0103 redau emo\u021bia interac\u021biunii spontane.<\/p>\n<p>Acest ghid va acoperi tot ceea ce trebuie s\u0103 \u0219ti\u021bi: ce \u00eenseamn\u0103 Free Chat Now, de ce este at\u00e2t de popular, cum func\u021bioneaz\u0103, istoria sa, ce caracteristici s\u0103 c\u0103uta\u021bi, o compara\u021bie a platformelor de top, m\u0103rturii ale utilizatorilor reali, strategii de siguran\u021b\u0103 \u0219i de ce StrangerCam este una dintre cele mai bune alegeri de ast\u0103zi.<\/p>\n<h2>Ce \u00eenseamn\u0103 \"Chat gratuit acum\"?<\/h2>\n<p>Atunci c\u00e2nd oamenii caut\u0103 Free Chat Now, ei doresc de obicei o platform\u0103 care ofer\u0103:<\/p>\n<ul>\n<li>Conexiune instantanee: F\u0103r\u0103 formulare, f\u0103r\u0103 profiluri, doar chat imediat.<\/li>\n<li>Acces gratuit: F\u0103r\u0103 paywalls dup\u0103 cinci minute sau sisteme de credit ascunse.<\/li>\n<li>Op\u021biuni text sau video: \u00cen func\u021bie de nivelul de confort.<\/li>\n<li>Potrivire aleatorie: \u00eent\u00e2lni\u021bi str\u0103ini din \u00eentreaga lume, nu doar persoane din apropiere.<\/li>\n<li>F\u0103r\u0103 \u00eenregistrare: R\u0103m\u00e2ne\u021bi anonim \u0219i f\u0103r\u0103 complica\u021bii.<\/li>\n<\/ul>\n<p>Cu alte cuvinte, este opusul aplica\u021biilor moderne de dating care necesit\u0103 glisare, biografii \u0219i pa\u0219i de verificare. Free Chat Now este despre vitez\u0103 \u0219i spontaneitate.<\/p>\n<h2>O scurt\u0103 istorie a chat-ului online<\/h2>\n<p>Pentru a \u00een\u021belege de ce Free Chat Now este at\u00e2t de popular, este util s\u0103 ne uit\u0103m la modul \u00een care a evoluat chat-ul online:<\/p>\n<ul>\n<li>Anii 1990 - Apari\u021bia camerelor de chat: Platforme precum AOL Chat \u0219i IRC permit utilizatorilor s\u0103 se adune \u00een camere bazate pe subiecte. Acestea erau doar text \u0219i adesea f\u0103r\u0103 moderator.<\/li>\n<li>Anii 2000 - Re\u021belele sociale preiau controlul: MSN Messenger, Yahoo Chat \u0219i primele re\u021bele sociale au ad\u0103ugat liste de prieteni \u0219i chat-uri private.<\/li>\n<li>2009 - <a href=\"https:\/\/strangercam.com\/ro\/omegle\/\">Omegle<\/a> Lans\u0103ri: Conversa\u021biile aleatorii unu-la-unu au devenit noua tendin\u021b\u0103, ad\u0103ug\u00e2ndu-se ulterior \u0219i video. Acest lucru a modelat cultura modern\u0103 a \u201cchat-ului cu necunoscu\u021bi\u201d.<\/li>\n<li>Anii 2010 - Boom-ul global al chat-ului video: <a href=\"https:\/\/strangercam.com\/ro\/chatroulette\/\">Chatroulette<\/a>, Chatrandom \u0219i Shagle au explodat \u00een popularitate. Aplica\u021bii mobile precum <a href=\"https:\/\/strangercam.com\/ro\/ometv\/\">OmeTV<\/a> a f\u0103cut chat-ul \u0219i mai u\u0219or.<\/li>\n<li>Anii 2020 - Noua er\u0103: Dup\u0103 \u00eenchiderea Omegle \u00een 2023, utilizatorii s-au orientat c\u0103tre alternative mai sigure \u0219i moderne, precum StrangerCam, care combin\u0103 accesul liber cu moderarea.<\/li>\n<\/ul>\n<p>Ast\u0103zi, Free Chat Now reprezint\u0103 ce este mai bun din ambele lumi: nostalgia camerelor de chat de \u0219coal\u0103 veche \u0219i entuziasmul conversa\u021biilor video live.<\/p>\n<h2>De ce oamenii iubesc chat-ul gratuit acum<\/h2>\n<p>Cuv\u00e2ntul cheie \"Free Chat Now\" ocup\u0103 un loc important dintr-un motiv - oamenii t\u00e2njesc dup\u0103 interac\u021biune social\u0103 instantanee. Iat\u0103 de ce:<\/p>\n<ol>\n<li>Singur\u0103tatea \u0219i izolarea social\u0103: Mul\u021bi oameni se simt deconecta\u021bi \u0219i doresc o interac\u021biune rapid\u0103 \u0219i semnificativ\u0103.<\/li>\n<li>Spontaneitate: Fiecare discu\u021bie este unic\u0103 - exist\u0103 o emo\u021bie \u00een a nu \u0219ti cine va <a href=\"https:\/\/strangercam.com\/ro\/coomeet\/\">\u00eent\u00e2lnire<\/a>.<\/li>\n<li>Curiozitate cultural\u0103: Discu\u021biile cu oameni din \u00eentreaga lume l\u0103rgesc perspectivele.<\/li>\n<li>Flirt \u0219i distrac\u021bie: Mul\u021bi utilizatori caut\u0103 conversa\u021bii lejere cu poten\u021biale sc\u00e2ntei romantice.<\/li>\n<li>Accesibilitate: Este u\u0219or, gratuit \u0219i nu necesit\u0103 niciun angajament.<\/li>\n<\/ol>\n<p>Spre deosebire de aplica\u021biile de \u00eent\u00e2lniri, unde respingerea sau ghosting-ul sunt frecvente, chat-urile aleatorii sunt lipsite de presiune \u0219i de unic\u0103 folosin\u021b\u0103 - dac\u0103 nu se potrive\u0219te, pur \u0219i simplu face\u021bi clic pe \"Urm\u0103torul\".<\/p>\n<h2>Cum func\u021bioneaz\u0103 platformele gratuite de chat acum<\/h2>\n<p>Procesul este rapid \u0219i simplu:<\/p>\n<ol>\n<li>Deschide\u021bi o platform\u0103 precum StrangerCam.<\/li>\n<li>Alege\u021bi modul (chat text sau chat video).<\/li>\n<li>Permite\u021bi accesul camerei foto\/microfonului dac\u0103 func\u021bia video este activat\u0103.<\/li>\n<li>Face\u021bi clic pe \"Start Chat\" pentru a v\u0103 conecta instantaneu.<\/li>\n<li>Face\u021bi cuno\u0219tin\u021b\u0103 cu un str\u0103in din \u00eentreaga lume \u00een c\u00e2teva secunde.<\/li>\n<li>Ap\u0103sa\u021bi \"Urm\u0103torul\" oric\u00e2nd pentru a \u00eencepe o nou\u0103 conversa\u021bie.<\/li>\n<\/ol>\n<p>Unele platforme includ, de asemenea, caracteristici precum:<\/p>\n<ul>\n<li>Filtre de gen.<\/li>\n<li>Potriviri bazate pe loca\u021bie.<\/li>\n<li>Traduceri \u00een chat.<\/li>\n<li>Camere de chat tematice.<\/li>\n<\/ul>\n<h2>Caracteristici care conteaz\u0103 cel mai mult<\/h2>\n<p>Atunci c\u00e2nd alege\u021bi un serviciu Free Chat Now, c\u0103uta\u021bi:<\/p>\n<ul>\n<li>Acces gratuit: Utilizare cu adev\u0103rat nelimitat\u0103, f\u0103r\u0103 \"sistem de credit\".<\/li>\n<li>F\u0103r\u0103 \u00eenscriere: S\u0103ri\u021bi peste complica\u021biile legate de conturi.<\/li>\n<li>Op\u021biuni text + video: Pentru flexibilitate.<\/li>\n<li>Design prietenos cu telefoanele mobile: Ar trebui s\u0103 func\u021bioneze f\u0103r\u0103 probleme pe smartphone-uri.<\/li>\n<li>Modera\u021bie activ\u0103: Esen\u021bial\u0103 pentru siguran\u021b\u0103.<\/li>\n<li>\u00centindere global\u0103: Mai mul\u021bi utilizatori \u00eenseamn\u0103 mai mult\u0103 varietate \u0219i distrac\u021bie.<\/li>\n<\/ul>\n<h2>Cele mai bune platforme gratuite de chat acum \u00een 2025<\/h2>\n<p>Iat\u0103 cum se compar\u0103 cele mai populare platforme:<\/p>\n<table>\n<thead>\n<tr>\n<th>Platform\u0103<\/th>\n<th align=\"center\">Acces gratuit<\/th>\n<th align=\"center\">\u00cenregistrare necesar\u0103<\/th>\n<th align=\"center\">Chat video<\/th>\n<th align=\"center\">Asisten\u021b\u0103 mobil\u0103<\/th>\n<th align=\"center\">Modera\u021bie<\/th>\n<th>Note<\/th>\n<\/tr>\n<\/thead>\n<tbody>\n<tr>\n<td>StrangerCam<\/td>\n<td align=\"center\">\u2705<\/td>\n<td align=\"center\">\u274c<\/td>\n<td align=\"center\">\u2705<\/td>\n<td align=\"center\">\u2705<\/td>\n<td align=\"center\">\u2705<\/td>\n<td>Cel mai bun \u00een general: gratuit, sigur \u0219i instant<\/td>\n<\/tr>\n<tr>\n<td>Chatroulette<\/td>\n<td align=\"center\">\u2705<\/td>\n<td align=\"center\">\u274c<\/td>\n<td align=\"center\">\u2705<\/td>\n<td align=\"center\">\u2705<\/td>\n<td align=\"center\">\u2705<\/td>\n<td>Clasic, dar caracteristici limitate<\/td>\n<\/tr>\n<tr>\n<td>Chatrandom<\/td>\n<td align=\"center\">\u2705<\/td>\n<td align=\"center\">\u274c<\/td>\n<td align=\"center\">\u2705<\/td>\n<td align=\"center\">\u2705<\/td>\n<td align=\"center\">\u2705<\/td>\n<td>Popular, dar \u00eempinge upgrade-uri<\/td>\n<\/tr>\n<tr>\n<td>OmeTV<\/td>\n<td align=\"center\">\u2705<\/td>\n<td align=\"center\">\u274c<\/td>\n<td align=\"center\">\u2705<\/td>\n<td align=\"center\">\u2705<\/td>\n<td align=\"center\">\u2705<\/td>\n<td>Prima aplica\u021bie, potrivire doar aleatorie<\/td>\n<\/tr>\n<tr>\n<td>Shagle<\/td>\n<td align=\"center\">\u2705<\/td>\n<td align=\"center\">\u274c<\/td>\n<td align=\"center\">\u2705<\/td>\n<td align=\"center\">\u2705<\/td>\n<td align=\"center\">\u2705<\/td>\n<td>Start gratuit, filtre premium blocate<\/td>\n<\/tr>\n<tr>\n<td>WireClub<\/td>\n<td align=\"center\">\u2705<\/td>\n<td align=\"center\">\u2705<\/td>\n<td align=\"center\">\u274c<\/td>\n<td align=\"center\">\u2705<\/td>\n<td align=\"center\">\u2705<\/td>\n<td>Camere de chat doar text<\/td>\n<\/tr>\n<\/tbody>\n<\/table>\n<p>StrangerCam iese \u00een eviden\u021b\u0103 ca fiind una dintre singurele platforme care ofer\u0103 acces gratuit, f\u0103r\u0103 \u00eenscriere \u0219i chat text + video \u00eentr-un singur loc.<\/p>\n<h2>De ce StrangerCam este cea mai bun\u0103 alegere pentru Free Chat Now<\/h2>\n<p>Iat\u0103 de ce StrangerCam este unul dintre cele mai bune r\u0103spunsuri la \u00eentrebarea \"Unde pot \u00eencepe un chat gratuit acum?\":<\/p>\n<ul>\n<li>Gratuit \u0219i nelimitat - F\u0103r\u0103 restric\u021bii sau costuri ascunse.<\/li>\n<li>Acces instantaneu - \u00cencepe\u021bi chat-ul \u00een mai pu\u021bin de 10 secunde.<\/li>\n<li>Op\u021biuni video \u0219i text - Comuta\u021bi \u00een func\u021bie de confortul dvs.<\/li>\n<li>Sigur \u0219i moderat - Mult mai sigur dec\u00e2t a fost vreodat\u0103 Omegle.<\/li>\n<li>Mobile + Desktop Friendly - Func\u021bioneaz\u0103 pe toate dispozitivele.<\/li>\n<li>Comunitatea global\u0103 - Face\u021bi cuno\u0219tin\u021b\u0103 cu persoane din peste 100 de \u021b\u0103ri.<\/li>\n<\/ul>\n<p>Este spontan, real \u0219i inclusiv - exact experien\u021ba pe care oamenii o caut\u0103 atunci c\u00e2nd tasteaz\u0103 Free Chat Now.<\/p>\n<h2>Testimoniale reale ale utilizatorilor<\/h2>\n<blockquote><p>\"Am c\u0103utat Free Chat Now \u0219i am g\u0103sit StrangerCam. \u00centr-un minut, vorbeam cu cineva din Brazilia. Este rapid \u0219i distractiv.\"<br \/>\n- Daniel, 27<\/p><\/blockquote>\n<blockquote><p>\"Spre deosebire de alte site-uri, StrangerCam este cu adev\u0103rat gratuit. F\u0103r\u0103 credite, f\u0103r\u0103 ziduri de plat\u0103 ascunse.\"<br \/>\n- Sophia, 21 de ani<\/p><\/blockquote>\n<blockquote><p>\"Am \u00eencercat alte aplica\u021bii, dar mi s-au p\u0103rut prea lente. Aceasta a fost instantanee, exact ceea ce am vrut.\"<br \/>\n- Ryan, 30 de ani<\/p><\/blockquote>\n<blockquote><p>\"Este frumos c\u0103 pot pleca c\u00e2nd vreau, f\u0103r\u0103 angajamente. Free Chat Now chiar func\u021bioneaz\u0103 aici.\"<br \/>\n- Emma, 19 ani<\/p><\/blockquote>\n<h2>Psihologia din spatele \"Free Chat Now\"<\/h2>\n<p>De ce at\u00e2t de mul\u021bi oameni caut\u0103 exact aceste cuvinte? Este vorba despre trei lucruri:<\/p>\n<ol>\n<li>Imediate\u021bea: Oamenii t\u00e2njesc dup\u0103 gratificare instantanee. Ideea de \"chat acum\" este irezistibil\u0103.<\/li>\n<li>Curiozitatea social\u0103: Suntem conecta\u021bi pentru a ne bucura de noutate \u0219i imprevizibilitate. \u00cent\u00e2lnirea online cu necunoscu\u021bi satisface aceast\u0103 nevoie.<\/li>\n<li>Accesibilitate: Ad\u0103ugarea \"gratuit\" \u00eel face accesibil tuturor. Nimeni nu vrea s\u0103 pl\u0103teasc\u0103 doar pentru a saluta.<\/li>\n<\/ol>\n<p>Acest lucru explic\u0103 de ce Free Chat Now r\u0103m\u00e2ne un cuv\u00e2nt cheie at\u00e2t de c\u0103utat \u00een \u00eentreaga lume.<\/p>\n<h2>Sfaturi de siguran\u021b\u0103 pentru Free Chat Now<\/h2>\n<p>De\u0219i chat-ul online este distractiv, siguran\u021ba trebuie s\u0103 fie \u00eentotdeauna pe primul loc. Iat\u0103 regulile pe care trebuie s\u0103 le urma\u021bi:<\/p>\n<ul>\n<li>Nu \u00eemp\u0103rt\u0103\u0219i\u021bi informa\u021bii personale (telefon, e-mail, adres\u0103).<\/li>\n<li>Evita\u021bi linkurile suspecte \u00een timpul conversa\u021biilor.<\/li>\n<li>Utiliza\u021bi Skip\/Block pentru situa\u021bii nepl\u0103cute.<\/li>\n<li>Verifica\u021bi fundalul \u00eenainte de a porni camera.<\/li>\n<li>Folosi\u021bi porecle, nu nume reale.<\/li>\n<li>Respecta\u021bi regulile de v\u00e2rst\u0103 - nu intra\u021bi \u00een camerele pentru adul\u021bi dac\u0103 ave\u021bi sub 18 ani.<\/li>\n<\/ul>\n<h2>Cum s\u0103 \u00eencepe\u021bi - pas cu pas<\/h2>\n<p>Dureaz\u0103 doar un minut pentru a \u00eencepe o sesiune Free Chat Now:<\/p>\n<ol>\n<li>Deschide\u021bi StrangerCam pe browser sau pe telefon.<\/li>\n<li>Selecta\u021bi modul de chat (text sau video).<\/li>\n<li>Permite\u021bi permisiuni pentru camer\u0103\/microfon (dac\u0103 este video).<\/li>\n<li>Face\u021bi clic pe Start Chat pentru a fi g\u0103sit instantaneu.<\/li>\n<li>Bucura\u021bi-v\u0103 de conversa\u021bii - sau ap\u0103sa\u021bi pe Next pentru a cunoa\u0219te pe cineva nou.<\/li>\n<\/ol>\n<p>Asta este - rapid, gratuit \u0219i anonim.<\/p>\n<p>\u00cen 2025, Free Chat Now este mai popular ca niciodat\u0103. Oamenii nu doresc \u00eenscrieri lungi, profiluri false sau ziduri de plat\u0103 - ei doresc conversa\u021bii instantanee, reale cu str\u0103ini din \u00eentreaga lume.<\/p>\n<p>Platforme precum StrangerCam ofer\u0103 exact asta: chat-uri gratuite, sigure \u0219i spontane cu oameni reali 24\/7. Fie c\u0103 sunte\u021bi \u00een c\u0103utarea de prieteni, distrac\u021bie ocazional\u0103 sau schimburi culturale, Free Chat Now v\u0103 ofer\u0103 senza\u021bia conexiunii instantanee.<\/p>\n<p>E\u0219ti gata s\u0103 \u00eencerci? \u00cencepe\u021bi un chat gratuit ast\u0103zi \u0219i descoperi\u021bi pe cine ve\u021bi \u00eent\u00e2lni \u00een continuare.<\/p>","protected":false},"excerpt":{"rendered":"<p>Are you searching for Free Chat Now? You\u2019re not alone. Millions of people every month type those exact words into Google, hoping to find a simple, fast, and free way to connect with new people online. The idea is clear: no long signups, no downloads, no hidden costs\u2014just the ability to start chatting instantly with [&hellip;]<\/p>\n","protected":false},"author":8,"featured_media":0,"parent":0,"menu_order":0,"comment_status":"closed","ping_status":"closed","template":"","meta":{"footnotes":""},"class_list":["post-5006","page","type-page","status-publish","hentry"],"yoast_head":"<!-- This site is optimized with the Yoast SEO plugin v27.4 - https:\/\/yoast.com\/product\/yoast-seo-wordpress\/ -->\n<title>Free Chat Now with Video Chat on Strangercam.com<\/title>\n<meta name=\"description\" content=\"Liking Free Chat Now? Join millions on StrangerCam.com! Start a random video chat, turn on your cam, and meet strangers instantly.\" \/>\n<meta name=\"robots\" content=\"index, follow, max-snippet:-1, max-image-preview:large, max-video-preview:-1\" \/>\n<link rel=\"canonical\" href=\"https:\/\/strangercam.com\/ro\/chat-gratuit-acum\/\" \/>\n<meta property=\"og:locale\" content=\"ro_RO\" \/>\n<meta property=\"og:type\" content=\"article\" \/>\n<meta property=\"og:title\" content=\"Free Chat Now with Video Chat on Strangercam.com\" \/>\n<meta property=\"og:description\" content=\"Liking Free Chat Now? Join millions on StrangerCam.com! Start a random video chat, turn on your cam, and meet strangers instantly.\" \/>\n<meta property=\"og:url\" content=\"https:\/\/strangercam.com\/ro\/chat-gratuit-acum\/\" \/>\n<meta property=\"og:site_name\" content=\"Strangercam\" \/>\n<meta property=\"article:publisher\" content=\"https:\/\/www.facebook.com\/strangercam\" \/>\n<meta property=\"article:modified_time\" content=\"2025-09-29T10:01:40+00:00\" \/>\n<meta property=\"og:image\" content=\"https:\/\/strangercam.com\/wp-content\/uploads\/2021\/10\/Untitled-2.png\" \/>\n\t<meta property=\"og:image:width\" content=\"800\" \/>\n\t<meta property=\"og:image:height\" content=\"532\" \/>\n\t<meta property=\"og:image:type\" content=\"image\/png\" \/>\n<meta name=\"twitter:card\" content=\"summary_large_image\" \/>\n<meta name=\"twitter:site\" content=\"@strangercamapp\" \/>\n<meta name=\"twitter:label1\" content=\"Timp estimat pentru citire\" \/>\n\t<meta name=\"twitter:data1\" content=\"5 minute\" \/>\n<script type=\"application\/ld+json\" class=\"yoast-schema-graph\">{\"@context\":\"https:\\\/\\\/schema.org\",\"@graph\":[{\"@type\":\"WebPage\",\"@id\":\"https:\\\/\\\/strangercam.com\\\/free-chat-now\\\/\",\"url\":\"https:\\\/\\\/strangercam.com\\\/free-chat-now\\\/\",\"name\":\"Free Chat Now with Video Chat on Strangercam.com\",\"isPartOf\":{\"@id\":\"https:\\\/\\\/strangercam.com\\\/#website\"},\"datePublished\":\"2025-09-29T08:59:56+00:00\",\"dateModified\":\"2025-09-29T10:01:40+00:00\",\"description\":\"Liking Free Chat Now? Join millions on StrangerCam.com! Start a random video chat, turn on your cam, and meet strangers instantly.\",\"breadcrumb\":{\"@id\":\"https:\\\/\\\/strangercam.com\\\/free-chat-now\\\/#breadcrumb\"},\"inLanguage\":\"ro-RO\",\"potentialAction\":[{\"@type\":\"ReadAction\",\"target\":[\"https:\\\/\\\/strangercam.com\\\/free-chat-now\\\/\"]}]},{\"@type\":\"BreadcrumbList\",\"@id\":\"https:\\\/\\\/strangercam.com\\\/free-chat-now\\\/#breadcrumb\",\"itemListElement\":[{\"@type\":\"ListItem\",\"position\":1,\"name\":\"Home\",\"item\":\"https:\\\/\\\/strangercam.com\\\/\"},{\"@type\":\"ListItem\",\"position\":2,\"name\":\"Free Chat Now\"}]},{\"@type\":\"WebSite\",\"@id\":\"https:\\\/\\\/strangercam.com\\\/#website\",\"url\":\"https:\\\/\\\/strangercam.com\\\/\",\"name\":\"Strangercam\",\"description\":\"Random Video Chat with Strangers\",\"publisher\":{\"@id\":\"https:\\\/\\\/strangercam.com\\\/#organization\"},\"alternateName\":\"Strangercam.com\",\"potentialAction\":[{\"@type\":\"SearchAction\",\"target\":{\"@type\":\"EntryPoint\",\"urlTemplate\":\"https:\\\/\\\/strangercam.com\\\/?s={search_term_string}\"},\"query-input\":{\"@type\":\"PropertyValueSpecification\",\"valueRequired\":true,\"valueName\":\"search_term_string\"}}],\"inLanguage\":\"ro-RO\"},{\"@type\":\"Organization\",\"@id\":\"https:\\\/\\\/strangercam.com\\\/#organization\",\"name\":\"Strangercam\",\"alternateName\":\"Strangercam.com\",\"url\":\"https:\\\/\\\/strangercam.com\\\/\",\"logo\":{\"@type\":\"ImageObject\",\"inLanguage\":\"ro-RO\",\"@id\":\"https:\\\/\\\/strangercam.com\\\/#\\\/schema\\\/logo\\\/image\\\/\",\"url\":\"https:\\\/\\\/strangercam.com\\\/wp-content\\\/uploads\\\/2020\\\/11\\\/cropped-new-favicon-black.png\",\"contentUrl\":\"https:\\\/\\\/strangercam.com\\\/wp-content\\\/uploads\\\/2020\\\/11\\\/cropped-new-favicon-black.png\",\"width\":512,\"height\":512,\"caption\":\"Strangercam\"},\"image\":{\"@id\":\"https:\\\/\\\/strangercam.com\\\/#\\\/schema\\\/logo\\\/image\\\/\"},\"sameAs\":[\"https:\\\/\\\/www.facebook.com\\\/strangercam\",\"https:\\\/\\\/x.com\\\/strangercamapp\"]}]}<\/script>\n<!-- \/ Yoast SEO plugin. -->","yoast_head_json":{"title":"Chat gratuit acum cu Video Chat pe Strangercam.com","description":"\u00ce\u021bi place Free Chat acum? Join milioane pe StrangerCam.com! \u00cencepe un chat video aleatoriu, porne\u0219te-\u021bi camera \u0219i \u00eent\u00e2lne\u0219te str\u0103ini instantaneu.","robots":{"index":"index","follow":"follow","max-snippet":"max-snippet:-1","max-image-preview":"max-image-preview:large","max-video-preview":"max-video-preview:-1"},"canonical":"https:\/\/strangercam.com\/ro\/chat-gratuit-acum\/","og_locale":"ro_RO","og_type":"article","og_title":"Free Chat Now with Video Chat on Strangercam.com","og_description":"Liking Free Chat Now? Join millions on StrangerCam.com! Start a random video chat, turn on your cam, and meet strangers instantly.","og_url":"https:\/\/strangercam.com\/ro\/chat-gratuit-acum\/","og_site_name":"Strangercam","article_publisher":"https:\/\/www.facebook.com\/strangercam","article_modified_time":"2025-09-29T10:01:40+00:00","og_image":[{"width":800,"height":532,"url":"https:\/\/strangercam.com\/wp-content\/uploads\/2021\/10\/Untitled-2.png","type":"image\/png"}],"twitter_card":"summary_large_image","twitter_site":"@strangercamapp","twitter_misc":{"Timp estimat pentru citire":"5 minute"},"schema":{"@context":"https:\/\/schema.org","@graph":[{"@type":"WebPage","@id":"https:\/\/strangercam.com\/free-chat-now\/","url":"https:\/\/strangercam.com\/free-chat-now\/","name":"Chat gratuit acum cu Video Chat pe Strangercam.com","isPartOf":{"@id":"https:\/\/strangercam.com\/#website"},"datePublished":"2025-09-29T08:59:56+00:00","dateModified":"2025-09-29T10:01:40+00:00","description":"\u00ce\u021bi place Free Chat acum? Join milioane pe StrangerCam.com! \u00cencepe un chat video aleatoriu, porne\u0219te-\u021bi camera \u0219i \u00eent\u00e2lne\u0219te str\u0103ini instantaneu.","breadcrumb":{"@id":"https:\/\/strangercam.com\/free-chat-now\/#breadcrumb"},"inLanguage":"ro-RO","potentialAction":[{"@type":"ReadAction","target":["https:\/\/strangercam.com\/free-chat-now\/"]}]},{"@type":"BreadcrumbList","@id":"https:\/\/strangercam.com\/free-chat-now\/#breadcrumb","itemListElement":[{"@type":"ListItem","position":1,"name":"Home","item":"https:\/\/strangercam.com\/"},{"@type":"ListItem","position":2,"name":"Free Chat Now"}]},{"@type":"WebSite","@id":"https:\/\/strangercam.com\/#website","url":"https:\/\/strangercam.com\/","name":"Strangercam","description":"Chat video aleatoriu cu str\u0103ini","publisher":{"@id":"https:\/\/strangercam.com\/#organization"},"alternateName":"Strangercam.com","potentialAction":[{"@type":"SearchAction","target":{"@type":"EntryPoint","urlTemplate":"https:\/\/strangercam.com\/?s={search_term_string}"},"query-input":{"@type":"PropertyValueSpecification","valueRequired":true,"valueName":"search_term_string"}}],"inLanguage":"ro-RO"},{"@type":"Organization","@id":"https:\/\/strangercam.com\/#organization","name":"Strangercam","alternateName":"Strangercam.com","url":"https:\/\/strangercam.com\/","logo":{"@type":"ImageObject","inLanguage":"ro-RO","@id":"https:\/\/strangercam.com\/#\/schema\/logo\/image\/","url":"https:\/\/strangercam.com\/wp-content\/uploads\/2020\/11\/cropped-new-favicon-black.png","contentUrl":"https:\/\/strangercam.com\/wp-content\/uploads\/2020\/11\/cropped-new-favicon-black.png","width":512,"height":512,"caption":"Strangercam"},"image":{"@id":"https:\/\/strangercam.com\/#\/schema\/logo\/image\/"},"sameAs":["https:\/\/www.facebook.com\/strangercam","https:\/\/x.com\/strangercamapp"]}]}},"_links":{"self":[{"href":"https:\/\/strangercam.com\/ro\/wp-json\/wp\/v2\/pages\/5006","targetHints":{"allow":["GET"]}}],"collection":[{"href":"https:\/\/strangercam.com\/ro\/wp-json\/wp\/v2\/pages"}],"about":[{"href":"https:\/\/strangercam.com\/ro\/wp-json\/wp\/v2\/types\/page"}],"author":[{"embeddable":true,"href":"https:\/\/strangercam.com\/ro\/wp-json\/wp\/v2\/users\/8"}],"replies":[{"embeddable":true,"href":"https:\/\/strangercam.com\/ro\/wp-json\/wp\/v2\/comments?post=5006"}],"version-history":[{"count":1,"href":"https:\/\/strangercam.com\/ro\/wp-json\/wp\/v2\/pages\/5006\/revisions"}],"predecessor-version":[{"id":13045,"href":"https:\/\/strangercam.com\/ro\/wp-json\/wp\/v2\/pages\/5006\/revisions\/13045"}],"wp:attachment":[{"href":"https:\/\/strangercam.com\/ro\/wp-json\/wp\/v2\/media?parent=5006"}],"curies":[{"name":"wp","href":"https:\/\/api.w.org\/{rel}","templated":true}]}}