{"id":4988,"date":"2025-09-23T11:42:02","date_gmt":"2025-09-23T09:42:02","guid":{"rendered":"https:\/\/strangercam.com\/?page_id=4988"},"modified":"2025-09-23T12:44:52","modified_gmt":"2025-09-23T10:44:52","slug":"badoo-free-chat-and-dating-app-pof","status":"publish","type":"page","link":"https:\/\/strangercam.com\/ro\/badoo-free-chat-and-dating-app-pof\/","title":{"rendered":"Badoo Chat gratuit \u0219i Dating App Pof"},"content":{"rendered":"<p>Dac\u0103 sunte\u021bi \u00een c\u0103utarea pentru Badoo gratuit <a href=\"https:\/\/strangercam.com\/ro\/chatroulette\/\">chat<\/a> \u0219i aplica\u021bii de dating sau POF (Plenty of Fish), probabil c\u0103 sunte\u021bi \u00een c\u0103utarea unei modalit\u0103\u021bi fiabile de a <a href=\"https:\/\/strangercam.com\/ro\/coomeet\/\">\u00eent\u00e2lnire<\/a> oameni noi online. Ambele platforme sunt extrem de populare \u00een lumea \u00eent\u00e2lnirilor, dar ofer\u0103 experien\u021be foarte diferite.<\/p>\n<p>Badoo este adesea v\u0103zut\u0103 ca o aplica\u021bie global\u0103 de descoperire social\u0103 - un loc pentru a cunoa\u0219te oameni noi, a discuta gratuit \u0219i chiar a explora prieteniile, precum \u0219i \u00eent\u00e2lnirile. POF (Plenty of Fish), pe de alt\u0103 parte, este una dintre cele mai vechi platforme de \u00eent\u00e2lniri, cunoscut\u0103 pentru profilurile sale extinse \u0219i abordarea axat\u0103 pe compatibilitate.<\/p>\n<p>\u00cen acest ghid, vom analiza ambele aplica\u021bii, le vom compara caracteristicile, vom eviden\u021bia avantajele \u0219i dezavantajele \u0219i vom prezenta \u0219i o a treia op\u021biune: <a href=\"https:\/\/strangercam.com\/ro\/chathub\/\">chat video aleatoriu<\/a> platforme precum StrangerCam, care combin\u0103 ce este mai bun din ambele lumi - chat gratuit \u0219i descoperire spontan\u0103.<\/p>\n<h2>Ce este Badoo Free Chat and Dating App?<\/h2>\n<p>Lansat\u0103 \u00een 2006, Badoo este una dintre cele mai mari platforme de descoperire social\u0103 din lume. Spre deosebire de aplica\u021biile tradi\u021bionale de dating care se concentreaz\u0103 doar pe romantism, Badoo permite oamenilor s\u0103:<\/p>\n<ul>\n<li>Discuta\u021bi liber cu oameni noi.<\/li>\n<li>Explora\u021bi prieteniile, chat-urile ocazionale sau \u00eent\u00e2lnirile.<\/li>\n<li>Utiliza\u021bi potrivirea bazat\u0103 pe loca\u021bie pentru a vedea persoanele din apropiere.<\/li>\n<li>Verifica\u021bi profilurile pentru a reduce falsurile \u0219i catfishing-ul.<\/li>\n<\/ul>\n<p>Cea mai mare atrac\u021bie a sa este func\u021bia de chat gratuit - spre deosebire de aplica\u021biile care restric\u021bioneaz\u0103 foarte mult mesageria, Badoo faciliteaz\u0103 \u00eenceperea conversa\u021biilor f\u0103r\u0103 a glisa la nesf\u00e2r\u0219it.<\/p>\n<h2>Ce este POF (Plenty of Fish)?<\/h2>\n<p>Plenty of Fish (POF), fondat \u00een 2003, este un veteran \u00een lumea \u00eent\u00e2lnirilor online. Este una dintre cele mai utilizate platforme de \u00eent\u00e2lniri, \u00een special \u00een America de Nord.<\/p>\n<p>POF se concentreaz\u0103 pe:<\/p>\n<ul>\n<li>Profiluri detaliate: Utilizatorii completeaz\u0103 chestionare \u0219i teste de personalitate.<\/li>\n<li>Potrivirea compatibilit\u0103\u021bii: Conceput\u0103 pentru a asocia persoane cu \u0219anse mai mari de succes pe termen lung.<\/li>\n<li>Baz\u0103 mare de utilizatori: Zeci de milioane de membri \u00een \u00eentreaga lume.<\/li>\n<li>Caracteristici tradi\u021bionale pentru \u00eent\u00e2lniri: Mesaje, \u00eent\u00e2lniri cu mine \u0219i \u00eent\u00e2lniri orientate spre rela\u021bii.<\/li>\n<\/ul>\n<p>De\u0219i POF permite chat-ul gratuit, structura sa tinde spre \u00eent\u00e2lniri serioase, \u00een compara\u021bie cu abordarea casual\u0103 a Badoo.<\/p>\n<h2>Principalele diferen\u021be \u00eentre Badoo \u0219i POF<\/h2>\n<table>\n<thead>\n<tr>\n<th>Caracteristic\u0103<\/th>\n<th>Badoo Chat gratuit \u0219i Dating App<\/th>\n<th>POF (Plenty of Fish)<\/th>\n<\/tr>\n<\/thead>\n<tbody>\n<tr>\n<td>Scop primar<\/td>\n<td>Descoperire social\u0103 + \u00eent\u00e2lniri<\/td>\n<td>\u00cent\u00e2lniri tradi\u021bionale<\/td>\n<\/tr>\n<tr>\n<td>Chat<\/td>\n<td>Gratuit, instant, ocazional<\/td>\n<td>Gratuit, dar structurat<\/td>\n<\/tr>\n<tr>\n<td>Profiluri<\/td>\n<td>Scurt, casual, distractiv<\/td>\n<td>Detaliat, axat pe personalitate<\/td>\n<\/tr>\n<tr>\n<td>Verificare<\/td>\n<td>Verificare foto disponibil\u0103<\/td>\n<td>Standard, mai pu\u021bin strict<\/td>\n<\/tr>\n<tr>\n<td>Baza de utilizatori<\/td>\n<td>Audien\u021b\u0103 global\u0103, mai t\u00e2n\u0103r\u0103<\/td>\n<td>\u00cen principal SUA\/Canada, v\u00e2rste mixte<\/td>\n<\/tr>\n<tr>\n<td>Cel mai bun pentru<\/td>\n<td>Conversa\u021bii ocazionale, flirt, prietenie<\/td>\n<td>\u00cent\u00e2lniri serioase, rela\u021bii pe termen lung<\/td>\n<\/tr>\n<\/tbody>\n<\/table>\n<p>Pe scurt:<\/p>\n<ul>\n<li>Alege Badoo dac\u0103 vrei distrac\u021bie ocazional\u0103, chat-uri rapide \u0219i un amestec de prietenii \u0219i \u00eent\u00e2lniri.<\/li>\n<li>Alege POF dac\u0103 te concentrezi mai mult pe rela\u021bii \u0219i vrei s\u0103 intri \u00een profile detaliate.<\/li>\n<\/ul>\n<h2>Dezavantajele lui Badoo \u0219i POF<\/h2>\n<p>De\u0219i ambele aplica\u021bii sunt populare, ele nu sunt perfecte:<\/p>\n<ul>\n<li>Badoo Dezavantaje:\n<ul>\n<li>Se poate sim\u021bi aglomerat cu reclame dac\u0103 nu face\u021bi upgrade.<\/li>\n<li>Mul\u021bi utilizatori caut\u0103 doar interac\u021biuni ocazionale.<\/li>\n<li>Risc de conturi false \u00een ciuda verific\u0103rii.<\/li>\n<\/ul>\n<\/li>\n<li>POF Dezavantaje:\n<ul>\n<li>Procesul detaliat de \u00eenscriere necesit\u0103 timp.<\/li>\n<li>Mai concentrat pe \u00eent\u00e2lniri serioase, mai pu\u021bin pe distrac\u021bie ocazional\u0103.<\/li>\n<li>Interfa\u021ba pare \u00eenvechit\u0103 \u00een compara\u021bie cu aplica\u021biile moderne.<\/li>\n<\/ul>\n<\/li>\n<\/ul>\n<h2>O a treia op\u021biune: Chat video aleatoriu<\/h2>\n<p>Dac\u0103 sunte\u021bi \u00een c\u0103utarea a ceva mai rapid, mai spontan \u0219i gratuit, merit\u0103 s\u0103 \u00eencerca\u021bi platformele de chat video aleatorii precum StrangerCam. Spre deosebire de Badoo sau POF, nu trebuie s\u0103 completa\u021bi formulare lungi sau s\u0103 a\u0219tepta\u021bi potrivirile - face\u021bi clic pe un buton \u0219i sunte\u021bi instantaneu conectat fa\u021b\u0103 \u00een fa\u021b\u0103 cu cineva nou.<\/p>\n<p>Iat\u0103 de ce mul\u021bi oameni care caut\u0103 Badoo free chat sau POF free dating se bucur\u0103 \u0219i de chat aleatoriu:<\/p>\n<ul>\n<li>Gratificare instantanee: F\u0103r\u0103 a\u0219teptare, doar conversa\u021bii video instantanee.<\/li>\n<li>Acces gratuit: Nu exist\u0103 ziduri de plat\u0103 pentru chat-ul de baz\u0103.<\/li>\n<li>Autenticitate: Chat-ul video v\u0103 asigur\u0103 c\u0103 vorbi\u021bi cu persoane reale, nu cu robo\u021bi.<\/li>\n<li>Casual sau cochet: Perfect pentru distrac\u021bie u\u0219oar\u0103, f\u0103r\u0103 presiunea aplica\u021biilor formale de dating.<\/li>\n<li>Nu este necesar\u0103 \u00eenscrierea: Anonimitate total\u0103, dac\u0103 o dori\u021bi.<\/li>\n<\/ul>\n<h2>De ce StrangerCam iese \u00een eviden\u021b\u0103<\/h2>\n<p>StrangerCam este una dintre cele mai importante platforme pentru chat video aleatoriu gratuit, oferind:<\/p>\n<ul>\n<li>Conversa\u021bii gratuite \u0219i nelimitate.<\/li>\n<li>Filtre de gen (alege\u021bi s\u0103 discuta\u021bi cu <a href=\"https:\/\/strangercam.com\/ro\/video-chat-with-girls\/\">fete<\/a> sau b\u0103ie\u021bi).<\/li>\n<li>Nu este necesar\u0103 \u00eenregistrarea.<\/li>\n<li>Instrumente de moderare sigur\u0103.<\/li>\n<li>Compatibilitate mobil\u0103 \u0219i desktop.<\/li>\n<li>O baz\u0103 global\u0103 de utilizatori.<\/li>\n<\/ul>\n<p>Pentru oricine se \u00eentreab\u0103 \"Unde pot g\u0103si chat gratuit ca Badoo?\" sau \"Exist\u0103 o alternativ\u0103 ocazional\u0103 la POF?\", StrangerCam este r\u0103spunsul - combin\u0103 emo\u021bia chat-ului gratuit de la Badoo cu autenticitatea conexiunilor reale de la POF.<\/p>\n<h2>Testimoniale reale ale utilizatorilor<\/h2>\n<blockquote><p><em>\"Mi-a pl\u0103cut Badoo pentru chat-uri ocazionale, dar nu am primit \u00eentotdeauna r\u0103spunsuri rapide. StrangerCam a rezolvat aceast\u0103 problem\u0103 - este instant.\"<\/em><br \/>\n- Jake, 28 de ani<\/p><\/blockquote>\n<blockquote><p><em>\"POF mi s-a p\u0103rut prea serios pentru mine. StrangerCam este distractiv \u0219i gratuit, iar eu pot trece oric\u00e2nd la urm\u0103toarea persoan\u0103.\"<\/em><br \/>\n- Sophia, 23 de ani<\/p><\/blockquote>\n<blockquote><p><em>\"Chat-ul video aleatoriu este un echilibru excelent - uneori \u00eent\u00e2lne\u0219ti oameni pentru a flirta, alteori doar pentru a r\u00e2de.\"<\/em><br \/>\n- Ryan, 30 de ani<\/p><\/blockquote>\n<h2>Sfaturi de siguran\u021b\u0103 pentru chat-ul online<\/h2>\n<p>Fie c\u0103 sunte\u021bi pe Badoo, POF sau StrangerCam, fi\u021bi \u00eentotdeauna \u00een siguran\u021b\u0103:<\/p>\n<ul>\n<li>Nu \u00eemp\u0103rt\u0103\u0219i\u021bi niciodat\u0103 detalii personale (adres\u0103, telefon, locul de munc\u0103).<\/li>\n<li>Nu trimite\u021bi bani str\u0103inilor.<\/li>\n<li>Fi\u021bi precau\u021bi \u00een ceea ce prive\u0219te partajarea profilurilor din re\u021belele sociale.<\/li>\n<li>Utiliza\u021bi instrumentele de raportare dac\u0103 cineva v\u0103 face s\u0103 v\u0103 sim\u021bi\u021bi inconfortabil.<\/li>\n<li>Verifica\u021bi fundalul camerei dvs. web \u00eenainte de a intra \u00een direct.<\/li>\n<\/ul>\n<p>Dac\u0103 sunte\u021bi \u00een c\u0103utarea pentru Badoo chat gratuit \u0219i dating app sau POF (Plenty of Fish), sunte\u021bi explorarea dou\u0103 dintre cele mai cunoscute platforme de dating din lume.<\/p>\n<ul>\n<li>Badoo este grozav pentru discu\u021bii ocazionale, cunoa\u0219terea persoanelor din apropiere \u0219i descoperirea social\u0103.<\/li>\n<li>POF este ideal pentru persoanele serioase care doresc profiluri detaliate \u0219i conexiuni pe termen lung.<\/li>\n<li>StrangerCam este perfect dac\u0103 dori\u021bi chat-uri video aleatorii instantanee, fa\u021b\u0103 \u00een fa\u021b\u0103, f\u0103r\u0103 \u00eenscrieri, taxe sau a\u0219teptare.<\/li>\n<\/ul>\n<p>E\u0219ti gata s\u0103 te conectezi instantaneu? \u00cencearc\u0103 ast\u0103zi chat-ul video aleatoriu gratuit \u0219i descoper\u0103 pe cine vei \u00eent\u00e2lni \u00een continuare.<\/p>","protected":false},"excerpt":{"rendered":"<p>If you\u2019re searching for Badoo free chat and dating app or POF (Plenty of Fish), you\u2019re probably looking for a reliable way to meet new people online. Both platforms are hugely popular in the dating world, but they offer very different experiences. Badoo is often seen as a global social discovery app\u2014a place to meet [&hellip;]<\/p>\n","protected":false},"author":8,"featured_media":0,"parent":0,"menu_order":0,"comment_status":"closed","ping_status":"closed","template":"","meta":{"footnotes":""},"class_list":["post-4988","page","type-page","status-publish","hentry"],"yoast_head":"<!-- This site is optimized with the Yoast SEO plugin v27.4 - https:\/\/yoast.com\/product\/yoast-seo-wordpress\/ -->\n<title>Badoo Free Chat And Dating App Pof on Strangercam.com<\/title>\n<meta name=\"description\" content=\"Liking Badoo Free Chat And Dating App Pof? Join millions on StrangerCam.com! Start a random video chat, turn on your cam, and meet strangers instantly.\" \/>\n<meta name=\"robots\" content=\"index, follow, max-snippet:-1, max-image-preview:large, max-video-preview:-1\" \/>\n<link rel=\"canonical\" href=\"https:\/\/strangercam.com\/ro\/badoo-free-chat-and-dating-app-pof\/\" \/>\n<meta property=\"og:locale\" content=\"ro_RO\" \/>\n<meta property=\"og:type\" content=\"article\" \/>\n<meta property=\"og:title\" content=\"Badoo Free Chat And Dating App Pof on Strangercam.com\" \/>\n<meta property=\"og:description\" content=\"Liking Badoo Free Chat And Dating App Pof? Join millions on StrangerCam.com! Start a random video chat, turn on your cam, and meet strangers instantly.\" \/>\n<meta property=\"og:url\" content=\"https:\/\/strangercam.com\/ro\/badoo-free-chat-and-dating-app-pof\/\" \/>\n<meta property=\"og:site_name\" content=\"Strangercam\" \/>\n<meta property=\"article:publisher\" content=\"https:\/\/www.facebook.com\/strangercam\" \/>\n<meta property=\"article:modified_time\" content=\"2025-09-23T10:44:52+00:00\" \/>\n<meta property=\"og:image\" content=\"https:\/\/strangercam.com\/wp-content\/uploads\/2021\/10\/Untitled-2.png\" \/>\n\t<meta property=\"og:image:width\" content=\"800\" \/>\n\t<meta property=\"og:image:height\" content=\"532\" \/>\n\t<meta property=\"og:image:type\" content=\"image\/png\" \/>\n<meta name=\"twitter:card\" content=\"summary_large_image\" \/>\n<meta name=\"twitter:site\" content=\"@strangercamapp\" \/>\n<meta name=\"twitter:label1\" content=\"Timp estimat pentru citire\" \/>\n\t<meta name=\"twitter:data1\" content=\"4 minute\" \/>\n<script type=\"application\/ld+json\" class=\"yoast-schema-graph\">{\"@context\":\"https:\\\/\\\/schema.org\",\"@graph\":[{\"@type\":\"WebPage\",\"@id\":\"https:\\\/\\\/strangercam.com\\\/badoo-free-chat-and-dating-app-pof\\\/\",\"url\":\"https:\\\/\\\/strangercam.com\\\/badoo-free-chat-and-dating-app-pof\\\/\",\"name\":\"Badoo Free Chat And Dating App Pof on Strangercam.com\",\"isPartOf\":{\"@id\":\"https:\\\/\\\/strangercam.com\\\/#website\"},\"datePublished\":\"2025-09-23T09:42:02+00:00\",\"dateModified\":\"2025-09-23T10:44:52+00:00\",\"description\":\"Liking Badoo Free Chat And Dating App Pof? Join millions on StrangerCam.com! Start a random video chat, turn on your cam, and meet strangers instantly.\",\"breadcrumb\":{\"@id\":\"https:\\\/\\\/strangercam.com\\\/badoo-free-chat-and-dating-app-pof\\\/#breadcrumb\"},\"inLanguage\":\"ro-RO\",\"potentialAction\":[{\"@type\":\"ReadAction\",\"target\":[\"https:\\\/\\\/strangercam.com\\\/badoo-free-chat-and-dating-app-pof\\\/\"]}]},{\"@type\":\"BreadcrumbList\",\"@id\":\"https:\\\/\\\/strangercam.com\\\/badoo-free-chat-and-dating-app-pof\\\/#breadcrumb\",\"itemListElement\":[{\"@type\":\"ListItem\",\"position\":1,\"name\":\"Home\",\"item\":\"https:\\\/\\\/strangercam.com\\\/\"},{\"@type\":\"ListItem\",\"position\":2,\"name\":\"Badoo Free Chat And Dating App Pof\"}]},{\"@type\":\"WebSite\",\"@id\":\"https:\\\/\\\/strangercam.com\\\/#website\",\"url\":\"https:\\\/\\\/strangercam.com\\\/\",\"name\":\"Strangercam\",\"description\":\"Random Video Chat with Strangers\",\"publisher\":{\"@id\":\"https:\\\/\\\/strangercam.com\\\/#organization\"},\"alternateName\":\"Strangercam.com\",\"potentialAction\":[{\"@type\":\"SearchAction\",\"target\":{\"@type\":\"EntryPoint\",\"urlTemplate\":\"https:\\\/\\\/strangercam.com\\\/?s={search_term_string}\"},\"query-input\":{\"@type\":\"PropertyValueSpecification\",\"valueRequired\":true,\"valueName\":\"search_term_string\"}}],\"inLanguage\":\"ro-RO\"},{\"@type\":\"Organization\",\"@id\":\"https:\\\/\\\/strangercam.com\\\/#organization\",\"name\":\"Strangercam\",\"alternateName\":\"Strangercam.com\",\"url\":\"https:\\\/\\\/strangercam.com\\\/\",\"logo\":{\"@type\":\"ImageObject\",\"inLanguage\":\"ro-RO\",\"@id\":\"https:\\\/\\\/strangercam.com\\\/#\\\/schema\\\/logo\\\/image\\\/\",\"url\":\"https:\\\/\\\/strangercam.com\\\/wp-content\\\/uploads\\\/2020\\\/11\\\/cropped-new-favicon-black.png\",\"contentUrl\":\"https:\\\/\\\/strangercam.com\\\/wp-content\\\/uploads\\\/2020\\\/11\\\/cropped-new-favicon-black.png\",\"width\":512,\"height\":512,\"caption\":\"Strangercam\"},\"image\":{\"@id\":\"https:\\\/\\\/strangercam.com\\\/#\\\/schema\\\/logo\\\/image\\\/\"},\"sameAs\":[\"https:\\\/\\\/www.facebook.com\\\/strangercam\",\"https:\\\/\\\/x.com\\\/strangercamapp\"]}]}<\/script>\n<!-- \/ Yoast SEO plugin. -->","yoast_head_json":{"title":"Badoo Chat gratuit \u0219i Dating App Pof pe Strangercam.com","description":"\u00ce\u021bi place Badoo Free Chat And Dating App Pof? Join milioane pe StrangerCam.com! \u00cencepe un chat video aleatoriu, porne\u0219te-\u021bi camera \u0219i \u00eent\u00e2lne\u0219te str\u0103ini instantaneu.","robots":{"index":"index","follow":"follow","max-snippet":"max-snippet:-1","max-image-preview":"max-image-preview:large","max-video-preview":"max-video-preview:-1"},"canonical":"https:\/\/strangercam.com\/ro\/badoo-free-chat-and-dating-app-pof\/","og_locale":"ro_RO","og_type":"article","og_title":"Badoo Free Chat And Dating App Pof on Strangercam.com","og_description":"Liking Badoo Free Chat And Dating App Pof? Join millions on StrangerCam.com! Start a random video chat, turn on your cam, and meet strangers instantly.","og_url":"https:\/\/strangercam.com\/ro\/badoo-free-chat-and-dating-app-pof\/","og_site_name":"Strangercam","article_publisher":"https:\/\/www.facebook.com\/strangercam","article_modified_time":"2025-09-23T10:44:52+00:00","og_image":[{"width":800,"height":532,"url":"https:\/\/strangercam.com\/wp-content\/uploads\/2021\/10\/Untitled-2.png","type":"image\/png"}],"twitter_card":"summary_large_image","twitter_site":"@strangercamapp","twitter_misc":{"Timp estimat pentru citire":"4 minute"},"schema":{"@context":"https:\/\/schema.org","@graph":[{"@type":"WebPage","@id":"https:\/\/strangercam.com\/badoo-free-chat-and-dating-app-pof\/","url":"https:\/\/strangercam.com\/badoo-free-chat-and-dating-app-pof\/","name":"Badoo Chat gratuit \u0219i Dating App Pof pe Strangercam.com","isPartOf":{"@id":"https:\/\/strangercam.com\/#website"},"datePublished":"2025-09-23T09:42:02+00:00","dateModified":"2025-09-23T10:44:52+00:00","description":"\u00ce\u021bi place Badoo Free Chat And Dating App Pof? Join milioane pe StrangerCam.com! \u00cencepe un chat video aleatoriu, porne\u0219te-\u021bi camera \u0219i \u00eent\u00e2lne\u0219te str\u0103ini instantaneu.","breadcrumb":{"@id":"https:\/\/strangercam.com\/badoo-free-chat-and-dating-app-pof\/#breadcrumb"},"inLanguage":"ro-RO","potentialAction":[{"@type":"ReadAction","target":["https:\/\/strangercam.com\/badoo-free-chat-and-dating-app-pof\/"]}]},{"@type":"BreadcrumbList","@id":"https:\/\/strangercam.com\/badoo-free-chat-and-dating-app-pof\/#breadcrumb","itemListElement":[{"@type":"ListItem","position":1,"name":"Home","item":"https:\/\/strangercam.com\/"},{"@type":"ListItem","position":2,"name":"Badoo Free Chat And Dating App Pof"}]},{"@type":"WebSite","@id":"https:\/\/strangercam.com\/#website","url":"https:\/\/strangercam.com\/","name":"Strangercam","description":"Chat video aleatoriu cu str\u0103ini","publisher":{"@id":"https:\/\/strangercam.com\/#organization"},"alternateName":"Strangercam.com","potentialAction":[{"@type":"SearchAction","target":{"@type":"EntryPoint","urlTemplate":"https:\/\/strangercam.com\/?s={search_term_string}"},"query-input":{"@type":"PropertyValueSpecification","valueRequired":true,"valueName":"search_term_string"}}],"inLanguage":"ro-RO"},{"@type":"Organization","@id":"https:\/\/strangercam.com\/#organization","name":"Strangercam","alternateName":"Strangercam.com","url":"https:\/\/strangercam.com\/","logo":{"@type":"ImageObject","inLanguage":"ro-RO","@id":"https:\/\/strangercam.com\/#\/schema\/logo\/image\/","url":"https:\/\/strangercam.com\/wp-content\/uploads\/2020\/11\/cropped-new-favicon-black.png","contentUrl":"https:\/\/strangercam.com\/wp-content\/uploads\/2020\/11\/cropped-new-favicon-black.png","width":512,"height":512,"caption":"Strangercam"},"image":{"@id":"https:\/\/strangercam.com\/#\/schema\/logo\/image\/"},"sameAs":["https:\/\/www.facebook.com\/strangercam","https:\/\/x.com\/strangercamapp"]}]}},"_links":{"self":[{"href":"https:\/\/strangercam.com\/ro\/wp-json\/wp\/v2\/pages\/4988","targetHints":{"allow":["GET"]}}],"collection":[{"href":"https:\/\/strangercam.com\/ro\/wp-json\/wp\/v2\/pages"}],"about":[{"href":"https:\/\/strangercam.com\/ro\/wp-json\/wp\/v2\/types\/page"}],"author":[{"embeddable":true,"href":"https:\/\/strangercam.com\/ro\/wp-json\/wp\/v2\/users\/8"}],"replies":[{"embeddable":true,"href":"https:\/\/strangercam.com\/ro\/wp-json\/wp\/v2\/comments?post=4988"}],"version-history":[{"count":2,"href":"https:\/\/strangercam.com\/ro\/wp-json\/wp\/v2\/pages\/4988\/revisions"}],"predecessor-version":[{"id":13043,"href":"https:\/\/strangercam.com\/ro\/wp-json\/wp\/v2\/pages\/4988\/revisions\/13043"}],"wp:attachment":[{"href":"https:\/\/strangercam.com\/ro\/wp-json\/wp\/v2\/media?parent=4988"}],"curies":[{"name":"wp","href":"https:\/\/api.w.org\/{rel}","templated":true}]}}