{"id":4970,"date":"2021-06-14T22:54:13","date_gmt":"2021-06-14T20:54:13","guid":{"rendered":"https:\/\/strangercam.com\/?page_id=4970"},"modified":"2023-09-12T15:18:55","modified_gmt":"2023-09-12T13:18:55","slug":"chat-gratuit-pentru-adulti","status":"publish","type":"page","link":"https:\/\/strangercam.com\/ro\/free-adult-chat\/","title":{"rendered":"Chat gratuit pentru adul\u021bi"},"content":{"rendered":"<p>Bine a\u021bi venit la Free Adult <a href=\"https:\/\/strangercam.com\/ro\/chatroulette\/\">Chat<\/a>. Join aplica\u021bia de chat video Free Adult Chat, facilit\u00e2nd chat-ul anonim cu str\u0103ini aleatori. Free Adult Chat ofer\u0103 func\u021bii de chat video, inclusiv m\u0103\u0219ti faciale, filtre de gen \u0219i \u021bar\u0103, chat privat \u0219i multe altele. Chat cu fete \u0219i b\u0103ie\u021bi aleatorii online, oriunde \u00een lume, instantaneu. G\u0103si\u021bi un nou prieten, <a href=\"https:\/\/strangercam.com\/ro\/coomeet\/\">\u00eent\u00e2lnire<\/a> urm\u0103toarea \u00eent\u00e2lnire, arat\u0103-\u021bi abilit\u0103\u021bile muzicale incredibile, discut\u0103 la \u00eent\u00e2mplare despre fotbal, ai Free Adult Chat, sau pur \u0219i simplu relaxeaz\u0103-te \u0219i discut\u0103 ultimul serial Netflix cu un str\u0103in. Este gratuit \u0219i u\u0219or s\u0103 Free Adult Chat \u0219i s\u0103 te distrezi. Nu \u0219tii niciodat\u0103 cine te-ar putea a\u0219tepta de cealalt\u0103 parte a camerei web!<\/p>\n<p>Chat-ul pentru adul\u021bi este cea mai satisf\u0103c\u0103toare expresie pentru mul\u021bi tineri \u0219i, \u00een general, printre colegii de toate v\u00e2rstele. Este at\u00e2t de fascinant \u0219i atr\u0103g\u0103tor \u00eenc\u00e2t toat\u0103 lumea vrea o bucat\u0103 din el. Tinerii sunt adesea \u00een c\u0103utarea unui site unul ca StrangerCam.com.<br \/>\nDac\u0103 dori\u021bi s\u0103 v\u0103 conecta\u021bi cu oameni noi \u00een mod anonim,\u00a0<a href=\"https:\/\/strangercam.com\/ro\/chathub\/\">chat video aleatoriu<\/a>\u00a0este cel mai bun \u0219i mai simplu mod de a o face, iar StrangerCam este chat-ul <a href=\"https:\/\/strangercam.com\/ro\/bazoocam\/\">came<\/a> care te va duce acolo. Am optimizat aplica\u021bia noastr\u0103 pentru a alege exact persoanele cu care dori\u021bi s\u0103 v\u0103 \u00eent\u00e2lni\u021bi - un mod nou \u0219i inovator de a v\u0103 conecta cu str\u0103inii.<\/p>\n<p>Deci, ce mai a\u0219tep\u021bi? Join Chat gratuit pentru adul\u021bi acum!<\/p>\n<h3>Ce este StrangerCam.com!<\/h3>\n<p>StrangerCam este o platform\u0103 online de chat pentru adul\u021bi. Aceasta \u00eenseamn\u0103 c\u0103 persoanele adulte \u00ee\u0219i pot g\u0103si poten\u021bialele partenere \u0219i se pot distra cu ele.<br \/>\nScopul principal al site-ului este de a oferi o \u0219ans\u0103 adecvat\u0103 tuturor. Algoritmul site-ului este conceput \u00een a\u0219a fel \u00eenc\u00e2t s\u0103 aleag\u0103 cele mai potrivite potriviri. Este o caracteristic\u0103 nou\u0103 \u0219i unic\u0103 pe care nicio aplica\u021bie de dating online nu a lansat-o vreodat\u0103.<\/p>\n<h2>Caracteristici ale chat-ului gratuit pentru adul\u021bi<\/h2>\n<p>Acestea sunt c\u00e2teva caracteristici extraordinare care fac ca StrangerCam s\u0103 fie mai bun dec\u00e2t orice alt site pentru adul\u021bi de pe pia\u021b\u0103.<\/p>\n<p>S\u0103 arunc\u0103m o privire la caracteristici:<\/p>\n<h3>Evita\u021bi s\u0103 v\u0103 face\u021bi griji cu privire la rezultate<\/h3>\n<p>Te-am acoperit!<\/p>\n<p>Dac\u0103 sunte\u021bi sensibil, atunci StrangerCam este pentru dvs.<\/p>\n<p>De ce am spune asta? Pentru c\u0103 \u0219tim c\u0103 este sigur!<\/p>\n<p>Nu este nevoie s\u0103 v\u0103 face\u021bi griji \u0219i s\u0103 v\u0103 g\u00e2ndi\u021bi la temerile voastre \u00een minte. Tu \u0219i tot ceea ce \u00ee\u021bi apar\u021bine sunte\u021bi \u00een siguran\u021b\u0103 aici. V\u0103 protej\u0103m datele \u0219i identitatea cu orice pre\u021b. Compania func\u021bioneaz\u0103 cu acest motto de at\u00e2t de mult timp.<\/p>\n<h3>Partajarea con\u021binutului pentru adul\u021bi<\/h3>\n<p>Nu avem nicio problem\u0103 \u00een ceea ce prive\u0219te consim\u021b\u0103m\u00e2ntul celor dou\u0103 persoane implicate!<\/p>\n<p>Ascult\u0103m \u00eentreb\u0103rile clien\u021bilor, dar nu ne amestec\u0103m \u00een problemele personale. Pute\u021bi \u00eemp\u0103rt\u0103\u0219i orice, at\u00e2ta timp c\u00e2t partenerul dvs. este de acord cu acest lucru.<\/p>\n<h3>Ini\u021bia\u021bi conversa\u021bia<\/h3>\n<p>Vre\u021bi s\u0103 ini\u021bia\u021bi o conversa\u021bie \u0219i nu \u0219ti\u021bi cum s\u0103 o face\u021bi?<\/p>\n<p>Dac\u0103 este a\u0219a, atunci sunte\u021bi \u00een locul potrivit. Colec\u021bia fantastic\u0103 de filtre v\u0103 poate ajuta \u0219i s\u0103 ini\u021bia\u021bi conversa\u021bia. Este o metod\u0103 distractiv\u0103, dar eficient\u0103. Filtrele v\u0103 pot ajuta, de asemenea, s\u0103 v\u0103 face\u021bi poten\u021bialul partener.<\/p>\n<h3>F\u0103-i s\u0103 r\u00e2d\u0103<\/h3>\n<p>Dac\u0103 \u00eentr-adev\u0103r ai \u00eenceput s\u0103 placi o persoan\u0103, atunci trateaz\u0103-o cu demnitate. F\u0103-i s\u0103 r\u00e2d\u0103.<\/p>\n<p>Spune\u021bi o glum\u0103 sau cere\u021bi una. Glumele sunt foarte bune pentru ini\u021bierea conversa\u021biei. Face\u021bi-i s\u0103 r\u00e2d\u0103 adres\u00e2ndu-le un compliment frumos. Aceste lucruri m\u0103runte \u00eei apropie pe oameni.<\/p>","protected":false},"excerpt":{"rendered":"<p>Welcome to Free Adult Chat. Join the Free Adult Chat\u00a0video chat app, making it easy to chat to random strangers anonymously. Free Adult Chat offers video chat features including face masks, gender and country filters, private chat, and much more. Chat with random girls\u00a0and boys online, anywhere in the world, instantaneously. Find a new friend, [&hellip;]<\/p>\n","protected":false},"author":8,"featured_media":0,"parent":0,"menu_order":0,"comment_status":"closed","ping_status":"closed","template":"","meta":{"footnotes":""},"class_list":["post-4970","page","type-page","status-publish","hentry"],"yoast_head":"<!-- This site is optimized with the Yoast SEO plugin v27.4 - https:\/\/yoast.com\/product\/yoast-seo-wordpress\/ -->\n<title>Free Adult Chat - StrangerCam.com: Cam With Strangers<\/title>\n<meta name=\"description\" content=\"Free Adult Chat anonymously with over 5.000.000 strangers. No Sign-Up Required! Cam with strangers on StrangerCam.com.\" \/>\n<meta name=\"robots\" content=\"index, follow, max-snippet:-1, max-image-preview:large, max-video-preview:-1\" \/>\n<link rel=\"canonical\" href=\"https:\/\/strangercam.com\/ro\/chat-gratuit-pentru-adulti\/\" \/>\n<meta property=\"og:locale\" content=\"ro_RO\" \/>\n<meta property=\"og:type\" content=\"article\" \/>\n<meta property=\"og:title\" content=\"Free Adult Chat - StrangerCam.com: Cam With Strangers\" \/>\n<meta property=\"og:description\" content=\"Free Adult Chat anonymously with over 5.000.000 strangers. No Sign-Up Required! Cam with strangers on StrangerCam.com.\" \/>\n<meta property=\"og:url\" content=\"https:\/\/strangercam.com\/ro\/chat-gratuit-pentru-adulti\/\" \/>\n<meta property=\"og:site_name\" content=\"Strangercam\" \/>\n<meta property=\"article:publisher\" content=\"https:\/\/www.facebook.com\/strangercam\" \/>\n<meta property=\"article:modified_time\" content=\"2023-09-12T13:18:55+00:00\" \/>\n<meta property=\"og:image\" content=\"https:\/\/strangercam.com\/wp-content\/uploads\/2021\/10\/Untitled-2.png\" \/>\n\t<meta property=\"og:image:width\" content=\"800\" \/>\n\t<meta property=\"og:image:height\" content=\"532\" \/>\n\t<meta property=\"og:image:type\" content=\"image\/png\" \/>\n<meta name=\"twitter:card\" content=\"summary_large_image\" \/>\n<meta name=\"twitter:site\" content=\"@strangercamapp\" \/>\n<meta name=\"twitter:label1\" content=\"Timp estimat pentru citire\" \/>\n\t<meta name=\"twitter:data1\" content=\"3 minute\" \/>\n<script type=\"application\/ld+json\" class=\"yoast-schema-graph\">{\"@context\":\"https:\\\/\\\/schema.org\",\"@graph\":[{\"@type\":\"WebPage\",\"@id\":\"https:\\\/\\\/strangercam.com\\\/free-adult-chat\\\/\",\"url\":\"https:\\\/\\\/strangercam.com\\\/free-adult-chat\\\/\",\"name\":\"Free Adult Chat - StrangerCam.com: Cam With Strangers\",\"isPartOf\":{\"@id\":\"https:\\\/\\\/strangercam.com\\\/#website\"},\"datePublished\":\"2021-06-14T20:54:13+00:00\",\"dateModified\":\"2023-09-12T13:18:55+00:00\",\"description\":\"Free Adult Chat anonymously with over 5.000.000 strangers. No Sign-Up Required! Cam with strangers on StrangerCam.com.\",\"breadcrumb\":{\"@id\":\"https:\\\/\\\/strangercam.com\\\/free-adult-chat\\\/#breadcrumb\"},\"inLanguage\":\"ro-RO\",\"potentialAction\":[{\"@type\":\"ReadAction\",\"target\":[\"https:\\\/\\\/strangercam.com\\\/free-adult-chat\\\/\"]}]},{\"@type\":\"BreadcrumbList\",\"@id\":\"https:\\\/\\\/strangercam.com\\\/free-adult-chat\\\/#breadcrumb\",\"itemListElement\":[{\"@type\":\"ListItem\",\"position\":1,\"name\":\"Home\",\"item\":\"https:\\\/\\\/strangercam.com\\\/\"},{\"@type\":\"ListItem\",\"position\":2,\"name\":\"Free Adult Chat\"}]},{\"@type\":\"WebSite\",\"@id\":\"https:\\\/\\\/strangercam.com\\\/#website\",\"url\":\"https:\\\/\\\/strangercam.com\\\/\",\"name\":\"Strangercam\",\"description\":\"Random Video Chat with Strangers\",\"publisher\":{\"@id\":\"https:\\\/\\\/strangercam.com\\\/#organization\"},\"alternateName\":\"Strangercam.com\",\"potentialAction\":[{\"@type\":\"SearchAction\",\"target\":{\"@type\":\"EntryPoint\",\"urlTemplate\":\"https:\\\/\\\/strangercam.com\\\/?s={search_term_string}\"},\"query-input\":{\"@type\":\"PropertyValueSpecification\",\"valueRequired\":true,\"valueName\":\"search_term_string\"}}],\"inLanguage\":\"ro-RO\"},{\"@type\":\"Organization\",\"@id\":\"https:\\\/\\\/strangercam.com\\\/#organization\",\"name\":\"Strangercam\",\"alternateName\":\"Strangercam.com\",\"url\":\"https:\\\/\\\/strangercam.com\\\/\",\"logo\":{\"@type\":\"ImageObject\",\"inLanguage\":\"ro-RO\",\"@id\":\"https:\\\/\\\/strangercam.com\\\/#\\\/schema\\\/logo\\\/image\\\/\",\"url\":\"https:\\\/\\\/strangercam.com\\\/wp-content\\\/uploads\\\/2020\\\/11\\\/cropped-new-favicon-black.png\",\"contentUrl\":\"https:\\\/\\\/strangercam.com\\\/wp-content\\\/uploads\\\/2020\\\/11\\\/cropped-new-favicon-black.png\",\"width\":512,\"height\":512,\"caption\":\"Strangercam\"},\"image\":{\"@id\":\"https:\\\/\\\/strangercam.com\\\/#\\\/schema\\\/logo\\\/image\\\/\"},\"sameAs\":[\"https:\\\/\\\/www.facebook.com\\\/strangercam\",\"https:\\\/\\\/x.com\\\/strangercamapp\"]}]}<\/script>\n<!-- \/ Yoast SEO plugin. -->","yoast_head_json":{"title":"Chat gratuit pentru adul\u021bi - StrangerCam.com: Cam cu Strangers","description":"Chat gratuit pentru adul\u021bi \u00een anonimat cu peste 5.000.000 de str\u0103ini. Nu este necesar\u0103 \u00eenscrierea! Cam cu str\u0103ini pe StrangerCam.com.","robots":{"index":"index","follow":"follow","max-snippet":"max-snippet:-1","max-image-preview":"max-image-preview:large","max-video-preview":"max-video-preview:-1"},"canonical":"https:\/\/strangercam.com\/ro\/chat-gratuit-pentru-adulti\/","og_locale":"ro_RO","og_type":"article","og_title":"Free Adult Chat - StrangerCam.com: Cam With Strangers","og_description":"Free Adult Chat anonymously with over 5.000.000 strangers. No Sign-Up Required! Cam with strangers on StrangerCam.com.","og_url":"https:\/\/strangercam.com\/ro\/chat-gratuit-pentru-adulti\/","og_site_name":"Strangercam","article_publisher":"https:\/\/www.facebook.com\/strangercam","article_modified_time":"2023-09-12T13:18:55+00:00","og_image":[{"width":800,"height":532,"url":"https:\/\/strangercam.com\/wp-content\/uploads\/2021\/10\/Untitled-2.png","type":"image\/png"}],"twitter_card":"summary_large_image","twitter_site":"@strangercamapp","twitter_misc":{"Timp estimat pentru citire":"3 minute"},"schema":{"@context":"https:\/\/schema.org","@graph":[{"@type":"WebPage","@id":"https:\/\/strangercam.com\/free-adult-chat\/","url":"https:\/\/strangercam.com\/free-adult-chat\/","name":"Chat gratuit pentru adul\u021bi - StrangerCam.com: Cam cu Strangers","isPartOf":{"@id":"https:\/\/strangercam.com\/#website"},"datePublished":"2021-06-14T20:54:13+00:00","dateModified":"2023-09-12T13:18:55+00:00","description":"Chat gratuit pentru adul\u021bi \u00een anonimat cu peste 5.000.000 de str\u0103ini. Nu este necesar\u0103 \u00eenscrierea! Cam cu str\u0103ini pe StrangerCam.com.","breadcrumb":{"@id":"https:\/\/strangercam.com\/free-adult-chat\/#breadcrumb"},"inLanguage":"ro-RO","potentialAction":[{"@type":"ReadAction","target":["https:\/\/strangercam.com\/free-adult-chat\/"]}]},{"@type":"BreadcrumbList","@id":"https:\/\/strangercam.com\/free-adult-chat\/#breadcrumb","itemListElement":[{"@type":"ListItem","position":1,"name":"Home","item":"https:\/\/strangercam.com\/"},{"@type":"ListItem","position":2,"name":"Free Adult Chat"}]},{"@type":"WebSite","@id":"https:\/\/strangercam.com\/#website","url":"https:\/\/strangercam.com\/","name":"Strangercam","description":"Chat video aleatoriu cu str\u0103ini","publisher":{"@id":"https:\/\/strangercam.com\/#organization"},"alternateName":"Strangercam.com","potentialAction":[{"@type":"SearchAction","target":{"@type":"EntryPoint","urlTemplate":"https:\/\/strangercam.com\/?s={search_term_string}"},"query-input":{"@type":"PropertyValueSpecification","valueRequired":true,"valueName":"search_term_string"}}],"inLanguage":"ro-RO"},{"@type":"Organization","@id":"https:\/\/strangercam.com\/#organization","name":"Strangercam","alternateName":"Strangercam.com","url":"https:\/\/strangercam.com\/","logo":{"@type":"ImageObject","inLanguage":"ro-RO","@id":"https:\/\/strangercam.com\/#\/schema\/logo\/image\/","url":"https:\/\/strangercam.com\/wp-content\/uploads\/2020\/11\/cropped-new-favicon-black.png","contentUrl":"https:\/\/strangercam.com\/wp-content\/uploads\/2020\/11\/cropped-new-favicon-black.png","width":512,"height":512,"caption":"Strangercam"},"image":{"@id":"https:\/\/strangercam.com\/#\/schema\/logo\/image\/"},"sameAs":["https:\/\/www.facebook.com\/strangercam","https:\/\/x.com\/strangercamapp"]}]}},"_links":{"self":[{"href":"https:\/\/strangercam.com\/ro\/wp-json\/wp\/v2\/pages\/4970","targetHints":{"allow":["GET"]}}],"collection":[{"href":"https:\/\/strangercam.com\/ro\/wp-json\/wp\/v2\/pages"}],"about":[{"href":"https:\/\/strangercam.com\/ro\/wp-json\/wp\/v2\/types\/page"}],"author":[{"embeddable":true,"href":"https:\/\/strangercam.com\/ro\/wp-json\/wp\/v2\/users\/8"}],"replies":[{"embeddable":true,"href":"https:\/\/strangercam.com\/ro\/wp-json\/wp\/v2\/comments?post=4970"}],"version-history":[{"count":0,"href":"https:\/\/strangercam.com\/ro\/wp-json\/wp\/v2\/pages\/4970\/revisions"}],"wp:attachment":[{"href":"https:\/\/strangercam.com\/ro\/wp-json\/wp\/v2\/media?parent=4970"}],"curies":[{"name":"wp","href":"https:\/\/api.w.org\/{rel}","templated":true}]}}