{"id":4906,"date":"2021-06-14T19:57:32","date_gmt":"2021-06-14T17:57:32","guid":{"rendered":"https:\/\/strangercam.com\/?page_id=4906"},"modified":"2023-09-12T15:21:44","modified_gmt":"2023-09-12T13:21:44","slug":"chat-gay","status":"publish","type":"page","link":"https:\/\/strangercam.com\/ro\/chat-gay\/","title":{"rendered":"Chat gay"},"content":{"rendered":"<p>Bine a\u021bi venit la Gay <a href=\"https:\/\/strangercam.com\/ro\/chatroulette\/\">Chat<\/a>. Join aplica\u021bia de chat video Gay Chat, facilit\u00e2nd chat-ul anonim cu str\u0103ini aleatori. Gay Chat ofer\u0103 func\u021bii de chat video, inclusiv m\u0103\u0219ti faciale, gen, filtre de \u021bar\u0103, chat privat \u0219i multe altele. Chat cu fete \u0219i b\u0103ie\u021bi aleatorii online, oriunde \u00een lume, instantaneu<a href=\"https:\/\/nlcbplaywheresults.com\/\">.<\/a> G\u0103se\u0219te-\u021bi un nou prieten, <a href=\"https:\/\/strangercam.com\/ro\/coomeet\/\">\u00eent\u00e2lnire<\/a> urm\u0103toarea ta \u00eent\u00e2lnire, arat\u0103-\u021bi abilit\u0103\u021bile muzicale incredibile, poart\u0103 o discu\u021bie aleatorie despre fotbal, poart\u0103 un Chat Gay sau relaxeaz\u0103-te \u0219i discut\u0103 ultimul serial Netflix cu un str\u0103in. Este gratuit \u0219i u\u0219or s\u0103 Gay Chat \u0219i s\u0103 se distreze. Nu \u0219tii niciodat\u0103 cine te-ar putea a\u0219tepta de cealalt\u0103 parte a camerei web!<\/p>\n<p>Dac\u0103 dori\u021bi s\u0103 v\u0103 conecta\u021bi cu oameni noi \u00een mod anonim,\u00a0<a href=\"https:\/\/strangercam.com\/ro\/chathub\/\">chat video aleatoriu<\/a>\u00a0este cel mai bun \u0219i mai simplu mod de a o face, iar StrangerCam este chat-ul <a href=\"https:\/\/strangercam.com\/ro\/bazoocam\/\">came<\/a> aplica\u021bie care v\u0103 va duce acolo<a href=\"https:\/\/cashpotresulttoday.com\/\">.<\/a> Am optimizat aplica\u021bia noastr\u0103 astfel \u00eenc\u00e2t s\u0103 po\u021bi alege exact cu cine vrei s\u0103 vii - un mod nou \u0219i inovator de a intra \u00een contact cu str\u0103inii.<\/p>\n<p>Deci, ce mai a\u0219tep\u021bi? Join Gay Chat acum!<\/p>\n<h3>Chat-ul gay este excelent!<\/h3>\n<p>Nu suntem noi cei care spunem asta, ci clien\u021bii!<\/p>\n<p>Poate crede\u021bi c\u0103 de aceea este minunat? Avem toate r\u0103spunsurile!<\/p>\n<p>Este minunat datorit\u0103 simplit\u0103\u021bii sale. Este excelent datorit\u0103 emo\u021biilor autentice ale celor doi oameni implica\u021bi. Este excelent pentru c\u0103 cineva se lupt\u0103 cu societatea \u0219i se prezint\u0103 ca homosexual \u0219i sus\u021bine ceea ce vrea.<\/p>\n<p>Ne \u00eencuraj\u0103m vizitatorii s\u0103 caute \u0219i s\u0103 se bucure de ceea ce \u00ee\u0219i doresc. Noi le oferim facilit\u0103\u021bile pe care \u0219i le doresc!<\/p>\n<p>C\u00e2nd vine vorba de chat gay, e\u0219ti liber s\u0103 alegi totul \u0219i orice la StrangerCam.<\/p>\n<h3>Anonim<\/h3>\n<p>Nimeni nu te cunoa\u0219te, iar tu nu cuno\u0219ti pe nimeni! Aici intervine emo\u021bia!<\/p>\n<p>Discuta\u021bi cu persoane necunoscute \u00eentr-un mod complet anonim. Noi v\u0103 punem \u00een leg\u0103tur\u0103 cu str\u0103ini din \u00eentreaga lume. Po\u021bi vorbi cu ei \u00een timp ce noi avem grij\u0103 de identitatea \u0219i informa\u021biile tale.<\/p>\n<p>Este esen\u021bial s\u0103 v\u0103 p\u0103stra\u021bi identitatea secret\u0103 \u00een timp ce discuta\u021bi cu str\u0103inii, iar noi suntem cei mai buni \u00een acest sens. Echipa noastr\u0103 de tehnicieni lucreaz\u0103 \u00een permanen\u021b\u0103 la acest lucru \u0219i v\u0103 protejeaz\u0103 de orice poate fi d\u0103un\u0103tor.<\/p>\n<p>A fi anonim nu \u00eenseamn\u0103 c\u0103 nu pute\u021bi \u00eemp\u0103rt\u0103\u0219i nimic cu str\u0103inii. Am introdus modul anonim pentru a v\u0103 men\u021bine \u00een siguran\u021b\u0103, nu pentru a v\u0103 \u00eenchide \u00eentr-o cutie.<\/p>\n<p>Pute\u021bi s\u0103 v\u0103 \u00eemp\u0103rt\u0103\u0219i\u021bi informa\u021biile de baz\u0103 cu str\u0103inii care v\u0103 plac. Ace\u0219ti str\u0103ini pot, de asemenea, s\u0103 v\u0103 \u00eemp\u0103rt\u0103\u0219easc\u0103 informa\u021biile lor de baz\u0103.<br \/>\n\u0218i dac\u0103 v\u0103 place\u021bi reciproc \u0219i lucrurile se dovedesc a fi bune, pute\u021bi planifica \u0219i o \u00eent\u00e2lnire!<\/p>\n<p>Schimbul de informa\u021bii pentru o \u00eent\u00e2lnire este obligatoriu. Cu toate acestea, am dori s\u0103 spunem c\u0103 ar trebui s\u0103 lua\u021bi totul \u00een considerare \u00eenainte de a decide s\u0103 v\u0103 \u00eent\u00e2lni\u021bi perechea \u00een persoan\u0103.<\/p>\n<h3>Confiden\u021bialitate<\/h3>\n<p>Avem o politic\u0103 ferm\u0103 de confiden\u021bialitate!<\/p>\n<p>Nu \u00eemp\u0103rt\u0103\u0219im datele dvs. cu nimeni, nici m\u0103car cu al\u021bi necunoscu\u021bi care vorbesc cu dvs. L\u0103s\u0103m \u00een \u00eentregime pe seama dvs. s\u0103 le spune\u021bi despre dvs. altor persoane. Dac\u0103 nu dori\u021bi, nimeni nu poate \u0219ti cine sunte\u021bi \u0219i de unde sunte\u021bi.<\/p>\n<p>V\u00e2nzarea datelor clien\u021bilor c\u0103tre companii ter\u021be este o practic\u0103 obi\u0219nuit\u0103, dar nu \u0219i pentru noi. Credem c\u0103 confiden\u021bialitatea clien\u021bilor este un factor semnificativ \u00een chat-ul online. De aceea, nu \u00eemp\u0103rt\u0103\u0219im \u0219i nu vindem datele dvs. nim\u0103nui \u00een niciun scop, de exemplu, marketing \u0219i publicitate.<br \/>\nNu ezita\u021bi s\u0103 vizita\u021bi StrangerCam. Este sigur \u0219i securizat. V\u0103 ve\u021bi sim\u021bi ca acas\u0103!<\/p>\n<h3>Mediu sigur<\/h3>\n<p>Dac\u0103 dori\u021bi s\u0103 v\u0103 conecta\u021bi cu b\u0103ie\u021bi \u0219i fete din \u00eentreaga lume, nu exist\u0103 un loc mai sigur pentru a face acest lucru dec\u00e2t StrangerCam. \u00cen\u021belegem preocup\u0103rile legate de chat-ul online pentru adul\u021bi. Acesta este motivul pentru care echipa noastr\u0103 \u00eencearc\u0103 \u00een permanen\u021b\u0103 s\u0103 optimizeze totul pentru dvs.<\/p>\n<p>Sim\u021bi\u021bi-v\u0103 liberi s\u0103 vorbi\u021bi cu str\u0103inii, pentru c\u0103 ne ave\u021bi \u00een spate. Este o platform\u0103 pentru adul\u021bi, dar asta nu \u00eenseamn\u0103 c\u0103 am l\u0103sat-o deschis\u0103 pentru orice. Dac\u0103 cineva te intimideaz\u0103 sau \u00ee\u021bi transmite un astfel de comentariu, po\u021bi lansa direct o pl\u00e2ngere. Cealalt\u0103 parte va fi blocat\u0103 de la utilizarea StrangerCam vreodat\u0103.<\/p>\n<h3>Control<\/h3>\n<p>Este esen\u021bial s\u0103 ave\u021bi control asupra a ceea ce face\u021bi online. Mai ales atunci c\u00e2nd vine vorba de chat video pentru adul\u021bi, acesta poate fi uneori riscant, deoarece oamenii pot utiliza \u00een mod abuziv informa\u021biile pe care le-a\u021bi dat pe platform\u0103 sau persoanele.<\/p>\n<p>Dar, \u00een acest caz, nu trebuie s\u0103 v\u0103 face\u021bi griji pentru a\u0219a ceva. Exist\u0103 mai multe caracteristici \u00een cadrul site-ului care v\u0103 ajut\u0103 s\u0103 v\u0103 proteja\u021bi de orice astfel de calamitate. \u00cen timpul chat-ului video, pute\u021bi utiliza un filtru pentru a v\u0103 ascunde fa\u021ba. \u00cen acest fel, cealalt\u0103 persoan\u0103 nu va \u0219ti niciodat\u0103 cu cine vorbe\u0219te. Doar dac\u0103 \u0219i p\u00e2n\u0103 c\u00e2nd \u00eei spui tu \u00eensu\u021bi.<\/p>\n<p>Nu este minunat s\u0103 controlezi lucrurile \u0219i s\u0103 le folose\u0219ti \u00een favoarea ta? \u00centr-adev\u0103r, este!<\/p>","protected":false},"excerpt":{"rendered":"<p>Welcome to Gay Chat. Join the Gay Chat\u00a0video chat app, making it easy to chat with random strangers anonymously. Gay Chat offers video chat features including face masks, gender, country filters, private Chat, and much more. Chat with random girls and boys online, anywhere in the world, instantaneously. Find a new friend, meet your next [&hellip;]<\/p>\n","protected":false},"author":8,"featured_media":0,"parent":0,"menu_order":0,"comment_status":"closed","ping_status":"closed","template":"","meta":{"footnotes":""},"class_list":["post-4906","page","type-page","status-publish","hentry"],"yoast_head":"<!-- This site is optimized with the Yoast SEO plugin v26.9 - https:\/\/yoast.com\/product\/yoast-seo-wordpress\/ -->\n<title>Gay Chat - StrangerCam.com: Cam With Strangers<\/title>\n<meta name=\"description\" content=\"Gay Chat anonymously with over 5.000.000 strangers. No Sign-Up Required! Cam with strangers on StrangerCam.com.\" \/>\n<meta name=\"robots\" content=\"index, follow, max-snippet:-1, max-image-preview:large, max-video-preview:-1\" \/>\n<link rel=\"canonical\" href=\"https:\/\/strangercam.com\/ro\/chat-gay\/\" \/>\n<meta property=\"og:locale\" content=\"ro_RO\" \/>\n<meta property=\"og:type\" content=\"article\" \/>\n<meta property=\"og:title\" content=\"Gay Chat - StrangerCam.com: Cam With Strangers\" \/>\n<meta property=\"og:description\" content=\"Gay Chat anonymously with over 5.000.000 strangers. No Sign-Up Required! Cam with strangers on StrangerCam.com.\" \/>\n<meta property=\"og:url\" content=\"https:\/\/strangercam.com\/ro\/chat-gay\/\" \/>\n<meta property=\"og:site_name\" content=\"Strangercam\" \/>\n<meta property=\"article:publisher\" content=\"https:\/\/www.facebook.com\/strangercam\" \/>\n<meta property=\"article:modified_time\" content=\"2023-09-12T13:21:44+00:00\" \/>\n<meta property=\"og:image\" content=\"https:\/\/strangercam.com\/wp-content\/uploads\/2021\/10\/Untitled-2.png\" \/>\n\t<meta property=\"og:image:width\" content=\"800\" \/>\n\t<meta property=\"og:image:height\" content=\"532\" \/>\n\t<meta property=\"og:image:type\" content=\"image\/png\" \/>\n<meta name=\"twitter:card\" content=\"summary_large_image\" \/>\n<meta name=\"twitter:site\" content=\"@strangercamapp\" \/>\n<meta name=\"twitter:label1\" content=\"Timp estimat pentru citire\" \/>\n\t<meta name=\"twitter:data1\" content=\"4 minute\" \/>\n<script type=\"application\/ld+json\" class=\"yoast-schema-graph\">{\"@context\":\"https:\/\/schema.org\",\"@graph\":[{\"@type\":\"WebPage\",\"@id\":\"https:\/\/strangercam.com\/gay-chat\/\",\"url\":\"https:\/\/strangercam.com\/gay-chat\/\",\"name\":\"Gay Chat - StrangerCam.com: Cam With Strangers\",\"isPartOf\":{\"@id\":\"https:\/\/strangercam.com\/#website\"},\"datePublished\":\"2021-06-14T17:57:32+00:00\",\"dateModified\":\"2023-09-12T13:21:44+00:00\",\"description\":\"Gay Chat anonymously with over 5.000.000 strangers. No Sign-Up Required! Cam with strangers on StrangerCam.com.\",\"breadcrumb\":{\"@id\":\"https:\/\/strangercam.com\/gay-chat\/#breadcrumb\"},\"inLanguage\":\"ro-RO\",\"potentialAction\":[{\"@type\":\"ReadAction\",\"target\":[\"https:\/\/strangercam.com\/gay-chat\/\"]}]},{\"@type\":\"BreadcrumbList\",\"@id\":\"https:\/\/strangercam.com\/gay-chat\/#breadcrumb\",\"itemListElement\":[{\"@type\":\"ListItem\",\"position\":1,\"name\":\"Home\",\"item\":\"https:\/\/strangercam.com\/\"},{\"@type\":\"ListItem\",\"position\":2,\"name\":\"Gay Chat\"}]},{\"@type\":\"WebSite\",\"@id\":\"https:\/\/strangercam.com\/#website\",\"url\":\"https:\/\/strangercam.com\/\",\"name\":\"Strangercam\",\"description\":\"Random Video Chat with Strangers\",\"publisher\":{\"@id\":\"https:\/\/strangercam.com\/#organization\"},\"alternateName\":\"Strangercam.com\",\"potentialAction\":[{\"@type\":\"SearchAction\",\"target\":{\"@type\":\"EntryPoint\",\"urlTemplate\":\"https:\/\/strangercam.com\/?s={search_term_string}\"},\"query-input\":{\"@type\":\"PropertyValueSpecification\",\"valueRequired\":true,\"valueName\":\"search_term_string\"}}],\"inLanguage\":\"ro-RO\"},{\"@type\":\"Organization\",\"@id\":\"https:\/\/strangercam.com\/#organization\",\"name\":\"Strangercam\",\"alternateName\":\"Strangercam.com\",\"url\":\"https:\/\/strangercam.com\/\",\"logo\":{\"@type\":\"ImageObject\",\"inLanguage\":\"ro-RO\",\"@id\":\"https:\/\/strangercam.com\/#\/schema\/logo\/image\/\",\"url\":\"https:\/\/strangercam.com\/wp-content\/uploads\/2020\/11\/cropped-new-favicon-black.png\",\"contentUrl\":\"https:\/\/strangercam.com\/wp-content\/uploads\/2020\/11\/cropped-new-favicon-black.png\",\"width\":512,\"height\":512,\"caption\":\"Strangercam\"},\"image\":{\"@id\":\"https:\/\/strangercam.com\/#\/schema\/logo\/image\/\"},\"sameAs\":[\"https:\/\/www.facebook.com\/strangercam\",\"https:\/\/x.com\/strangercamapp\"]}]}<\/script>\n<!-- \/ Yoast SEO plugin. -->","yoast_head_json":{"title":"Gay Chat - StrangerCam.com: Cam cu Strangers","description":"Gay Chat anonim cu peste 5.000.000 de str\u0103ini. Nu este necesar\u0103 \u00eenscrierea! Cam cu str\u0103ini pe StrangerCam.com.","robots":{"index":"index","follow":"follow","max-snippet":"max-snippet:-1","max-image-preview":"max-image-preview:large","max-video-preview":"max-video-preview:-1"},"canonical":"https:\/\/strangercam.com\/ro\/chat-gay\/","og_locale":"ro_RO","og_type":"article","og_title":"Gay Chat - StrangerCam.com: Cam With Strangers","og_description":"Gay Chat anonymously with over 5.000.000 strangers. No Sign-Up Required! Cam with strangers on StrangerCam.com.","og_url":"https:\/\/strangercam.com\/ro\/chat-gay\/","og_site_name":"Strangercam","article_publisher":"https:\/\/www.facebook.com\/strangercam","article_modified_time":"2023-09-12T13:21:44+00:00","og_image":[{"width":800,"height":532,"url":"https:\/\/strangercam.com\/wp-content\/uploads\/2021\/10\/Untitled-2.png","type":"image\/png"}],"twitter_card":"summary_large_image","twitter_site":"@strangercamapp","twitter_misc":{"Timp estimat pentru citire":"4 minute"},"schema":{"@context":"https:\/\/schema.org","@graph":[{"@type":"WebPage","@id":"https:\/\/strangercam.com\/gay-chat\/","url":"https:\/\/strangercam.com\/gay-chat\/","name":"Gay Chat - StrangerCam.com: Cam cu Strangers","isPartOf":{"@id":"https:\/\/strangercam.com\/#website"},"datePublished":"2021-06-14T17:57:32+00:00","dateModified":"2023-09-12T13:21:44+00:00","description":"Gay Chat anonim cu peste 5.000.000 de str\u0103ini. Nu este necesar\u0103 \u00eenscrierea! Cam cu str\u0103ini pe StrangerCam.com.","breadcrumb":{"@id":"https:\/\/strangercam.com\/gay-chat\/#breadcrumb"},"inLanguage":"ro-RO","potentialAction":[{"@type":"ReadAction","target":["https:\/\/strangercam.com\/gay-chat\/"]}]},{"@type":"BreadcrumbList","@id":"https:\/\/strangercam.com\/gay-chat\/#breadcrumb","itemListElement":[{"@type":"ListItem","position":1,"name":"Home","item":"https:\/\/strangercam.com\/"},{"@type":"ListItem","position":2,"name":"Gay Chat"}]},{"@type":"WebSite","@id":"https:\/\/strangercam.com\/#website","url":"https:\/\/strangercam.com\/","name":"Strangercam","description":"Chat video aleatoriu cu str\u0103ini","publisher":{"@id":"https:\/\/strangercam.com\/#organization"},"alternateName":"Strangercam.com","potentialAction":[{"@type":"SearchAction","target":{"@type":"EntryPoint","urlTemplate":"https:\/\/strangercam.com\/?s={search_term_string}"},"query-input":{"@type":"PropertyValueSpecification","valueRequired":true,"valueName":"search_term_string"}}],"inLanguage":"ro-RO"},{"@type":"Organization","@id":"https:\/\/strangercam.com\/#organization","name":"Strangercam","alternateName":"Strangercam.com","url":"https:\/\/strangercam.com\/","logo":{"@type":"ImageObject","inLanguage":"ro-RO","@id":"https:\/\/strangercam.com\/#\/schema\/logo\/image\/","url":"https:\/\/strangercam.com\/wp-content\/uploads\/2020\/11\/cropped-new-favicon-black.png","contentUrl":"https:\/\/strangercam.com\/wp-content\/uploads\/2020\/11\/cropped-new-favicon-black.png","width":512,"height":512,"caption":"Strangercam"},"image":{"@id":"https:\/\/strangercam.com\/#\/schema\/logo\/image\/"},"sameAs":["https:\/\/www.facebook.com\/strangercam","https:\/\/x.com\/strangercamapp"]}]}},"_links":{"self":[{"href":"https:\/\/strangercam.com\/ro\/wp-json\/wp\/v2\/pages\/4906","targetHints":{"allow":["GET"]}}],"collection":[{"href":"https:\/\/strangercam.com\/ro\/wp-json\/wp\/v2\/pages"}],"about":[{"href":"https:\/\/strangercam.com\/ro\/wp-json\/wp\/v2\/types\/page"}],"author":[{"embeddable":true,"href":"https:\/\/strangercam.com\/ro\/wp-json\/wp\/v2\/users\/8"}],"replies":[{"embeddable":true,"href":"https:\/\/strangercam.com\/ro\/wp-json\/wp\/v2\/comments?post=4906"}],"version-history":[{"count":0,"href":"https:\/\/strangercam.com\/ro\/wp-json\/wp\/v2\/pages\/4906\/revisions"}],"wp:attachment":[{"href":"https:\/\/strangercam.com\/ro\/wp-json\/wp\/v2\/media?parent=4906"}],"curies":[{"name":"wp","href":"https:\/\/api.w.org\/{rel}","templated":true}]}}