{"id":4887,"date":"2021-06-14T19:18:17","date_gmt":"2021-06-14T17:18:17","guid":{"rendered":"https:\/\/strangercam.com\/?page_id=4887"},"modified":"2023-08-21T12:40:47","modified_gmt":"2023-08-21T10:40:47","slug":"chat-cu-straini","status":"publish","type":"page","link":"https:\/\/strangercam.com\/ro\/stranger-chat\/","title":{"rendered":"Stranger Chat"},"content":{"rendered":"<p>Bine a\u021bi venit la Stranger <a href=\"https:\/\/strangercam.com\/ro\/chathub\/\">Chat<\/a>. Join aplica\u021bia de chat video Stranger Chat, care faciliteaz\u0103 chat-ul anonim cu str\u0103ini aleatori<a href=\"https:\/\/cashpotresulttoday.com\/\">.<\/a> Stranger Chat ofer\u0103 func\u021bii de chat video, inclusiv m\u0103\u0219ti faciale, filtre de gen \u0219i \u021bar\u0103, chat privat \u0219i multe altele. Chat cu fete \u0219i b\u0103ie\u021bi aleatorii online, oriunde \u00een lume, instantaneu. G\u0103si\u021bi un nou prieten, <a href=\"https:\/\/strangercam.com\/ro\/coomeet\/\">\u00eent\u00e2lnire<\/a> urm\u0103toarea \u00eent\u00e2lnire, s\u0103-\u021bi ar\u0103\u021bi abilit\u0103\u021bile muzicale incredibile, s\u0103 discu\u021bi la \u00eent\u00e2mplare despre fotbal, s\u0103 faci Stranger Chat sau pur \u0219i simplu s\u0103 te relaxezi \u0219i s\u0103 discu\u021bi ultimul serial Netflix cu un necunoscut. Este gratuit \u0219i u\u0219or s\u0103 Stranger Chat \u0219i s\u0103 te distrezi. Nu \u0219tii niciodat\u0103 cine te-ar putea a\u0219tepta de cealalt\u0103 parte a camerei web!<\/p>\n<p>Cu to\u021bii avem nevoie de o activitate care s\u0103 ne \u00eenveseleasc\u0103, iar nicio activitate nu este mai bun\u0103 dec\u00e2t s\u0103 vorbim cu al\u021bi oameni \u0219i s\u0103 \u00eemp\u0103rt\u0103\u0219im experien\u021be cu ei<a href=\"https:\/\/nlcbplaywheresults.com\/\">.<\/a> \u00cen trecut, nu era u\u0219or, dar nu mai este. StrangerCam \u021bi-a adus o oportunitate excelent\u0103 de a vorbi cu str\u0103inii din \u00eentreaga lume. Join noi \u0219i distreaz\u0103-te!<\/p>\n<p>Dac\u0103 dori\u021bi s\u0103 v\u0103 conecta\u021bi cu oameni noi \u00een mod anonim, chat-ul video aleatoriu este cel mai bun \u0219i mai simplu mod de a face acest lucru, iar StrangerCam este chat-ul <a href=\"https:\/\/strangercam.com\/ro\/bazoocam\/\">came<\/a> care te va duce acolo. Am optimizat aplica\u021bia noastr\u0103 pentru a alege exact persoanele cu care dori\u021bi s\u0103 v\u0103 \u00eent\u00e2lni\u021bi - un mod nou \u0219i inovator de a v\u0103 conecta cu str\u0103inii.<\/p>\n<p>Deci, ce mai a\u0219tep\u021bi? Join Stranger Chat acum!<\/p>\n<h2>G\u0103si\u021bi oameni noi online cu u\u0219urin\u021b\u0103 pe StrangerCam<\/h2>\n<p>S\u0103 g\u0103se\u0219ti oameni noi online nu a fost niciodat\u0103 at\u00e2t de u\u0219or!<\/p>\n<p>G\u0103sirea de oameni noi la <a href=\"https:\/\/strangercam.com\/ro\/chatroulette\/\">Chatroulette<\/a> este distractiv. StrangerCam este o platform\u0103 online. Aceasta permite utilizatorilor s\u0103 discute cu persoane necunoscute f\u0103r\u0103 nicio \u00eenregistrare. Are doar func\u021bia de camer\u0103 web \u00een centru, care permite unei persoane s\u0103 \u00eenceap\u0103 rapid un chat. Exist\u0103 multe op\u021biuni de chat disponibile pe platform\u0103. Pute\u021bi ini\u021bia un chat \u00een c\u00e2teva secunde. Trebuie doar s\u0103 deschide\u021bi site-ul, s\u0103 v\u0103 introduce\u021bi sexul \u0219i s\u0103 selecta\u021bi \u021bara dorit\u0103. Noi v\u0103 vom g\u0103si poten\u021bialele partide pe care le c\u0103uta\u021bi.<\/p>\n<p>De asemenea, permite utilizatorilor s\u0103 discute \u0219i s\u0103 \u00eemp\u0103rt\u0103\u0219easc\u0103 informa\u021bii importante cu persoane selectate. Serviciile sunt complet gratuite, permi\u021b\u00e2nd utilizatorilor s\u0103 g\u0103seasc\u0103 str\u0103ini cu interese comune. Utilizatorii pot, de asemenea, s\u0103 apese pe skip dac\u0103 nu le place s\u0103 discute cu ei \u0219i s\u0103 treac\u0103 la urm\u0103torul. Tot ceea ce facem este s\u0103 ne men\u021binem clien\u021bii mul\u021bumi\u021bi \u00een toate modurile posibile.<\/p>\n<h2>Selec\u021bie<\/h2>\n<p>De fiecare dat\u0103 c\u00e2nd deschide\u021bi site-ul, vi se vor prezenta diferite op\u021biuni din care s\u0103 alege\u021bi. Ve\u021bi avea op\u021biunea de a selecta sexul dorit. StrangerCam, apoi, prin intermediul re\u021belei sale puternice de inteligen\u021b\u0103 artificial\u0103, v\u0103 va g\u0103si perechea.<br \/>\nAv\u00e2nd facilitatea de a v\u0103 decide alegerile de fiecare dat\u0103 c\u00e2nd utiliza\u021bi platforma este fantastic. Sim\u021bi c\u0103 ai toat\u0103 puterea cu cine vrei s\u0103 vorbe\u0219ti \u0219i s\u0103 discu\u021bi pentru distrac\u021bie. Noi le d\u0103m putere clien\u021bilor no\u0219tri. Nu pute\u021bi vorbi cu nimeni f\u0103r\u0103 consim\u021b\u0103m\u00e2ntul s\u0103u. Ambele p\u0103r\u021bi trebuie s\u0103 selecteze. \u0218i ve\u021bi fi potrivi\u021bi dac\u0103 selecta\u021bi \u00eenapoi pe cineva. At\u00e2ta timp c\u00e2t ambele persoane sunt de acord s\u0103 vorbeasc\u0103 \u00eentre ele, pot vorbi f\u0103r\u0103 restric\u021bii \u0219i griji.<\/p>\n<h2>Control asupra informa\u021biilor \u0219i u\u0219urin\u021b\u0103 \u00een g\u0103sirea unui poten\u021bial partener<\/h2>\n<p>Sper\u0103m c\u0103 a\u021bi \u00een\u021beles deja multe despre aceast\u0103 platform\u0103 fantastic\u0103 de videochat pentru adul\u021bi. Dar exist\u0103 ceva mai important de men\u021bionat aici!<\/p>\n<p>Noi nu \u00eemp\u0103rt\u0103\u0219im informa\u021biile dvs. cu nimeni. Suntem aici pentru a v\u0103 proteja \u00een toate modurile. Informa\u021biile dvs. sunt \u00een siguran\u021b\u0103 cu noi. Noi nu \u00eemp\u0103rt\u0103\u0219im informa\u021biile dvs. cu nimeni.<\/p>\n<p>\u00cen mod similar, noi suntem aici pentru a v\u0103 ajuta. Sistemul nostru inteligent v\u0103 ajut\u0103 s\u0103 g\u0103si\u021bi tipul de persoan\u0103 pe care \u00eel c\u0103uta\u021bi!<br \/>\nAve\u021bi o mul\u021bime de op\u021biuni din care s\u0103 alege\u021bi. Lumea este deschis\u0103 pentru tine. Du-te \u0219i ia ceea ce este al t\u0103u!<\/p>","protected":false},"excerpt":{"rendered":"<p>Welcome to Stranger Chat. Join the Stranger Chat video chat app, making it easy to chat with random strangers anonymously. Stranger Chat offers video chat features including face masks, gender and country filters, private chat, and much more. Chat with random girls and boys online, anywhere in the world, instantaneously. Find a new friend, meet [&hellip;]<\/p>\n","protected":false},"author":6,"featured_media":0,"parent":0,"menu_order":0,"comment_status":"closed","ping_status":"closed","template":"","meta":{"footnotes":""},"class_list":["post-4887","page","type-page","status-publish","hentry"],"yoast_head":"<!-- This site is optimized with the Yoast SEO plugin v27.4 - https:\/\/yoast.com\/product\/yoast-seo-wordpress\/ -->\n<title>Stranger Chat - StrangerCam.com: Cam With Strangers<\/title>\n<meta name=\"description\" content=\"Stranger Chat anonymously with over 5.000.000 strangers. No Sign-Up Required! Cam with strangers on StrangerCam.com.\" \/>\n<meta name=\"robots\" content=\"index, follow, max-snippet:-1, max-image-preview:large, max-video-preview:-1\" \/>\n<link rel=\"canonical\" href=\"https:\/\/strangercam.com\/ro\/chat-cu-straini\/\" \/>\n<meta property=\"og:locale\" content=\"ro_RO\" \/>\n<meta property=\"og:type\" content=\"article\" \/>\n<meta property=\"og:title\" content=\"Stranger Chat - StrangerCam.com: Cam With Strangers\" \/>\n<meta property=\"og:description\" content=\"Stranger Chat anonymously with over 5.000.000 strangers. No Sign-Up Required! Cam with strangers on StrangerCam.com.\" \/>\n<meta property=\"og:url\" content=\"https:\/\/strangercam.com\/ro\/chat-cu-straini\/\" \/>\n<meta property=\"og:site_name\" content=\"Strangercam\" \/>\n<meta property=\"article:publisher\" content=\"https:\/\/www.facebook.com\/strangercam\" \/>\n<meta property=\"article:modified_time\" content=\"2023-08-21T10:40:47+00:00\" \/>\n<meta property=\"og:image\" content=\"https:\/\/strangercam.com\/wp-content\/uploads\/2021\/10\/Untitled-2.png\" \/>\n\t<meta property=\"og:image:width\" content=\"800\" \/>\n\t<meta property=\"og:image:height\" content=\"532\" \/>\n\t<meta property=\"og:image:type\" content=\"image\/png\" \/>\n<meta name=\"twitter:card\" content=\"summary_large_image\" \/>\n<meta name=\"twitter:site\" content=\"@strangercamapp\" \/>\n<meta name=\"twitter:label1\" content=\"Timp estimat pentru citire\" \/>\n\t<meta name=\"twitter:data1\" content=\"3 minute\" \/>\n<script type=\"application\/ld+json\" class=\"yoast-schema-graph\">{\"@context\":\"https:\\\/\\\/schema.org\",\"@graph\":[{\"@type\":\"WebPage\",\"@id\":\"https:\\\/\\\/strangercam.com\\\/stranger-chat\\\/\",\"url\":\"https:\\\/\\\/strangercam.com\\\/stranger-chat\\\/\",\"name\":\"Stranger Chat - StrangerCam.com: Cam With Strangers\",\"isPartOf\":{\"@id\":\"https:\\\/\\\/strangercam.com\\\/#website\"},\"datePublished\":\"2021-06-14T17:18:17+00:00\",\"dateModified\":\"2023-08-21T10:40:47+00:00\",\"description\":\"Stranger Chat anonymously with over 5.000.000 strangers. No Sign-Up Required! Cam with strangers on StrangerCam.com.\",\"breadcrumb\":{\"@id\":\"https:\\\/\\\/strangercam.com\\\/stranger-chat\\\/#breadcrumb\"},\"inLanguage\":\"ro-RO\",\"potentialAction\":[{\"@type\":\"ReadAction\",\"target\":[\"https:\\\/\\\/strangercam.com\\\/stranger-chat\\\/\"]}]},{\"@type\":\"BreadcrumbList\",\"@id\":\"https:\\\/\\\/strangercam.com\\\/stranger-chat\\\/#breadcrumb\",\"itemListElement\":[{\"@type\":\"ListItem\",\"position\":1,\"name\":\"Home\",\"item\":\"https:\\\/\\\/strangercam.com\\\/\"},{\"@type\":\"ListItem\",\"position\":2,\"name\":\"Stranger Chat\"}]},{\"@type\":\"WebSite\",\"@id\":\"https:\\\/\\\/strangercam.com\\\/#website\",\"url\":\"https:\\\/\\\/strangercam.com\\\/\",\"name\":\"Strangercam\",\"description\":\"Random Video Chat with Strangers\",\"publisher\":{\"@id\":\"https:\\\/\\\/strangercam.com\\\/#organization\"},\"alternateName\":\"Strangercam.com\",\"potentialAction\":[{\"@type\":\"SearchAction\",\"target\":{\"@type\":\"EntryPoint\",\"urlTemplate\":\"https:\\\/\\\/strangercam.com\\\/?s={search_term_string}\"},\"query-input\":{\"@type\":\"PropertyValueSpecification\",\"valueRequired\":true,\"valueName\":\"search_term_string\"}}],\"inLanguage\":\"ro-RO\"},{\"@type\":\"Organization\",\"@id\":\"https:\\\/\\\/strangercam.com\\\/#organization\",\"name\":\"Strangercam\",\"alternateName\":\"Strangercam.com\",\"url\":\"https:\\\/\\\/strangercam.com\\\/\",\"logo\":{\"@type\":\"ImageObject\",\"inLanguage\":\"ro-RO\",\"@id\":\"https:\\\/\\\/strangercam.com\\\/#\\\/schema\\\/logo\\\/image\\\/\",\"url\":\"https:\\\/\\\/strangercam.com\\\/wp-content\\\/uploads\\\/2020\\\/11\\\/cropped-new-favicon-black.png\",\"contentUrl\":\"https:\\\/\\\/strangercam.com\\\/wp-content\\\/uploads\\\/2020\\\/11\\\/cropped-new-favicon-black.png\",\"width\":512,\"height\":512,\"caption\":\"Strangercam\"},\"image\":{\"@id\":\"https:\\\/\\\/strangercam.com\\\/#\\\/schema\\\/logo\\\/image\\\/\"},\"sameAs\":[\"https:\\\/\\\/www.facebook.com\\\/strangercam\",\"https:\\\/\\\/x.com\\\/strangercamapp\"]}]}<\/script>\n<!-- \/ Yoast SEO plugin. -->","yoast_head_json":{"title":"Stranger Chat - StrangerCam.com: Cam cu Strangers","description":"Stranger Chat anonim cu peste 5.000.000 de necunoscu\u021bi. Nu este necesar\u0103 \u00eenscrierea! Cam cu str\u0103inii pe StrangerCam.com.","robots":{"index":"index","follow":"follow","max-snippet":"max-snippet:-1","max-image-preview":"max-image-preview:large","max-video-preview":"max-video-preview:-1"},"canonical":"https:\/\/strangercam.com\/ro\/chat-cu-straini\/","og_locale":"ro_RO","og_type":"article","og_title":"Stranger Chat - StrangerCam.com: Cam With Strangers","og_description":"Stranger Chat anonymously with over 5.000.000 strangers. No Sign-Up Required! Cam with strangers on StrangerCam.com.","og_url":"https:\/\/strangercam.com\/ro\/chat-cu-straini\/","og_site_name":"Strangercam","article_publisher":"https:\/\/www.facebook.com\/strangercam","article_modified_time":"2023-08-21T10:40:47+00:00","og_image":[{"width":800,"height":532,"url":"https:\/\/strangercam.com\/wp-content\/uploads\/2021\/10\/Untitled-2.png","type":"image\/png"}],"twitter_card":"summary_large_image","twitter_site":"@strangercamapp","twitter_misc":{"Timp estimat pentru citire":"3 minute"},"schema":{"@context":"https:\/\/schema.org","@graph":[{"@type":"WebPage","@id":"https:\/\/strangercam.com\/stranger-chat\/","url":"https:\/\/strangercam.com\/stranger-chat\/","name":"Stranger Chat - StrangerCam.com: Cam cu Strangers","isPartOf":{"@id":"https:\/\/strangercam.com\/#website"},"datePublished":"2021-06-14T17:18:17+00:00","dateModified":"2023-08-21T10:40:47+00:00","description":"Stranger Chat anonim cu peste 5.000.000 de necunoscu\u021bi. Nu este necesar\u0103 \u00eenscrierea! Cam cu str\u0103inii pe StrangerCam.com.","breadcrumb":{"@id":"https:\/\/strangercam.com\/stranger-chat\/#breadcrumb"},"inLanguage":"ro-RO","potentialAction":[{"@type":"ReadAction","target":["https:\/\/strangercam.com\/stranger-chat\/"]}]},{"@type":"BreadcrumbList","@id":"https:\/\/strangercam.com\/stranger-chat\/#breadcrumb","itemListElement":[{"@type":"ListItem","position":1,"name":"Home","item":"https:\/\/strangercam.com\/"},{"@type":"ListItem","position":2,"name":"Stranger Chat"}]},{"@type":"WebSite","@id":"https:\/\/strangercam.com\/#website","url":"https:\/\/strangercam.com\/","name":"Strangercam","description":"Chat video aleatoriu cu str\u0103ini","publisher":{"@id":"https:\/\/strangercam.com\/#organization"},"alternateName":"Strangercam.com","potentialAction":[{"@type":"SearchAction","target":{"@type":"EntryPoint","urlTemplate":"https:\/\/strangercam.com\/?s={search_term_string}"},"query-input":{"@type":"PropertyValueSpecification","valueRequired":true,"valueName":"search_term_string"}}],"inLanguage":"ro-RO"},{"@type":"Organization","@id":"https:\/\/strangercam.com\/#organization","name":"Strangercam","alternateName":"Strangercam.com","url":"https:\/\/strangercam.com\/","logo":{"@type":"ImageObject","inLanguage":"ro-RO","@id":"https:\/\/strangercam.com\/#\/schema\/logo\/image\/","url":"https:\/\/strangercam.com\/wp-content\/uploads\/2020\/11\/cropped-new-favicon-black.png","contentUrl":"https:\/\/strangercam.com\/wp-content\/uploads\/2020\/11\/cropped-new-favicon-black.png","width":512,"height":512,"caption":"Strangercam"},"image":{"@id":"https:\/\/strangercam.com\/#\/schema\/logo\/image\/"},"sameAs":["https:\/\/www.facebook.com\/strangercam","https:\/\/x.com\/strangercamapp"]}]}},"_links":{"self":[{"href":"https:\/\/strangercam.com\/ro\/wp-json\/wp\/v2\/pages\/4887","targetHints":{"allow":["GET"]}}],"collection":[{"href":"https:\/\/strangercam.com\/ro\/wp-json\/wp\/v2\/pages"}],"about":[{"href":"https:\/\/strangercam.com\/ro\/wp-json\/wp\/v2\/types\/page"}],"author":[{"embeddable":true,"href":"https:\/\/strangercam.com\/ro\/wp-json\/wp\/v2\/users\/6"}],"replies":[{"embeddable":true,"href":"https:\/\/strangercam.com\/ro\/wp-json\/wp\/v2\/comments?post=4887"}],"version-history":[{"count":0,"href":"https:\/\/strangercam.com\/ro\/wp-json\/wp\/v2\/pages\/4887\/revisions"}],"wp:attachment":[{"href":"https:\/\/strangercam.com\/ro\/wp-json\/wp\/v2\/media?parent=4887"}],"curies":[{"name":"wp","href":"https:\/\/api.w.org\/{rel}","templated":true}]}}