{"id":4869,"date":"2025-09-23T11:15:28","date_gmt":"2025-09-23T09:15:28","guid":{"rendered":"https:\/\/strangercam.com\/?page_id=4869"},"modified":"2025-09-23T12:42:03","modified_gmt":"2025-09-23T10:42:03","slug":"unde-pot-discuta-cu-fete-la-intamplare","status":"publish","type":"page","link":"https:\/\/strangercam.com\/ro\/where-can-i-chat-with-random-girls\/","title":{"rendered":"Unde pot s\u0103 vorbesc cu fete la \u00eent\u00e2mplare"},"content":{"rendered":"<p>Dac\u0103 v\u0103 \u00eentreba\u021bi: \"Unde pot discuta cu fete la \u00eent\u00e2mplare?\", nu sunte\u021bi singuri. \u00cen fiecare lun\u0103, milioane de oameni caut\u0103 modalit\u0103\u021bi de a se conecta instantaneu cu fete online - fie pentru distrac\u021bie, flirt ocazional sau pentru a-\u0219i face noi prieteni \u00een \u00eentreaga lume. Vestea bun\u0103? Este mai u\u0219or ca niciodat\u0103 s\u0103 g\u0103se\u0219ti platforme sigure, gratuite \u0219i reale unde po\u021bi discuta cu fete la \u00eent\u00e2mplare f\u0103r\u0103 \u00eenscrieri lungi sau taxe ascunse.<\/p>\n<p>Cu platforme precum StrangerCam, pute\u021bi \u00eencepe s\u0103 discuta\u021bi cu fete \u00een c\u00e2teva secunde. F\u0103r\u0103 desc\u0103rc\u0103ri, f\u0103r\u0103 profiluri, f\u0103r\u0103 carduri de credit - doar conversa\u021bii autentice cu femei din \u00eentreaga lume care, de asemenea, caut\u0103 s\u0103 se conecteze.<\/p>\n<p>\u00cen acest ghid, vom acoperi tot ce trebuie s\u0103 \u0219ti\u021bi: unde pute\u021bi discuta cu fete la \u00eent\u00e2mplare, ce caracteristici conteaz\u0103 cel mai mult, compara\u021bii ale platformelor de top, m\u0103rturii reale, sfaturi de siguran\u021b\u0103 \u0219i de ce StrangerCam este una dintre cele mai bune op\u021biuni actuale.<\/p>\n<h2>De ce vor oamenii s\u0103 converseze cu fete la \u00eent\u00e2mplare<\/h2>\n<p>C\u0103utarea de chat cu fete la \u00eent\u00e2mplare a crescut masiv, \u0219i iat\u0103 de ce:<\/p>\n<ul>\n<li>Alungarea singur\u0103t\u0103\u021bii \u0219i a plictiselii: Discu\u021biile online cu fetele ajut\u0103 la spargerea rutinei.<\/li>\n<li>Flirtul ocazional: Mul\u021bi utilizatori se bucur\u0103 de conversa\u021bii lejere, f\u0103r\u0103 presiune.<\/li>\n<li>S\u0103-\u021bi faci prieteni: Este o modalitate distractiv\u0103 de a cunoa\u0219te oameni din afara cercului t\u0103u.<\/li>\n<li>Experien\u021b\u0103 global\u0103: Pute\u021bi cunoa\u0219te femei din \u021b\u0103ri pe care nu le-a\u021bi vizitat niciodat\u0103.<\/li>\n<li>Conexiuni reale: \u00cenregistrarea video live dovede\u0219te c\u0103 vorbi\u021bi cu o persoan\u0103 real\u0103, nu cu un robot.<\/li>\n<\/ul>\n<h2>Unde pute\u021bi discuta online cu fete la \u00eent\u00e2mplare?<\/h2>\n<p>Exist\u0103 multe platforme care v\u0103 permit s\u0103 discuta\u021bi cu fete la \u00eent\u00e2mplare - unele gratuite, altele pl\u0103tite. Iat\u0103 care sunt principalele tipuri:<\/p>\n<h3>1. Site-uri de chat video aleatorii<\/h3>\n<p>Site-uri web pe care \u00ee\u021bi porne\u0219ti camera web \u0219i e\u0219ti \u00eemperecheat instantaneu cu o fat\u0103. Exemple: StrangerCam, <a href=\"https:\/\/strangercam.com\/ro\/chatroulette\/\">Chatroulette<\/a>, Shagle.<\/p>\n<h3>2. Aplica\u021bii de chat cu filtre de gen<\/h3>\n<p>Aplica\u021bii mobile precum <a href=\"https:\/\/strangercam.com\/ro\/ometv\/\">OmeTV<\/a> sau Chatrandom permit discu\u021bii aleatorii, dar adesea percep taxe pentru filtrele pentru femei.<\/p>\n<h3>3. Platforme video pl\u0103tite orientate spre \u00eent\u00e2lniri<\/h3>\n<p>Site-uri precum <a href=\"https:\/\/strangercam.com\/ro\/coomeet\/\">CooMeet<\/a> sau LuckyCrush se specializeaz\u0103 \u00een \u00eent\u00e2lniri \u00eentre b\u0103rba\u021bi \u0219i femei, dar solicit\u0103 plata dup\u0103 teste scurte.<\/p>\n<h3>4. Platforme gratuite f\u0103r\u0103 \u00eenscriere<\/h3>\n<p>StrangerCam este una dintre singurele platforme care v\u0103 permite s\u0103 discuta\u021bi cu fete la \u00eent\u00e2mplare gratuit, f\u0103r\u0103 \u00eenregistrare.<\/p>\n<h2>Ce caracteristici conteaz\u0103 cel mai mult<\/h2>\n<p>Atunci c\u00e2nd decide\u021bi unde s\u0103 discuta\u021bi cu fete la \u00eent\u00e2mplare, iat\u0103 ce ar trebui s\u0103 c\u0103uta\u021bi:<\/p>\n<ul>\n<li>Filtru de gen gratuit - \u00cen caz contrar, s-ar putea s\u0103 fii \u00eemperecheat cu b\u0103rba\u021bi aleatori.<\/li>\n<li>Nu este necesar\u0103 \u00eenscrierea - Cele mai bune platforme v\u0103 permit s\u0103 v\u0103 \u00eenscrie\u021bi instantaneu.<\/li>\n<li>Op\u021biuni de chat video - Vede\u021bi pe cineva pe <a href=\"https:\/\/strangercam.com\/ro\/bazoocam\/\">came<\/a> se asigur\u0103 c\u0103 sunt reale.<\/li>\n<li>Moderare \u0219i raportare - Men\u021bine experien\u021ba sigur\u0103 \u0219i respectuoas\u0103.<\/li>\n<li>Mobile &amp; Desktop Friendly - Func\u021bioneaz\u0103 oriunde v-a\u021bi afla.<\/li>\n<li>Acoperire global\u0103 - O baz\u0103 mare de utilizatori de sex feminin asigur\u0103 varietate.<\/li>\n<\/ul>\n<h2>Cele mai bune platforme de chat cu fete la \u00eent\u00e2mplare \u00een 2025<\/h2>\n<p>Iat\u0103 o compara\u021bie a platformelor populare unde pute\u021bi discuta cu fete la \u00eent\u00e2mplare:<\/p>\n<table>\n<thead>\n<tr>\n<th>Platform\u0103<\/th>\n<th align=\"center\">Acces gratuit<\/th>\n<th align=\"center\">Filtru de gen<\/th>\n<th align=\"center\">\u00cenregistrare necesar\u0103<\/th>\n<th align=\"center\">Asisten\u021b\u0103 mobil\u0103<\/th>\n<th align=\"center\">Modera\u021bie<\/th>\n<th>Note<\/th>\n<\/tr>\n<\/thead>\n<tbody>\n<tr>\n<td>StrangerCam<\/td>\n<td align=\"center\">\u2705<\/td>\n<td align=\"center\">\u2705 (Gratuit)<\/td>\n<td align=\"center\">\u274c<\/td>\n<td align=\"center\">\u2705<\/td>\n<td align=\"center\">\u2705<\/td>\n<td>Cea mai bun\u0103 alegere, filtru de fete real \u0219i gratuit<\/td>\n<\/tr>\n<tr>\n<td>Chatroulette<\/td>\n<td align=\"center\">\u2705<\/td>\n<td align=\"center\">\u274c (pl\u0103tit)<\/td>\n<td align=\"center\">\u274c<\/td>\n<td align=\"center\">\u2705<\/td>\n<td align=\"center\">\u2705<\/td>\n<td>Clasic, dar f\u0103r\u0103 filtre gratuite<\/td>\n<\/tr>\n<tr>\n<td>Chatrandom<\/td>\n<td align=\"center\">\u2705<\/td>\n<td align=\"center\">\u274c (pl\u0103tit)<\/td>\n<td align=\"center\">\u274c<\/td>\n<td align=\"center\">\u2705<\/td>\n<td align=\"center\">\u2705<\/td>\n<td>Popular, dar \u00eempinge upgrade-uri premium<\/td>\n<\/tr>\n<tr>\n<td>Shagle<\/td>\n<td align=\"center\">\u2705<\/td>\n<td align=\"center\">\u274c (pl\u0103tit)<\/td>\n<td align=\"center\">\u274c<\/td>\n<td align=\"center\">\u2705<\/td>\n<td align=\"center\">\u2705<\/td>\n<td>Gratuit pentru \u00eenceput, dar filtre limitate<\/td>\n<\/tr>\n<tr>\n<td>CooMeet<\/td>\n<td align=\"center\">\u274c (Trial)<\/td>\n<td align=\"center\">\u2705<\/td>\n<td align=\"center\">\u2705<\/td>\n<td align=\"center\">\u2705<\/td>\n<td align=\"center\">\u2705<\/td>\n<td>Pl\u0103tit, axat pe \u00eent\u00e2lnirea b\u0103rba\u021bilor cu femeile<\/td>\n<\/tr>\n<tr>\n<td>LuckyCrush<\/td>\n<td align=\"center\">\u274c<\/td>\n<td align=\"center\">\u2705<\/td>\n<td align=\"center\">\u2705<\/td>\n<td align=\"center\">\u2705<\/td>\n<td align=\"center\">\u2705<\/td>\n<td>\u00centotdeauna pl\u0103tite, chat-uri specifice genului<\/td>\n<\/tr>\n<\/tbody>\n<\/table>\n<p>StrangerCam este una dintre singurele platforme care ofer\u0103 un filtru gratuit de gen func\u021bional, astfel \u00eenc\u00e2t s\u0103 pute\u021bi discuta instantaneu cu fete aleatorii, f\u0103r\u0103 s\u0103 v\u0103 \u00eenscrie\u021bi sau s\u0103 pl\u0103ti\u021bi.<\/p>\n<h2>De ce StrangerCam este cea mai bun\u0103 alegere<\/h2>\n<p>Iat\u0103 de ce StrangerCam este unul dintre r\u0103spunsurile de top la \u00eentrebarea \"Unde pot conversa cu fete la \u00eent\u00e2mplare?\":<\/p>\n<h3>1. Este 100% Gratuit<\/h3>\n<p>F\u0103r\u0103 teste, f\u0103r\u0103 credite - doar chat-uri nelimitate.<\/p>\n<h3>2. Filtru de gen gratuit<\/h3>\n<p>Spre deosebire de majoritatea site-urilor, nu trebuie s\u0103 pl\u0103ti\u021bi suplimentar pentru a intra \u00een contact cu fete.<\/p>\n<h3>3. Nu este nevoie de \u00eenscriere<\/h3>\n<p>R\u0103m\u00e2ne\u021bi anonim \u0219i conecta\u021bi-v\u0103 instantaneu.<\/p>\n<h3>4. Sigur \u0219i moderat<\/h3>\n<p>Siguran\u021b\u0103 mai bun\u0103 dec\u00e2t <a href=\"https:\/\/strangercam.com\/ro\/omegle\/\">Omegle<\/a> avut vreodat\u0103.<\/p>\n<h3>5. Gata pentru mobil + desktop<\/h3>\n<p>Func\u021bioneaz\u0103 f\u0103r\u0103 probleme pe orice dispozitiv.<\/p>\n<h3>6. Baz\u0103 diversificat\u0103 de utilizatori de sex feminin<\/h3>\n<p>Face\u021bi cuno\u0219tin\u021b\u0103 cu fete din peste 100 de \u021b\u0103ri.<\/p>\n<h2>Testimoniale reale ale utilizatorilor<\/h2>\n<blockquote><p><em>\"C\u0103utam un site unde s\u0103 pot discuta cu fete la \u00eent\u00e2mplare f\u0103r\u0103 s\u0103 pl\u0103tesc. StrangerCam a fost singurul site care mi-a oferit rezultate.\"<\/em><br \/>\n- Daniel, 29 de ani<\/p><\/blockquote>\n<blockquote><p><em>\"Filtrul de gen este gratuit \u0219i func\u021bioneaz\u0103 perfect. Am cunoscut fete din trei \u021b\u0103ri \u00eentr-o singur\u0103 sear\u0103.\"<\/em><br \/>\n- Sophia, 22 de ani<\/p><\/blockquote>\n<blockquote><p><em>\"Majoritatea aplica\u021biilor te oblig\u0103 s\u0103 faci upgrade, dar StrangerCam este cu adev\u0103rat gratuit\u0103.\"<\/em><br \/>\n- Ryan, 31 de ani<\/p><\/blockquote>\n<blockquote><p><em>\"M\u0103 simt \u00een siguran\u021b\u0103 \u0219i simplu. \u00cemi place s\u0103 pot s\u0103ri oric\u00e2nd.\"<\/em><br \/>\n- Emma, 20 de ani<\/p><\/blockquote>\n<h2>Sfaturi de siguran\u021b\u0103 pentru chat-ul cu fete la \u00eent\u00e2mplare<\/h2>\n<p>Atunci c\u00e2nd utiliza\u021bi platforme de chat cu fete online, respecta\u021bi \u00eentotdeauna aceste reguli de siguran\u021b\u0103:<\/p>\n<ul>\n<li>Nu divulga\u021bi niciodat\u0103 informa\u021bii personale (cum ar fi num\u0103rul de telefon sau adresa).<\/li>\n<li>S\u0103ri\u021bi sau bloca\u021bi pe oricine v\u0103 face s\u0103 v\u0103 sim\u021bi\u021bi inconfortabil.<\/li>\n<li>Nu da\u021bi clic pe linkuri partajate de necunoscu\u021bi.<\/li>\n<li>Verifica\u021bi fundalul \u00eenainte de a porni camera web.<\/li>\n<li>Folosi\u021bi porecle, nu numele dvs. real.<\/li>\n<li>Respecta\u021bi regulile de v\u00e2rst\u0103 ale platformei - evita\u021bi chat-urile pentru adul\u021bi dac\u0103 ave\u021bi sub 18 ani.<\/li>\n<\/ul>\n<h2>Cum s\u0103 \u00eencepe\u021bi - pas cu pas<\/h2>\n<p>Este nevoie de doar un minut pentru a \u00eencepe s\u0103 discuta\u021bi cu fete la \u00eent\u00e2mplare:<\/p>\n<ol>\n<li>Deschide\u021bi StrangerCam pe browserul sau dispozitivul dvs.<\/li>\n<li>Permite\u021bi accesul la camer\u0103 \u0219i microfon.<\/li>\n<li>Selecta\u021bi filtrul de gen (fete).<\/li>\n<li>Face\u021bi clic pe Start Chat pentru a v\u0103 conecta instantaneu.<\/li>\n<li>Ap\u0103sa\u021bi Urm\u0103torul oric\u00e2nd pentru a cunoa\u0219te pe cineva nou.<\/li>\n<\/ol>\n<p>Rapid, gratuit \u0219i distractiv.<\/p>\n<p>Dac\u0103 te-ai \u00eentrebat \"Unde pot conversa cu fete la \u00eent\u00e2mplare?\", r\u0103spunsul este simplu: \u00een 2025, platforme precum StrangerCam fac acest lucru posibil, instantaneu \u0219i gratuit. Spre deosebire de alte servicii care blocheaz\u0103 filtrele de gen \u00een spatele zidurilor de plat\u0103 sau for\u021beaz\u0103 \u00eenscrierile, StrangerCam v\u0103 permite s\u0103 v\u0103 conecta\u021bi cu fete reale din \u00eentreaga lume \u00een c\u00e2teva secunde.<\/p>\n<p>E\u0219ti gata s\u0103 \u00eencepi? \u00cencearc\u0103 un chat aleatoriu gratuit cu fete ast\u0103zi \u0219i vezi pe cine vei \u00eent\u00e2lni \u00een continuare.<\/p>","protected":false},"excerpt":{"rendered":"<p>If you\u2019re asking yourself, \u201cWhere can I chat with random girls?\u201d, you\u2019re not alone. Every month, millions of people search for ways to instantly connect with girls online\u2014whether for fun, casual flirting, or making new friends across the globe. The good news? It&#8217;s easier than ever to find safe, free, and real platforms where you [&hellip;]<\/p>\n","protected":false},"author":8,"featured_media":0,"parent":0,"menu_order":0,"comment_status":"closed","ping_status":"closed","template":"","meta":{"footnotes":""},"class_list":["post-4869","page","type-page","status-publish","hentry"],"yoast_head":"<!-- This site is optimized with the Yoast SEO plugin v27.4 - https:\/\/yoast.com\/product\/yoast-seo-wordpress\/ -->\n<title>Where Can I Chat With Random Girls on Strangercam.com<\/title>\n<meta name=\"description\" content=\"Liking Where Can I Chat With Random Girls? Join millions on StrangerCam.com! Start a random video chat, turn on your cam, and meet strangers instantly.\" \/>\n<meta name=\"robots\" content=\"index, follow, max-snippet:-1, max-image-preview:large, max-video-preview:-1\" \/>\n<link rel=\"canonical\" href=\"https:\/\/strangercam.com\/ro\/unde-pot-discuta-cu-fete-la-intamplare\/\" \/>\n<meta property=\"og:locale\" content=\"ro_RO\" \/>\n<meta property=\"og:type\" content=\"article\" \/>\n<meta property=\"og:title\" content=\"Where Can I Chat With Random Girls on Strangercam.com\" \/>\n<meta property=\"og:description\" content=\"Liking Where Can I Chat With Random Girls? Join millions on StrangerCam.com! Start a random video chat, turn on your cam, and meet strangers instantly.\" \/>\n<meta property=\"og:url\" content=\"https:\/\/strangercam.com\/ro\/unde-pot-discuta-cu-fete-la-intamplare\/\" \/>\n<meta property=\"og:site_name\" content=\"Strangercam\" \/>\n<meta property=\"article:publisher\" content=\"https:\/\/www.facebook.com\/strangercam\" \/>\n<meta property=\"article:modified_time\" content=\"2025-09-23T10:42:03+00:00\" \/>\n<meta property=\"og:image\" content=\"https:\/\/strangercam.com\/wp-content\/uploads\/2021\/10\/Untitled-2.png\" \/>\n\t<meta property=\"og:image:width\" content=\"800\" \/>\n\t<meta property=\"og:image:height\" content=\"532\" \/>\n\t<meta property=\"og:image:type\" content=\"image\/png\" \/>\n<meta name=\"twitter:card\" content=\"summary_large_image\" \/>\n<meta name=\"twitter:site\" content=\"@strangercamapp\" \/>\n<meta name=\"twitter:label1\" content=\"Timp estimat pentru citire\" \/>\n\t<meta name=\"twitter:data1\" content=\"4 minute\" \/>\n<script type=\"application\/ld+json\" class=\"yoast-schema-graph\">{\"@context\":\"https:\\\/\\\/schema.org\",\"@graph\":[{\"@type\":\"WebPage\",\"@id\":\"https:\\\/\\\/strangercam.com\\\/where-can-i-chat-with-random-girls\\\/\",\"url\":\"https:\\\/\\\/strangercam.com\\\/where-can-i-chat-with-random-girls\\\/\",\"name\":\"Where Can I Chat With Random Girls on Strangercam.com\",\"isPartOf\":{\"@id\":\"https:\\\/\\\/strangercam.com\\\/#website\"},\"datePublished\":\"2025-09-23T09:15:28+00:00\",\"dateModified\":\"2025-09-23T10:42:03+00:00\",\"description\":\"Liking Where Can I Chat With Random Girls? Join millions on StrangerCam.com! Start a random video chat, turn on your cam, and meet strangers instantly.\",\"breadcrumb\":{\"@id\":\"https:\\\/\\\/strangercam.com\\\/where-can-i-chat-with-random-girls\\\/#breadcrumb\"},\"inLanguage\":\"ro-RO\",\"potentialAction\":[{\"@type\":\"ReadAction\",\"target\":[\"https:\\\/\\\/strangercam.com\\\/where-can-i-chat-with-random-girls\\\/\"]}]},{\"@type\":\"BreadcrumbList\",\"@id\":\"https:\\\/\\\/strangercam.com\\\/where-can-i-chat-with-random-girls\\\/#breadcrumb\",\"itemListElement\":[{\"@type\":\"ListItem\",\"position\":1,\"name\":\"Home\",\"item\":\"https:\\\/\\\/strangercam.com\\\/\"},{\"@type\":\"ListItem\",\"position\":2,\"name\":\"Where Can I Chat With Random Girls\"}]},{\"@type\":\"WebSite\",\"@id\":\"https:\\\/\\\/strangercam.com\\\/#website\",\"url\":\"https:\\\/\\\/strangercam.com\\\/\",\"name\":\"Strangercam\",\"description\":\"Random Video Chat with Strangers\",\"publisher\":{\"@id\":\"https:\\\/\\\/strangercam.com\\\/#organization\"},\"alternateName\":\"Strangercam.com\",\"potentialAction\":[{\"@type\":\"SearchAction\",\"target\":{\"@type\":\"EntryPoint\",\"urlTemplate\":\"https:\\\/\\\/strangercam.com\\\/?s={search_term_string}\"},\"query-input\":{\"@type\":\"PropertyValueSpecification\",\"valueRequired\":true,\"valueName\":\"search_term_string\"}}],\"inLanguage\":\"ro-RO\"},{\"@type\":\"Organization\",\"@id\":\"https:\\\/\\\/strangercam.com\\\/#organization\",\"name\":\"Strangercam\",\"alternateName\":\"Strangercam.com\",\"url\":\"https:\\\/\\\/strangercam.com\\\/\",\"logo\":{\"@type\":\"ImageObject\",\"inLanguage\":\"ro-RO\",\"@id\":\"https:\\\/\\\/strangercam.com\\\/#\\\/schema\\\/logo\\\/image\\\/\",\"url\":\"https:\\\/\\\/strangercam.com\\\/wp-content\\\/uploads\\\/2020\\\/11\\\/cropped-new-favicon-black.png\",\"contentUrl\":\"https:\\\/\\\/strangercam.com\\\/wp-content\\\/uploads\\\/2020\\\/11\\\/cropped-new-favicon-black.png\",\"width\":512,\"height\":512,\"caption\":\"Strangercam\"},\"image\":{\"@id\":\"https:\\\/\\\/strangercam.com\\\/#\\\/schema\\\/logo\\\/image\\\/\"},\"sameAs\":[\"https:\\\/\\\/www.facebook.com\\\/strangercam\",\"https:\\\/\\\/x.com\\\/strangercamapp\"]}]}<\/script>\n<!-- \/ Yoast SEO plugin. -->","yoast_head_json":{"title":"Unde pot s\u0103 vorbesc cu fete aleatorii pe Strangercam.com","description":"Liking Unde pot s\u0103 conversez cu fete la \u00eent\u00e2mplare? Join milioane pe StrangerCam.com! \u00cencepe un chat video aleatoriu, porne\u0219te-\u021bi camera \u0219i \u00eent\u00e2lne\u0219te str\u0103ini instantaneu.","robots":{"index":"index","follow":"follow","max-snippet":"max-snippet:-1","max-image-preview":"max-image-preview:large","max-video-preview":"max-video-preview:-1"},"canonical":"https:\/\/strangercam.com\/ro\/unde-pot-discuta-cu-fete-la-intamplare\/","og_locale":"ro_RO","og_type":"article","og_title":"Where Can I Chat With Random Girls on Strangercam.com","og_description":"Liking Where Can I Chat With Random Girls? Join millions on StrangerCam.com! Start a random video chat, turn on your cam, and meet strangers instantly.","og_url":"https:\/\/strangercam.com\/ro\/unde-pot-discuta-cu-fete-la-intamplare\/","og_site_name":"Strangercam","article_publisher":"https:\/\/www.facebook.com\/strangercam","article_modified_time":"2025-09-23T10:42:03+00:00","og_image":[{"width":800,"height":532,"url":"https:\/\/strangercam.com\/wp-content\/uploads\/2021\/10\/Untitled-2.png","type":"image\/png"}],"twitter_card":"summary_large_image","twitter_site":"@strangercamapp","twitter_misc":{"Timp estimat pentru citire":"4 minute"},"schema":{"@context":"https:\/\/schema.org","@graph":[{"@type":"WebPage","@id":"https:\/\/strangercam.com\/where-can-i-chat-with-random-girls\/","url":"https:\/\/strangercam.com\/where-can-i-chat-with-random-girls\/","name":"Unde pot s\u0103 vorbesc cu fete aleatorii pe Strangercam.com","isPartOf":{"@id":"https:\/\/strangercam.com\/#website"},"datePublished":"2025-09-23T09:15:28+00:00","dateModified":"2025-09-23T10:42:03+00:00","description":"Liking Unde pot s\u0103 conversez cu fete la \u00eent\u00e2mplare? Join milioane pe StrangerCam.com! \u00cencepe un chat video aleatoriu, porne\u0219te-\u021bi camera \u0219i \u00eent\u00e2lne\u0219te str\u0103ini instantaneu.","breadcrumb":{"@id":"https:\/\/strangercam.com\/where-can-i-chat-with-random-girls\/#breadcrumb"},"inLanguage":"ro-RO","potentialAction":[{"@type":"ReadAction","target":["https:\/\/strangercam.com\/where-can-i-chat-with-random-girls\/"]}]},{"@type":"BreadcrumbList","@id":"https:\/\/strangercam.com\/where-can-i-chat-with-random-girls\/#breadcrumb","itemListElement":[{"@type":"ListItem","position":1,"name":"Home","item":"https:\/\/strangercam.com\/"},{"@type":"ListItem","position":2,"name":"Where Can I Chat With Random Girls"}]},{"@type":"WebSite","@id":"https:\/\/strangercam.com\/#website","url":"https:\/\/strangercam.com\/","name":"Strangercam","description":"Chat video aleatoriu cu str\u0103ini","publisher":{"@id":"https:\/\/strangercam.com\/#organization"},"alternateName":"Strangercam.com","potentialAction":[{"@type":"SearchAction","target":{"@type":"EntryPoint","urlTemplate":"https:\/\/strangercam.com\/?s={search_term_string}"},"query-input":{"@type":"PropertyValueSpecification","valueRequired":true,"valueName":"search_term_string"}}],"inLanguage":"ro-RO"},{"@type":"Organization","@id":"https:\/\/strangercam.com\/#organization","name":"Strangercam","alternateName":"Strangercam.com","url":"https:\/\/strangercam.com\/","logo":{"@type":"ImageObject","inLanguage":"ro-RO","@id":"https:\/\/strangercam.com\/#\/schema\/logo\/image\/","url":"https:\/\/strangercam.com\/wp-content\/uploads\/2020\/11\/cropped-new-favicon-black.png","contentUrl":"https:\/\/strangercam.com\/wp-content\/uploads\/2020\/11\/cropped-new-favicon-black.png","width":512,"height":512,"caption":"Strangercam"},"image":{"@id":"https:\/\/strangercam.com\/#\/schema\/logo\/image\/"},"sameAs":["https:\/\/www.facebook.com\/strangercam","https:\/\/x.com\/strangercamapp"]}]}},"_links":{"self":[{"href":"https:\/\/strangercam.com\/ro\/wp-json\/wp\/v2\/pages\/4869","targetHints":{"allow":["GET"]}}],"collection":[{"href":"https:\/\/strangercam.com\/ro\/wp-json\/wp\/v2\/pages"}],"about":[{"href":"https:\/\/strangercam.com\/ro\/wp-json\/wp\/v2\/types\/page"}],"author":[{"embeddable":true,"href":"https:\/\/strangercam.com\/ro\/wp-json\/wp\/v2\/users\/8"}],"replies":[{"embeddable":true,"href":"https:\/\/strangercam.com\/ro\/wp-json\/wp\/v2\/comments?post=4869"}],"version-history":[{"count":2,"href":"https:\/\/strangercam.com\/ro\/wp-json\/wp\/v2\/pages\/4869\/revisions"}],"predecessor-version":[{"id":13042,"href":"https:\/\/strangercam.com\/ro\/wp-json\/wp\/v2\/pages\/4869\/revisions\/13042"}],"wp:attachment":[{"href":"https:\/\/strangercam.com\/ro\/wp-json\/wp\/v2\/media?parent=4869"}],"curies":[{"name":"wp","href":"https:\/\/api.w.org\/{rel}","templated":true}]}}