{"id":4851,"date":"2025-09-23T11:12:50","date_gmt":"2025-09-23T09:12:50","guid":{"rendered":"https:\/\/strangercam.com\/?page_id=4851"},"modified":"2025-09-23T12:40:15","modified_gmt":"2025-09-23T10:40:15","slug":"camere-de-chat-online-gratuite-pentru-toata-lumea","status":"publish","type":"page","link":"https:\/\/strangercam.com\/ro\/free-online-chat-rooms-for-everyone\/","title":{"rendered":"Camere de chat online gratuite pentru toat\u0103 lumea"},"content":{"rendered":"<p>C\u0103uta\u021bi online gratuit <a href=\"https:\/\/strangercam.com\/ro\/chathub\/\">chat<\/a> camere pentru toat\u0103 lumea? Sunte\u021bi \u00een locul potrivit. \u00cen lumea digital\u0103 de ast\u0103zi, oamenii t\u00e2njesc dup\u0103 interac\u021biune \u00een timp real - fie c\u0103 este vorba de a-\u0219i face prieteni noi, de a \u00eemp\u0103rt\u0103\u0219i pove\u0219ti, de a g\u0103si sprijin sau pur \u0219i simplu de a \u00eenvinge plictiseala. Spre deosebire de re\u021belele sociale, unde totul este \u00eengrijit \u0219i lustruit, camerele de chat online ofer\u0103 o modalitate spontan\u0103, nefiltrat\u0103 \u0219i distractiv\u0103 de a intra \u00een contact.<\/p>\n<p>Cu platforme precum StrangerCam, v\u0103 pute\u021bi al\u0103tura camerelor de chat gratuite unde toat\u0103 lumea este binevenit\u0103 - f\u0103r\u0103 \u00eenscrieri, f\u0103r\u0103 desc\u0103rc\u0103ri \u0219i f\u0103r\u0103 costuri ascunse. Fie c\u0103 dori\u021bi s\u0103 face\u021bi videochat cu str\u0103ini, s\u0103 discuta\u021bi ocazional sau s\u0103 explora\u021bi prietenii globale, camerele de chat gratuite r\u0103m\u00e2n una dintre cele mai populare experien\u021be online \u00een 2025.<\/p>\n<p>Acest ghid acoper\u0103 tot ce trebuie s\u0103 \u0219ti\u021bi: ce sunt camerele de chat, de ce sunt \u00eenc\u0103 populare, cum func\u021bioneaz\u0103, ce caracteristici trebuie s\u0103 c\u0103uta\u021bi, compara\u021bii ale platformelor de top, sfaturi de siguran\u021b\u0103 \u0219i de ce StrangerCam este una dintre cele mai bune alegeri din prezent.<\/p>\n<h2>Ce sunt camerele de chat online gratuite pentru toat\u0103 lumea?<\/h2>\n<p>Camerele de chat online gratuite pentru toat\u0103 lumea sunt spa\u021bii digitale \u00een care oamenii se adun\u0103 pentru a vorbi, a trimite mesaje sau a face videochat \u00een timp real. Spre deosebire de aplica\u021biile exclusive de \u00eent\u00e2lniri sau de comunit\u0103\u021bile de ni\u0219\u0103, aceste camere de chat sunt deschise tuturor - b\u0103rba\u021bi, femei, adolescen\u021bi (cu camere adecvate v\u00e2rstei) \u0219i persoane din diferite medii \u0219i \u021b\u0103ri.<\/p>\n<p>Platformele moderne combin\u0103 adesea chat-ul text, chat-ul video \u0219i caracteristicile de \u00eemperechere aleatorie pentru a crea o experien\u021b\u0103 distractiv\u0103 \u0219i interactiv\u0103.<\/p>\n<h2>De ce oamenii \u00eenc\u0103 iubesc camerele de chat gratuite<\/h2>\n<p>Camerele de chat pot p\u0103rea de \u0219coal\u0103 veche, dar sunt mai relevante ca niciodat\u0103. Iat\u0103 de ce milioane de persoane folosesc zilnic camerele de chat online gratuite:<\/p>\n<ul>\n<li>Conexiune instantanee: F\u0103r\u0103 profiluri sau biografii lungi - doar \u00eencepe\u021bi s\u0103 discuta\u021bi.<\/li>\n<li>Prietenii globale: <a href=\"https:\/\/strangercam.com\/ro\/coomeet\/\">Face\u021bi cuno\u0219tin\u021b\u0103<\/a> oameni din \u00eentreaga lume.<\/li>\n<li>Conversa\u021bii diverse: De la glume ocazionale la discu\u021bii semnificative.<\/li>\n<li>Accesibilitate: Gratuit \u0219i deschis pentru toat\u0103 lumea.<\/li>\n<li>Op\u021biuni video: Multe platforme combin\u0103 acum chat-ul text cu chat-ul video aleatoriu.<\/li>\n<li>Combaterea singur\u0103t\u0103\u021bii: O modalitate rapid\u0103 de a te sim\u021bi conectat.<\/li>\n<\/ul>\n<h2>Cum func\u021bioneaz\u0103 camerele de chat online gratuite?<\/h2>\n<p>Joining o camer\u0103 de chat gratuit\u0103 este simplu:<\/p>\n<ol>\n<li>Deschide\u021bi platforma pe desktop sau mobil.<\/li>\n<li>Intra\u021bi \u00eentr-o camer\u0103 (unele site-uri v\u0103 \u00eemperecheaz\u0103 automat cu persoane necunoscute).<\/li>\n<li>\u00cencepe\u021bi chat-ul prin text sau video.<\/li>\n<li>Schimb\u0103 oric\u00e2nd camerele sau utilizatorii pentru a cunoa\u0219te pe cineva nou.<\/li>\n<\/ol>\n<p>Unele platforme v\u0103 permit, de asemenea, s\u0103 filtra\u021bi \u00een func\u021bie de sex, loca\u021bie sau interese.<\/p>\n<h2>Caracteristici de top de c\u0103utat<\/h2>\n<p>Atunci c\u00e2nd alege\u021bi un site pentru camere de chat online gratuite pentru toat\u0103 lumea, iat\u0103 ce conteaz\u0103:<\/p>\n<h3>1. Nu este necesar\u0103 \u00eenscrierea<\/h3>\n<p>Ar trebui s\u0103 v\u0103 pute\u021bi al\u0103tura instantaneu f\u0103r\u0103 conturi.<\/p>\n<h3>2. Acces cu adev\u0103rat liber<\/h3>\n<p>Evita\u021bi site-urile care anun\u021b\u0103 c\u0103 sunt \"gratuite\", dar care blocheaz\u0103 func\u021biile principale \u00een spatele unor ziduri cu plat\u0103.<\/p>\n<h3>3. Op\u021biuni video \u0219i text<\/h3>\n<p>Un amestec de ambele face experien\u021ba mai versatil\u0103.<\/p>\n<h3>4. Modera\u021bie sigur\u0103<\/h3>\n<p>Platformele ar trebui s\u0103 aib\u0103 instrumente de raportare \u0219i moderatori activi.<\/p>\n<h3>5. Design prietenos cu mobilul<\/h3>\n<p>Experien\u021bele fluide pe telefoane \u0219i tablete sunt o necesitate.<\/p>\n<h3>6. Camere diverse \u0219i acoperire global\u0103<\/h3>\n<p>Cele mai bune platforme conecteaz\u0103 oameni din \u00eentreaga lume.<\/p>\n<h2>Cele mai bune camere de chat online gratuite \u00een 2025<\/h2>\n<p>Iat\u0103 o compara\u021bie a celor mai populare platforme care ofer\u0103 camere de chat gratuite pentru toat\u0103 lumea:<\/p>\n<table>\n<thead>\n<tr>\n<th>Platform\u0103<\/th>\n<th align=\"center\">Acces gratuit<\/th>\n<th align=\"center\">Chat video<\/th>\n<th align=\"center\">\u00cenregistrare necesar\u0103<\/th>\n<th align=\"center\">Asisten\u021b\u0103 mobil\u0103<\/th>\n<th align=\"center\">Modera\u021bie<\/th>\n<th>Note<\/th>\n<\/tr>\n<\/thead>\n<tbody>\n<tr>\n<td>StrangerCam<\/td>\n<td align=\"center\">\u2705<\/td>\n<td align=\"center\">\u2705<\/td>\n<td align=\"center\">\u274c<\/td>\n<td align=\"center\">\u2705<\/td>\n<td align=\"center\">\u2705<\/td>\n<td>Cel mai bun mix de video \u0219i chat aleatoriu<\/td>\n<\/tr>\n<tr>\n<td><a href=\"https:\/\/strangercam.com\/ro\/chatroulette\/\">Chatroulette<\/a><\/td>\n<td align=\"center\">\u2705<\/td>\n<td align=\"center\">\u2705<\/td>\n<td align=\"center\">\u274c<\/td>\n<td align=\"center\">\u2705<\/td>\n<td align=\"center\">\u2705<\/td>\n<td>Op\u021biune clasic\u0103, caracteristici limitate<\/td>\n<\/tr>\n<tr>\n<td>Chatrandom<\/td>\n<td align=\"center\">\u2705<\/td>\n<td align=\"center\">\u2705<\/td>\n<td align=\"center\">\u274c<\/td>\n<td align=\"center\">\u2705<\/td>\n<td align=\"center\">\u2705<\/td>\n<td>V\u00e2nz\u0103ri suplimentare populare, dar premium<\/td>\n<\/tr>\n<tr>\n<td><a href=\"https:\/\/strangercam.com\/ro\/ometv\/\">OmeTV<\/a><\/td>\n<td align=\"center\">\u2705<\/td>\n<td align=\"center\">\u2705<\/td>\n<td align=\"center\">\u274c<\/td>\n<td align=\"center\">\u2705<\/td>\n<td align=\"center\">\u2705<\/td>\n<td>Camere de chat mobile<\/td>\n<\/tr>\n<tr>\n<td>Shagle<\/td>\n<td align=\"center\">\u2705<\/td>\n<td align=\"center\">\u2705<\/td>\n<td align=\"center\">\u274c<\/td>\n<td align=\"center\">\u2705<\/td>\n<td align=\"center\">\u2705<\/td>\n<td>Filtre premium blocate<\/td>\n<\/tr>\n<tr>\n<td>WireClub<\/td>\n<td align=\"center\">\u2705<\/td>\n<td align=\"center\">\u274c<\/td>\n<td align=\"center\">\u2705<\/td>\n<td align=\"center\">\u2705<\/td>\n<td align=\"center\">\u2705<\/td>\n<td>Camere de chat bazate pe text, un stil mai comunitar<\/td>\n<\/tr>\n<\/tbody>\n<\/table>\n<p>StrangerCam se remarc\u0103 ca fiind una dintre cele mai bune platforme - ofer\u0103 camere de chat gratuite cu video, utilizare nelimitat\u0103 \u0219i f\u0103r\u0103 \u00eenregistrare.<\/p>\n<h2>De ce StrangerCam este cea mai bun\u0103 alegere<\/h2>\n<p>Iat\u0103 de ce StrangerCam este perfect pentru camerele de chat online gratuite pentru toat\u0103 lumea:<\/p>\n<h3>1. Complet gratuit<\/h3>\n<p>F\u0103r\u0103 taxe ascunse sau credite.<\/p>\n<h3>2. Op\u021biuni de chat video + text<\/h3>\n<p>Comuta\u021bi \u00eentre chat video aleatoriu \u0219i chat text.<\/p>\n<h3>3. Nu este nevoie de \u00eenscriere<\/h3>\n<p>Join instantaneu, r\u0103m\u00e2ne\u021bi anonim.<\/p>\n<h3>4. Sigur \u0219i moderat<\/h3>\n<p>Moderare mai bun\u0103 dec\u00e2t pe majoritatea platformelor.<\/p>\n<h3>5. Func\u021bioneaz\u0103 pretutindeni<\/h3>\n<p>Complet optimizat pentru mobil \u0219i desktop.<\/p>\n<h3>6. Inclusiv pentru to\u021bi utilizatorii<\/h3>\n<p>Oricine se poate al\u0103tura, oric\u00e2nd, oriunde.<\/p>\n<h2>Testimoniale reale ale utilizatorilor<\/h2>\n<blockquote><p><em>\"C\u0103utam camere de chat online gratuite unde s\u0103 pot cunoa\u0219te oameni noi, iar StrangerCam avea echilibrul perfect \u00eentre distrac\u021bie \u0219i siguran\u021b\u0103.\"<\/em><br \/>\n- Alex, 27 de ani<\/p><\/blockquote>\n<blockquote><p><em>\"Spre deosebire de alte platforme, nu a trebuit s\u0103 m\u0103 \u00eenscriu sau s\u0103 pl\u0103tesc pentru func\u021bii. Este cu adev\u0103rat gratuit.\"<\/em><br \/>\n- Sophia, 22 de ani<\/p><\/blockquote>\n<blockquote><p><em>\"Am avut conversa\u021bii amuzante cu str\u0103ini din cinci \u021b\u0103ri \u00eentr-o singur\u0103 sear\u0103. Este captivant.\"<\/em><br \/>\n- Ryan, 30 de ani<\/p><\/blockquote>\n<blockquote><p><em>\"\u00cen sf\u00e2r\u0219it, o camer\u0103 de chat care se simte \u00een siguran\u021b\u0103 datorit\u0103 moder\u0103rii reale.\"<\/em><br \/>\n- Emma, 19 ani<\/p><\/blockquote>\n<h2>Sfaturi de siguran\u021b\u0103 pentru camerele de chat online<\/h2>\n<p>De\u0219i camerele de chat sunt distractive, acorda\u021bi \u00eentotdeauna prioritate siguran\u021bei:<\/p>\n<ul>\n<li>Nu \u00eemp\u0103rt\u0103\u0219i\u021bi informa\u021bii personale (telefon, e-mail, adres\u0103).<\/li>\n<li>Evita\u021bi link-urile suspecte de la necunoscu\u021bi.<\/li>\n<li>Folosi\u021bi instrumente de salt\/blocare dac\u0103 nu v\u0103 sim\u021bi\u021bi confortabil.<\/li>\n<li>Verific\u0103-\u021bi trecutul dac\u0103 folose\u0219ti chat-ul video.<\/li>\n<li>R\u0103m\u00e2ne\u021bi la caracteristicile platformei, cum ar fi raportarea utilizatorilor.<\/li>\n<li>Respecta\u021bi limitele de v\u00e2rst\u0103 - evita\u021bi chat-urile pentru adul\u021bi dac\u0103 ave\u021bi sub 18 ani.<\/li>\n<\/ul>\n<h2>Cum s\u0103 \u00eencepe\u021bi - pas cu pas<\/h2>\n<p>Este nevoie de c\u00e2teva secunde pentru a v\u0103 al\u0103tura unei camere de chat online gratuite:<\/p>\n<ol>\n<li>Deschide\u021bi StrangerCam pe browser sau pe telefon.<\/li>\n<li>Permite\u021bi camera \u0219i microfonul (pentru video).<\/li>\n<li>Face\u021bi clic pe Start Chat sau al\u0103tura\u021bi-v\u0103 unei camere.<\/li>\n<li>Face\u021bi cuno\u0219tin\u021b\u0103 cu str\u0103inii instantaneu.<\/li>\n<li>Schimb\u0103 oric\u00e2nd pentru a discuta cu cineva nou.<\/li>\n<\/ol>\n<p>\u00cen 2025, camerele de chat online gratuite pentru toat\u0103 lumea r\u0103m\u00e2n una dintre cele mai bune modalit\u0103\u021bi de a cunoa\u0219te oameni online. Acestea sunt spontane, globale \u0219i distractive, oferind conversa\u021bii \u00een timp real cu persoane necunoscute din \u00eentreaga lume.<\/p>\n<p>Totu\u0219i, nu toate site-urile ofer\u0103 rezultate. Unele ascund func\u021bii \u00een spatele unor ziduri de plat\u0103 sau sunt pline de robo\u021bi. De aceea, StrangerCam este cea mai bun\u0103 alegere: este gratuit, cuprinz\u0103tor, sigur \u0219i \u00eentotdeauna activ, cu utilizatori reali gata de chat.<\/p>\n<p>E\u0219ti gata s\u0103 te \u00eenscrii? \u00cencepe\u021bi o camer\u0103 de chat online gratuit\u0103 ast\u0103zi \u0219i descoperi\u021bi pe cine ve\u021bi \u00eent\u00e2lni \u00een continuare.<\/p>","protected":false},"excerpt":{"rendered":"<p>Looking for free online chat rooms for everyone? You\u2019re in the right place. In today\u2019s digital world, people crave real-time interaction\u2014whether it\u2019s to make new friends, share stories, find support, or simply beat boredom. Unlike social networks where everything is curated and polished, online chat rooms offer a spontaneous, unfiltered, and fun way to connect. [&hellip;]<\/p>\n","protected":false},"author":8,"featured_media":0,"parent":0,"menu_order":0,"comment_status":"closed","ping_status":"closed","template":"","meta":{"footnotes":""},"class_list":["post-4851","page","type-page","status-publish","hentry"],"yoast_head":"<!-- This site is optimized with the Yoast SEO plugin v27.4 - https:\/\/yoast.com\/product\/yoast-seo-wordpress\/ -->\n<title>Free Online Chat Rooms For Everyone on Strangercam.com<\/title>\n<meta name=\"description\" content=\"Liking Free Online Chat Rooms For Everyone? Join millions on StrangerCam.com! Start a random video chat, turn on your cam, and meet strangers instantly.\" \/>\n<meta name=\"robots\" content=\"index, follow, max-snippet:-1, max-image-preview:large, max-video-preview:-1\" \/>\n<link rel=\"canonical\" href=\"https:\/\/strangercam.com\/ro\/camere-de-chat-online-gratuite-pentru-toata-lumea\/\" \/>\n<meta property=\"og:locale\" content=\"ro_RO\" \/>\n<meta property=\"og:type\" content=\"article\" \/>\n<meta property=\"og:title\" content=\"Free Online Chat Rooms For Everyone on Strangercam.com\" \/>\n<meta property=\"og:description\" content=\"Liking Free Online Chat Rooms For Everyone? Join millions on StrangerCam.com! Start a random video chat, turn on your cam, and meet strangers instantly.\" \/>\n<meta property=\"og:url\" content=\"https:\/\/strangercam.com\/ro\/camere-de-chat-online-gratuite-pentru-toata-lumea\/\" \/>\n<meta property=\"og:site_name\" content=\"Strangercam\" \/>\n<meta property=\"article:publisher\" content=\"https:\/\/www.facebook.com\/strangercam\" \/>\n<meta property=\"article:modified_time\" content=\"2025-09-23T10:40:15+00:00\" \/>\n<meta property=\"og:image\" content=\"https:\/\/strangercam.com\/wp-content\/uploads\/2021\/10\/Untitled-2.png\" \/>\n\t<meta property=\"og:image:width\" content=\"800\" \/>\n\t<meta property=\"og:image:height\" content=\"532\" \/>\n\t<meta property=\"og:image:type\" content=\"image\/png\" \/>\n<meta name=\"twitter:card\" content=\"summary_large_image\" \/>\n<meta name=\"twitter:site\" content=\"@strangercamapp\" \/>\n<meta name=\"twitter:label1\" content=\"Timp estimat pentru citire\" \/>\n\t<meta name=\"twitter:data1\" content=\"4 minute\" \/>\n<script type=\"application\/ld+json\" class=\"yoast-schema-graph\">{\"@context\":\"https:\\\/\\\/schema.org\",\"@graph\":[{\"@type\":\"WebPage\",\"@id\":\"https:\\\/\\\/strangercam.com\\\/free-online-chat-rooms-for-everyone\\\/\",\"url\":\"https:\\\/\\\/strangercam.com\\\/free-online-chat-rooms-for-everyone\\\/\",\"name\":\"Free Online Chat Rooms For Everyone on Strangercam.com\",\"isPartOf\":{\"@id\":\"https:\\\/\\\/strangercam.com\\\/#website\"},\"datePublished\":\"2025-09-23T09:12:50+00:00\",\"dateModified\":\"2025-09-23T10:40:15+00:00\",\"description\":\"Liking Free Online Chat Rooms For Everyone? Join millions on StrangerCam.com! Start a random video chat, turn on your cam, and meet strangers instantly.\",\"breadcrumb\":{\"@id\":\"https:\\\/\\\/strangercam.com\\\/free-online-chat-rooms-for-everyone\\\/#breadcrumb\"},\"inLanguage\":\"ro-RO\",\"potentialAction\":[{\"@type\":\"ReadAction\",\"target\":[\"https:\\\/\\\/strangercam.com\\\/free-online-chat-rooms-for-everyone\\\/\"]}]},{\"@type\":\"BreadcrumbList\",\"@id\":\"https:\\\/\\\/strangercam.com\\\/free-online-chat-rooms-for-everyone\\\/#breadcrumb\",\"itemListElement\":[{\"@type\":\"ListItem\",\"position\":1,\"name\":\"Home\",\"item\":\"https:\\\/\\\/strangercam.com\\\/\"},{\"@type\":\"ListItem\",\"position\":2,\"name\":\"Free Online Chat Rooms For Everyone\"}]},{\"@type\":\"WebSite\",\"@id\":\"https:\\\/\\\/strangercam.com\\\/#website\",\"url\":\"https:\\\/\\\/strangercam.com\\\/\",\"name\":\"Strangercam\",\"description\":\"Random Video Chat with Strangers\",\"publisher\":{\"@id\":\"https:\\\/\\\/strangercam.com\\\/#organization\"},\"alternateName\":\"Strangercam.com\",\"potentialAction\":[{\"@type\":\"SearchAction\",\"target\":{\"@type\":\"EntryPoint\",\"urlTemplate\":\"https:\\\/\\\/strangercam.com\\\/?s={search_term_string}\"},\"query-input\":{\"@type\":\"PropertyValueSpecification\",\"valueRequired\":true,\"valueName\":\"search_term_string\"}}],\"inLanguage\":\"ro-RO\"},{\"@type\":\"Organization\",\"@id\":\"https:\\\/\\\/strangercam.com\\\/#organization\",\"name\":\"Strangercam\",\"alternateName\":\"Strangercam.com\",\"url\":\"https:\\\/\\\/strangercam.com\\\/\",\"logo\":{\"@type\":\"ImageObject\",\"inLanguage\":\"ro-RO\",\"@id\":\"https:\\\/\\\/strangercam.com\\\/#\\\/schema\\\/logo\\\/image\\\/\",\"url\":\"https:\\\/\\\/strangercam.com\\\/wp-content\\\/uploads\\\/2020\\\/11\\\/cropped-new-favicon-black.png\",\"contentUrl\":\"https:\\\/\\\/strangercam.com\\\/wp-content\\\/uploads\\\/2020\\\/11\\\/cropped-new-favicon-black.png\",\"width\":512,\"height\":512,\"caption\":\"Strangercam\"},\"image\":{\"@id\":\"https:\\\/\\\/strangercam.com\\\/#\\\/schema\\\/logo\\\/image\\\/\"},\"sameAs\":[\"https:\\\/\\\/www.facebook.com\\\/strangercam\",\"https:\\\/\\\/x.com\\\/strangercamapp\"]}]}<\/script>\n<!-- \/ Yoast SEO plugin. -->","yoast_head_json":{"title":"Camere de chat online gratuite pentru toat\u0103 lumea pe Strangercam.com","description":"\u00ce\u021bi plac camerele de chat online gratuite pentru toat\u0103 lumea? Join milioane pe StrangerCam.com! \u00cencepe un chat video aleatoriu, porne\u0219te-\u021bi camera \u0219i \u00eent\u00e2lne\u0219te str\u0103ini instantaneu.","robots":{"index":"index","follow":"follow","max-snippet":"max-snippet:-1","max-image-preview":"max-image-preview:large","max-video-preview":"max-video-preview:-1"},"canonical":"https:\/\/strangercam.com\/ro\/camere-de-chat-online-gratuite-pentru-toata-lumea\/","og_locale":"ro_RO","og_type":"article","og_title":"Free Online Chat Rooms For Everyone on Strangercam.com","og_description":"Liking Free Online Chat Rooms For Everyone? Join millions on StrangerCam.com! Start a random video chat, turn on your cam, and meet strangers instantly.","og_url":"https:\/\/strangercam.com\/ro\/camere-de-chat-online-gratuite-pentru-toata-lumea\/","og_site_name":"Strangercam","article_publisher":"https:\/\/www.facebook.com\/strangercam","article_modified_time":"2025-09-23T10:40:15+00:00","og_image":[{"width":800,"height":532,"url":"https:\/\/strangercam.com\/wp-content\/uploads\/2021\/10\/Untitled-2.png","type":"image\/png"}],"twitter_card":"summary_large_image","twitter_site":"@strangercamapp","twitter_misc":{"Timp estimat pentru citire":"4 minute"},"schema":{"@context":"https:\/\/schema.org","@graph":[{"@type":"WebPage","@id":"https:\/\/strangercam.com\/free-online-chat-rooms-for-everyone\/","url":"https:\/\/strangercam.com\/free-online-chat-rooms-for-everyone\/","name":"Camere de chat online gratuite pentru toat\u0103 lumea pe Strangercam.com","isPartOf":{"@id":"https:\/\/strangercam.com\/#website"},"datePublished":"2025-09-23T09:12:50+00:00","dateModified":"2025-09-23T10:40:15+00:00","description":"\u00ce\u021bi plac camerele de chat online gratuite pentru toat\u0103 lumea? Join milioane pe StrangerCam.com! \u00cencepe un chat video aleatoriu, porne\u0219te-\u021bi camera \u0219i \u00eent\u00e2lne\u0219te str\u0103ini instantaneu.","breadcrumb":{"@id":"https:\/\/strangercam.com\/free-online-chat-rooms-for-everyone\/#breadcrumb"},"inLanguage":"ro-RO","potentialAction":[{"@type":"ReadAction","target":["https:\/\/strangercam.com\/free-online-chat-rooms-for-everyone\/"]}]},{"@type":"BreadcrumbList","@id":"https:\/\/strangercam.com\/free-online-chat-rooms-for-everyone\/#breadcrumb","itemListElement":[{"@type":"ListItem","position":1,"name":"Home","item":"https:\/\/strangercam.com\/"},{"@type":"ListItem","position":2,"name":"Free Online Chat Rooms For Everyone"}]},{"@type":"WebSite","@id":"https:\/\/strangercam.com\/#website","url":"https:\/\/strangercam.com\/","name":"Strangercam","description":"Chat video aleatoriu cu str\u0103ini","publisher":{"@id":"https:\/\/strangercam.com\/#organization"},"alternateName":"Strangercam.com","potentialAction":[{"@type":"SearchAction","target":{"@type":"EntryPoint","urlTemplate":"https:\/\/strangercam.com\/?s={search_term_string}"},"query-input":{"@type":"PropertyValueSpecification","valueRequired":true,"valueName":"search_term_string"}}],"inLanguage":"ro-RO"},{"@type":"Organization","@id":"https:\/\/strangercam.com\/#organization","name":"Strangercam","alternateName":"Strangercam.com","url":"https:\/\/strangercam.com\/","logo":{"@type":"ImageObject","inLanguage":"ro-RO","@id":"https:\/\/strangercam.com\/#\/schema\/logo\/image\/","url":"https:\/\/strangercam.com\/wp-content\/uploads\/2020\/11\/cropped-new-favicon-black.png","contentUrl":"https:\/\/strangercam.com\/wp-content\/uploads\/2020\/11\/cropped-new-favicon-black.png","width":512,"height":512,"caption":"Strangercam"},"image":{"@id":"https:\/\/strangercam.com\/#\/schema\/logo\/image\/"},"sameAs":["https:\/\/www.facebook.com\/strangercam","https:\/\/x.com\/strangercamapp"]}]}},"_links":{"self":[{"href":"https:\/\/strangercam.com\/ro\/wp-json\/wp\/v2\/pages\/4851","targetHints":{"allow":["GET"]}}],"collection":[{"href":"https:\/\/strangercam.com\/ro\/wp-json\/wp\/v2\/pages"}],"about":[{"href":"https:\/\/strangercam.com\/ro\/wp-json\/wp\/v2\/types\/page"}],"author":[{"embeddable":true,"href":"https:\/\/strangercam.com\/ro\/wp-json\/wp\/v2\/users\/8"}],"replies":[{"embeddable":true,"href":"https:\/\/strangercam.com\/ro\/wp-json\/wp\/v2\/comments?post=4851"}],"version-history":[{"count":2,"href":"https:\/\/strangercam.com\/ro\/wp-json\/wp\/v2\/pages\/4851\/revisions"}],"predecessor-version":[{"id":13041,"href":"https:\/\/strangercam.com\/ro\/wp-json\/wp\/v2\/pages\/4851\/revisions\/13041"}],"wp:attachment":[{"href":"https:\/\/strangercam.com\/ro\/wp-json\/wp\/v2\/media?parent=4851"}],"curies":[{"name":"wp","href":"https:\/\/api.w.org\/{rel}","templated":true}]}}