{"id":4831,"date":"2025-09-23T11:00:01","date_gmt":"2025-09-23T09:00:01","guid":{"rendered":"https:\/\/strangercam.com\/?page_id=4831"},"modified":"2025-09-23T12:38:49","modified_gmt":"2025-09-23T10:38:49","slug":"chat-aleatoriu-gratuit-cu-fete","status":"publish","type":"page","link":"https:\/\/strangercam.com\/ro\/free-random-chat-with-girls\/","title":{"rendered":"Chat aleatoriu gratuit cu fete"},"content":{"rendered":"<p>Sunte\u021bi \u00een c\u0103utarea pentru un aleatoriu gratuit <a href=\"https:\/\/strangercam.com\/ro\/chathub\/\">chat<\/a> cu <a href=\"https:\/\/strangercam.com\/ro\/video-chat-with-girls\/\">fete<\/a>? Nu e\u0219ti singurul. Milioane de oameni caut\u0103 \u00een fiecare lun\u0103 modalit\u0103\u021bi simple, instantanee \u0219i distractive de a intra \u00een contact cu fete online. Spre deosebire de aplica\u021biile de dating sau de social media, care pot p\u0103rea lente sau pline de profiluri false, chat-ul aleatoriu cu fete este direct, spontan \u0219i real.<\/p>\n<p>Cu platforme moderne precum StrangerCam, po\u021bi intra instant \u00een contact cu fete din \u00eentreaga lume - f\u0103r\u0103 \u00eenscriere, f\u0103r\u0103 desc\u0103rc\u0103ri \u0219i f\u0103r\u0103 costuri ascunse. Fie c\u0103 e\u0219ti \u00een c\u0103utarea unei prietenii, a unui flirt ocazional sau doar a unui mod distractiv de a-\u021bi petrece timpul, chat-ul aleatoriu gratuit cu fete este una dintre cele mai interesante modalit\u0103\u021bi de a cunoa\u0219te oameni noi \u00een 2025.<\/p>\n<p>Acest ghid va acoperi tot ce trebuie s\u0103 \u0219ti\u021bi: ce \u00eenseamn\u0103 chat aleatoriu gratuit cu fete, de ce este at\u00e2t de popular, cum func\u021bioneaz\u0103, care caracteristici conteaz\u0103 cel mai mult, compara\u021bii \u00eentre platforme, sfaturi de siguran\u021b\u0103 \u0219i de ce StrangerCam este cea mai bun\u0103 alegere ast\u0103zi.<\/p>\n<h2>Ce este Free Random Chat With Girls?<\/h2>\n<p>Un chat aleatoriu gratuit cu fete este un serviciu online care v\u0103 permite s\u0103 v\u0103 conecta\u021bi instantaneu cu utilizatori de sex feminin prin chat live video sau text. Spre deosebire de aplica\u021biile de \u00eent\u00e2lniri care necesit\u0103 glis\u0103ri sau \u00eenscrieri lungi, chat-ul aleatoriu este rapid - v\u0103 permite\u021bi camera, face\u021bi clic pe start \u0219i, \u00een c\u00e2teva secunde, sunte\u021bi fa\u021b\u0103 \u00een fa\u021b\u0103 cu o fat\u0103 care dore\u0219te s\u0103 discute.<\/p>\n<p>Cele mai bune platforme ofer\u0103 filtre de gen reale, astfel \u00eenc\u00e2t s\u0103 pute\u021bi alege s\u0103 v\u0103 potrivi\u021bi doar cu fete, \u0219i nu ascund aceast\u0103 caracteristic\u0103 \u00een spatele unui paywall.<\/p>\n<h2>De ce oamenii iubesc chat-ul aleatoriu cu fete<\/h2>\n<p>Popularitatea chat-ului aleatoriu gratuit cu fete a crescut vertiginos deoarece:<\/p>\n<ul>\n<li>Distrac\u021bie spontan\u0103: Fiecare conexiune este nou\u0103 \u0219i imprevizibil\u0103.<\/li>\n<li>Autenticitate: Conversa\u021biile video dovedesc c\u0103 vorbe\u0219ti cu o fat\u0103 real\u0103, nu cu un robot.<\/li>\n<li>Chimie instantanee: Nu trebuie s\u0103 a\u0219tepta\u021bi - ve\u021bi vedea dac\u0103 v\u0103 potrivi\u021bi imediat.<\/li>\n<li>Flirt \u0219i prietenie: Ideal\u0103 pentru distrac\u021bie ocazional\u0103 sau pentru a stabili leg\u0103turi autentice.<\/li>\n<li>F\u0103r\u0103 angajament: Nu sunt necesare \u00eenscrieri sau conturi.<\/li>\n<li>Acoperire global\u0103: Face\u021bi cuno\u0219tin\u021b\u0103 cu fete din \u00eentreaga lume.<\/li>\n<\/ul>\n<h2>Cum func\u021bioneaz\u0103 Free Random Chat With Girls?<\/h2>\n<p>Procesul este rapid \u0219i simplu:<\/p>\n<ol>\n<li>Deschide\u021bi platforma (desktop sau mobil\u0103).<\/li>\n<li>Permite\u021bi accesul la camer\u0103 \u0219i microfon.<\/li>\n<li>Selecta\u021bi filtrul de gen (fete).<\/li>\n<li>Face\u021bi clic pe \"Start Chat\".<\/li>\n<li>Conecteaz\u0103-te instantaneu cu o fat\u0103 la \u00eent\u00e2mplare.<\/li>\n<li>Face\u021bi clic pe \"Urm\u0103torul\" oric\u00e2nd pentru a cunoa\u0219te pe cineva nou.<\/li>\n<\/ol>\n<p>Unele platforme ofer\u0103, de asemenea, func\u021bii precum filtre de loca\u021bie, traduceri sau aplica\u021bii mobile pentru chat \u00een deplasare.<\/p>\n<h2>Caracteristici de top de c\u0103utat<\/h2>\n<p>Dac\u0103 dori\u021bi cel mai bun chat aleatoriu cu fete, asigura\u021bi-v\u0103 c\u0103 platforma include:<\/p>\n<h3>1. Filtru de gen cu adev\u0103rat liber<\/h3>\n<p>Multe site-uri pretind c\u0103 v\u0103 permit s\u0103 v\u0103 \u00eent\u00e2lni\u021bi cu fete, dar solicit\u0103 plata. C\u0103uta\u021bi o platform\u0103 unde acest lucru este gratuit.<\/p>\n<h3>2. Nu este necesar\u0103 \u00eenscrierea<\/h3>\n<p>P\u0103stra\u021bi anonimatul \u0219i evita\u021bi s\u0103 furniza\u021bi detalii personale.<\/p>\n<h3>3. Modera\u021bie puternic\u0103<\/h3>\n<p>Raportarea activ\u0103 \u0219i moderarea men\u021bin spa\u021biul \u00een siguran\u021b\u0103.<\/p>\n<h3>4. Video \u0219i audio de \u00eenalt\u0103 calitate<\/h3>\n<p>Conexiunile fluide fac chat-ul mai pl\u0103cut.<\/p>\n<h3>5. Design prietenos cu mobilul<\/h3>\n<p>Asigura\u021bi-v\u0103 c\u0103 func\u021bioneaz\u0103 at\u00e2t pe telefoane, c\u00e2t \u0219i pe desktopuri.<\/p>\n<h2>Cele mai bune platforme gratuite de chat aleatoriu cu fete \u00een 2025<\/h2>\n<p>Iat\u0103 o compara\u021bie a platformelor de top pentru chat-uri aleatorii cu fete:<\/p>\n<table>\n<thead>\n<tr>\n<th>Platform\u0103<\/th>\n<th align=\"center\">Acces gratuit<\/th>\n<th align=\"center\">Filtru de gen<\/th>\n<th align=\"center\">\u00cenregistrare necesar\u0103<\/th>\n<th align=\"center\">Asisten\u021b\u0103 mobil\u0103<\/th>\n<th align=\"center\">Modera\u021bie<\/th>\n<th>Note<\/th>\n<\/tr>\n<\/thead>\n<tbody>\n<tr>\n<td>StrangerCam<\/td>\n<td align=\"center\">\u2705<\/td>\n<td align=\"center\">\u2705 (Gratuit)<\/td>\n<td align=\"center\">\u274c<\/td>\n<td align=\"center\">\u2705<\/td>\n<td align=\"center\">\u2705<\/td>\n<td>Cea mai bun\u0103 alegere pentru chat-uri gratuite cu fete<\/td>\n<\/tr>\n<tr>\n<td><a href=\"https:\/\/strangercam.com\/ro\/chatroulette\/\">Chatroulette<\/a><\/td>\n<td align=\"center\">\u2705<\/td>\n<td align=\"center\">\u274c (pl\u0103tit)<\/td>\n<td align=\"center\">\u274c<\/td>\n<td align=\"center\">\u2705<\/td>\n<td align=\"center\">\u2705<\/td>\n<td>Clasic, dar f\u0103r\u0103 filtre gratuite<\/td>\n<\/tr>\n<tr>\n<td>Chatrandom<\/td>\n<td align=\"center\">\u2705<\/td>\n<td align=\"center\">\u274c (pl\u0103tit)<\/td>\n<td align=\"center\">\u274c<\/td>\n<td align=\"center\">\u2705<\/td>\n<td align=\"center\">\u2705<\/td>\n<td>Popular, dar necesit\u0103 upgrade-uri<\/td>\n<\/tr>\n<tr>\n<td>Shagle<\/td>\n<td align=\"center\">\u2705<\/td>\n<td align=\"center\">\u274c (pl\u0103tit)<\/td>\n<td align=\"center\">\u274c<\/td>\n<td align=\"center\">\u2705<\/td>\n<td align=\"center\">\u2705<\/td>\n<td>Gratuit pentru \u00eenceput, filtre premium blocate<\/td>\n<\/tr>\n<tr>\n<td><a href=\"https:\/\/strangercam.com\/ro\/coomeet\/\">CooMeet<\/a><\/td>\n<td align=\"center\">\u274c (Trial)<\/td>\n<td align=\"center\">\u2705<\/td>\n<td align=\"center\">\u2705<\/td>\n<td align=\"center\">\u2705<\/td>\n<td align=\"center\">\u2705<\/td>\n<td>Pl\u0103tit dup\u0103 o scurt\u0103 perioad\u0103 de prob\u0103<\/td>\n<\/tr>\n<tr>\n<td>LuckyCrush<\/td>\n<td align=\"center\">\u274c<\/td>\n<td align=\"center\">\u2705<\/td>\n<td align=\"center\">\u2705<\/td>\n<td align=\"center\">\u2705<\/td>\n<td align=\"center\">\u2705<\/td>\n<td>\u00centotdeauna pl\u0103tite, \u00een func\u021bie de sex<\/td>\n<\/tr>\n<\/tbody>\n<\/table>\n<p>StrangerCam iese \u00een eviden\u021b\u0103 ca fiind una dintre singurele platforme care ofer\u0103 un filtru de gen gratuit, astfel \u00eenc\u00e2t s\u0103 pute\u021bi discuta cu fete instantaneu, f\u0103r\u0103 \u00eenscriere sau taxe ascunse.<\/p>\n<h2>De ce StrangerCam este cea mai bun\u0103 alegere<\/h2>\n<p>Iat\u0103 de ce StrangerCam este cea mai bun\u0103 alegere pentru chat aleatoriu cu fete \u00een 2025:<\/p>\n<h3>1. Filtru de gen gratuit<\/h3>\n<p>Spre deosebire de alte platforme, StrangerCam v\u0103 permite s\u0103 v\u0103 conecta\u021bi cu fete f\u0103r\u0103 s\u0103 pl\u0103ti\u021bi.<\/p>\n<h3>2. Complet gratuit \u0219i nelimitat<\/h3>\n<p>F\u0103r\u0103 taxe ascunse, f\u0103r\u0103 sistem de credit - doar chat-uri nelimitate.<\/p>\n<h3>3. Nu este nevoie de \u00eenscriere<\/h3>\n<p>R\u0103m\u00e2ne\u021bi anonim \u0219i conecta\u021bi-v\u0103 \u00een c\u00e2teva secunde.<\/p>\n<h3>4. Sigur \u0219i moderat<\/h3>\n<p>Moderarea activ\u0103 face ca experien\u021ba s\u0103 fie mai sigur\u0103 dec\u00e2t pe majoritatea platformelor.<\/p>\n<h3>5. Func\u021bioneaz\u0103 pe toate dispozitivele<\/h3>\n<p>Optimizat pentru telefoane, tablete \u0219i desktop-uri.<\/p>\n<h3>6. Baza global\u0103 de utilizatori de sex feminin<\/h3>\n<p>Face\u021bi cuno\u0219tin\u021b\u0103 cu fete din mai mult de 100 de \u021b\u0103ri.<\/p>\n<h2>Testimoniale reale ale utilizatorilor<\/h2>\n<blockquote><p><em>\"Am \u00eencercat alte site-uri, dar toate m-au f\u0103cut s\u0103 pl\u0103tesc pentru a discuta cu fete. StrangerCam chiar \u00eemi permite s\u0103 o fac gratuit.\"<\/em><br \/>\n- Daniel, 28<\/p><\/blockquote>\n<blockquote><p><em>\"M-am \u00eemprietenit cu fete din trei \u021b\u0103ri diferite. Este distractiv \u0219i m\u0103 simt \u00een siguran\u021b\u0103.\"<\/em><br \/>\n- Sophia, 22 de ani<\/p><\/blockquote>\n<blockquote><p><em>\"Filtrul de gen func\u021bioneaz\u0103 f\u0103r\u0103 taxe ascunse - \u00een sf\u00e2r\u0219it, un site care ofer\u0103.\"<\/em><br \/>\n- Ryan, 30 de ani<\/p><\/blockquote>\n<blockquote><p><em>\"Rapid, distractiv \u0219i gratuit. StrangerCam este preferatul meu pentru discu\u021bii aleatorii cu fete.\"<\/em><br \/>\n- Leah, 19 ani<\/p><\/blockquote>\n<h2>Sfaturi de siguran\u021b\u0103 pentru chat aleatoriu cu fete<\/h2>\n<p>De\u0219i este distractiv s\u0103 discu\u021bi online, fii \u00eentotdeauna \u00een siguran\u021b\u0103:<\/p>\n<ul>\n<li>Nu \u00eemp\u0103rt\u0103\u0219i\u021bi detalii personale precum num\u0103rul de telefon sau adresa.<\/li>\n<li>Evita\u021bi s\u0103 da\u021bi clic pe linkuri de la necunoscu\u021bi.<\/li>\n<li>Folosi\u021bi liber \"Urm\u0103torul\" dac\u0103 nu v\u0103 sim\u021bi\u021bi confortabil.<\/li>\n<li>Verifica\u021bi fundalul \u00eenainte de a porni camera web.<\/li>\n<li>R\u0103m\u00e2ne\u021bi la instrumentele platformei pentru raportare sau blocare.<\/li>\n<li>Respecta\u021bi regulile de v\u00e2rst\u0103 - nu utiliza\u021bi dac\u0103 ave\u021bi sub 18 ani.<\/li>\n<\/ul>\n<h2>Cum s\u0103 \u00eencepe\u021bi - pas cu pas<\/h2>\n<p>Dureaz\u0103 doar c\u00e2teva secunde pentru a \u00eencepe un chat aleatoriu gratuit cu fete:<\/p>\n<ol>\n<li>Deschide\u021bi StrangerCam pe dispozitivul dvs.<\/li>\n<li>Permite\u021bi accesul la camer\u0103 \u0219i microfon.<\/li>\n<li>Alege\u021bi filtrul de gen (fete).<\/li>\n<li>Face\u021bi clic pe Start Chat.<\/li>\n<li>Ap\u0103sa\u021bi Urm\u0103torul oric\u00e2nd pentru a cunoa\u0219te pe cineva nou.<\/li>\n<\/ol>\n<p>Rapid, simplu \u0219i complet gratuit.<\/p>\n<p>\u00cen 2025, chat-ul aleatoriu gratuit cu fete este una dintre cele mai interesante \u0219i autentice modalit\u0103\u021bi de a cunoa\u0219te oameni noi online. Spre deosebire de aplica\u021biile de dating sau de social media, este spontan, real \u0219i instantaneu.<\/p>\n<p>Totu\u0219i, nu toate site-urile sunt pe m\u0103sur\u0103 - multe dintre ele blocheaz\u0103 caracteristicile \u00een spatele unor ziduri cu plat\u0103 sau \u00ee\u0219i inund\u0103 chat-urile cu robo\u021bi. Acesta este motivul pentru care StrangerCam este cea mai bun\u0103 alegere: gratuit, sigur, global \u0219i \u00eentotdeauna plin de utilizatori reali.<\/p>\n<p>E\u0219ti gata s\u0103 te conectezi? \u00cencepe\u021bi un chat aleatoriu gratuit cu fete ast\u0103zi \u0219i vede\u021bi pe cine ve\u021bi \u00eent\u00e2lni \u00een continuare.<\/p>","protected":false},"excerpt":{"rendered":"<p>Are you searching for a free random chat with girls? You\u2019re not the only one. Millions of people every month look for simple, instant, and fun ways to connect with girls online. Unlike dating apps or social media, which can feel slow or full of fake profiles, random chat with girls is direct, spontaneous, and [&hellip;]<\/p>\n","protected":false},"author":8,"featured_media":0,"parent":0,"menu_order":0,"comment_status":"closed","ping_status":"closed","template":"","meta":{"footnotes":""},"class_list":["post-4831","page","type-page","status-publish","hentry"],"yoast_head":"<!-- This site is optimized with the Yoast SEO plugin v27.4 - https:\/\/yoast.com\/product\/yoast-seo-wordpress\/ -->\n<title>Free Random Chat With Girls - StrangerCam.com: Cam With Strangers<\/title>\n<meta name=\"description\" content=\"Free Random Chat With Girls anonymously with over 5.000.000 strangers. No Sign-Up Required! Cam with strangers on StrangerCam.com.\" \/>\n<meta name=\"robots\" content=\"index, follow, max-snippet:-1, max-image-preview:large, max-video-preview:-1\" \/>\n<link rel=\"canonical\" href=\"https:\/\/strangercam.com\/ro\/chat-aleatoriu-gratuit-cu-fete\/\" \/>\n<meta property=\"og:locale\" content=\"ro_RO\" \/>\n<meta property=\"og:type\" content=\"article\" \/>\n<meta property=\"og:title\" content=\"Free Random Chat With Girls - StrangerCam.com: Cam With Strangers\" \/>\n<meta property=\"og:description\" content=\"Free Random Chat With Girls anonymously with over 5.000.000 strangers. No Sign-Up Required! Cam with strangers on StrangerCam.com.\" \/>\n<meta property=\"og:url\" content=\"https:\/\/strangercam.com\/ro\/chat-aleatoriu-gratuit-cu-fete\/\" \/>\n<meta property=\"og:site_name\" content=\"Strangercam\" \/>\n<meta property=\"article:publisher\" content=\"https:\/\/www.facebook.com\/strangercam\" \/>\n<meta property=\"article:modified_time\" content=\"2025-09-23T10:38:49+00:00\" \/>\n<meta property=\"og:image\" content=\"https:\/\/strangercam.com\/wp-content\/uploads\/2021\/10\/Untitled-2.png\" \/>\n\t<meta property=\"og:image:width\" content=\"800\" \/>\n\t<meta property=\"og:image:height\" content=\"532\" \/>\n\t<meta property=\"og:image:type\" content=\"image\/png\" \/>\n<meta name=\"twitter:card\" content=\"summary_large_image\" \/>\n<meta name=\"twitter:site\" content=\"@strangercamapp\" \/>\n<meta name=\"twitter:label1\" content=\"Timp estimat pentru citire\" \/>\n\t<meta name=\"twitter:data1\" content=\"4 minute\" \/>\n<script type=\"application\/ld+json\" class=\"yoast-schema-graph\">{\"@context\":\"https:\\\/\\\/schema.org\",\"@graph\":[{\"@type\":\"WebPage\",\"@id\":\"https:\\\/\\\/strangercam.com\\\/free-random-chat-with-girls\\\/\",\"url\":\"https:\\\/\\\/strangercam.com\\\/free-random-chat-with-girls\\\/\",\"name\":\"Free Random Chat With Girls - StrangerCam.com: Cam With Strangers\",\"isPartOf\":{\"@id\":\"https:\\\/\\\/strangercam.com\\\/#website\"},\"datePublished\":\"2025-09-23T09:00:01+00:00\",\"dateModified\":\"2025-09-23T10:38:49+00:00\",\"description\":\"Free Random Chat With Girls anonymously with over 5.000.000 strangers. No Sign-Up Required! Cam with strangers on StrangerCam.com.\",\"breadcrumb\":{\"@id\":\"https:\\\/\\\/strangercam.com\\\/free-random-chat-with-girls\\\/#breadcrumb\"},\"inLanguage\":\"ro-RO\",\"potentialAction\":[{\"@type\":\"ReadAction\",\"target\":[\"https:\\\/\\\/strangercam.com\\\/free-random-chat-with-girls\\\/\"]}]},{\"@type\":\"BreadcrumbList\",\"@id\":\"https:\\\/\\\/strangercam.com\\\/free-random-chat-with-girls\\\/#breadcrumb\",\"itemListElement\":[{\"@type\":\"ListItem\",\"position\":1,\"name\":\"Home\",\"item\":\"https:\\\/\\\/strangercam.com\\\/\"},{\"@type\":\"ListItem\",\"position\":2,\"name\":\"Free Random Chat With Girls\"}]},{\"@type\":\"WebSite\",\"@id\":\"https:\\\/\\\/strangercam.com\\\/#website\",\"url\":\"https:\\\/\\\/strangercam.com\\\/\",\"name\":\"Strangercam\",\"description\":\"Random Video Chat with Strangers\",\"publisher\":{\"@id\":\"https:\\\/\\\/strangercam.com\\\/#organization\"},\"alternateName\":\"Strangercam.com\",\"potentialAction\":[{\"@type\":\"SearchAction\",\"target\":{\"@type\":\"EntryPoint\",\"urlTemplate\":\"https:\\\/\\\/strangercam.com\\\/?s={search_term_string}\"},\"query-input\":{\"@type\":\"PropertyValueSpecification\",\"valueRequired\":true,\"valueName\":\"search_term_string\"}}],\"inLanguage\":\"ro-RO\"},{\"@type\":\"Organization\",\"@id\":\"https:\\\/\\\/strangercam.com\\\/#organization\",\"name\":\"Strangercam\",\"alternateName\":\"Strangercam.com\",\"url\":\"https:\\\/\\\/strangercam.com\\\/\",\"logo\":{\"@type\":\"ImageObject\",\"inLanguage\":\"ro-RO\",\"@id\":\"https:\\\/\\\/strangercam.com\\\/#\\\/schema\\\/logo\\\/image\\\/\",\"url\":\"https:\\\/\\\/strangercam.com\\\/wp-content\\\/uploads\\\/2020\\\/11\\\/cropped-new-favicon-black.png\",\"contentUrl\":\"https:\\\/\\\/strangercam.com\\\/wp-content\\\/uploads\\\/2020\\\/11\\\/cropped-new-favicon-black.png\",\"width\":512,\"height\":512,\"caption\":\"Strangercam\"},\"image\":{\"@id\":\"https:\\\/\\\/strangercam.com\\\/#\\\/schema\\\/logo\\\/image\\\/\"},\"sameAs\":[\"https:\\\/\\\/www.facebook.com\\\/strangercam\",\"https:\\\/\\\/x.com\\\/strangercamapp\"]}]}<\/script>\n<!-- \/ Yoast SEO plugin. -->","yoast_head_json":{"title":"Chat aleatoriu gratuit cu fete - StrangerCam.com: Cam cu Strangers","description":"Free Random Chat With Girls anonim cu peste 5.000.000 de str\u0103ini. Nu este necesar\u0103 \u00eenscrierea! Cam cu str\u0103ini pe StrangerCam.com.","robots":{"index":"index","follow":"follow","max-snippet":"max-snippet:-1","max-image-preview":"max-image-preview:large","max-video-preview":"max-video-preview:-1"},"canonical":"https:\/\/strangercam.com\/ro\/chat-aleatoriu-gratuit-cu-fete\/","og_locale":"ro_RO","og_type":"article","og_title":"Free Random Chat With Girls - StrangerCam.com: Cam With Strangers","og_description":"Free Random Chat With Girls anonymously with over 5.000.000 strangers. No Sign-Up Required! Cam with strangers on StrangerCam.com.","og_url":"https:\/\/strangercam.com\/ro\/chat-aleatoriu-gratuit-cu-fete\/","og_site_name":"Strangercam","article_publisher":"https:\/\/www.facebook.com\/strangercam","article_modified_time":"2025-09-23T10:38:49+00:00","og_image":[{"width":800,"height":532,"url":"https:\/\/strangercam.com\/wp-content\/uploads\/2021\/10\/Untitled-2.png","type":"image\/png"}],"twitter_card":"summary_large_image","twitter_site":"@strangercamapp","twitter_misc":{"Timp estimat pentru citire":"4 minute"},"schema":{"@context":"https:\/\/schema.org","@graph":[{"@type":"WebPage","@id":"https:\/\/strangercam.com\/free-random-chat-with-girls\/","url":"https:\/\/strangercam.com\/free-random-chat-with-girls\/","name":"Chat aleatoriu gratuit cu fete - StrangerCam.com: Cam cu Strangers","isPartOf":{"@id":"https:\/\/strangercam.com\/#website"},"datePublished":"2025-09-23T09:00:01+00:00","dateModified":"2025-09-23T10:38:49+00:00","description":"Free Random Chat With Girls anonim cu peste 5.000.000 de str\u0103ini. Nu este necesar\u0103 \u00eenscrierea! Cam cu str\u0103ini pe StrangerCam.com.","breadcrumb":{"@id":"https:\/\/strangercam.com\/free-random-chat-with-girls\/#breadcrumb"},"inLanguage":"ro-RO","potentialAction":[{"@type":"ReadAction","target":["https:\/\/strangercam.com\/free-random-chat-with-girls\/"]}]},{"@type":"BreadcrumbList","@id":"https:\/\/strangercam.com\/free-random-chat-with-girls\/#breadcrumb","itemListElement":[{"@type":"ListItem","position":1,"name":"Home","item":"https:\/\/strangercam.com\/"},{"@type":"ListItem","position":2,"name":"Free Random Chat With Girls"}]},{"@type":"WebSite","@id":"https:\/\/strangercam.com\/#website","url":"https:\/\/strangercam.com\/","name":"Strangercam","description":"Chat video aleatoriu cu str\u0103ini","publisher":{"@id":"https:\/\/strangercam.com\/#organization"},"alternateName":"Strangercam.com","potentialAction":[{"@type":"SearchAction","target":{"@type":"EntryPoint","urlTemplate":"https:\/\/strangercam.com\/?s={search_term_string}"},"query-input":{"@type":"PropertyValueSpecification","valueRequired":true,"valueName":"search_term_string"}}],"inLanguage":"ro-RO"},{"@type":"Organization","@id":"https:\/\/strangercam.com\/#organization","name":"Strangercam","alternateName":"Strangercam.com","url":"https:\/\/strangercam.com\/","logo":{"@type":"ImageObject","inLanguage":"ro-RO","@id":"https:\/\/strangercam.com\/#\/schema\/logo\/image\/","url":"https:\/\/strangercam.com\/wp-content\/uploads\/2020\/11\/cropped-new-favicon-black.png","contentUrl":"https:\/\/strangercam.com\/wp-content\/uploads\/2020\/11\/cropped-new-favicon-black.png","width":512,"height":512,"caption":"Strangercam"},"image":{"@id":"https:\/\/strangercam.com\/#\/schema\/logo\/image\/"},"sameAs":["https:\/\/www.facebook.com\/strangercam","https:\/\/x.com\/strangercamapp"]}]}},"_links":{"self":[{"href":"https:\/\/strangercam.com\/ro\/wp-json\/wp\/v2\/pages\/4831","targetHints":{"allow":["GET"]}}],"collection":[{"href":"https:\/\/strangercam.com\/ro\/wp-json\/wp\/v2\/pages"}],"about":[{"href":"https:\/\/strangercam.com\/ro\/wp-json\/wp\/v2\/types\/page"}],"author":[{"embeddable":true,"href":"https:\/\/strangercam.com\/ro\/wp-json\/wp\/v2\/users\/8"}],"replies":[{"embeddable":true,"href":"https:\/\/strangercam.com\/ro\/wp-json\/wp\/v2\/comments?post=4831"}],"version-history":[{"count":2,"href":"https:\/\/strangercam.com\/ro\/wp-json\/wp\/v2\/pages\/4831\/revisions"}],"predecessor-version":[{"id":13040,"href":"https:\/\/strangercam.com\/ro\/wp-json\/wp\/v2\/pages\/4831\/revisions\/13040"}],"wp:attachment":[{"href":"https:\/\/strangercam.com\/ro\/wp-json\/wp\/v2\/media?parent=4831"}],"curies":[{"name":"wp","href":"https:\/\/api.w.org\/{rel}","templated":true}]}}