{"id":4141,"date":"2025-09-08T08:04:51","date_gmt":"2025-09-08T06:04:51","guid":{"rendered":"https:\/\/strangercam.com\/?page_id=4141"},"modified":"2025-09-08T10:12:00","modified_gmt":"2025-09-08T08:12:00","slug":"cam-dating","status":"publish","type":"page","link":"https:\/\/strangercam.com\/ro\/cam-dating\/","title":{"rendered":"Cam Dating"},"content":{"rendered":"<p>Sunte\u021bi curios despre <a href=\"https:\/\/strangercam.com\/ro\/bazoocam\/\">came<\/a> \u00eent\u00e2lniri? Nu sunte\u021bi singuri. Din ce \u00een ce mai mul\u021bi oameni apeleaz\u0103 la chat-urile video online ca o modalitate distractiv\u0103 \u0219i autentic\u0103 de a stabili leg\u0103turi. Spre deosebire de aplica\u021biile tradi\u021bionale de \u00eent\u00e2lniri, unde conversa\u021biile pot p\u0103rea lente sau false, \u00eent\u00e2lnirile cu camere video \u00ee\u021bi permit s\u0103 vezi \u0219i s\u0103 vorbe\u0219ti cu cineva instantaneu. Este ceva personal, real \u0219i adesea mai interesant dec\u00e2t simpla trecere prin profiluri.<\/p>\n<p>Cu ajutorul unor platforme precum StrangerCam, pute\u021bi \u00eencepe o <a href=\"https:\/\/strangercam.com\/ro\/cam-la-cam-chat\/\">Camer\u0103 gratuit\u0103<\/a> experien\u021b\u0103 de \u00eent\u00e2lnire chiar acum - f\u0103r\u0103 \u00eenscriere, f\u0103r\u0103 desc\u0103rc\u0103ri \u0219i f\u0103r\u0103 costuri ascunse. Fie c\u0103 e\u0219ti \u00een c\u0103utare de prietenie, flirt ocazional sau ceva mai serios, \u00eent\u00e2lnirile cu camere video sunt una dintre modalit\u0103\u021bile cu cea mai rapid\u0103 cre\u0219tere de a cunoa\u0219te oameni noi \u00een 2025.<\/p>\n<p>Acest ghid acoper\u0103 tot ce trebuie s\u0103 \u0219ti\u021bi: ce sunt \u00eent\u00e2lnirile cu camere video, de ce sunt at\u00e2t de populare, cum func\u021bioneaz\u0103, ce caracteristici trebuie s\u0103 c\u0103uta\u021bi, o compara\u021bie a platformelor de top, sfaturi de siguran\u021b\u0103 \u0219i de ce StrangerCam este una dintre cele mai bune alegeri pentru \u00eent\u00e2lnirile gratuite cu camere video de ast\u0103zi.<\/p>\n<h2>Ce este Cam Dating?<\/h2>\n<p>Cam dating este o form\u0103 de dating online care folose\u0219te video live <a href=\"https:\/\/strangercam.com\/ro\/chathub\/\">chat<\/a> pentru a conecta dou\u0103 persoane fa\u021b\u0103 \u00een fa\u021b\u0103 \u00een timp real. \u00cen loc s\u0103 defila\u021bi prin profiluri nesf\u00e2r\u0219ite sau s\u0103 a\u0219tepta\u021bi potriviri, \u00eent\u00e2lnirile cu camera se concentreaz\u0103 pe o chimie instantanee - vede\u021bi cealalt\u0103 persoan\u0103 imediat \u0219i decide\u021bi dac\u0103 vibra\u021bia este potrivit\u0103.<\/p>\n<p>Formatul este privat, simplu \u0219i direct. V\u0103 permite\u021bi camera, face\u021bi clic pe \"Start\" \u0219i sunte\u021bi conectat instantaneu cu cineva care caut\u0103, de asemenea, o conversa\u021bie. Dac\u0103 nu v\u0103 \u00een\u021belege\u021bi, ap\u0103sa\u021bi \"Next\" \u0219i ve\u021bi fi pus \u00een leg\u0103tur\u0103 cu altcineva.<\/p>\n<h2>De ce oamenii iubesc Free Cam Dating<\/h2>\n<p>Atrac\u021bia \u00eent\u00e2lnirilor gratuite cu camere video este clar\u0103:<\/p>\n<ul>\n<li>Autenticitate: \u0218tii c\u0103 persoana este real\u0103, nu un profil fals sau un robot.<\/li>\n<li>Chimie instantanee: F\u0103r\u0103 a\u0219teptare - decide\u021bi rapid dac\u0103 exist\u0103 o sc\u00e2nteie.<\/li>\n<li>Spontaneitate: Fiecare chat video este unic \u0219i imprevizibil.<\/li>\n<li>Confiden\u021bialitate: Spre deosebire de camerele de grup, \u00eent\u00e2lnirile cu camere video sunt unu-la-unu.<\/li>\n<li>Acoperire global\u0103: Face\u021bi cuno\u0219tin\u021b\u0103 cu oameni din \u00eentreaga lume 24\/7.<\/li>\n<li>Amuzant \u0219i incitant: Un amestec de flirt, prietenie \u0219i schimb cultural.<\/li>\n<\/ul>\n<h2>Cum func\u021bioneaz\u0103 Cam Dating?<\/h2>\n<p>Este simplu s\u0103 \u00eencepi s\u0103 folose\u0219ti cam dating:<\/p>\n<ol>\n<li>Deschide\u021bi o platform\u0103 de \u00eent\u00e2lniri cu camere video, cum ar fi StrangerCam.<\/li>\n<li>Permite\u021bi accesul la camer\u0103 \u0219i microfon.<\/li>\n<li>Face\u021bi clic pe \"Start Chat\".<\/li>\n<li>Face\u021bi cuno\u0219tin\u021b\u0103 instantaneu cu cineva \u00een cadrul unui apel video privat.<\/li>\n<li>Face\u021bi clic pe \"Urm\u0103torul\" pentru a trece mai departe dac\u0103 vibra\u021bia nu este potrivit\u0103.<\/li>\n<\/ol>\n<p>\u00centregul proces dureaz\u0103 mai pu\u021bin de un minut \u0219i poate duce la ore \u00eentregi de conversa\u021bii amuzante \u0219i spontane.<\/p>\n<h2>Caracteristici de top de c\u0103utat<\/h2>\n<p>Atunci c\u00e2nd alege\u021bi un site de \u00eent\u00e2lniri cu came, \u021bine\u021bi cont de aceste caracteristici:<\/p>\n<h3>1. Acces cu adev\u0103rat liber<\/h3>\n<p>Multe site-uri pretind c\u0103 sunt gratuite, dar blocheaz\u0103 caracteristicile esen\u021biale \u00een spatele unor ziduri cu plat\u0103. C\u0103uta\u021bi chat gratuit nelimitat.<\/p>\n<h3>2. Nu este necesar\u0103 \u00eenscrierea<\/h3>\n<p>Cele mai bune platforme de cam dating v\u0103 permit s\u0103 \u00eencepe\u021bi f\u0103r\u0103 s\u0103 v\u0103 crea\u021bi un cont.<\/p>\n<h3>3. Filtre de gen \u0219i loca\u021bie<\/h3>\n<p>Util pentru a g\u0103si persoane care corespund preferin\u021belor dvs.<\/p>\n<h3>4. Modera\u021bie sigur\u0103<\/h3>\n<p>Instrumente puternice de raportare \u0219i blocare men\u021bin spa\u021biul \u00een siguran\u021b\u0103.<\/p>\n<h3>5. Experien\u021b\u0103 prietenoas\u0103 pentru mobil<\/h3>\n<p>Asigura\u021bi-v\u0103 c\u0103 platforma func\u021bioneaz\u0103 la fel de bine pe smartphone-uri ca \u0219i pe desktop.<\/p>\n<h3>6. Video \u0219i audio de \u00eenalt\u0103 calitate<\/h3>\n<p>Conexiunile clare faciliteaz\u0103 crearea unei leg\u0103turi.<\/p>\n<h2>Cel mai bun Cam Dating Platforme \u00een 2025<\/h2>\n<p>Iat\u0103 o compara\u021bie a celor mai populare platforme pentru \u00eent\u00e2lniri cu came:<\/p>\n<table>\n<thead>\n<tr>\n<th>Platform\u0103<\/th>\n<th align=\"center\">Acces gratuit<\/th>\n<th align=\"center\">Filtru de gen<\/th>\n<th align=\"center\">\u00cenregistrare necesar\u0103<\/th>\n<th align=\"center\">Asisten\u021b\u0103 mobil\u0103<\/th>\n<th align=\"center\">Modera\u021bie<\/th>\n<th>Note<\/th>\n<\/tr>\n<\/thead>\n<tbody>\n<tr>\n<td>StrangerCam<\/td>\n<td align=\"center\">\u2705<\/td>\n<td align=\"center\">\u2705 (Gratuit)<\/td>\n<td align=\"center\">\u274c<\/td>\n<td align=\"center\">\u2705<\/td>\n<td align=\"center\">\u2705<\/td>\n<td>Cea mai bun\u0103 alegere pentru \u00eent\u00e2lniri gratuite cu camere video<\/td>\n<\/tr>\n<tr>\n<td><a href=\"https:\/\/strangercam.com\/ro\/chatroulette\/\">Chatroulette<\/a><\/td>\n<td align=\"center\">\u2705<\/td>\n<td align=\"center\">\u274c (pl\u0103tit)<\/td>\n<td align=\"center\">\u274c<\/td>\n<td align=\"center\">\u2705<\/td>\n<td align=\"center\">\u2705<\/td>\n<td>Clasic, dar costul filtrelor de gen<\/td>\n<\/tr>\n<tr>\n<td>Chatrandom<\/td>\n<td align=\"center\">\u2705<\/td>\n<td align=\"center\">\u274c (pl\u0103tit)<\/td>\n<td align=\"center\">\u274c<\/td>\n<td align=\"center\">\u2705<\/td>\n<td align=\"center\">\u2705<\/td>\n<td>Baz\u0103 mare de utilizatori, actualiz\u0103ri \u00eempinse<\/td>\n<\/tr>\n<tr>\n<td>Shagle<\/td>\n<td align=\"center\">\u2705<\/td>\n<td align=\"center\">\u274c (pl\u0103tit)<\/td>\n<td align=\"center\">\u274c<\/td>\n<td align=\"center\">\u2705<\/td>\n<td align=\"center\">\u2705<\/td>\n<td>Intrare liber\u0103, premium pentru filtre<\/td>\n<\/tr>\n<tr>\n<td><a href=\"https:\/\/strangercam.com\/ro\/coomeet\/\">CooMeet<\/a><\/td>\n<td align=\"center\">\u274c (Trial)<\/td>\n<td align=\"center\">\u2705<\/td>\n<td align=\"center\">\u2705<\/td>\n<td align=\"center\">\u2705<\/td>\n<td align=\"center\">\u2705<\/td>\n<td>Platform\u0103 pl\u0103tit\u0103 axat\u0103 pe \u00eent\u00e2lniri cu fete<\/td>\n<\/tr>\n<tr>\n<td>LuckyCrush<\/td>\n<td align=\"center\">\u274c<\/td>\n<td align=\"center\">\u2705<\/td>\n<td align=\"center\">\u2705<\/td>\n<td align=\"center\">\u2705<\/td>\n<td align=\"center\">\u2705<\/td>\n<td>\u00centotdeauna pl\u0103tit, potrive\u0219te b\u0103rba\u021bii cu femeile<\/td>\n<\/tr>\n<\/tbody>\n<\/table>\n<p>Printre acestea, StrangerCam este una dintre singurele platforme care ofer\u0103 \u00eent\u00e2lniri cu camere video gratuite, f\u0103r\u0103 \u00eenregistrare \u0219i cu un filtru de gen func\u021bional.<\/p>\n<h2>De ce StrangerCam este cea mai bun\u0103 alegere<\/h2>\n<p>Iat\u0103 de ce StrangerCam este cea mai bun\u0103 alegere pentru \u00eent\u00e2lniri cu camere video \u00een 2025:<\/p>\n<h3>1. Complet gratuit \u0219i nelimitat<\/h3>\n<p>F\u0103r\u0103 taxe ascunse, teste sau credite - discuta\u021bi c\u00e2t de mult dori\u021bi.<\/p>\n<h3>2. Filtru de gen gratuit<\/h3>\n<p>Selecta\u021bi pe cine dori\u021bi s\u0103 \u00eent\u00e2lni\u021bi - b\u0103ie\u021bi, fete sau am\u00e2ndoi - f\u0103r\u0103 a pl\u0103ti suplimentar.<\/p>\n<h3>3. \u0218edin\u021be private unu-la-unu<\/h3>\n<p>Conversa\u021bii personale, concentrate, \u00een loc de camere de chat aglomerate.<\/p>\n<h3>4. Nu este necesar\u0103 \u00eenscrierea<\/h3>\n<p>R\u0103m\u00e2ne\u021bi anonim \u0219i conecta\u021bi-v\u0103 instantaneu.<\/p>\n<h3>5. Sigur \u0219i moderat<\/h3>\n<p>Moderarea activ\u0103 \u021bine la distan\u021b\u0103 robo\u021bii \u0219i utilizatorii nepotrivi\u021bi.<\/p>\n<h3>6. Func\u021bioneaz\u0103 pe toate dispozitivele<\/h3>\n<p>Optimizat pentru utilizarea pe desktop, tablet\u0103 \u0219i mobil.<\/p>\n<h2>Testimoniale reale ale utilizatorilor<\/h2>\n<blockquote><p><em>\"Am vrut s\u0103 \u00eencerc \u00eent\u00e2lnirile prin camer\u0103 pentru c\u0103 aplica\u021biile obi\u0219nuite mi se p\u0103reau prea lente. StrangerCam mi-a oferit conexiuni instantanee \u0219i chiar am g\u0103sit pe cineva cu care continui s\u0103 conversez \u00een mod regulat.\"<\/em><br \/>\n- David, 29 de ani<\/p><\/blockquote>\n<blockquote><p><em>\"Se simte mai real dec\u00e2t glisarea pe aplica\u021bii. \u00cemi pot da seama imediat dac\u0103 m\u0103 \u00een\u021beleg cu cineva.\"<\/em><br \/>\n- Sophia, 23 de ani<\/p><\/blockquote>\n<blockquote><p><em>\"\u00cen sf\u00e2r\u0219it, un site de \u00eent\u00e2lniri cu camere video unde filtrul de gen este gratuit \u0219i func\u021bioneaz\u0103 a\u0219a cum s-a promis.\"<\/em><br \/>\n- Ryan, 31 de ani<\/p><\/blockquote>\n<blockquote><p><em>\"Am cunoscut deja persoane de pe trei continente. Este interesant \u0219i mult mai distractiv dec\u00e2t \u00eent\u00e2lnirile online tradi\u021bionale.\"<\/em><br \/>\n- Leah, 20 de ani<\/p><\/blockquote>\n<h2>Sfaturi de siguran\u021b\u0103 pentru Cam Dating<\/h2>\n<p>\u00cen timp ce \u00eent\u00e2lnirile cu camere video sunt distractive \u0219i captivante, nu uita\u021bi aceste elemente esen\u021biale de siguran\u021b\u0103:<\/p>\n<ul>\n<li>Nu \u00eemp\u0103rt\u0103\u0219i\u021bi detalii personale precum num\u0103rul de telefon, adresa de e-mail sau adresa.<\/li>\n<li>S\u0103ri\u021bi sau bloca\u021bi pe oricine v\u0103 face s\u0103 v\u0103 sim\u021bi\u021bi inconfortabil.<\/li>\n<li>Nu da\u021bi niciodat\u0103 clic pe linkuri suspecte.<\/li>\n<li>Verifica\u021bi fundalul \u00eenainte de a porni camera web.<\/li>\n<li>R\u0103m\u00e2ne\u021bi la instrumentele platformei pentru raportare \u0219i blocare.<\/li>\n<li>Respecta\u021bi restric\u021biile de v\u00e2rst\u0103 - dac\u0103 ave\u021bi sub 18 ani, nu folosi\u021bi site-urile de \u00eent\u00e2lniri cu camere pentru adul\u021bi.<\/li>\n<\/ul>\n<h2>Cum s\u0103 \u00eencepe\u021bi - pas cu pas<\/h2>\n<p>Este nevoie de mai pu\u021bin de un minut pentru a \u00eencepe cam dating:<\/p>\n<ol>\n<li>Deschide\u021bi StrangerCam pe dispozitivul dvs.<\/li>\n<li>Permite\u021bi accesul la camer\u0103 \u0219i microfon.<\/li>\n<li>Alege\u021bi-v\u0103 preferin\u021bele (cum ar fi filtrele de gen).<\/li>\n<li>Face\u021bi clic pe Start Chat pentru a v\u0103 conecta instantaneu.<\/li>\n<li>Dac\u0103 nu exist\u0103 nicio sc\u00e2nteie, ap\u0103sa\u021bi \u00cenainte pentru a trece mai departe.<\/li>\n<\/ol>\n<p>Rapid, simplu \u0219i 100% gratuit.<\/p>\n<p>\u00cen 2025, cam dating este una dintre cele mai rapide \u0219i mai autentice modalit\u0103\u021bi de a te conecta online. Spre deosebire de aplica\u021biile tradi\u021bionale de \u00eent\u00e2lniri, este fa\u021b\u0103 \u00een fa\u021b\u0103, instant \u0219i distractiv.<\/p>\n<p>Dar nu toate platformele sunt pe m\u0103sur\u0103. Multe ascund caracteristici esen\u021biale \u00een spatele unor ziduri de plat\u0103 sau sunt invadate de robo\u021bi. De aceea, StrangerCam este cea mai bun\u0103 op\u021biune: este gratuit\u0103, sigur\u0103, privat\u0103 \u0219i \u00eentotdeauna plin\u0103 de utilizatori reali gata s\u0103 se conecteze.<\/p>\n<p>E\u0219ti gata s\u0103 \u00eencerci? \u00cencepe\u021bi ast\u0103zi \u00eent\u00e2lnirile gratuite cu camere video \u0219i descoperi\u021bi pe cine ve\u021bi \u00eent\u00e2lni \u00een continuare.<\/p>","protected":false},"excerpt":{"rendered":"<p>Are you curious about cam dating? You\u2019re not alone. More and more people are turning to online video chats as a fun and authentic way to connect. Unlike traditional dating apps where conversations can feel slow or fake, cam dating lets you see and talk to someone instantly. It\u2019s personal, real, and often more exciting [&hellip;]<\/p>\n","protected":false},"author":8,"featured_media":0,"parent":0,"menu_order":0,"comment_status":"closed","ping_status":"closed","template":"","meta":{"footnotes":""},"class_list":["post-4141","page","type-page","status-publish","hentry"],"yoast_head":"<!-- This site is optimized with the Yoast SEO plugin v26.9 - https:\/\/yoast.com\/product\/yoast-seo-wordpress\/ -->\n<title>Cam Dating with Video Chat on Strangercam.com<\/title>\n<meta name=\"description\" content=\"Liking Cam Dating? Join millions on StrangerCam.com! Start a random video chat, turn on your cam, and meet strangers instantly.\" \/>\n<meta name=\"robots\" content=\"index, follow, max-snippet:-1, max-image-preview:large, max-video-preview:-1\" \/>\n<link rel=\"canonical\" href=\"https:\/\/strangercam.com\/ro\/cam-dating\/\" \/>\n<meta property=\"og:locale\" content=\"ro_RO\" \/>\n<meta property=\"og:type\" content=\"article\" \/>\n<meta property=\"og:title\" content=\"Cam Dating with Video Chat on Strangercam.com\" \/>\n<meta property=\"og:description\" content=\"Liking Cam Dating? Join millions on StrangerCam.com! Start a random video chat, turn on your cam, and meet strangers instantly.\" \/>\n<meta property=\"og:url\" content=\"https:\/\/strangercam.com\/ro\/cam-dating\/\" \/>\n<meta property=\"og:site_name\" content=\"Strangercam\" \/>\n<meta property=\"article:publisher\" content=\"https:\/\/www.facebook.com\/strangercam\" \/>\n<meta property=\"article:modified_time\" content=\"2025-09-08T08:12:00+00:00\" \/>\n<meta property=\"og:image\" content=\"https:\/\/strangercam.com\/wp-content\/uploads\/2021\/10\/Untitled-2.png\" \/>\n\t<meta property=\"og:image:width\" content=\"800\" \/>\n\t<meta property=\"og:image:height\" content=\"532\" \/>\n\t<meta property=\"og:image:type\" content=\"image\/png\" \/>\n<meta name=\"twitter:card\" content=\"summary_large_image\" \/>\n<meta name=\"twitter:site\" content=\"@strangercamapp\" \/>\n<meta name=\"twitter:label1\" content=\"Timp estimat pentru citire\" \/>\n\t<meta name=\"twitter:data1\" content=\"4 minute\" \/>\n<script type=\"application\/ld+json\" class=\"yoast-schema-graph\">{\"@context\":\"https:\/\/schema.org\",\"@graph\":[{\"@type\":\"WebPage\",\"@id\":\"https:\/\/strangercam.com\/cam-dating\/\",\"url\":\"https:\/\/strangercam.com\/cam-dating\/\",\"name\":\"Cam Dating with Video Chat on Strangercam.com\",\"isPartOf\":{\"@id\":\"https:\/\/strangercam.com\/#website\"},\"datePublished\":\"2025-09-08T06:04:51+00:00\",\"dateModified\":\"2025-09-08T08:12:00+00:00\",\"description\":\"Liking Cam Dating? Join millions on StrangerCam.com! Start a random video chat, turn on your cam, and meet strangers instantly.\",\"breadcrumb\":{\"@id\":\"https:\/\/strangercam.com\/cam-dating\/#breadcrumb\"},\"inLanguage\":\"ro-RO\",\"potentialAction\":[{\"@type\":\"ReadAction\",\"target\":[\"https:\/\/strangercam.com\/cam-dating\/\"]}]},{\"@type\":\"BreadcrumbList\",\"@id\":\"https:\/\/strangercam.com\/cam-dating\/#breadcrumb\",\"itemListElement\":[{\"@type\":\"ListItem\",\"position\":1,\"name\":\"Home\",\"item\":\"https:\/\/strangercam.com\/\"},{\"@type\":\"ListItem\",\"position\":2,\"name\":\"Cam Dating\"}]},{\"@type\":\"WebSite\",\"@id\":\"https:\/\/strangercam.com\/#website\",\"url\":\"https:\/\/strangercam.com\/\",\"name\":\"Strangercam\",\"description\":\"Random Video Chat with Strangers\",\"publisher\":{\"@id\":\"https:\/\/strangercam.com\/#organization\"},\"alternateName\":\"Strangercam.com\",\"potentialAction\":[{\"@type\":\"SearchAction\",\"target\":{\"@type\":\"EntryPoint\",\"urlTemplate\":\"https:\/\/strangercam.com\/?s={search_term_string}\"},\"query-input\":{\"@type\":\"PropertyValueSpecification\",\"valueRequired\":true,\"valueName\":\"search_term_string\"}}],\"inLanguage\":\"ro-RO\"},{\"@type\":\"Organization\",\"@id\":\"https:\/\/strangercam.com\/#organization\",\"name\":\"Strangercam\",\"alternateName\":\"Strangercam.com\",\"url\":\"https:\/\/strangercam.com\/\",\"logo\":{\"@type\":\"ImageObject\",\"inLanguage\":\"ro-RO\",\"@id\":\"https:\/\/strangercam.com\/#\/schema\/logo\/image\/\",\"url\":\"https:\/\/strangercam.com\/wp-content\/uploads\/2020\/11\/cropped-new-favicon-black.png\",\"contentUrl\":\"https:\/\/strangercam.com\/wp-content\/uploads\/2020\/11\/cropped-new-favicon-black.png\",\"width\":512,\"height\":512,\"caption\":\"Strangercam\"},\"image\":{\"@id\":\"https:\/\/strangercam.com\/#\/schema\/logo\/image\/\"},\"sameAs\":[\"https:\/\/www.facebook.com\/strangercam\",\"https:\/\/x.com\/strangercamapp\"]}]}<\/script>\n<!-- \/ Yoast SEO plugin. -->","yoast_head_json":{"title":"Cam Dating cu Video Chat pe Strangercam.com","description":"\u00ce\u021bi place Cam Dating? Join milioane pe StrangerCam.com! \u00cencepe un chat video aleatoriu, porne\u0219te-\u021bi camera \u0219i \u00eent\u00e2lne\u0219te str\u0103ini instantaneu.","robots":{"index":"index","follow":"follow","max-snippet":"max-snippet:-1","max-image-preview":"max-image-preview:large","max-video-preview":"max-video-preview:-1"},"canonical":"https:\/\/strangercam.com\/ro\/cam-dating\/","og_locale":"ro_RO","og_type":"article","og_title":"Cam Dating with Video Chat on Strangercam.com","og_description":"Liking Cam Dating? Join millions on StrangerCam.com! Start a random video chat, turn on your cam, and meet strangers instantly.","og_url":"https:\/\/strangercam.com\/ro\/cam-dating\/","og_site_name":"Strangercam","article_publisher":"https:\/\/www.facebook.com\/strangercam","article_modified_time":"2025-09-08T08:12:00+00:00","og_image":[{"width":800,"height":532,"url":"https:\/\/strangercam.com\/wp-content\/uploads\/2021\/10\/Untitled-2.png","type":"image\/png"}],"twitter_card":"summary_large_image","twitter_site":"@strangercamapp","twitter_misc":{"Timp estimat pentru citire":"4 minute"},"schema":{"@context":"https:\/\/schema.org","@graph":[{"@type":"WebPage","@id":"https:\/\/strangercam.com\/cam-dating\/","url":"https:\/\/strangercam.com\/cam-dating\/","name":"Cam Dating cu Video Chat pe Strangercam.com","isPartOf":{"@id":"https:\/\/strangercam.com\/#website"},"datePublished":"2025-09-08T06:04:51+00:00","dateModified":"2025-09-08T08:12:00+00:00","description":"\u00ce\u021bi place Cam Dating? Join milioane pe StrangerCam.com! \u00cencepe un chat video aleatoriu, porne\u0219te-\u021bi camera \u0219i \u00eent\u00e2lne\u0219te str\u0103ini instantaneu.","breadcrumb":{"@id":"https:\/\/strangercam.com\/cam-dating\/#breadcrumb"},"inLanguage":"ro-RO","potentialAction":[{"@type":"ReadAction","target":["https:\/\/strangercam.com\/cam-dating\/"]}]},{"@type":"BreadcrumbList","@id":"https:\/\/strangercam.com\/cam-dating\/#breadcrumb","itemListElement":[{"@type":"ListItem","position":1,"name":"Home","item":"https:\/\/strangercam.com\/"},{"@type":"ListItem","position":2,"name":"Cam Dating"}]},{"@type":"WebSite","@id":"https:\/\/strangercam.com\/#website","url":"https:\/\/strangercam.com\/","name":"Strangercam","description":"Chat video aleatoriu cu str\u0103ini","publisher":{"@id":"https:\/\/strangercam.com\/#organization"},"alternateName":"Strangercam.com","potentialAction":[{"@type":"SearchAction","target":{"@type":"EntryPoint","urlTemplate":"https:\/\/strangercam.com\/?s={search_term_string}"},"query-input":{"@type":"PropertyValueSpecification","valueRequired":true,"valueName":"search_term_string"}}],"inLanguage":"ro-RO"},{"@type":"Organization","@id":"https:\/\/strangercam.com\/#organization","name":"Strangercam","alternateName":"Strangercam.com","url":"https:\/\/strangercam.com\/","logo":{"@type":"ImageObject","inLanguage":"ro-RO","@id":"https:\/\/strangercam.com\/#\/schema\/logo\/image\/","url":"https:\/\/strangercam.com\/wp-content\/uploads\/2020\/11\/cropped-new-favicon-black.png","contentUrl":"https:\/\/strangercam.com\/wp-content\/uploads\/2020\/11\/cropped-new-favicon-black.png","width":512,"height":512,"caption":"Strangercam"},"image":{"@id":"https:\/\/strangercam.com\/#\/schema\/logo\/image\/"},"sameAs":["https:\/\/www.facebook.com\/strangercam","https:\/\/x.com\/strangercamapp"]}]}},"_links":{"self":[{"href":"https:\/\/strangercam.com\/ro\/wp-json\/wp\/v2\/pages\/4141","targetHints":{"allow":["GET"]}}],"collection":[{"href":"https:\/\/strangercam.com\/ro\/wp-json\/wp\/v2\/pages"}],"about":[{"href":"https:\/\/strangercam.com\/ro\/wp-json\/wp\/v2\/types\/page"}],"author":[{"embeddable":true,"href":"https:\/\/strangercam.com\/ro\/wp-json\/wp\/v2\/users\/8"}],"replies":[{"embeddable":true,"href":"https:\/\/strangercam.com\/ro\/wp-json\/wp\/v2\/comments?post=4141"}],"version-history":[{"count":2,"href":"https:\/\/strangercam.com\/ro\/wp-json\/wp\/v2\/pages\/4141\/revisions"}],"predecessor-version":[{"id":13014,"href":"https:\/\/strangercam.com\/ro\/wp-json\/wp\/v2\/pages\/4141\/revisions\/13014"}],"wp:attachment":[{"href":"https:\/\/strangercam.com\/ro\/wp-json\/wp\/v2\/media?parent=4141"}],"curies":[{"name":"wp","href":"https:\/\/api.w.org\/{rel}","templated":true}]}}