{"id":4124,"date":"2025-09-08T08:02:09","date_gmt":"2025-09-08T06:02:09","guid":{"rendered":"https:\/\/strangercam.com\/?page_id=4124"},"modified":"2025-09-08T10:06:04","modified_gmt":"2025-09-08T08:06:04","slug":"cam-cu-strainii","status":"publish","type":"page","link":"https:\/\/strangercam.com\/ro\/cam-with-strangers\/","title":{"rendered":"Cam cu str\u0103inii"},"content":{"rendered":"<p>C\u0103uta\u021bi cea mai bun\u0103 modalitate de a <a href=\"https:\/\/strangercam.com\/ro\/bazoocam\/\">came<\/a> cu str\u0103inii? Nu sunte\u021bi singuri. Milioane de oameni caut\u0103 \u00een fiecare lun\u0103 modalit\u0103\u021bi de a se conecta instantaneu cu oameni noi online prin intermediul chat-ului video live. Spre deosebire de re\u021belele de socializare sau de aplica\u021biile pentru \u00eent\u00e2lniri, care necesit\u0103 profiluri, \u00eenscrieri sau glis\u0103ri nesf\u00e2r\u0219ite, camera video cu necunoscu\u021bi se bazeaz\u0103 pe spontaneitate: porni\u021bi camera web, ap\u0103sa\u021bi start \u0219i, \u00een c\u00e2teva secunde, sunte\u021bi fa\u021b\u0103 \u00een fa\u021b\u0103 cu cineva nou.<\/p>\n<p>\u00cen 2025, platforme precum StrangerCam faciliteaz\u0103 utilizarea gratuit\u0103 a webcam-ului cu str\u0103ini - f\u0103r\u0103 \u00eenscriere, f\u0103r\u0103 desc\u0103rc\u0103ri \u0219i f\u0103r\u0103 taxe ascunse. Fie c\u0103 dori\u021bi s\u0103 v\u0103 face\u021bi prieteni, s\u0103 v\u0103 bucura\u021bi de conversa\u021bii ocazionale, s\u0103 flirta\u021bi pu\u021bin sau doar s\u0103 trece\u021bi timpul, chat-ul aleatoriu cu webcam este una dintre cele mai distractive \u0219i autentice modalit\u0103\u021bi de a v\u0103 conecta online.<\/p>\n<p>Acest ghid v\u0103 va explica tot ce trebuie s\u0103 \u0219ti\u021bi: ce \u00eenseamn\u0103 s\u0103 face\u021bi camere video cu str\u0103ini, de ce este at\u00e2t de popular, cum func\u021bioneaz\u0103, ce caracteristici trebuie s\u0103 c\u0103uta\u021bi, compara\u021bii ale platformelor de top, sfaturi de siguran\u021b\u0103 \u0219i de ce StrangerCam este cea mai bun\u0103 alegere \u00een acest an.<\/p>\n<h2>Ce \u00eenseamn\u0103 s\u0103 te joci cu str\u0103inii?<\/h2>\n<p>Cam cu str\u0103inii \u00eenseamn\u0103 s\u0103 v\u0103 conecta\u021bi instantaneu cu persoane aleatorii online prin intermediul chat-ului video live. Camera web \u0219i microfonul v\u0103 permit s\u0103 v\u0103 vede\u021bi \u0219i s\u0103 vorbi\u021bi unii cu al\u021bii \u00een timp real, ceea ce face ca experien\u021ba s\u0103 fie mult mai autentic\u0103 dec\u00e2t chat-ul text.<\/p>\n<p>Procesul este simplu: face\u021bi clic pe un buton, permite\u021bi camerei dvs. \u0219i sunte\u021bi pus \u00een contact cu un str\u0103in. Dac\u0103 conversa\u021bia nu se potrive\u0219te, trebuie doar s\u0103 ape\u0219i pe Next pentru a trece la urm\u0103toarea discu\u021bie.<\/p>\n<h2>De ce iubesc oamenii camerele gratuite cu necunoscu\u021bi<\/h2>\n<p>Apelul de <a href=\"https:\/\/strangercam.com\/ro\/cam-to-cam-chat\/\">Camer\u0103 gratuit\u0103<\/a> cu str\u0103inii este u\u0219or de \u00een\u021beles:<\/p>\n<ul>\n<li>Spontaneitate: Fiecare discu\u021bie este o surpriz\u0103 - nu \u0219tii niciodat\u0103 cine urmeaz\u0103.<\/li>\n<li>Autenticitate: Video-ul v\u0103 asigur\u0103 c\u0103 vorbi\u021bi cu oameni reali, nu cu robo\u021bi.<\/li>\n<li>F\u0103r\u0103 \u00eenscrieri sau angajamente: Doar face\u021bi clic \u0219i discuta\u021bi instantaneu.<\/li>\n<li>Conexiuni globale: Face\u021bi cuno\u0219tin\u021b\u0103 cu str\u0103ini din \u00eentreaga lume 24\/7.<\/li>\n<li>Vibra\u021bii amuzante \u0219i flirtante: Unii o folosesc pentru a-\u0219i face prieteni; altora le place flirtul ocazional.<\/li>\n<li>Evadare instantanee din plictiseal\u0103: Ideal\u0103 pentru a trece timpul \u0219i a st\u00e2rni noi conversa\u021bii.<\/li>\n<\/ul>\n<h2>Cum func\u021bioneaz\u0103 Cam With Strangers?<\/h2>\n<p>\u00cenceperea este rapid\u0103 \u0219i simpl\u0103:<\/p>\n<ol>\n<li>Deschide\u021bi o platform\u0103 precum StrangerCam pe browser sau pe telefon.<\/li>\n<li>Permite\u021bi accesul la camera web \u0219i la microfon.<\/li>\n<li>Face\u021bi clic pe \"Start Chat\".<\/li>\n<li>Vorbi\u021bi fa\u021b\u0103 \u00een fa\u021b\u0103 cu un str\u0103in oarecare.<\/li>\n<li>Ap\u0103sa\u021bi \"Urm\u0103torul\" ori de c\u00e2te ori dori\u021bi s\u0103 cunoa\u0219te\u021bi pe cineva nou.<\/li>\n<\/ol>\n<p>Unele platforme v\u0103 permit, de asemenea, s\u0103 filtra\u021bi \u00een func\u021bie de sex, loca\u021bie sau chiar s\u0103 utiliza\u021bi instrumente de traducere pentru conversa\u021biile interna\u021bionale.<\/p>\n<h2>Caracteristici de top de c\u0103utat<\/h2>\n<p>Nu toate platformele de cam chat sunt egale. Dac\u0103 dori\u021bi cea mai bun\u0103 experien\u021b\u0103 de cam cu str\u0103ini, c\u0103uta\u021bi aceste caracteristici:<\/p>\n<h3>1. Acces cu adev\u0103rat liber<\/h3>\n<p>Evita\u021bi site-urile care pretind c\u0103 sunt gratuite, dar restric\u021bioneaz\u0103 caracteristicile esen\u021biale \u00een spatele unor ziduri cu plat\u0103.<\/p>\n<h3>2. Nu este necesar\u0103 \u00eenscrierea<\/h3>\n<p>Cele mai bune platforme v\u0103 permit s\u0103 r\u0103m\u00e2ne\u021bi anonim \u0219i s\u0103 \u00eencepe\u021bi chat-ul instantaneu.<\/p>\n<h3>3. Filtre de gen \u0219i loca\u021bie<\/h3>\n<p>Utile pentru a v\u0103 potrivi cu tipul de persoane care v\u0103 intereseaz\u0103.<\/p>\n<h3>4. Modera\u021bie sigur\u0103<\/h3>\n<p>Platformele bune dispun de sisteme puternice de raportare \u0219i de moderatori pentru a elimina robo\u021bii \u0219i utilizatorii nepotrivi\u021bi.<\/p>\n<h3>5. Design prietenos cu mobilul<\/h3>\n<p>Ar trebui s\u0103 ave\u021bi posibilitatea de a comunica cu str\u0103inii cu u\u0219urin\u021b\u0103 at\u00e2t pe desktop, c\u00e2t \u0219i pe smartphone-uri.<\/p>\n<h3>6. Video \u0219i audio de \u00eenalt\u0103 calitate<\/h3>\n<p>Conexiunile fluide fac conversa\u021biile naturale \u0219i pl\u0103cute.<\/p>\n<h2>Cele mai bune platforme pentru a comunica cu persoane necunoscute \u00een 2025<\/h2>\n<p>Iat\u0103 o compara\u021bie a celor mai populare site-uri pe care po\u021bi s\u0103 faci cam cu str\u0103ini:<\/p>\n<table>\n<thead>\n<tr>\n<th>Platform\u0103<\/th>\n<th align=\"center\">Acces gratuit<\/th>\n<th align=\"center\">Filtru de gen<\/th>\n<th align=\"center\">\u00cenregistrare necesar\u0103<\/th>\n<th align=\"center\">Asisten\u021b\u0103 mobil\u0103<\/th>\n<th align=\"center\">Modera\u021bie<\/th>\n<th>Note<\/th>\n<\/tr>\n<\/thead>\n<tbody>\n<tr>\n<td>StrangerCam<\/td>\n<td align=\"center\">\u2705<\/td>\n<td align=\"center\">\u2705 (Gratuit)<\/td>\n<td align=\"center\">\u274c<\/td>\n<td align=\"center\">\u2705<\/td>\n<td align=\"center\">\u2705<\/td>\n<td>Cea mai bun\u0103 alegere general\u0103, cu adev\u0103rat gratuit\u0103<\/td>\n<\/tr>\n<tr>\n<td><a href=\"https:\/\/strangercam.com\/ro\/chatroulette\/\">Chatroulette<\/a><\/td>\n<td align=\"center\">\u2705<\/td>\n<td align=\"center\">\u274c (pl\u0103tit)<\/td>\n<td align=\"center\">\u274c<\/td>\n<td align=\"center\">\u2705<\/td>\n<td align=\"center\">\u2705<\/td>\n<td>Platforma clasic\u0103, costul filtrelor<\/td>\n<\/tr>\n<tr>\n<td>Chatrandom<\/td>\n<td align=\"center\">\u2705<\/td>\n<td align=\"center\">\u274c (pl\u0103tit)<\/td>\n<td align=\"center\">\u274c<\/td>\n<td align=\"center\">\u2705<\/td>\n<td align=\"center\">\u2705<\/td>\n<td>Popular, dar \u00eempinge upgrade-uri<\/td>\n<\/tr>\n<tr>\n<td><a href=\"https:\/\/strangercam.com\/ro\/ometv\/\">OmeTV<\/a><\/td>\n<td align=\"center\">\u2705<\/td>\n<td align=\"center\">\u274c<\/td>\n<td align=\"center\">\u274c<\/td>\n<td align=\"center\">\u2705<\/td>\n<td align=\"center\">\u2705<\/td>\n<td>Potrivire bazat\u0103 pe aplica\u021bie, doar aleatorie<\/td>\n<\/tr>\n<tr>\n<td>Shagle<\/td>\n<td align=\"center\">\u2705<\/td>\n<td align=\"center\">\u274c (pl\u0103tit)<\/td>\n<td align=\"center\">\u274c<\/td>\n<td align=\"center\">\u2705<\/td>\n<td align=\"center\">\u2705<\/td>\n<td>Intrare liber\u0103, upgrade-uri premium<\/td>\n<\/tr>\n<tr>\n<td><a href=\"https:\/\/strangercam.com\/ro\/coomeet\/\">CooMeet<\/a><\/td>\n<td align=\"center\">\u274c (Trial)<\/td>\n<td align=\"center\">\u2705<\/td>\n<td align=\"center\">\u2705<\/td>\n<td align=\"center\">\u2705<\/td>\n<td align=\"center\">\u2705<\/td>\n<td>Pl\u0103tit dup\u0103 o scurt\u0103 perioad\u0103 de prob\u0103 gratuit\u0103<\/td>\n<\/tr>\n<tr>\n<td>LuckyCrush<\/td>\n<td align=\"center\">\u274c<\/td>\n<td align=\"center\">\u2705<\/td>\n<td align=\"center\">\u2705<\/td>\n<td align=\"center\">\u2705<\/td>\n<td align=\"center\">\u2705<\/td>\n<td>\u00centotdeauna pl\u0103tite, discu\u021bii bazate pe gen<\/td>\n<\/tr>\n<\/tbody>\n<\/table>\n<p>Dintre acestea, StrangerCam este una dintre pu\u021binele platforme care ofer\u0103 camere gratuite cu str\u0103ini, cu un filtru de gen real \u0219i f\u0103r\u0103 a fi necesar\u0103 \u00eenscrierea.<\/p>\n<h2>De ce StrangerCam este cea mai bun\u0103 alegere<\/h2>\n<p>Iat\u0103 de ce StrangerCam este cea mai bun\u0103 platform\u0103 de camming cu str\u0103ini \u00een 2025:<\/p>\n<h3>1. Complet gratuit \u0219i nelimitat<\/h3>\n<p>F\u0103r\u0103 costuri ascunse, credite sau limite de timp.<\/p>\n<h3>2. Filtru de gen gratuit<\/h3>\n<p>Alege b\u0103ie\u021bi, fete sau am\u00e2ndoi - f\u0103r\u0103 paywalls.<\/p>\n<h3>3. Nu este necesar\u0103 \u00eenscrierea<\/h3>\n<p>R\u0103m\u00e2ne\u021bi anonim \u0219i \u00eencepe\u021bi s\u0103 discuta\u021bi instantaneu.<\/p>\n<h3>4. Sigur \u0219i moderat<\/h3>\n<p>Moderarea activ\u0103 \u0219i func\u021biile de raportare men\u021bin platforma curat\u0103.<\/p>\n<h3>5. Baza global\u0103 de utilizatori<\/h3>\n<p>Face\u021bi cuno\u0219tin\u021b\u0103 cu str\u0103ini din peste 100 de \u021b\u0103ri oric\u00e2nd.<\/p>\n<h3>6. Optimizat pentru toate dispozitivele<\/h3>\n<p>Func\u021bioneaz\u0103 f\u0103r\u0103 probleme pe desktop, tablete \u0219i telefoane mobile.<\/p>\n<h2>Testimoniale reale ale utilizatorilor<\/h2>\n<blockquote><p><em>\"C\u0103utam o modalitate de a folosi gratuit camera cu str\u0103ini, iar StrangerCam a fost singurul site care nu m-a for\u021bat s\u0103 pl\u0103tesc.\"<\/em><br \/>\n- Liam, 26 de ani<\/p><\/blockquote>\n<blockquote><p><em>\"Filtrul de gen este gratuit \u0219i func\u021bioneaz\u0103 excelent, ceea ce este rar pentru acest tip de site-uri.\"<\/em><br \/>\n- Sophia, 22 de ani<\/p><\/blockquote>\n<blockquote><p><em>\"Am intrat \u00een contact cu oameni de pe patru continente diferite \u00eentr-o singur\u0103 sear\u0103. Este captivant.\"<\/em><br \/>\n- Ryan, 30 de ani<\/p><\/blockquote>\n<blockquote><p><em>\"Pare mai sigur dec\u00e2t alte site-uri pe care le-am \u00eencercat, datorit\u0103 instrumentelor de moderare.\"<\/em><br \/>\n- Emma, 20 de ani<\/p><\/blockquote>\n<h2>Sfaturi de siguran\u021b\u0103 pentru camming cu str\u0103ini<\/h2>\n<p>\u00cen timp ce discu\u021biile cu camera sunt distractive, \u021bine\u021bi \u00eentotdeauna cont de siguran\u021b\u0103:<\/p>\n<ul>\n<li>Nu divulga\u021bi niciodat\u0103 detalii personale (telefon, e-mail, adres\u0103).<\/li>\n<li>Nu da\u021bi clic pe linkuri suspecte trimise de necunoscu\u021bi.<\/li>\n<li>Folosi\u021bi liber \"Urm\u0103torul\" dac\u0103 nu v\u0103 sim\u021bi\u021bi confortabil.<\/li>\n<li>Verifica\u021bi fundalul \u00eenainte de a porni camera web.<\/li>\n<li>Utiliza\u021bi instrumentele de raportare pentru a bloca sau raporta utilizatorii nepotrivi\u021bi.<\/li>\n<li>Respecta\u021bi restric\u021biile de v\u00e2rst\u0103 - dac\u0103 ave\u021bi sub 18 ani, nu folosi\u021bi site-uri de chat pentru adul\u021bi.<\/li>\n<\/ul>\n<h2>Cum s\u0103 \u00eencepe\u021bi - pas cu pas<\/h2>\n<p>Dureaz\u0103 doar c\u00e2teva secunde s\u0103 \u00eencepi s\u0103 folose\u0219ti camera cu necunoscu\u021bi:<\/p>\n<ol>\n<li>Deschide\u021bi StrangerCam pe dispozitivul dvs.<\/li>\n<li>Permite\u021bi accesul la camera web \u0219i la microfon.<\/li>\n<li>Alege\u021bi preferin\u021be (cum ar fi filtre de gen).<\/li>\n<li>Face\u021bi clic pe Start Chat pentru a v\u0103 conecta instantaneu.<\/li>\n<li>Ap\u0103sa\u021bi Urm\u0103torul oric\u00e2nd pentru a cunoa\u0219te pe cineva nou.<\/li>\n<\/ol>\n<p>Rapid, simplu \u0219i 100% gratuit.<\/p>\n<p>\u00cen 2025, una dintre cele mai simple \u0219i mai amuzante modalit\u0103\u021bi de a cunoa\u0219te oameni noi online este s\u0103 faci cam cu necunoscu\u021bi. Este spontan, autentic \u0219i v\u0103 ofer\u0103 conexiuni instantanee cu oameni reali din \u00eentreaga lume.<\/p>\n<p>Totu\u0219i, nu toate platformele ofer\u0103 rezultate - multe ascund filtre \u00een spatele unor ziduri cu plat\u0103 sau sunt pline de robo\u021bi. De aceea, StrangerCam este cea mai bun\u0103 alegere: este gratuit\u0103, sigur\u0103, anonim\u0103 \u0219i \u00eentotdeauna plin\u0103 de utilizatori gata de chat.<\/p>\n<p>E\u0219ti gata s\u0103 \u00eencerci? \u00cencepe\u021bi o camer\u0103 gratuit\u0103 cu str\u0103ini ast\u0103zi \u0219i vede\u021bi pe cine ve\u021bi \u00eent\u00e2lni \u00een continuare.<\/p>","protected":false},"excerpt":{"rendered":"<p>Are you looking for the best way to cam with strangers? You\u2019re not alone. Millions of people every month search for ways to connect instantly with new people online through live video chat. Unlike social networks or dating apps that require profiles, signups, or endless swiping, cam with strangers is about spontaneity: you turn on [&hellip;]<\/p>\n","protected":false},"author":8,"featured_media":0,"parent":0,"menu_order":0,"comment_status":"closed","ping_status":"closed","template":"","meta":{"footnotes":""},"class_list":["post-4124","page","type-page","status-publish","hentry"],"yoast_head":"<!-- This site is optimized with the Yoast SEO plugin v27.4 - https:\/\/yoast.com\/product\/yoast-seo-wordpress\/ -->\n<title>Cam With Strangers with Video Chat on Strangercam.com<\/title>\n<meta name=\"description\" content=\"Liking Cam With Strangers? Join millions on StrangerCam.com! Start a random video chat, turn on your cam, and meet strangers instantly.\" \/>\n<meta name=\"robots\" content=\"index, follow, max-snippet:-1, max-image-preview:large, max-video-preview:-1\" \/>\n<link rel=\"canonical\" href=\"https:\/\/strangercam.com\/ro\/cam-cu-strainii\/\" \/>\n<meta property=\"og:locale\" content=\"ro_RO\" \/>\n<meta property=\"og:type\" content=\"article\" \/>\n<meta property=\"og:title\" content=\"Cam With Strangers with Video Chat on Strangercam.com\" \/>\n<meta property=\"og:description\" content=\"Liking Cam With Strangers? Join millions on StrangerCam.com! Start a random video chat, turn on your cam, and meet strangers instantly.\" \/>\n<meta property=\"og:url\" content=\"https:\/\/strangercam.com\/ro\/cam-cu-strainii\/\" \/>\n<meta property=\"og:site_name\" content=\"Strangercam\" \/>\n<meta property=\"article:publisher\" content=\"https:\/\/www.facebook.com\/strangercam\" \/>\n<meta property=\"article:modified_time\" content=\"2025-09-08T08:06:04+00:00\" \/>\n<meta property=\"og:image\" content=\"https:\/\/strangercam.com\/wp-content\/uploads\/2021\/10\/Untitled-2.png\" \/>\n\t<meta property=\"og:image:width\" content=\"800\" \/>\n\t<meta property=\"og:image:height\" content=\"532\" \/>\n\t<meta property=\"og:image:type\" content=\"image\/png\" \/>\n<meta name=\"twitter:card\" content=\"summary_large_image\" \/>\n<meta name=\"twitter:site\" content=\"@strangercamapp\" \/>\n<meta name=\"twitter:label1\" content=\"Timp estimat pentru citire\" \/>\n\t<meta name=\"twitter:data1\" content=\"5 minute\" \/>\n<script type=\"application\/ld+json\" class=\"yoast-schema-graph\">{\"@context\":\"https:\\\/\\\/schema.org\",\"@graph\":[{\"@type\":\"WebPage\",\"@id\":\"https:\\\/\\\/strangercam.com\\\/cam-with-strangers\\\/\",\"url\":\"https:\\\/\\\/strangercam.com\\\/cam-with-strangers\\\/\",\"name\":\"Cam With Strangers with Video Chat on Strangercam.com\",\"isPartOf\":{\"@id\":\"https:\\\/\\\/strangercam.com\\\/#website\"},\"datePublished\":\"2025-09-08T06:02:09+00:00\",\"dateModified\":\"2025-09-08T08:06:04+00:00\",\"description\":\"Liking Cam With Strangers? Join millions on StrangerCam.com! Start a random video chat, turn on your cam, and meet strangers instantly.\",\"breadcrumb\":{\"@id\":\"https:\\\/\\\/strangercam.com\\\/cam-with-strangers\\\/#breadcrumb\"},\"inLanguage\":\"ro-RO\",\"potentialAction\":[{\"@type\":\"ReadAction\",\"target\":[\"https:\\\/\\\/strangercam.com\\\/cam-with-strangers\\\/\"]}]},{\"@type\":\"BreadcrumbList\",\"@id\":\"https:\\\/\\\/strangercam.com\\\/cam-with-strangers\\\/#breadcrumb\",\"itemListElement\":[{\"@type\":\"ListItem\",\"position\":1,\"name\":\"Home\",\"item\":\"https:\\\/\\\/strangercam.com\\\/\"},{\"@type\":\"ListItem\",\"position\":2,\"name\":\"Cam With Strangers\"}]},{\"@type\":\"WebSite\",\"@id\":\"https:\\\/\\\/strangercam.com\\\/#website\",\"url\":\"https:\\\/\\\/strangercam.com\\\/\",\"name\":\"Strangercam\",\"description\":\"Random Video Chat with Strangers\",\"publisher\":{\"@id\":\"https:\\\/\\\/strangercam.com\\\/#organization\"},\"alternateName\":\"Strangercam.com\",\"potentialAction\":[{\"@type\":\"SearchAction\",\"target\":{\"@type\":\"EntryPoint\",\"urlTemplate\":\"https:\\\/\\\/strangercam.com\\\/?s={search_term_string}\"},\"query-input\":{\"@type\":\"PropertyValueSpecification\",\"valueRequired\":true,\"valueName\":\"search_term_string\"}}],\"inLanguage\":\"ro-RO\"},{\"@type\":\"Organization\",\"@id\":\"https:\\\/\\\/strangercam.com\\\/#organization\",\"name\":\"Strangercam\",\"alternateName\":\"Strangercam.com\",\"url\":\"https:\\\/\\\/strangercam.com\\\/\",\"logo\":{\"@type\":\"ImageObject\",\"inLanguage\":\"ro-RO\",\"@id\":\"https:\\\/\\\/strangercam.com\\\/#\\\/schema\\\/logo\\\/image\\\/\",\"url\":\"https:\\\/\\\/strangercam.com\\\/wp-content\\\/uploads\\\/2020\\\/11\\\/cropped-new-favicon-black.png\",\"contentUrl\":\"https:\\\/\\\/strangercam.com\\\/wp-content\\\/uploads\\\/2020\\\/11\\\/cropped-new-favicon-black.png\",\"width\":512,\"height\":512,\"caption\":\"Strangercam\"},\"image\":{\"@id\":\"https:\\\/\\\/strangercam.com\\\/#\\\/schema\\\/logo\\\/image\\\/\"},\"sameAs\":[\"https:\\\/\\\/www.facebook.com\\\/strangercam\",\"https:\\\/\\\/x.com\\\/strangercamapp\"]}]}<\/script>\n<!-- \/ Yoast SEO plugin. -->","yoast_head_json":{"title":"Cam cu Str\u0103ini cu Video Chat pe Strangercam.com","description":"\u00ce\u021bi place Cam cu Str\u0103ini? Join milioane pe StrangerCam.com! \u00cencepe un chat video aleatoriu, porne\u0219te-\u021bi camera \u0219i \u00eent\u00e2lne\u0219te str\u0103ini instantaneu.","robots":{"index":"index","follow":"follow","max-snippet":"max-snippet:-1","max-image-preview":"max-image-preview:large","max-video-preview":"max-video-preview:-1"},"canonical":"https:\/\/strangercam.com\/ro\/cam-cu-strainii\/","og_locale":"ro_RO","og_type":"article","og_title":"Cam With Strangers with Video Chat on Strangercam.com","og_description":"Liking Cam With Strangers? Join millions on StrangerCam.com! Start a random video chat, turn on your cam, and meet strangers instantly.","og_url":"https:\/\/strangercam.com\/ro\/cam-cu-strainii\/","og_site_name":"Strangercam","article_publisher":"https:\/\/www.facebook.com\/strangercam","article_modified_time":"2025-09-08T08:06:04+00:00","og_image":[{"width":800,"height":532,"url":"https:\/\/strangercam.com\/wp-content\/uploads\/2021\/10\/Untitled-2.png","type":"image\/png"}],"twitter_card":"summary_large_image","twitter_site":"@strangercamapp","twitter_misc":{"Timp estimat pentru citire":"5 minute"},"schema":{"@context":"https:\/\/schema.org","@graph":[{"@type":"WebPage","@id":"https:\/\/strangercam.com\/cam-with-strangers\/","url":"https:\/\/strangercam.com\/cam-with-strangers\/","name":"Cam cu Str\u0103ini cu Video Chat pe Strangercam.com","isPartOf":{"@id":"https:\/\/strangercam.com\/#website"},"datePublished":"2025-09-08T06:02:09+00:00","dateModified":"2025-09-08T08:06:04+00:00","description":"\u00ce\u021bi place Cam cu Str\u0103ini? Join milioane pe StrangerCam.com! \u00cencepe un chat video aleatoriu, porne\u0219te-\u021bi camera \u0219i \u00eent\u00e2lne\u0219te str\u0103ini instantaneu.","breadcrumb":{"@id":"https:\/\/strangercam.com\/cam-with-strangers\/#breadcrumb"},"inLanguage":"ro-RO","potentialAction":[{"@type":"ReadAction","target":["https:\/\/strangercam.com\/cam-with-strangers\/"]}]},{"@type":"BreadcrumbList","@id":"https:\/\/strangercam.com\/cam-with-strangers\/#breadcrumb","itemListElement":[{"@type":"ListItem","position":1,"name":"Home","item":"https:\/\/strangercam.com\/"},{"@type":"ListItem","position":2,"name":"Cam With Strangers"}]},{"@type":"WebSite","@id":"https:\/\/strangercam.com\/#website","url":"https:\/\/strangercam.com\/","name":"Strangercam","description":"Chat video aleatoriu cu str\u0103ini","publisher":{"@id":"https:\/\/strangercam.com\/#organization"},"alternateName":"Strangercam.com","potentialAction":[{"@type":"SearchAction","target":{"@type":"EntryPoint","urlTemplate":"https:\/\/strangercam.com\/?s={search_term_string}"},"query-input":{"@type":"PropertyValueSpecification","valueRequired":true,"valueName":"search_term_string"}}],"inLanguage":"ro-RO"},{"@type":"Organization","@id":"https:\/\/strangercam.com\/#organization","name":"Strangercam","alternateName":"Strangercam.com","url":"https:\/\/strangercam.com\/","logo":{"@type":"ImageObject","inLanguage":"ro-RO","@id":"https:\/\/strangercam.com\/#\/schema\/logo\/image\/","url":"https:\/\/strangercam.com\/wp-content\/uploads\/2020\/11\/cropped-new-favicon-black.png","contentUrl":"https:\/\/strangercam.com\/wp-content\/uploads\/2020\/11\/cropped-new-favicon-black.png","width":512,"height":512,"caption":"Strangercam"},"image":{"@id":"https:\/\/strangercam.com\/#\/schema\/logo\/image\/"},"sameAs":["https:\/\/www.facebook.com\/strangercam","https:\/\/x.com\/strangercamapp"]}]}},"_links":{"self":[{"href":"https:\/\/strangercam.com\/ro\/wp-json\/wp\/v2\/pages\/4124","targetHints":{"allow":["GET"]}}],"collection":[{"href":"https:\/\/strangercam.com\/ro\/wp-json\/wp\/v2\/pages"}],"about":[{"href":"https:\/\/strangercam.com\/ro\/wp-json\/wp\/v2\/types\/page"}],"author":[{"embeddable":true,"href":"https:\/\/strangercam.com\/ro\/wp-json\/wp\/v2\/users\/8"}],"replies":[{"embeddable":true,"href":"https:\/\/strangercam.com\/ro\/wp-json\/wp\/v2\/comments?post=4124"}],"version-history":[{"count":2,"href":"https:\/\/strangercam.com\/ro\/wp-json\/wp\/v2\/pages\/4124\/revisions"}],"predecessor-version":[{"id":13013,"href":"https:\/\/strangercam.com\/ro\/wp-json\/wp\/v2\/pages\/4124\/revisions\/13013"}],"wp:attachment":[{"href":"https:\/\/strangercam.com\/ro\/wp-json\/wp\/v2\/media?parent=4124"}],"curies":[{"name":"wp","href":"https:\/\/api.w.org\/{rel}","templated":true}]}}