{"id":4090,"date":"2025-09-08T07:55:19","date_gmt":"2025-09-08T05:55:19","guid":{"rendered":"https:\/\/strangercam.com\/?page_id=4090"},"modified":"2025-09-08T10:00:45","modified_gmt":"2025-09-08T08:00:45","slug":"omegle-fata-chat","status":"publish","type":"page","link":"https:\/\/strangercam.com\/ro\/omegle-girl-chat\/","title":{"rendered":"Omegle Girl Chat"},"content":{"rendered":"<p>A\u021bi c\u0103utat <a href=\"https:\/\/strangercam.com\/ro\/omegle\/\">Omegle<\/a> fat\u0103 <a href=\"https:\/\/strangercam.com\/ro\/chathub\/\">chat<\/a>? Nu sunte\u021bi singuri. Timp de ani de zile, Omegle a fost locul ideal pentru chat-uri video aleatorii, \u00een special pentru persoanele care doreau s\u0103 cunoasc\u0103 \u0219i s\u0103 discute cu fete online. Dar de c\u00e2nd Omegle a fost \u00eenchis \u00een 2023, milioane de utilizatori au c\u0103utat alternative care ofer\u0103 acela\u0219i fior al conexiunilor spontane - cu bonusul suplimentar de a fi mai sigure, mai moderne \u0219i cu adev\u0103rat gratuite.<\/p>\n<p>\u00cen 2025, platforme precum StrangerCam fac posibil s\u0103 te bucuri de chat-uri gratuite cu fete online instantaneu - f\u0103r\u0103 \u00eenscriere, f\u0103r\u0103 desc\u0103rc\u0103ri \u0219i f\u0103r\u0103 taxe ascunse. Fie c\u0103 e\u0219ti \u00een c\u0103utarea distrac\u021biei, a flirtului ocazional, a-\u021bi face noi prieteni sau doar s\u0103 petreci timpul, chat-ul \u00eentre fete \u00een stilul Omegle r\u0103m\u00e2ne una dintre cele mai interesante modalit\u0103\u021bi de a te conecta.<\/p>\n<p>Acest ghid va acoperi tot ce trebuie s\u0103 \u0219ti\u021bi: ce a fost chat-ul \u00eentre fete Omegle, de ce a devenit at\u00e2t de popular, cum l-au \u00eenlocuit platformele moderne, ce caracteristici s\u0103 c\u0103uta\u021bi, compara\u021bii ale alternativelor de top, sfaturi de siguran\u021b\u0103 \u0219i de ce StrangerCam este una dintre cele mai bune op\u021biuni din prezent.<\/p>\n<h2>Ce a fost Omegle Girl Chat?<\/h2>\n<p>Omegle girl chat se referea la func\u021bia de chat video aleatorie a Omegle, unde utilizatorii puteau \u00eencerca s\u0103 se conecteze \u00een mod special cu fete online. Omegle \u00een sine nu a oferit un adev\u0103rat filtru de gen, ceea ce a l\u0103sat mul\u021bi utilizatori frustra\u021bi. Multe c\u0103ut\u0103ri sau hack-uri ter\u021be \"Omegle girl\" au condus adesea la experien\u021be nesigure sau nesigure.<\/p>\n<p>De la \u00eenchiderea Omegle, cererea pentru o experien\u021b\u0103 sigur\u0103 \u0219i real\u0103 de chat cu fete nu a f\u0103cut dec\u00e2t s\u0103 creasc\u0103. Aici intervin platforme precum StrangerCam, care ofer\u0103 filtre de gen autentice \u0219i gratuite \u0219i caracteristici de siguran\u021b\u0103 mai bune dec\u00e2t cele oferite vreodat\u0103 de Omegle.<\/p>\n<h2>De ce oamenii caut\u0103 Omegle Girl Chat<\/h2>\n<p>Termenul \"Omegle girl chat\" a devenit popular din mai multe motive:<\/p>\n<ul>\n<li>Dorin\u021ba de conexiuni feminine: Mul\u021bi utilizatori doreau \u00een mod special s\u0103 discute cu fete.<\/li>\n<li>Flirt \u0219i distrac\u021bie ocazional\u0103: Omegle a devenit cunoscut pentru conexiunile spontane, u\u0219oare.<\/li>\n<li>Curiozitate \u0219i divertisment: \u00cent\u00e2lnirea cu fete noi din \u00eentreaga lume a fost distractiv\u0103 \u0219i imprevizibil\u0103.<\/li>\n<li>Evitarea robo\u021bilor \u0219i a falsurilor: Utilizatorii prefer\u0103 chat-ul video pentru a confirma c\u0103 vorbesc cu persoane reale.<\/li>\n<li>Singur\u0103tate: Pentru mul\u021bi, Omegle a umplut golul de plictiseal\u0103 \u0219i a oferit interac\u021biune social\u0103 instantanee.<\/li>\n<\/ul>\n<h2>Cum a func\u021bionat Omegle Girl Chat (\u0219i limit\u0103rile sale)<\/h2>\n<p>Configurarea Omegle a fost simpl\u0103:<\/p>\n<ol>\n<li>Deschide\u021bi site-ul.<\/li>\n<li>Permite\u021bi accesul la camera web \u0219i la microfon.<\/li>\n<li>Face\u021bi clic pe \"Start\" \u0219i intra\u021bi \u00een leg\u0103tur\u0103 cu o persoan\u0103 aleatorie.<\/li>\n<li>Ap\u0103sa\u021bi \"Urm\u0103torul\" pentru a trece mai departe.<\/li>\n<\/ol>\n<p>Problema? Omegle nu a oferit un filtru de gen func\u021bional. Mul\u021bi oameni care c\u0103utau \"Omegle girl chat\" au fost dezam\u0103gi\u021bi s\u0103 fie potrivi\u021bi aleatoriu. Mai r\u0103u, lipsa de moderare a dus adesea la experien\u021be nesigure sau inconfortabile.<\/p>\n<h2>Cre\u0219terea Omegle Girl Chat Alternatives<\/h2>\n<p>De la \u00eenchiderea Omegle, au ap\u0103rut platforme mai bune. Aceste site-uri noi \u00eembun\u0103t\u0103\u021besc formatul clasic de chat aleatoriu prin oferirea:<\/p>\n<ul>\n<li>Filtre de gen reale (gratuite sau pl\u0103tite).<\/li>\n<li>Medii mai sigure cu moderare activ\u0103.<\/li>\n<li>Suport mobil mai bun.<\/li>\n<li>Video \u0219i audio de calitate superioar\u0103.<\/li>\n<li>Acces cu adev\u0103rat gratuit f\u0103r\u0103 trucuri.<\/li>\n<\/ul>\n<h2>Cele mai bune platforme pentru Omegle Girl Chat \u00een 2025<\/h2>\n<p>Iat\u0103 cum se compar\u0103 alternativele de top de ast\u0103zi:<\/p>\n<table>\n<thead>\n<tr>\n<th>Platform\u0103<\/th>\n<th align=\"center\">Acces gratuit<\/th>\n<th align=\"center\">Filtru de gen<\/th>\n<th align=\"center\">\u00cenregistrare necesar\u0103<\/th>\n<th align=\"center\">Asisten\u021b\u0103 mobil\u0103<\/th>\n<th align=\"center\">Modera\u021bie<\/th>\n<th>Note<\/th>\n<\/tr>\n<\/thead>\n<tbody>\n<tr>\n<td>StrangerCam<\/td>\n<td align=\"center\">\u2705<\/td>\n<td align=\"center\">\u2705 (Gratuit)<\/td>\n<td align=\"center\">\u274c<\/td>\n<td align=\"center\">\u2705<\/td>\n<td align=\"center\">\u2705<\/td>\n<td>Cel mai bun Omegle girl chat replacement<\/td>\n<\/tr>\n<tr>\n<td><a href=\"https:\/\/strangercam.com\/ro\/chatroulette\/\">Chatroulette<\/a><\/td>\n<td align=\"center\">\u2705<\/td>\n<td align=\"center\">\u274c (pl\u0103tit)<\/td>\n<td align=\"center\">\u274c<\/td>\n<td align=\"center\">\u2705<\/td>\n<td align=\"center\">\u2705<\/td>\n<td>Op\u021biune clasic\u0103, dar f\u0103r\u0103 filtre gratuite<\/td>\n<\/tr>\n<tr>\n<td>Chatrandom<\/td>\n<td align=\"center\">\u2705<\/td>\n<td align=\"center\">\u274c (pl\u0103tit)<\/td>\n<td align=\"center\">\u274c<\/td>\n<td align=\"center\">\u2705<\/td>\n<td align=\"center\">\u2705<\/td>\n<td>Filtre populare, dar premium<\/td>\n<\/tr>\n<tr>\n<td>Shagle<\/td>\n<td align=\"center\">\u2705<\/td>\n<td align=\"center\">\u274c (pl\u0103tit)<\/td>\n<td align=\"center\">\u274c<\/td>\n<td align=\"center\">\u2705<\/td>\n<td align=\"center\">\u2705<\/td>\n<td>\u00cempinge actualiz\u0103rile pentru filtre<\/td>\n<\/tr>\n<tr>\n<td><a href=\"https:\/\/strangercam.com\/ro\/coomeet\/\">CooMeet<\/a><\/td>\n<td align=\"center\">\u274c (Trial)<\/td>\n<td align=\"center\">\u2705<\/td>\n<td align=\"center\">\u2705<\/td>\n<td align=\"center\">\u2705<\/td>\n<td align=\"center\">\u2705<\/td>\n<td>Platform\u0103 pl\u0103tit\u0103 axat\u0103 pe chat-ul cu fete<\/td>\n<\/tr>\n<tr>\n<td>LuckyCrush<\/td>\n<td align=\"center\">\u274c<\/td>\n<td align=\"center\">\u2705<\/td>\n<td align=\"center\">\u2705<\/td>\n<td align=\"center\">\u2705<\/td>\n<td align=\"center\">\u2705<\/td>\n<td>\u00centotdeauna pl\u0103tit, conecteaz\u0103 b\u0103ie\u021bi la fete<\/td>\n<\/tr>\n<\/tbody>\n<\/table>\n<p>StrangerCam se remarc\u0103 ca fiind una dintre singurele platforme care ofer\u0103 chat gratuit cu fete \u00een stilul Omegle, cu un filtru de gen func\u021bional \u0219i f\u0103r\u0103 \u00eenregistrare.<\/p>\n<h2>De ce StrangerCam este cea mai bun\u0103 Omegle Girl Chat Alternative<\/h2>\n<p>Iat\u0103 de ce StrangerCam este o alegere de top \u00een 2025 pentru cei care caut\u0103 chat cu fete Omegle:<\/p>\n<h3>1. Complet gratuit \u0219i nelimitat<\/h3>\n<p>F\u0103r\u0103 ziduri de plat\u0103, teste sau credite - doar chat-uri gratuite.<\/p>\n<h3>2. Filtru de gen gratuit<\/h3>\n<p>Face\u021bi cuno\u0219tin\u021b\u0103 cu fete instantaneu, f\u0103r\u0103 a pl\u0103ti suplimentar.<\/p>\n<h3>3. Nu este necesar\u0103 \u00eenscrierea<\/h3>\n<p>R\u0103m\u00e2ne\u021bi anonim \u0219i \u00eencepe\u021bi s\u0103 discuta\u021bi \u00een c\u00e2teva secunde.<\/p>\n<h3>4. Sigur \u0219i moderat<\/h3>\n<p>Moderarea activ\u0103 \u00eel face mai sigur dec\u00e2t a fost vreodat\u0103 Omegle.<\/p>\n<h3>5. Baza global\u0103 de utilizatori<\/h3>\n<p>Face\u021bi cuno\u0219tin\u021b\u0103 cu fete din \u00eentreaga lume, 24\/7.<\/p>\n<h3>6. Optimizat pentru toate dispozitivele<\/h3>\n<p>Func\u021bioneaz\u0103 f\u0103r\u0103 probleme at\u00e2t pe desktop, c\u00e2t \u0219i pe mobil.<\/p>\n<h2>Testimoniale reale ale utilizatorilor<\/h2>\n<blockquote><p><em>\"Am c\u0103utat alternative de chat pentru fete Omegle \u0219i majoritatea site-urilor au \u00eencercat s\u0103 m\u0103 taxeze. StrangerCam a oferit de fapt conexiuni gratuite.\"<\/em><br \/>\n- David, 27 de ani<\/p><\/blockquote>\n<blockquote><p><em>\"Filtrul de gen func\u021bioneaz\u0103 perfect aici. Este exact ceea ce \u00eei lipsea lui Omegle.\"<\/em><br \/>\n- Sophia, 22 de ani<\/p><\/blockquote>\n<blockquote><p><em>\"M-am conectat cu fete din trei \u021b\u0103ri diferite \u00een mai pu\u021bin de o or\u0103. Mult mai bine dec\u00e2t a fost vreodat\u0103 Omegle.\"<\/em><br \/>\n- Ryan, 30 de ani<\/p><\/blockquote>\n<blockquote><p><em>\"Se simte mai sigur \u0219i mai curat dec\u00e2t Omegle \u0219i pot s\u0103ri instantaneu dac\u0103 nu-mi place discu\u021bia.\"<\/em><br \/>\n- Emma, 19 ani<\/p><\/blockquote>\n<h2>Sfaturi de siguran\u021b\u0103 pentru Omegle-Style Girl Chat<\/h2>\n<p>De\u0219i chat-ul cu fete online este distractiv, siguran\u021ba este esen\u021bial\u0103:<\/p>\n<ul>\n<li>Nu \u00eemp\u0103rt\u0103\u0219i\u021bi informa\u021bii personale (telefon, e-mail, adres\u0103).<\/li>\n<li>S\u0103ri\u021bi sau bloca\u021bi pe oricine v\u0103 face s\u0103 v\u0103 sim\u021bi\u021bi inconfortabil.<\/li>\n<li>Nu da\u021bi niciodat\u0103 clic pe linkuri suspecte.<\/li>\n<li>Verifica\u021bi fundalul \u00eenainte de a porni camera web.<\/li>\n<li>Utiliza\u021bi instrumentele platformei, cum ar fi func\u021biile de raportare.<\/li>\n<li>Respecta\u021bi restric\u021biile de v\u00e2rst\u0103 - dac\u0103 ave\u021bi sub 18 ani, evita\u021bi platformele pentru adul\u021bi.<\/li>\n<\/ul>\n<h2>Cum s\u0103 \u00eencepe\u021bi - pas cu pas<\/h2>\n<p>Dureaz\u0103 doar c\u00e2teva secunde pentru a \u00eencepe un chat cu fete \u00een stilul Omegle:<\/p>\n<ol>\n<li>Deschide\u021bi StrangerCam pe dispozitivul dvs.<\/li>\n<li>Permite\u021bi accesul la camer\u0103 \u0219i microfon.<\/li>\n<li>Selecta\u021bi filtrul de gen (fete).<\/li>\n<li>Face\u021bi clic pe Start Chat pentru a v\u0103 conecta instantaneu.<\/li>\n<li>Ap\u0103sa\u021bi Urm\u0103torul oric\u00e2nd pentru a cunoa\u0219te pe cineva nou.<\/li>\n<\/ol>\n<p>Rapid, simplu \u0219i 100% gratuit.<\/p>\n<p>Chiar dac\u0103 Omegle a disp\u0103rut, cererea pentru chat cu fete Omegle nu a disp\u0103rut. De fapt, este mai puternic\u0103 ca niciodat\u0103. Vestea bun\u0103 este c\u0103 alternativele moderne, precum StrangerCam, nu numai c\u0103 \u00eenlocuiesc Omegle, dar \u00eel \u0219i \u00eembun\u0103t\u0103\u021besc - oferind filtre de gen gratuite, o moderare mai bun\u0103 \u0219i experien\u021be mai sigure.<\/p>\n<p>Dac\u0103 dori\u021bi s\u0103 v\u0103 \u00eent\u00e2lni\u021bi, s\u0103 flirta\u021bi sau pur \u0219i simplu s\u0103 discuta\u021bi ocazional cu fete online, StrangerCam este una dintre cele mai bune alegeri \u00een 2025.<\/p>\n<p>E\u0219ti gata s\u0103 \u00eencerci? \u00cencepe\u021bi ast\u0103zi un chat gratuit cu fete \u00een stilul Omegle \u0219i descoperi\u021bi pe cine ve\u021bi \u00eent\u00e2lni \u00een continuare.<\/p>","protected":false},"excerpt":{"rendered":"<p>Have you been searching for Omegle girl chat? You\u2019re not alone. For years, Omegle was the go-to place for random video chats, especially for people looking to meet and chat with girls online. But since Omegle shut down in 2023, millions of users have been searching for alternatives that offer the same thrill of spontaneous [&hellip;]<\/p>\n","protected":false},"author":8,"featured_media":0,"parent":0,"menu_order":0,"comment_status":"closed","ping_status":"closed","template":"","meta":{"footnotes":""},"class_list":["post-4090","page","type-page","status-publish","hentry"],"yoast_head":"<!-- This site is optimized with the Yoast SEO plugin v27.4 - https:\/\/yoast.com\/product\/yoast-seo-wordpress\/ -->\n<title>Omegle Girl Chat with Video Chat on Strangercam.com<\/title>\n<meta name=\"description\" content=\"Liking Omegle Girl Chat? Join millions on StrangerCam.com! Start a random video chat, turn on your cam, and meet strangers instantly.\" \/>\n<meta name=\"robots\" content=\"index, follow, max-snippet:-1, max-image-preview:large, max-video-preview:-1\" \/>\n<link rel=\"canonical\" href=\"https:\/\/strangercam.com\/ro\/omegle-fata-chat\/\" \/>\n<meta property=\"og:locale\" content=\"ro_RO\" \/>\n<meta property=\"og:type\" content=\"article\" \/>\n<meta property=\"og:title\" content=\"Omegle Girl Chat with Video Chat on Strangercam.com\" \/>\n<meta property=\"og:description\" content=\"Liking Omegle Girl Chat? Join millions on StrangerCam.com! Start a random video chat, turn on your cam, and meet strangers instantly.\" \/>\n<meta property=\"og:url\" content=\"https:\/\/strangercam.com\/ro\/omegle-fata-chat\/\" \/>\n<meta property=\"og:site_name\" content=\"Strangercam\" \/>\n<meta property=\"article:publisher\" content=\"https:\/\/www.facebook.com\/strangercam\" \/>\n<meta property=\"article:modified_time\" content=\"2025-09-08T08:00:45+00:00\" \/>\n<meta property=\"og:image\" content=\"https:\/\/strangercam.com\/wp-content\/uploads\/2021\/10\/Untitled-2.png\" \/>\n\t<meta property=\"og:image:width\" content=\"800\" \/>\n\t<meta property=\"og:image:height\" content=\"532\" \/>\n\t<meta property=\"og:image:type\" content=\"image\/png\" \/>\n<meta name=\"twitter:card\" content=\"summary_large_image\" \/>\n<meta name=\"twitter:site\" content=\"@strangercamapp\" \/>\n<meta name=\"twitter:label1\" content=\"Timp estimat pentru citire\" \/>\n\t<meta name=\"twitter:data1\" content=\"4 minute\" \/>\n<script type=\"application\/ld+json\" class=\"yoast-schema-graph\">{\"@context\":\"https:\\\/\\\/schema.org\",\"@graph\":[{\"@type\":\"WebPage\",\"@id\":\"https:\\\/\\\/strangercam.com\\\/omegle-girl-chat\\\/\",\"url\":\"https:\\\/\\\/strangercam.com\\\/omegle-girl-chat\\\/\",\"name\":\"Omegle Girl Chat with Video Chat on Strangercam.com\",\"isPartOf\":{\"@id\":\"https:\\\/\\\/strangercam.com\\\/#website\"},\"datePublished\":\"2025-09-08T05:55:19+00:00\",\"dateModified\":\"2025-09-08T08:00:45+00:00\",\"description\":\"Liking Omegle Girl Chat? Join millions on StrangerCam.com! Start a random video chat, turn on your cam, and meet strangers instantly.\",\"breadcrumb\":{\"@id\":\"https:\\\/\\\/strangercam.com\\\/omegle-girl-chat\\\/#breadcrumb\"},\"inLanguage\":\"ro-RO\",\"potentialAction\":[{\"@type\":\"ReadAction\",\"target\":[\"https:\\\/\\\/strangercam.com\\\/omegle-girl-chat\\\/\"]}]},{\"@type\":\"BreadcrumbList\",\"@id\":\"https:\\\/\\\/strangercam.com\\\/omegle-girl-chat\\\/#breadcrumb\",\"itemListElement\":[{\"@type\":\"ListItem\",\"position\":1,\"name\":\"Home\",\"item\":\"https:\\\/\\\/strangercam.com\\\/\"},{\"@type\":\"ListItem\",\"position\":2,\"name\":\"Omegle Girl Chat\"}]},{\"@type\":\"WebSite\",\"@id\":\"https:\\\/\\\/strangercam.com\\\/#website\",\"url\":\"https:\\\/\\\/strangercam.com\\\/\",\"name\":\"Strangercam\",\"description\":\"Random Video Chat with Strangers\",\"publisher\":{\"@id\":\"https:\\\/\\\/strangercam.com\\\/#organization\"},\"alternateName\":\"Strangercam.com\",\"potentialAction\":[{\"@type\":\"SearchAction\",\"target\":{\"@type\":\"EntryPoint\",\"urlTemplate\":\"https:\\\/\\\/strangercam.com\\\/?s={search_term_string}\"},\"query-input\":{\"@type\":\"PropertyValueSpecification\",\"valueRequired\":true,\"valueName\":\"search_term_string\"}}],\"inLanguage\":\"ro-RO\"},{\"@type\":\"Organization\",\"@id\":\"https:\\\/\\\/strangercam.com\\\/#organization\",\"name\":\"Strangercam\",\"alternateName\":\"Strangercam.com\",\"url\":\"https:\\\/\\\/strangercam.com\\\/\",\"logo\":{\"@type\":\"ImageObject\",\"inLanguage\":\"ro-RO\",\"@id\":\"https:\\\/\\\/strangercam.com\\\/#\\\/schema\\\/logo\\\/image\\\/\",\"url\":\"https:\\\/\\\/strangercam.com\\\/wp-content\\\/uploads\\\/2020\\\/11\\\/cropped-new-favicon-black.png\",\"contentUrl\":\"https:\\\/\\\/strangercam.com\\\/wp-content\\\/uploads\\\/2020\\\/11\\\/cropped-new-favicon-black.png\",\"width\":512,\"height\":512,\"caption\":\"Strangercam\"},\"image\":{\"@id\":\"https:\\\/\\\/strangercam.com\\\/#\\\/schema\\\/logo\\\/image\\\/\"},\"sameAs\":[\"https:\\\/\\\/www.facebook.com\\\/strangercam\",\"https:\\\/\\\/x.com\\\/strangercamapp\"]}]}<\/script>\n<!-- \/ Yoast SEO plugin. -->","yoast_head_json":{"title":"Omegle Girl Chat cu Video Chat pe Strangercam.com","description":"\u00ce\u021bi place Omegle Girl Chat? Join milioane pe StrangerCam.com! \u00cencepe un chat video aleatoriu, porne\u0219te-\u021bi camera \u0219i \u00eent\u00e2lne\u0219te str\u0103ini instantaneu.","robots":{"index":"index","follow":"follow","max-snippet":"max-snippet:-1","max-image-preview":"max-image-preview:large","max-video-preview":"max-video-preview:-1"},"canonical":"https:\/\/strangercam.com\/ro\/omegle-fata-chat\/","og_locale":"ro_RO","og_type":"article","og_title":"Omegle Girl Chat with Video Chat on Strangercam.com","og_description":"Liking Omegle Girl Chat? Join millions on StrangerCam.com! Start a random video chat, turn on your cam, and meet strangers instantly.","og_url":"https:\/\/strangercam.com\/ro\/omegle-fata-chat\/","og_site_name":"Strangercam","article_publisher":"https:\/\/www.facebook.com\/strangercam","article_modified_time":"2025-09-08T08:00:45+00:00","og_image":[{"width":800,"height":532,"url":"https:\/\/strangercam.com\/wp-content\/uploads\/2021\/10\/Untitled-2.png","type":"image\/png"}],"twitter_card":"summary_large_image","twitter_site":"@strangercamapp","twitter_misc":{"Timp estimat pentru citire":"4 minute"},"schema":{"@context":"https:\/\/schema.org","@graph":[{"@type":"WebPage","@id":"https:\/\/strangercam.com\/omegle-girl-chat\/","url":"https:\/\/strangercam.com\/omegle-girl-chat\/","name":"Omegle Girl Chat cu Video Chat pe Strangercam.com","isPartOf":{"@id":"https:\/\/strangercam.com\/#website"},"datePublished":"2025-09-08T05:55:19+00:00","dateModified":"2025-09-08T08:00:45+00:00","description":"\u00ce\u021bi place Omegle Girl Chat? Join milioane pe StrangerCam.com! \u00cencepe un chat video aleatoriu, porne\u0219te-\u021bi camera \u0219i \u00eent\u00e2lne\u0219te str\u0103ini instantaneu.","breadcrumb":{"@id":"https:\/\/strangercam.com\/omegle-girl-chat\/#breadcrumb"},"inLanguage":"ro-RO","potentialAction":[{"@type":"ReadAction","target":["https:\/\/strangercam.com\/omegle-girl-chat\/"]}]},{"@type":"BreadcrumbList","@id":"https:\/\/strangercam.com\/omegle-girl-chat\/#breadcrumb","itemListElement":[{"@type":"ListItem","position":1,"name":"Home","item":"https:\/\/strangercam.com\/"},{"@type":"ListItem","position":2,"name":"Omegle Girl Chat"}]},{"@type":"WebSite","@id":"https:\/\/strangercam.com\/#website","url":"https:\/\/strangercam.com\/","name":"Strangercam","description":"Chat video aleatoriu cu str\u0103ini","publisher":{"@id":"https:\/\/strangercam.com\/#organization"},"alternateName":"Strangercam.com","potentialAction":[{"@type":"SearchAction","target":{"@type":"EntryPoint","urlTemplate":"https:\/\/strangercam.com\/?s={search_term_string}"},"query-input":{"@type":"PropertyValueSpecification","valueRequired":true,"valueName":"search_term_string"}}],"inLanguage":"ro-RO"},{"@type":"Organization","@id":"https:\/\/strangercam.com\/#organization","name":"Strangercam","alternateName":"Strangercam.com","url":"https:\/\/strangercam.com\/","logo":{"@type":"ImageObject","inLanguage":"ro-RO","@id":"https:\/\/strangercam.com\/#\/schema\/logo\/image\/","url":"https:\/\/strangercam.com\/wp-content\/uploads\/2020\/11\/cropped-new-favicon-black.png","contentUrl":"https:\/\/strangercam.com\/wp-content\/uploads\/2020\/11\/cropped-new-favicon-black.png","width":512,"height":512,"caption":"Strangercam"},"image":{"@id":"https:\/\/strangercam.com\/#\/schema\/logo\/image\/"},"sameAs":["https:\/\/www.facebook.com\/strangercam","https:\/\/x.com\/strangercamapp"]}]}},"_links":{"self":[{"href":"https:\/\/strangercam.com\/ro\/wp-json\/wp\/v2\/pages\/4090","targetHints":{"allow":["GET"]}}],"collection":[{"href":"https:\/\/strangercam.com\/ro\/wp-json\/wp\/v2\/pages"}],"about":[{"href":"https:\/\/strangercam.com\/ro\/wp-json\/wp\/v2\/types\/page"}],"author":[{"embeddable":true,"href":"https:\/\/strangercam.com\/ro\/wp-json\/wp\/v2\/users\/8"}],"replies":[{"embeddable":true,"href":"https:\/\/strangercam.com\/ro\/wp-json\/wp\/v2\/comments?post=4090"}],"version-history":[{"count":1,"href":"https:\/\/strangercam.com\/ro\/wp-json\/wp\/v2\/pages\/4090\/revisions"}],"predecessor-version":[{"id":13007,"href":"https:\/\/strangercam.com\/ro\/wp-json\/wp\/v2\/pages\/4090\/revisions\/13007"}],"wp:attachment":[{"href":"https:\/\/strangercam.com\/ro\/wp-json\/wp\/v2\/media?parent=4090"}],"curies":[{"name":"wp","href":"https:\/\/api.w.org\/{rel}","templated":true}]}}