{"id":4073,"date":"2025-09-03T11:52:49","date_gmt":"2025-09-03T09:52:49","guid":{"rendered":"https:\/\/strangercam.com\/?page_id=4073"},"modified":"2025-09-03T13:47:51","modified_gmt":"2025-09-03T11:47:51","slug":"cam-chat","status":"publish","type":"page","link":"https:\/\/strangercam.com\/ro\/cam-chat\/","title":{"rendered":"Cam Chat"},"content":{"rendered":"<p>C\u0103uta\u021bi cel mai bun loc pentru a v\u0103 bucura de <a href=\"https:\/\/strangercam.com\/ro\/bazoocam\/\">came<\/a> chat? Nu sunte\u021bi singuri. \u00cen fiecare zi, milioane de oameni din \u00eentreaga lume folosesc platformele de cam chat pentru a cunoa\u0219te oameni noi, a purta conversa\u021bii amuzante \u0219i a stabili leg\u0103turi spontane online. Spre deosebire de aplica\u021biile pentru \u00eent\u00e2lniri sau de re\u021belele sociale care necesit\u0103 derularea sau glisarea la nesf\u00e2r\u0219it, cam chat-ul este instantaneu, real \u0219i captivant - ape\u0219i un buton \u0219i \u00een c\u00e2teva secunde e\u0219ti fa\u021b\u0103 \u00een fa\u021b\u0103 cu un str\u0103in.<\/p>\n<p>\u00cen 2025, platforme precum StrangerCam faciliteaz\u0103 mai mult ca oric\u00e2nd bucuria <a href=\"https:\/\/strangercam.com\/ro\/cam-to-cam-chat\/\">Camer\u0103 gratuit\u0103<\/a> f\u0103r\u0103 \u00eenscrieri, f\u0103r\u0103 desc\u0103rc\u0103ri \u0219i f\u0103r\u0103 taxe ascunse. Fie c\u0103 dori\u021bi s\u0103 v\u0103 face\u021bi prieteni, s\u0103 exersa\u021bi o limb\u0103 nou\u0103, s\u0103 flirta\u021bi ocazional sau doar s\u0103 v\u0103 vindeca\u021bi plictiseala, cam chat-ul este una dintre cele mai distractive \u0219i imprevizibile modalit\u0103\u021bi de a v\u0103 conecta online.<\/p>\n<p>Acest ghid acoper\u0103 tot ce trebuie s\u0103 \u0219ti\u021bi: ce este cam chat-ul, de ce este at\u00e2t de popular, cum func\u021bioneaz\u0103, ce caracteristici s\u0103 c\u0103uta\u021bi, compara\u021bii \u00eentre platforme, sfaturi de siguran\u021b\u0103 \u0219i de ce StrangerCam este una dintre cele mai bune op\u021biuni disponibile ast\u0103zi.<\/p>\n<h2>Ce este Cam Chat?<\/h2>\n<p>Cam chat este un serviciu online care v\u0103 permite s\u0103 v\u0103 conecta\u021bi instantaneu cu persoane necunoscute prin apeluri video \u00een direct, utiliz\u00e2nd camera web \u0219i microfonul. Spre deosebire de camerele de chat cu text, cam chat-ul ofer\u0103 interac\u021biune fa\u021b\u0103 \u00een fa\u021b\u0103, f\u0103c\u00e2nd experien\u021ba mult mai autentic\u0103 \u0219i mai spontan\u0103.<\/p>\n<p>Ideea este simpl\u0103: v\u0103 permite\u021bi webcam-ul, face\u021bi clic pe \"Start Chat\" \u0219i sunte\u021bi imediat asociat cu o alt\u0103 persoan\u0103. Dac\u0103 conversa\u021bia nu se potrive\u0219te, ap\u0103sa\u021bi Next pentru a fi asociat cu altcineva.<\/p>\n<h2>De ce iubesc oamenii Free Cam Chat<\/h2>\n<p>Cre\u0219terea popularit\u0103\u021bii chat-ului gratuit cu camere video nu este o surpriz\u0103. Iat\u0103 de ce oamenii din \u00eentreaga lume \u00eel folosesc zilnic:<\/p>\n<ul>\n<li>Distrac\u021bie spontan\u0103: Nu \u0219tii niciodat\u0103 cu cine te vei \u00eent\u00e2lni.<\/li>\n<li>Autenticitate: Spre deosebire de chat-urile bazate pe text, video dovede\u0219te c\u0103 persoana este real\u0103.<\/li>\n<li>Conexiuni instantanee: F\u0103r\u0103 \u00eenscrieri lungi, profiluri sau a\u0219teptarea r\u0103spunsurilor.<\/li>\n<li>Acoperire global\u0103: Chat cu oameni din \u00eentreaga lume, 24\/7.<\/li>\n<li>Varietate: Folosi\u021bi-l pentru distrac\u021bie, flirt, schimb cultural sau chiar practic\u0103 lingvistic\u0103.<\/li>\n<li>\u00cenvinge plictiseala: O modalitate rapid\u0103 \u0219i distractiv\u0103 de a trece timpul.<\/li>\n<\/ul>\n<h2>Cum func\u021bioneaz\u0103 Cam Chat?<\/h2>\n<p>\u00cenceperea cu cam chat-ul este rapid\u0103 \u0219i simpl\u0103:<\/p>\n<ol>\n<li>Deschide\u021bi platforma (desktop sau mobil\u0103).<\/li>\n<li>Permite\u021bi accesul la camer\u0103 \u0219i microfon.<\/li>\n<li>Face\u021bi clic pe \"Start Chat\".<\/li>\n<li>Conecta\u021bi-v\u0103 instantaneu cu o persoan\u0103 la \u00eent\u00e2mplare prin video.<\/li>\n<li>Face\u021bi clic pe \"Urm\u0103torul\" ori de c\u00e2te ori dori\u021bi s\u0103 cunoa\u0219te\u021bi pe cineva nou.<\/li>\n<\/ol>\n<p>Unele platforme includ, de asemenea, func\u021bii suplimentare precum filtre de gen, filtre de \u021bar\u0103 \u0219i chiar traducere \u00een chat pentru conversa\u021bii \u00een mai multe limbi.<\/p>\n<h2>Caracteristici de top de c\u0103utat<\/h2>\n<p>Nu toate platformele de cam chat sunt la fel. Iat\u0103 ce ar trebui s\u0103 c\u0103uta\u021bi la cele mai bune site-uri gratuite de cam chat:<\/p>\n<h3>1. Acces cu adev\u0103rat liber<\/h3>\n<p>Evita\u021bi platformele care v\u0103 atrag ca fiind \"gratuite\", dar care ascund func\u021bii de baz\u0103 \u00een spatele unor ziduri cu plat\u0103.<\/p>\n<h3>2. Nu este necesar\u0103 \u00eenscrierea<\/h3>\n<p>Cele mai bune servicii de cam chat v\u0103 permit s\u0103 \u00eencepe\u021bi chat-ul instantaneu, f\u0103r\u0103 \u00eenregistrare.<\/p>\n<h3>3. Filtre de gen \u0219i loca\u021bie<\/h3>\n<p>Aceste filtre v\u0103 permit s\u0103 controla\u021bi cu cine sunte\u021bi asociat, pentru o experien\u021b\u0103 mai personalizat\u0103.<\/p>\n<h3>4. Modera\u021bie puternic\u0103<\/h3>\n<p>Platformele sigure dispun de instrumente active de moderare \u0219i raportare pentru a se ocupa de utilizatorii inadecva\u021bi.<\/p>\n<h3>5. Design prietenos cu mobilul<\/h3>\n<p>Platformele bune func\u021bioneaz\u0103 f\u0103r\u0103 probleme at\u00e2t pe telefoane, c\u00e2t \u0219i pe desktopuri.<\/p>\n<h3>6. Video \u0219i audio de \u00eenalt\u0103 calitate<\/h3>\n<p>Conexiunile clare \u0219i fiabile fac conversa\u021biile mai naturale.<\/p>\n<h2>Cele mai bune platforme de Cam Chat \u00een 2025<\/h2>\n<p>Iat\u0103 cum se compar\u0103 cele mai populare platforme de cam chat:<\/p>\n<table>\n<thead>\n<tr>\n<th>Platform\u0103<\/th>\n<th align=\"center\">Acces gratuit<\/th>\n<th align=\"center\">Filtru de gen<\/th>\n<th align=\"center\">\u00cenregistrare necesar\u0103<\/th>\n<th align=\"center\">Asisten\u021b\u0103 mobil\u0103<\/th>\n<th align=\"center\">Modera\u021bie<\/th>\n<th>Note<\/th>\n<\/tr>\n<\/thead>\n<tbody>\n<tr>\n<td>StrangerCam<\/td>\n<td align=\"center\">\u2705<\/td>\n<td align=\"center\">\u2705 (Gratuit)<\/td>\n<td align=\"center\">\u274c<\/td>\n<td align=\"center\">\u2705<\/td>\n<td align=\"center\">\u2705<\/td>\n<td>Cel mai bun cam chat gratuit la toate capitolele<\/td>\n<\/tr>\n<tr>\n<td><a href=\"https:\/\/strangercam.com\/ro\/chatroulette\/\">Chatroulette<\/a><\/td>\n<td align=\"center\">\u2705<\/td>\n<td align=\"center\">\u274c (pl\u0103tit)<\/td>\n<td align=\"center\">\u274c<\/td>\n<td align=\"center\">\u2705<\/td>\n<td align=\"center\">\u2705<\/td>\n<td>Platform\u0103 clasic\u0103, dar costul filtrelor<\/td>\n<\/tr>\n<tr>\n<td>Chatrandom<\/td>\n<td align=\"center\">\u2705<\/td>\n<td align=\"center\">\u274c (pl\u0103tit)<\/td>\n<td align=\"center\">\u274c<\/td>\n<td align=\"center\">\u2705<\/td>\n<td align=\"center\">\u2705<\/td>\n<td>Popular, dar filtre cu plat\u0103<\/td>\n<\/tr>\n<tr>\n<td><a href=\"https:\/\/strangercam.com\/ro\/ometv\/\">OmeTV<\/a><\/td>\n<td align=\"center\">\u2705<\/td>\n<td align=\"center\">\u274c<\/td>\n<td align=\"center\">\u274c<\/td>\n<td align=\"center\">\u2705<\/td>\n<td align=\"center\">\u2705<\/td>\n<td>Aplica\u021bie mobil\u0103 disponibil\u0103, exclusiv aleatorie<\/td>\n<\/tr>\n<tr>\n<td>Shagle<\/td>\n<td align=\"center\">\u2705<\/td>\n<td align=\"center\">\u274c (pl\u0103tit)<\/td>\n<td align=\"center\">\u274c<\/td>\n<td align=\"center\">\u2705<\/td>\n<td align=\"center\">\u2705<\/td>\n<td>Promoveaz\u0103 actualiz\u0103rile premium<\/td>\n<\/tr>\n<tr>\n<td><a href=\"https:\/\/strangercam.com\/ro\/coomeet\/\">CooMeet<\/a><\/td>\n<td align=\"center\">\u274c (Trial)<\/td>\n<td align=\"center\">\u2705<\/td>\n<td align=\"center\">\u2705<\/td>\n<td align=\"center\">\u2705<\/td>\n<td align=\"center\">\u2705<\/td>\n<td>Pl\u0103tit dup\u0103 un test gratuit limitat<\/td>\n<\/tr>\n<tr>\n<td>LuckyCrush<\/td>\n<td align=\"center\">\u274c<\/td>\n<td align=\"center\">\u2705<\/td>\n<td align=\"center\">\u2705<\/td>\n<td align=\"center\">\u2705<\/td>\n<td align=\"center\">\u2705<\/td>\n<td>Conversa\u021bii \u00eentotdeauna pl\u0103tite, bazate pe gen<\/td>\n<\/tr>\n<\/tbody>\n<\/table>\n<p>Printre acestea, StrangerCam este una dintre singurele platforme care ofer\u0103 cam chat gratuit cu utilizare nelimitat\u0103, un filtru de gen func\u021bional \u0219i nu necesit\u0103 \u00eenscriere.<\/p>\n<h2>De ce StrangerCam este cea mai bun\u0103 alegere<\/h2>\n<p>Iat\u0103 de ce StrangerCam este una dintre platformele de top pentru cam chat \u00een 2025:<\/p>\n<h3>1. Complet gratuit<\/h3>\n<p>F\u0103r\u0103 costuri ascunse, teste sau credite - doar chat nelimitat.<\/p>\n<h3>2. Filtru de gen gratuit<\/h3>\n<p>Alege b\u0103ie\u021bi, fete sau ambele - f\u0103r\u0103 s\u0103 pl\u0103te\u0219ti.<\/p>\n<h3>3. Nu este nevoie de \u00eenscriere<\/h3>\n<p>R\u0103m\u00e2ne\u021bi anonim \u0219i conecta\u021bi-v\u0103 instantaneu.<\/p>\n<h3>4. Sigur \u0219i moderat<\/h3>\n<p>Moderarea activ\u0103 \u0219i instrumentele de raportare ajut\u0103 la men\u021binerea unei platforme curate.<\/p>\n<h3>5. Comunitatea global\u0103<\/h3>\n<p>Face\u021bi cuno\u0219tin\u021b\u0103 cu persoane din peste 100 de \u021b\u0103ri, disponibile 24\/7.<\/p>\n<h3>6. Func\u021bioneaz\u0103 pe toate dispozitivele<\/h3>\n<p>Optimizat pentru desktop, mobil \u0219i tablete.<\/p>\n<h2>Testimoniale reale ale utilizatorilor<\/h2>\n<blockquote><p><em>\"C\u0103utam o camer\u0103 de chat gratuit\u0103, f\u0103r\u0103 costuri ascunse, iar StrangerCam a fost prima platform\u0103 care chiar mi-a oferit acest lucru.\"<\/em><br \/>\n- Jake, 25 de ani<\/p><\/blockquote>\n<blockquote><p><em>\"Filtrul de gen func\u021bioneaz\u0103 gratuit aici, ceea ce \u00eel diferen\u021biaz\u0103 de alte site-uri.\"<\/em><br \/>\n- Sophia, 22 de ani<\/p><\/blockquote>\n<blockquote><p><em>\"Este at\u00e2t de u\u0219or de utilizat. Am intrat \u00een leg\u0103tur\u0103 cu oameni de pe trei continente \u00een doar o sear\u0103.\"<\/em><br \/>\n- Ryan, 28 de ani<\/p><\/blockquote>\n<blockquote><p><em>\"StrangerCam se simte mai sigur dec\u00e2t majoritatea celorlalte platforme de chat pe care le-am \u00eencercat, datorit\u0103 moder\u0103rii.\"<\/em><br \/>\n- Mia, 20 de ani<\/p><\/blockquote>\n<h2>Sfaturi de siguran\u021b\u0103 pentru Cam Chat<\/h2>\n<p>De\u0219i chat-ul cu camere video este distractiv, \u021bine\u021bi cont \u00eentotdeauna de siguran\u021b\u0103:<\/p>\n<ul>\n<li>Nu \u00eemp\u0103rt\u0103\u0219i\u021bi detalii personale (telefon, e-mail, adres\u0103).<\/li>\n<li>S\u0103ri\u021bi sau bloca\u021bi pe oricine v\u0103 face s\u0103 v\u0103 sim\u021bi\u021bi inconfortabil.<\/li>\n<li>Evita\u021bi s\u0103 face\u021bi clic pe linkuri de la necunoscu\u021bi.<\/li>\n<li>Verifica\u021bi fundalul \u00eenainte de a porni camera web.<\/li>\n<li>R\u0103m\u00e2ne\u021bi la instrumentele platformei pentru raportare \u0219i blocare.<\/li>\n<li>Respecta\u021bi restric\u021biile de v\u00e2rst\u0103 - evita\u021bi platformele de cam chat pentru adul\u021bi dac\u0103 ave\u021bi sub 18 ani.<\/li>\n<\/ul>\n<h2>Cum s\u0103 \u00eencepe\u021bi - pas cu pas<\/h2>\n<p>Este nevoie de mai pu\u021bin de un minut pentru a \u00eencepe un chat cu camera:<\/p>\n<ol>\n<li>Deschide\u021bi StrangerCam pe dispozitivul dvs.<\/li>\n<li>Permite\u021bi accesul la camer\u0103 \u0219i microfon.<\/li>\n<li>Alege\u021bi preferin\u021be (cum ar fi filtre de gen).<\/li>\n<li>Face\u021bi clic pe Start Chat pentru a v\u0103 conecta instantaneu.<\/li>\n<li>Ap\u0103sa\u021bi Urm\u0103torul pentru a trece mai departe oric\u00e2nd.<\/li>\n<\/ol>\n<p>Rapid, simplu \u0219i gratuit.<\/p>\n<h2>G\u00e2nduri finale - \u00cencearc\u0103 Free Cam Chat ast\u0103zi<\/h2>\n<p>\u00cen 2025, cam chat-ul este \u00eenc\u0103 una dintre cele mai interesante \u0219i autentice modalit\u0103\u021bi de a cunoa\u0219te oameni noi online. Este distractiv, spontan \u0219i v\u0103 conecteaz\u0103 instantaneu cu str\u0103ini din \u00eentreaga lume.<\/p>\n<p>Dar nu toate platformele sunt pe m\u0103sur\u0103 - unele ascund func\u021bii \u00een spatele unor ziduri cu plat\u0103 sau \u00ee\u0219i inund\u0103 site-urile cu robo\u021bi. De aceea, StrangerCam este cea mai bun\u0103 alegere: este gratuit\u0103, anonim\u0103, sigur\u0103 \u0219i \u00eentotdeauna activ\u0103, cu utilizatori reali gata de chat.<\/p>\n<p>E\u0219ti gata s\u0103 experimentezi? \u00cencepe\u021bi un chat gratuit cu camera ast\u0103zi \u0219i descoperi\u021bi pe cine ve\u021bi \u00eent\u00e2lni \u00een continuare.<\/p>","protected":false},"excerpt":{"rendered":"<p>Looking for the best place to enjoy cam chat? You\u2019re not alone. Every day, millions of people around the world use cam chat platforms to meet new people, have fun conversations, and make spontaneous connections online. Unlike dating apps or social networks that require endless scrolling or swiping, cam chat is instant, real, and exciting\u2014you [&hellip;]<\/p>\n","protected":false},"author":8,"featured_media":0,"parent":0,"menu_order":0,"comment_status":"closed","ping_status":"closed","template":"","meta":{"footnotes":""},"class_list":["post-4073","page","type-page","status-publish","hentry"],"yoast_head":"<!-- This site is optimized with the Yoast SEO plugin v27.4 - https:\/\/yoast.com\/product\/yoast-seo-wordpress\/ -->\n<title>Cam Chat with Video Chat on Strangercam.com<\/title>\n<meta name=\"description\" content=\"Liking Cam Chat? Join millions on StrangerCam.com! Start a random video chat, turn on your cam, and meet strangers instantly.\" \/>\n<meta name=\"robots\" content=\"index, follow, max-snippet:-1, max-image-preview:large, max-video-preview:-1\" \/>\n<link rel=\"canonical\" href=\"https:\/\/strangercam.com\/ro\/cam-chat\/\" \/>\n<meta property=\"og:locale\" content=\"ro_RO\" \/>\n<meta property=\"og:type\" content=\"article\" \/>\n<meta property=\"og:title\" content=\"Cam Chat with Video Chat on Strangercam.com\" \/>\n<meta property=\"og:description\" content=\"Liking Cam Chat? Join millions on StrangerCam.com! Start a random video chat, turn on your cam, and meet strangers instantly.\" \/>\n<meta property=\"og:url\" content=\"https:\/\/strangercam.com\/ro\/cam-chat\/\" \/>\n<meta property=\"og:site_name\" content=\"Strangercam\" \/>\n<meta property=\"article:publisher\" content=\"https:\/\/www.facebook.com\/strangercam\" \/>\n<meta property=\"article:modified_time\" content=\"2025-09-03T11:47:51+00:00\" \/>\n<meta property=\"og:image\" content=\"https:\/\/strangercam.com\/wp-content\/uploads\/2021\/10\/Untitled-2.png\" \/>\n\t<meta property=\"og:image:width\" content=\"800\" \/>\n\t<meta property=\"og:image:height\" content=\"532\" \/>\n\t<meta property=\"og:image:type\" content=\"image\/png\" \/>\n<meta name=\"twitter:card\" content=\"summary_large_image\" \/>\n<meta name=\"twitter:site\" content=\"@strangercamapp\" \/>\n<meta name=\"twitter:label1\" content=\"Timp estimat pentru citire\" \/>\n\t<meta name=\"twitter:data1\" content=\"5 minute\" \/>\n<script type=\"application\/ld+json\" class=\"yoast-schema-graph\">{\"@context\":\"https:\\\/\\\/schema.org\",\"@graph\":[{\"@type\":\"WebPage\",\"@id\":\"https:\\\/\\\/strangercam.com\\\/cam-chat\\\/\",\"url\":\"https:\\\/\\\/strangercam.com\\\/cam-chat\\\/\",\"name\":\"Cam Chat with Video Chat on Strangercam.com\",\"isPartOf\":{\"@id\":\"https:\\\/\\\/strangercam.com\\\/#website\"},\"datePublished\":\"2025-09-03T09:52:49+00:00\",\"dateModified\":\"2025-09-03T11:47:51+00:00\",\"description\":\"Liking Cam Chat? Join millions on StrangerCam.com! Start a random video chat, turn on your cam, and meet strangers instantly.\",\"breadcrumb\":{\"@id\":\"https:\\\/\\\/strangercam.com\\\/cam-chat\\\/#breadcrumb\"},\"inLanguage\":\"ro-RO\",\"potentialAction\":[{\"@type\":\"ReadAction\",\"target\":[\"https:\\\/\\\/strangercam.com\\\/cam-chat\\\/\"]}]},{\"@type\":\"BreadcrumbList\",\"@id\":\"https:\\\/\\\/strangercam.com\\\/cam-chat\\\/#breadcrumb\",\"itemListElement\":[{\"@type\":\"ListItem\",\"position\":1,\"name\":\"Home\",\"item\":\"https:\\\/\\\/strangercam.com\\\/\"},{\"@type\":\"ListItem\",\"position\":2,\"name\":\"Cam Chat\"}]},{\"@type\":\"WebSite\",\"@id\":\"https:\\\/\\\/strangercam.com\\\/#website\",\"url\":\"https:\\\/\\\/strangercam.com\\\/\",\"name\":\"Strangercam\",\"description\":\"Random Video Chat with Strangers\",\"publisher\":{\"@id\":\"https:\\\/\\\/strangercam.com\\\/#organization\"},\"alternateName\":\"Strangercam.com\",\"potentialAction\":[{\"@type\":\"SearchAction\",\"target\":{\"@type\":\"EntryPoint\",\"urlTemplate\":\"https:\\\/\\\/strangercam.com\\\/?s={search_term_string}\"},\"query-input\":{\"@type\":\"PropertyValueSpecification\",\"valueRequired\":true,\"valueName\":\"search_term_string\"}}],\"inLanguage\":\"ro-RO\"},{\"@type\":\"Organization\",\"@id\":\"https:\\\/\\\/strangercam.com\\\/#organization\",\"name\":\"Strangercam\",\"alternateName\":\"Strangercam.com\",\"url\":\"https:\\\/\\\/strangercam.com\\\/\",\"logo\":{\"@type\":\"ImageObject\",\"inLanguage\":\"ro-RO\",\"@id\":\"https:\\\/\\\/strangercam.com\\\/#\\\/schema\\\/logo\\\/image\\\/\",\"url\":\"https:\\\/\\\/strangercam.com\\\/wp-content\\\/uploads\\\/2020\\\/11\\\/cropped-new-favicon-black.png\",\"contentUrl\":\"https:\\\/\\\/strangercam.com\\\/wp-content\\\/uploads\\\/2020\\\/11\\\/cropped-new-favicon-black.png\",\"width\":512,\"height\":512,\"caption\":\"Strangercam\"},\"image\":{\"@id\":\"https:\\\/\\\/strangercam.com\\\/#\\\/schema\\\/logo\\\/image\\\/\"},\"sameAs\":[\"https:\\\/\\\/www.facebook.com\\\/strangercam\",\"https:\\\/\\\/x.com\\\/strangercamapp\"]}]}<\/script>\n<!-- \/ Yoast SEO plugin. -->","yoast_head_json":{"title":"Cam Chat cu Video Chat pe Strangercam.com","description":"\u00ce\u021bi place Cam Chat? Join milioane pe StrangerCam.com! \u00cencepe un chat video aleatoriu, porne\u0219te-\u021bi camera \u0219i \u00eent\u00e2lne\u0219te str\u0103ini instantaneu.","robots":{"index":"index","follow":"follow","max-snippet":"max-snippet:-1","max-image-preview":"max-image-preview:large","max-video-preview":"max-video-preview:-1"},"canonical":"https:\/\/strangercam.com\/ro\/cam-chat\/","og_locale":"ro_RO","og_type":"article","og_title":"Cam Chat with Video Chat on Strangercam.com","og_description":"Liking Cam Chat? Join millions on StrangerCam.com! Start a random video chat, turn on your cam, and meet strangers instantly.","og_url":"https:\/\/strangercam.com\/ro\/cam-chat\/","og_site_name":"Strangercam","article_publisher":"https:\/\/www.facebook.com\/strangercam","article_modified_time":"2025-09-03T11:47:51+00:00","og_image":[{"width":800,"height":532,"url":"https:\/\/strangercam.com\/wp-content\/uploads\/2021\/10\/Untitled-2.png","type":"image\/png"}],"twitter_card":"summary_large_image","twitter_site":"@strangercamapp","twitter_misc":{"Timp estimat pentru citire":"5 minute"},"schema":{"@context":"https:\/\/schema.org","@graph":[{"@type":"WebPage","@id":"https:\/\/strangercam.com\/cam-chat\/","url":"https:\/\/strangercam.com\/cam-chat\/","name":"Cam Chat cu Video Chat pe Strangercam.com","isPartOf":{"@id":"https:\/\/strangercam.com\/#website"},"datePublished":"2025-09-03T09:52:49+00:00","dateModified":"2025-09-03T11:47:51+00:00","description":"\u00ce\u021bi place Cam Chat? Join milioane pe StrangerCam.com! \u00cencepe un chat video aleatoriu, porne\u0219te-\u021bi camera \u0219i \u00eent\u00e2lne\u0219te str\u0103ini instantaneu.","breadcrumb":{"@id":"https:\/\/strangercam.com\/cam-chat\/#breadcrumb"},"inLanguage":"ro-RO","potentialAction":[{"@type":"ReadAction","target":["https:\/\/strangercam.com\/cam-chat\/"]}]},{"@type":"BreadcrumbList","@id":"https:\/\/strangercam.com\/cam-chat\/#breadcrumb","itemListElement":[{"@type":"ListItem","position":1,"name":"Home","item":"https:\/\/strangercam.com\/"},{"@type":"ListItem","position":2,"name":"Cam Chat"}]},{"@type":"WebSite","@id":"https:\/\/strangercam.com\/#website","url":"https:\/\/strangercam.com\/","name":"Strangercam","description":"Chat video aleatoriu cu str\u0103ini","publisher":{"@id":"https:\/\/strangercam.com\/#organization"},"alternateName":"Strangercam.com","potentialAction":[{"@type":"SearchAction","target":{"@type":"EntryPoint","urlTemplate":"https:\/\/strangercam.com\/?s={search_term_string}"},"query-input":{"@type":"PropertyValueSpecification","valueRequired":true,"valueName":"search_term_string"}}],"inLanguage":"ro-RO"},{"@type":"Organization","@id":"https:\/\/strangercam.com\/#organization","name":"Strangercam","alternateName":"Strangercam.com","url":"https:\/\/strangercam.com\/","logo":{"@type":"ImageObject","inLanguage":"ro-RO","@id":"https:\/\/strangercam.com\/#\/schema\/logo\/image\/","url":"https:\/\/strangercam.com\/wp-content\/uploads\/2020\/11\/cropped-new-favicon-black.png","contentUrl":"https:\/\/strangercam.com\/wp-content\/uploads\/2020\/11\/cropped-new-favicon-black.png","width":512,"height":512,"caption":"Strangercam"},"image":{"@id":"https:\/\/strangercam.com\/#\/schema\/logo\/image\/"},"sameAs":["https:\/\/www.facebook.com\/strangercam","https:\/\/x.com\/strangercamapp"]}]}},"_links":{"self":[{"href":"https:\/\/strangercam.com\/ro\/wp-json\/wp\/v2\/pages\/4073","targetHints":{"allow":["GET"]}}],"collection":[{"href":"https:\/\/strangercam.com\/ro\/wp-json\/wp\/v2\/pages"}],"about":[{"href":"https:\/\/strangercam.com\/ro\/wp-json\/wp\/v2\/types\/page"}],"author":[{"embeddable":true,"href":"https:\/\/strangercam.com\/ro\/wp-json\/wp\/v2\/users\/8"}],"replies":[{"embeddable":true,"href":"https:\/\/strangercam.com\/ro\/wp-json\/wp\/v2\/comments?post=4073"}],"version-history":[{"count":3,"href":"https:\/\/strangercam.com\/ro\/wp-json\/wp\/v2\/pages\/4073\/revisions"}],"predecessor-version":[{"id":13003,"href":"https:\/\/strangercam.com\/ro\/wp-json\/wp\/v2\/pages\/4073\/revisions\/13003"}],"wp:attachment":[{"href":"https:\/\/strangercam.com\/ro\/wp-json\/wp\/v2\/media?parent=4073"}],"curies":[{"name":"wp","href":"https:\/\/api.w.org\/{rel}","templated":true}]}}