{"id":4056,"date":"2025-09-03T11:50:30","date_gmt":"2025-09-03T09:50:30","guid":{"rendered":"https:\/\/strangercam.com\/?page_id=4056"},"modified":"2025-09-03T13:46:31","modified_gmt":"2025-09-03T11:46:31","slug":"necunoscut-video-chat","status":"publish","type":"page","link":"https:\/\/strangercam.com\/ro\/stranger-video-chat\/","title":{"rendered":"Stranger Video Chat"},"content":{"rendered":"<p>C\u0103uta\u021bi cel mai bun mod de a v\u0103 bucura de un videoclip str\u0103in <a href=\"https:\/\/strangercam.com\/ro\/chathub\/\">chat<\/a>? Nu sunte\u021bi singurul. \u00cen fiecare zi, milioane de oameni apeleaz\u0103 la platformele de chat video live pentru a intra instantaneu \u00een contact cu persoane necunoscute. Spre deosebire de aplica\u021biile pentru \u00eent\u00e2lniri sau de re\u021belele de socializare, care adesea par \u00eenscenate sau necesit\u0103 timp, chat-ul video cu str\u0103ini este spontan, autentic \u0219i real.<\/p>\n<p>Cu platforme moderne precum StrangerCam, pute\u021bi \u00eencepe un chat video gratuit cu str\u0103ini chiar acum - f\u0103r\u0103 \u00eenscriere, f\u0103r\u0103 desc\u0103rc\u0103ri \u0219i f\u0103r\u0103 taxe ascunse. Fie c\u0103 dori\u021bi s\u0103 v\u0103 face\u021bi prieteni noi, s\u0103 flirta\u021bi, s\u0103 exersa\u021bi o limb\u0103 sau doar s\u0103 v\u0103 vindeca\u021bi plictiseala, chat-ul video cu str\u0103ini este una dintre cele mai interesante \u0219i imprevizibile experien\u021be online \u00een 2025.<\/p>\n<p>Acest ghid v\u0103 va prezenta tot ce trebuie s\u0103 \u0219ti\u021bi: ce este stranger video chat, de ce este popular, cum func\u021bioneaz\u0103, ce caracteristici sunt cele mai importante, o compara\u021bie a platformelor de top, sfaturi de siguran\u021b\u0103 \u0219i de ce StrangerCam este una dintre cele mai bune op\u021biuni disponibile ast\u0103zi.<\/p>\n<h2>Ce este Stranger Video Chat?<\/h2>\n<p>Stranger video chat este un serviciu online care v\u0103 permite s\u0103 v\u0103 conecta\u021bi instantaneu cu persoane aleatorii prin apeluri video live, utiliz\u00e2nd camera web \u0219i microfonul. Aspectul \"str\u0103in\" \u00eenseamn\u0103 c\u0103 nu \u0219ti\u021bi pe cine ve\u021bi \u00eent\u00e2lni p\u00e2n\u0103 c\u00e2nd nu se stabile\u0219te conexiunea.<\/p>\n<p>Spre deosebire de camerele de chat text, apelurile video ofer\u0103 o experien\u021b\u0103 mai autentic\u0103, deoarece pute\u021bi vedea \u0219i auzi persoana \u00een timp real. Dac\u0103 nu v\u0103 place chat-ul, pute\u021bi face clic pe Urm\u0103torul pentru a fi asociat instantaneu cu altcineva.<\/p>\n<h2>De ce oamenii iubesc chat-ul video gratuit cu str\u0103ini<\/h2>\n<p>Popularitatea chat-ului video gratuit cu str\u0103ini provine din mai multe motive cheie:<\/p>\n<ul>\n<li>Spontaneitate: Fiecare discu\u021bie este diferit\u0103 \u0219i imprevizibil\u0103.<\/li>\n<li>Autenticitate: \u00cenregistrarea video dovede\u0219te c\u0103 persoana este real\u0103, nu un robot sau un cont fals.<\/li>\n<li>F\u0103r\u0103 angajament: F\u0103r\u0103 conturi, f\u0103r\u0103 desc\u0103rc\u0103ri - doar chat-uri instantanee.<\/li>\n<li>Acoperire global\u0103: Face\u021bi cuno\u0219tin\u021b\u0103 cu str\u0103ini din \u00eentreaga lume oric\u00e2nd.<\/li>\n<li>Divertisment: Excelent pentru a petrece timpul, pentru a-\u021bi face prieteni sau pentru a flirta lejer.<\/li>\n<li>Gratificare instantanee: Nu a\u0219tepta\u021bi r\u0103spunsurile - conexiunile sunt instantanee.<\/li>\n<\/ul>\n<h2>Cum func\u021bioneaz\u0103 Stranger Video Chat?<\/h2>\n<p>\u00cenceperea unui chat video cu un str\u0103in este u\u0219oar\u0103:<\/p>\n<ol>\n<li>Deschide\u021bi platforma pe telefon sau computer.<\/li>\n<li>Permite\u021bi accesul la camer\u0103 \u0219i microfon.<\/li>\n<li>Face\u021bi clic pe \"Start Chat\".<\/li>\n<li>Discuta\u021bi instantaneu fa\u021b\u0103 \u00een fa\u021b\u0103 cu un str\u0103in oarecare.<\/li>\n<li>Face\u021bi clic pe \"Urm\u0103torul\" \u00een orice moment pentru a trece la altcineva.<\/li>\n<\/ol>\n<p>Unele platforme ofer\u0103, de asemenea, func\u021bii avansate precum filtre de gen, preferin\u021be de loca\u021bie \u0219i traduceri \u00een chat.<\/p>\n<h2>Caracteristici de top de c\u0103utat<\/h2>\n<p>Nu toate platformele de chat video pentru str\u0103ini sunt la fel. Iat\u0103 ce ar trebui s\u0103 c\u0103uta\u021bi:<\/p>\n<h3>1. Acces gratuit f\u0103r\u0103 trucuri<\/h3>\n<p>Unele platforme anun\u021b\u0103 c\u0103 sunt gratuite, dar blocheaz\u0103 func\u021biile principale \u00een spatele unor ziduri cu plat\u0103. Alege\u021bi un site care ofer\u0103 utilizare gratuit\u0103 nelimitat\u0103.<\/p>\n<h3>2. Nu este nevoie de \u00eenscriere<\/h3>\n<p>R\u0103m\u00e2ne\u021bi anonim \u0219i discuta\u021bi instantaneu f\u0103r\u0103 a crea un cont.<\/p>\n<h3>3. Filtre de gen \u0219i loca\u021bie<\/h3>\n<p>Utile pentru a g\u0103si tipul de persoane cu care dori\u021bi s\u0103 discuta\u021bi.<\/p>\n<h3>4. Modera\u021bie puternic\u0103<\/h3>\n<p>Platformele cu instrumente de raportare \u0219i moderare asigur\u0103 o experien\u021b\u0103 mai sigur\u0103.<\/p>\n<h3>5. Design prietenos cu mobilul<\/h3>\n<p>Ar trebui s\u0103 pute\u021bi conversa f\u0103r\u0103 probleme at\u00e2t pe desktop, c\u00e2t \u0219i pe mobil.<\/p>\n<h3>6. Video \u0219i audio de \u00eenalt\u0103 calitate<\/h3>\n<p>Conexiunile clare \u0219i fiabile fac conversa\u021biile pl\u0103cute.<\/p>\n<h2>Cele mai bune platforme de chat video pentru str\u0103ini \u00een 2025<\/h2>\n<p>Iat\u0103 cum se compar\u0103 cele mai populare platforme de chat video pentru str\u0103ini:<\/p>\n<table>\n<thead>\n<tr>\n<th>Platform\u0103<\/th>\n<th align=\"center\">Acces gratuit<\/th>\n<th align=\"center\">Filtru de gen<\/th>\n<th align=\"center\">\u00cenregistrare necesar\u0103<\/th>\n<th align=\"center\">Asisten\u021b\u0103 mobil\u0103<\/th>\n<th align=\"center\">Modera\u021bie<\/th>\n<th>Note<\/th>\n<\/tr>\n<\/thead>\n<tbody>\n<tr>\n<td>StrangerCam<\/td>\n<td align=\"center\">\u2705<\/td>\n<td align=\"center\">\u2705 (Gratuit)<\/td>\n<td align=\"center\">\u274c<\/td>\n<td align=\"center\">\u2705<\/td>\n<td align=\"center\">\u2705<\/td>\n<td>Cea mai bun\u0103 alegere general\u0103, nelimitat\u0103 \u0219i sigur\u0103<\/td>\n<\/tr>\n<tr>\n<td><a href=\"https:\/\/strangercam.com\/ro\/chatroulette\/\">Chatroulette<\/a><\/td>\n<td align=\"center\">\u2705<\/td>\n<td align=\"center\">\u274c (pl\u0103tit)<\/td>\n<td align=\"center\">\u274c<\/td>\n<td align=\"center\">\u2705<\/td>\n<td align=\"center\">\u2705<\/td>\n<td>Platform\u0103 clasic\u0103, dar costul filtrelor<\/td>\n<\/tr>\n<tr>\n<td>Chatrandom<\/td>\n<td align=\"center\">\u2705<\/td>\n<td align=\"center\">\u274c (pl\u0103tit)<\/td>\n<td align=\"center\">\u274c<\/td>\n<td align=\"center\">\u2705<\/td>\n<td align=\"center\">\u2705<\/td>\n<td>Baz\u0103 mare de utilizatori, actualiz\u0103ri necesare<\/td>\n<\/tr>\n<tr>\n<td><a href=\"https:\/\/strangercam.com\/ro\/ometv\/\">OmeTV<\/a><\/td>\n<td align=\"center\">\u2705<\/td>\n<td align=\"center\">\u274c<\/td>\n<td align=\"center\">\u274c<\/td>\n<td align=\"center\">\u2705<\/td>\n<td align=\"center\">\u2705<\/td>\n<td>Doar aleatoriu, aplica\u021bie mobil\u0103 disponibil\u0103<\/td>\n<\/tr>\n<tr>\n<td>Shagle<\/td>\n<td align=\"center\">\u2705<\/td>\n<td align=\"center\">\u274c (pl\u0103tit)<\/td>\n<td align=\"center\">\u274c<\/td>\n<td align=\"center\">\u2705<\/td>\n<td align=\"center\">\u2705<\/td>\n<td>Multe caracteristici cu plat\u0103<\/td>\n<\/tr>\n<tr>\n<td><a href=\"https:\/\/strangercam.com\/ro\/coomeet\/\">CooMeet<\/a><\/td>\n<td align=\"center\">\u274c (Trial)<\/td>\n<td align=\"center\">\u2705<\/td>\n<td align=\"center\">\u2705<\/td>\n<td align=\"center\">\u2705<\/td>\n<td align=\"center\">\u2705<\/td>\n<td>Pl\u0103tit dup\u0103 o scurt\u0103 perioad\u0103 de prob\u0103<\/td>\n<\/tr>\n<tr>\n<td>LuckyCrush<\/td>\n<td align=\"center\">\u274c<\/td>\n<td align=\"center\">\u2705<\/td>\n<td align=\"center\">\u2705<\/td>\n<td align=\"center\">\u2705<\/td>\n<td align=\"center\">\u2705<\/td>\n<td>\u00centotdeauna pl\u0103tite, \u00een func\u021bie de sex<\/td>\n<\/tr>\n<\/tbody>\n<\/table>\n<p>StrangerCam iese \u00een eviden\u021b\u0103 ca fiind una dintre singurele platforme care ofer\u0103 chat video gratuit cu str\u0103ini cu un filtru de gen func\u021bional, f\u0103r\u0103 \u00eenregistrare \u0219i utilizare nelimitat\u0103.<\/p>\n<h2>De ce StrangerCam este cea mai bun\u0103 alegere<\/h2>\n<p>Iat\u0103 de ce StrangerCam este una dintre cele mai bune op\u021biuni pentru chat video cu str\u0103ini \u00een 2025:<\/p>\n<h3>1. 100% Liber<\/h3>\n<p>Conversa\u021bii nelimitate f\u0103r\u0103 costuri ascunse.<\/p>\n<h3>2. Filtru de gen gratuit<\/h3>\n<p>Face\u021bi cuno\u0219tin\u021b\u0103 cu b\u0103ie\u021bi, fete sau cu am\u00e2ndoi f\u0103r\u0103 s\u0103 pl\u0103ti\u021bi \u00een plus.<\/p>\n<h3>3. Nu este necesar\u0103 \u00eenscrierea<\/h3>\n<p>R\u0103m\u00e2ne\u021bi anonim \u0219i conecta\u021bi-v\u0103 instantaneu.<\/p>\n<h3>4. Sigur \u0219i moderat<\/h3>\n<p>Modera\u021bia robust\u0103 asigur\u0103 un mediu curat \u0219i prietenos.<\/p>\n<h3>5. Baza global\u0103 de utilizatori<\/h3>\n<p>Face\u021bi cuno\u0219tin\u021b\u0103 cu persoane din peste 100 de \u021b\u0103ri, 24\/7.<\/p>\n<h3>6. Func\u021bioneaz\u0103 pretutindeni<\/h3>\n<p>Optimizat pentru mobil, tablet\u0103 \u0219i desktop.<\/p>\n<h2>Testimoniale reale ale utilizatorilor<\/h2>\n<blockquote><p><em>\"Am vrut doar un chat video cu str\u0103ini care s\u0103 nu m\u0103 \u00eemping\u0103 s\u0103 pl\u0103tesc. StrangerCam a fost primul site care era chiar gratuit.\"<\/em><br \/>\n- Liam, 25 de ani<\/p><\/blockquote>\n<blockquote><p><em>\"Filtrul de gen este gratuit \u0219i func\u021bioneaz\u0103 perfect. Alte site-uri \u00eencearc\u0103 \u00eentotdeauna s\u0103 taxeze pentru asta.\"<\/em><br \/>\n- Sophia, 23 de ani<\/p><\/blockquote>\n<blockquote><p><em>\"Am intrat \u00een contact cu oameni din cinci \u021b\u0103ri diferite \u00eentr-o singur\u0103 sear\u0103. Creeaz\u0103 dependen\u021b\u0103, dar este at\u00e2t de distractiv.\"<\/em><br \/>\n- Ryan, 30 de ani<\/p><\/blockquote>\n<blockquote><p><em>\"Se simte mai sigur dec\u00e2t alte site-uri de chat aleatorii pe care le-am \u00eencercat. StrangerCam are o moderare mai bun\u0103 \u0219i o atmosfer\u0103 prietenoas\u0103.\"<\/em><br \/>\n- Emma, 21 de ani<\/p><\/blockquote>\n<h2>Sfaturi de siguran\u021b\u0103 pentru discu\u021biile video cu str\u0103inii<\/h2>\n<p>De\u0219i chat-urile video cu necunoscu\u021bi sunt amuzante, prioritizeaz\u0103 \u00eentotdeauna siguran\u021ba:<\/p>\n<ul>\n<li>Nu \u00eemp\u0103rt\u0103\u0219i\u021bi detalii personale (telefon, e-mail, adres\u0103).<\/li>\n<li>S\u0103ri\u021bi sau bloca\u021bi pe oricine v\u0103 face s\u0103 v\u0103 sim\u021bi\u021bi inconfortabil.<\/li>\n<li>Evita\u021bi s\u0103 face\u021bi clic pe link-uri suspecte.<\/li>\n<li>Verifica\u021bi fundalul camerei web \u00eenainte de a \u00eencepe un apel.<\/li>\n<li>Utiliza\u021bi instrumente de raportare, dac\u0103 este necesar.<\/li>\n<li>Respecta\u021bi regulile de v\u00e2rst\u0103 - dac\u0103 ave\u021bi sub 18 ani, evita\u021bi platformele de chat pentru adul\u021bi.<\/li>\n<\/ul>\n<h2>Cum s\u0103 \u00eencepe\u021bi - pas cu pas<\/h2>\n<p>Este nevoie de mai pu\u021bin de un minut pentru a \u00eencepe un chat video cu un str\u0103in:<\/p>\n<ol>\n<li>Deschide\u021bi StrangerCam pe dispozitivul dvs.<\/li>\n<li>Permite\u021bi accesul la camer\u0103 \u0219i microfon.<\/li>\n<li>Selecta\u021bi preferin\u021be (cum ar fi filtre de gen).<\/li>\n<li>Face\u021bi clic pe Start Chat pentru a v\u0103 conecta instantaneu.<\/li>\n<li>Ap\u0103sa\u021bi Next oric\u00e2nd pentru o nou\u0103 conversa\u021bie.<\/li>\n<\/ol>\n<p>Simplu, rapid \u0219i complet gratuit.<\/p>\n<h2>G\u00e2nduri finale - \u00cencerca\u021bi ast\u0103zi chat-ul video gratuit cu str\u0103ini<\/h2>\n<p>\u00cen 2025, chat-ul video cu str\u0103ini este una dintre cele mai interesante \u0219i autentice modalit\u0103\u021bi de a cunoa\u0219te oameni noi online. Este spontan, distractiv \u0219i v\u0103 ofer\u0103 conexiuni instantanee cu oameni reali din \u00eentreaga lume.<\/p>\n<p>Nu toate platformele ofer\u0103 rezultate - multe ascund filtre \u00een spatele zidurilor cu plat\u0103 sau sunt pline de robo\u021bi. De aceea, StrangerCam este cea mai bun\u0103 alegere: este gratuit\u0103, anonim\u0103, sigur\u0103 \u0219i activ\u0103 24\/7, cu oameni gata s\u0103 discute.<\/p>\n<p>E\u0219ti gata s\u0103 experimentezi? \u00cencepe\u021bi ast\u0103zi un chat video gratuit cu str\u0103ini \u0219i vede\u021bi cu cine v\u0103 ve\u021bi \u00eent\u00e2lni \u00een continuare.<\/p>","protected":false},"excerpt":{"rendered":"<p>Are you searching for the best way to enjoy a stranger video chat? You\u2019re not the only one. Every day, millions of people turn to live video chat platforms to connect with strangers instantly. Unlike dating apps or social networks, which often feel staged or take time, stranger video chat is spontaneous, authentic, and real. [&hellip;]<\/p>\n","protected":false},"author":8,"featured_media":0,"parent":0,"menu_order":0,"comment_status":"closed","ping_status":"closed","template":"","meta":{"footnotes":""},"class_list":["post-4056","page","type-page","status-publish","hentry"],"yoast_head":"<!-- This site is optimized with the Yoast SEO plugin v27.4 - https:\/\/yoast.com\/product\/yoast-seo-wordpress\/ -->\n<title>Stranger Video Chat with Video Chat on Strangercam.com<\/title>\n<meta name=\"description\" content=\"Liking Stranger Video Chat? Join millions on StrangerCam.com! Start a random video chat, turn on your cam, and meet strangers instantly.\" \/>\n<meta name=\"robots\" content=\"index, follow, max-snippet:-1, max-image-preview:large, max-video-preview:-1\" \/>\n<link rel=\"canonical\" href=\"https:\/\/strangercam.com\/ro\/necunoscut-video-chat\/\" \/>\n<meta property=\"og:locale\" content=\"ro_RO\" \/>\n<meta property=\"og:type\" content=\"article\" \/>\n<meta property=\"og:title\" content=\"Stranger Video Chat with Video Chat on Strangercam.com\" \/>\n<meta property=\"og:description\" content=\"Liking Stranger Video Chat? Join millions on StrangerCam.com! Start a random video chat, turn on your cam, and meet strangers instantly.\" \/>\n<meta property=\"og:url\" content=\"https:\/\/strangercam.com\/ro\/necunoscut-video-chat\/\" \/>\n<meta property=\"og:site_name\" content=\"Strangercam\" \/>\n<meta property=\"article:publisher\" content=\"https:\/\/www.facebook.com\/strangercam\" \/>\n<meta property=\"article:modified_time\" content=\"2025-09-03T11:46:31+00:00\" \/>\n<meta property=\"og:image\" content=\"https:\/\/strangercam.com\/wp-content\/uploads\/2021\/10\/Untitled-2.png\" \/>\n\t<meta property=\"og:image:width\" content=\"800\" \/>\n\t<meta property=\"og:image:height\" content=\"532\" \/>\n\t<meta property=\"og:image:type\" content=\"image\/png\" \/>\n<meta name=\"twitter:card\" content=\"summary_large_image\" \/>\n<meta name=\"twitter:site\" content=\"@strangercamapp\" \/>\n<meta name=\"twitter:label1\" content=\"Timp estimat pentru citire\" \/>\n\t<meta name=\"twitter:data1\" content=\"4 minute\" \/>\n<script type=\"application\/ld+json\" class=\"yoast-schema-graph\">{\"@context\":\"https:\\\/\\\/schema.org\",\"@graph\":[{\"@type\":\"WebPage\",\"@id\":\"https:\\\/\\\/strangercam.com\\\/stranger-video-chat\\\/\",\"url\":\"https:\\\/\\\/strangercam.com\\\/stranger-video-chat\\\/\",\"name\":\"Stranger Video Chat with Video Chat on Strangercam.com\",\"isPartOf\":{\"@id\":\"https:\\\/\\\/strangercam.com\\\/#website\"},\"datePublished\":\"2025-09-03T09:50:30+00:00\",\"dateModified\":\"2025-09-03T11:46:31+00:00\",\"description\":\"Liking Stranger Video Chat? Join millions on StrangerCam.com! Start a random video chat, turn on your cam, and meet strangers instantly.\",\"breadcrumb\":{\"@id\":\"https:\\\/\\\/strangercam.com\\\/stranger-video-chat\\\/#breadcrumb\"},\"inLanguage\":\"ro-RO\",\"potentialAction\":[{\"@type\":\"ReadAction\",\"target\":[\"https:\\\/\\\/strangercam.com\\\/stranger-video-chat\\\/\"]}]},{\"@type\":\"BreadcrumbList\",\"@id\":\"https:\\\/\\\/strangercam.com\\\/stranger-video-chat\\\/#breadcrumb\",\"itemListElement\":[{\"@type\":\"ListItem\",\"position\":1,\"name\":\"Home\",\"item\":\"https:\\\/\\\/strangercam.com\\\/\"},{\"@type\":\"ListItem\",\"position\":2,\"name\":\"Stranger Video Chat\"}]},{\"@type\":\"WebSite\",\"@id\":\"https:\\\/\\\/strangercam.com\\\/#website\",\"url\":\"https:\\\/\\\/strangercam.com\\\/\",\"name\":\"Strangercam\",\"description\":\"Random Video Chat with Strangers\",\"publisher\":{\"@id\":\"https:\\\/\\\/strangercam.com\\\/#organization\"},\"alternateName\":\"Strangercam.com\",\"potentialAction\":[{\"@type\":\"SearchAction\",\"target\":{\"@type\":\"EntryPoint\",\"urlTemplate\":\"https:\\\/\\\/strangercam.com\\\/?s={search_term_string}\"},\"query-input\":{\"@type\":\"PropertyValueSpecification\",\"valueRequired\":true,\"valueName\":\"search_term_string\"}}],\"inLanguage\":\"ro-RO\"},{\"@type\":\"Organization\",\"@id\":\"https:\\\/\\\/strangercam.com\\\/#organization\",\"name\":\"Strangercam\",\"alternateName\":\"Strangercam.com\",\"url\":\"https:\\\/\\\/strangercam.com\\\/\",\"logo\":{\"@type\":\"ImageObject\",\"inLanguage\":\"ro-RO\",\"@id\":\"https:\\\/\\\/strangercam.com\\\/#\\\/schema\\\/logo\\\/image\\\/\",\"url\":\"https:\\\/\\\/strangercam.com\\\/wp-content\\\/uploads\\\/2020\\\/11\\\/cropped-new-favicon-black.png\",\"contentUrl\":\"https:\\\/\\\/strangercam.com\\\/wp-content\\\/uploads\\\/2020\\\/11\\\/cropped-new-favicon-black.png\",\"width\":512,\"height\":512,\"caption\":\"Strangercam\"},\"image\":{\"@id\":\"https:\\\/\\\/strangercam.com\\\/#\\\/schema\\\/logo\\\/image\\\/\"},\"sameAs\":[\"https:\\\/\\\/www.facebook.com\\\/strangercam\",\"https:\\\/\\\/x.com\\\/strangercamapp\"]}]}<\/script>\n<!-- \/ Yoast SEO plugin. -->","yoast_head_json":{"title":"Stranger Video Chat cu Video Chat pe Strangercam.com","description":"\u00ce\u021bi place Stranger Video Chat? Join milioane pe StrangerCam.com! \u00cencepe un chat video aleatoriu, porne\u0219te-\u021bi camera \u0219i \u00eent\u00e2lne\u0219te str\u0103ini instantaneu.","robots":{"index":"index","follow":"follow","max-snippet":"max-snippet:-1","max-image-preview":"max-image-preview:large","max-video-preview":"max-video-preview:-1"},"canonical":"https:\/\/strangercam.com\/ro\/necunoscut-video-chat\/","og_locale":"ro_RO","og_type":"article","og_title":"Stranger Video Chat with Video Chat on Strangercam.com","og_description":"Liking Stranger Video Chat? Join millions on StrangerCam.com! Start a random video chat, turn on your cam, and meet strangers instantly.","og_url":"https:\/\/strangercam.com\/ro\/necunoscut-video-chat\/","og_site_name":"Strangercam","article_publisher":"https:\/\/www.facebook.com\/strangercam","article_modified_time":"2025-09-03T11:46:31+00:00","og_image":[{"width":800,"height":532,"url":"https:\/\/strangercam.com\/wp-content\/uploads\/2021\/10\/Untitled-2.png","type":"image\/png"}],"twitter_card":"summary_large_image","twitter_site":"@strangercamapp","twitter_misc":{"Timp estimat pentru citire":"4 minute"},"schema":{"@context":"https:\/\/schema.org","@graph":[{"@type":"WebPage","@id":"https:\/\/strangercam.com\/stranger-video-chat\/","url":"https:\/\/strangercam.com\/stranger-video-chat\/","name":"Stranger Video Chat cu Video Chat pe Strangercam.com","isPartOf":{"@id":"https:\/\/strangercam.com\/#website"},"datePublished":"2025-09-03T09:50:30+00:00","dateModified":"2025-09-03T11:46:31+00:00","description":"\u00ce\u021bi place Stranger Video Chat? Join milioane pe StrangerCam.com! \u00cencepe un chat video aleatoriu, porne\u0219te-\u021bi camera \u0219i \u00eent\u00e2lne\u0219te str\u0103ini instantaneu.","breadcrumb":{"@id":"https:\/\/strangercam.com\/stranger-video-chat\/#breadcrumb"},"inLanguage":"ro-RO","potentialAction":[{"@type":"ReadAction","target":["https:\/\/strangercam.com\/stranger-video-chat\/"]}]},{"@type":"BreadcrumbList","@id":"https:\/\/strangercam.com\/stranger-video-chat\/#breadcrumb","itemListElement":[{"@type":"ListItem","position":1,"name":"Home","item":"https:\/\/strangercam.com\/"},{"@type":"ListItem","position":2,"name":"Stranger Video Chat"}]},{"@type":"WebSite","@id":"https:\/\/strangercam.com\/#website","url":"https:\/\/strangercam.com\/","name":"Strangercam","description":"Chat video aleatoriu cu str\u0103ini","publisher":{"@id":"https:\/\/strangercam.com\/#organization"},"alternateName":"Strangercam.com","potentialAction":[{"@type":"SearchAction","target":{"@type":"EntryPoint","urlTemplate":"https:\/\/strangercam.com\/?s={search_term_string}"},"query-input":{"@type":"PropertyValueSpecification","valueRequired":true,"valueName":"search_term_string"}}],"inLanguage":"ro-RO"},{"@type":"Organization","@id":"https:\/\/strangercam.com\/#organization","name":"Strangercam","alternateName":"Strangercam.com","url":"https:\/\/strangercam.com\/","logo":{"@type":"ImageObject","inLanguage":"ro-RO","@id":"https:\/\/strangercam.com\/#\/schema\/logo\/image\/","url":"https:\/\/strangercam.com\/wp-content\/uploads\/2020\/11\/cropped-new-favicon-black.png","contentUrl":"https:\/\/strangercam.com\/wp-content\/uploads\/2020\/11\/cropped-new-favicon-black.png","width":512,"height":512,"caption":"Strangercam"},"image":{"@id":"https:\/\/strangercam.com\/#\/schema\/logo\/image\/"},"sameAs":["https:\/\/www.facebook.com\/strangercam","https:\/\/x.com\/strangercamapp"]}]}},"_links":{"self":[{"href":"https:\/\/strangercam.com\/ro\/wp-json\/wp\/v2\/pages\/4056","targetHints":{"allow":["GET"]}}],"collection":[{"href":"https:\/\/strangercam.com\/ro\/wp-json\/wp\/v2\/pages"}],"about":[{"href":"https:\/\/strangercam.com\/ro\/wp-json\/wp\/v2\/types\/page"}],"author":[{"embeddable":true,"href":"https:\/\/strangercam.com\/ro\/wp-json\/wp\/v2\/users\/8"}],"replies":[{"embeddable":true,"href":"https:\/\/strangercam.com\/ro\/wp-json\/wp\/v2\/comments?post=4056"}],"version-history":[{"count":3,"href":"https:\/\/strangercam.com\/ro\/wp-json\/wp\/v2\/pages\/4056\/revisions"}],"predecessor-version":[{"id":13001,"href":"https:\/\/strangercam.com\/ro\/wp-json\/wp\/v2\/pages\/4056\/revisions\/13001"}],"wp:attachment":[{"href":"https:\/\/strangercam.com\/ro\/wp-json\/wp\/v2\/media?parent=4056"}],"curies":[{"name":"wp","href":"https:\/\/api.w.org\/{rel}","templated":true}]}}