{"id":4039,"date":"2025-09-03T11:47:55","date_gmt":"2025-09-03T09:47:55","guid":{"rendered":"https:\/\/strangercam.com\/?page_id=4039"},"modified":"2025-09-03T13:44:58","modified_gmt":"2025-09-03T11:44:58","slug":"chat-video-aleatoriu-cu-straini","status":"publish","type":"page","link":"https:\/\/strangercam.com\/ro\/random-video-chat-with-strangers\/","title":{"rendered":"Chat video aleatoriu cu str\u0103ini"},"content":{"rendered":"<p>C\u0103uta\u021bi cea mai bun\u0103 modalitate de a v\u0103 bucura de un videoclip aleatoriu <a href=\"https:\/\/strangercam.com\/ro\/chathub\/\">chat<\/a> cu str\u0103inii? Nu sunte\u021bi singuri. \u00cen fiecare lun\u0103, milioane de oameni din \u00eentreaga lume intr\u0103 online pentru a se conecta instantaneu cu necunoscu\u021bi - fie pentru distrac\u021bie, prietenie, schimburi culturale sau flirturi lejere. Spre deosebire de aplica\u021biile pentru \u00eent\u00e2lniri sau de social media, care pot p\u0103rea lente sau artificiale, chat-ul video aleatoriu este spontan, autentic \u0219i captivant.<\/p>\n<p>Datorit\u0103 platformelor precum StrangerCam, pute\u021bi \u00eencepe un chat video aleatoriu gratuit cu persoane necunoscute ast\u0103zi - f\u0103r\u0103 \u00eenscrieri, f\u0103r\u0103 desc\u0103rc\u0103ri \u0219i f\u0103r\u0103 costuri ascunse. Cu un singur clic, sunte\u021bi fa\u021b\u0103 \u00een fa\u021b\u0103 cu o persoan\u0103 nou\u0103 de oriunde din lume.<\/p>\n<p>Acest ghid v\u0103 va prezenta tot ceea ce trebuie s\u0103 \u0219ti\u021bi: ce este chat-ul video aleatoriu cu str\u0103ini, de ce oamenii \u00eel iubesc, cum func\u021bioneaz\u0103, ce caracteristici s\u0103 c\u0103uta\u021bi, compara\u021bii \u00eentre platforme, sfaturi de siguran\u021b\u0103 \u0219i de ce StrangerCam este una dintre cele mai bune alegeri \u00een 2025.<\/p>\n<h2>Ce este chat-ul video aleatoriu cu str\u0103inii?<\/h2>\n<p>Un chat video aleatoriu cu necunoscu\u021bi este o func\u021bie online care v\u0103 conecteaz\u0103 instantaneu la alte persoane prin intermediul camerei web \u0219i al microfonului. Spre deosebire de camerele de chat doar cu text, chat-ul video ofer\u0103 o interac\u021biune \u00een direct, fa\u021b\u0103 \u00een fa\u021b\u0103, f\u0103c\u00e2nd conversa\u021biile mai reale \u0219i mai captivante.<\/p>\n<p>Nu trebuie s\u0103 v\u0103 crea\u021bi un cont sau s\u0103 completa\u021bi un profil. Pur \u0219i simplu face\u021bi clic pe \"Start\" \u0219i \u00een c\u00e2teva secunde vorbi\u021bi cu o persoan\u0103 nou\u0103. Dac\u0103 conversa\u021bia nu v\u0103 place, ap\u0103sa\u021bi pe Urm\u0103torul \u0219i ve\u021bi fi conectat instantaneu cu altcineva.<\/p>\n<h2>De ce oamenii iubesc chat-ul video gratuit \u0219i aleatoriu cu necunoscu\u021bi<\/h2>\n<p>Popularitatea chat-ului video aleatoriu gratuit cu persoane necunoscute se datoreaz\u0103 mai multor motive cheie:<\/p>\n<ul>\n<li>Spontaneitate: Fiecare discu\u021bie este diferit\u0103 \u0219i imprevizibil\u0103.<\/li>\n<li>Autenticitate: Live video v\u0103 asigur\u0103 c\u0103 v\u0103 \u00eent\u00e2lni\u021bi cu oameni reali, nu cu robo\u021bi.<\/li>\n<li>F\u0103r\u0103 angajament: F\u0103r\u0103 conturi, f\u0103r\u0103 desc\u0103rc\u0103ri - doar conversa\u021bii instantanee.<\/li>\n<li>Acoperire global\u0103: Face\u021bi cuno\u0219tin\u021b\u0103 cu oameni din zeci de \u021b\u0103ri \u00een timp real.<\/li>\n<li>Prietenie \u0219i distrac\u021bie: Unii \u00eel folosesc pentru a-\u0219i face prieteni, al\u021bii pentru flirt ocazional sau divertisment.<\/li>\n<li>Evadare rapid\u0103 din plictiseal\u0103: Perfect atunci c\u00e2nd dori\u021bi s\u0103 v\u0103 rupe\u021bi rutina.<\/li>\n<\/ul>\n<h2>Cum func\u021bioneaz\u0103 chat-ul video aleatoriu cu str\u0103inii?<\/h2>\n<p>\u00cenceperea este simpl\u0103 \u0219i rapid\u0103:<\/p>\n<ol>\n<li>Deschide\u021bi o platform\u0103 precum StrangerCam pe telefon sau computer.<\/li>\n<li>Permite\u021bi accesul la camera web \u0219i la microfon.<\/li>\n<li>Face\u021bi clic pe \"Start Chat\".<\/li>\n<li>Discuta\u021bi instantaneu fa\u021b\u0103 \u00een fa\u021b\u0103 cu un str\u0103in oarecare.<\/li>\n<li>Face\u021bi clic pe \"Urm\u0103torul\" oric\u00e2nd pentru a cunoa\u0219te pe cineva nou.<\/li>\n<\/ol>\n<p>Acest ciclu se poate repeta la nesf\u00e2r\u0219it, oferindu-v\u0103 oportunit\u0103\u021bi nelimitate de a v\u0103 conecta.<\/p>\n<h2>Caracteristici de top de c\u0103utat<\/h2>\n<p>Nu toate platformele sunt egale. Iat\u0103 ce ar trebui s\u0103 c\u0103uta\u021bi atunci c\u00e2nd alege\u021bi un site pentru chat video aleatoriu cu necunoscu\u021bi:<\/p>\n<h3>1. Acces cu adev\u0103rat liber<\/h3>\n<p>Unele site-uri pretind c\u0103 sunt gratuite, dar blocheaz\u0103 func\u021bii cheie \u00een spatele unor ziduri cu plat\u0103. C\u0103uta\u021bi acces nelimitat f\u0103r\u0103 trucuri.<\/p>\n<h3>2. Nu este nevoie de \u00eenscriere<\/h3>\n<p>Cele mai bune site-uri nu necesit\u0103 \u00eenregistrare, conturi sau informa\u021bii personale.<\/p>\n<h3>3. Filtre de gen \u0219i loca\u021bie<\/h3>\n<p>Util dac\u0103 dori\u021bi s\u0103 \u00eent\u00e2lni\u021bi anumite tipuri de persoane.<\/p>\n<h3>4. Modera\u021bie puternic\u0103<\/h3>\n<p>Instrumentele de raportare \u0219i sistemele de moderare asigur\u0103 un mediu sigur.<\/p>\n<h3>5. Design prietenos cu mobilul<\/h3>\n<p>O platform\u0103 bun\u0103 ar trebui s\u0103 func\u021bioneze la fel de bine pe telefoane ca \u0219i pe desktop.<\/p>\n<h3>6. Video \u0219i audio de \u00eenalt\u0103 calitate<\/h3>\n<p>Conexiunile clare \u0219i stabile fac conversa\u021biile mai pl\u0103cute.<\/p>\n<h2>Cele mai bune platforme pentru chat video aleatoriu cu persoane necunoscute \u00een 2025<\/h2>\n<p>Iat\u0103 o compara\u021bie a platformelor populare care ofer\u0103 chat-uri video aleatorii cu persoane necunoscute:<\/p>\n<table>\n<thead>\n<tr>\n<th>Platform\u0103<\/th>\n<th align=\"center\">Acces gratuit<\/th>\n<th align=\"center\">Filtru de gen<\/th>\n<th align=\"center\">\u00cenregistrare necesar\u0103<\/th>\n<th align=\"center\">Asisten\u021b\u0103 mobil\u0103<\/th>\n<th align=\"center\">Modera\u021bie<\/th>\n<th>Note<\/th>\n<\/tr>\n<\/thead>\n<tbody>\n<tr>\n<td>StrangerCam<\/td>\n<td align=\"center\">\u2705<\/td>\n<td align=\"center\">\u2705 (Gratuit)<\/td>\n<td align=\"center\">\u274c<\/td>\n<td align=\"center\">\u2705<\/td>\n<td align=\"center\">\u2705<\/td>\n<td>Cea mai bun\u0103 alegere general\u0103, cu adev\u0103rat gratuit\u0103<\/td>\n<\/tr>\n<tr>\n<td><a href=\"https:\/\/strangercam.com\/ro\/chatroulette\/\">Chatroulette<\/a><\/td>\n<td align=\"center\">\u2705<\/td>\n<td align=\"center\">\u274c (pl\u0103tit)<\/td>\n<td align=\"center\">\u274c<\/td>\n<td align=\"center\">\u2705<\/td>\n<td align=\"center\">\u2705<\/td>\n<td>Op\u021biune clasic\u0103, dar costul filtrelor<\/td>\n<\/tr>\n<tr>\n<td>Chatrandom<\/td>\n<td align=\"center\">\u2705<\/td>\n<td align=\"center\">\u274c (pl\u0103tit)<\/td>\n<td align=\"center\">\u274c<\/td>\n<td align=\"center\">\u2705<\/td>\n<td align=\"center\">\u2705<\/td>\n<td>Popular, dar caracteristici premium blocate<\/td>\n<\/tr>\n<tr>\n<td><a href=\"https:\/\/strangercam.com\/ro\/ometv\/\">OmeTV<\/a><\/td>\n<td align=\"center\">\u2705<\/td>\n<td align=\"center\">\u274c<\/td>\n<td align=\"center\">\u274c<\/td>\n<td align=\"center\">\u2705<\/td>\n<td align=\"center\">\u2705<\/td>\n<td>Doar aleatoriu, aplica\u021bie mobil\u0103 disponibil\u0103<\/td>\n<\/tr>\n<tr>\n<td>Shagle<\/td>\n<td align=\"center\">\u2705<\/td>\n<td align=\"center\">\u274c (pl\u0103tit)<\/td>\n<td align=\"center\">\u274c<\/td>\n<td align=\"center\">\u2705<\/td>\n<td align=\"center\">\u2705<\/td>\n<td>Promoveaz\u0103 puternic caracteristicile premium<\/td>\n<\/tr>\n<tr>\n<td><a href=\"https:\/\/strangercam.com\/ro\/coomeet\/\">CooMeet<\/a><\/td>\n<td align=\"center\">\u274c (Trial)<\/td>\n<td align=\"center\">\u2705<\/td>\n<td align=\"center\">\u2705<\/td>\n<td align=\"center\">\u2705<\/td>\n<td align=\"center\">\u2705<\/td>\n<td>Pl\u0103tit dup\u0103 o scurt\u0103 perioad\u0103 de prob\u0103<\/td>\n<\/tr>\n<tr>\n<td>LuckyCrush<\/td>\n<td align=\"center\">\u274c<\/td>\n<td align=\"center\">\u2705<\/td>\n<td align=\"center\">\u2705<\/td>\n<td align=\"center\">\u2705<\/td>\n<td align=\"center\">\u2705<\/td>\n<td>\u00centotdeauna pl\u0103tite, discu\u021bii bazate pe gen<\/td>\n<\/tr>\n<\/tbody>\n<\/table>\n<p>Dintre acestea, StrangerCam iese \u00een eviden\u021b\u0103 ca fiind una dintre singurele platforme care ofer\u0103 chat video aleatoriu gratuit cu str\u0103ini, cu acces nelimitat, f\u0103r\u0103 \u00eenscriere \u0219i cu un filtru de gen func\u021bional.<\/p>\n<h2>De ce StrangerCam este cea mai bun\u0103 alegere<\/h2>\n<p>Iat\u0103 de ce StrangerCam este cea mai bun\u0103 alegere pentru chat video aleatoriu cu str\u0103ini \u00een 2025:<\/p>\n<h3>1. Complet gratuit<\/h3>\n<p>F\u0103r\u0103 credite, teste sau taxe ascunse - chat nelimitat gratuit.<\/p>\n<h3>2. Filtru de gen gratuit<\/h3>\n<p>Alege pe cine vrei s\u0103 cuno\u0219ti - b\u0103ie\u021bi, fete sau am\u00e2ndoi - f\u0103r\u0103 s\u0103 pl\u0103te\u0219ti.<\/p>\n<h3>3. Nu este necesar\u0103 \u00eenscrierea<\/h3>\n<p>R\u0103m\u00e2ne\u021bi anonim \u0219i conecta\u021bi-v\u0103 instantaneu.<\/p>\n<h3>4. Sigur \u0219i moderat<\/h3>\n<p>Cu instrumente active de moderare \u0219i raportare, StrangerCam men\u021bine mediul pozitiv.<\/p>\n<h3>5. Baza global\u0103 de utilizatori<\/h3>\n<p>Face\u021bi cuno\u0219tin\u021b\u0103 cu str\u0103ini din peste 100 de \u021b\u0103ri, disponibili 24\/7.<\/p>\n<h3>6. Optimizat pentru toate dispozitivele<\/h3>\n<p>Func\u021bioneaz\u0103 perfect at\u00e2t pe mobil, c\u00e2t \u0219i pe desktop.<\/p>\n<h2>Testimoniale reale ale utilizatorilor<\/h2>\n<blockquote><p><em>\"Am vrut o platform\u0103 pe care s\u0103 pot face videochat aleatoriu cu str\u0103inii f\u0103r\u0103 s\u0103 pl\u0103tesc. StrangerCam a fost singurul site care mi-a oferit acest lucru.\"<\/em><br \/>\n- Chris, 25 de ani<\/p><\/blockquote>\n<blockquote><p><em>\"Filtrul de gen func\u021bioneaz\u0103 perfect \u0219i gratuit. Acest lucru este rar \u00een zilele noastre.\"<\/em><br \/>\n- Sophia, 22 de ani<\/p><\/blockquote>\n<blockquote><p><em>\"Am cunoscut oameni din cinci \u021b\u0103ri \u00een mai pu\u021bin de o or\u0103. Creeaz\u0103 dependen\u021b\u0103, dar este distractiv.\"<\/em><br \/>\n- Ryan, 29 de ani<\/p><\/blockquote>\n<blockquote><p><em>\"StrangerCam este sigur, u\u0219or \u0219i cu adev\u0103rat gratuit. Este locul meu preferat pentru a m\u0103 conecta online.\"<\/em><br \/>\n- Leah, 21 de ani<\/p><\/blockquote>\n<h2>Sfaturi de siguran\u021b\u0103 pentru chat-ul video aleatoriu cu persoane necunoscute<\/h2>\n<p>De\u0219i aceste platforme sunt distractive, trebuie s\u0103 v\u0103 proteja\u021bi \u00eentotdeauna:<\/p>\n<ul>\n<li>Nu partaja\u021bi niciodat\u0103 informa\u021bii personale precum numele, num\u0103rul de telefon sau adresa.<\/li>\n<li>Nu da\u021bi clic pe linkuri partajate de necunoscu\u021bi.<\/li>\n<li>Folosi\u021bi liber \"Urm\u0103torul\" dac\u0103 nu v\u0103 sim\u021bi\u021bi confortabil.<\/li>\n<li>Verifica\u021bi fundalul \u00eenainte de a porni aparatul foto.<\/li>\n<li>R\u0103m\u00e2ne\u021bi la instrumentele platformei pentru blocarea sau raportarea utilizatorilor r\u0103i.<\/li>\n<li>Respecta\u021bi regulile de v\u00e2rst\u0103 - dac\u0103 ave\u021bi sub 18 ani, evita\u021bi site-urile de chat video pentru adul\u021bi.<\/li>\n<\/ul>\n<h2>Cum s\u0103 \u00eencepe\u021bi - pas cu pas<\/h2>\n<p>Este nevoie de mai pu\u021bin de un minut pentru a \u00eencepe un chat video aleatoriu cu persoane necunoscute:<\/p>\n<ol>\n<li>Deschide\u021bi StrangerCam \u00een browser sau pe dispozitivul dvs. mobil.<\/li>\n<li>Permite\u021bi accesul la camer\u0103 \u0219i microfon.<\/li>\n<li>Selecta\u021bi preferin\u021be (cum ar fi filtre de gen, dac\u0103 sunt disponibile).<\/li>\n<li>Face\u021bi clic pe Start Chat pentru a v\u0103 conecta instantaneu.<\/li>\n<li>Ap\u0103sa\u021bi Urm\u0103torul oric\u00e2nd pentru a cunoa\u0219te pe cineva nou.<\/li>\n<\/ol>\n<p>Rapid, simplu \u0219i complet gratuit.<\/p>\n<h2>G\u00e2nduri finale - \u00cencearc\u0103 video chat-ul aleatoriu gratuit cu str\u0103inii ast\u0103zi<\/h2>\n<p>\u00cen 2025, chat-ul video aleatoriu cu necunoscu\u021bi r\u0103m\u00e2ne una dintre cele mai distractive \u0219i interesante modalit\u0103\u021bi de a cunoa\u0219te oameni noi online. Este spontan, autentic \u0219i v\u0103 conecteaz\u0103 instantaneu cu oameni reali din \u00eentreaga lume.<\/p>\n<p>Dar nu toate platformele merit\u0103. Multe ascund func\u021bii \u00een spatele unor ziduri cu plat\u0103 sau sunt invadate de robo\u021bi. De aceea, StrangerCam este cea mai bun\u0103 alegere: este gratuit\u0103, anonim\u0103, sigur\u0103 \u0219i activ\u0103 24\/7, cu oameni gata s\u0103 discute.<\/p>\n<p>E\u0219ti gata s\u0103 \u00eencerci? \u00cencepe\u021bi ast\u0103zi un chat video aleatoriu gratuit cu persoane necunoscute \u0219i vede\u021bi cu cine v\u0103 ve\u021bi \u00eent\u00e2lni \u00een continuare.<\/p>","protected":false},"excerpt":{"rendered":"<p>Are you searching for the best way to enjoy a random video chat with strangers? You\u2019re not alone. Every month, millions of people around the world go online to connect instantly with strangers\u2014whether for fun, friendship, cultural exchange, or lighthearted flirting. Unlike dating apps or social media, which can feel slow or artificial, random video [&hellip;]<\/p>\n","protected":false},"author":8,"featured_media":0,"parent":0,"menu_order":0,"comment_status":"closed","ping_status":"closed","template":"","meta":{"footnotes":""},"class_list":["post-4039","page","type-page","status-publish","hentry"],"yoast_head":"<!-- This site is optimized with the Yoast SEO plugin v27.4 - https:\/\/yoast.com\/product\/yoast-seo-wordpress\/ -->\n<title>Random Video Chat With Strangers on Strangercam.com<\/title>\n<meta name=\"description\" content=\"Liking Random Video Chat With Strangers? Join millions on StrangerCam.com! Start a random video chat, turn on your cam, and meet strangers instantly.\" \/>\n<meta name=\"robots\" content=\"index, follow, max-snippet:-1, max-image-preview:large, max-video-preview:-1\" \/>\n<link rel=\"canonical\" href=\"https:\/\/strangercam.com\/ro\/chat-video-aleatoriu-cu-straini\/\" \/>\n<meta property=\"og:locale\" content=\"ro_RO\" \/>\n<meta property=\"og:type\" content=\"article\" \/>\n<meta property=\"og:title\" content=\"Random Video Chat With Strangers on Strangercam.com\" \/>\n<meta property=\"og:description\" content=\"Liking Random Video Chat With Strangers? Join millions on StrangerCam.com! Start a random video chat, turn on your cam, and meet strangers instantly.\" \/>\n<meta property=\"og:url\" content=\"https:\/\/strangercam.com\/ro\/chat-video-aleatoriu-cu-straini\/\" \/>\n<meta property=\"og:site_name\" content=\"Strangercam\" \/>\n<meta property=\"article:publisher\" content=\"https:\/\/www.facebook.com\/strangercam\" \/>\n<meta property=\"article:modified_time\" content=\"2025-09-03T11:44:58+00:00\" \/>\n<meta property=\"og:image\" content=\"https:\/\/strangercam.com\/wp-content\/uploads\/2021\/10\/Untitled-2.png\" \/>\n\t<meta property=\"og:image:width\" content=\"800\" \/>\n\t<meta property=\"og:image:height\" content=\"532\" \/>\n\t<meta property=\"og:image:type\" content=\"image\/png\" \/>\n<meta name=\"twitter:card\" content=\"summary_large_image\" \/>\n<meta name=\"twitter:site\" content=\"@strangercamapp\" \/>\n<meta name=\"twitter:label1\" content=\"Timp estimat pentru citire\" \/>\n\t<meta name=\"twitter:data1\" content=\"5 minute\" \/>\n<script type=\"application\/ld+json\" class=\"yoast-schema-graph\">{\"@context\":\"https:\\\/\\\/schema.org\",\"@graph\":[{\"@type\":\"WebPage\",\"@id\":\"https:\\\/\\\/strangercam.com\\\/random-video-chat-with-strangers\\\/\",\"url\":\"https:\\\/\\\/strangercam.com\\\/random-video-chat-with-strangers\\\/\",\"name\":\"Random Video Chat With Strangers on Strangercam.com\",\"isPartOf\":{\"@id\":\"https:\\\/\\\/strangercam.com\\\/#website\"},\"datePublished\":\"2025-09-03T09:47:55+00:00\",\"dateModified\":\"2025-09-03T11:44:58+00:00\",\"description\":\"Liking Random Video Chat With Strangers? Join millions on StrangerCam.com! Start a random video chat, turn on your cam, and meet strangers instantly.\",\"breadcrumb\":{\"@id\":\"https:\\\/\\\/strangercam.com\\\/random-video-chat-with-strangers\\\/#breadcrumb\"},\"inLanguage\":\"ro-RO\",\"potentialAction\":[{\"@type\":\"ReadAction\",\"target\":[\"https:\\\/\\\/strangercam.com\\\/random-video-chat-with-strangers\\\/\"]}]},{\"@type\":\"BreadcrumbList\",\"@id\":\"https:\\\/\\\/strangercam.com\\\/random-video-chat-with-strangers\\\/#breadcrumb\",\"itemListElement\":[{\"@type\":\"ListItem\",\"position\":1,\"name\":\"Home\",\"item\":\"https:\\\/\\\/strangercam.com\\\/\"},{\"@type\":\"ListItem\",\"position\":2,\"name\":\"Random Video Chat With Strangers\"}]},{\"@type\":\"WebSite\",\"@id\":\"https:\\\/\\\/strangercam.com\\\/#website\",\"url\":\"https:\\\/\\\/strangercam.com\\\/\",\"name\":\"Strangercam\",\"description\":\"Random Video Chat with Strangers\",\"publisher\":{\"@id\":\"https:\\\/\\\/strangercam.com\\\/#organization\"},\"alternateName\":\"Strangercam.com\",\"potentialAction\":[{\"@type\":\"SearchAction\",\"target\":{\"@type\":\"EntryPoint\",\"urlTemplate\":\"https:\\\/\\\/strangercam.com\\\/?s={search_term_string}\"},\"query-input\":{\"@type\":\"PropertyValueSpecification\",\"valueRequired\":true,\"valueName\":\"search_term_string\"}}],\"inLanguage\":\"ro-RO\"},{\"@type\":\"Organization\",\"@id\":\"https:\\\/\\\/strangercam.com\\\/#organization\",\"name\":\"Strangercam\",\"alternateName\":\"Strangercam.com\",\"url\":\"https:\\\/\\\/strangercam.com\\\/\",\"logo\":{\"@type\":\"ImageObject\",\"inLanguage\":\"ro-RO\",\"@id\":\"https:\\\/\\\/strangercam.com\\\/#\\\/schema\\\/logo\\\/image\\\/\",\"url\":\"https:\\\/\\\/strangercam.com\\\/wp-content\\\/uploads\\\/2020\\\/11\\\/cropped-new-favicon-black.png\",\"contentUrl\":\"https:\\\/\\\/strangercam.com\\\/wp-content\\\/uploads\\\/2020\\\/11\\\/cropped-new-favicon-black.png\",\"width\":512,\"height\":512,\"caption\":\"Strangercam\"},\"image\":{\"@id\":\"https:\\\/\\\/strangercam.com\\\/#\\\/schema\\\/logo\\\/image\\\/\"},\"sameAs\":[\"https:\\\/\\\/www.facebook.com\\\/strangercam\",\"https:\\\/\\\/x.com\\\/strangercamapp\"]}]}<\/script>\n<!-- \/ Yoast SEO plugin. -->","yoast_head_json":{"title":"Chat video aleatoriu cu str\u0103ini pe Strangercam.com","description":"\u00ce\u021bi place chat-ul video aleatoriu cu str\u0103inii? Join milioane pe StrangerCam.com! \u00cencepe un chat video aleatoriu, porne\u0219te-\u021bi camera \u0219i \u00eent\u00e2lne\u0219te str\u0103ini instantaneu.","robots":{"index":"index","follow":"follow","max-snippet":"max-snippet:-1","max-image-preview":"max-image-preview:large","max-video-preview":"max-video-preview:-1"},"canonical":"https:\/\/strangercam.com\/ro\/chat-video-aleatoriu-cu-straini\/","og_locale":"ro_RO","og_type":"article","og_title":"Random Video Chat With Strangers on Strangercam.com","og_description":"Liking Random Video Chat With Strangers? Join millions on StrangerCam.com! Start a random video chat, turn on your cam, and meet strangers instantly.","og_url":"https:\/\/strangercam.com\/ro\/chat-video-aleatoriu-cu-straini\/","og_site_name":"Strangercam","article_publisher":"https:\/\/www.facebook.com\/strangercam","article_modified_time":"2025-09-03T11:44:58+00:00","og_image":[{"width":800,"height":532,"url":"https:\/\/strangercam.com\/wp-content\/uploads\/2021\/10\/Untitled-2.png","type":"image\/png"}],"twitter_card":"summary_large_image","twitter_site":"@strangercamapp","twitter_misc":{"Timp estimat pentru citire":"5 minute"},"schema":{"@context":"https:\/\/schema.org","@graph":[{"@type":"WebPage","@id":"https:\/\/strangercam.com\/random-video-chat-with-strangers\/","url":"https:\/\/strangercam.com\/random-video-chat-with-strangers\/","name":"Chat video aleatoriu cu str\u0103ini pe Strangercam.com","isPartOf":{"@id":"https:\/\/strangercam.com\/#website"},"datePublished":"2025-09-03T09:47:55+00:00","dateModified":"2025-09-03T11:44:58+00:00","description":"\u00ce\u021bi place chat-ul video aleatoriu cu str\u0103inii? Join milioane pe StrangerCam.com! \u00cencepe un chat video aleatoriu, porne\u0219te-\u021bi camera \u0219i \u00eent\u00e2lne\u0219te str\u0103ini instantaneu.","breadcrumb":{"@id":"https:\/\/strangercam.com\/random-video-chat-with-strangers\/#breadcrumb"},"inLanguage":"ro-RO","potentialAction":[{"@type":"ReadAction","target":["https:\/\/strangercam.com\/random-video-chat-with-strangers\/"]}]},{"@type":"BreadcrumbList","@id":"https:\/\/strangercam.com\/random-video-chat-with-strangers\/#breadcrumb","itemListElement":[{"@type":"ListItem","position":1,"name":"Home","item":"https:\/\/strangercam.com\/"},{"@type":"ListItem","position":2,"name":"Random Video Chat With Strangers"}]},{"@type":"WebSite","@id":"https:\/\/strangercam.com\/#website","url":"https:\/\/strangercam.com\/","name":"Strangercam","description":"Chat video aleatoriu cu str\u0103ini","publisher":{"@id":"https:\/\/strangercam.com\/#organization"},"alternateName":"Strangercam.com","potentialAction":[{"@type":"SearchAction","target":{"@type":"EntryPoint","urlTemplate":"https:\/\/strangercam.com\/?s={search_term_string}"},"query-input":{"@type":"PropertyValueSpecification","valueRequired":true,"valueName":"search_term_string"}}],"inLanguage":"ro-RO"},{"@type":"Organization","@id":"https:\/\/strangercam.com\/#organization","name":"Strangercam","alternateName":"Strangercam.com","url":"https:\/\/strangercam.com\/","logo":{"@type":"ImageObject","inLanguage":"ro-RO","@id":"https:\/\/strangercam.com\/#\/schema\/logo\/image\/","url":"https:\/\/strangercam.com\/wp-content\/uploads\/2020\/11\/cropped-new-favicon-black.png","contentUrl":"https:\/\/strangercam.com\/wp-content\/uploads\/2020\/11\/cropped-new-favicon-black.png","width":512,"height":512,"caption":"Strangercam"},"image":{"@id":"https:\/\/strangercam.com\/#\/schema\/logo\/image\/"},"sameAs":["https:\/\/www.facebook.com\/strangercam","https:\/\/x.com\/strangercamapp"]}]}},"_links":{"self":[{"href":"https:\/\/strangercam.com\/ro\/wp-json\/wp\/v2\/pages\/4039","targetHints":{"allow":["GET"]}}],"collection":[{"href":"https:\/\/strangercam.com\/ro\/wp-json\/wp\/v2\/pages"}],"about":[{"href":"https:\/\/strangercam.com\/ro\/wp-json\/wp\/v2\/types\/page"}],"author":[{"embeddable":true,"href":"https:\/\/strangercam.com\/ro\/wp-json\/wp\/v2\/users\/8"}],"replies":[{"embeddable":true,"href":"https:\/\/strangercam.com\/ro\/wp-json\/wp\/v2\/comments?post=4039"}],"version-history":[{"count":3,"href":"https:\/\/strangercam.com\/ro\/wp-json\/wp\/v2\/pages\/4039\/revisions"}],"predecessor-version":[{"id":12999,"href":"https:\/\/strangercam.com\/ro\/wp-json\/wp\/v2\/pages\/4039\/revisions\/12999"}],"wp:attachment":[{"href":"https:\/\/strangercam.com\/ro\/wp-json\/wp\/v2\/media?parent=4039"}],"curies":[{"name":"wp","href":"https:\/\/api.w.org\/{rel}","templated":true}]}}