{"id":4022,"date":"2025-09-03T12:43:36","date_gmt":"2025-09-03T10:43:36","guid":{"rendered":"https:\/\/strangercam.com\/?page_id=4022"},"modified":"2025-09-03T13:42:39","modified_gmt":"2025-09-03T11:42:39","slug":"video-chat-aleatoriu-gratuit","status":"publish","type":"page","link":"https:\/\/strangercam.com\/ro\/video-chat-aleatoriu-gratuit\/","title":{"rendered":"Video chat aleatoriu gratuit"},"content":{"rendered":"<p>C\u0103uta\u021bi cel mai bun mod de a v\u0103 bucura de un videoclip aleatoriu gratuit <a href=\"https:\/\/strangercam.com\/ro\/chathub\/\">chat<\/a>? Nu sunte\u021bi singuri. Milioane de oameni din \u00eentreaga lume caut\u0103 \u00een fiecare lun\u0103 platforme de chat video aleatoriu, \u00een speran\u021ba de a se conecta instantaneu cu str\u0103ini - fie pentru prietenie, schimb cultural, flirt ocazional sau pur \u0219i simplu pentru a elimina plictiseala. Spre deosebire de aplica\u021biile pentru \u00eent\u00e2lniri sau re\u021belele sociale, care pot p\u0103rea lente sau artificiale, chat-ul video aleatoriu este spontan, autentic \u0219i captivant.<\/p>\n<p>Cu platforme precum StrangerCam, este mai u\u0219or ca niciodat\u0103 s\u0103 te bucuri de un chat video aleatoriu gratuit - f\u0103r\u0103 \u00eenscrieri, f\u0103r\u0103 desc\u0103rc\u0103ri \u0219i f\u0103r\u0103 costuri ascunse. Trebuie doar s\u0103 face\u021bi clic pe un buton \u0219i ve\u021bi fi instantaneu fa\u021b\u0103 \u00een fa\u021b\u0103 cu o persoan\u0103 nou\u0103 de oriunde din lume.<\/p>\n<p>Acest ghid va acoperi tot ce trebuie s\u0103 \u0219ti\u021bi: ce este chat-ul video aleatoriu gratuit, de ce oamenii \u00eel iubesc, cum func\u021bioneaz\u0103, cele mai bune caracteristici pe care trebuie s\u0103 le c\u0103uta\u021bi, compara\u021bii \u00eentre platformele populare, sfaturi de siguran\u021b\u0103 \u0219i de ce StrangerCam este una dintre cele mai bune alegeri \u00een 2025.<\/p>\n<h2>Ce este Free Random Video Chat?<\/h2>\n<p>Chat-ul video aleatoriu gratuit este un serviciu online care v\u0103 conecteaz\u0103 instantaneu cu persoane necunoscute pentru convorbiri video directe, unu la unu, utiliz\u00e2nd camera web \u0219i microfonul. Partea \"aleatorie\" \u00eenseamn\u0103 c\u0103 nu \u0219ti\u021bi niciodat\u0103 pe cine ve\u021bi \u00eent\u00e2lni \u00eenainte de \u00eenceperea conversa\u021biei - ar putea fi cineva din apropiere sau cineva de pe cealalt\u0103 parte a lumii.<\/p>\n<p>Spre deosebire de camerele de chat text, chat-ul video aleatoriu v\u0103 ofer\u0103 o experien\u021b\u0103 mult mai autentic\u0103 \u0219i mai captivant\u0103, deoarece pute\u021bi vedea \u0219i auzi persoana \u00een timp real. Dac\u0103 conversa\u021bia nu v\u0103 place, pur \u0219i simplu ap\u0103sa\u021bi \"Urm\u0103torul\" pentru a trece la altcineva.<\/p>\n<h2>De ce iubesc oamenii video chat-ul gratuit aleatoriu<\/h2>\n<p>Exist\u0103 o mul\u021bime de motive pentru care video chat-ul aleatoriu gratuit a devenit at\u00e2t de popular:<\/p>\n<ul>\n<li>Distrac\u021bie spontan\u0103: Fiecare discu\u021bie este unic\u0103 \u0219i imprevizibil\u0103.<\/li>\n<li>Interac\u021biune uman\u0103 real\u0103: Apelurile video confirm\u0103 c\u0103 cealalt\u0103 persoan\u0103 este real\u0103, nu un robot.<\/li>\n<li>Conexiuni instantanee: F\u0103r\u0103 \u00eenscrieri lungi sau a\u0219teptarea r\u0103spunsurilor.<\/li>\n<li>Acoperire global\u0103: Face\u021bi cuno\u0219tin\u021b\u0103 cu str\u0103ini din \u00eentreaga lume, 24\/7.<\/li>\n<li>Valoare de divertisment: Perfect pentru a petrece timpul, pentru a-\u021bi face prieteni sau pentru a flirta ocazional.<\/li>\n<li>Libertatea de a alege: Nu v\u0103 place atmosfera? Face\u021bi clic pe \"Urm\u0103torul\".<\/li>\n<\/ul>\n<h2>Cum func\u021bioneaz\u0103 Free Random Video Chat?<\/h2>\n<p>\u00cenceperea unui chat video aleatoriu gratuit este incredibil de u\u0219oar\u0103:<\/p>\n<ol>\n<li>Deschide\u021bi platforma pe telefon sau computer.<\/li>\n<li>Permite\u021bi accesul la camer\u0103 \u0219i microfon.<\/li>\n<li>Face\u021bi clic pe \"Start Chat\".<\/li>\n<li>Conecta\u021bi-v\u0103 instantaneu cu un str\u0103in prin apel video.<\/li>\n<li>Face\u021bi clic pe \"Urm\u0103torul\" oric\u00e2nd pentru a cunoa\u0219te pe cineva nou.<\/li>\n<\/ol>\n<p>Unele platforme adaug\u0103 func\u021bii suplimentare, cum ar fi filtre de gen, preferin\u021be de loca\u021bie \u0219i chiar instrumente de traducere automat\u0103 pentru a facilita chat-ul \u00een diferite limbi.<\/p>\n<h2>Caracteristici de top de c\u0103utat<\/h2>\n<p>Nu toate platformele de videochat sunt create la fel. Dac\u0103 dori\u021bi cea mai bun\u0103 experien\u021b\u0103 de videochat aleatoriu gratuit, iat\u0103 ce trebuie s\u0103 c\u0103uta\u021bi:<\/p>\n<h3>1. Acces cu adev\u0103rat liber<\/h3>\n<p>Unele site-uri se anun\u021b\u0103 ca fiind \"gratuite\", dar apoi restric\u021bioneaz\u0103 func\u021biile sau v\u0103 \u00eemping spre ziduri cu plat\u0103. Alege\u021bi o platform\u0103 care ofer\u0103 acces nelimitat.<\/p>\n<h3>2. Nu este necesar\u0103 \u00eenscrierea<\/h3>\n<p>R\u0103m\u00e2ne\u021bi anonim \u0219i \u00eencepe\u021bi s\u0103 discuta\u021bi f\u0103r\u0103 conturi sau log\u0103ri.<\/p>\n<h3>3. Filtre de gen \u0219i loca\u021bie<\/h3>\n<p>Util dac\u0103 prefera\u021bi s\u0103 vorbi\u021bi cu anumite tipuri de persoane.<\/p>\n<h3>4. Modera\u021bie puternic\u0103<\/h3>\n<p>Moderatorii activi \u0219i instrumentele de raportare asigur\u0103 o experien\u021b\u0103 mai sigur\u0103.<\/p>\n<h3>5. Design prietenos cu mobilul<\/h3>\n<p>O platform\u0103 bun\u0103 ar trebui s\u0103 func\u021bioneze perfect at\u00e2t pe desktop, c\u00e2t \u0219i pe mobil.<\/p>\n<h3>6. Video \u0219i audio de \u00eenalt\u0103 calitate<\/h3>\n<p>Conexiunile clare fac conversa\u021biile mai naturale \u0219i mai pl\u0103cute.<\/p>\n<h2>Cele mai bune platforme gratuite de chat video aleatoriu \u00een 2025<\/h2>\n<p>Iat\u0103 cum se compar\u0103 cele mai populare platforme de chat video aleatoriu:<\/p>\n<table>\n<thead>\n<tr>\n<th>Platform\u0103<\/th>\n<th align=\"center\">Acces gratuit<\/th>\n<th align=\"center\">Filtru de gen<\/th>\n<th align=\"center\">\u00cenregistrare necesar\u0103<\/th>\n<th align=\"center\">Asisten\u021b\u0103 mobil\u0103<\/th>\n<th align=\"center\">Modera\u021bie<\/th>\n<th>Note<\/th>\n<\/tr>\n<\/thead>\n<tbody>\n<tr>\n<td>StrangerCam<\/td>\n<td align=\"center\">\u2705<\/td>\n<td align=\"center\">\u2705 (Gratuit)<\/td>\n<td align=\"center\">\u274c<\/td>\n<td align=\"center\">\u2705<\/td>\n<td align=\"center\">\u2705<\/td>\n<td>Cea mai bun\u0103 alegere general\u0103, cu adev\u0103rat gratuit\u0103<\/td>\n<\/tr>\n<tr>\n<td><a href=\"https:\/\/strangercam.com\/ro\/chatroulette\/\">Chatroulette<\/a><\/td>\n<td align=\"center\">\u2705<\/td>\n<td align=\"center\">\u274c (pl\u0103tit)<\/td>\n<td align=\"center\">\u274c<\/td>\n<td align=\"center\">\u2705<\/td>\n<td align=\"center\">\u2705<\/td>\n<td>Clasic, dar filtre de gen blocate<\/td>\n<\/tr>\n<tr>\n<td>Chatrandom<\/td>\n<td align=\"center\">\u2705<\/td>\n<td align=\"center\">\u274c (pl\u0103tit)<\/td>\n<td align=\"center\">\u274c<\/td>\n<td align=\"center\">\u2705<\/td>\n<td align=\"center\">\u2705<\/td>\n<td>Baz\u0103 mare de utilizatori, upgrade-uri premium<\/td>\n<\/tr>\n<tr>\n<td><a href=\"https:\/\/strangercam.com\/ro\/ometv\/\">OmeTV<\/a><\/td>\n<td align=\"center\">\u2705<\/td>\n<td align=\"center\">\u274c<\/td>\n<td align=\"center\">\u274c<\/td>\n<td align=\"center\">\u2705<\/td>\n<td align=\"center\">\u2705<\/td>\n<td>Aplica\u021bie mobil\u0103, doar aleatorie<\/td>\n<\/tr>\n<tr>\n<td>Shagle<\/td>\n<td align=\"center\">\u2705<\/td>\n<td align=\"center\">\u274c (pl\u0103tit)<\/td>\n<td align=\"center\">\u274c<\/td>\n<td align=\"center\">\u2705<\/td>\n<td align=\"center\">\u2705<\/td>\n<td>Prim\u0103 foarte mare<\/td>\n<\/tr>\n<tr>\n<td><a href=\"https:\/\/strangercam.com\/ro\/coomeet\/\">CooMeet<\/a><\/td>\n<td align=\"center\">\u274c (Trial)<\/td>\n<td align=\"center\">\u2705<\/td>\n<td align=\"center\">\u2705<\/td>\n<td align=\"center\">\u2705<\/td>\n<td align=\"center\">\u2705<\/td>\n<td>Pl\u0103tit dup\u0103 un test gratuit limitat<\/td>\n<\/tr>\n<tr>\n<td>LuckyCrush<\/td>\n<td align=\"center\">\u274c<\/td>\n<td align=\"center\">\u2705<\/td>\n<td align=\"center\">\u2705<\/td>\n<td align=\"center\">\u2705<\/td>\n<td align=\"center\">\u2705<\/td>\n<td>\u00centotdeauna pl\u0103tite, chat-uri specifice genului<\/td>\n<\/tr>\n<\/tbody>\n<\/table>\n<p>Printre acestea, StrangerCam este una dintre singurele platforme care ofer\u0103 chat video aleatoriu gratuit \u0219i nelimitat, cu un filtru de gen func\u021bional \u0219i f\u0103r\u0103 \u00eenscriere.<\/p>\n<h2>De ce StrangerCam este cea mai bun\u0103 alegere<\/h2>\n<p>Iat\u0103 de ce StrangerCam este una dintre platformele de top pentru chat video aleatoriu gratuit \u00een 2025:<\/p>\n<h3>1. Complet gratuit<\/h3>\n<p>Conversa\u021bii nelimitate, f\u0103r\u0103 costuri ascunse sau credite necesare.<\/p>\n<h3>2. Filtru de gen gratuit<\/h3>\n<p>Alege cu cine vrei s\u0103 vorbe\u0219ti - b\u0103ie\u021bi, fete sau am\u00e2ndoi - f\u0103r\u0103 paywalls.<\/p>\n<h3>3. Nu este necesar\u0103 \u00eenscrierea<\/h3>\n<p>R\u0103m\u00e2ne\u021bi anonim \u0219i \u00eencepe\u021bi s\u0103 discuta\u021bi instantaneu.<\/p>\n<h3>4. Sigur \u0219i moderat<\/h3>\n<p>Cu instrumente active de moderare \u0219i raportare, StrangerCam men\u021bine comunitatea \u00een siguran\u021b\u0103.<\/p>\n<h3>5. Baza global\u0103 de utilizatori<\/h3>\n<p>Face\u021bi cuno\u0219tin\u021b\u0103 cu str\u0103ini din peste 100 de \u021b\u0103ri \u00een orice moment.<\/p>\n<h3>6. Optimizat pentru toate dispozitivele<\/h3>\n<p>Func\u021bioneaz\u0103 f\u0103r\u0103 probleme pe mobil, tablet\u0103 \u0219i desktop.<\/p>\n<h2>Testimoniale reale ale utilizatorilor<\/h2>\n<blockquote><p>\"C\u0103utam un site care s\u0103-mi permit\u0103 s\u0103 fac chat video aleatoriu gratuit, iar StrangerCam a fost singurul care nu m-a \u00eempins c\u0103tre un paywall.\"<br \/>\n- Alex, 27 de ani<\/p><\/blockquote>\n<blockquote><p>\"Am cunoscut oameni din cinci \u021b\u0103ri diferite \u00eentr-o singur\u0103 sear\u0103. Este \u00eentotdeauna interesant pentru c\u0103 nu \u0219tii niciodat\u0103 cine urmeaz\u0103.\"<br \/>\n- Sophia, 22 de ani<\/p><\/blockquote>\n<blockquote><p>\"Filtrul de gen chiar func\u021bioneaz\u0103 f\u0103r\u0103 a pl\u0103ti suplimentar. Acest lucru schimb\u0103 regulile jocului \u00een compara\u021bie cu alte platforme.\"<br \/>\n- Ryan, 30 de ani<\/p><\/blockquote>\n<blockquote><p>\"Este rapid, distractiv \u0219i sigur. StrangerCam a devenit modul meu preferat de a cunoa\u0219te oameni noi online.\"<br \/>\n- Emily, 19 ani<\/p><\/blockquote>\n<h2>Sfaturi de siguran\u021b\u0103 pentru videochat aleatoriu gratuit<\/h2>\n<p>De\u0219i chat-ul video este distractiv, \u021bine\u021bi cont \u00eentotdeauna de siguran\u021b\u0103:<\/p>\n<ul>\n<li>Nu \u00eemp\u0103rt\u0103\u0219i\u021bi detalii personale precum num\u0103rul de telefon, adresa de e-mail sau adresa.<\/li>\n<li>Evita\u021bi s\u0103 face\u021bi clic pe link-urile trimise de str\u0103ini.<\/li>\n<li>Folosi\u021bi liber \"Urm\u0103torul\" dac\u0103 nu v\u0103 sim\u021bi\u021bi confortabil.<\/li>\n<li>Verifica\u021bi fundalul pentru a v\u0103 asigura c\u0103 nimic privat nu este vizibil.<\/li>\n<li>Raporta\u021bi utilizatorii nepotrivi\u021bi folosind instrumentele platformei.<\/li>\n<li>Respecta\u021bi restric\u021biile de v\u00e2rst\u0103 - dac\u0103 ave\u021bi sub 18 ani, nu utiliza\u021bi platforme de chat video pentru adul\u021bi.<\/li>\n<\/ul>\n<h2>Cum s\u0103 \u00eencepe\u021bi - pas cu pas<\/h2>\n<p>Dureaz\u0103 doar c\u00e2teva secunde pentru a \u00eencepe un chat video aleatoriu gratuit:<\/p>\n<ol>\n<li>Deschide\u021bi StrangerCam pe browser sau pe telefon.<\/li>\n<li>Permite\u021bi accesul la camer\u0103 \u0219i microfon.<\/li>\n<li>Alege\u021bi preferin\u021bele (cum ar fi filtrul de gen, dac\u0103 este disponibil).<\/li>\n<li>Face\u021bi clic pe Start Chat pentru a v\u0103 conecta instantaneu.<\/li>\n<li>Face\u021bi clic pe Urm\u0103torul oric\u00e2nd pentru a cunoa\u0219te pe cineva nou.<\/li>\n<\/ol>\n<p>Rapid, simplu \u0219i complet gratuit.<\/p>\n<h2>G\u00e2nduri finale - \u00cencearc\u0103 video chat-ul aleatoriu gratuit ast\u0103zi<\/h2>\n<p>\u00cen 2025, chat-ul video aleatoriu gratuit este una dintre cele mai simple \u0219i mai interesante modalit\u0103\u021bi de a cunoa\u0219te oameni noi online. Este rapid, distractiv \u0219i v\u0103 conecteaz\u0103 instantaneu cu persoane necunoscute din \u00eentreaga lume.<\/p>\n<p>Dar nu toate platformele ofer\u0103 rezultate. Multe ascund func\u021bii \u00een spatele unor ziduri cu plat\u0103 sau sunt pline de robo\u021bi. De aceea, StrangerCam este cea mai bun\u0103 op\u021biune: este gratuit\u0103, sigur\u0103, anonim\u0103 \u0219i \u00eentotdeauna activ\u0103, cu utilizatori globali gata s\u0103 discute.<\/p>\n<p>E\u0219ti gata s\u0103 \u00eencerci? \u00cencepe\u021bi ast\u0103zi un chat video aleatoriu gratuit \u0219i vede\u021bi cu cine v\u0103 ve\u021bi \u00eent\u00e2lni \u00een continuare.<\/p>","protected":false},"excerpt":{"rendered":"<p>Are you looking for the best way to enjoy a free random video chat? You\u2019re not alone. Millions of people worldwide search for random video chat platforms every month, hoping to connect instantly with strangers\u2014whether for friendship, cultural exchange, casual flirting, or simply to kill boredom. Unlike dating apps or social networks, which can feel [&hellip;]<\/p>\n","protected":false},"author":8,"featured_media":0,"parent":0,"menu_order":0,"comment_status":"closed","ping_status":"closed","template":"","meta":{"footnotes":""},"class_list":["post-4022","page","type-page","status-publish","hentry"],"yoast_head":"<!-- This site is optimized with the Yoast SEO plugin v26.9 - https:\/\/yoast.com\/product\/yoast-seo-wordpress\/ -->\n<title>Free Random Video Chat on Strangercam.com<\/title>\n<meta name=\"description\" content=\"Liking Free Random Video Chat? Join millions on StrangerCam.com! Start a random video chat, turn on your cam, and meet strangers instantly.\" \/>\n<meta name=\"robots\" content=\"index, follow, max-snippet:-1, max-image-preview:large, max-video-preview:-1\" \/>\n<link rel=\"canonical\" href=\"https:\/\/strangercam.com\/ro\/video-chat-aleatoriu-gratuit\/\" \/>\n<meta property=\"og:locale\" content=\"ro_RO\" \/>\n<meta property=\"og:type\" content=\"article\" \/>\n<meta property=\"og:title\" content=\"Free Random Video Chat on Strangercam.com\" \/>\n<meta property=\"og:description\" content=\"Liking Free Random Video Chat? Join millions on StrangerCam.com! Start a random video chat, turn on your cam, and meet strangers instantly.\" \/>\n<meta property=\"og:url\" content=\"https:\/\/strangercam.com\/ro\/video-chat-aleatoriu-gratuit\/\" \/>\n<meta property=\"og:site_name\" content=\"Strangercam\" \/>\n<meta property=\"article:publisher\" content=\"https:\/\/www.facebook.com\/strangercam\" \/>\n<meta property=\"article:modified_time\" content=\"2025-09-03T11:42:39+00:00\" \/>\n<meta property=\"og:image\" content=\"https:\/\/strangercam.com\/wp-content\/uploads\/2021\/10\/Untitled-2.png\" \/>\n\t<meta property=\"og:image:width\" content=\"800\" \/>\n\t<meta property=\"og:image:height\" content=\"532\" \/>\n\t<meta property=\"og:image:type\" content=\"image\/png\" \/>\n<meta name=\"twitter:card\" content=\"summary_large_image\" \/>\n<meta name=\"twitter:site\" content=\"@strangercamapp\" \/>\n<meta name=\"twitter:label1\" content=\"Timp estimat pentru citire\" \/>\n\t<meta name=\"twitter:data1\" content=\"5 minute\" \/>\n<script type=\"application\/ld+json\" class=\"yoast-schema-graph\">{\"@context\":\"https:\/\/schema.org\",\"@graph\":[{\"@type\":\"WebPage\",\"@id\":\"https:\/\/strangercam.com\/free-random-video-chat\/\",\"url\":\"https:\/\/strangercam.com\/free-random-video-chat\/\",\"name\":\"Free Random Video Chat on Strangercam.com\",\"isPartOf\":{\"@id\":\"https:\/\/strangercam.com\/#website\"},\"datePublished\":\"2025-09-03T10:43:36+00:00\",\"dateModified\":\"2025-09-03T11:42:39+00:00\",\"description\":\"Liking Free Random Video Chat? Join millions on StrangerCam.com! Start a random video chat, turn on your cam, and meet strangers instantly.\",\"breadcrumb\":{\"@id\":\"https:\/\/strangercam.com\/free-random-video-chat\/#breadcrumb\"},\"inLanguage\":\"ro-RO\",\"potentialAction\":[{\"@type\":\"ReadAction\",\"target\":[\"https:\/\/strangercam.com\/free-random-video-chat\/\"]}]},{\"@type\":\"BreadcrumbList\",\"@id\":\"https:\/\/strangercam.com\/free-random-video-chat\/#breadcrumb\",\"itemListElement\":[{\"@type\":\"ListItem\",\"position\":1,\"name\":\"Home\",\"item\":\"https:\/\/strangercam.com\/\"},{\"@type\":\"ListItem\",\"position\":2,\"name\":\"Free Random Video Chat\"}]},{\"@type\":\"WebSite\",\"@id\":\"https:\/\/strangercam.com\/#website\",\"url\":\"https:\/\/strangercam.com\/\",\"name\":\"Strangercam\",\"description\":\"Random Video Chat with Strangers\",\"publisher\":{\"@id\":\"https:\/\/strangercam.com\/#organization\"},\"alternateName\":\"Strangercam.com\",\"potentialAction\":[{\"@type\":\"SearchAction\",\"target\":{\"@type\":\"EntryPoint\",\"urlTemplate\":\"https:\/\/strangercam.com\/?s={search_term_string}\"},\"query-input\":{\"@type\":\"PropertyValueSpecification\",\"valueRequired\":true,\"valueName\":\"search_term_string\"}}],\"inLanguage\":\"ro-RO\"},{\"@type\":\"Organization\",\"@id\":\"https:\/\/strangercam.com\/#organization\",\"name\":\"Strangercam\",\"alternateName\":\"Strangercam.com\",\"url\":\"https:\/\/strangercam.com\/\",\"logo\":{\"@type\":\"ImageObject\",\"inLanguage\":\"ro-RO\",\"@id\":\"https:\/\/strangercam.com\/#\/schema\/logo\/image\/\",\"url\":\"https:\/\/strangercam.com\/wp-content\/uploads\/2020\/11\/cropped-new-favicon-black.png\",\"contentUrl\":\"https:\/\/strangercam.com\/wp-content\/uploads\/2020\/11\/cropped-new-favicon-black.png\",\"width\":512,\"height\":512,\"caption\":\"Strangercam\"},\"image\":{\"@id\":\"https:\/\/strangercam.com\/#\/schema\/logo\/image\/\"},\"sameAs\":[\"https:\/\/www.facebook.com\/strangercam\",\"https:\/\/x.com\/strangercamapp\"]}]}<\/script>\n<!-- \/ Yoast SEO plugin. -->","yoast_head_json":{"title":"Video chat aleatoriu gratuit pe Strangercam.com","description":"\u00ce\u021bi place Free Random Video Chat? Join milioane pe StrangerCam.com! \u00cencepe un chat video aleatoriu, porne\u0219te-\u021bi camera \u0219i \u00eent\u00e2lne\u0219te str\u0103ini instantaneu.","robots":{"index":"index","follow":"follow","max-snippet":"max-snippet:-1","max-image-preview":"max-image-preview:large","max-video-preview":"max-video-preview:-1"},"canonical":"https:\/\/strangercam.com\/ro\/video-chat-aleatoriu-gratuit\/","og_locale":"ro_RO","og_type":"article","og_title":"Free Random Video Chat on Strangercam.com","og_description":"Liking Free Random Video Chat? Join millions on StrangerCam.com! Start a random video chat, turn on your cam, and meet strangers instantly.","og_url":"https:\/\/strangercam.com\/ro\/video-chat-aleatoriu-gratuit\/","og_site_name":"Strangercam","article_publisher":"https:\/\/www.facebook.com\/strangercam","article_modified_time":"2025-09-03T11:42:39+00:00","og_image":[{"width":800,"height":532,"url":"https:\/\/strangercam.com\/wp-content\/uploads\/2021\/10\/Untitled-2.png","type":"image\/png"}],"twitter_card":"summary_large_image","twitter_site":"@strangercamapp","twitter_misc":{"Timp estimat pentru citire":"5 minute"},"schema":{"@context":"https:\/\/schema.org","@graph":[{"@type":"WebPage","@id":"https:\/\/strangercam.com\/free-random-video-chat\/","url":"https:\/\/strangercam.com\/free-random-video-chat\/","name":"Video chat aleatoriu gratuit pe Strangercam.com","isPartOf":{"@id":"https:\/\/strangercam.com\/#website"},"datePublished":"2025-09-03T10:43:36+00:00","dateModified":"2025-09-03T11:42:39+00:00","description":"\u00ce\u021bi place Free Random Video Chat? Join milioane pe StrangerCam.com! \u00cencepe un chat video aleatoriu, porne\u0219te-\u021bi camera \u0219i \u00eent\u00e2lne\u0219te str\u0103ini instantaneu.","breadcrumb":{"@id":"https:\/\/strangercam.com\/free-random-video-chat\/#breadcrumb"},"inLanguage":"ro-RO","potentialAction":[{"@type":"ReadAction","target":["https:\/\/strangercam.com\/free-random-video-chat\/"]}]},{"@type":"BreadcrumbList","@id":"https:\/\/strangercam.com\/free-random-video-chat\/#breadcrumb","itemListElement":[{"@type":"ListItem","position":1,"name":"Home","item":"https:\/\/strangercam.com\/"},{"@type":"ListItem","position":2,"name":"Free Random Video Chat"}]},{"@type":"WebSite","@id":"https:\/\/strangercam.com\/#website","url":"https:\/\/strangercam.com\/","name":"Strangercam","description":"Chat video aleatoriu cu str\u0103ini","publisher":{"@id":"https:\/\/strangercam.com\/#organization"},"alternateName":"Strangercam.com","potentialAction":[{"@type":"SearchAction","target":{"@type":"EntryPoint","urlTemplate":"https:\/\/strangercam.com\/?s={search_term_string}"},"query-input":{"@type":"PropertyValueSpecification","valueRequired":true,"valueName":"search_term_string"}}],"inLanguage":"ro-RO"},{"@type":"Organization","@id":"https:\/\/strangercam.com\/#organization","name":"Strangercam","alternateName":"Strangercam.com","url":"https:\/\/strangercam.com\/","logo":{"@type":"ImageObject","inLanguage":"ro-RO","@id":"https:\/\/strangercam.com\/#\/schema\/logo\/image\/","url":"https:\/\/strangercam.com\/wp-content\/uploads\/2020\/11\/cropped-new-favicon-black.png","contentUrl":"https:\/\/strangercam.com\/wp-content\/uploads\/2020\/11\/cropped-new-favicon-black.png","width":512,"height":512,"caption":"Strangercam"},"image":{"@id":"https:\/\/strangercam.com\/#\/schema\/logo\/image\/"},"sameAs":["https:\/\/www.facebook.com\/strangercam","https:\/\/x.com\/strangercamapp"]}]}},"_links":{"self":[{"href":"https:\/\/strangercam.com\/ro\/wp-json\/wp\/v2\/pages\/4022","targetHints":{"allow":["GET"]}}],"collection":[{"href":"https:\/\/strangercam.com\/ro\/wp-json\/wp\/v2\/pages"}],"about":[{"href":"https:\/\/strangercam.com\/ro\/wp-json\/wp\/v2\/types\/page"}],"author":[{"embeddable":true,"href":"https:\/\/strangercam.com\/ro\/wp-json\/wp\/v2\/users\/8"}],"replies":[{"embeddable":true,"href":"https:\/\/strangercam.com\/ro\/wp-json\/wp\/v2\/comments?post=4022"}],"version-history":[{"count":3,"href":"https:\/\/strangercam.com\/ro\/wp-json\/wp\/v2\/pages\/4022\/revisions"}],"predecessor-version":[{"id":12997,"href":"https:\/\/strangercam.com\/ro\/wp-json\/wp\/v2\/pages\/4022\/revisions\/12997"}],"wp:attachment":[{"href":"https:\/\/strangercam.com\/ro\/wp-json\/wp\/v2\/media?parent=4022"}],"curies":[{"name":"wp","href":"https:\/\/api.w.org\/{rel}","templated":true}]}}