{"id":4004,"date":"2025-09-03T12:37:25","date_gmt":"2025-09-03T10:37:25","guid":{"rendered":"https:\/\/strangercam.com\/?page_id=4004"},"modified":"2025-09-03T13:39:32","modified_gmt":"2025-09-03T11:39:32","slug":"apel-video-straini","status":"publish","type":"page","link":"https:\/\/strangercam.com\/ro\/video-call-strangers\/","title":{"rendered":"Apel video c\u0103tre str\u0103ini"},"content":{"rendered":"<p>A\u021bi c\u0103utat cel mai bun mod de a face apeluri video c\u0103tre str\u0103ini? Nu sunte\u021bi singuri. \u00cen fiecare lun\u0103, milioane de oameni caut\u0103 platforme de apeluri video instantanee unde pot \u00eent\u00e2lni persoane aleatorii, \u00ee\u0219i pot face noi prieteni, pot flirta ocazional sau pur \u0219i simplu pot petrece timpul. Spre deosebire de aplica\u021biile pentru \u00eent\u00e2lniri sau re\u021belele sociale, care pot p\u0103rea lente sau false, un apel video cu persoane necunoscute este spontan, real \u0219i captivant.<\/p>\n<p>Cu ajutorul unor platforme precum StrangerCam, v\u0103 pute\u021bi bucura oric\u00e2nd de apeluri video gratuite cu persoane necunoscute - f\u0103r\u0103 \u00eenscrieri, f\u0103r\u0103 desc\u0103rc\u0103ri \u0219i f\u0103r\u0103 costuri ascunse. Este una dintre cele mai simple \u0219i mai distractive modalit\u0103\u021bi de a intra \u00een contact fa\u021b\u0103 \u00een fa\u021b\u0103 cu oameni din \u00eentreaga lume.<\/p>\n<p>Acest ghid v\u0103 va explica tot ce trebuie s\u0103 \u0219ti\u021bi: ce \u00eenseamn\u0103 s\u0103 faci apeluri video c\u0103tre str\u0103ini, de ce este at\u00e2t de popular, cum func\u021bioneaz\u0103, care sunt caracteristicile cele mai importante, compara\u021bii \u00eentre platformele de top, sfaturi de siguran\u021b\u0103 \u0219i de ce StrangerCam este unul dintre cele mai bune locuri pentru apeluri video c\u0103tre str\u0103ini \u00een 2025.<\/p>\n<h2>Ce \u00eenseamn\u0103 \"Apel video c\u0103tre str\u0103ini\"?<\/h2>\n<p>Atunci c\u00e2nd apela\u021bi persoane necunoscute prin apel video, v\u0103 conecta\u021bi instantaneu la persoane aleatorii prin intermediul unei camere web live \u0219i audio <a href=\"https:\/\/strangercam.com\/ro\/chathub\/\">chat<\/a>. Spre deosebire de platformele bazate pe text, apelurile video v\u0103 asigur\u0103 c\u0103 vorbi\u021bi cu o persoan\u0103 real\u0103 \u00een timp real.<\/p>\n<p>Nu este nevoie de conturi, profiluri sau glis\u0103ri interminabile. Trebuie doar s\u0103 ap\u0103sa\u021bi un buton \u0219i sunte\u021bi fa\u021b\u0103 \u00een fa\u021b\u0103 cu cineva nou. Dac\u0103 discu\u021bia nu este ceea ce c\u0103uta\u021bi, ap\u0103sa\u021bi Urm\u0103torul \u0219i trece\u021bi instantaneu la urm\u0103toarea persoan\u0103.<\/p>\n<h2>De ce iubesc oamenii apelurile video gratuite cu str\u0103inii<\/h2>\n<p>Popularitatea apelurilor video gratuite cu necunoscu\u021bi a crescut vertiginos deoarece ofer\u0103 ceva unic:<\/p>\n<ul>\n<li>Autenticitate: Video-ul face imposibil\u0103 falsificarea. Vede\u021bi \u0219i auzi\u021bi instantaneu persoana real\u0103.<\/li>\n<li>Spontaneitate: Fiecare discu\u021bie este o surpriz\u0103. Nu \u0219tii niciodat\u0103 cine urmeaz\u0103.<\/li>\n<li>F\u0103r\u0103 angajament: F\u0103r\u0103 \u00eenscrieri, f\u0103r\u0103 profiluri - doar conexiune rapid\u0103, instantanee.<\/li>\n<li>Acoperire global\u0103: Face\u021bi cuno\u0219tin\u021b\u0103 cu necunoscu\u021bi din \u00eentreaga lume, 24\/7.<\/li>\n<li>Prietenie \u0219i flirt: Unii oameni \u00eel folosesc pentru a-\u0219i face noi prieteni, al\u021bii pentru flirturi u\u0219oare.<\/li>\n<li>Divertisment rapid: Perfect pentru a vindeca plictiseala sau pentru a ad\u0103uga emo\u021bie zilei tale.<\/li>\n<\/ul>\n<h2>Cum func\u021bioneaz\u0103 un apel video cu un str\u0103in?<\/h2>\n<p>Utilizarea unei platforme de apeluri video str\u0103ine este rapid\u0103 \u0219i simpl\u0103:<\/p>\n<ol>\n<li>Deschide\u021bi platforma (browser desktop sau mobil).<\/li>\n<li>Permite\u021bi accesul la camer\u0103 \u0219i microfon.<\/li>\n<li>Face\u021bi clic pe \"Start Chat\" pentru a v\u0103 conecta instantaneu cu o persoan\u0103 aleatorie.<\/li>\n<li>Discuta\u021bi fa\u021b\u0103 \u00een fa\u021b\u0103 \u00een timp real.<\/li>\n<li>Face\u021bi clic pe \"Urm\u0103torul\" ori de c\u00e2te ori dori\u021bi s\u0103 cunoa\u0219te\u021bi pe cineva nou.<\/li>\n<\/ol>\n<p>Unele site-uri ofer\u0103 \u0219i func\u021bii precum filtre de gen, selectarea \u021b\u0103rii \u0219i chiar traducere \u00een chat.<\/p>\n<h2>Caracteristici de top de c\u0103utat<\/h2>\n<p>Nu toate platformele care ofer\u0103 apeluri video cu necunoscu\u021bi merit\u0103 timpul t\u0103u. Iat\u0103 ce ar trebui s\u0103 c\u0103uta\u021bi:<\/p>\n<h3>1. Acces cu adev\u0103rat liber<\/h3>\n<p>Evita\u021bi site-urile care pretind c\u0103 sunt gratuite, dar restric\u021bioneaz\u0103 func\u021biile \u00een spatele unor ziduri cu plat\u0103.<\/p>\n<h3>2. Nu este nevoie de \u00eenscriere<\/h3>\n<p>Ar trebui s\u0103 pute\u021bi discuta instantaneu f\u0103r\u0103 s\u0103 v\u0103 \u00eenregistra\u021bi.<\/p>\n<h3>3. Filtre de gen \u0219i loca\u021bie<\/h3>\n<p>Util dac\u0103 dori\u021bi s\u0103 \u00eent\u00e2lni\u021bi anumite tipuri de persoane.<\/p>\n<h3>4. Modera\u021bie sigur\u0103<\/h3>\n<p>Platformele cu instrumente de raportare \u0219i moderare ofer\u0103 medii mai sigure.<\/p>\n<h3>5. Experien\u021b\u0103 prietenoas\u0103 pentru mobil<\/h3>\n<p>Asigura\u021bi-v\u0103 c\u0103 platforma func\u021bioneaz\u0103 at\u00e2t pe smartphone-uri, c\u00e2t \u0219i pe desktop-uri.<\/p>\n<h3>6. Video \u0219i audio de \u00eenalt\u0103 calitate<\/h3>\n<p>Conexiunile clare fac conversa\u021biile naturale \u0219i pl\u0103cute.<\/p>\n<h2>Cele mai bune platforme pentru apelarea video a str\u0103inilor \u00een 2025<\/h2>\n<p>Iat\u0103 o compara\u021bie a platformelor de top pentru apelurile video ale str\u0103inilor:<\/p>\n<table>\n<thead>\n<tr>\n<th>Platform\u0103<\/th>\n<th align=\"center\">Acces gratuit<\/th>\n<th align=\"center\">Filtru de gen<\/th>\n<th align=\"center\">\u00cenregistrare necesar\u0103<\/th>\n<th align=\"center\">Asisten\u021b\u0103 mobil\u0103<\/th>\n<th align=\"center\">Modera\u021bie<\/th>\n<th>Note<\/th>\n<\/tr>\n<\/thead>\n<tbody>\n<tr>\n<td>StrangerCam<\/td>\n<td align=\"center\">\u2705<\/td>\n<td align=\"center\">\u2705 (Gratuit)<\/td>\n<td align=\"center\">\u274c<\/td>\n<td align=\"center\">\u2705<\/td>\n<td align=\"center\">\u2705<\/td>\n<td>Cea mai bun\u0103 alegere general\u0103, cu adev\u0103rat gratuit\u0103<\/td>\n<\/tr>\n<tr>\n<td><a href=\"https:\/\/strangercam.com\/ro\/chatroulette\/\">Chatroulette<\/a><\/td>\n<td align=\"center\">\u2705<\/td>\n<td align=\"center\">\u274c (pl\u0103tit)<\/td>\n<td align=\"center\">\u274c<\/td>\n<td align=\"center\">\u2705<\/td>\n<td align=\"center\">\u2705<\/td>\n<td>Clasic, dar cu filtru de gen blocat<\/td>\n<\/tr>\n<tr>\n<td>Chatrandom<\/td>\n<td align=\"center\">\u2705<\/td>\n<td align=\"center\">\u274c (pl\u0103tit)<\/td>\n<td align=\"center\">\u274c<\/td>\n<td align=\"center\">\u2705<\/td>\n<td align=\"center\">\u2705<\/td>\n<td>Baz\u0103 mare de utilizatori, dar actualiz\u0103rile sunt for\u021bate<\/td>\n<\/tr>\n<tr>\n<td><a href=\"https:\/\/strangercam.com\/ro\/ometv\/\">OmeTV<\/a><\/td>\n<td align=\"center\">\u2705<\/td>\n<td align=\"center\">\u274c<\/td>\n<td align=\"center\">\u274c<\/td>\n<td align=\"center\">\u2705<\/td>\n<td align=\"center\">\u2705<\/td>\n<td>Doar aleatoriu, aplica\u021bie mobil\u0103 disponibil\u0103<\/td>\n<\/tr>\n<tr>\n<td>Shagle<\/td>\n<td align=\"center\">\u2705<\/td>\n<td align=\"center\">\u274c (pl\u0103tit)<\/td>\n<td align=\"center\">\u274c<\/td>\n<td align=\"center\">\u2705<\/td>\n<td align=\"center\">\u2705<\/td>\n<td>Chat-uri gratuite, caracteristici premium cu plat\u0103<\/td>\n<\/tr>\n<tr>\n<td><a href=\"https:\/\/strangercam.com\/ro\/coomeet\/\">CooMeet<\/a><\/td>\n<td align=\"center\">\u274c (Trial)<\/td>\n<td align=\"center\">\u2705<\/td>\n<td align=\"center\">\u2705<\/td>\n<td align=\"center\">\u2705<\/td>\n<td align=\"center\">\u2705<\/td>\n<td>Pl\u0103tit dup\u0103 o scurt\u0103 perioad\u0103 de prob\u0103 gratuit\u0103<\/td>\n<\/tr>\n<tr>\n<td>LuckyCrush<\/td>\n<td align=\"center\">\u274c<\/td>\n<td align=\"center\">\u2705<\/td>\n<td align=\"center\">\u2705<\/td>\n<td align=\"center\">\u2705<\/td>\n<td align=\"center\">\u2705<\/td>\n<td>\u00centotdeauna pl\u0103tite, discu\u021bii bazate pe gen<\/td>\n<\/tr>\n<\/tbody>\n<\/table>\n<p>StrangerCam este una dintre pu\u021binele platforme care ofer\u0103 apeluri video gratuite cu persoane necunoscute, cu un filtru de gen func\u021bional, f\u0103r\u0103 \u00eenscriere \u0219i utilizare nelimitat\u0103.<\/p>\n<h2>De ce StrangerCam este cea mai bun\u0103 alegere<\/h2>\n<p>Iat\u0103 de ce StrangerCam este o platform\u0103 de top pentru apelarea video a str\u0103inilor \u00een 2025:<\/p>\n<h3>1. 100% Gratuit \u0219i nelimitat<\/h3>\n<p>F\u0103r\u0103 credite, f\u0103r\u0103 limite - doar apeluri video gratuite.<\/p>\n<h3>2. Filtru de gen gratuit<\/h3>\n<p>Alege cu cine vrei s\u0103 vorbe\u0219ti - b\u0103ie\u021bi, fete sau am\u00e2ndoi - f\u0103r\u0103 s\u0103 pl\u0103te\u0219ti.<\/p>\n<h3>3. Nu este necesar\u0103 \u00eenscrierea<\/h3>\n<p>R\u0103m\u00e2ne\u021bi anonim \u0219i conecta\u021bi-v\u0103 instantaneu.<\/p>\n<h3>4. Sigur \u0219i moderat<\/h3>\n<p>Moderarea activ\u0103 \u0219i instrumentele de raportare men\u021bin comunitatea prietenoas\u0103.<\/p>\n<h3>5. Baza global\u0103 de utilizatori<\/h3>\n<p>Face\u021bi cuno\u0219tin\u021b\u0103 cu str\u0103ini din peste 100 de \u021b\u0103ri oric\u00e2nd.<\/p>\n<h3>6. Func\u021bioneaz\u0103 pe toate dispozitivele<\/h3>\n<p>Optimizat pentru mobil \u0219i desktop deopotriv\u0103.<\/p>\n<h2>Testimoniale reale ale utilizatorilor<\/h2>\n<blockquote><p><em>\"Am vrut un site unde s\u0103 pot face apeluri video c\u0103tre str\u0103ini f\u0103r\u0103 s\u0103 fiu \u00een\u0219elat. StrangerCam a fost prima platform\u0103 care era chiar gratuit\u0103.\"<\/em><br \/>\n- Josh, 27 de ani<\/p><\/blockquote>\n<blockquote><p><em>\"\u00cemi place c\u0103 nu trebuie s\u0103 m\u0103 \u00eenscriu. Trebuie doar s\u0103 fac clic pe Start \u0219i sunt conectat cu oameni reali.\"<\/em><br \/>\n- Isabella, 22 de ani<\/p><\/blockquote>\n<blockquote><p><em>\"Filtrul de gen chiar func\u021bioneaz\u0103 f\u0103r\u0103 a fi nevoie s\u0103 pl\u0103ti\u021bi suplimentar. \u00cen sf\u00e2r\u0219it, un site care ofer\u0103 ceea ce promite.\"<\/em><br \/>\n- Liam, 29 de ani<\/p><\/blockquote>\n<blockquote><p><em>\"Rapid, u\u0219or \u0219i distractiv. Am cunoscut oameni din \u00eentreaga lume \u00eentr-o singur\u0103 sear\u0103.\"<\/em><br \/>\n- Sofia, 24<\/p><\/blockquote>\n<h2>Sfaturi de siguran\u021b\u0103 pentru apelarea video a str\u0103inilor<\/h2>\n<p>De\u0219i apelurile video ale str\u0103inilor sunt distractive, trebuie s\u0103 fi\u021bi \u00eentotdeauna \u00een siguran\u021b\u0103:<\/p>\n<ul>\n<li>Nu \u00eemp\u0103rt\u0103\u0219i\u021bi detalii personale precum numele, adresa sau num\u0103rul de telefon.<\/li>\n<li>Evita\u021bi s\u0103 face\u021bi clic pe linkuri de la necunoscu\u021bi.<\/li>\n<li>Utiliza\u021bi butonul \"Urm\u0103torul\" dac\u0103 discu\u021bia nu este pl\u0103cut\u0103.<\/li>\n<li>Verifica\u021bi fundalul \u00eenainte de a porni camera web.<\/li>\n<li>Respecta\u021bi instrumentele de siguran\u021b\u0103 ale platformei (blocare\/report).<\/li>\n<li>Respecta\u021bi limitele de v\u00e2rst\u0103 - nu utiliza\u021bi platforme pentru adul\u021bi dac\u0103 ave\u021bi sub 18 ani.<\/li>\n<\/ul>\n<h2>Cum s\u0103 \u00eencepe\u021bi - pas cu pas<\/h2>\n<p>Este nevoie de mai pu\u021bin de un minut pentru a \u00eencepe un apel video cu persoane necunoscute:<\/p>\n<ol>\n<li>Deschide\u021bi StrangerCam \u00een browserul dvs. sau pe telefonul mobil.<\/li>\n<li>Permite\u021bi accesul la camera web \u0219i la microfon.<\/li>\n<li>Selecta\u021bi preferin\u021be (cum ar fi filtre de gen).<\/li>\n<li>Face\u021bi clic pe Start Chat pentru a v\u0103 conecta instantaneu.<\/li>\n<li>Ap\u0103sa\u021bi Urm\u0103torul oric\u00e2nd pentru a cunoa\u0219te pe cineva nou.<\/li>\n<\/ol>\n<p>Asta este - rapid, simplu \u0219i gratuit.<\/p>\n<h2>G\u00e2nduri finale - \u00cencerca\u021bi ast\u0103zi apelurile video gratuite cu persoane necunoscute<\/h2>\n<p>\u00cen 2025, una dintre cele mai simple modalit\u0103\u021bi de a cunoa\u0219te oameni noi este s\u0103 faci apeluri video online cu persoane necunoscute. Este spontan, interesant \u0219i v\u0103 ofer\u0103 instantaneu conexiuni reale.<\/p>\n<p>Dar nu toate platformele sunt pe m\u0103sur\u0103. Multe site-uri ascund caracteristici esen\u021biale \u00een spatele unor ziduri cu plat\u0103 sau \u00ee\u0219i umplu chat-urile cu robo\u021bi. De aceea, StrangerCam este cea mai bun\u0103 op\u021biune: este gratuit, sigur, anonim \u0219i plin de oameni din \u00eentreaga lume gata s\u0103 se conecteze.<\/p>\n<p>E\u0219ti gata s\u0103 cuno\u0219ti pe cineva nou? \u00cencepe\u021bi ast\u0103zi un apel video gratuit cu persoane necunoscute \u0219i vede\u021bi cine va fi urm\u0103toarea persoan\u0103 pe care o ve\u021bi \u00eent\u00e2lni.<\/p>","protected":false},"excerpt":{"rendered":"<p>Have you been looking for the best way to video call strangers? You\u2019re not alone. Every month, millions of people search for instant video call platforms where they can meet random people, make new friends, flirt casually, or simply pass the time. Unlike dating apps or social networks, which can feel slow or fake, a [&hellip;]<\/p>\n","protected":false},"author":8,"featured_media":0,"parent":0,"menu_order":0,"comment_status":"closed","ping_status":"closed","template":"","meta":{"footnotes":""},"class_list":["post-4004","page","type-page","status-publish","hentry"],"yoast_head":"<!-- This site is optimized with the Yoast SEO plugin v27.4 - https:\/\/yoast.com\/product\/yoast-seo-wordpress\/ -->\n<title>Video Call Strangers on Strangercam.com<\/title>\n<meta name=\"description\" content=\"Liking Video Call Strangers? Join millions on StrangerCam.com! Start a random video chat, turn on your cam, and meet strangers instantly.\" \/>\n<meta name=\"robots\" content=\"index, follow, max-snippet:-1, max-image-preview:large, max-video-preview:-1\" \/>\n<link rel=\"canonical\" href=\"https:\/\/strangercam.com\/ro\/apel-video-straini\/\" \/>\n<meta property=\"og:locale\" content=\"ro_RO\" \/>\n<meta property=\"og:type\" content=\"article\" \/>\n<meta property=\"og:title\" content=\"Video Call Strangers on Strangercam.com\" \/>\n<meta property=\"og:description\" content=\"Liking Video Call Strangers? Join millions on StrangerCam.com! Start a random video chat, turn on your cam, and meet strangers instantly.\" \/>\n<meta property=\"og:url\" content=\"https:\/\/strangercam.com\/ro\/apel-video-straini\/\" \/>\n<meta property=\"og:site_name\" content=\"Strangercam\" \/>\n<meta property=\"article:publisher\" content=\"https:\/\/www.facebook.com\/strangercam\" \/>\n<meta property=\"article:modified_time\" content=\"2025-09-03T11:39:32+00:00\" \/>\n<meta property=\"og:image\" content=\"https:\/\/strangercam.com\/wp-content\/uploads\/2021\/10\/Untitled-2.png\" \/>\n\t<meta property=\"og:image:width\" content=\"800\" \/>\n\t<meta property=\"og:image:height\" content=\"532\" \/>\n\t<meta property=\"og:image:type\" content=\"image\/png\" \/>\n<meta name=\"twitter:card\" content=\"summary_large_image\" \/>\n<meta name=\"twitter:site\" content=\"@strangercamapp\" \/>\n<meta name=\"twitter:label1\" content=\"Timp estimat pentru citire\" \/>\n\t<meta name=\"twitter:data1\" content=\"5 minute\" \/>\n<script type=\"application\/ld+json\" class=\"yoast-schema-graph\">{\"@context\":\"https:\\\/\\\/schema.org\",\"@graph\":[{\"@type\":\"WebPage\",\"@id\":\"https:\\\/\\\/strangercam.com\\\/video-call-strangers\\\/\",\"url\":\"https:\\\/\\\/strangercam.com\\\/video-call-strangers\\\/\",\"name\":\"Video Call Strangers on Strangercam.com\",\"isPartOf\":{\"@id\":\"https:\\\/\\\/strangercam.com\\\/#website\"},\"datePublished\":\"2025-09-03T10:37:25+00:00\",\"dateModified\":\"2025-09-03T11:39:32+00:00\",\"description\":\"Liking Video Call Strangers? Join millions on StrangerCam.com! Start a random video chat, turn on your cam, and meet strangers instantly.\",\"breadcrumb\":{\"@id\":\"https:\\\/\\\/strangercam.com\\\/video-call-strangers\\\/#breadcrumb\"},\"inLanguage\":\"ro-RO\",\"potentialAction\":[{\"@type\":\"ReadAction\",\"target\":[\"https:\\\/\\\/strangercam.com\\\/video-call-strangers\\\/\"]}]},{\"@type\":\"BreadcrumbList\",\"@id\":\"https:\\\/\\\/strangercam.com\\\/video-call-strangers\\\/#breadcrumb\",\"itemListElement\":[{\"@type\":\"ListItem\",\"position\":1,\"name\":\"Home\",\"item\":\"https:\\\/\\\/strangercam.com\\\/\"},{\"@type\":\"ListItem\",\"position\":2,\"name\":\"Video Call Strangers\"}]},{\"@type\":\"WebSite\",\"@id\":\"https:\\\/\\\/strangercam.com\\\/#website\",\"url\":\"https:\\\/\\\/strangercam.com\\\/\",\"name\":\"Strangercam\",\"description\":\"Random Video Chat with Strangers\",\"publisher\":{\"@id\":\"https:\\\/\\\/strangercam.com\\\/#organization\"},\"alternateName\":\"Strangercam.com\",\"potentialAction\":[{\"@type\":\"SearchAction\",\"target\":{\"@type\":\"EntryPoint\",\"urlTemplate\":\"https:\\\/\\\/strangercam.com\\\/?s={search_term_string}\"},\"query-input\":{\"@type\":\"PropertyValueSpecification\",\"valueRequired\":true,\"valueName\":\"search_term_string\"}}],\"inLanguage\":\"ro-RO\"},{\"@type\":\"Organization\",\"@id\":\"https:\\\/\\\/strangercam.com\\\/#organization\",\"name\":\"Strangercam\",\"alternateName\":\"Strangercam.com\",\"url\":\"https:\\\/\\\/strangercam.com\\\/\",\"logo\":{\"@type\":\"ImageObject\",\"inLanguage\":\"ro-RO\",\"@id\":\"https:\\\/\\\/strangercam.com\\\/#\\\/schema\\\/logo\\\/image\\\/\",\"url\":\"https:\\\/\\\/strangercam.com\\\/wp-content\\\/uploads\\\/2020\\\/11\\\/cropped-new-favicon-black.png\",\"contentUrl\":\"https:\\\/\\\/strangercam.com\\\/wp-content\\\/uploads\\\/2020\\\/11\\\/cropped-new-favicon-black.png\",\"width\":512,\"height\":512,\"caption\":\"Strangercam\"},\"image\":{\"@id\":\"https:\\\/\\\/strangercam.com\\\/#\\\/schema\\\/logo\\\/image\\\/\"},\"sameAs\":[\"https:\\\/\\\/www.facebook.com\\\/strangercam\",\"https:\\\/\\\/x.com\\\/strangercamapp\"]}]}<\/script>\n<!-- \/ Yoast SEO plugin. -->","yoast_head_json":{"title":"Apel video c\u0103tre str\u0103ini pe Strangercam.com","description":"\u00ce\u021bi place s\u0103 faci apeluri video cu str\u0103inii? Join milioane pe StrangerCam.com! \u00cencepe un chat video aleatoriu, porne\u0219te-\u021bi camera \u0219i \u00eent\u00e2lne\u0219te str\u0103ini instantaneu.","robots":{"index":"index","follow":"follow","max-snippet":"max-snippet:-1","max-image-preview":"max-image-preview:large","max-video-preview":"max-video-preview:-1"},"canonical":"https:\/\/strangercam.com\/ro\/apel-video-straini\/","og_locale":"ro_RO","og_type":"article","og_title":"Video Call Strangers on Strangercam.com","og_description":"Liking Video Call Strangers? Join millions on StrangerCam.com! Start a random video chat, turn on your cam, and meet strangers instantly.","og_url":"https:\/\/strangercam.com\/ro\/apel-video-straini\/","og_site_name":"Strangercam","article_publisher":"https:\/\/www.facebook.com\/strangercam","article_modified_time":"2025-09-03T11:39:32+00:00","og_image":[{"width":800,"height":532,"url":"https:\/\/strangercam.com\/wp-content\/uploads\/2021\/10\/Untitled-2.png","type":"image\/png"}],"twitter_card":"summary_large_image","twitter_site":"@strangercamapp","twitter_misc":{"Timp estimat pentru citire":"5 minute"},"schema":{"@context":"https:\/\/schema.org","@graph":[{"@type":"WebPage","@id":"https:\/\/strangercam.com\/video-call-strangers\/","url":"https:\/\/strangercam.com\/video-call-strangers\/","name":"Apel video c\u0103tre str\u0103ini pe Strangercam.com","isPartOf":{"@id":"https:\/\/strangercam.com\/#website"},"datePublished":"2025-09-03T10:37:25+00:00","dateModified":"2025-09-03T11:39:32+00:00","description":"\u00ce\u021bi place s\u0103 faci apeluri video cu str\u0103inii? Join milioane pe StrangerCam.com! \u00cencepe un chat video aleatoriu, porne\u0219te-\u021bi camera \u0219i \u00eent\u00e2lne\u0219te str\u0103ini instantaneu.","breadcrumb":{"@id":"https:\/\/strangercam.com\/video-call-strangers\/#breadcrumb"},"inLanguage":"ro-RO","potentialAction":[{"@type":"ReadAction","target":["https:\/\/strangercam.com\/video-call-strangers\/"]}]},{"@type":"BreadcrumbList","@id":"https:\/\/strangercam.com\/video-call-strangers\/#breadcrumb","itemListElement":[{"@type":"ListItem","position":1,"name":"Home","item":"https:\/\/strangercam.com\/"},{"@type":"ListItem","position":2,"name":"Video Call Strangers"}]},{"@type":"WebSite","@id":"https:\/\/strangercam.com\/#website","url":"https:\/\/strangercam.com\/","name":"Strangercam","description":"Chat video aleatoriu cu str\u0103ini","publisher":{"@id":"https:\/\/strangercam.com\/#organization"},"alternateName":"Strangercam.com","potentialAction":[{"@type":"SearchAction","target":{"@type":"EntryPoint","urlTemplate":"https:\/\/strangercam.com\/?s={search_term_string}"},"query-input":{"@type":"PropertyValueSpecification","valueRequired":true,"valueName":"search_term_string"}}],"inLanguage":"ro-RO"},{"@type":"Organization","@id":"https:\/\/strangercam.com\/#organization","name":"Strangercam","alternateName":"Strangercam.com","url":"https:\/\/strangercam.com\/","logo":{"@type":"ImageObject","inLanguage":"ro-RO","@id":"https:\/\/strangercam.com\/#\/schema\/logo\/image\/","url":"https:\/\/strangercam.com\/wp-content\/uploads\/2020\/11\/cropped-new-favicon-black.png","contentUrl":"https:\/\/strangercam.com\/wp-content\/uploads\/2020\/11\/cropped-new-favicon-black.png","width":512,"height":512,"caption":"Strangercam"},"image":{"@id":"https:\/\/strangercam.com\/#\/schema\/logo\/image\/"},"sameAs":["https:\/\/www.facebook.com\/strangercam","https:\/\/x.com\/strangercamapp"]}]}},"_links":{"self":[{"href":"https:\/\/strangercam.com\/ro\/wp-json\/wp\/v2\/pages\/4004","targetHints":{"allow":["GET"]}}],"collection":[{"href":"https:\/\/strangercam.com\/ro\/wp-json\/wp\/v2\/pages"}],"about":[{"href":"https:\/\/strangercam.com\/ro\/wp-json\/wp\/v2\/types\/page"}],"author":[{"embeddable":true,"href":"https:\/\/strangercam.com\/ro\/wp-json\/wp\/v2\/users\/8"}],"replies":[{"embeddable":true,"href":"https:\/\/strangercam.com\/ro\/wp-json\/wp\/v2\/comments?post=4004"}],"version-history":[{"count":2,"href":"https:\/\/strangercam.com\/ro\/wp-json\/wp\/v2\/pages\/4004\/revisions"}],"predecessor-version":[{"id":12995,"href":"https:\/\/strangercam.com\/ro\/wp-json\/wp\/v2\/pages\/4004\/revisions\/12995"}],"wp:attachment":[{"href":"https:\/\/strangercam.com\/ro\/wp-json\/wp\/v2\/media?parent=4004"}],"curies":[{"name":"wp","href":"https:\/\/api.w.org\/{rel}","templated":true}]}}