{"id":3953,"date":"2025-08-28T17:28:59","date_gmt":"2025-08-28T15:28:59","guid":{"rendered":"https:\/\/strangercam.com\/?page_id=3953"},"modified":"2025-09-03T13:31:49","modified_gmt":"2025-09-03T11:31:49","slug":"chat-video-aleatoriu-online","status":"publish","type":"page","link":"https:\/\/strangercam.com\/ro\/random-video-chat-online\/","title":{"rendered":"Chat video aleatoriu online"},"content":{"rendered":"<p>C\u0103uta\u021bi cel mai bun mod de a v\u0103 bucura de video aleatoriu <a href=\"https:\/\/strangercam.com\/ro\/chathub\/\">chat<\/a> online? Nu sunte\u021bi singuri. Din zilele de <a href=\"https:\/\/strangercam.com\/ro\/omegle\/\">Omegle<\/a> \u0219i <a href=\"https:\/\/strangercam.com\/ro\/chatroulette\/\">Chatroulette<\/a>, milioane de oameni din \u00eentreaga lume au fost atra\u0219i de entuziasmul conect\u0103rii fa\u021b\u0103 \u00een fa\u021b\u0103 cu str\u0103inii. Spre deosebire de aplica\u021biile de dating sau de social media, care pot p\u0103rea \u00eenscenate sau lente, chat-ul video aleatoriu online este rapid, real \u0219i spontan.<\/p>\n<p>\u00cen 2025, platforme precum StrangerCam fac s\u0103 fie mai u\u0219or ca niciodat\u0103 s\u0103 \u00eencepi un chat video aleatoriu gratuit online - f\u0103r\u0103 desc\u0103rc\u0103ri, f\u0103r\u0103 \u00eenscrieri \u0219i f\u0103r\u0103 costuri ascunse. Fie c\u0103 sunte\u021bi aici pentru a v\u0103 face prieteni noi, pentru a flirta, pentru a exersa limbi str\u0103ine sau pur \u0219i simplu pentru a omor\u00ee timpul, acest ghid v\u0103 va ar\u0103ta tot ce trebuie s\u0103 \u0219ti\u021bi: cum func\u021bioneaz\u0103, de ce oamenii \u00eel iubesc, caracteristicile care conteaz\u0103 cel mai mult, sfaturi de siguran\u021b\u0103, compara\u021bii ale platformelor de top \u0219i de ce StrangerCam este una dintre cele mai bune alegeri \u00een prezent.<\/p>\n<h2>Ce este video chat-ul online aleatoriu?<\/h2>\n<p>Chat-ul video aleatoriu online este o experien\u021b\u0103 de chat video live unu-la-unu \u00een care sunte\u021bi conectat instantaneu la un str\u0103in prin intermediul camerei web \u0219i al microfonului. Aspectul \"aleatoriu\" \u00eenseamn\u0103 c\u0103 nu \u0219tii niciodat\u0103 cu cine te vei \u00eent\u00e2lni \u00eenainte de \u00eenceperea conversa\u021biei - poate fi cineva din apropiere sau cineva din cealalt\u0103 parte a lumii.<\/p>\n<p>Formatul este simplu: face\u021bi clic pe \"Start\" \u0219i, \u00een c\u00e2teva secunde, sunte\u021bi fa\u021b\u0103 \u00een fa\u021b\u0103 cu cineva nou. Nu v\u0103 place conversa\u021bia? Face\u021bi clic pe \"Urm\u0103torul\" pentru a fi \u00eemperecheat instantaneu cu o alt\u0103 persoan\u0103. Fiecare chat este unic - distractiv, surprinz\u0103tor \u0219i \u00eentotdeauna imprevizibil.<\/p>\n<h2>De ce iubesc oamenii video chat-ul gratuit aleatoriu online<\/h2>\n<p>Exist\u0103 un motiv pentru care milioane de oameni caut\u0103 chat video aleatoriu gratuit online \u00een fiecare lun\u0103. Iat\u0103 ce \u00eel face at\u00e2t de atr\u0103g\u0103tor:<\/p>\n<ul>\n<li>Spontaneitate: Fiecare discu\u021bie este o surpriz\u0103, cre\u00e2nd emo\u021bie \u0219i curiozitate.<\/li>\n<li>Autenticitate: Spre deosebire de chat-ul text, video garanteaz\u0103 c\u0103 persoana este real\u0103. F\u0103r\u0103 robo\u021bi, f\u0103r\u0103 falsuri.<\/li>\n<li>Acoperire global\u0103: Face\u021bi cuno\u0219tin\u021b\u0103 cu oameni din zeci de \u021b\u0103ri, 24\/7.<\/li>\n<li>F\u0103r\u0103 \u00eenscrieri sau angajamente: Multe platforme nu necesit\u0103 nimic mai mult dec\u00e2t un clic.<\/li>\n<li>Prietenie \u0219i distrac\u021bie: Unii \u00eel folosesc pentru a-\u0219i face prieteni, al\u021bii pentru flirt ocazional sau divertisment.<\/li>\n<li>Evadare rapid\u0103 din plictiseal\u0103: Discu\u021biile la \u00eent\u00e2mplare sunt modul perfect de a rupe rutina.<\/li>\n<\/ul>\n<h2>Cum func\u021bioneaz\u0103 Random Video Chat Online?<\/h2>\n<p>\u00cenceperea este simpl\u0103 \u0219i rapid\u0103:<\/p>\n<ol>\n<li>Deschide\u021bi o platform\u0103 precum StrangerCam \u00een browserul dvs. sau pe telefon.<\/li>\n<li>Permite\u021bi accesul la camer\u0103 \u0219i microfon.<\/li>\n<li>Face\u021bi clic pe \"Start Chat\" pentru a v\u0103 conecta instantaneu cu un necunoscut.<\/li>\n<li>Chat live prin video.<\/li>\n<li>Face\u021bi clic pe \"Urm\u0103torul\" oric\u00e2nd pentru a merge mai departe \u0219i a cunoa\u0219te pe cineva nou.<\/li>\n<\/ol>\n<p>Unele platforme includ, de asemenea, extra, cum ar fi filtre de gen, selectarea \u021b\u0103rii \u0219i chiar traducere automat\u0103 pentru chat-urile interna\u021bionale.<\/p>\n<h2>Caracteristici de top de c\u0103utat<\/h2>\n<p>Nu toate platformele care ofer\u0103 chat video aleatoriu online sunt la fel. Iat\u0103 ce trebuie s\u0103 c\u0103uta\u021bi:<\/p>\n<h3>1. Acces liber f\u0103r\u0103 limite<\/h3>\n<p>Feri\u021bi-v\u0103 de platformele care pretind c\u0103 sunt gratuite, dar apoi blocheaz\u0103 func\u021bii \u00een spatele unor ziduri de plat\u0103.<\/p>\n<h3>2. Nu este nevoie de \u00eenscriere<\/h3>\n<p>Cele mai bune site-uri nu necesit\u0103 un cont sau informa\u021bii personale.<\/p>\n<h3>3. Filtre de gen \u0219i loca\u021bie<\/h3>\n<p>Acestea v\u0103 ajut\u0103 s\u0103 v\u0103 conecta\u021bi cu tipul de persoane care v\u0103 intereseaz\u0103.<\/p>\n<h3>4. Modera\u021bie \u0219i siguran\u021b\u0103<\/h3>\n<p>Instrumente puternice de raportare \u0219i sisteme de moderare men\u021bin comunitatea \u00een siguran\u021b\u0103.<\/p>\n<h3>5. Experien\u021b\u0103 prietenoas\u0103 pentru mobil<\/h3>\n<p>Ar trebui s\u0103 v\u0103 pute\u021bi bucura cu u\u0219urin\u021b\u0103 de chat-uri video at\u00e2t de pe desktop, c\u00e2t \u0219i de pe mobil.<\/p>\n<h3>6. Video \u0219i audio de \u00eenalt\u0103 calitate<\/h3>\n<p>O conexiune u\u0219oar\u0103 face conversa\u021biile mai naturale \u0219i mai pl\u0103cute.<\/p>\n<h2>Cele mai bune platforme pentru chat video aleatoriu online \u00een 2025<\/h2>\n<p>Iat\u0103 o compara\u021bie a platformelor populare pentru chat video aleatoriu online:<\/p>\n<table>\n<thead>\n<tr>\n<th>Platform\u0103<\/th>\n<th align=\"center\">Acces gratuit<\/th>\n<th align=\"center\">Filtru de gen<\/th>\n<th align=\"center\">\u00cenregistrare necesar\u0103<\/th>\n<th align=\"center\">Asisten\u021b\u0103 mobil\u0103<\/th>\n<th align=\"center\">Modera\u021bie<\/th>\n<th>Note<\/th>\n<\/tr>\n<\/thead>\n<tbody>\n<tr>\n<td>StrangerCam<\/td>\n<td align=\"center\">\u2705<\/td>\n<td align=\"center\">\u2705 (Gratuit)<\/td>\n<td align=\"center\">\u274c<\/td>\n<td align=\"center\">\u2705<\/td>\n<td align=\"center\">\u2705<\/td>\n<td>Cea mai bun\u0103 alegere general\u0103, cu adev\u0103rat gratuit\u0103<\/td>\n<\/tr>\n<tr>\n<td>Chatroulette<\/td>\n<td align=\"center\">\u2705<\/td>\n<td align=\"center\">\u274c (pl\u0103tit)<\/td>\n<td align=\"center\">\u274c<\/td>\n<td align=\"center\">\u2705<\/td>\n<td align=\"center\">\u2705<\/td>\n<td>Clasic, dar costul filtrelor de gen<\/td>\n<\/tr>\n<tr>\n<td>Chatrandom<\/td>\n<td align=\"center\">\u2705<\/td>\n<td align=\"center\">\u274c (pl\u0103tit)<\/td>\n<td align=\"center\">\u274c<\/td>\n<td align=\"center\">\u2705<\/td>\n<td align=\"center\">\u2705<\/td>\n<td>Popular\u0103, dar upgrade-urile sunt for\u021bate<\/td>\n<\/tr>\n<tr>\n<td><a href=\"https:\/\/strangercam.com\/ro\/ometv\/\">OmeTV<\/a><\/td>\n<td align=\"center\">\u2705<\/td>\n<td align=\"center\">\u274c<\/td>\n<td align=\"center\">\u274c<\/td>\n<td align=\"center\">\u2705<\/td>\n<td align=\"center\">\u2705<\/td>\n<td>Aplica\u021bie mobil\u0103, doar aleatorie<\/td>\n<\/tr>\n<tr>\n<td>Shagle<\/td>\n<td align=\"center\">\u2705<\/td>\n<td align=\"center\">\u274c (pl\u0103tit)<\/td>\n<td align=\"center\">\u274c<\/td>\n<td align=\"center\">\u2705<\/td>\n<td align=\"center\">\u2705<\/td>\n<td>Sunt necesare upgrade-uri premium pentru filtre<\/td>\n<\/tr>\n<tr>\n<td><a href=\"https:\/\/strangercam.com\/ro\/coomeet\/\">CooMeet<\/a><\/td>\n<td align=\"center\">\u274c (Trial)<\/td>\n<td align=\"center\">\u2705<\/td>\n<td align=\"center\">\u2705<\/td>\n<td align=\"center\">\u2705<\/td>\n<td align=\"center\">\u2705<\/td>\n<td>Pl\u0103tit dup\u0103 un test gratuit limitat<\/td>\n<\/tr>\n<tr>\n<td>LuckyCrush<\/td>\n<td align=\"center\">\u274c<\/td>\n<td align=\"center\">\u2705<\/td>\n<td align=\"center\">\u2705<\/td>\n<td align=\"center\">\u2705<\/td>\n<td align=\"center\">\u2705<\/td>\n<td>\u00centotdeauna pl\u0103tit, discu\u021bii \u00een func\u021bie de sex<\/td>\n<\/tr>\n<\/tbody>\n<\/table>\n<p>Printre acestea, StrangerCam este una dintre singurele platforme care ofer\u0103 chat video online gratuit, nelimitat \u0219i aleatoriu, cu un filtru de gen func\u021bional \u0219i f\u0103r\u0103 \u00eenscriere.<\/p>\n<h2>De ce StrangerCam este cel mai bun loc pentru chat video aleatoriu online<\/h2>\n<p>Iat\u0103 de ce StrangerCam iese \u00een eviden\u021b\u0103 \u00een 2025 pentru persoanele care caut\u0103 chat video aleatoriu online:<\/p>\n<h3>1. Complet gratuit<\/h3>\n<p>Conversa\u021bii nelimitate, f\u0103r\u0103 costuri ascunse sau credite necesare.<\/p>\n<h3>2. Filtru de gen gratuit<\/h3>\n<p>Alege pe cine vrei s\u0103 cuno\u0219ti - b\u0103ie\u021bi, fete sau am\u00e2ndoi - f\u0103r\u0103 s\u0103 pl\u0103te\u0219ti.<\/p>\n<h3>3. F\u0103r\u0103 \u00eenscriere sau \u00eenregistrare<\/h3>\n<p>R\u0103m\u00e2ne\u021bi anonim \u0219i discuta\u021bi instantaneu.<\/p>\n<h3>4. Sigur \u0219i moderat<\/h3>\n<p>Instrumente puternice de moderare \u0219i raportare protejeaz\u0103 comunitatea.<\/p>\n<h3>5. Baza global\u0103 de utilizatori<\/h3>\n<p>Face\u021bi cuno\u0219tin\u021b\u0103 cu oameni din peste 100 de \u021b\u0103ri, oric\u00e2nd.<\/p>\n<h3>6. Func\u021bioneaz\u0103 pretutindeni<\/h3>\n<p>Optimizat pentru desktop, tablet\u0103 \u0219i mobil.<\/p>\n<h2>Testimoniale reale ale utilizatorilor<\/h2>\n<blockquote><p><em>\"C\u0103utam o modalitate de a face chat video aleatoriu online f\u0103r\u0103 a r\u0103m\u00e2ne blocat \u00een paywalls. StrangerCam era singurul site care era gratuit.\"<\/em><br \/>\n- Chris, 25 de ani<\/p><\/blockquote>\n<blockquote><p><em>\"Am cunoscut oameni din Europa, Asia \u0219i SUA \u00eentr-o singur\u0103 sear\u0103. Este cel mai bun mod de a intra instantaneu \u00een contact cu str\u0103inii.\"<\/em><br \/>\n- Maya, 21 de ani<\/p><\/blockquote>\n<blockquote><p><em>\"Filtrul de gen este gratuit \u0219i func\u021bioneaz\u0103 perfect. Majoritatea site-urilor \u00eencearc\u0103 s\u0103 taxeze pentru asta.\"<\/em><br \/>\n- Daniel, 28<\/p><\/blockquote>\n<blockquote><p><em>\"Simplu, sigur \u0219i distractiv. StrangerCam este solu\u021bia mea ori de c\u00e2te ori vreau s\u0103 cunosc str\u0103ini online.\"<\/em><br \/>\n- Sophia, 23 de ani<\/p><\/blockquote>\n<h2>Sfaturi de siguran\u021b\u0103 pentru chat video aleatoriu online<\/h2>\n<p>De\u0219i chat-ul video este distractiv, siguran\u021ba trebuie s\u0103 fie \u00eentotdeauna pe primul loc:<\/p>\n<ul>\n<li>Nu \u00eemp\u0103rt\u0103\u0219i\u021bi informa\u021bii personale precum num\u0103rul de telefon, adresa sau adresa de e-mail.<\/li>\n<li>Utiliza\u021bi butonul \"Urm\u0103torul\" dac\u0103 nu v\u0103 sim\u021bi\u021bi confortabil.<\/li>\n<li>Evita\u021bi s\u0103 face\u021bi clic pe link-urile trimise de str\u0103ini.<\/li>\n<li>Verifica\u021bi-v\u0103 trecutul pentru a v\u0103 asigura c\u0103 nu dezv\u0103lui\u021bi detalii private.<\/li>\n<li>R\u0103m\u00e2ne\u021bi la instrumentele platformei (bloca\u021bi\/reporta\u021bi utilizatorii r\u0103i).<\/li>\n<li>Respecta\u021bi regulile de v\u00e2rst\u0103 - dac\u0103 ave\u021bi sub 18 ani, evita\u021bi platformele de chat video pentru adul\u021bi.<\/li>\n<\/ul>\n<h2>Cum s\u0103 \u00eencepe\u021bi - pas cu pas<\/h2>\n<p>Joiingerea unui chat video aleatoriu online dureaz\u0103 mai pu\u021bin de un minut:<\/p>\n<ol>\n<li>Deschide\u021bi StrangerCam \u00een browserul dvs. sau pe telefon.<\/li>\n<li>Permite\u021bi accesul la camera web \u0219i la microfon.<\/li>\n<li>Selecta\u021bi preferin\u021bele (cum ar fi filtrul de gen, dac\u0103 dori\u021bi).<\/li>\n<li>Face\u021bi clic pe Start Chat pentru a v\u0103 conecta instantaneu.<\/li>\n<li>Discuta\u021bi fa\u021b\u0103 \u00een fa\u021b\u0103 \u0219i face\u021bi clic pe Urm\u0103torul oric\u00e2nd.<\/li>\n<\/ol>\n<p>Rapid, simplu \u0219i gratuit.<\/p>\n<h2>\u00centreb\u0103ri frecvente<\/h2>\n<h3>Este video chat-ul aleatoriu online cu adev\u0103rat gratuit?<\/h3>\n<p>Da. StrangerCam ofer\u0103 chat-uri gratuite nelimitate f\u0103r\u0103 taxe ascunse.<\/p>\n<h3>Trebuie s\u0103 m\u0103 \u00eenscriu?<\/h3>\n<p>Nu. StrangerCam nu necesit\u0103 cont sau autentificare.<\/p>\n<h3>Sunt oamenii reali?<\/h3>\n<p>Da. Live video v\u0103 asigur\u0103 c\u0103 vorbi\u021bi cu oameni reali, nu cu robo\u021bi.<\/p>\n<h3>\u00cel pot utiliza pe telefonul mobil?<\/h3>\n<p>Da. StrangerCam este complet mobil-friendly.<\/p>\n<h3>Este sigur?<\/h3>\n<p>Da, at\u00e2ta timp c\u00e2t urma\u021bi sfaturile de siguran\u021b\u0103 \u0219i folosi\u021bi instrumentele de raportare StrangerCam.<\/p>\n<h2>G\u00e2nduri finale - \u00cencearc\u0103 video chat-ul gratuit aleatoriu online ast\u0103zi<\/h2>\n<p>\u00cen 2025, chat-ul video aleatoriu online este una dintre cele mai interesante \u0219i autentice modalit\u0103\u021bi de a cunoa\u0219te oameni noi. Este spontan, gratuit \u0219i v\u0103 conecteaz\u0103 instantaneu la oameni reali din \u00eentreaga lume.<\/p>\n<p>Nu toate platformele ofer\u0103 ceea ce promit - multe ascund func\u021bii \u00een spatele unor ziduri cu plat\u0103 sau au prea mul\u021bi robo\u021bi. De aceea, StrangerCam este cea mai bun\u0103 alegere: este gratuit, anonim, moderat \u0219i plin de utilizatori globali gata s\u0103 v\u0103 \u00eent\u00e2lneasc\u0103 24\/7.<\/p>\n<p>E\u0219ti gata s\u0103 \u00eencerci? \u00cencepe\u021bi acum un video chat aleatoriu gratuit online \u0219i vede\u021bi cu cine v\u0103 ve\u021bi \u00eent\u00e2lni \u00een continuare.<\/p>","protected":false},"excerpt":{"rendered":"<p>Looking for the best way to enjoy random video chat online? You\u2019re not alone. Since the days of Omegle and Chatroulette, millions of people around the world have been drawn to the excitement of connecting face-to-face with strangers. Unlike dating apps or social media, which can feel staged or slow, random video chat online is [&hellip;]<\/p>\n","protected":false},"author":8,"featured_media":0,"parent":0,"menu_order":0,"comment_status":"closed","ping_status":"closed","template":"","meta":{"footnotes":""},"class_list":["post-3953","page","type-page","status-publish","hentry"],"yoast_head":"<!-- This site is optimized with the Yoast SEO plugin v27.4 - https:\/\/yoast.com\/product\/yoast-seo-wordpress\/ -->\n<title>Random Video Chat Online on Strangercam.com<\/title>\n<meta name=\"description\" content=\"Liking Random Video Chat Online? Join millions on StrangerCam.com! Start a random video chat, turn on your cam, and meet strangers instantly.\" \/>\n<meta name=\"robots\" content=\"index, follow, max-snippet:-1, max-image-preview:large, max-video-preview:-1\" \/>\n<link rel=\"canonical\" href=\"https:\/\/strangercam.com\/ro\/chat-video-aleatoriu-online\/\" \/>\n<meta property=\"og:locale\" content=\"ro_RO\" \/>\n<meta property=\"og:type\" content=\"article\" \/>\n<meta property=\"og:title\" content=\"Random Video Chat Online on Strangercam.com\" \/>\n<meta property=\"og:description\" content=\"Liking Random Video Chat Online? Join millions on StrangerCam.com! Start a random video chat, turn on your cam, and meet strangers instantly.\" \/>\n<meta property=\"og:url\" content=\"https:\/\/strangercam.com\/ro\/chat-video-aleatoriu-online\/\" \/>\n<meta property=\"og:site_name\" content=\"Strangercam\" \/>\n<meta property=\"article:publisher\" content=\"https:\/\/www.facebook.com\/strangercam\" \/>\n<meta property=\"article:modified_time\" content=\"2025-09-03T11:31:49+00:00\" \/>\n<meta property=\"og:image\" content=\"https:\/\/strangercam.com\/wp-content\/uploads\/2021\/10\/Untitled-2.png\" \/>\n\t<meta property=\"og:image:width\" content=\"800\" \/>\n\t<meta property=\"og:image:height\" content=\"532\" \/>\n\t<meta property=\"og:image:type\" content=\"image\/png\" \/>\n<meta name=\"twitter:card\" content=\"summary_large_image\" \/>\n<meta name=\"twitter:site\" content=\"@strangercamapp\" \/>\n<meta name=\"twitter:label1\" content=\"Timp estimat pentru citire\" \/>\n\t<meta name=\"twitter:data1\" content=\"5 minute\" \/>\n<script type=\"application\/ld+json\" class=\"yoast-schema-graph\">{\"@context\":\"https:\\\/\\\/schema.org\",\"@graph\":[{\"@type\":\"WebPage\",\"@id\":\"https:\\\/\\\/strangercam.com\\\/random-video-chat-online\\\/\",\"url\":\"https:\\\/\\\/strangercam.com\\\/random-video-chat-online\\\/\",\"name\":\"Random Video Chat Online on Strangercam.com\",\"isPartOf\":{\"@id\":\"https:\\\/\\\/strangercam.com\\\/#website\"},\"datePublished\":\"2025-08-28T15:28:59+00:00\",\"dateModified\":\"2025-09-03T11:31:49+00:00\",\"description\":\"Liking Random Video Chat Online? Join millions on StrangerCam.com! Start a random video chat, turn on your cam, and meet strangers instantly.\",\"breadcrumb\":{\"@id\":\"https:\\\/\\\/strangercam.com\\\/random-video-chat-online\\\/#breadcrumb\"},\"inLanguage\":\"ro-RO\",\"potentialAction\":[{\"@type\":\"ReadAction\",\"target\":[\"https:\\\/\\\/strangercam.com\\\/random-video-chat-online\\\/\"]}]},{\"@type\":\"BreadcrumbList\",\"@id\":\"https:\\\/\\\/strangercam.com\\\/random-video-chat-online\\\/#breadcrumb\",\"itemListElement\":[{\"@type\":\"ListItem\",\"position\":1,\"name\":\"Home\",\"item\":\"https:\\\/\\\/strangercam.com\\\/\"},{\"@type\":\"ListItem\",\"position\":2,\"name\":\"Random Video Chat Online\"}]},{\"@type\":\"WebSite\",\"@id\":\"https:\\\/\\\/strangercam.com\\\/#website\",\"url\":\"https:\\\/\\\/strangercam.com\\\/\",\"name\":\"Strangercam\",\"description\":\"Random Video Chat with Strangers\",\"publisher\":{\"@id\":\"https:\\\/\\\/strangercam.com\\\/#organization\"},\"alternateName\":\"Strangercam.com\",\"potentialAction\":[{\"@type\":\"SearchAction\",\"target\":{\"@type\":\"EntryPoint\",\"urlTemplate\":\"https:\\\/\\\/strangercam.com\\\/?s={search_term_string}\"},\"query-input\":{\"@type\":\"PropertyValueSpecification\",\"valueRequired\":true,\"valueName\":\"search_term_string\"}}],\"inLanguage\":\"ro-RO\"},{\"@type\":\"Organization\",\"@id\":\"https:\\\/\\\/strangercam.com\\\/#organization\",\"name\":\"Strangercam\",\"alternateName\":\"Strangercam.com\",\"url\":\"https:\\\/\\\/strangercam.com\\\/\",\"logo\":{\"@type\":\"ImageObject\",\"inLanguage\":\"ro-RO\",\"@id\":\"https:\\\/\\\/strangercam.com\\\/#\\\/schema\\\/logo\\\/image\\\/\",\"url\":\"https:\\\/\\\/strangercam.com\\\/wp-content\\\/uploads\\\/2020\\\/11\\\/cropped-new-favicon-black.png\",\"contentUrl\":\"https:\\\/\\\/strangercam.com\\\/wp-content\\\/uploads\\\/2020\\\/11\\\/cropped-new-favicon-black.png\",\"width\":512,\"height\":512,\"caption\":\"Strangercam\"},\"image\":{\"@id\":\"https:\\\/\\\/strangercam.com\\\/#\\\/schema\\\/logo\\\/image\\\/\"},\"sameAs\":[\"https:\\\/\\\/www.facebook.com\\\/strangercam\",\"https:\\\/\\\/x.com\\\/strangercamapp\"]}]}<\/script>\n<!-- \/ Yoast SEO plugin. -->","yoast_head_json":{"title":"Video chat aleatoriu online pe Strangercam.com","description":"\u00ce\u021bi place chat-ul video aleatoriu online? Join milioane pe StrangerCam.com! \u00cencepe un chat video aleatoriu, porne\u0219te-\u021bi camera \u0219i \u00eent\u00e2lne\u0219te str\u0103ini instantaneu.","robots":{"index":"index","follow":"follow","max-snippet":"max-snippet:-1","max-image-preview":"max-image-preview:large","max-video-preview":"max-video-preview:-1"},"canonical":"https:\/\/strangercam.com\/ro\/chat-video-aleatoriu-online\/","og_locale":"ro_RO","og_type":"article","og_title":"Random Video Chat Online on Strangercam.com","og_description":"Liking Random Video Chat Online? Join millions on StrangerCam.com! Start a random video chat, turn on your cam, and meet strangers instantly.","og_url":"https:\/\/strangercam.com\/ro\/chat-video-aleatoriu-online\/","og_site_name":"Strangercam","article_publisher":"https:\/\/www.facebook.com\/strangercam","article_modified_time":"2025-09-03T11:31:49+00:00","og_image":[{"width":800,"height":532,"url":"https:\/\/strangercam.com\/wp-content\/uploads\/2021\/10\/Untitled-2.png","type":"image\/png"}],"twitter_card":"summary_large_image","twitter_site":"@strangercamapp","twitter_misc":{"Timp estimat pentru citire":"5 minute"},"schema":{"@context":"https:\/\/schema.org","@graph":[{"@type":"WebPage","@id":"https:\/\/strangercam.com\/random-video-chat-online\/","url":"https:\/\/strangercam.com\/random-video-chat-online\/","name":"Video chat aleatoriu online pe Strangercam.com","isPartOf":{"@id":"https:\/\/strangercam.com\/#website"},"datePublished":"2025-08-28T15:28:59+00:00","dateModified":"2025-09-03T11:31:49+00:00","description":"\u00ce\u021bi place chat-ul video aleatoriu online? Join milioane pe StrangerCam.com! \u00cencepe un chat video aleatoriu, porne\u0219te-\u021bi camera \u0219i \u00eent\u00e2lne\u0219te str\u0103ini instantaneu.","breadcrumb":{"@id":"https:\/\/strangercam.com\/random-video-chat-online\/#breadcrumb"},"inLanguage":"ro-RO","potentialAction":[{"@type":"ReadAction","target":["https:\/\/strangercam.com\/random-video-chat-online\/"]}]},{"@type":"BreadcrumbList","@id":"https:\/\/strangercam.com\/random-video-chat-online\/#breadcrumb","itemListElement":[{"@type":"ListItem","position":1,"name":"Home","item":"https:\/\/strangercam.com\/"},{"@type":"ListItem","position":2,"name":"Random Video Chat Online"}]},{"@type":"WebSite","@id":"https:\/\/strangercam.com\/#website","url":"https:\/\/strangercam.com\/","name":"Strangercam","description":"Chat video aleatoriu cu str\u0103ini","publisher":{"@id":"https:\/\/strangercam.com\/#organization"},"alternateName":"Strangercam.com","potentialAction":[{"@type":"SearchAction","target":{"@type":"EntryPoint","urlTemplate":"https:\/\/strangercam.com\/?s={search_term_string}"},"query-input":{"@type":"PropertyValueSpecification","valueRequired":true,"valueName":"search_term_string"}}],"inLanguage":"ro-RO"},{"@type":"Organization","@id":"https:\/\/strangercam.com\/#organization","name":"Strangercam","alternateName":"Strangercam.com","url":"https:\/\/strangercam.com\/","logo":{"@type":"ImageObject","inLanguage":"ro-RO","@id":"https:\/\/strangercam.com\/#\/schema\/logo\/image\/","url":"https:\/\/strangercam.com\/wp-content\/uploads\/2020\/11\/cropped-new-favicon-black.png","contentUrl":"https:\/\/strangercam.com\/wp-content\/uploads\/2020\/11\/cropped-new-favicon-black.png","width":512,"height":512,"caption":"Strangercam"},"image":{"@id":"https:\/\/strangercam.com\/#\/schema\/logo\/image\/"},"sameAs":["https:\/\/www.facebook.com\/strangercam","https:\/\/x.com\/strangercamapp"]}]}},"_links":{"self":[{"href":"https:\/\/strangercam.com\/ro\/wp-json\/wp\/v2\/pages\/3953","targetHints":{"allow":["GET"]}}],"collection":[{"href":"https:\/\/strangercam.com\/ro\/wp-json\/wp\/v2\/pages"}],"about":[{"href":"https:\/\/strangercam.com\/ro\/wp-json\/wp\/v2\/types\/page"}],"author":[{"embeddable":true,"href":"https:\/\/strangercam.com\/ro\/wp-json\/wp\/v2\/users\/8"}],"replies":[{"embeddable":true,"href":"https:\/\/strangercam.com\/ro\/wp-json\/wp\/v2\/comments?post=3953"}],"version-history":[{"count":2,"href":"https:\/\/strangercam.com\/ro\/wp-json\/wp\/v2\/pages\/3953\/revisions"}],"predecessor-version":[{"id":12979,"href":"https:\/\/strangercam.com\/ro\/wp-json\/wp\/v2\/pages\/3953\/revisions\/12979"}],"wp:attachment":[{"href":"https:\/\/strangercam.com\/ro\/wp-json\/wp\/v2\/media?parent=3953"}],"curies":[{"name":"wp","href":"https:\/\/api.w.org\/{rel}","templated":true}]}}