{"id":3935,"date":"2025-08-28T17:19:09","date_gmt":"2025-08-28T15:19:09","guid":{"rendered":"https:\/\/strangercam.com\/?page_id=3935"},"modified":"2025-09-03T13:31:40","modified_gmt":"2025-09-03T11:31:40","slug":"chat-aleatoriu-gratuit","status":"publish","type":"page","link":"https:\/\/strangercam.com\/ro\/free-random-chat\/","title":{"rendered":"Chat aleatoriu gratuit"},"content":{"rendered":"<p>C\u0103uta\u021bi cel mai bun mod de a v\u0103 bucura de o petrecere aleatorie gratuit\u0103 <a href=\"https:\/\/strangercam.com\/ro\/chathub\/\">chat<\/a>? Nu sunte\u021bi singuri. Milioane de oameni din \u00eentreaga lume caut\u0103 platforme de chat aleatoriu \u00een fiecare lun\u0103, \u00een speran\u021ba de a se conecta instantaneu cu oameni noi - fie pentru distrac\u021bie, prietenie, schimb cultural sau flirt ocazional. Spre deosebire de re\u021belele de socializare sau de aplica\u021biile de \u00eent\u00e2lniri, care necesit\u0103 adesea glis\u0103ri nesf\u00e2r\u0219ite sau mesaje lente, chat-ul aleatoriu gratuit se refer\u0103 la conversa\u021bii instantanee, fa\u021b\u0103 \u00een fa\u021b\u0103, cu persoane necunoscute.<\/p>\n<p>\u00cen 2025, platforme precum StrangerCam simplific\u0103 \u00eenceperea unui chat aleatoriu gratuit - f\u0103r\u0103 \u00eenscrieri, f\u0103r\u0103 desc\u0103rc\u0103ri \u0219i f\u0103r\u0103 taxe ascunse. Doar face\u021bi clic pe un buton \u0219i \u00eencepe\u021bi s\u0103 discuta\u021bi cu cineva nou de oriunde din lume.<\/p>\n<p>Acest ghid acoper\u0103 tot ce trebuie s\u0103 \u0219ti\u021bi: ce este chat-ul aleatoriu gratuit, de ce este at\u00e2t de popular, cum func\u021bioneaz\u0103, caracteristicile pe care ar trebui s\u0103 le c\u0103uta\u021bi, compara\u021bii \u00eentre platforme, sfaturi de siguran\u021b\u0103 \u0219i de ce StrangerCam este una dintre cele mai bune alegeri din prezent.<\/p>\n<h2>Ce este Free Random Chat?<\/h2>\n<p>Chat-ul aleatoriu gratuit este un serviciu online care v\u0103 asociaz\u0103 instantaneu cu persoane necunoscute pentru conversa\u021bii live - fie prin text, video sau ambele. Spre deosebire de camerele de chat tradi\u021bionale, platformele de chat aleatoriu func\u021bioneaz\u0103 \u00een timp real \u0219i nu necesit\u0103 profiluri sau \u00eenscrieri.<\/p>\n<p>Pur \u0219i simplu v\u0103 conecta\u021bi (sau, \u00een majoritatea cazurilor, nu v\u0103 conecta\u021bi deloc), ap\u0103sa\u021bi \u201cStart\u201d \u0219i sunte\u021bi conectat imediat cu o persoan\u0103 aleatorie. Dac\u0103 nu v\u0103 place conversa\u021bia, face\u021bi clic pe \u201cUrm\u0103torul\u201d pentru a <a href=\"https:\/\/strangercam.com\/ro\/coomeet\/\">\u00eent\u00e2lnire<\/a> cineva nou. Experien\u021ba este spontan\u0103, distractiv\u0103 \u0219i complet imprevizibil\u0103.<\/p>\n<h2>De ce oamenii iubesc chat-ul aleatoriu gratuit<\/h2>\n<p>Popularitatea chat-ului aleatoriu gratuit a explodat \u00een ultimul deceniu, \u0219i iat\u0103 de ce:<\/p>\n<ul>\n<li>Distrac\u021bie instantanee: Face\u021bi cuno\u0219tin\u021b\u0103 cu oameni noi \u00een c\u00e2teva secunde.<\/li>\n<li>Spontaneitate: Fiecare discu\u021bie este diferit\u0103 - uneori amuzant\u0103, uneori cochet\u0103, uneori profund\u0103.<\/li>\n<li>F\u0103r\u0103 profiluri false: Chat-ul video dovede\u0219te c\u0103 persoana este real\u0103.<\/li>\n<li>F\u0103r\u0103 angajament: Nu este necesar\u0103 \u00eenregistrarea sau datele personale.<\/li>\n<li>Conexiuni globale: Discuta\u021bi cu str\u0103ini din \u00eentreaga lume.<\/li>\n<li>\u00cenvinge plictiseala: O modalitate distractiv\u0103 de a petrece timpul \u0219i de a crea conexiuni nea\u0219teptate.<\/li>\n<\/ul>\n<h2>Cum func\u021bioneaz\u0103 Free Random Chat?<\/h2>\n<p>1TP162Ob\u021binerea unei platforme gratuite de chat aleatoriu este rapid\u0103 \u0219i u\u0219oar\u0103:<\/p>\n<ol>\n<li>Deschide\u021bi platforma pe dispozitivul dvs.<\/li>\n<li>Alege\u021bi modul de chat (video sau text).<\/li>\n<li>Permite\u021bi accesul la camer\u0103 \u0219i microfon (pentru chat video).<\/li>\n<li>Face\u021bi clic pe \"Start Chat\" pentru a v\u0103 conecta instantaneu cu un necunoscut aleatoriu.<\/li>\n<li>Bucura\u021bi-v\u0103 de conversa\u021bie. Dac\u0103 nu v\u0103 sim\u021bi\u021bi bine, ap\u0103sa\u021bi \"Urm\u0103torul\".<\/li>\n<\/ol>\n<p>Acest ciclu se poate repeta la nesf\u00e2r\u0219it, oferindu-\u021bi oportunit\u0103\u021bi nelimitate de a cunoa\u0219te oameni noi.<\/p>\n<h2>Caracteristici de top de c\u0103utat<\/h2>\n<p>Nu toate platformele de chat aleatoriu sunt create la fel. Iat\u0103 ce trebuie s\u0103 c\u0103uta\u021bi atunci c\u00e2nd alege\u021bi cel mai bun site gratuit de chat aleatoriu:<\/p>\n<h3>1. Acces cu adev\u0103rat liber<\/h3>\n<p>Unele site-uri se anun\u021b\u0103 ca fiind \"gratuite\", dar v\u0103 \u00eemping rapid c\u0103tre ziduri cu plat\u0103. C\u0103uta\u021bi un chat nelimitat, autentic \u0219i gratuit.<\/p>\n<h3>2. Nu este nevoie de \u00eenscriere<\/h3>\n<p>Nu ar trebui s\u0103 trebuiasc\u0103 s\u0103 crea\u021bi un cont sau s\u0103 furniza\u021bi informa\u021bii personale.<\/p>\n<h3>3. Mai multe moduri de chat<\/h3>\n<p>Op\u021biuni pentru chat-uri video, audio sau numai text.<\/p>\n<h3>4. Filtre de gen \u0219i loca\u021bie<\/h3>\n<p>Util pentru a g\u0103si anumite tipuri de persoane.<\/p>\n<h3>5. Instrumente de moderare \u0219i siguran\u021b\u0103<\/h3>\n<p>Sistemele puternice de raportare \u0219i blocare men\u021bin comunitatea \u00een siguran\u021b\u0103.<\/p>\n<h3>6. Design prietenos cu mobilul<\/h3>\n<p>Cele mai bune platforme func\u021bioneaz\u0103 pe telefoane, tablete \u0219i desktop-uri.<\/p>\n<h2>Cele mai bune platforme gratuite de chat aleatoriu \u00een 2025<\/h2>\n<p>Iat\u0103 o compara\u021bie a celor mai populare locuri pentru chat aleatoriu gratuit:<\/p>\n<table>\n<thead>\n<tr>\n<th>Platform\u0103<\/th>\n<th align=\"center\">Acces gratuit<\/th>\n<th align=\"center\">Mod video<\/th>\n<th align=\"center\">\u00cenregistrare necesar\u0103<\/th>\n<th align=\"center\">Filtru de gen<\/th>\n<th align=\"center\">Modera\u021bie<\/th>\n<th>Note<\/th>\n<\/tr>\n<\/thead>\n<tbody>\n<tr>\n<td>StrangerCam<\/td>\n<td align=\"center\">\u2705<\/td>\n<td align=\"center\">\u2705<\/td>\n<td align=\"center\">\u274c<\/td>\n<td align=\"center\">\u2705 (Gratuit)<\/td>\n<td align=\"center\">\u2705<\/td>\n<td>Cel mai bun \u00een general, video gratuit \u0219i filtre de gen<\/td>\n<\/tr>\n<tr>\n<td><a href=\"https:\/\/strangercam.com\/ro\/chatroulette\/\">Chatroulette<\/a><\/td>\n<td align=\"center\">\u2705<\/td>\n<td align=\"center\">\u2705<\/td>\n<td align=\"center\">\u274c<\/td>\n<td align=\"center\">\u274c (pl\u0103tit)<\/td>\n<td align=\"center\">\u2705<\/td>\n<td>Clasic, dar filtrul de gen paywalled<\/td>\n<\/tr>\n<tr>\n<td>Chatrandom<\/td>\n<td align=\"center\">\u2705<\/td>\n<td align=\"center\">\u2705<\/td>\n<td align=\"center\">\u274c<\/td>\n<td align=\"center\">\u274c (pl\u0103tit)<\/td>\n<td align=\"center\">\u2705<\/td>\n<td>Popular, dar caracteristici premium blocate<\/td>\n<\/tr>\n<tr>\n<td><a href=\"https:\/\/strangercam.com\/ro\/ometv\/\">OmeTV<\/a><\/td>\n<td align=\"center\">\u2705<\/td>\n<td align=\"center\">\u2705<\/td>\n<td align=\"center\">\u274c<\/td>\n<td align=\"center\">\u274c<\/td>\n<td align=\"center\">\u2705<\/td>\n<td>Aplica\u021bie mobil\u0103, doar aleatorie<\/td>\n<\/tr>\n<tr>\n<td>Shagle<\/td>\n<td align=\"center\">\u2705<\/td>\n<td align=\"center\">\u2705<\/td>\n<td align=\"center\">\u274c<\/td>\n<td align=\"center\">\u274c (pl\u0103tit)<\/td>\n<td align=\"center\">\u2705<\/td>\n<td>Prim\u0103 foarte mare<\/td>\n<\/tr>\n<tr>\n<td>Emerald Chat<\/td>\n<td align=\"center\">\u2705<\/td>\n<td align=\"center\">\u2705<\/td>\n<td align=\"center\">\u274c<\/td>\n<td align=\"center\">\u274c<\/td>\n<td align=\"center\">\u2705<\/td>\n<td>Sistem bazat pe reputa\u021bie<\/td>\n<\/tr>\n<tr>\n<td>LuckyCrush<\/td>\n<td align=\"center\">\u274c<\/td>\n<td align=\"center\">\u2705<\/td>\n<td align=\"center\">\u2705<\/td>\n<td align=\"center\">\u2705<\/td>\n<td align=\"center\">\u2705<\/td>\n<td>\u00centotdeauna pl\u0103tite, discu\u021bii bazate pe gen<\/td>\n<\/tr>\n<\/tbody>\n<\/table>\n<p>StrangerCam este una dintre pu\u021binele platforme care ofer\u0103 chat aleatoriu gratuit cu video, filtre de gen reale, f\u0103r\u0103 \u00eenscriere \u0219i acces nelimitat.<\/p>\n<h2>De ce StrangerCam este cea mai bun\u0103 alegere pentru chat aleatoriu gratuit<\/h2>\n<p>StrangerCam a devenit o destina\u021bie de top \u00een 2025 pentru utilizatorii care doresc chat aleatoriu gratuit. Iat\u0103 de ce:<\/p>\n<h3>1. Cu adev\u0103rat gratuit \u0219i nelimitat<\/h3>\n<p>F\u0103r\u0103 credite, f\u0103r\u0103 procese, f\u0103r\u0103 restric\u021bii.<\/p>\n<h3>2. Op\u021biuni video \u0219i text<\/h3>\n<p>Alege\u021bi dac\u0103 dori\u021bi chat fa\u021b\u0103 \u00een fa\u021b\u0103 sau doar text.<\/p>\n<h3>3. Filtru de gen gratuit<\/h3>\n<p>Selecta\u021bi cu cine dori\u021bi s\u0103 discuta\u021bi - b\u0103rbat, femeie sau am\u00e2ndoi - f\u0103r\u0103 s\u0103 pl\u0103ti\u021bi.<\/p>\n<h3>4. Nu este necesar\u0103 \u00eenscrierea<\/h3>\n<p>R\u0103m\u00e2ne\u021bi anonim \u00een timp ce discuta\u021bi cu str\u0103inii.<\/p>\n<h3>5. Comunitatea global\u0103<\/h3>\n<p>Face\u021bi cuno\u0219tin\u021b\u0103 cu oameni din peste 100 de \u021b\u0103ri, oric\u00e2nd.<\/p>\n<h3>6. Sigur \u0219i moderat<\/h3>\n<p>Moderarea activ\u0103 \u021bine la distan\u021b\u0103 robo\u021bii \u0219i spam-ul.<\/p>\n<h2>Testimoniale reale ale utilizatorilor<\/h2>\n<blockquote><p><em>\"C\u0103utam doar un chat aleatoriu gratuit, f\u0103r\u0103 costuri ascunse. StrangerCam a fost primul site care chiar a reu\u0219it.\"<\/em><br \/>\n- Ryan, 24 de ani<\/p><\/blockquote>\n<blockquote><p><em>\"\u00cemi place c\u0103 pot alege video sau text. \u00cen unele zile vreau doar s\u0103 tastez, \u00een alte zile am chef s\u0103 vorbesc fa\u021b\u0103 \u00een fa\u021b\u0103.\"<\/em><br \/>\n- Maria, 21 de ani<\/p><\/blockquote>\n<blockquote><p><em>\"Filtrul de gen chiar func\u021bioneaz\u0103 aici, spre deosebire de alte site-uri a\u0219a-zis gratuite.\"<\/em><br \/>\n- Ethan, 28 de ani<\/p><\/blockquote>\n<blockquote><p><em>\"Simplu, distractiv \u0219i rapid. Am cunoscut deja oameni din at\u00e2t de multe \u021b\u0103ri.\"<\/em><br \/>\n- Sophie, 22 de ani<\/p><\/blockquote>\n<h2>Sfaturi de siguran\u021b\u0103 pentru Free Random Chat<\/h2>\n<p>De\u0219i chat-ul la \u00eent\u00e2mplare poate fi distractiv, este important s\u0103 fii \u00een siguran\u021b\u0103:<\/p>\n<ul>\n<li>Nu \u00eemp\u0103rt\u0103\u0219i\u021bi informa\u021bii personale precum numele complet, adresa sau telefonul.<\/li>\n<li>S\u0103ri\u021bi sau bloca\u021bi pe oricine v\u0103 face s\u0103 v\u0103 sim\u021bi\u021bi inconfortabil.<\/li>\n<li>Nu face\u021bi niciodat\u0103 clic pe linkuri suspecte.<\/li>\n<li>Folosi\u021bi un fundal neutru pentru a evita dezv\u0103luirea detaliilor private.<\/li>\n<li>R\u0103m\u00e2ne\u021bi la caracteristicile platformei - utiliza\u021bi butonul de raportare atunci c\u00e2nd este necesar.<\/li>\n<li>Respecta\u021bi regulile de v\u00e2rst\u0103 - dac\u0103 ave\u021bi sub 18 ani, nu folosi\u021bi site-uri de chat pentru adul\u021bi.<\/li>\n<\/ul>\n<h2>Cum s\u0103 \u00eencepe\u021bi - pas cu pas<\/h2>\n<p>\u00cenceperea unui chat aleatoriu gratuit dureaz\u0103 mai pu\u021bin de un minut:<\/p>\n<ol>\n<li>Deschide\u021bi StrangerCam pe dispozitivul dvs.<\/li>\n<li>Selecta\u021bi dac\u0103 dori\u021bi chat video sau text.<\/li>\n<li>Permite\u021bi accesul la camera dvs. foto \u0219i la microfon (dac\u0103 folosi\u021bi video).<\/li>\n<li>Face\u021bi clic pe Start Chat pentru a v\u0103 conecta instantaneu.<\/li>\n<li>Ap\u0103sa\u021bi Urm\u0103torul oric\u00e2nd pentru a cunoa\u0219te pe cineva nou.<\/li>\n<\/ol>\n<p>Rapid, simplu \u0219i gratuit.<\/p>\n<h2>\u00centreb\u0103ri frecvente<\/h2>\n<h3>Este chat-ul aleatoriu gratuit cu adev\u0103rat gratuit?<\/h3>\n<p>Da. StrangerCam ofer\u0103 chat-uri aleatorii nelimitate f\u0103r\u0103 taxe ascunse.<\/p>\n<h3>Trebuie s\u0103 m\u0103 \u00eenscriu?<\/h3>\n<p>Nu. StrangerCam nu necesit\u0103 cont sau \u00eenregistrare.<\/p>\n<h3>Sunt oamenii reali?<\/h3>\n<p>Da. Cu chat-ul video, sunte\u021bi \u00eentotdeauna conectat la utilizatori reali.<\/p>\n<h3>\u00cel pot utiliza pe telefonul mobil?<\/h3>\n<p>Da. StrangerCam func\u021bioneaz\u0103 f\u0103r\u0103 probleme pe toate dispozitivele.<\/p>\n<h3>Este sigur?<\/h3>\n<p>Da, at\u00e2ta timp c\u00e2t urma\u021bi sfaturile de siguran\u021b\u0103 de baz\u0103 \u0219i utiliza\u021bi instrumentele de moderare ale StrangerCam.<\/p>\n<h2>G\u00e2nduri finale - \u00cencerca\u021bi chat-ul aleatoriu gratuit ast\u0103zi<\/h2>\n<p>\u00cen 2025, chat-ul aleatoriu gratuit r\u0103m\u00e2ne una dintre cele mai simple \u0219i mai distractive modalit\u0103\u021bi de a intra \u00een contact cu oameni noi online. Este spontan, autentic \u0219i v\u0103 poate pune \u00een leg\u0103tur\u0103 cu str\u0103ini de oriunde din lume \u00een c\u00e2teva secunde.<\/p>\n<p>Dar nu toate platformele ofer\u0103 rezultate. Multe site-uri ascund caracteristici esen\u021biale \u00een spatele unor ziduri cu plat\u0103 sau sunt invadate de robo\u021bi. De aceea, StrangerCam este cea mai bun\u0103 alegere: este cu adev\u0103rat gratuit, anonim, moderat \u0219i \u00eentotdeauna plin de oameni gata s\u0103 discute.<\/p>\n<p>E\u0219ti gata s\u0103 \u00eencerci? \u00cencepe un chat aleatoriu gratuit acum \u0219i vezi pe cine vei \u00eent\u00e2lni \u00een continuare.<\/p>","protected":false},"excerpt":{"rendered":"<p>Are you looking for the best way to enjoy a free random chat? You\u2019re not alone. Millions of people worldwide search for random chat platforms every month, hoping to connect instantly with new people\u2014whether for fun, friendship, cultural exchange, or casual flirting. Unlike social media or dating apps, which often require endless swiping or slow [&hellip;]<\/p>\n","protected":false},"author":8,"featured_media":0,"parent":0,"menu_order":0,"comment_status":"closed","ping_status":"closed","template":"","meta":{"footnotes":""},"class_list":["post-3935","page","type-page","status-publish","hentry"],"yoast_head":"<!-- This site is optimized with the Yoast SEO plugin v27.4 - https:\/\/yoast.com\/product\/yoast-seo-wordpress\/ -->\n<title>Free Random Chat with Random Chat on Strangercam.com<\/title>\n<meta name=\"description\" content=\"Liking Free Random Chat? Join millions on StrangerCam.com! Start a random video chat, turn on your cam, and meet strangers instantly.\" \/>\n<meta name=\"robots\" content=\"index, follow, max-snippet:-1, max-image-preview:large, max-video-preview:-1\" \/>\n<link rel=\"canonical\" href=\"https:\/\/strangercam.com\/ro\/chat-aleatoriu-gratuit\/\" \/>\n<meta property=\"og:locale\" content=\"ro_RO\" \/>\n<meta property=\"og:type\" content=\"article\" \/>\n<meta property=\"og:title\" content=\"Free Random Chat with Random Chat on Strangercam.com\" \/>\n<meta property=\"og:description\" content=\"Liking Free Random Chat? Join millions on StrangerCam.com! Start a random video chat, turn on your cam, and meet strangers instantly.\" \/>\n<meta property=\"og:url\" content=\"https:\/\/strangercam.com\/ro\/chat-aleatoriu-gratuit\/\" \/>\n<meta property=\"og:site_name\" content=\"Strangercam\" \/>\n<meta property=\"article:publisher\" content=\"https:\/\/www.facebook.com\/strangercam\" \/>\n<meta property=\"article:modified_time\" content=\"2025-09-03T11:31:40+00:00\" \/>\n<meta property=\"og:image\" content=\"https:\/\/strangercam.com\/wp-content\/uploads\/2021\/10\/Untitled-2.png\" \/>\n\t<meta property=\"og:image:width\" content=\"800\" \/>\n\t<meta property=\"og:image:height\" content=\"532\" \/>\n\t<meta property=\"og:image:type\" content=\"image\/png\" \/>\n<meta name=\"twitter:card\" content=\"summary_large_image\" \/>\n<meta name=\"twitter:site\" content=\"@strangercamapp\" \/>\n<meta name=\"twitter:label1\" content=\"Timp estimat pentru citire\" \/>\n\t<meta name=\"twitter:data1\" content=\"5 minute\" \/>\n<script type=\"application\/ld+json\" class=\"yoast-schema-graph\">{\"@context\":\"https:\\\/\\\/schema.org\",\"@graph\":[{\"@type\":\"WebPage\",\"@id\":\"https:\\\/\\\/strangercam.com\\\/free-random-chat\\\/\",\"url\":\"https:\\\/\\\/strangercam.com\\\/free-random-chat\\\/\",\"name\":\"Free Random Chat with Random Chat on Strangercam.com\",\"isPartOf\":{\"@id\":\"https:\\\/\\\/strangercam.com\\\/#website\"},\"datePublished\":\"2025-08-28T15:19:09+00:00\",\"dateModified\":\"2025-09-03T11:31:40+00:00\",\"description\":\"Liking Free Random Chat? Join millions on StrangerCam.com! Start a random video chat, turn on your cam, and meet strangers instantly.\",\"breadcrumb\":{\"@id\":\"https:\\\/\\\/strangercam.com\\\/free-random-chat\\\/#breadcrumb\"},\"inLanguage\":\"ro-RO\",\"potentialAction\":[{\"@type\":\"ReadAction\",\"target\":[\"https:\\\/\\\/strangercam.com\\\/free-random-chat\\\/\"]}]},{\"@type\":\"BreadcrumbList\",\"@id\":\"https:\\\/\\\/strangercam.com\\\/free-random-chat\\\/#breadcrumb\",\"itemListElement\":[{\"@type\":\"ListItem\",\"position\":1,\"name\":\"Home\",\"item\":\"https:\\\/\\\/strangercam.com\\\/\"},{\"@type\":\"ListItem\",\"position\":2,\"name\":\"Free Random Chat\"}]},{\"@type\":\"WebSite\",\"@id\":\"https:\\\/\\\/strangercam.com\\\/#website\",\"url\":\"https:\\\/\\\/strangercam.com\\\/\",\"name\":\"Strangercam\",\"description\":\"Random Video Chat with Strangers\",\"publisher\":{\"@id\":\"https:\\\/\\\/strangercam.com\\\/#organization\"},\"alternateName\":\"Strangercam.com\",\"potentialAction\":[{\"@type\":\"SearchAction\",\"target\":{\"@type\":\"EntryPoint\",\"urlTemplate\":\"https:\\\/\\\/strangercam.com\\\/?s={search_term_string}\"},\"query-input\":{\"@type\":\"PropertyValueSpecification\",\"valueRequired\":true,\"valueName\":\"search_term_string\"}}],\"inLanguage\":\"ro-RO\"},{\"@type\":\"Organization\",\"@id\":\"https:\\\/\\\/strangercam.com\\\/#organization\",\"name\":\"Strangercam\",\"alternateName\":\"Strangercam.com\",\"url\":\"https:\\\/\\\/strangercam.com\\\/\",\"logo\":{\"@type\":\"ImageObject\",\"inLanguage\":\"ro-RO\",\"@id\":\"https:\\\/\\\/strangercam.com\\\/#\\\/schema\\\/logo\\\/image\\\/\",\"url\":\"https:\\\/\\\/strangercam.com\\\/wp-content\\\/uploads\\\/2020\\\/11\\\/cropped-new-favicon-black.png\",\"contentUrl\":\"https:\\\/\\\/strangercam.com\\\/wp-content\\\/uploads\\\/2020\\\/11\\\/cropped-new-favicon-black.png\",\"width\":512,\"height\":512,\"caption\":\"Strangercam\"},\"image\":{\"@id\":\"https:\\\/\\\/strangercam.com\\\/#\\\/schema\\\/logo\\\/image\\\/\"},\"sameAs\":[\"https:\\\/\\\/www.facebook.com\\\/strangercam\",\"https:\\\/\\\/x.com\\\/strangercamapp\"]}]}<\/script>\n<!-- \/ Yoast SEO plugin. -->","yoast_head_json":{"title":"Chat aleatoriu gratuit cu chat aleatoriu pe Strangercam.com","description":"\u00ce\u021bi place Free Random Chat? Join milioane pe StrangerCam.com! \u00cencepe un chat video aleatoriu, porne\u0219te-\u021bi camera \u0219i \u00eent\u00e2lne\u0219te str\u0103ini instantaneu.","robots":{"index":"index","follow":"follow","max-snippet":"max-snippet:-1","max-image-preview":"max-image-preview:large","max-video-preview":"max-video-preview:-1"},"canonical":"https:\/\/strangercam.com\/ro\/chat-aleatoriu-gratuit\/","og_locale":"ro_RO","og_type":"article","og_title":"Free Random Chat with Random Chat on Strangercam.com","og_description":"Liking Free Random Chat? Join millions on StrangerCam.com! Start a random video chat, turn on your cam, and meet strangers instantly.","og_url":"https:\/\/strangercam.com\/ro\/chat-aleatoriu-gratuit\/","og_site_name":"Strangercam","article_publisher":"https:\/\/www.facebook.com\/strangercam","article_modified_time":"2025-09-03T11:31:40+00:00","og_image":[{"width":800,"height":532,"url":"https:\/\/strangercam.com\/wp-content\/uploads\/2021\/10\/Untitled-2.png","type":"image\/png"}],"twitter_card":"summary_large_image","twitter_site":"@strangercamapp","twitter_misc":{"Timp estimat pentru citire":"5 minute"},"schema":{"@context":"https:\/\/schema.org","@graph":[{"@type":"WebPage","@id":"https:\/\/strangercam.com\/free-random-chat\/","url":"https:\/\/strangercam.com\/free-random-chat\/","name":"Chat aleatoriu gratuit cu chat aleatoriu pe Strangercam.com","isPartOf":{"@id":"https:\/\/strangercam.com\/#website"},"datePublished":"2025-08-28T15:19:09+00:00","dateModified":"2025-09-03T11:31:40+00:00","description":"\u00ce\u021bi place Free Random Chat? Join milioane pe StrangerCam.com! \u00cencepe un chat video aleatoriu, porne\u0219te-\u021bi camera \u0219i \u00eent\u00e2lne\u0219te str\u0103ini instantaneu.","breadcrumb":{"@id":"https:\/\/strangercam.com\/free-random-chat\/#breadcrumb"},"inLanguage":"ro-RO","potentialAction":[{"@type":"ReadAction","target":["https:\/\/strangercam.com\/free-random-chat\/"]}]},{"@type":"BreadcrumbList","@id":"https:\/\/strangercam.com\/free-random-chat\/#breadcrumb","itemListElement":[{"@type":"ListItem","position":1,"name":"Home","item":"https:\/\/strangercam.com\/"},{"@type":"ListItem","position":2,"name":"Free Random Chat"}]},{"@type":"WebSite","@id":"https:\/\/strangercam.com\/#website","url":"https:\/\/strangercam.com\/","name":"Strangercam","description":"Chat video aleatoriu cu str\u0103ini","publisher":{"@id":"https:\/\/strangercam.com\/#organization"},"alternateName":"Strangercam.com","potentialAction":[{"@type":"SearchAction","target":{"@type":"EntryPoint","urlTemplate":"https:\/\/strangercam.com\/?s={search_term_string}"},"query-input":{"@type":"PropertyValueSpecification","valueRequired":true,"valueName":"search_term_string"}}],"inLanguage":"ro-RO"},{"@type":"Organization","@id":"https:\/\/strangercam.com\/#organization","name":"Strangercam","alternateName":"Strangercam.com","url":"https:\/\/strangercam.com\/","logo":{"@type":"ImageObject","inLanguage":"ro-RO","@id":"https:\/\/strangercam.com\/#\/schema\/logo\/image\/","url":"https:\/\/strangercam.com\/wp-content\/uploads\/2020\/11\/cropped-new-favicon-black.png","contentUrl":"https:\/\/strangercam.com\/wp-content\/uploads\/2020\/11\/cropped-new-favicon-black.png","width":512,"height":512,"caption":"Strangercam"},"image":{"@id":"https:\/\/strangercam.com\/#\/schema\/logo\/image\/"},"sameAs":["https:\/\/www.facebook.com\/strangercam","https:\/\/x.com\/strangercamapp"]}]}},"_links":{"self":[{"href":"https:\/\/strangercam.com\/ro\/wp-json\/wp\/v2\/pages\/3935","targetHints":{"allow":["GET"]}}],"collection":[{"href":"https:\/\/strangercam.com\/ro\/wp-json\/wp\/v2\/pages"}],"about":[{"href":"https:\/\/strangercam.com\/ro\/wp-json\/wp\/v2\/types\/page"}],"author":[{"embeddable":true,"href":"https:\/\/strangercam.com\/ro\/wp-json\/wp\/v2\/users\/8"}],"replies":[{"embeddable":true,"href":"https:\/\/strangercam.com\/ro\/wp-json\/wp\/v2\/comments?post=3935"}],"version-history":[{"count":1,"href":"https:\/\/strangercam.com\/ro\/wp-json\/wp\/v2\/pages\/3935\/revisions"}],"predecessor-version":[{"id":12978,"href":"https:\/\/strangercam.com\/ro\/wp-json\/wp\/v2\/pages\/3935\/revisions\/12978"}],"wp:attachment":[{"href":"https:\/\/strangercam.com\/ro\/wp-json\/wp\/v2\/media?parent=3935"}],"curies":[{"name":"wp","href":"https:\/\/api.w.org\/{rel}","templated":true}]}}