{"id":3918,"date":"2025-08-28T17:12:57","date_gmt":"2025-08-28T15:12:57","guid":{"rendered":"https:\/\/strangercam.com\/?page_id=3918"},"modified":"2025-09-03T13:31:29","modified_gmt":"2025-09-03T11:31:29","slug":"vorbiti-cu-strainii-apel-video","status":"publish","type":"page","link":"https:\/\/strangercam.com\/ro\/talk-to-strangers-video-call\/","title":{"rendered":"Talk to Strangers Apel video"},"content":{"rendered":"<p>A\u021bi c\u0103utat o modalitate de a vorbi cu str\u0103inii \u00een stilul apelurilor video? Nu sunte\u021bi singuri. De la apari\u021bia <a href=\"https:\/\/strangercam.com\/ro\/chathub\/\">chat<\/a> platforme precum <a href=\"https:\/\/strangercam.com\/ro\/omegle\/\">Omegle<\/a>, <a href=\"https:\/\/strangercam.com\/ro\/chatroulette\/\">Chatroulette<\/a>, \u0219i succesorii lor moderni, milioane de oameni au apelat la apeluri video \u00een direct cu persoane necunoscute pentru a-\u0219i face noi prieteni, a purta conversa\u021bii ocazionale sau pur \u0219i simplu pentru a \u00eenvinge plictiseala.<\/p>\n<p>Ast\u0103zi, platforme precum StrangerCam fac mai u\u0219or ca niciodat\u0103 s\u0103 te bucuri de un apel video gratuit cu str\u0103ini - f\u0103r\u0103 \u00eenscrieri, f\u0103r\u0103 desc\u0103rc\u0103ri \u0219i f\u0103r\u0103 taxe ascunse. Fie c\u0103 dori\u021bi s\u0103 discuta\u021bi ocazional, s\u0103 flirta\u021bi, s\u0103 afla\u021bi despre culturi diferite sau doar s\u0103 r\u00e2de\u021bi cu cineva nou, apelurile video online cu str\u0103ini v\u0103 ofer\u0103 acces instantaneu la oameni reali din \u00eentreaga lume.<\/p>\n<p>\u00cen acest ghid, vom acoperi tot ce trebuie s\u0103 \u0219ti\u021bi: ce sunt apelurile video ale str\u0103inilor, de ce sunt at\u00e2t de populare, cum func\u021bioneaz\u0103, ce caracteristici trebuie s\u0103 c\u0103uta\u021bi, compara\u021bii ale celor mai bune platforme, sfaturi de siguran\u021b\u0103 \u0219i de ce StrangerCam este una dintre cele mai bune alegeri \u00een 2025.<\/p>\n<h2>Ce \u00eenseamn\u0103 \"Talk to Strangers Video Call\"?<\/h2>\n<p>Atunci c\u00e2nd vorbi\u021bi cu necunoscu\u021bi prin apel video, v\u0103 folosi\u021bi camera web \u0219i microfonul pentru a v\u0103 conecta instantaneu cu persoane aleatorii online. Spre deosebire de re\u021belele de socializare sau aplica\u021biile de \u00eent\u00e2lniri, unde conversa\u021biile pot p\u0103rea for\u021bate sau lente, apelurile video ale str\u0103inilor sunt spontane \u0219i reale.<\/p>\n<p>Nu trebuie s\u0103 creezi un profil, s\u0103 \u00eencarci fotografii sau s\u0103 petreci ore \u00eentregi derul\u00e2nd. Face\u021bi clic pe un buton \u0219i ve\u021bi fi fa\u021b\u0103 \u00een fa\u021b\u0103 cu cineva nou. Dac\u0103 nu v\u0103 place chat-ul, ap\u0103sa\u021bi pe Urm\u0103torul \u0219i ve\u021bi fi conectat cu altcineva \u00een c\u00e2teva secunde.<\/p>\n<h2>De ce iubesc oamenii apelurile video gratuite cu str\u0103inii<\/h2>\n<p>Atrac\u021bia platformelor de apeluri video gratuite pentru str\u0103ini este clar\u0103:<\/p>\n<ul>\n<li>Interac\u021biune uman\u0103 real\u0103 - Spre deosebire de chat-ul text, video asigur\u0103 c\u0103 vorbi\u021bi cu o persoan\u0103 real\u0103.<\/li>\n<li>Spontaneitate - Fiecare apel este unic, surprinz\u0103tor \u0219i imprevizibil.<\/li>\n<li>F\u0103r\u0103 angajament - Nu sunt necesare conturi sau \u00eenscrieri; pute\u021bi pleca oric\u00e2nd.<\/li>\n<li>Acces global - Face\u021bi cuno\u0219tin\u021b\u0103 instantaneu cu str\u0103ini din \u00eentreaga lume.<\/li>\n<li>Prietenie \u0219i flirt - Unii oameni \u00eel folosesc pentru a-\u0219i face prieteni, al\u021bii pentru distrac\u021bie lejer\u0103, ocazional\u0103.<\/li>\n<li>Evadare rapid\u0103 - Perfect pentru atunci c\u00e2nd sunte\u021bi plictisit sau dori\u021bi o pauz\u0103 social\u0103.<\/li>\n<\/ul>\n<h2>Cum func\u021bioneaz\u0103 un apel video cu un str\u0103in?<\/h2>\n<p>Procesul este rapid \u0219i u\u0219or pentru \u00eencep\u0103tori:<\/p>\n<ol>\n<li>Deschide\u021bi platforma (cum ar fi StrangerCam) pe dispozitivul dvs.<\/li>\n<li>Permite\u021bi accesul la camera foto \u0219i la microfon.<\/li>\n<li>Face\u021bi clic pe \"Start Chat\". Ve\u021bi fi conectat instantaneu la un str\u0103in aleatoriu.<\/li>\n<li>Discuta\u021bi live prin apel video.<\/li>\n<li>Face\u021bi clic pe \"Urm\u0103torul\" dac\u0103 dori\u021bi s\u0103 cunoa\u0219te\u021bi pe cineva nou.<\/li>\n<\/ol>\n<p>Aceast\u0103 configurare simpl\u0103 \u00eel face una dintre cele mai rapide modalit\u0103\u021bi de a intra \u00een contact cu oameni din \u00eentreaga lume.<\/p>\n<h2>Caracteristici de top de c\u0103utat<\/h2>\n<p>C\u00e2nd sunte\u021bi \u00een c\u0103utarea celui mai bun loc pentru a vorbi cu str\u0103inii prin apel video, iat\u0103 care sunt caracteristicile care conteaz\u0103 cel mai mult:<\/p>\n<h3>1. Acces cu adev\u0103rat liber<\/h3>\n<p>Platforma ar trebui s\u0103 v\u0103 ofere acces nelimitat, f\u0103r\u0103 ziduri de plat\u0103.<\/p>\n<h3>2. Nu este nevoie de \u00eenscriere<\/h3>\n<p>Cele mai bune platforme nu necesit\u0103 conturi, log\u0103ri sau detalii personale.<\/p>\n<h3>3. Filtre de gen \u0219i loca\u021bie<\/h3>\n<p>Alege cu cine vrei s\u0103 vorbe\u0219ti - fie c\u0103 este vorba de fete, b\u0103ie\u021bi sau persoane din anumite \u021b\u0103ri.<\/p>\n<h3>4. Modera\u021bie puternic\u0103<\/h3>\n<p>Platformele ar trebui s\u0103 dispun\u0103 de instrumente de raportare, blocare \u0219i men\u021binere a siguran\u021bei spa\u021biului.<\/p>\n<h3>5. Experien\u021b\u0103 prietenoas\u0103 pentru mobil<\/h3>\n<p>Asigura\u021bi-v\u0103 c\u0103 platforma func\u021bioneaz\u0103 bine at\u00e2t pe telefoane, c\u00e2t \u0219i pe desktop-uri.<\/p>\n<h3>6. Video \u0219i audio de \u00eenalt\u0103 calitate<\/h3>\n<p>Conexiunile clare \u0219i fluide fac conversa\u021bia mai pl\u0103cut\u0103.<\/p>\n<h2>Cele mai bune platforme pentru a vorbi cu str\u0103inii prin apel video \u00een 2025<\/h2>\n<p>Iat\u0103 o compara\u021bie a celor mai importante platforme pentru apeluri video str\u0103ine:<\/p>\n<table>\n<thead>\n<tr>\n<th>Platform\u0103<\/th>\n<th align=\"center\">Acces gratuit<\/th>\n<th align=\"center\">Filtru de gen<\/th>\n<th align=\"center\">\u00cenregistrare necesar\u0103<\/th>\n<th align=\"center\">Asisten\u021b\u0103 mobil\u0103<\/th>\n<th align=\"center\">Modera\u021bie<\/th>\n<th>Note<\/th>\n<\/tr>\n<\/thead>\n<tbody>\n<tr>\n<td>StrangerCam<\/td>\n<td align=\"center\">\u2705<\/td>\n<td align=\"center\">\u2705 (Gratuit)<\/td>\n<td align=\"center\">\u274c<\/td>\n<td align=\"center\">\u2705<\/td>\n<td align=\"center\">\u2705<\/td>\n<td>Cea mai bun\u0103 alegere general\u0103, cu adev\u0103rat gratuit\u0103<\/td>\n<\/tr>\n<tr>\n<td>Chatroulette<\/td>\n<td align=\"center\">\u2705<\/td>\n<td align=\"center\">\u274c (pl\u0103tit)<\/td>\n<td align=\"center\">\u274c<\/td>\n<td align=\"center\">\u2705<\/td>\n<td align=\"center\">\u2705<\/td>\n<td>Clasic, dar filtre de gen blocate<\/td>\n<\/tr>\n<tr>\n<td>Chatrandom<\/td>\n<td align=\"center\">\u2705<\/td>\n<td align=\"center\">\u274c (pl\u0103tit)<\/td>\n<td align=\"center\">\u274c<\/td>\n<td align=\"center\">\u2705<\/td>\n<td align=\"center\">\u2705<\/td>\n<td>Baz\u0103 mare de utilizatori, filtre premium<\/td>\n<\/tr>\n<tr>\n<td><a href=\"https:\/\/strangercam.com\/ro\/ometv\/\">OmeTV<\/a><\/td>\n<td align=\"center\">\u2705<\/td>\n<td align=\"center\">\u274c<\/td>\n<td align=\"center\">\u274c<\/td>\n<td align=\"center\">\u2705<\/td>\n<td align=\"center\">\u2705<\/td>\n<td>Doar aleatoriu, aplica\u021bie mobil\u0103 disponibil\u0103<\/td>\n<\/tr>\n<tr>\n<td>Shagle<\/td>\n<td align=\"center\">\u2705<\/td>\n<td align=\"center\">\u274c (pl\u0103tit)<\/td>\n<td align=\"center\">\u274c<\/td>\n<td align=\"center\">\u2705<\/td>\n<td align=\"center\">\u2705<\/td>\n<td>Acces gratuit, dar filtre cu plat\u0103<\/td>\n<\/tr>\n<tr>\n<td><a href=\"https:\/\/strangercam.com\/ro\/coomeet\/\">CooMeet<\/a><\/td>\n<td align=\"center\">\u274c (Trial)<\/td>\n<td align=\"center\">\u2705<\/td>\n<td align=\"center\">\u2705<\/td>\n<td align=\"center\">\u2705<\/td>\n<td align=\"center\">\u2705<\/td>\n<td>Pl\u0103tit dup\u0103 un test gratuit limitat<\/td>\n<\/tr>\n<tr>\n<td>LuckyCrush<\/td>\n<td align=\"center\">\u274c<\/td>\n<td align=\"center\">\u2705<\/td>\n<td align=\"center\">\u2705<\/td>\n<td align=\"center\">\u2705<\/td>\n<td align=\"center\">\u2705<\/td>\n<td>Conversa\u021bii \u00eentotdeauna pl\u0103tite, bazate pe gen<\/td>\n<\/tr>\n<\/tbody>\n<\/table>\n<p>Printre acestea, StrangerCam este una dintre singurele platforme care ofer\u0103 apeluri video gratuite \u0219i nelimitate cu str\u0103ini, cu un filtru de gen real \u0219i f\u0103r\u0103 \u00eenscriere.<\/p>\n<h2>De ce StrangerCam este cea mai bun\u0103 alegere<\/h2>\n<p>StrangerCam se remarc\u0103 \u00een 2025 ca fiind una dintre cele mai de \u00eencredere modalit\u0103\u021bi de a vorbi cu str\u0103inii prin apel video. Iat\u0103 de ce:<\/p>\n<h3>1. Complet gratuit<\/h3>\n<p>F\u0103r\u0103 costuri ascunse, teste sau sisteme de creditare.<\/p>\n<h3>2. Filtru de gen gratuit<\/h3>\n<p>Spre deosebire de majoritatea concuren\u021bilor, StrangerCam v\u0103 permite s\u0103 alege\u021bi cu cine dori\u021bi s\u0103 v\u0103 \u00eent\u00e2lni\u021bi, f\u0103r\u0103 s\u0103 pl\u0103ti\u021bi.<\/p>\n<h3>3. F\u0103r\u0103 \u00eenscriere sau \u00eenregistrare<\/h3>\n<p>R\u0103m\u00e2ne\u021bi anonim \u0219i \u00eencepe\u021bi s\u0103 discuta\u021bi instantaneu.<\/p>\n<h3>4. Sigur \u0219i moderat<\/h3>\n<p>Func\u021biile puternice de raportare \u0219i moderarea live fac mediul mai sigur.<\/p>\n<h3>5. Baza global\u0103 de utilizatori<\/h3>\n<p>Str\u0103ini din peste 100 de \u021b\u0103ri sunt online 24\/7.<\/p>\n<h3>6. Optimizat pentru toate dispozitivele<\/h3>\n<p>Func\u021bioneaz\u0103 perfect at\u00e2t pe mobil, c\u00e2t \u0219i pe desktop.<\/p>\n<h2>Testimoniale reale ale utilizatorilor<\/h2>\n<blockquote><p><em>\"Am vrut un loc unde s\u0103 vorbesc cu str\u0103inii prin apel video f\u0103r\u0103 s\u0103 fiu obligat s\u0103 pl\u0103tesc. StrangerCam a fost prima platform\u0103 care era cu adev\u0103rat gratuit\u0103.\"<\/em><br \/>\n- Jake, 26 de ani<\/p><\/blockquote>\n<blockquote><p><em>\"Se simte mai sigur dec\u00e2t alte site-uri pe care le-am \u00eencercat. Pot bloca \u0219i s\u0103ri peste oameni instantaneu dac\u0103 nu m\u0103 simt confortabil.\"<\/em><br \/>\n- Leah, 23 de ani<\/p><\/blockquote>\n<blockquote><p><em>\"Filtrul de gen func\u021bioneaz\u0103 f\u0103r\u0103 a pl\u0103ti suplimentar, ceea ce este rar \u00een zilele noastre.\"<\/em><br \/>\n- Marcus, 29 de ani<\/p><\/blockquote>\n<blockquote><p><em>\"Rapid, simplu \u0219i distractiv. Mi-am f\u0103cut deja prieteni din trei \u021b\u0103ri diferite.\"<\/em><br \/>\n- Sophia, 21 de ani<\/p><\/blockquote>\n<h2>Sfaturi de siguran\u021b\u0103 pentru discu\u021biile cu str\u0103inii prin apel video<\/h2>\n<p>\u00cen timp ce apelurile video ale str\u0103inilor sunt distractive, siguran\u021ba este important\u0103:<\/p>\n<ul>\n<li>Nu divulga\u021bi niciodat\u0103 detalii personale (num\u0103r de telefon, adres\u0103, e-mail).<\/li>\n<li>Evita\u021bi s\u0103 face\u021bi clic pe linkuri trimise de necunoscu\u021bi.<\/li>\n<li>Utiliza\u021bi butonul \"Urm\u0103torul\" dac\u0103 nu v\u0103 sim\u021bi\u021bi confortabil.<\/li>\n<li>Verific\u0103-\u021bi trecutul pentru a evita dezv\u0103luirea de detalii private.<\/li>\n<li>R\u0103m\u00e2ne\u021bi la instrumentele platformei pentru blocare \u0219i raportare.<\/li>\n<li>Respecta\u021bi regulile de v\u00e2rst\u0103 - dac\u0103 ave\u021bi sub 18 ani, nu utiliza\u021bi platforme pentru adul\u021bi.<\/li>\n<\/ul>\n<h2>Cum s\u0103 \u00eencepe\u021bi - pas cu pas<\/h2>\n<p>\u00cenceperea unui apel video cu un necunoscut dureaz\u0103 mai pu\u021bin de un minut:<\/p>\n<ol>\n<li>Deschide\u021bi StrangerCam pe browserul sau dispozitivul dvs.<\/li>\n<li>Permite\u021bi accesul la camera web \u0219i la microfon.<\/li>\n<li>Alege\u021bi preferin\u021be (cum ar fi filtre de gen).<\/li>\n<li>Face\u021bi clic pe Start Chat pentru a v\u0103 conecta instantaneu.<\/li>\n<li>Vorbi\u021bi cu str\u0103inii fa\u021b\u0103 \u00een fa\u021b\u0103 \u0219i face\u021bi clic pe Urm\u0103torul oric\u00e2nd pentru o nou\u0103 discu\u021bie.<\/li>\n<\/ol>\n<p>Rapid, u\u0219or \u0219i complet gratuit.<\/p>\n<h2>\u00centreb\u0103ri frecvente<\/h2>\n<h3>Este \u00eentr-adev\u0103r gratuit s\u0103 vorbe\u0219ti cu str\u0103inii prin apel video?<\/h3>\n<p>Da. StrangerCam ofer\u0103 apeluri video nelimitate cu str\u0103ini, f\u0103r\u0103 costuri ascunse.<\/p>\n<h3>Trebuie s\u0103 m\u0103 \u00eenregistrez?<\/h3>\n<p>Nu. StrangerCam nu necesit\u0103 \u00eenscrieri sau conturi.<\/p>\n<h3>Sunt oamenii reali?<\/h3>\n<p>Da. Live video v\u0103 asigur\u0103 c\u0103 vorbi\u021bi cu oameni reali, nu cu robo\u021bi.<\/p>\n<h3>\u00cel pot folosi pe telefon?<\/h3>\n<p>Da. StrangerCam este complet mobil-friendly.<\/p>\n<h3>Este sigur?<\/h3>\n<p>Da, at\u00e2ta timp c\u00e2t urma\u021bi sfaturile de siguran\u021b\u0103 \u0219i folosi\u021bi instrumentele de moderare ale StrangerCam.<\/p>\n<h2>G\u00e2nduri finale - \u00cencerca\u021bi ast\u0103zi apelurile video gratuite c\u0103tre str\u0103ini<\/h2>\n<p>\u00cen 2025, una dintre cele mai simple \u0219i mai distractive modalit\u0103\u021bi de a cunoa\u0219te oameni noi este s\u0103 vorbe\u0219ti cu str\u0103inii prin apel video. Este spontan, gratuit \u0219i v\u0103 ofer\u0103 conexiuni reale \u00een c\u00e2teva secunde.<\/p>\n<p>Dar nu toate platformele ofer\u0103 rezultate. Multe site-uri ascund filtre de gen \u00een spatele zidurilor de plat\u0103 sau \u00ee\u0219i umplu comunit\u0103\u021bile cu robo\u021bi. De aceea, StrangerCam este cea mai bun\u0103 alegere: este gratuit, sigur, anonim \u0219i plin de utilizatori globali gata s\u0103 v\u0103 cunoasc\u0103.<\/p>\n<p>E\u0219ti gata s\u0103 te conectezi? \u00cencepe\u021bi ast\u0103zi un apel video gratuit cu persoane necunoscute \u0219i vede\u021bi cu cine v\u0103 ve\u021bi \u00eent\u00e2lni \u00een continuare.<\/p>","protected":false},"excerpt":{"rendered":"<p>Have you been searching for a way to talk to strangers video call style? You\u2019re not alone. Since the rise of random chat platforms like Omegle, Chatroulette, and their modern successors, millions of people have turned to live video calls with strangers to make new friends, enjoy casual conversations, or simply beat boredom. Today, platforms [&hellip;]<\/p>\n","protected":false},"author":8,"featured_media":0,"parent":0,"menu_order":0,"comment_status":"closed","ping_status":"closed","template":"","meta":{"footnotes":""},"class_list":["post-3918","page","type-page","status-publish","hentry"],"yoast_head":"<!-- This site is optimized with the Yoast SEO plugin v27.4 - https:\/\/yoast.com\/product\/yoast-seo-wordpress\/ -->\n<title>Talk to Strangers Video Call on Strangercam.com<\/title>\n<meta name=\"description\" content=\"Liking Talk to Strangers Video Call? Join millions on StrangerCam.com! Start a random video chat, turn on your cam, and meet strangers instantly.\" \/>\n<meta name=\"robots\" content=\"index, follow, max-snippet:-1, max-image-preview:large, max-video-preview:-1\" \/>\n<link rel=\"canonical\" href=\"https:\/\/strangercam.com\/ro\/vorbiti-cu-strainii-apel-video\/\" \/>\n<meta property=\"og:locale\" content=\"ro_RO\" \/>\n<meta property=\"og:type\" content=\"article\" \/>\n<meta property=\"og:title\" content=\"Talk to Strangers Video Call on Strangercam.com\" \/>\n<meta property=\"og:description\" content=\"Liking Talk to Strangers Video Call? Join millions on StrangerCam.com! Start a random video chat, turn on your cam, and meet strangers instantly.\" \/>\n<meta property=\"og:url\" content=\"https:\/\/strangercam.com\/ro\/vorbiti-cu-strainii-apel-video\/\" \/>\n<meta property=\"og:site_name\" content=\"Strangercam\" \/>\n<meta property=\"article:publisher\" content=\"https:\/\/www.facebook.com\/strangercam\" \/>\n<meta property=\"article:modified_time\" content=\"2025-09-03T11:31:29+00:00\" \/>\n<meta property=\"og:image\" content=\"https:\/\/strangercam.com\/wp-content\/uploads\/2021\/10\/Untitled-2.png\" \/>\n\t<meta property=\"og:image:width\" content=\"800\" \/>\n\t<meta property=\"og:image:height\" content=\"532\" \/>\n\t<meta property=\"og:image:type\" content=\"image\/png\" \/>\n<meta name=\"twitter:card\" content=\"summary_large_image\" \/>\n<meta name=\"twitter:site\" content=\"@strangercamapp\" \/>\n<meta name=\"twitter:label1\" content=\"Timp estimat pentru citire\" \/>\n\t<meta name=\"twitter:data1\" content=\"5 minute\" \/>\n<script type=\"application\/ld+json\" class=\"yoast-schema-graph\">{\"@context\":\"https:\\\/\\\/schema.org\",\"@graph\":[{\"@type\":\"WebPage\",\"@id\":\"https:\\\/\\\/strangercam.com\\\/talk-to-strangers-video-call\\\/\",\"url\":\"https:\\\/\\\/strangercam.com\\\/talk-to-strangers-video-call\\\/\",\"name\":\"Talk to Strangers Video Call on Strangercam.com\",\"isPartOf\":{\"@id\":\"https:\\\/\\\/strangercam.com\\\/#website\"},\"datePublished\":\"2025-08-28T15:12:57+00:00\",\"dateModified\":\"2025-09-03T11:31:29+00:00\",\"description\":\"Liking Talk to Strangers Video Call? Join millions on StrangerCam.com! Start a random video chat, turn on your cam, and meet strangers instantly.\",\"breadcrumb\":{\"@id\":\"https:\\\/\\\/strangercam.com\\\/talk-to-strangers-video-call\\\/#breadcrumb\"},\"inLanguage\":\"ro-RO\",\"potentialAction\":[{\"@type\":\"ReadAction\",\"target\":[\"https:\\\/\\\/strangercam.com\\\/talk-to-strangers-video-call\\\/\"]}]},{\"@type\":\"BreadcrumbList\",\"@id\":\"https:\\\/\\\/strangercam.com\\\/talk-to-strangers-video-call\\\/#breadcrumb\",\"itemListElement\":[{\"@type\":\"ListItem\",\"position\":1,\"name\":\"Home\",\"item\":\"https:\\\/\\\/strangercam.com\\\/\"},{\"@type\":\"ListItem\",\"position\":2,\"name\":\"Talk to Strangers Video Call\"}]},{\"@type\":\"WebSite\",\"@id\":\"https:\\\/\\\/strangercam.com\\\/#website\",\"url\":\"https:\\\/\\\/strangercam.com\\\/\",\"name\":\"Strangercam\",\"description\":\"Random Video Chat with Strangers\",\"publisher\":{\"@id\":\"https:\\\/\\\/strangercam.com\\\/#organization\"},\"alternateName\":\"Strangercam.com\",\"potentialAction\":[{\"@type\":\"SearchAction\",\"target\":{\"@type\":\"EntryPoint\",\"urlTemplate\":\"https:\\\/\\\/strangercam.com\\\/?s={search_term_string}\"},\"query-input\":{\"@type\":\"PropertyValueSpecification\",\"valueRequired\":true,\"valueName\":\"search_term_string\"}}],\"inLanguage\":\"ro-RO\"},{\"@type\":\"Organization\",\"@id\":\"https:\\\/\\\/strangercam.com\\\/#organization\",\"name\":\"Strangercam\",\"alternateName\":\"Strangercam.com\",\"url\":\"https:\\\/\\\/strangercam.com\\\/\",\"logo\":{\"@type\":\"ImageObject\",\"inLanguage\":\"ro-RO\",\"@id\":\"https:\\\/\\\/strangercam.com\\\/#\\\/schema\\\/logo\\\/image\\\/\",\"url\":\"https:\\\/\\\/strangercam.com\\\/wp-content\\\/uploads\\\/2020\\\/11\\\/cropped-new-favicon-black.png\",\"contentUrl\":\"https:\\\/\\\/strangercam.com\\\/wp-content\\\/uploads\\\/2020\\\/11\\\/cropped-new-favicon-black.png\",\"width\":512,\"height\":512,\"caption\":\"Strangercam\"},\"image\":{\"@id\":\"https:\\\/\\\/strangercam.com\\\/#\\\/schema\\\/logo\\\/image\\\/\"},\"sameAs\":[\"https:\\\/\\\/www.facebook.com\\\/strangercam\",\"https:\\\/\\\/x.com\\\/strangercamapp\"]}]}<\/script>\n<!-- \/ Yoast SEO plugin. -->","yoast_head_json":{"title":"Apel video Talk to Strangers pe Strangercam.com","description":"\u00ce\u021bi place Talk to Strangers Video Call? Join milioane pe StrangerCam.com! \u00cencepe un chat video aleatoriu, porne\u0219te-\u021bi camera \u0219i \u00eent\u00e2lne\u0219te str\u0103ini instantaneu.","robots":{"index":"index","follow":"follow","max-snippet":"max-snippet:-1","max-image-preview":"max-image-preview:large","max-video-preview":"max-video-preview:-1"},"canonical":"https:\/\/strangercam.com\/ro\/vorbiti-cu-strainii-apel-video\/","og_locale":"ro_RO","og_type":"article","og_title":"Talk to Strangers Video Call on Strangercam.com","og_description":"Liking Talk to Strangers Video Call? Join millions on StrangerCam.com! Start a random video chat, turn on your cam, and meet strangers instantly.","og_url":"https:\/\/strangercam.com\/ro\/vorbiti-cu-strainii-apel-video\/","og_site_name":"Strangercam","article_publisher":"https:\/\/www.facebook.com\/strangercam","article_modified_time":"2025-09-03T11:31:29+00:00","og_image":[{"width":800,"height":532,"url":"https:\/\/strangercam.com\/wp-content\/uploads\/2021\/10\/Untitled-2.png","type":"image\/png"}],"twitter_card":"summary_large_image","twitter_site":"@strangercamapp","twitter_misc":{"Timp estimat pentru citire":"5 minute"},"schema":{"@context":"https:\/\/schema.org","@graph":[{"@type":"WebPage","@id":"https:\/\/strangercam.com\/talk-to-strangers-video-call\/","url":"https:\/\/strangercam.com\/talk-to-strangers-video-call\/","name":"Apel video Talk to Strangers pe Strangercam.com","isPartOf":{"@id":"https:\/\/strangercam.com\/#website"},"datePublished":"2025-08-28T15:12:57+00:00","dateModified":"2025-09-03T11:31:29+00:00","description":"\u00ce\u021bi place Talk to Strangers Video Call? Join milioane pe StrangerCam.com! \u00cencepe un chat video aleatoriu, porne\u0219te-\u021bi camera \u0219i \u00eent\u00e2lne\u0219te str\u0103ini instantaneu.","breadcrumb":{"@id":"https:\/\/strangercam.com\/talk-to-strangers-video-call\/#breadcrumb"},"inLanguage":"ro-RO","potentialAction":[{"@type":"ReadAction","target":["https:\/\/strangercam.com\/talk-to-strangers-video-call\/"]}]},{"@type":"BreadcrumbList","@id":"https:\/\/strangercam.com\/talk-to-strangers-video-call\/#breadcrumb","itemListElement":[{"@type":"ListItem","position":1,"name":"Home","item":"https:\/\/strangercam.com\/"},{"@type":"ListItem","position":2,"name":"Talk to Strangers Video Call"}]},{"@type":"WebSite","@id":"https:\/\/strangercam.com\/#website","url":"https:\/\/strangercam.com\/","name":"Strangercam","description":"Chat video aleatoriu cu str\u0103ini","publisher":{"@id":"https:\/\/strangercam.com\/#organization"},"alternateName":"Strangercam.com","potentialAction":[{"@type":"SearchAction","target":{"@type":"EntryPoint","urlTemplate":"https:\/\/strangercam.com\/?s={search_term_string}"},"query-input":{"@type":"PropertyValueSpecification","valueRequired":true,"valueName":"search_term_string"}}],"inLanguage":"ro-RO"},{"@type":"Organization","@id":"https:\/\/strangercam.com\/#organization","name":"Strangercam","alternateName":"Strangercam.com","url":"https:\/\/strangercam.com\/","logo":{"@type":"ImageObject","inLanguage":"ro-RO","@id":"https:\/\/strangercam.com\/#\/schema\/logo\/image\/","url":"https:\/\/strangercam.com\/wp-content\/uploads\/2020\/11\/cropped-new-favicon-black.png","contentUrl":"https:\/\/strangercam.com\/wp-content\/uploads\/2020\/11\/cropped-new-favicon-black.png","width":512,"height":512,"caption":"Strangercam"},"image":{"@id":"https:\/\/strangercam.com\/#\/schema\/logo\/image\/"},"sameAs":["https:\/\/www.facebook.com\/strangercam","https:\/\/x.com\/strangercamapp"]}]}},"_links":{"self":[{"href":"https:\/\/strangercam.com\/ro\/wp-json\/wp\/v2\/pages\/3918","targetHints":{"allow":["GET"]}}],"collection":[{"href":"https:\/\/strangercam.com\/ro\/wp-json\/wp\/v2\/pages"}],"about":[{"href":"https:\/\/strangercam.com\/ro\/wp-json\/wp\/v2\/types\/page"}],"author":[{"embeddable":true,"href":"https:\/\/strangercam.com\/ro\/wp-json\/wp\/v2\/users\/8"}],"replies":[{"embeddable":true,"href":"https:\/\/strangercam.com\/ro\/wp-json\/wp\/v2\/comments?post=3918"}],"version-history":[{"count":2,"href":"https:\/\/strangercam.com\/ro\/wp-json\/wp\/v2\/pages\/3918\/revisions"}],"predecessor-version":[{"id":12977,"href":"https:\/\/strangercam.com\/ro\/wp-json\/wp\/v2\/pages\/3918\/revisions\/12977"}],"wp:attachment":[{"href":"https:\/\/strangercam.com\/ro\/wp-json\/wp\/v2\/media?parent=3918"}],"curies":[{"name":"wp","href":"https:\/\/api.w.org\/{rel}","templated":true}]}}