{"id":3634,"date":"2025-08-18T13:16:01","date_gmt":"2025-08-18T11:16:01","guid":{"rendered":"https:\/\/strangercam.com\/?page_id=3634"},"modified":"2025-08-18T14:15:47","modified_gmt":"2025-08-18T12:15:47","slug":"apel-video-aleatoriu","status":"publish","type":"page","link":"https:\/\/strangercam.com\/ro\/apel-video-aleatoriu\/","title":{"rendered":"Apel video aleatoriu"},"content":{"rendered":"<p>A\u021bi c\u0103utat cea mai bun\u0103 modalitate de a v\u0103 bucura de un apel video aleatoriu? Nu sunte\u021bi singur. Milioane de oameni din \u00eentreaga lume folosesc zilnic platformele de apeluri video aleatorii pentru a \u00eent\u00e2lni str\u0103ini, a-\u0219i face noi prieteni, a flirta sau pur \u0219i simplu a petrece timpul. Spre deosebire de social media sau de aplica\u021biile de \u00eent\u00e2lniri, unde conversa\u021biile pot p\u0103rea for\u021bate sau lente, apelurile video aleatorii sunt instantanee, spontane \u0219i reale.<\/p>\n<p>Cu ajutorul unor platforme precum StrangerCam, pute\u021bi \u00eencepe un apel video aleatoriu gratuit chiar acum - f\u0103r\u0103 \u00eenscrieri, f\u0103r\u0103 desc\u0103rc\u0103ri \u0219i f\u0103r\u0103 taxe ascunse. Este una dintre cele mai simple modalit\u0103\u021bi de a intra \u00een contact cu oameni fa\u021b\u0103 \u00een fa\u021b\u0103, de oriunde din lume, \u00een orice moment.<\/p>\n<p>Acest ghid va explica tot ce trebuie s\u0103 \u0219ti\u021bi despre apelurile video aleatorii: cum func\u021bioneaz\u0103, de ce au devenit at\u00e2t de populare, cele mai bune caracteristici pe care trebuie s\u0103 le c\u0103uta\u021bi, compara\u021bii \u00eentre platformele de top, sfaturi de siguran\u021b\u0103 \u0219i de ce StrangerCam se remarc\u0103 ca fiind una dintre cele mai bune alegeri \u00een 2025.<\/p>\n<h2>Ce este un apel video aleatoriu?<\/h2>\n<p>Un apel video aleatoriu este o func\u021bie online care v\u0103 conecteaz\u0103 instantaneu cu un str\u0103in prin intermediul camerei web \u0219i al sunetului live. Nu \u0219tii cu cine te vei \u00eent\u00e2lni p\u00e2n\u0103 c\u00e2nd nu e\u0219ti conectat - poate fi cineva din apropiere sau cineva aflat la mii de kilometri distan\u021b\u0103.<\/p>\n<p>Frumuse\u021bea apelurilor video aleatorii const\u0103 \u00een imprevizibilitatea lor. Fiecare <a href=\"https:\/\/strangercam.com\/ro\/chathub\/\">chat<\/a> este unic. S-ar putea s\u0103 v\u0103 \u00eent\u00e2lni\u021bi cu un prieten nou, s\u0103 r\u00e2de\u021bi \u00eempreun\u0103 cu o persoan\u0103 din \u00eentreaga lume sau doar s\u0103 purta\u021bi o conversa\u021bie amuzant\u0103 de dou\u0103 minute \u00eenainte de a da clic pe \u201cUrm\u0103torul\u201d pentru a \u00eencerca din nou.<\/p>\n<h2>De ce iubesc oamenii apelurile video gratuite aleatorii<\/h2>\n<p>Popularitatea apelurilor video gratuite aleatorii a crescut masiv \u00een ultimul deceniu. Iat\u0103 de ce:<\/p>\n<ul>\n<li>Distrac\u021bie spontan\u0103 - Fiecare apel este o surpriz\u0103, men\u021bin\u00e2nd experien\u021ba captivant\u0103.<\/li>\n<li>Conexiuni reale - Spre deosebire de chat-ul text, video-ul live arat\u0103 persoana real\u0103, nu un profil personalizat sau un cont fals.<\/li>\n<li>F\u0103r\u0103 angajamente - Nu este nevoie de \u00eenregistrare, \u00eenscrieri lungi sau biografii detaliate. Doar face\u021bi clic \u0219i pleca\u021bi.<\/li>\n<li>Acces mondial - Face\u021bi cuno\u0219tin\u021b\u0103 instantaneu cu persoane din culturi \u0219i medii diferite.<\/li>\n<li>Perfect pentru plictiseal\u0103 - O modalitate rapid\u0103 de a sc\u0103pa de rutin\u0103 \u0219i de a st\u00e2rni noi conversa\u021bii.<\/li>\n<li>Prietenie sau flirt - Unii oameni \u00eel folosesc pentru a-\u0219i face noi prieteni; al\u021bii se bucur\u0103 de flirturi u\u0219oare, ocazionale.<\/li>\n<\/ul>\n<h2>Cum func\u021bioneaz\u0103 apelurile video aleatorii?<\/h2>\n<p>Utilizarea unui serviciu de apeluri video aleatorii este rapid\u0103 \u0219i simpl\u0103:<\/p>\n<ol>\n<li>Deschide\u021bi platforma (browser desktop sau mobil).<\/li>\n<li>Permite\u021bi accesul la camer\u0103 \u0219i microfon atunci c\u00e2nd vi se solicit\u0103.<\/li>\n<li>Face\u021bi clic pe \"Start Call.\" Ve\u021bi fi conectat instantaneu cu un str\u0103in aleatoriu.<\/li>\n<li>Discuta\u021bi fa\u021b\u0103 \u00een fa\u021b\u0103. Dac\u0103 nu v\u0103 place conversa\u021bia, ap\u0103sa\u021bi \"Urm\u0103torul\" pentru a trece mai departe.<\/li>\n<li>Repeta\u021bi c\u00e2t de mult dori\u021bi. Majoritatea serviciilor sunt gratuite \u0219i nelimitate.<\/li>\n<\/ol>\n<p>Unele platforme ofer\u0103, de asemenea, filtre de gen, preferin\u021be de loca\u021bie \u0219i chiar instrumente de traducere automat\u0103 pentru conversa\u021biile interna\u021bionale.<\/p>\n<h2>Caracteristici de top pe care trebuie s\u0103 le c\u0103uta\u021bi la o platform\u0103 de apeluri video aleatorii<\/h2>\n<p>Nu toate site-urile de apeluri video aleatorii sunt la fel. Iat\u0103 ce ar trebui s\u0103 c\u0103uta\u021bi:<\/p>\n<h3>1. Acces cu adev\u0103rat liber<\/h3>\n<p>Multe site-uri pretind c\u0103 sunt gratuite, dar v\u0103 \u00eemping rapid c\u0103tre ziduri cu plat\u0103. Cele mai bune platforme sunt cu adev\u0103rat gratuite.<\/p>\n<h3>2. Nu este necesar\u0103 \u00eenscrierea<\/h3>\n<p>Evita\u021bi platformele care v\u0103 oblig\u0103 s\u0103 v\u0103 \u00eenregistra\u021bi sau s\u0103 partaja\u021bi informa\u021bii personale.<\/p>\n<h3>3. Filtre de gen \u0219i loca\u021bie<\/h3>\n<p>Dac\u0103 dori\u021bi mai mult control asupra persoanei cu care vorbi\u021bi, filtrele fac experien\u021ba mai u\u0219oar\u0103.<\/p>\n<h3>4. Modera\u021bie sigur\u0103<\/h3>\n<p>Instrumente puternice de raportare \u0219i moderare v\u0103 protejeaz\u0103 de spam, robo\u021bi \u0219i comportament inadecvat.<\/p>\n<h3>5. Design prietenos cu mobilul<\/h3>\n<p>O platform\u0103 bun\u0103 ar trebui s\u0103 func\u021bioneze la fel de bine pe telefon ca \u0219i pe computer.<\/p>\n<h3>6. Video \u0219i audio de \u00eenalt\u0103 calitate<\/h3>\n<p>O imagine video clar\u0103 \u0219i f\u0103r\u0103 \u00eent\u00e2rzieri este esen\u021bial\u0103 pentru o conversa\u021bie pl\u0103cut\u0103.<\/p>\n<h2>Cele mai bune platforme de apeluri video aleatorii \u00een 2025<\/h2>\n<p>Iat\u0103 o compara\u021bie a unora dintre cele mai populare site-uri pentru apeluri video aleatorii:<\/p>\n<table>\n<thead>\n<tr>\n<th>Platform\u0103<\/th>\n<th align=\"center\">Acces gratuit<\/th>\n<th align=\"center\">Filtru de gen<\/th>\n<th align=\"center\">\u00cenregistrare necesar\u0103<\/th>\n<th align=\"center\">Asisten\u021b\u0103 mobil\u0103<\/th>\n<th align=\"center\">Modera\u021bie<\/th>\n<th>Note<\/th>\n<\/tr>\n<\/thead>\n<tbody>\n<tr>\n<td>StrangerCam<\/td>\n<td align=\"center\">\u2705<\/td>\n<td align=\"center\">\u2705 (Gratuit)<\/td>\n<td align=\"center\">\u274c<\/td>\n<td align=\"center\">\u2705<\/td>\n<td align=\"center\">\u2705<\/td>\n<td>Cea mai bun\u0103 alegere general\u0103, cu adev\u0103rat gratuit\u0103<\/td>\n<\/tr>\n<tr>\n<td><a href=\"https:\/\/strangercam.com\/ro\/chatroulette\/\">Chatroulette<\/a><\/td>\n<td align=\"center\">\u2705<\/td>\n<td align=\"center\">\u274c (pl\u0103tit)<\/td>\n<td align=\"center\">\u274c<\/td>\n<td align=\"center\">\u2705<\/td>\n<td align=\"center\">\u2705<\/td>\n<td>Op\u021biune clasic\u0103, dar filtre cu plat\u0103<\/td>\n<\/tr>\n<tr>\n<td>Chatrandom<\/td>\n<td align=\"center\">\u2705<\/td>\n<td align=\"center\">\u274c (pl\u0103tit)<\/td>\n<td align=\"center\">\u274c<\/td>\n<td align=\"center\">\u2705<\/td>\n<td align=\"center\">\u2705<\/td>\n<td>Popular, dar filtre blocate \u00een spatele pl\u0103\u021bii<\/td>\n<\/tr>\n<tr>\n<td><a href=\"https:\/\/strangercam.com\/ro\/ometv\/\">OmeTV<\/a><\/td>\n<td align=\"center\">\u2705<\/td>\n<td align=\"center\">\u274c<\/td>\n<td align=\"center\">\u274c<\/td>\n<td align=\"center\">\u2705<\/td>\n<td align=\"center\">\u2705<\/td>\n<td>Aplica\u021bie mobil\u0103, doar potrivire aleatorie<\/td>\n<\/tr>\n<tr>\n<td>Shagle<\/td>\n<td align=\"center\">\u2705<\/td>\n<td align=\"center\">\u274c (pl\u0103tit)<\/td>\n<td align=\"center\">\u274c<\/td>\n<td align=\"center\">\u2705<\/td>\n<td align=\"center\">\u2705<\/td>\n<td>Multe caracteristici blocate \u00een versiunea premium<\/td>\n<\/tr>\n<tr>\n<td><a href=\"https:\/\/strangercam.com\/ro\/coomeet\/\">CooMeet<\/a><\/td>\n<td align=\"center\">\u274c (Trial)<\/td>\n<td align=\"center\">\u2705<\/td>\n<td align=\"center\">\u2705<\/td>\n<td align=\"center\">\u2705<\/td>\n<td align=\"center\">\u2705<\/td>\n<td>Pl\u0103tit dup\u0103 un test gratuit limitat<\/td>\n<\/tr>\n<tr>\n<td>LuckyCrush<\/td>\n<td align=\"center\">\u274c<\/td>\n<td align=\"center\">\u2705<\/td>\n<td align=\"center\">\u2705<\/td>\n<td align=\"center\">\u2705<\/td>\n<td align=\"center\">\u2705<\/td>\n<td>\u00centotdeauna pl\u0103tit, doar chat pe criterii de gen<\/td>\n<\/tr>\n<\/tbody>\n<\/table>\n<p>StrangerCam este una dintre pu\u021binele platforme care ofer\u0103 apeluri video aleatorii gratuite cu un filtru de gen func\u021bional, f\u0103r\u0103 \u00eenregistrare \u0219i utilizare nelimitat\u0103.<\/p>\n<h2>De ce StrangerCam este cel mai bun loc pentru apeluri video aleatorii<\/h2>\n<p>StrangerCam a devenit rapid una dintre cele mai de \u00eencredere alegeri pentru persoanele care caut\u0103 apeluri video aleatorii. Iat\u0103 de ce:<\/p>\n<h3>1. Complet gratuit<\/h3>\n<p>Apeluri video aleatorii nelimitate, f\u0103r\u0103 costuri ascunse.<\/p>\n<h3>2. Filtru de gen gratuit<\/h3>\n<p>Alege pe cine vrei s\u0103 cuno\u0219ti - b\u0103rbat, femeie sau am\u00e2ndoi - f\u0103r\u0103 s\u0103 pl\u0103te\u0219ti.<\/p>\n<h3>3. F\u0103r\u0103 \u00eenscriere sau \u00eenregistrare<\/h3>\n<p>R\u0103m\u00e2i anonim. Doar face\u021bi clic \u0219i discuta\u021bi instantaneu.<\/p>\n<h3>4. Sigur \u0219i moderat<\/h3>\n<p>Instrumentele de raportare activ\u0103 \u0219i sistemele de moderare \u021bin la distan\u021b\u0103 robo\u021bii \u0219i utilizatorii nepotrivi\u021bi.<\/p>\n<h3>5. Baza global\u0103 de utilizatori<\/h3>\n<p>Oameni din \u00eentreaga lume sunt online 24\/7, asigur\u00e2nd o experien\u021b\u0103 nou\u0103 de fiecare dat\u0103.<\/p>\n<h3>6. Mobil-Friendly<\/h3>\n<p>Optimizat pentru telefoane, tablete \u0219i computere pentru apeluri video fluide oriunde.<\/p>\n<h2>Testimoniale reale ale utilizatorilor<\/h2>\n<blockquote><p><em>\"Am \u00eencercat \u0219i alte site-uri, dar StrangerCam este singurul \u00een care apelurile video aleatorii au fost de fapt gratuite, f\u0103r\u0103 taxe ascunse.\"<\/em><br \/>\n- Jason, 26 de ani<\/p><\/blockquote>\n<blockquote><p><em>\"Filtrul de gen func\u021bioneaz\u0103 \u0219i nu a trebuit s\u0103 pl\u0103tesc pentru el. \u00cen sf\u00e2r\u0219it, o platform\u0103 care face ceea ce spune!\"<\/em><br \/>\n- Emily, 23 de ani<\/p><\/blockquote>\n<blockquote><p><em>\"Am intrat \u00een contact cu oameni din cinci \u021b\u0103ri diferite \u00een mai pu\u021bin de o or\u0103. Este at\u00e2t de captivant.\"<\/em><br \/>\n- Ryan, 29 de ani<\/p><\/blockquote>\n<blockquote><p><em>\u201cStrangerCam este cea mai bun\u0103 alternativ\u0103 la <a href=\"https:\/\/strangercam.com\/ro\/omegle\/\">Omegle<\/a> Am g\u0103sit. Gratuit, sigur \u0219i mereu ocupat cu oameni online.\u201d<\/em><br \/>\n- Megan, 21 de ani<\/p><\/blockquote>\n<h2>Sfaturi de siguran\u021b\u0103 pentru apelurile video aleatorii<\/h2>\n<p>De\u0219i apelurile video aleatorii sunt distractive, este important s\u0103 fii \u00een siguran\u021b\u0103:<\/p>\n<ul>\n<li>Nu partaja\u021bi niciodat\u0103 informa\u021bii personale precum adresa, num\u0103rul de telefon sau numele complet.<\/li>\n<li>Nu da\u021bi clic pe linkuri partajate de necunoscu\u021bi.<\/li>\n<li>Folosi\u021bi liber butonul \"Urm\u0103torul\" dac\u0103 nu v\u0103 sim\u021bi\u021bi confortabil.<\/li>\n<li>Verific\u0103-\u021bi trecutul pentru a evita expunerea detaliilor private.<\/li>\n<li>Raporta\u021bi utilizatorii inadecva\u021bi pentru a men\u021bine comunitatea \u00een siguran\u021b\u0103.<\/li>\n<li>Dac\u0103 ave\u021bi sub 18 ani, nu utiliza\u021bi platforme de apeluri video aleatorii pentru adul\u021bi.<\/li>\n<\/ul>\n<h2>Cum s\u0103 \u00eencepe\u021bi - pas cu pas<\/h2>\n<p>Pornirea unui apel video aleatoriu dureaz\u0103 mai pu\u021bin de un minut:<\/p>\n<ol>\n<li>Deschide\u021bi StrangerCam pe browserul sau dispozitivul dvs.<\/li>\n<li>Permite\u021bi accesul camerei foto \u0219i al microfonului.<\/li>\n<li>Selecta\u021bi preferin\u021bele (filtru de gen, dac\u0103 dori\u021bi).<\/li>\n<li>Face\u021bi clic pe Start apel pentru a v\u0103 conecta instantaneu.<\/li>\n<li>Chat fa\u021b\u0103 \u00een fa\u021b\u0103. Face\u021bi clic pe Urm\u0103torul oric\u00e2nd pentru a cunoa\u0219te pe cineva nou.<\/li>\n<\/ol>\n<p>Asta este - simplu, rapid \u0219i gratuit.<\/p>\n<h2>G\u00e2nduri finale - \u00cencerca\u021bi acum apelurile video aleatorii gratuite<\/h2>\n<p>\u00cen 2025, apelurile video aleatorii sunt una dintre cele mai interesante modalit\u0103\u021bi de a intra \u00een contact cu oameni noi online. Sunt rapide, gratuite, spontane \u0219i v\u0103 ofer\u0103 o interac\u021biune uman\u0103 autentic\u0103 la un click de buton.<\/p>\n<p>Dar nu toate platformele ofer\u0103 rezultate. Multe dintre ele ascund caracteristici esen\u021biale precum filtrele de gen \u00een spatele unor ziduri de plat\u0103 sau \u00ee\u0219i inund\u0103 site-urile cu robo\u021bi. De aceea, StrangerCam este cea mai bun\u0103 alegere: este gratuit\u0103, sigur\u0103, anonim\u0103 \u0219i v\u0103 conecteaz\u0103 cu oameni reali din \u00eentreaga lume.<\/p>\n<p>E\u0219ti gata s\u0103 experimentezi? \u00cencearc\u0103 ast\u0103zi un apel video aleatoriu gratuit \u0219i vezi cu cine te vei \u00eent\u00e2lni.<\/p>","protected":false},"excerpt":{"rendered":"<p>Have you been searching for the best way to enjoy a random video call? You\u2019re not alone. Millions of people across the globe use random video call platforms every day to meet strangers, make new friends, flirt, or simply pass the time. Unlike social media or dating apps, where conversations can feel forced or slow, [&hellip;]<\/p>\n","protected":false},"author":8,"featured_media":0,"parent":0,"menu_order":0,"comment_status":"closed","ping_status":"closed","template":"","meta":{"footnotes":""},"class_list":["post-3634","page","type-page","status-publish","hentry"],"yoast_head":"<!-- This site is optimized with the Yoast SEO plugin v26.9 - https:\/\/yoast.com\/product\/yoast-seo-wordpress\/ -->\n<title>Random Video Call with Random Chat on Strangercam.com<\/title>\n<meta name=\"description\" content=\"Liking Random Video Call? Join millions on StrangerCam.com! Start a random video chat, turn on your cam, and meet strangers instantly.\" \/>\n<meta name=\"robots\" content=\"index, follow, max-snippet:-1, max-image-preview:large, max-video-preview:-1\" \/>\n<link rel=\"canonical\" href=\"https:\/\/strangercam.com\/ro\/apel-video-aleatoriu\/\" \/>\n<meta property=\"og:locale\" content=\"ro_RO\" \/>\n<meta property=\"og:type\" content=\"article\" \/>\n<meta property=\"og:title\" content=\"Random Video Call with Random Chat on Strangercam.com\" \/>\n<meta property=\"og:description\" content=\"Liking Random Video Call? Join millions on StrangerCam.com! Start a random video chat, turn on your cam, and meet strangers instantly.\" \/>\n<meta property=\"og:url\" content=\"https:\/\/strangercam.com\/ro\/apel-video-aleatoriu\/\" \/>\n<meta property=\"og:site_name\" content=\"Strangercam\" \/>\n<meta property=\"article:publisher\" content=\"https:\/\/www.facebook.com\/strangercam\" \/>\n<meta property=\"article:modified_time\" content=\"2025-08-18T12:15:47+00:00\" \/>\n<meta property=\"og:image\" content=\"https:\/\/strangercam.com\/wp-content\/uploads\/2021\/10\/Untitled-2.png\" \/>\n\t<meta property=\"og:image:width\" content=\"800\" \/>\n\t<meta property=\"og:image:height\" content=\"532\" \/>\n\t<meta property=\"og:image:type\" content=\"image\/png\" \/>\n<meta name=\"twitter:card\" content=\"summary_large_image\" \/>\n<meta name=\"twitter:site\" content=\"@strangercamapp\" \/>\n<meta name=\"twitter:label1\" content=\"Timp estimat pentru citire\" \/>\n\t<meta name=\"twitter:data1\" content=\"5 minute\" \/>\n<script type=\"application\/ld+json\" class=\"yoast-schema-graph\">{\"@context\":\"https:\/\/schema.org\",\"@graph\":[{\"@type\":\"WebPage\",\"@id\":\"https:\/\/strangercam.com\/random-video-call\/\",\"url\":\"https:\/\/strangercam.com\/random-video-call\/\",\"name\":\"Random Video Call with Random Chat on Strangercam.com\",\"isPartOf\":{\"@id\":\"https:\/\/strangercam.com\/#website\"},\"datePublished\":\"2025-08-18T11:16:01+00:00\",\"dateModified\":\"2025-08-18T12:15:47+00:00\",\"description\":\"Liking Random Video Call? Join millions on StrangerCam.com! Start a random video chat, turn on your cam, and meet strangers instantly.\",\"breadcrumb\":{\"@id\":\"https:\/\/strangercam.com\/random-video-call\/#breadcrumb\"},\"inLanguage\":\"ro-RO\",\"potentialAction\":[{\"@type\":\"ReadAction\",\"target\":[\"https:\/\/strangercam.com\/random-video-call\/\"]}]},{\"@type\":\"BreadcrumbList\",\"@id\":\"https:\/\/strangercam.com\/random-video-call\/#breadcrumb\",\"itemListElement\":[{\"@type\":\"ListItem\",\"position\":1,\"name\":\"Home\",\"item\":\"https:\/\/strangercam.com\/\"},{\"@type\":\"ListItem\",\"position\":2,\"name\":\"Random Video Call\"}]},{\"@type\":\"WebSite\",\"@id\":\"https:\/\/strangercam.com\/#website\",\"url\":\"https:\/\/strangercam.com\/\",\"name\":\"Strangercam\",\"description\":\"Random Video Chat with Strangers\",\"publisher\":{\"@id\":\"https:\/\/strangercam.com\/#organization\"},\"alternateName\":\"Strangercam.com\",\"potentialAction\":[{\"@type\":\"SearchAction\",\"target\":{\"@type\":\"EntryPoint\",\"urlTemplate\":\"https:\/\/strangercam.com\/?s={search_term_string}\"},\"query-input\":{\"@type\":\"PropertyValueSpecification\",\"valueRequired\":true,\"valueName\":\"search_term_string\"}}],\"inLanguage\":\"ro-RO\"},{\"@type\":\"Organization\",\"@id\":\"https:\/\/strangercam.com\/#organization\",\"name\":\"Strangercam\",\"alternateName\":\"Strangercam.com\",\"url\":\"https:\/\/strangercam.com\/\",\"logo\":{\"@type\":\"ImageObject\",\"inLanguage\":\"ro-RO\",\"@id\":\"https:\/\/strangercam.com\/#\/schema\/logo\/image\/\",\"url\":\"https:\/\/strangercam.com\/wp-content\/uploads\/2020\/11\/cropped-new-favicon-black.png\",\"contentUrl\":\"https:\/\/strangercam.com\/wp-content\/uploads\/2020\/11\/cropped-new-favicon-black.png\",\"width\":512,\"height\":512,\"caption\":\"Strangercam\"},\"image\":{\"@id\":\"https:\/\/strangercam.com\/#\/schema\/logo\/image\/\"},\"sameAs\":[\"https:\/\/www.facebook.com\/strangercam\",\"https:\/\/x.com\/strangercamapp\"]}]}<\/script>\n<!-- \/ Yoast SEO plugin. -->","yoast_head_json":{"title":"Apel video aleatoriu cu chat aleatoriu pe Strangercam.com","description":"\u00ce\u021bi plac apelurile video aleatorii? Join milioane pe StrangerCam.com! \u00cencepe un chat video aleatoriu, porne\u0219te-\u021bi camera \u0219i \u00eent\u00e2lne\u0219te str\u0103ini instantaneu.","robots":{"index":"index","follow":"follow","max-snippet":"max-snippet:-1","max-image-preview":"max-image-preview:large","max-video-preview":"max-video-preview:-1"},"canonical":"https:\/\/strangercam.com\/ro\/apel-video-aleatoriu\/","og_locale":"ro_RO","og_type":"article","og_title":"Random Video Call with Random Chat on Strangercam.com","og_description":"Liking Random Video Call? Join millions on StrangerCam.com! Start a random video chat, turn on your cam, and meet strangers instantly.","og_url":"https:\/\/strangercam.com\/ro\/apel-video-aleatoriu\/","og_site_name":"Strangercam","article_publisher":"https:\/\/www.facebook.com\/strangercam","article_modified_time":"2025-08-18T12:15:47+00:00","og_image":[{"width":800,"height":532,"url":"https:\/\/strangercam.com\/wp-content\/uploads\/2021\/10\/Untitled-2.png","type":"image\/png"}],"twitter_card":"summary_large_image","twitter_site":"@strangercamapp","twitter_misc":{"Timp estimat pentru citire":"5 minute"},"schema":{"@context":"https:\/\/schema.org","@graph":[{"@type":"WebPage","@id":"https:\/\/strangercam.com\/random-video-call\/","url":"https:\/\/strangercam.com\/random-video-call\/","name":"Apel video aleatoriu cu chat aleatoriu pe Strangercam.com","isPartOf":{"@id":"https:\/\/strangercam.com\/#website"},"datePublished":"2025-08-18T11:16:01+00:00","dateModified":"2025-08-18T12:15:47+00:00","description":"\u00ce\u021bi plac apelurile video aleatorii? Join milioane pe StrangerCam.com! \u00cencepe un chat video aleatoriu, porne\u0219te-\u021bi camera \u0219i \u00eent\u00e2lne\u0219te str\u0103ini instantaneu.","breadcrumb":{"@id":"https:\/\/strangercam.com\/random-video-call\/#breadcrumb"},"inLanguage":"ro-RO","potentialAction":[{"@type":"ReadAction","target":["https:\/\/strangercam.com\/random-video-call\/"]}]},{"@type":"BreadcrumbList","@id":"https:\/\/strangercam.com\/random-video-call\/#breadcrumb","itemListElement":[{"@type":"ListItem","position":1,"name":"Home","item":"https:\/\/strangercam.com\/"},{"@type":"ListItem","position":2,"name":"Random Video Call"}]},{"@type":"WebSite","@id":"https:\/\/strangercam.com\/#website","url":"https:\/\/strangercam.com\/","name":"Strangercam","description":"Chat video aleatoriu cu str\u0103ini","publisher":{"@id":"https:\/\/strangercam.com\/#organization"},"alternateName":"Strangercam.com","potentialAction":[{"@type":"SearchAction","target":{"@type":"EntryPoint","urlTemplate":"https:\/\/strangercam.com\/?s={search_term_string}"},"query-input":{"@type":"PropertyValueSpecification","valueRequired":true,"valueName":"search_term_string"}}],"inLanguage":"ro-RO"},{"@type":"Organization","@id":"https:\/\/strangercam.com\/#organization","name":"Strangercam","alternateName":"Strangercam.com","url":"https:\/\/strangercam.com\/","logo":{"@type":"ImageObject","inLanguage":"ro-RO","@id":"https:\/\/strangercam.com\/#\/schema\/logo\/image\/","url":"https:\/\/strangercam.com\/wp-content\/uploads\/2020\/11\/cropped-new-favicon-black.png","contentUrl":"https:\/\/strangercam.com\/wp-content\/uploads\/2020\/11\/cropped-new-favicon-black.png","width":512,"height":512,"caption":"Strangercam"},"image":{"@id":"https:\/\/strangercam.com\/#\/schema\/logo\/image\/"},"sameAs":["https:\/\/www.facebook.com\/strangercam","https:\/\/x.com\/strangercamapp"]}]}},"_links":{"self":[{"href":"https:\/\/strangercam.com\/ro\/wp-json\/wp\/v2\/pages\/3634","targetHints":{"allow":["GET"]}}],"collection":[{"href":"https:\/\/strangercam.com\/ro\/wp-json\/wp\/v2\/pages"}],"about":[{"href":"https:\/\/strangercam.com\/ro\/wp-json\/wp\/v2\/types\/page"}],"author":[{"embeddable":true,"href":"https:\/\/strangercam.com\/ro\/wp-json\/wp\/v2\/users\/8"}],"replies":[{"embeddable":true,"href":"https:\/\/strangercam.com\/ro\/wp-json\/wp\/v2\/comments?post=3634"}],"version-history":[{"count":2,"href":"https:\/\/strangercam.com\/ro\/wp-json\/wp\/v2\/pages\/3634\/revisions"}],"predecessor-version":[{"id":12970,"href":"https:\/\/strangercam.com\/ro\/wp-json\/wp\/v2\/pages\/3634\/revisions\/12970"}],"wp:attachment":[{"href":"https:\/\/strangercam.com\/ro\/wp-json\/wp\/v2\/media?parent=3634"}],"curies":[{"name":"wp","href":"https:\/\/api.w.org\/{rel}","templated":true}]}}