{"id":3516,"date":"2025-08-18T13:21:58","date_gmt":"2025-08-18T11:21:58","guid":{"rendered":"https:\/\/strangercam.com\/?page_id=3516"},"modified":"2025-08-18T14:14:10","modified_gmt":"2025-08-18T12:14:10","slug":"chat-video-cu-strainii","status":"publish","type":"page","link":"https:\/\/strangercam.com\/ro\/video-chat-with-strangers\/","title":{"rendered":"Chat video cu str\u0103inii"},"content":{"rendered":"<p>C\u0103uta\u021bi cea mai bun\u0103 modalitate de a filma <a href=\"https:\/\/strangercam.com\/ro\/chathub\/\">chat<\/a> cu str\u0103inii? Nu sunte\u021bi singuri. De la apari\u021bia <a href=\"https:\/\/strangercam.com\/ro\/omegle\/\">Omegle<\/a>, <a href=\"https:\/\/strangercam.com\/ro\/chatroulette\/\">Chatroulette<\/a>, \u0219i alte platforme similare, milioane de oameni din \u00eentreaga lume au descoperit pl\u0103cerea chat-ului video instantaneu cu persoane aleatorii din \u00eentreaga lume. \u00cen 2025, tendin\u021ba este mai mare ca niciodat\u0103 - cu noi platforme care ofer\u0103 experien\u021be mai sigure, mai fluide \u0219i mai captivante.<\/p>\n<p>Datorit\u0103 platformelor moderne precum StrangerCam, v\u0103 pute\u021bi bucura oric\u00e2nd de chat video gratuit cu necunoscu\u021bi - f\u0103r\u0103 \u00eenscrieri, f\u0103r\u0103 desc\u0103rc\u0103ri \u0219i f\u0103r\u0103 ziduri de plat\u0103 ascunse. Fie c\u0103 dori\u021bi s\u0103 v\u0103 face\u021bi prieteni noi, s\u0103 flirta\u021bi, s\u0103 exersa\u021bi limbi str\u0103ine sau pur \u0219i simplu s\u0103 \u00eenvinge\u021bi plictiseala, chat-ul video cu str\u0103inii este una dintre cele mai interesante \u0219i spontane modalit\u0103\u021bi de a v\u0103 conecta online.<\/p>\n<p>Acest ghid va acoperi tot ce trebuie s\u0103 \u0219ti\u021bi: cum func\u021bioneaz\u0103, de ce este popular, caracteristicile pe care trebuie s\u0103 le c\u0103uta\u021bi, compara\u021bii \u00eentre platformele de top, sfaturi de siguran\u021b\u0103 \u0219i de ce StrangerCam este una dintre cele mai bune alegeri pentru videochat cu str\u0103ini \u00een 2025.<\/p>\n<h2>Ce este Video Chat cu str\u0103ini?<\/h2>\n<p>Video chat cu necunoscu\u021bi este un serviciu online care v\u0103 asociaz\u0103 cu persoane aleatorii pentru conversa\u021bii video \u00een direct, unu la unu. Folosind camera web \u0219i microfonul, v\u0103 pute\u021bi vedea \u0219i auzi reciproc \u00een timp real.<\/p>\n<p>Spre deosebire de social media, unde interac\u021biunile sunt organizate \u0219i adesea artificiale, chat-ul video cu str\u0103inii este brut, autentic \u0219i imprevizibil. Fiecare clic pe butonul \"Urm\u0103torul\" aduce o nou\u0103 fa\u021b\u0103 \u0219i o nou\u0103 poveste, fiind una dintre cele mai interesante experien\u021be online disponibile \u00een prezent.<\/p>\n<h2>De ce oamenii iubesc chat-ul video gratuit cu necunoscu\u021bi<\/h2>\n<p>Popularitatea chat-ului video gratuit cu persoane necunoscute provine din mai multe beneficii cheie:<\/p>\n<ul>\n<li>Spontaneitate \u0219i surpriz\u0103 - Fiecare discu\u021bie este diferit\u0103; nu \u0219tii niciodat\u0103 cu cine te vei \u00eent\u00e2lni data viitoare.<\/li>\n<li>Prietenii globale - Intra\u021bi \u00een contact cu oameni din \u00eentreaga lume, experimenta\u021bi culturi noi \u0219i v\u0103 extinde\u021bi perspectiva.<\/li>\n<li>F\u0103r\u0103 profiluri false - Videoclipul dovede\u0219te c\u0103 persoana este real\u0103, spre deosebire de aplica\u021biile bazate pe text pline de robo\u021bi \u0219i pisici.<\/li>\n<li>Anonimat - Nu este necesar un cont; r\u0103m\u00e2ne\u021bi c\u00e2t de privat dori\u021bi.<\/li>\n<li>Varietate de inten\u021bii - Unii oameni caut\u0103 distrac\u021bie, al\u021bii prietenie, al\u021bii flirt ocazional.<\/li>\n<li>Gratificare instantanee - F\u0103r\u0103 a\u0219teptarea r\u0103spunsurilor sau glisarea la nesf\u00e2r\u0219it - conexiuni instantanee.<\/li>\n<\/ul>\n<h2>Cum func\u021bioneaz\u0103 chat-ul video cu str\u0103inii?<\/h2>\n<p>1TP162Deschiderea unei platforme de chat video cu str\u0103ini este simpl\u0103 \u0219i rapid\u0103:<\/p>\n<ol>\n<li>Deschide\u021bi platforma (desktop sau mobil\u0103).<\/li>\n<li>Permite\u021bi accesul la camera web \u0219i la microfon.<\/li>\n<li>Face\u021bi clic pe \"Start\" pentru a v\u0103 conecta instantaneu cu un necunoscut aleatoriu.<\/li>\n<li>Chat live fa\u021b\u0103 \u00een fa\u021b\u0103. Dac\u0103 nu sunte\u021bi interesat, face\u021bi clic pe \"Urm\u0103torul\" pentru a cunoa\u0219te pe cineva nou.<\/li>\n<li>Repeta\u021bi la nesf\u00e2r\u0219it - procesul este rapid, distractiv \u0219i gratuit.<\/li>\n<\/ol>\n<p>Unele platforme includ, de asemenea, filtre de gen, potrivire \u00een func\u021bie de loca\u021bie \u0219i instrumente de traducere pentru a \u00eembun\u0103t\u0103\u021bi experien\u021ba.<\/p>\n<h2>Caracteristici de top de c\u0103utat<\/h2>\n<p>Dac\u0103 sunte\u021bi \u00een c\u0103utarea celui mai bun loc pentru videochat cu str\u0103ini, iat\u0103 care sunt caracteristicile care conteaz\u0103 cel mai mult:<\/p>\n<h3>1. Acces cu adev\u0103rat liber<\/h3>\n<p>Feri\u021bi-v\u0103 de platformele care spun \"gratuit\", dar restric\u021bioneaz\u0103 chat-urile dup\u0103 c\u00e2teva minute. C\u0103uta\u021bi o utilizare nelimitat\u0103, f\u0103r\u0103 costuri.<\/p>\n<h3>2. Nu este nevoie de \u00eenscriere<\/h3>\n<p>Cele mai bune site-uri nu necesit\u0103 un cont sau informa\u021bii personale.<\/p>\n<h3>3. Filtre de gen \u0219i loca\u021bie<\/h3>\n<p>Util dac\u0103 dori\u021bi s\u0103 vorbi\u021bi cu anumite tipuri de persoane (de exemplu, numai fete sau persoane din \u021bara dumneavoastr\u0103).<\/p>\n<h3>4. Modera\u021bie puternic\u0103<\/h3>\n<p>Sistemele active de raportare \u0219i moderatorii men\u021bin platforma sigur\u0103 \u0219i pl\u0103cut\u0103.<\/p>\n<h3>5. Design prietenos cu mobilul<\/h3>\n<p>O platform\u0103 bun\u0103 ar trebui s\u0103 func\u021bioneze f\u0103r\u0103 probleme pe telefoane, tablete \u0219i computere.<\/p>\n<h3>6. Video \u0219i audio de \u00eenalt\u0103 calitate<\/h3>\n<p>Conexiunile clare asigur\u0103 o experien\u021b\u0103 mai bun\u0103, mai natural\u0103.<\/p>\n<h2>Cele mai bune platforme pentru videochat cu persoane necunoscute \u00een 2025<\/h2>\n<p>Iat\u0103 cum se compar\u0103 unele dintre platformele de top:<\/p>\n<table>\n<thead>\n<tr>\n<th>Platform\u0103<\/th>\n<th align=\"center\">Utilizare gratuit\u0103<\/th>\n<th align=\"center\">Filtru de gen<\/th>\n<th align=\"center\">\u00cenregistrare necesar\u0103<\/th>\n<th align=\"center\">Asisten\u021b\u0103 mobil\u0103<\/th>\n<th align=\"center\">Modera\u021bie<\/th>\n<th>Note<\/th>\n<\/tr>\n<\/thead>\n<tbody>\n<tr>\n<td>StrangerCam<\/td>\n<td align=\"center\">\u2705<\/td>\n<td align=\"center\">\u2705 (Gratuit)<\/td>\n<td align=\"center\">\u274c<\/td>\n<td align=\"center\">\u2705<\/td>\n<td align=\"center\">\u2705<\/td>\n<td>Cel mai bun video chat gratuit cu str\u0103inii<\/td>\n<\/tr>\n<tr>\n<td>Chatroulette<\/td>\n<td align=\"center\">\u2705<\/td>\n<td align=\"center\">\u274c (pl\u0103tit)<\/td>\n<td align=\"center\">\u274c<\/td>\n<td align=\"center\">\u2705<\/td>\n<td align=\"center\">\u2705<\/td>\n<td>Clasic, dar filtre de gen blocate<\/td>\n<\/tr>\n<tr>\n<td>Chatrandom<\/td>\n<td align=\"center\">\u2705<\/td>\n<td align=\"center\">\u274c (pl\u0103tit)<\/td>\n<td align=\"center\">\u274c<\/td>\n<td align=\"center\">\u2705<\/td>\n<td align=\"center\">\u2705<\/td>\n<td>Popular, dar sunt necesare \u00eembun\u0103t\u0103\u021biri pentru filtre<\/td>\n<\/tr>\n<tr>\n<td><a href=\"https:\/\/strangercam.com\/ro\/ometv\/\">OmeTV<\/a><\/td>\n<td align=\"center\">\u2705<\/td>\n<td align=\"center\">\u274c<\/td>\n<td align=\"center\">\u274c<\/td>\n<td align=\"center\">\u2705<\/td>\n<td align=\"center\">\u2705<\/td>\n<td>Doar potrivire aleatorie, aplica\u021bie mobil\u0103 disponibil\u0103<\/td>\n<\/tr>\n<tr>\n<td>Shagle<\/td>\n<td align=\"center\">\u2705<\/td>\n<td align=\"center\">\u274c (pl\u0103tit)<\/td>\n<td align=\"center\">\u274c<\/td>\n<td align=\"center\">\u2705<\/td>\n<td align=\"center\">\u2705<\/td>\n<td>Promoveaz\u0103 puternic caracteristicile premium<\/td>\n<\/tr>\n<tr>\n<td><a href=\"https:\/\/strangercam.com\/ro\/coomeet\/\">CooMeet<\/a><\/td>\n<td align=\"center\">\u274c (Trial)<\/td>\n<td align=\"center\">\u2705<\/td>\n<td align=\"center\">\u2705<\/td>\n<td align=\"center\">\u2705<\/td>\n<td align=\"center\">\u2705<\/td>\n<td>\u00cen cea mai mare parte pl\u0103tite dup\u0103 o \u00eencercare gratuit\u0103<\/td>\n<\/tr>\n<tr>\n<td>LuckyCrush<\/td>\n<td align=\"center\">\u274c<\/td>\n<td align=\"center\">\u2705<\/td>\n<td align=\"center\">\u2705<\/td>\n<td align=\"center\">\u2705<\/td>\n<td align=\"center\">\u2705<\/td>\n<td>\u00centotdeauna pl\u0103tite, discu\u021bii bazate pe gen<\/td>\n<\/tr>\n<\/tbody>\n<\/table>\n<p>Printre acestea, StrangerCam este una dintre singurele platforme care ofer\u0103 o experien\u021b\u0103 autentic\u0103 de chat video gratuit cu str\u0103ini, cu un filtru de gen func\u021bional \u0219i f\u0103r\u0103 \u00eenscrieri.<\/p>\n<h2>De ce StrangerCam este o alegere de top<\/h2>\n<p>Iat\u0103 de ce StrangerCam este considerat unul dintre cele mai bune locuri pentru chat video cu str\u0103inii \u00een 2025:<\/p>\n<h3>1. 100% Gratuit \u0219i nelimitat<\/h3>\n<p>Spre deosebire de mul\u021bi concuren\u021bi, StrangerCam nu blocheaz\u0103 caracteristicile \u00een spatele unor ziduri de plat\u0103.<\/p>\n<h3>2. Filtru de gen gratuit<\/h3>\n<p>Face\u021bi cuno\u0219tin\u021b\u0103 exact cu cine dori\u021bi - b\u0103ie\u021bi, fete sau am\u00e2ndoi - f\u0103r\u0103 taxe suplimentare.<\/p>\n<h3>3. F\u0103r\u0103 \u00eenscriere sau informa\u021bii personale<\/h3>\n<p>R\u0103m\u00e2ne\u021bi anonim. F\u0103r\u0103 \u00eenregistrare, f\u0103r\u0103 colectare de date.<\/p>\n<h3>4. Comunitatea global\u0103<\/h3>\n<p>Str\u0103ini din peste 100 de \u021b\u0103ri sunt online 24\/7.<\/p>\n<h3>5. Sigur \u0219i moderat<\/h3>\n<p>Cu instrumente puternice de raportare \u0219i moderare activ\u0103, mediul este mai sigur \u0219i mai prietenos.<\/p>\n<h3>6. Mobile &amp; Desktop Friendly<\/h3>\n<p>Utiliza\u021bi-l pe orice dispozitiv, oric\u00e2nd, oriunde.<\/p>\n<h2>Testimoniale reale ale utilizatorilor<\/h2>\n<blockquote><p><em>\"Am vrut o platform\u0103 de videochat cu str\u0103inii dup\u0103 \u00eenchiderea Omegle, iar StrangerCam a devenit favorita mea. Este gratuit, rapid \u0219i plin de oameni reali.\"<\/em><br \/>\n- Adam, 27 de ani<\/p><\/blockquote>\n<blockquote><p><em>\"Spre deosebire de alte site-uri, filtrul de gen chiar func\u021bioneaz\u0103 gratuit. Am avut discu\u021bii minunate cu oameni din \u00eentreaga lume.\"<\/em><br \/>\n- Sophia, 22 de ani<\/p><\/blockquote>\n<blockquote><p><em>\"F\u0103r\u0103 desc\u0103rcare de aplica\u021bie, f\u0103r\u0103 \u00eenregistrare, doar conexiuni instantanee. Exact ceea ce c\u0103utam.\"<\/em><br \/>\n- Liam, 30 de ani<\/p><\/blockquote>\n<blockquote><p><em>\"Moderarea m\u0103 face s\u0103 m\u0103 simt \u00een siguran\u021b\u0103. Dac\u0103 cineva este nepoliticos, \u00eel pot ignora sau raporta instantaneu.\"<\/em><br \/>\n- Isabella, 24 de ani<\/p><\/blockquote>\n<h2>Sfaturi de siguran\u021b\u0103 pentru videochat cu persoane necunoscute<\/h2>\n<p>De\u0219i chat-ul video aleatoriu este distractiv, este important s\u0103 te protejezi:<\/p>\n<ul>\n<li>Nu \u00eemp\u0103rt\u0103\u0219i\u021bi detalii personale (nume real, telefon, adres\u0103).<\/li>\n<li>Evita\u021bi s\u0103 face\u021bi clic pe linkuri trimise de necunoscu\u021bi.<\/li>\n<li>Folosi\u021bi liber \"Urm\u0103torul\" dac\u0103 nu v\u0103 sim\u021bi\u021bi confortabil.<\/li>\n<li>Verific\u0103-\u021bi trecutul pentru a evita prezentarea de informa\u021bii private.<\/li>\n<li>R\u0103m\u00e2ne\u021bi la instrumentele platformei (bloca\u021bi\/reporta\u021bi atunci c\u00e2nd este necesar).<\/li>\n<li>Dac\u0103 ave\u021bi sub 18 ani, nu utiliza\u021bi platforme de chat pentru adul\u021bi.<\/li>\n<\/ul>\n<h2>Cum s\u0103 \u00eencepe\u021bi - pas cu pas<\/h2>\n<p>Este nevoie de mai pu\u021bin de un minut pentru a \u00eencepe un chat video cu persoane necunoscute:<\/p>\n<ol>\n<li>Deschide\u021bi StrangerCam pe dispozitivul dvs.<\/li>\n<li>Permite\u021bi accesul la camer\u0103 \u0219i microfon.<\/li>\n<li>Selecta\u021bi preferin\u021bele dvs. (de exemplu, filtru de gen).<\/li>\n<li>Face\u021bi clic pe Start Chat pentru a v\u0103 conecta instantaneu.<\/li>\n<li>Face\u021bi cuno\u0219tin\u021b\u0103 cu str\u0103inii fa\u021b\u0103 \u00een fa\u021b\u0103 \u0219i face\u021bi clic pe Urm\u0103torul oric\u00e2nd.<\/li>\n<\/ol>\n<p>Asta e tot - rapid, u\u0219or \u0219i gratuit.<\/p>\n<h2>G\u00e2nduri finale - \u00cencearc\u0103 acum chat-ul video gratuit cu str\u0103inii<\/h2>\n<p>\u00cen 2025, chat-ul video cu necunoscu\u021bi r\u0103m\u00e2ne una dintre cele mai interesante modalit\u0103\u021bi de a cunoa\u0219te oameni noi online. Este spontan, autentic \u0219i v\u0103 conecteaz\u0103 instantaneu la oameni reali din \u00eentreaga lume. Dar nu toate platformele \u00ee\u0219i \u00eendeplinesc promisiunile - unele limiteaz\u0103 func\u021biile sau impun ziduri de plat\u0103.<\/p>\n<p>De aceea, StrangerCam iese \u00een eviden\u021b\u0103: este gratuit, sigur, anonim \u0219i global. Dac\u0103 dori\u021bi s\u0103 v\u0103 face\u021bi prieteni, s\u0103 cunoa\u0219te\u021bi fete sau doar s\u0103 v\u0103 bucura\u021bi de conversa\u021bii aleatorii, este una dintre cele mai bune op\u021biuni disponibile \u00een prezent.<\/p>\n<p>E\u0219ti gata s\u0103 te conectezi? \u00cencepe\u021bi acum un chat video gratuit cu str\u0103ini \u0219i vede\u021bi cu cine v\u0103 ve\u021bi \u00eent\u00e2lni \u00een continuare.<\/p>","protected":false},"excerpt":{"rendered":"<p>Are you searching for the best way to video chat with strangers? You\u2019re not alone. Since the rise of Omegle, Chatroulette, and similar platforms, millions of people worldwide have discovered the thrill of instant video chat with random people across the globe. In 2025, the trend is bigger than ever\u2014with new platforms offering safer, smoother, [&hellip;]<\/p>\n","protected":false},"author":8,"featured_media":0,"parent":0,"menu_order":0,"comment_status":"closed","ping_status":"closed","template":"","meta":{"footnotes":""},"class_list":["post-3516","page","type-page","status-publish","hentry"],"yoast_head":"<!-- This site is optimized with the Yoast SEO plugin v27.4 - https:\/\/yoast.com\/product\/yoast-seo-wordpress\/ -->\n<title>Video Chat With Strangers with Random Chat on Strangercam.com<\/title>\n<meta name=\"description\" content=\"Liking Video Chat With Strangers? Join millions on StrangerCam.com! Start a random video chat, turn on your cam, and meet strangers instantly.\" \/>\n<meta name=\"robots\" content=\"index, follow, max-snippet:-1, max-image-preview:large, max-video-preview:-1\" \/>\n<link rel=\"canonical\" href=\"https:\/\/strangercam.com\/ro\/chat-video-cu-strainii\/\" \/>\n<meta property=\"og:locale\" content=\"ro_RO\" \/>\n<meta property=\"og:type\" content=\"article\" \/>\n<meta property=\"og:title\" content=\"Video Chat With Strangers with Random Chat on Strangercam.com\" \/>\n<meta property=\"og:description\" content=\"Liking Video Chat With Strangers? Join millions on StrangerCam.com! Start a random video chat, turn on your cam, and meet strangers instantly.\" \/>\n<meta property=\"og:url\" content=\"https:\/\/strangercam.com\/ro\/chat-video-cu-strainii\/\" \/>\n<meta property=\"og:site_name\" content=\"Strangercam\" \/>\n<meta property=\"article:publisher\" content=\"https:\/\/www.facebook.com\/strangercam\" \/>\n<meta property=\"article:modified_time\" content=\"2025-08-18T12:14:10+00:00\" \/>\n<meta property=\"og:image\" content=\"https:\/\/strangercam.com\/wp-content\/uploads\/2021\/10\/Untitled-2.png\" \/>\n\t<meta property=\"og:image:width\" content=\"800\" \/>\n\t<meta property=\"og:image:height\" content=\"532\" \/>\n\t<meta property=\"og:image:type\" content=\"image\/png\" \/>\n<meta name=\"twitter:card\" content=\"summary_large_image\" \/>\n<meta name=\"twitter:site\" content=\"@strangercamapp\" \/>\n<meta name=\"twitter:label1\" content=\"Timp estimat pentru citire\" \/>\n\t<meta name=\"twitter:data1\" content=\"5 minute\" \/>\n<script type=\"application\/ld+json\" class=\"yoast-schema-graph\">{\"@context\":\"https:\\\/\\\/schema.org\",\"@graph\":[{\"@type\":\"WebPage\",\"@id\":\"https:\\\/\\\/strangercam.com\\\/video-chat-with-strangers\\\/\",\"url\":\"https:\\\/\\\/strangercam.com\\\/video-chat-with-strangers\\\/\",\"name\":\"Video Chat With Strangers with Random Chat on Strangercam.com\",\"isPartOf\":{\"@id\":\"https:\\\/\\\/strangercam.com\\\/#website\"},\"datePublished\":\"2025-08-18T11:21:58+00:00\",\"dateModified\":\"2025-08-18T12:14:10+00:00\",\"description\":\"Liking Video Chat With Strangers? Join millions on StrangerCam.com! Start a random video chat, turn on your cam, and meet strangers instantly.\",\"breadcrumb\":{\"@id\":\"https:\\\/\\\/strangercam.com\\\/video-chat-with-strangers\\\/#breadcrumb\"},\"inLanguage\":\"ro-RO\",\"potentialAction\":[{\"@type\":\"ReadAction\",\"target\":[\"https:\\\/\\\/strangercam.com\\\/video-chat-with-strangers\\\/\"]}]},{\"@type\":\"BreadcrumbList\",\"@id\":\"https:\\\/\\\/strangercam.com\\\/video-chat-with-strangers\\\/#breadcrumb\",\"itemListElement\":[{\"@type\":\"ListItem\",\"position\":1,\"name\":\"Home\",\"item\":\"https:\\\/\\\/strangercam.com\\\/\"},{\"@type\":\"ListItem\",\"position\":2,\"name\":\"Video Chat With Strangers\"}]},{\"@type\":\"WebSite\",\"@id\":\"https:\\\/\\\/strangercam.com\\\/#website\",\"url\":\"https:\\\/\\\/strangercam.com\\\/\",\"name\":\"Strangercam\",\"description\":\"Random Video Chat with Strangers\",\"publisher\":{\"@id\":\"https:\\\/\\\/strangercam.com\\\/#organization\"},\"alternateName\":\"Strangercam.com\",\"potentialAction\":[{\"@type\":\"SearchAction\",\"target\":{\"@type\":\"EntryPoint\",\"urlTemplate\":\"https:\\\/\\\/strangercam.com\\\/?s={search_term_string}\"},\"query-input\":{\"@type\":\"PropertyValueSpecification\",\"valueRequired\":true,\"valueName\":\"search_term_string\"}}],\"inLanguage\":\"ro-RO\"},{\"@type\":\"Organization\",\"@id\":\"https:\\\/\\\/strangercam.com\\\/#organization\",\"name\":\"Strangercam\",\"alternateName\":\"Strangercam.com\",\"url\":\"https:\\\/\\\/strangercam.com\\\/\",\"logo\":{\"@type\":\"ImageObject\",\"inLanguage\":\"ro-RO\",\"@id\":\"https:\\\/\\\/strangercam.com\\\/#\\\/schema\\\/logo\\\/image\\\/\",\"url\":\"https:\\\/\\\/strangercam.com\\\/wp-content\\\/uploads\\\/2020\\\/11\\\/cropped-new-favicon-black.png\",\"contentUrl\":\"https:\\\/\\\/strangercam.com\\\/wp-content\\\/uploads\\\/2020\\\/11\\\/cropped-new-favicon-black.png\",\"width\":512,\"height\":512,\"caption\":\"Strangercam\"},\"image\":{\"@id\":\"https:\\\/\\\/strangercam.com\\\/#\\\/schema\\\/logo\\\/image\\\/\"},\"sameAs\":[\"https:\\\/\\\/www.facebook.com\\\/strangercam\",\"https:\\\/\\\/x.com\\\/strangercamapp\"]}]}<\/script>\n<!-- \/ Yoast SEO plugin. -->","yoast_head_json":{"title":"Video Chat cu str\u0103ini cu Random Chat pe Strangercam.com","description":"\u00ce\u021bi place Video Chat-ul cu Str\u0103ini? Join milioane pe StrangerCam.com! \u00cencepe un chat video aleatoriu, porne\u0219te-\u021bi camera \u0219i \u00eent\u00e2lne\u0219te str\u0103ini instantaneu.","robots":{"index":"index","follow":"follow","max-snippet":"max-snippet:-1","max-image-preview":"max-image-preview:large","max-video-preview":"max-video-preview:-1"},"canonical":"https:\/\/strangercam.com\/ro\/chat-video-cu-strainii\/","og_locale":"ro_RO","og_type":"article","og_title":"Video Chat With Strangers with Random Chat on Strangercam.com","og_description":"Liking Video Chat With Strangers? Join millions on StrangerCam.com! Start a random video chat, turn on your cam, and meet strangers instantly.","og_url":"https:\/\/strangercam.com\/ro\/chat-video-cu-strainii\/","og_site_name":"Strangercam","article_publisher":"https:\/\/www.facebook.com\/strangercam","article_modified_time":"2025-08-18T12:14:10+00:00","og_image":[{"width":800,"height":532,"url":"https:\/\/strangercam.com\/wp-content\/uploads\/2021\/10\/Untitled-2.png","type":"image\/png"}],"twitter_card":"summary_large_image","twitter_site":"@strangercamapp","twitter_misc":{"Timp estimat pentru citire":"5 minute"},"schema":{"@context":"https:\/\/schema.org","@graph":[{"@type":"WebPage","@id":"https:\/\/strangercam.com\/video-chat-with-strangers\/","url":"https:\/\/strangercam.com\/video-chat-with-strangers\/","name":"Video Chat cu str\u0103ini cu Random Chat pe Strangercam.com","isPartOf":{"@id":"https:\/\/strangercam.com\/#website"},"datePublished":"2025-08-18T11:21:58+00:00","dateModified":"2025-08-18T12:14:10+00:00","description":"\u00ce\u021bi place Video Chat-ul cu Str\u0103ini? Join milioane pe StrangerCam.com! \u00cencepe un chat video aleatoriu, porne\u0219te-\u021bi camera \u0219i \u00eent\u00e2lne\u0219te str\u0103ini instantaneu.","breadcrumb":{"@id":"https:\/\/strangercam.com\/video-chat-with-strangers\/#breadcrumb"},"inLanguage":"ro-RO","potentialAction":[{"@type":"ReadAction","target":["https:\/\/strangercam.com\/video-chat-with-strangers\/"]}]},{"@type":"BreadcrumbList","@id":"https:\/\/strangercam.com\/video-chat-with-strangers\/#breadcrumb","itemListElement":[{"@type":"ListItem","position":1,"name":"Home","item":"https:\/\/strangercam.com\/"},{"@type":"ListItem","position":2,"name":"Video Chat With Strangers"}]},{"@type":"WebSite","@id":"https:\/\/strangercam.com\/#website","url":"https:\/\/strangercam.com\/","name":"Strangercam","description":"Chat video aleatoriu cu str\u0103ini","publisher":{"@id":"https:\/\/strangercam.com\/#organization"},"alternateName":"Strangercam.com","potentialAction":[{"@type":"SearchAction","target":{"@type":"EntryPoint","urlTemplate":"https:\/\/strangercam.com\/?s={search_term_string}"},"query-input":{"@type":"PropertyValueSpecification","valueRequired":true,"valueName":"search_term_string"}}],"inLanguage":"ro-RO"},{"@type":"Organization","@id":"https:\/\/strangercam.com\/#organization","name":"Strangercam","alternateName":"Strangercam.com","url":"https:\/\/strangercam.com\/","logo":{"@type":"ImageObject","inLanguage":"ro-RO","@id":"https:\/\/strangercam.com\/#\/schema\/logo\/image\/","url":"https:\/\/strangercam.com\/wp-content\/uploads\/2020\/11\/cropped-new-favicon-black.png","contentUrl":"https:\/\/strangercam.com\/wp-content\/uploads\/2020\/11\/cropped-new-favicon-black.png","width":512,"height":512,"caption":"Strangercam"},"image":{"@id":"https:\/\/strangercam.com\/#\/schema\/logo\/image\/"},"sameAs":["https:\/\/www.facebook.com\/strangercam","https:\/\/x.com\/strangercamapp"]}]}},"_links":{"self":[{"href":"https:\/\/strangercam.com\/ro\/wp-json\/wp\/v2\/pages\/3516","targetHints":{"allow":["GET"]}}],"collection":[{"href":"https:\/\/strangercam.com\/ro\/wp-json\/wp\/v2\/pages"}],"about":[{"href":"https:\/\/strangercam.com\/ro\/wp-json\/wp\/v2\/types\/page"}],"author":[{"embeddable":true,"href":"https:\/\/strangercam.com\/ro\/wp-json\/wp\/v2\/users\/8"}],"replies":[{"embeddable":true,"href":"https:\/\/strangercam.com\/ro\/wp-json\/wp\/v2\/comments?post=3516"}],"version-history":[{"count":2,"href":"https:\/\/strangercam.com\/ro\/wp-json\/wp\/v2\/pages\/3516\/revisions"}],"predecessor-version":[{"id":12969,"href":"https:\/\/strangercam.com\/ro\/wp-json\/wp\/v2\/pages\/3516\/revisions\/12969"}],"wp:attachment":[{"href":"https:\/\/strangercam.com\/ro\/wp-json\/wp\/v2\/media?parent=3516"}],"curies":[{"name":"wp","href":"https:\/\/api.w.org\/{rel}","templated":true}]}}