{"id":3300,"date":"2021-05-09T21:47:49","date_gmt":"2021-05-09T19:47:49","guid":{"rendered":"https:\/\/strangercam.com\/?page_id=3300"},"modified":"2023-08-21T12:24:41","modified_gmt":"2023-08-21T10:24:41","slug":"chatpig","status":"publish","type":"page","link":"https:\/\/strangercam.com\/ro\/chatpig\/","title":{"rendered":"Chatpig"},"content":{"rendered":"<p>Tehnologiile se \u00eembun\u0103t\u0103\u021besc de la o zi la alta, permi\u021b\u00e2nd oamenilor s\u0103 intre \u00een contact cu al\u021bii c\u00e2t mai cur\u00e2nd posibil. De asemenea, acestea ofer\u0103 modalit\u0103\u021bi de a dezvolta rela\u021bii la distan\u021b\u0103 \u0219i de a-\u0219i face noi prieteni prin intermediul site-urilor \u0219i aplica\u021biilor de dating. Site-ul de \u00eent\u00e2lniri Chatpig permite membrilor s\u0103 \u00ee\u0219i asigure distrac\u021bia \u0219i entuziasmul dup\u0103 crearea unui cont. Acesta permite utilizatorilor s\u0103 g\u0103seasc\u0103 cu u\u0219urin\u021b\u0103 noi prieteni din diferite domenii de activitate. Cei care doresc s\u0103 identifice persoane singure \u00eentr-o loca\u021bie pot beneficia foarte mult de pe urma site-ului, deoarece acesta acoper\u0103 caracteristici excelente pentru ei. \u00cen plus, site-ul este cea mai bun\u0103 op\u021biune pentru <a href=\"https:\/\/strangercam.com\/ro\/shagle\/\">adult<\/a> scopuri de \u00eent\u00e2lnire care satisfac nevoile utilizatorilor.<\/p>\n<h2>Cum s\u0103 v\u0103 crea\u021bi un cont pe site-ul de \u00eent\u00e2lniri Chatpig?<\/h2>\n<p>Procesul de \u00eenregistrare este foarte simplu, iar noii membri pot continua pe site fie ca invitat, fie prin crearea unui cont. Pe de alt\u0103 parte, este necesar s\u0103 selecta\u021bi sexul \u0219i s\u0103 accepta\u021bi termenii \u0219i condi\u021biile de pe site \u00een timp ce alege\u021bi op\u021biunea de oaspete. Utilizatorii noi care doresc s\u0103 creeze un cont trebuie s\u0103 aib\u0103 un e-mail valid \u0219i s\u0103 furnizeze o porecl\u0103 cu o parol\u0103 puternic\u0103. Trebuie introdus codul de activare pentru validarea contului dup\u0103 primirea acestuia prin e-mail.<\/p>\n<h3>Afla\u021bi mai multe despre adult cam chat<\/h3>\n<p>Site-ul de \u00eent\u00e2lniri ofer\u0103 adul\u021bi <a href=\"https:\/\/strangercam.com\/ro\/bazoocam\/\">came<\/a> <a href=\"https:\/\/strangercam.com\/ro\/chatroulette\/\">chat<\/a> servicii pentru ca utilizatorii s\u0103 converseze cu modele \u0219i alte persoane \u00een consecin\u021b\u0103. O persoan\u0103 se poate conecta la site folosind porecla \u0219i parola sa pentru a \u00eencepe s\u0103 converseze cu al\u021bii. \u00cen plus, membrii pot chiar s\u0103 aleag\u0103 tipul de camer\u0103 web pe care \u00eel doresc dup\u0103 ce evalueaz\u0103 categoriile \u00een detaliu. Este singura platform\u0103 de chat cu camere web unde utilizatorii pot vorbi cu b\u0103rba\u021bi, femei, cupluri \u0219i al\u021bii. \u00cen afar\u0103 de aceasta, se poate discuta cu orice gen f\u0103r\u0103 a utiliza un filtru de gen. Cu toate acestea, utilizatorii trebuie s\u0103 respecte regulile \u0219i reglement\u0103rile \u00een detaliu \u00een timp ce discut\u0103 cu <a href=\"https:\/\/strangercam.com\/ro\/video-chat-cu-femei\/\">fete<\/a>.<\/p>\n<h3>Care sunt caracteristicile Chatpig?<\/h3>\n<p>Mai multe camere de chat sunt disponibile pe site, unde se pot g\u0103si cu u\u0219urin\u021b\u0103 numero\u0219i b\u0103ie\u021bi \u0219i fete sexy. Site-ul ofer\u0103 modalit\u0103\u021bi de a trimite mesaje text, imagini \u0219i emoji altor persoane, care vor ajuta la identificarea persoanelor care \u00eemp\u0103rt\u0103\u0219esc interese comune. Utilizatorii pot cump\u0103ra chiar \u0219i un jeton de pe site pentru a deveni membri. Alte caracteristici oferite de site includ o interfa\u021b\u0103 de calitate, calitatea audien\u021bei, securitatea \u0219i confiden\u021bialitatea, ar\u0103t\u00e2nd astfel modalit\u0103\u021bi de a asigura o experien\u021b\u0103 bun\u0103. \u00cen acela\u0219i timp, este \u00een\u021belept s\u0103 urma\u021bi termenii \u0219i condi\u021biile \u00een mod corespunz\u0103tor \u00eenainte de a crea un cont pe site-ul care ajut\u0103 la <a href=\"https:\/\/strangercam.com\/ro\/coomeet\/\">\u00eent\u00e2lnire<\/a> nevoi esen\u021biale.<\/p>","protected":false},"excerpt":{"rendered":"<p>Technologies are improving day by day allowing people to connect with others as soon as possible. They also provide ways to develop long-distance relationships and make new friends through dating sites and apps. Chatpig dating website enables members to ensure fun and excitement after creating an account. It enables users to find new friends from [&hellip;]<\/p>\n","protected":false},"author":6,"featured_media":559,"parent":0,"menu_order":0,"comment_status":"closed","ping_status":"closed","template":"","meta":{"footnotes":""},"class_list":["post-3300","page","type-page","status-publish","has-post-thumbnail","hentry"],"yoast_head":"<!-- This site is optimized with the Yoast SEO plugin v26.9 - https:\/\/yoast.com\/product\/yoast-seo-wordpress\/ -->\n<title>Chatpig - Most Popular Video Chats - Cam on StrangerCam.com<\/title>\n<meta name=\"description\" content=\"Like Chatpig? Come chat with more than 5.000.000 strangers on Stranger Cam for Free! Turn on your cam and find new friends &amp; maby a match!\" \/>\n<meta name=\"robots\" content=\"index, follow, max-snippet:-1, max-image-preview:large, max-video-preview:-1\" \/>\n<link rel=\"canonical\" href=\"https:\/\/strangercam.com\/ro\/chatpig\/\" \/>\n<meta property=\"og:locale\" content=\"ro_RO\" \/>\n<meta property=\"og:type\" content=\"article\" \/>\n<meta property=\"og:title\" content=\"Chatpig - Most Popular Video Chats - Cam on StrangerCam.com\" \/>\n<meta property=\"og:description\" content=\"Like Chatpig? Come chat with more than 5.000.000 strangers on Stranger Cam for Free! Turn on your cam and find new friends &amp; maby a match!\" \/>\n<meta property=\"og:url\" content=\"https:\/\/strangercam.com\/ro\/chatpig\/\" \/>\n<meta property=\"og:site_name\" content=\"Strangercam\" \/>\n<meta property=\"article:publisher\" content=\"https:\/\/www.facebook.com\/strangercam\" \/>\n<meta property=\"article:modified_time\" content=\"2023-08-21T10:24:41+00:00\" \/>\n<meta property=\"og:image\" content=\"https:\/\/strangercam.com\/wp-content\/uploads\/2020\/11\/stranger-cam-1.png\" \/>\n\t<meta property=\"og:image:width\" content=\"800\" \/>\n\t<meta property=\"og:image:height\" content=\"800\" \/>\n\t<meta property=\"og:image:type\" content=\"image\/png\" \/>\n<meta name=\"twitter:card\" content=\"summary_large_image\" \/>\n<meta name=\"twitter:site\" content=\"@strangercamapp\" \/>\n<meta name=\"twitter:label1\" content=\"Timp estimat pentru citire\" \/>\n\t<meta name=\"twitter:data1\" content=\"2 minute\" \/>\n<script type=\"application\/ld+json\" class=\"yoast-schema-graph\">{\"@context\":\"https:\/\/schema.org\",\"@graph\":[{\"@type\":\"WebPage\",\"@id\":\"https:\/\/strangercam.com\/chatpig\/\",\"url\":\"https:\/\/strangercam.com\/chatpig\/\",\"name\":\"Chatpig - Most Popular Video Chats - Cam on StrangerCam.com\",\"isPartOf\":{\"@id\":\"https:\/\/strangercam.com\/#website\"},\"primaryImageOfPage\":{\"@id\":\"https:\/\/strangercam.com\/chatpig\/#primaryimage\"},\"image\":{\"@id\":\"https:\/\/strangercam.com\/chatpig\/#primaryimage\"},\"thumbnailUrl\":\"https:\/\/strangercam.com\/wp-content\/uploads\/2020\/11\/stranger-cam-1.png\",\"datePublished\":\"2021-05-09T19:47:49+00:00\",\"dateModified\":\"2023-08-21T10:24:41+00:00\",\"description\":\"Like Chatpig? Come chat with more than 5.000.000 strangers on Stranger Cam for Free! Turn on your cam and find new friends & maby a match!\",\"breadcrumb\":{\"@id\":\"https:\/\/strangercam.com\/chatpig\/#breadcrumb\"},\"inLanguage\":\"ro-RO\",\"potentialAction\":[{\"@type\":\"ReadAction\",\"target\":[\"https:\/\/strangercam.com\/chatpig\/\"]}]},{\"@type\":\"ImageObject\",\"inLanguage\":\"ro-RO\",\"@id\":\"https:\/\/strangercam.com\/chatpig\/#primaryimage\",\"url\":\"https:\/\/strangercam.com\/wp-content\/uploads\/2020\/11\/stranger-cam-1.png\",\"contentUrl\":\"https:\/\/strangercam.com\/wp-content\/uploads\/2020\/11\/stranger-cam-1.png\",\"width\":800,\"height\":800,\"caption\":\"stranger cam random video chat\"},{\"@type\":\"BreadcrumbList\",\"@id\":\"https:\/\/strangercam.com\/chatpig\/#breadcrumb\",\"itemListElement\":[{\"@type\":\"ListItem\",\"position\":1,\"name\":\"Home\",\"item\":\"https:\/\/strangercam.com\/\"},{\"@type\":\"ListItem\",\"position\":2,\"name\":\"Chatpig\"}]},{\"@type\":\"WebSite\",\"@id\":\"https:\/\/strangercam.com\/#website\",\"url\":\"https:\/\/strangercam.com\/\",\"name\":\"Strangercam\",\"description\":\"Random Video Chat with Strangers\",\"publisher\":{\"@id\":\"https:\/\/strangercam.com\/#organization\"},\"alternateName\":\"Strangercam.com\",\"potentialAction\":[{\"@type\":\"SearchAction\",\"target\":{\"@type\":\"EntryPoint\",\"urlTemplate\":\"https:\/\/strangercam.com\/?s={search_term_string}\"},\"query-input\":{\"@type\":\"PropertyValueSpecification\",\"valueRequired\":true,\"valueName\":\"search_term_string\"}}],\"inLanguage\":\"ro-RO\"},{\"@type\":\"Organization\",\"@id\":\"https:\/\/strangercam.com\/#organization\",\"name\":\"Strangercam\",\"alternateName\":\"Strangercam.com\",\"url\":\"https:\/\/strangercam.com\/\",\"logo\":{\"@type\":\"ImageObject\",\"inLanguage\":\"ro-RO\",\"@id\":\"https:\/\/strangercam.com\/#\/schema\/logo\/image\/\",\"url\":\"https:\/\/strangercam.com\/wp-content\/uploads\/2020\/11\/cropped-new-favicon-black.png\",\"contentUrl\":\"https:\/\/strangercam.com\/wp-content\/uploads\/2020\/11\/cropped-new-favicon-black.png\",\"width\":512,\"height\":512,\"caption\":\"Strangercam\"},\"image\":{\"@id\":\"https:\/\/strangercam.com\/#\/schema\/logo\/image\/\"},\"sameAs\":[\"https:\/\/www.facebook.com\/strangercam\",\"https:\/\/x.com\/strangercamapp\"]}]}<\/script>\n<!-- \/ Yoast SEO plugin. -->","yoast_head_json":{"title":"Chatpig - Cele mai populare conversa\u021bii video - Cam pe StrangerCam.com","description":"\u00ce\u021bi place Chatpig? Vino s\u0103 vorbe\u0219ti cu mai mult de 5.000.000 de str\u0103ini pe Stranger Cam Gratuit! Porne\u0219te-\u021bi camera \u0219i g\u0103se\u0219te prieteni noi \u0219i poate o pereche!","robots":{"index":"index","follow":"follow","max-snippet":"max-snippet:-1","max-image-preview":"max-image-preview:large","max-video-preview":"max-video-preview:-1"},"canonical":"https:\/\/strangercam.com\/ro\/chatpig\/","og_locale":"ro_RO","og_type":"article","og_title":"Chatpig - Most Popular Video Chats - Cam on StrangerCam.com","og_description":"Like Chatpig? Come chat with more than 5.000.000 strangers on Stranger Cam for Free! Turn on your cam and find new friends & maby a match!","og_url":"https:\/\/strangercam.com\/ro\/chatpig\/","og_site_name":"Strangercam","article_publisher":"https:\/\/www.facebook.com\/strangercam","article_modified_time":"2023-08-21T10:24:41+00:00","og_image":[{"width":800,"height":800,"url":"https:\/\/strangercam.com\/wp-content\/uploads\/2020\/11\/stranger-cam-1.png","type":"image\/png"}],"twitter_card":"summary_large_image","twitter_site":"@strangercamapp","twitter_misc":{"Timp estimat pentru citire":"2 minute"},"schema":{"@context":"https:\/\/schema.org","@graph":[{"@type":"WebPage","@id":"https:\/\/strangercam.com\/chatpig\/","url":"https:\/\/strangercam.com\/chatpig\/","name":"Chatpig - Cele mai populare conversa\u021bii video - Cam pe StrangerCam.com","isPartOf":{"@id":"https:\/\/strangercam.com\/#website"},"primaryImageOfPage":{"@id":"https:\/\/strangercam.com\/chatpig\/#primaryimage"},"image":{"@id":"https:\/\/strangercam.com\/chatpig\/#primaryimage"},"thumbnailUrl":"https:\/\/strangercam.com\/wp-content\/uploads\/2020\/11\/stranger-cam-1.png","datePublished":"2021-05-09T19:47:49+00:00","dateModified":"2023-08-21T10:24:41+00:00","description":"\u00ce\u021bi place Chatpig? Vino s\u0103 vorbe\u0219ti cu mai mult de 5.000.000 de str\u0103ini pe Stranger Cam Gratuit! Porne\u0219te-\u021bi camera \u0219i g\u0103se\u0219te prieteni noi \u0219i poate o pereche!","breadcrumb":{"@id":"https:\/\/strangercam.com\/chatpig\/#breadcrumb"},"inLanguage":"ro-RO","potentialAction":[{"@type":"ReadAction","target":["https:\/\/strangercam.com\/chatpig\/"]}]},{"@type":"ImageObject","inLanguage":"ro-RO","@id":"https:\/\/strangercam.com\/chatpig\/#primaryimage","url":"https:\/\/strangercam.com\/wp-content\/uploads\/2020\/11\/stranger-cam-1.png","contentUrl":"https:\/\/strangercam.com\/wp-content\/uploads\/2020\/11\/stranger-cam-1.png","width":800,"height":800,"caption":"stranger cam random video chat"},{"@type":"BreadcrumbList","@id":"https:\/\/strangercam.com\/chatpig\/#breadcrumb","itemListElement":[{"@type":"ListItem","position":1,"name":"Home","item":"https:\/\/strangercam.com\/"},{"@type":"ListItem","position":2,"name":"Chatpig"}]},{"@type":"WebSite","@id":"https:\/\/strangercam.com\/#website","url":"https:\/\/strangercam.com\/","name":"Strangercam","description":"Chat video aleatoriu cu str\u0103ini","publisher":{"@id":"https:\/\/strangercam.com\/#organization"},"alternateName":"Strangercam.com","potentialAction":[{"@type":"SearchAction","target":{"@type":"EntryPoint","urlTemplate":"https:\/\/strangercam.com\/?s={search_term_string}"},"query-input":{"@type":"PropertyValueSpecification","valueRequired":true,"valueName":"search_term_string"}}],"inLanguage":"ro-RO"},{"@type":"Organization","@id":"https:\/\/strangercam.com\/#organization","name":"Strangercam","alternateName":"Strangercam.com","url":"https:\/\/strangercam.com\/","logo":{"@type":"ImageObject","inLanguage":"ro-RO","@id":"https:\/\/strangercam.com\/#\/schema\/logo\/image\/","url":"https:\/\/strangercam.com\/wp-content\/uploads\/2020\/11\/cropped-new-favicon-black.png","contentUrl":"https:\/\/strangercam.com\/wp-content\/uploads\/2020\/11\/cropped-new-favicon-black.png","width":512,"height":512,"caption":"Strangercam"},"image":{"@id":"https:\/\/strangercam.com\/#\/schema\/logo\/image\/"},"sameAs":["https:\/\/www.facebook.com\/strangercam","https:\/\/x.com\/strangercamapp"]}]}},"_links":{"self":[{"href":"https:\/\/strangercam.com\/ro\/wp-json\/wp\/v2\/pages\/3300","targetHints":{"allow":["GET"]}}],"collection":[{"href":"https:\/\/strangercam.com\/ro\/wp-json\/wp\/v2\/pages"}],"about":[{"href":"https:\/\/strangercam.com\/ro\/wp-json\/wp\/v2\/types\/page"}],"author":[{"embeddable":true,"href":"https:\/\/strangercam.com\/ro\/wp-json\/wp\/v2\/users\/6"}],"replies":[{"embeddable":true,"href":"https:\/\/strangercam.com\/ro\/wp-json\/wp\/v2\/comments?post=3300"}],"version-history":[{"count":0,"href":"https:\/\/strangercam.com\/ro\/wp-json\/wp\/v2\/pages\/3300\/revisions"}],"wp:featuredmedia":[{"embeddable":true,"href":"https:\/\/strangercam.com\/ro\/wp-json\/wp\/v2\/media\/559"}],"wp:attachment":[{"href":"https:\/\/strangercam.com\/ro\/wp-json\/wp\/v2\/media?parent=3300"}],"curies":[{"name":"wp","href":"https:\/\/api.w.org\/{rel}","templated":true}]}}