{"id":3283,"date":"2021-05-09T21:43:36","date_gmt":"2021-05-09T19:43:36","guid":{"rendered":"https:\/\/strangercam.com\/?page_id=3283"},"modified":"2023-08-21T11:40:07","modified_gmt":"2023-08-21T09:40:07","slug":"allotalk","status":"publish","type":"page","link":"https:\/\/strangercam.com\/ro\/allotalk\/","title":{"rendered":"Allotalk"},"content":{"rendered":"<p>Un site de \u00eent\u00e2lniri le permite utilizatorilor s\u0103 g\u0103seasc\u0103 cu u\u0219urin\u021b\u0103 persoane singure, precum \u0219i noi prieteni \u00eentr-o anumit\u0103 loca\u021bie. Pe de alt\u0103 parte, noii membri ar trebui s\u0103 aleag\u0103 site-ul potrivit, care s\u0103 se adapteze nevoilor lor \u0219i altor lucruri. Allotalk este un site de \u00eent\u00e2lniri destinat adolescen\u021bilor, persoanelor singure \u0219i str\u0103inilor care doresc s\u0103 <a href=\"https:\/\/strangercam.com\/ro\/chatroulette\/\">chat<\/a> cu <a href=\"https:\/\/strangercam.com\/ro\/chatrandom\/\">aleatoriu<\/a> oameni prin intermediul camerelor de chat. Acesta este <a href=\"https:\/\/strangercam.com\/ro\/1v1-chat\/\">una<\/a> una dintre cele mai sigure platforme de chat online pentru adolescen\u021bi, care le permite acestora s\u0103 identifice cu u\u0219urin\u021b\u0103 prieteni adev\u0103ra\u021bi. Platforma este op\u021biunea potrivit\u0103 pentru cei care doresc s\u0103 <a href=\"https:\/\/strangercam.com\/ro\/coomeet\/\">\u00eent\u00e2lnire<\/a> persoane singure cu culturi diferite.<\/p>\n<h2>Cum s\u0103 utiliza\u021bi site-ul de dating Allotalk?<\/h2>\n<p>Site-ul de \u00eent\u00e2lniri ofer\u0103 modalit\u0103\u021bi de a purta conversa\u021bii cu alte persoane prin intermediul camerelor de chat \u0219i al chat-ului privat. Acesta acoper\u0103 opt camere de chat pentru adolescen\u021bi, permi\u021b\u00e2ndu-le s\u0103 \u00ee\u0219i fac\u0103 prieteni din diferite p\u0103r\u021bi ale lumii. Oricine dore\u0219te s\u0103 se \u00eenregistreze pe acest site \u00ee\u0219i poate folosi contul de Facebook sau Twitter. Pe de alt\u0103 parte, ar trebui s\u0103 utilizeze acela\u0219i nume de utilizator \u0219i aceea\u0219i parol\u0103 \u00een timpul procesului de \u00eenregistrare, care va ajuta la \u00eendeplinirea obiectivelor. \u00cen plus, platforma ofer\u0103 o op\u021biune de invitat pentru utilizatorii noi \u0219i ace\u0219tia trebuie s\u0103 furnizeze doar un nume de utilizator \u0219i s\u0103 introduc\u0103 caseta captcha pentru confirmare.<\/p>\n<h2>Care sunt avantajele \u0219i dezavantajele?<\/h2>\n<p>Site-ul are un design simplu \u0219i o interfa\u021b\u0103 utilizator care permite membrilor s\u0103 comunice cu al\u021bii cu u\u0219urin\u021b\u0103. \u00cen afar\u0103 de aceasta, acesta ofer\u0103 metode de a trimite mesaje private altor persoane care vor ajuta la construirea de prietenii cu u\u0219urin\u021b\u0103. Utilizatorii pot chiar s\u0103 trimit\u0103 cadouri \u0219i videoclipuri YouTube \u00een cadrul unui chat de grup pentru a invita mai mul\u021bi prieteni. Un alt lucru despre site este c\u0103 ofer\u0103 metode pentru a crea propria camer\u0103 de chat \u00een func\u021bie de alegeri \u0219i preferin\u021be. Deoarece toate camerele de chat ruleaz\u0103 rapid, nu necesit\u0103 niciun plug-in. De\u0219i versiunea aplica\u021biei este convenabil de utilizat, aceasta este disponibil\u0103 numai pentru telefoanele android.<\/p>\n<h2>Care sunt planurile de tarifare?<\/h2>\n<p>\u00cenainte de a crea un cont, ar trebui s\u0103 cunoa\u0219te\u021bi \u00een detaliu planurile de tarifare care v\u0103 vor ajuta s\u0103 lua\u021bi decizia corect\u0103. Allotalk ofer\u0103 at\u00e2t <a href=\"https:\/\/strangercam.com\/ro\/chat4free\/\">liber<\/a> \u0219i servicii pl\u0103tite pentru utilizatori, iar ace\u0219tia le pot alege pe cele mai bune dup\u0103 ce fac cercet\u0103ri. Acesta ofer\u0103 planuri lunare, trimestriale \u0219i anuale pentru noii membri, indic\u00e2nd astfel modalit\u0103\u021bi de a ob\u021bine beneficii excelente. Serviciile pl\u0103tite permit utilizatorilor s\u0103 \u00ee\u0219i \u00eencarce imaginile, s\u0103 vizualizeze mesajele de chat \u0219i s\u0103 trimit\u0103 mesaje vocale. Cu toate acestea, este necesar s\u0103 citi\u021bi termenii \u0219i condi\u021biile \u00een detaliu \u00een timpul cre\u0103rii unui cont. Site-ul este cea mai bun\u0103 alegere pentru a identifica persoane care g\u00e2ndesc la fel din diferite domenii ale vie\u021bii, f\u0103r\u0103 niciun fel de complica\u021bii.<\/p>","protected":false},"excerpt":{"rendered":"<p>A dating website allows users to find singles as well as new friends in a location easily. On the other hand, new members should choose the right website which tailors to their needs and other things. Allotalk is a dating website meant for teenagers, singles, and strangers who want to chat with random people through [&hellip;]<\/p>\n","protected":false},"author":6,"featured_media":559,"parent":0,"menu_order":0,"comment_status":"closed","ping_status":"closed","template":"","meta":{"footnotes":""},"class_list":["post-3283","page","type-page","status-publish","has-post-thumbnail","hentry"],"yoast_head":"<!-- This site is optimized with the Yoast SEO plugin v27.4 - https:\/\/yoast.com\/product\/yoast-seo-wordpress\/ -->\n<title>Allotalk - Most Popular Video Chats - Cam on StrangerCam.com<\/title>\n<meta name=\"description\" content=\"Like Allotalk? Come chat with more than 5.000.000 strangers on Stranger Cam for Free! Turn on your cam and find new friends &amp; maby a match!\" \/>\n<meta name=\"robots\" content=\"index, follow, max-snippet:-1, max-image-preview:large, max-video-preview:-1\" \/>\n<link rel=\"canonical\" href=\"https:\/\/strangercam.com\/ro\/allotalk\/\" \/>\n<meta property=\"og:locale\" content=\"ro_RO\" \/>\n<meta property=\"og:type\" content=\"article\" \/>\n<meta property=\"og:title\" content=\"Allotalk - Most Popular Video Chats - Cam on StrangerCam.com\" \/>\n<meta property=\"og:description\" content=\"Like Allotalk? Come chat with more than 5.000.000 strangers on Stranger Cam for Free! Turn on your cam and find new friends &amp; maby a match!\" \/>\n<meta property=\"og:url\" content=\"https:\/\/strangercam.com\/ro\/allotalk\/\" \/>\n<meta property=\"og:site_name\" content=\"Strangercam\" \/>\n<meta property=\"article:publisher\" content=\"https:\/\/www.facebook.com\/strangercam\" \/>\n<meta property=\"article:modified_time\" content=\"2023-08-21T09:40:07+00:00\" \/>\n<meta property=\"og:image\" content=\"https:\/\/strangercam.com\/wp-content\/uploads\/2020\/11\/stranger-cam-1.png\" \/>\n\t<meta property=\"og:image:width\" content=\"800\" \/>\n\t<meta property=\"og:image:height\" content=\"800\" \/>\n\t<meta property=\"og:image:type\" content=\"image\/png\" \/>\n<meta name=\"twitter:card\" content=\"summary_large_image\" \/>\n<meta name=\"twitter:site\" content=\"@strangercamapp\" \/>\n<meta name=\"twitter:label1\" content=\"Timp estimat pentru citire\" \/>\n\t<meta name=\"twitter:data1\" content=\"2 minute\" \/>\n<script type=\"application\/ld+json\" class=\"yoast-schema-graph\">{\"@context\":\"https:\\\/\\\/schema.org\",\"@graph\":[{\"@type\":\"WebPage\",\"@id\":\"https:\\\/\\\/strangercam.com\\\/allotalk\\\/\",\"url\":\"https:\\\/\\\/strangercam.com\\\/allotalk\\\/\",\"name\":\"Allotalk - Most Popular Video Chats - Cam on StrangerCam.com\",\"isPartOf\":{\"@id\":\"https:\\\/\\\/strangercam.com\\\/#website\"},\"primaryImageOfPage\":{\"@id\":\"https:\\\/\\\/strangercam.com\\\/allotalk\\\/#primaryimage\"},\"image\":{\"@id\":\"https:\\\/\\\/strangercam.com\\\/allotalk\\\/#primaryimage\"},\"thumbnailUrl\":\"https:\\\/\\\/strangercam.com\\\/wp-content\\\/uploads\\\/2020\\\/11\\\/stranger-cam-1.png\",\"datePublished\":\"2021-05-09T19:43:36+00:00\",\"dateModified\":\"2023-08-21T09:40:07+00:00\",\"description\":\"Like Allotalk? Come chat with more than 5.000.000 strangers on Stranger Cam for Free! Turn on your cam and find new friends & maby a match!\",\"breadcrumb\":{\"@id\":\"https:\\\/\\\/strangercam.com\\\/allotalk\\\/#breadcrumb\"},\"inLanguage\":\"ro-RO\",\"potentialAction\":[{\"@type\":\"ReadAction\",\"target\":[\"https:\\\/\\\/strangercam.com\\\/allotalk\\\/\"]}]},{\"@type\":\"ImageObject\",\"inLanguage\":\"ro-RO\",\"@id\":\"https:\\\/\\\/strangercam.com\\\/allotalk\\\/#primaryimage\",\"url\":\"https:\\\/\\\/strangercam.com\\\/wp-content\\\/uploads\\\/2020\\\/11\\\/stranger-cam-1.png\",\"contentUrl\":\"https:\\\/\\\/strangercam.com\\\/wp-content\\\/uploads\\\/2020\\\/11\\\/stranger-cam-1.png\",\"width\":800,\"height\":800,\"caption\":\"stranger cam random video chat\"},{\"@type\":\"BreadcrumbList\",\"@id\":\"https:\\\/\\\/strangercam.com\\\/allotalk\\\/#breadcrumb\",\"itemListElement\":[{\"@type\":\"ListItem\",\"position\":1,\"name\":\"Home\",\"item\":\"https:\\\/\\\/strangercam.com\\\/\"},{\"@type\":\"ListItem\",\"position\":2,\"name\":\"Allotalk\"}]},{\"@type\":\"WebSite\",\"@id\":\"https:\\\/\\\/strangercam.com\\\/#website\",\"url\":\"https:\\\/\\\/strangercam.com\\\/\",\"name\":\"Strangercam\",\"description\":\"Random Video Chat with Strangers\",\"publisher\":{\"@id\":\"https:\\\/\\\/strangercam.com\\\/#organization\"},\"alternateName\":\"Strangercam.com\",\"potentialAction\":[{\"@type\":\"SearchAction\",\"target\":{\"@type\":\"EntryPoint\",\"urlTemplate\":\"https:\\\/\\\/strangercam.com\\\/?s={search_term_string}\"},\"query-input\":{\"@type\":\"PropertyValueSpecification\",\"valueRequired\":true,\"valueName\":\"search_term_string\"}}],\"inLanguage\":\"ro-RO\"},{\"@type\":\"Organization\",\"@id\":\"https:\\\/\\\/strangercam.com\\\/#organization\",\"name\":\"Strangercam\",\"alternateName\":\"Strangercam.com\",\"url\":\"https:\\\/\\\/strangercam.com\\\/\",\"logo\":{\"@type\":\"ImageObject\",\"inLanguage\":\"ro-RO\",\"@id\":\"https:\\\/\\\/strangercam.com\\\/#\\\/schema\\\/logo\\\/image\\\/\",\"url\":\"https:\\\/\\\/strangercam.com\\\/wp-content\\\/uploads\\\/2020\\\/11\\\/cropped-new-favicon-black.png\",\"contentUrl\":\"https:\\\/\\\/strangercam.com\\\/wp-content\\\/uploads\\\/2020\\\/11\\\/cropped-new-favicon-black.png\",\"width\":512,\"height\":512,\"caption\":\"Strangercam\"},\"image\":{\"@id\":\"https:\\\/\\\/strangercam.com\\\/#\\\/schema\\\/logo\\\/image\\\/\"},\"sameAs\":[\"https:\\\/\\\/www.facebook.com\\\/strangercam\",\"https:\\\/\\\/x.com\\\/strangercamapp\"]}]}<\/script>\n<!-- \/ Yoast SEO plugin. -->","yoast_head_json":{"title":"Allotalk - Cele mai populare conversa\u021bii video - Cam pe StrangerCam.com","description":"\u00ce\u021bi place Allotalk? Vino s\u0103 vorbe\u0219ti cu mai mult de 5.000.000 de str\u0103ini pe Stranger Cam Gratuit! Porne\u0219te-\u021bi camera \u0219i g\u0103se\u0219te prieteni noi \u0219i poate o pereche!","robots":{"index":"index","follow":"follow","max-snippet":"max-snippet:-1","max-image-preview":"max-image-preview:large","max-video-preview":"max-video-preview:-1"},"canonical":"https:\/\/strangercam.com\/ro\/allotalk\/","og_locale":"ro_RO","og_type":"article","og_title":"Allotalk - Most Popular Video Chats - Cam on StrangerCam.com","og_description":"Like Allotalk? Come chat with more than 5.000.000 strangers on Stranger Cam for Free! Turn on your cam and find new friends & maby a match!","og_url":"https:\/\/strangercam.com\/ro\/allotalk\/","og_site_name":"Strangercam","article_publisher":"https:\/\/www.facebook.com\/strangercam","article_modified_time":"2023-08-21T09:40:07+00:00","og_image":[{"width":800,"height":800,"url":"https:\/\/strangercam.com\/wp-content\/uploads\/2020\/11\/stranger-cam-1.png","type":"image\/png"}],"twitter_card":"summary_large_image","twitter_site":"@strangercamapp","twitter_misc":{"Timp estimat pentru citire":"2 minute"},"schema":{"@context":"https:\/\/schema.org","@graph":[{"@type":"WebPage","@id":"https:\/\/strangercam.com\/allotalk\/","url":"https:\/\/strangercam.com\/allotalk\/","name":"Allotalk - Cele mai populare conversa\u021bii video - Cam pe StrangerCam.com","isPartOf":{"@id":"https:\/\/strangercam.com\/#website"},"primaryImageOfPage":{"@id":"https:\/\/strangercam.com\/allotalk\/#primaryimage"},"image":{"@id":"https:\/\/strangercam.com\/allotalk\/#primaryimage"},"thumbnailUrl":"https:\/\/strangercam.com\/wp-content\/uploads\/2020\/11\/stranger-cam-1.png","datePublished":"2021-05-09T19:43:36+00:00","dateModified":"2023-08-21T09:40:07+00:00","description":"\u00ce\u021bi place Allotalk? Vino s\u0103 vorbe\u0219ti cu mai mult de 5.000.000 de str\u0103ini pe Stranger Cam Gratuit! Porne\u0219te-\u021bi camera \u0219i g\u0103se\u0219te prieteni noi \u0219i poate o pereche!","breadcrumb":{"@id":"https:\/\/strangercam.com\/allotalk\/#breadcrumb"},"inLanguage":"ro-RO","potentialAction":[{"@type":"ReadAction","target":["https:\/\/strangercam.com\/allotalk\/"]}]},{"@type":"ImageObject","inLanguage":"ro-RO","@id":"https:\/\/strangercam.com\/allotalk\/#primaryimage","url":"https:\/\/strangercam.com\/wp-content\/uploads\/2020\/11\/stranger-cam-1.png","contentUrl":"https:\/\/strangercam.com\/wp-content\/uploads\/2020\/11\/stranger-cam-1.png","width":800,"height":800,"caption":"stranger cam random video chat"},{"@type":"BreadcrumbList","@id":"https:\/\/strangercam.com\/allotalk\/#breadcrumb","itemListElement":[{"@type":"ListItem","position":1,"name":"Home","item":"https:\/\/strangercam.com\/"},{"@type":"ListItem","position":2,"name":"Allotalk"}]},{"@type":"WebSite","@id":"https:\/\/strangercam.com\/#website","url":"https:\/\/strangercam.com\/","name":"Strangercam","description":"Chat video aleatoriu cu str\u0103ini","publisher":{"@id":"https:\/\/strangercam.com\/#organization"},"alternateName":"Strangercam.com","potentialAction":[{"@type":"SearchAction","target":{"@type":"EntryPoint","urlTemplate":"https:\/\/strangercam.com\/?s={search_term_string}"},"query-input":{"@type":"PropertyValueSpecification","valueRequired":true,"valueName":"search_term_string"}}],"inLanguage":"ro-RO"},{"@type":"Organization","@id":"https:\/\/strangercam.com\/#organization","name":"Strangercam","alternateName":"Strangercam.com","url":"https:\/\/strangercam.com\/","logo":{"@type":"ImageObject","inLanguage":"ro-RO","@id":"https:\/\/strangercam.com\/#\/schema\/logo\/image\/","url":"https:\/\/strangercam.com\/wp-content\/uploads\/2020\/11\/cropped-new-favicon-black.png","contentUrl":"https:\/\/strangercam.com\/wp-content\/uploads\/2020\/11\/cropped-new-favicon-black.png","width":512,"height":512,"caption":"Strangercam"},"image":{"@id":"https:\/\/strangercam.com\/#\/schema\/logo\/image\/"},"sameAs":["https:\/\/www.facebook.com\/strangercam","https:\/\/x.com\/strangercamapp"]}]}},"_links":{"self":[{"href":"https:\/\/strangercam.com\/ro\/wp-json\/wp\/v2\/pages\/3283","targetHints":{"allow":["GET"]}}],"collection":[{"href":"https:\/\/strangercam.com\/ro\/wp-json\/wp\/v2\/pages"}],"about":[{"href":"https:\/\/strangercam.com\/ro\/wp-json\/wp\/v2\/types\/page"}],"author":[{"embeddable":true,"href":"https:\/\/strangercam.com\/ro\/wp-json\/wp\/v2\/users\/6"}],"replies":[{"embeddable":true,"href":"https:\/\/strangercam.com\/ro\/wp-json\/wp\/v2\/comments?post=3283"}],"version-history":[{"count":0,"href":"https:\/\/strangercam.com\/ro\/wp-json\/wp\/v2\/pages\/3283\/revisions"}],"wp:featuredmedia":[{"embeddable":true,"href":"https:\/\/strangercam.com\/ro\/wp-json\/wp\/v2\/media\/559"}],"wp:attachment":[{"href":"https:\/\/strangercam.com\/ro\/wp-json\/wp\/v2\/media?parent=3283"}],"curies":[{"name":"wp","href":"https:\/\/api.w.org\/{rel}","templated":true}]}}