{"id":3197,"date":"2021-05-09T21:20:36","date_gmt":"2021-05-09T19:20:36","guid":{"rendered":"https:\/\/strangercam.com\/?page_id=3197"},"modified":"2023-08-21T12:24:41","modified_gmt":"2023-08-21T10:24:41","slug":"chatous","status":"publish","type":"page","link":"https:\/\/strangercam.com\/ro\/chatous\/","title":{"rendered":"Chatous"},"content":{"rendered":"<p>Un site de \u00eent\u00e2lniri este un loc potrivit pentru cei care doresc s\u0103 <a href=\"https:\/\/strangercam.com\/ro\/coomeet\/\">\u00eent\u00e2lnire<\/a> persoanele lor de vis atunci c\u00e2nd vine vorba de rela\u021bii la distan\u021b\u0103. \u00cen acela\u0219i timp, nu toate site-urile de \u00eent\u00e2lniri sunt la fel care necesit\u0103 mai mult\u0103 aten\u021bie. Alegerea site-ului de dating potrivit permite utilizatorilor s\u0103 \u00ee\u0219i fac\u0103 noi prieteni \u0219i tovar\u0103\u0219i din mai multe curente de via\u021b\u0103.<\/p>\n<p>Exist\u0103 un impuls natural \u00een natura uman\u0103 de a vorbi cu str\u0103inii \u0219i de a \u00eemp\u0103rt\u0103\u0219i experien\u021be unii cu al\u021bii. Nu se poate ascunde pentru o perioad\u0103 mai lung\u0103 de timp. \u00cen cele din urm\u0103, trebuie s\u0103 mergi \u00een aceast\u0103 direc\u021bie. \u00cen aceast\u0103 lume digitalizat\u0103, ea este mai accesibil\u0103 ca niciodat\u0103. Chatous a adus un sistem puternic combinat cu AI pentru a v\u0103 ajuta s\u0103 v\u0103 \u00eendeplini\u021bi visul de a vorbi cu str\u0103inii.<\/p>\n<p>Site-ul de dating Chatous ofer\u0103 caracteristici excelente pentru b\u0103ie\u021bi,\u00a0<a href=\"https:\/\/strangercam.com\/ro\/video-chat-cu-femei\/\">fete<\/a>, b\u0103rba\u021bi \u0219i femei pentru a identifica rapid persoanele care caut\u0103 prietenie, distrac\u021bie sau dragoste. Site-ul ofer\u0103 modalit\u0103\u021bi de a interac\u021biona cu alte persoane pentru a le cunoa\u0219te interesele \u0219i alte detalii.<\/p>\n<h2>Confiden\u021bialitate \u0219i control<\/h2>\n<p>Principala preocupare a utilizatorilor care doresc s\u0103 utilizeze platforma de chat online pentru chat online este confiden\u021bialitatea \u0219i securitatea. Ei \u00ee\u0219i fac griji c\u0103 vor fi expu\u0219i. Nimeni nu vrea s\u0103 se arunce \u00een nimic f\u0103r\u0103 s\u0103 \u0219tie c\u0103 aici sunt \u00een siguran\u021b\u0103.<\/p>\n<p>Site-urile de dating Chatous propun solu\u021bii permanente la aceast\u0103 preocupare a utilizatorilor. Acestea au un sistem puternic de confiden\u021bialitate \u0219i control. Pute\u021bi alege cu cine dori\u021bi s\u0103 vorbi\u021bi \u0219i pe cine dori\u021bi s\u0103 ignora\u021bi. Dac\u0103 o persoan\u0103 este explicit\u0103 din punct de vedere sexual \u0219i nu v\u0103 plac mi\u0219c\u0103rile sale, pute\u021bi raporta direct aceast\u0103 persoan\u0103 oficialilor. Ace\u0219tia vor lua apoi m\u0103surile necesare \u00eempotriva persoanei respective.<\/p>\n<p>Chatous nu este foarte strict c\u00e2nd vine vorba de colectarea informa\u021biilor vizitatorilor. Este men\u021bionat \u00een mod clar \u00een politica lor de confiden\u021bialitate c\u0103 \"prin utilizarea Chatous, sunte\u021bi de acord \u00een mod expres cu practicile de gestionare a informa\u021biilor descrise \u00een aceast\u0103 politic\u0103 de confiden\u021bialitate\". Exist\u0103 anumite lacune \u00een politica de confiden\u021bialitate \u0219i de partajare a datelor a Chatous. Este clar de pe site-ul web c\u0103 \"Exist\u0103, totu\u0219i, anumite circumstan\u021be \u00een care putem partaja datele dvs. cu anumite p\u0103r\u021bi ter\u021be f\u0103r\u0103 a v\u0103 anun\u021ba \u00een prealabil.\"<\/p>\n<h2>Conectare \u0219i utilizare<\/h2>\n<p>Chatous ofer\u0103 un proces simplu de conectare. Mai \u00eent\u00e2i trebuie s\u0103 v\u0103 crea\u021bi un cont. Trebuie s\u0103 v\u0103 conecta\u021bi la contul dvs. pentru a \u00eencepe chat-ul. Trebuie s\u0103 selecta\u021bi un nume de utilizator \u0219i apoi o parol\u0103 pentru a asigura securitatea contului dvs.<\/p>\n<p>Pute\u021bi utiliza func\u021biile direct dup\u0103 conectare. Site-ul v\u0103 va oferi op\u021biuni de genuri din care s\u0103 alege\u021bi. Pute\u021bi alege sexul masculin sau feminin \u00een func\u021bie de gustul dvs. Trebuie s\u0103 v\u0103 men\u021biona\u021bi v\u00e2rsta. V\u00e2rsta este solicitat\u0103 astfel \u00eenc\u00e2t utilizatorul aflat la cel\u0103lalt cap\u0103t s\u0103 v\u0103 poat\u0103 vedea v\u00e2rsta \u0219i s\u0103 decid\u0103 \u00een consecin\u021b\u0103.<\/p>\n<h2>F\u0103-\u021bi prieteni noi<\/h2>\n<p>S\u0103-\u021bi faci prieteni noi este \u00eentotdeauna distractiv. Cu ajutorul site-ului pute\u021bi vorbi cu str\u0103ini din \u00eentreaga lume. Dac\u0103 sunte\u021bi interesat s\u0103 afla\u021bi ce se \u00eent\u00e2mpl\u0103 \u00een alte \u021b\u0103ri \u0219i ce culturi ador\u0103 \u0219i apreciaz\u0103 al\u021bi oameni, ar trebui s\u0103 folosi\u021bi site-ul pentru a vorbi cu oamenii.<\/p>\n<p>Site-ul v\u0103 va direc\u021biona c\u0103tre persoana cea mai potrivit\u0103, folosind informa\u021biile furnizate. Pute\u021bi apoi s\u0103 vorbi\u021bi cu aceasta sau s\u0103 trece\u021bi la urm\u0103toarea persoan\u0103 dac\u0103 nu v\u0103 place prima.<\/p>\n<h2>Grup sau aleatoriu<\/h2>\n<p>De asemenea, pute\u021bi alege s\u0103 <a href=\"https:\/\/strangercam.com\/ro\/chatroulette\/\">chat<\/a> \u00een grupuri sau permite\u021bi sistemului AI al site-ului s\u0103 selecteze o persoan\u0103 pentru dvs. \u00een mod aleatoriu. Ambele sunt caracteristici distractive \u0219i cresc \u0219ansele de poten\u021biale potriviri.<\/p>\n<p>Dac\u0103 sunte\u021bi extrovertit \u0219i v\u0103 place s\u0103 fi\u021bi \u00eenconjurat de oameni, chat-ul \u00een grup este pentru dvs. Selec\u021bia aleatorie este mai mult despre distrac\u021bie \u0219i surpriz\u0103.<br \/>\nCare sunt caracteristicile site-ului de \u00eent\u00e2lniri Chatous?<\/p>\n<p>Site-ul de \u00eent\u00e2lniri cuprinde caracteristici unice pentru utilizatori, ar\u0103t\u00e2nd astfel modalit\u0103\u021bi de identificare a persoanelor care \u00eemp\u0103rt\u0103\u0219esc acelea\u0219i lucruri de zi cu zi. Un sistem de matchmaking ofer\u0103 metode de chat cu persoane aleatorii sau cu noi cuno\u0219tin\u021be. \u00cen plus, site-ul permite membrilor s\u0103 trimit\u0103 imagini de \u00eenalt\u0103 calitate unui partener de chat prin utilizarea unei camere web. Un alt lucru despre site este c\u0103 acesta deschide c\u0103i de filtrare a profilurilor \u00een func\u021bie de loca\u021bie, v\u00e2rst\u0103, sex \u0219i alte lucruri \u00een mod semnificativ. Utilizatorii pot selecta chiar \u0219i un hashtag pentru a discuta un subiect cu al\u021bii, ceea ce va ajuta la dezvoltarea rela\u021biilor.<\/p>\n<h2>Facilit\u0103\u021bi suplimentare disponibile pe site-ul de dating Chatous<\/h2>\n<p>Noii membri pot folosi un\u00a0<a href=\"https:\/\/strangercam.com\/ro\/chathub\/\">chat video aleatoriu<\/a> cu un microfon \u0219i o camer\u0103 foto. Site-ul permite, de asemenea, utilizatorilor s\u0103 trimit\u0103 mesaje text altor persoane dup\u0103 ce le preselecteaz\u0103 corect. Func\u021bia de chat text face fezabile metodele de a trimite videoclipuri scurte, imagini \u0219i mesaje vocale altora. Acesta vine cu o interfa\u021b\u0103 inovatoare, u\u0219or de utilizat, care permite utilizatorilor s\u0103 navigheze cu u\u0219urin\u021b\u0103 pe desktop-uri \u0219i alte dispozitive. \u00cen plus, membrii vor primi notific\u0103ri \u00een timp real dup\u0103 crearea unui cont \u00een pa\u0219i simpli. Site-ul ofer\u0103 utilizatorilor o identitate protejat\u0103 \u0219i anonimat pentru a minimiza problemele nedorite.<\/p>\n<h2>Care sunt dezavantajele site-ului de matrimoniale Chatous?<\/h2>\n<p>De\u0219i site-urile de dating Chatous ofer\u0103 utilizatorilor mai multe avantaje, ace\u0219tia ar trebui s\u0103 cunoasc\u0103 \u0219i dezavantajele \u00een detaliu. Aplica\u021bia are mai mul\u021bi robo\u021bi de sex feminin care \u00eei vor duce pe utilizatori la ni\u0219te <a href=\"https:\/\/strangercam.com\/ro\/rabbit-video-chat\/\">chat video<\/a> platforme sau site-uri web. \u00cen plus, utilizatorii ar trebui s\u0103 acorde mai mult\u0103 importan\u021b\u0103 securit\u0103\u021bii atunci c\u00e2nd utilizeaz\u0103 site-ul pe desktop-uri \u0219i dispozitive mobile. Noii membri ar trebui s\u0103 citeasc\u0103 recenziile \u00eenainte de a-\u0219i crea un cont. Func\u021bia hashtag are c\u00e2teva neajunsuri, iar utilizatorii trebuie s\u0103 fie con\u0219tien\u021bi de acestea atunci c\u00e2nd doresc s\u0103 discute cu al\u021bii. Se poate selecta site-ul pentru a dezbate mai multe subiecte cu persoane compatibile care vor crea leg\u0103turi \u0219i rela\u021bii.<\/p>","protected":false},"excerpt":{"rendered":"<p>A dating website is a suitable place for those who want to meet their dream persons when it comes to long-distance relationships. At the same time, not all dating websites are the same that require more attention. Choosing the right dating website allows users to make new friends and companions from several streams of life. [&hellip;]<\/p>\n","protected":false},"author":6,"featured_media":559,"parent":0,"menu_order":0,"comment_status":"closed","ping_status":"closed","template":"","meta":{"footnotes":""},"class_list":["post-3197","page","type-page","status-publish","has-post-thumbnail","hentry"],"yoast_head":"<!-- This site is optimized with the Yoast SEO plugin v26.9 - https:\/\/yoast.com\/product\/yoast-seo-wordpress\/ -->\n<title>Chatous - Most Popular Video Chats - Cam on StrangerCam.com<\/title>\n<meta name=\"description\" content=\"Like Chatous? Come chat with more than 5.000.000 strangers on Stranger Cam for Free! Turn on your cam and find new friends &amp; maby a match!\" \/>\n<meta name=\"robots\" content=\"index, follow, max-snippet:-1, max-image-preview:large, max-video-preview:-1\" \/>\n<link rel=\"canonical\" href=\"https:\/\/strangercam.com\/ro\/chatous\/\" \/>\n<meta property=\"og:locale\" content=\"ro_RO\" \/>\n<meta property=\"og:type\" content=\"article\" \/>\n<meta property=\"og:title\" content=\"Chatous - Most Popular Video Chats - Cam on StrangerCam.com\" \/>\n<meta property=\"og:description\" content=\"Like Chatous? Come chat with more than 5.000.000 strangers on Stranger Cam for Free! Turn on your cam and find new friends &amp; maby a match!\" \/>\n<meta property=\"og:url\" content=\"https:\/\/strangercam.com\/ro\/chatous\/\" \/>\n<meta property=\"og:site_name\" content=\"Strangercam\" \/>\n<meta property=\"article:publisher\" content=\"https:\/\/www.facebook.com\/strangercam\" \/>\n<meta property=\"article:modified_time\" content=\"2023-08-21T10:24:41+00:00\" \/>\n<meta property=\"og:image\" content=\"https:\/\/strangercam.com\/wp-content\/uploads\/2020\/11\/stranger-cam-1.png\" \/>\n\t<meta property=\"og:image:width\" content=\"800\" \/>\n\t<meta property=\"og:image:height\" content=\"800\" \/>\n\t<meta property=\"og:image:type\" content=\"image\/png\" \/>\n<meta name=\"twitter:card\" content=\"summary_large_image\" \/>\n<meta name=\"twitter:site\" content=\"@strangercamapp\" \/>\n<meta name=\"twitter:label1\" content=\"Timp estimat pentru citire\" \/>\n\t<meta name=\"twitter:data1\" content=\"4 minute\" \/>\n<script type=\"application\/ld+json\" class=\"yoast-schema-graph\">{\"@context\":\"https:\/\/schema.org\",\"@graph\":[{\"@type\":\"WebPage\",\"@id\":\"https:\/\/strangercam.com\/chatous\/\",\"url\":\"https:\/\/strangercam.com\/chatous\/\",\"name\":\"Chatous - Most Popular Video Chats - Cam on StrangerCam.com\",\"isPartOf\":{\"@id\":\"https:\/\/strangercam.com\/#website\"},\"primaryImageOfPage\":{\"@id\":\"https:\/\/strangercam.com\/chatous\/#primaryimage\"},\"image\":{\"@id\":\"https:\/\/strangercam.com\/chatous\/#primaryimage\"},\"thumbnailUrl\":\"https:\/\/strangercam.com\/wp-content\/uploads\/2020\/11\/stranger-cam-1.png\",\"datePublished\":\"2021-05-09T19:20:36+00:00\",\"dateModified\":\"2023-08-21T10:24:41+00:00\",\"description\":\"Like Chatous? Come chat with more than 5.000.000 strangers on Stranger Cam for Free! Turn on your cam and find new friends & maby a match!\",\"breadcrumb\":{\"@id\":\"https:\/\/strangercam.com\/chatous\/#breadcrumb\"},\"inLanguage\":\"ro-RO\",\"potentialAction\":[{\"@type\":\"ReadAction\",\"target\":[\"https:\/\/strangercam.com\/chatous\/\"]}]},{\"@type\":\"ImageObject\",\"inLanguage\":\"ro-RO\",\"@id\":\"https:\/\/strangercam.com\/chatous\/#primaryimage\",\"url\":\"https:\/\/strangercam.com\/wp-content\/uploads\/2020\/11\/stranger-cam-1.png\",\"contentUrl\":\"https:\/\/strangercam.com\/wp-content\/uploads\/2020\/11\/stranger-cam-1.png\",\"width\":800,\"height\":800,\"caption\":\"stranger cam random video chat\"},{\"@type\":\"BreadcrumbList\",\"@id\":\"https:\/\/strangercam.com\/chatous\/#breadcrumb\",\"itemListElement\":[{\"@type\":\"ListItem\",\"position\":1,\"name\":\"Home\",\"item\":\"https:\/\/strangercam.com\/\"},{\"@type\":\"ListItem\",\"position\":2,\"name\":\"Chatous\"}]},{\"@type\":\"WebSite\",\"@id\":\"https:\/\/strangercam.com\/#website\",\"url\":\"https:\/\/strangercam.com\/\",\"name\":\"Strangercam\",\"description\":\"Random Video Chat with Strangers\",\"publisher\":{\"@id\":\"https:\/\/strangercam.com\/#organization\"},\"alternateName\":\"Strangercam.com\",\"potentialAction\":[{\"@type\":\"SearchAction\",\"target\":{\"@type\":\"EntryPoint\",\"urlTemplate\":\"https:\/\/strangercam.com\/?s={search_term_string}\"},\"query-input\":{\"@type\":\"PropertyValueSpecification\",\"valueRequired\":true,\"valueName\":\"search_term_string\"}}],\"inLanguage\":\"ro-RO\"},{\"@type\":\"Organization\",\"@id\":\"https:\/\/strangercam.com\/#organization\",\"name\":\"Strangercam\",\"alternateName\":\"Strangercam.com\",\"url\":\"https:\/\/strangercam.com\/\",\"logo\":{\"@type\":\"ImageObject\",\"inLanguage\":\"ro-RO\",\"@id\":\"https:\/\/strangercam.com\/#\/schema\/logo\/image\/\",\"url\":\"https:\/\/strangercam.com\/wp-content\/uploads\/2020\/11\/cropped-new-favicon-black.png\",\"contentUrl\":\"https:\/\/strangercam.com\/wp-content\/uploads\/2020\/11\/cropped-new-favicon-black.png\",\"width\":512,\"height\":512,\"caption\":\"Strangercam\"},\"image\":{\"@id\":\"https:\/\/strangercam.com\/#\/schema\/logo\/image\/\"},\"sameAs\":[\"https:\/\/www.facebook.com\/strangercam\",\"https:\/\/x.com\/strangercamapp\"]}]}<\/script>\n<!-- \/ Yoast SEO plugin. -->","yoast_head_json":{"title":"Chatous - Cele mai populare conversa\u021bii video - Cam pe StrangerCam.com","description":"\u00ce\u021bi place Chatous? Vino s\u0103 vorbe\u0219ti cu mai mult de 5.000.000 de str\u0103ini pe Stranger Cam gratuit! Porne\u0219te-\u021bi camera \u0219i g\u0103se\u0219te prieteni noi \u0219i poate o pereche!","robots":{"index":"index","follow":"follow","max-snippet":"max-snippet:-1","max-image-preview":"max-image-preview:large","max-video-preview":"max-video-preview:-1"},"canonical":"https:\/\/strangercam.com\/ro\/chatous\/","og_locale":"ro_RO","og_type":"article","og_title":"Chatous - Most Popular Video Chats - Cam on StrangerCam.com","og_description":"Like Chatous? Come chat with more than 5.000.000 strangers on Stranger Cam for Free! Turn on your cam and find new friends & maby a match!","og_url":"https:\/\/strangercam.com\/ro\/chatous\/","og_site_name":"Strangercam","article_publisher":"https:\/\/www.facebook.com\/strangercam","article_modified_time":"2023-08-21T10:24:41+00:00","og_image":[{"width":800,"height":800,"url":"https:\/\/strangercam.com\/wp-content\/uploads\/2020\/11\/stranger-cam-1.png","type":"image\/png"}],"twitter_card":"summary_large_image","twitter_site":"@strangercamapp","twitter_misc":{"Timp estimat pentru citire":"4 minute"},"schema":{"@context":"https:\/\/schema.org","@graph":[{"@type":"WebPage","@id":"https:\/\/strangercam.com\/chatous\/","url":"https:\/\/strangercam.com\/chatous\/","name":"Chatous - Cele mai populare conversa\u021bii video - Cam pe StrangerCam.com","isPartOf":{"@id":"https:\/\/strangercam.com\/#website"},"primaryImageOfPage":{"@id":"https:\/\/strangercam.com\/chatous\/#primaryimage"},"image":{"@id":"https:\/\/strangercam.com\/chatous\/#primaryimage"},"thumbnailUrl":"https:\/\/strangercam.com\/wp-content\/uploads\/2020\/11\/stranger-cam-1.png","datePublished":"2021-05-09T19:20:36+00:00","dateModified":"2023-08-21T10:24:41+00:00","description":"\u00ce\u021bi place Chatous? Vino s\u0103 vorbe\u0219ti cu mai mult de 5.000.000 de str\u0103ini pe Stranger Cam gratuit! Porne\u0219te-\u021bi camera \u0219i g\u0103se\u0219te prieteni noi \u0219i poate o pereche!","breadcrumb":{"@id":"https:\/\/strangercam.com\/chatous\/#breadcrumb"},"inLanguage":"ro-RO","potentialAction":[{"@type":"ReadAction","target":["https:\/\/strangercam.com\/chatous\/"]}]},{"@type":"ImageObject","inLanguage":"ro-RO","@id":"https:\/\/strangercam.com\/chatous\/#primaryimage","url":"https:\/\/strangercam.com\/wp-content\/uploads\/2020\/11\/stranger-cam-1.png","contentUrl":"https:\/\/strangercam.com\/wp-content\/uploads\/2020\/11\/stranger-cam-1.png","width":800,"height":800,"caption":"stranger cam random video chat"},{"@type":"BreadcrumbList","@id":"https:\/\/strangercam.com\/chatous\/#breadcrumb","itemListElement":[{"@type":"ListItem","position":1,"name":"Home","item":"https:\/\/strangercam.com\/"},{"@type":"ListItem","position":2,"name":"Chatous"}]},{"@type":"WebSite","@id":"https:\/\/strangercam.com\/#website","url":"https:\/\/strangercam.com\/","name":"Strangercam","description":"Chat video aleatoriu cu str\u0103ini","publisher":{"@id":"https:\/\/strangercam.com\/#organization"},"alternateName":"Strangercam.com","potentialAction":[{"@type":"SearchAction","target":{"@type":"EntryPoint","urlTemplate":"https:\/\/strangercam.com\/?s={search_term_string}"},"query-input":{"@type":"PropertyValueSpecification","valueRequired":true,"valueName":"search_term_string"}}],"inLanguage":"ro-RO"},{"@type":"Organization","@id":"https:\/\/strangercam.com\/#organization","name":"Strangercam","alternateName":"Strangercam.com","url":"https:\/\/strangercam.com\/","logo":{"@type":"ImageObject","inLanguage":"ro-RO","@id":"https:\/\/strangercam.com\/#\/schema\/logo\/image\/","url":"https:\/\/strangercam.com\/wp-content\/uploads\/2020\/11\/cropped-new-favicon-black.png","contentUrl":"https:\/\/strangercam.com\/wp-content\/uploads\/2020\/11\/cropped-new-favicon-black.png","width":512,"height":512,"caption":"Strangercam"},"image":{"@id":"https:\/\/strangercam.com\/#\/schema\/logo\/image\/"},"sameAs":["https:\/\/www.facebook.com\/strangercam","https:\/\/x.com\/strangercamapp"]}]}},"_links":{"self":[{"href":"https:\/\/strangercam.com\/ro\/wp-json\/wp\/v2\/pages\/3197","targetHints":{"allow":["GET"]}}],"collection":[{"href":"https:\/\/strangercam.com\/ro\/wp-json\/wp\/v2\/pages"}],"about":[{"href":"https:\/\/strangercam.com\/ro\/wp-json\/wp\/v2\/types\/page"}],"author":[{"embeddable":true,"href":"https:\/\/strangercam.com\/ro\/wp-json\/wp\/v2\/users\/6"}],"replies":[{"embeddable":true,"href":"https:\/\/strangercam.com\/ro\/wp-json\/wp\/v2\/comments?post=3197"}],"version-history":[{"count":0,"href":"https:\/\/strangercam.com\/ro\/wp-json\/wp\/v2\/pages\/3197\/revisions"}],"wp:featuredmedia":[{"embeddable":true,"href":"https:\/\/strangercam.com\/ro\/wp-json\/wp\/v2\/media\/559"}],"wp:attachment":[{"href":"https:\/\/strangercam.com\/ro\/wp-json\/wp\/v2\/media?parent=3197"}],"curies":[{"name":"wp","href":"https:\/\/api.w.org\/{rel}","templated":true}]}}