{"id":3171,"date":"2021-05-09T21:14:34","date_gmt":"2021-05-09T19:14:34","guid":{"rendered":"https:\/\/strangercam.com\/?page_id=3171"},"modified":"2023-08-21T11:40:39","modified_gmt":"2023-08-21T09:40:39","slug":"chatblink","status":"publish","type":"page","link":"https:\/\/strangercam.com\/ro\/chatblink\/","title":{"rendered":"Chatblink"},"content":{"rendered":"<p>Majoritatea oamenilor din zilele noastre doresc s\u0103 \u00ee\u0219i g\u0103seasc\u0103 cu u\u0219urin\u021b\u0103 noi prieteni \u00eentr-o anumit\u0103 loca\u021bie. Ca urmare, site-urile de \u00eent\u00e2lniri c\u00e2\u0219tig\u0103 popularitate \u00een diferite p\u0103r\u021bi ale lumii, deoarece ofer\u0103 metode de a dezvolta dragostea \u0219i prietenia cu al\u021bii. Cu toate acestea, este necesar s\u0103 le evalua\u021bi \u00een detaliu care va ajuta la selectarea celui potrivit \u00een consecin\u021b\u0103. Site-ul de \u00eent\u00e2lniri Chatblink este locul potrivit pentru cei care doresc s\u0103 interac\u021bioneze cu al\u021bii prin <a href=\"https:\/\/strangercam.com\/ro\/chatroulette\/\">chat<\/a> camere. Acesta este un <a href=\"https:\/\/strangercam.com\/ro\/chat4free\/\">liber<\/a> site de dating care permite utilizatorilor s\u0103 g\u0103seasc\u0103 \u0219i s\u0103 <a href=\"https:\/\/strangercam.com\/ro\/coomeet\/\">\u00eent\u00e2lnire<\/a> noi prieteni cu u\u0219urin\u021b\u0103.<\/p>\n<h2>Care sunt principalele caracteristici ale site-ului de \u00eent\u00e2lniri Chatblink?<\/h2>\n<p>Un utilizator poate g\u0103si o gam\u0103 larg\u0103 de camere de chat pe acest site dup\u0103 crearea unui cont. Cea mai bun\u0103 parte este c\u0103 permite utilizatorilor s\u0103 se al\u0103ture rapid unei camere care se potrive\u0219te intereselor lor. Membrii se pot \u00eent\u00e2lni cu b\u0103rba\u021bi \u0219i femei atractivi din diferite p\u0103r\u021bi ale lumii<a href=\"https:\/\/cashpotresulttoday.com\/\">.<\/a> Chat-ul text este un alt top oferit de site-ul web care ofer\u0103 modalit\u0103\u021bi de a discuta online cu utilizatori aleatori. Interfa\u021ba de utilizator a site-ului Chatblink este simpl\u0103, permi\u021b\u00e2nd utilizatorilor s\u0103 \u00eenceap\u0103 c\u00e2t mai cur\u00e2nd posibil. Pe l\u00e2ng\u0103 aceasta, contribuie mai mult la protejarea detaliilor clien\u021bilor pentru a minimiza problemele nedorite.<\/p>\n<h3>Cum s\u0103 v\u0103 crea\u021bi un cont pe site?<\/h3>\n<p>Utilizatorii noi \u00ee\u0219i pot crea un cont pe site introduc\u00e2ndu-\u0219i adresa de e-mail \u0219i parolele. Ace\u0219tia trebuie s\u0103 aleag\u0103 un nume de utilizator dup\u0103 ce \u00ee\u0219i specific\u0103 sexul \u0219i v\u00e2rsta. Orice persoan\u0103 care are un cont de Facebook poate introduce un <a href=\"https:\/\/strangercam.com\/ro\/chatroom2000\/\">camer\u0103 de chat<\/a> direct, c\u00e2t mai cur\u00e2nd posibil<a href=\"https:\/\/nlcbplaywheresults.com\/\">.<\/a> Acesta face posibile modalit\u0103\u021bi de \u00eembun\u0103t\u0103\u021bire a competen\u021belor lingvistice \u0219i a altor lucruri \u00een mod semnificativ dup\u0103 interac\u021biunea cu al\u021bii. Pe de alt\u0103 parte, este necesar s\u0103 urma\u021bi instruc\u021biunile \u00een detaliu \u00eenainte de a crea un cont. Site-ul este op\u021biunea potrivit\u0103 pentru cei care doresc s\u0103 evite singur\u0103tatea \u0219i alte probleme \u00een via\u021b\u0103.<\/p>\n<h3>De ce Chatblink este cea mai bun\u0103 alegere pentru utilizatori?<\/h3>\n<p>Site-ul permite utilizatorilor s\u0103 aleag\u0103 chat-uri aleatorii atunci c\u00e2nd doresc s\u0103 converseze cu str\u0103ini din diferite p\u0103r\u021bi ale lumii. Acesta ofer\u0103 modalit\u0103\u021bi de a g\u0103si cu u\u0219urin\u021b\u0103 prieteni adev\u0103ra\u021bi \u0219i tovar\u0103\u0219i din diferite domenii ale vie\u021bii. Site-ul ofer\u0103, de asemenea <a href=\"https:\/\/strangercam.com\/ro\/shagle\/\">adult<\/a> servicii de dating pentru b\u0103rba\u021bi \u0219i femei care doresc s\u0103 \u00ee\u0219i \u00eemp\u0103rt\u0103\u0219easc\u0103 emo\u021biile cu ei. Deoarece procesul de \u00eenregistrare este foarte simplu, utilizatorii pot economisi mai mult timp. \u00cen plus, permite utilizatorilor s\u0103 g\u0103seasc\u0103 tovar\u0103\u0219i \u00een diferite categorii, ar\u0103t\u00e2nd astfel modalit\u0103\u021bi de a dezvolta leg\u0103turi. Noii membri ar trebui s\u0103 \u00een\u021beleag\u0103 termenii \u0219i condi\u021biile \u00eenainte de a intra \u00eentr-o camer\u0103 de chat de pe site.<\/p>","protected":false},"excerpt":{"rendered":"<p>Most people these days like to find new friends in a location easily. As a result, dating websites are gaining popularity in different parts of the world because they provide methods to grow love and friendship with others. However, it is necessary to evaluate them in detail that will help select the right one accordingly. [&hellip;]<\/p>\n","protected":false},"author":6,"featured_media":559,"parent":0,"menu_order":0,"comment_status":"closed","ping_status":"closed","template":"","meta":{"footnotes":""},"class_list":["post-3171","page","type-page","status-publish","has-post-thumbnail","hentry"],"yoast_head":"<!-- This site is optimized with the Yoast SEO plugin v27.4 - https:\/\/yoast.com\/product\/yoast-seo-wordpress\/ -->\n<title>Chatblink - Most Popular Video Chats - Cam on StrangerCam.com<\/title>\n<meta name=\"description\" content=\"Like Chatblink? Come chat with more than 5.000.000 strangers on Stranger Cam for Free! Turn on your cam and find new friends &amp; maby a match!\" \/>\n<meta name=\"robots\" content=\"index, follow, max-snippet:-1, max-image-preview:large, max-video-preview:-1\" \/>\n<link rel=\"canonical\" href=\"https:\/\/strangercam.com\/ro\/chatblink\/\" \/>\n<meta property=\"og:locale\" content=\"ro_RO\" \/>\n<meta property=\"og:type\" content=\"article\" \/>\n<meta property=\"og:title\" content=\"Chatblink - Most Popular Video Chats - Cam on StrangerCam.com\" \/>\n<meta property=\"og:description\" content=\"Like Chatblink? Come chat with more than 5.000.000 strangers on Stranger Cam for Free! Turn on your cam and find new friends &amp; maby a match!\" \/>\n<meta property=\"og:url\" content=\"https:\/\/strangercam.com\/ro\/chatblink\/\" \/>\n<meta property=\"og:site_name\" content=\"Strangercam\" \/>\n<meta property=\"article:publisher\" content=\"https:\/\/www.facebook.com\/strangercam\" \/>\n<meta property=\"article:modified_time\" content=\"2023-08-21T09:40:39+00:00\" \/>\n<meta property=\"og:image\" content=\"https:\/\/strangercam.com\/wp-content\/uploads\/2020\/11\/stranger-cam-1.png\" \/>\n\t<meta property=\"og:image:width\" content=\"800\" \/>\n\t<meta property=\"og:image:height\" content=\"800\" \/>\n\t<meta property=\"og:image:type\" content=\"image\/png\" \/>\n<meta name=\"twitter:card\" content=\"summary_large_image\" \/>\n<meta name=\"twitter:site\" content=\"@strangercamapp\" \/>\n<meta name=\"twitter:label1\" content=\"Timp estimat pentru citire\" \/>\n\t<meta name=\"twitter:data1\" content=\"2 minute\" \/>\n<script type=\"application\/ld+json\" class=\"yoast-schema-graph\">{\"@context\":\"https:\\\/\\\/schema.org\",\"@graph\":[{\"@type\":\"WebPage\",\"@id\":\"https:\\\/\\\/strangercam.com\\\/chatblink\\\/\",\"url\":\"https:\\\/\\\/strangercam.com\\\/chatblink\\\/\",\"name\":\"Chatblink - Most Popular Video Chats - Cam on StrangerCam.com\",\"isPartOf\":{\"@id\":\"https:\\\/\\\/strangercam.com\\\/#website\"},\"primaryImageOfPage\":{\"@id\":\"https:\\\/\\\/strangercam.com\\\/chatblink\\\/#primaryimage\"},\"image\":{\"@id\":\"https:\\\/\\\/strangercam.com\\\/chatblink\\\/#primaryimage\"},\"thumbnailUrl\":\"https:\\\/\\\/strangercam.com\\\/wp-content\\\/uploads\\\/2020\\\/11\\\/stranger-cam-1.png\",\"datePublished\":\"2021-05-09T19:14:34+00:00\",\"dateModified\":\"2023-08-21T09:40:39+00:00\",\"description\":\"Like Chatblink? Come chat with more than 5.000.000 strangers on Stranger Cam for Free! Turn on your cam and find new friends & maby a match!\",\"breadcrumb\":{\"@id\":\"https:\\\/\\\/strangercam.com\\\/chatblink\\\/#breadcrumb\"},\"inLanguage\":\"ro-RO\",\"potentialAction\":[{\"@type\":\"ReadAction\",\"target\":[\"https:\\\/\\\/strangercam.com\\\/chatblink\\\/\"]}]},{\"@type\":\"ImageObject\",\"inLanguage\":\"ro-RO\",\"@id\":\"https:\\\/\\\/strangercam.com\\\/chatblink\\\/#primaryimage\",\"url\":\"https:\\\/\\\/strangercam.com\\\/wp-content\\\/uploads\\\/2020\\\/11\\\/stranger-cam-1.png\",\"contentUrl\":\"https:\\\/\\\/strangercam.com\\\/wp-content\\\/uploads\\\/2020\\\/11\\\/stranger-cam-1.png\",\"width\":800,\"height\":800,\"caption\":\"stranger cam random video chat\"},{\"@type\":\"BreadcrumbList\",\"@id\":\"https:\\\/\\\/strangercam.com\\\/chatblink\\\/#breadcrumb\",\"itemListElement\":[{\"@type\":\"ListItem\",\"position\":1,\"name\":\"Home\",\"item\":\"https:\\\/\\\/strangercam.com\\\/\"},{\"@type\":\"ListItem\",\"position\":2,\"name\":\"Chatblink\"}]},{\"@type\":\"WebSite\",\"@id\":\"https:\\\/\\\/strangercam.com\\\/#website\",\"url\":\"https:\\\/\\\/strangercam.com\\\/\",\"name\":\"Strangercam\",\"description\":\"Random Video Chat with Strangers\",\"publisher\":{\"@id\":\"https:\\\/\\\/strangercam.com\\\/#organization\"},\"alternateName\":\"Strangercam.com\",\"potentialAction\":[{\"@type\":\"SearchAction\",\"target\":{\"@type\":\"EntryPoint\",\"urlTemplate\":\"https:\\\/\\\/strangercam.com\\\/?s={search_term_string}\"},\"query-input\":{\"@type\":\"PropertyValueSpecification\",\"valueRequired\":true,\"valueName\":\"search_term_string\"}}],\"inLanguage\":\"ro-RO\"},{\"@type\":\"Organization\",\"@id\":\"https:\\\/\\\/strangercam.com\\\/#organization\",\"name\":\"Strangercam\",\"alternateName\":\"Strangercam.com\",\"url\":\"https:\\\/\\\/strangercam.com\\\/\",\"logo\":{\"@type\":\"ImageObject\",\"inLanguage\":\"ro-RO\",\"@id\":\"https:\\\/\\\/strangercam.com\\\/#\\\/schema\\\/logo\\\/image\\\/\",\"url\":\"https:\\\/\\\/strangercam.com\\\/wp-content\\\/uploads\\\/2020\\\/11\\\/cropped-new-favicon-black.png\",\"contentUrl\":\"https:\\\/\\\/strangercam.com\\\/wp-content\\\/uploads\\\/2020\\\/11\\\/cropped-new-favicon-black.png\",\"width\":512,\"height\":512,\"caption\":\"Strangercam\"},\"image\":{\"@id\":\"https:\\\/\\\/strangercam.com\\\/#\\\/schema\\\/logo\\\/image\\\/\"},\"sameAs\":[\"https:\\\/\\\/www.facebook.com\\\/strangercam\",\"https:\\\/\\\/x.com\\\/strangercamapp\"]}]}<\/script>\n<!-- \/ Yoast SEO plugin. -->","yoast_head_json":{"title":"Chatblink - Cele mai populare videochat-uri - Cam pe StrangerCam.com","description":"\u00ce\u021bi place Chatblink? Vino s\u0103 vorbe\u0219ti cu mai mult de 5.000.000 de str\u0103ini pe Stranger Cam gratuit! Porne\u0219te-\u021bi camera \u0219i g\u0103se\u0219te prieteni noi \u0219i poate o pereche!","robots":{"index":"index","follow":"follow","max-snippet":"max-snippet:-1","max-image-preview":"max-image-preview:large","max-video-preview":"max-video-preview:-1"},"canonical":"https:\/\/strangercam.com\/ro\/chatblink\/","og_locale":"ro_RO","og_type":"article","og_title":"Chatblink - Most Popular Video Chats - Cam on StrangerCam.com","og_description":"Like Chatblink? Come chat with more than 5.000.000 strangers on Stranger Cam for Free! Turn on your cam and find new friends & maby a match!","og_url":"https:\/\/strangercam.com\/ro\/chatblink\/","og_site_name":"Strangercam","article_publisher":"https:\/\/www.facebook.com\/strangercam","article_modified_time":"2023-08-21T09:40:39+00:00","og_image":[{"width":800,"height":800,"url":"https:\/\/strangercam.com\/wp-content\/uploads\/2020\/11\/stranger-cam-1.png","type":"image\/png"}],"twitter_card":"summary_large_image","twitter_site":"@strangercamapp","twitter_misc":{"Timp estimat pentru citire":"2 minute"},"schema":{"@context":"https:\/\/schema.org","@graph":[{"@type":"WebPage","@id":"https:\/\/strangercam.com\/chatblink\/","url":"https:\/\/strangercam.com\/chatblink\/","name":"Chatblink - Cele mai populare videochat-uri - Cam pe StrangerCam.com","isPartOf":{"@id":"https:\/\/strangercam.com\/#website"},"primaryImageOfPage":{"@id":"https:\/\/strangercam.com\/chatblink\/#primaryimage"},"image":{"@id":"https:\/\/strangercam.com\/chatblink\/#primaryimage"},"thumbnailUrl":"https:\/\/strangercam.com\/wp-content\/uploads\/2020\/11\/stranger-cam-1.png","datePublished":"2021-05-09T19:14:34+00:00","dateModified":"2023-08-21T09:40:39+00:00","description":"\u00ce\u021bi place Chatblink? Vino s\u0103 vorbe\u0219ti cu mai mult de 5.000.000 de str\u0103ini pe Stranger Cam gratuit! Porne\u0219te-\u021bi camera \u0219i g\u0103se\u0219te prieteni noi \u0219i poate o pereche!","breadcrumb":{"@id":"https:\/\/strangercam.com\/chatblink\/#breadcrumb"},"inLanguage":"ro-RO","potentialAction":[{"@type":"ReadAction","target":["https:\/\/strangercam.com\/chatblink\/"]}]},{"@type":"ImageObject","inLanguage":"ro-RO","@id":"https:\/\/strangercam.com\/chatblink\/#primaryimage","url":"https:\/\/strangercam.com\/wp-content\/uploads\/2020\/11\/stranger-cam-1.png","contentUrl":"https:\/\/strangercam.com\/wp-content\/uploads\/2020\/11\/stranger-cam-1.png","width":800,"height":800,"caption":"stranger cam random video chat"},{"@type":"BreadcrumbList","@id":"https:\/\/strangercam.com\/chatblink\/#breadcrumb","itemListElement":[{"@type":"ListItem","position":1,"name":"Home","item":"https:\/\/strangercam.com\/"},{"@type":"ListItem","position":2,"name":"Chatblink"}]},{"@type":"WebSite","@id":"https:\/\/strangercam.com\/#website","url":"https:\/\/strangercam.com\/","name":"Strangercam","description":"Chat video aleatoriu cu str\u0103ini","publisher":{"@id":"https:\/\/strangercam.com\/#organization"},"alternateName":"Strangercam.com","potentialAction":[{"@type":"SearchAction","target":{"@type":"EntryPoint","urlTemplate":"https:\/\/strangercam.com\/?s={search_term_string}"},"query-input":{"@type":"PropertyValueSpecification","valueRequired":true,"valueName":"search_term_string"}}],"inLanguage":"ro-RO"},{"@type":"Organization","@id":"https:\/\/strangercam.com\/#organization","name":"Strangercam","alternateName":"Strangercam.com","url":"https:\/\/strangercam.com\/","logo":{"@type":"ImageObject","inLanguage":"ro-RO","@id":"https:\/\/strangercam.com\/#\/schema\/logo\/image\/","url":"https:\/\/strangercam.com\/wp-content\/uploads\/2020\/11\/cropped-new-favicon-black.png","contentUrl":"https:\/\/strangercam.com\/wp-content\/uploads\/2020\/11\/cropped-new-favicon-black.png","width":512,"height":512,"caption":"Strangercam"},"image":{"@id":"https:\/\/strangercam.com\/#\/schema\/logo\/image\/"},"sameAs":["https:\/\/www.facebook.com\/strangercam","https:\/\/x.com\/strangercamapp"]}]}},"_links":{"self":[{"href":"https:\/\/strangercam.com\/ro\/wp-json\/wp\/v2\/pages\/3171","targetHints":{"allow":["GET"]}}],"collection":[{"href":"https:\/\/strangercam.com\/ro\/wp-json\/wp\/v2\/pages"}],"about":[{"href":"https:\/\/strangercam.com\/ro\/wp-json\/wp\/v2\/types\/page"}],"author":[{"embeddable":true,"href":"https:\/\/strangercam.com\/ro\/wp-json\/wp\/v2\/users\/6"}],"replies":[{"embeddable":true,"href":"https:\/\/strangercam.com\/ro\/wp-json\/wp\/v2\/comments?post=3171"}],"version-history":[{"count":0,"href":"https:\/\/strangercam.com\/ro\/wp-json\/wp\/v2\/pages\/3171\/revisions"}],"wp:featuredmedia":[{"embeddable":true,"href":"https:\/\/strangercam.com\/ro\/wp-json\/wp\/v2\/media\/559"}],"wp:attachment":[{"href":"https:\/\/strangercam.com\/ro\/wp-json\/wp\/v2\/media?parent=3171"}],"curies":[{"name":"wp","href":"https:\/\/api.w.org\/{rel}","templated":true}]}}