{"id":3158,"date":"2021-05-09T21:11:08","date_gmt":"2021-05-09T19:11:08","guid":{"rendered":"https:\/\/strangercam.com\/?page_id=3158"},"modified":"2023-08-21T12:43:25","modified_gmt":"2023-08-21T10:43:25","slug":"tinychat","status":"publish","type":"page","link":"https:\/\/strangercam.com\/ro\/tinychat\/","title":{"rendered":"Tinychat"},"content":{"rendered":"<p>Online <a href=\"https:\/\/strangercam.com\/ro\/chatroulette\/\">chat<\/a> site-urile web implic\u0103 diferite tipuri care permit utilizatorilor s\u0103 descopere persoane care doresc s\u0103 se \u00eemprieteneasc\u0103 cu al\u021bii. Tinychat este unul dintre acestea care are membri din diferite p\u0103r\u021bi ale lumii. Acesta ofer\u0103 modalit\u0103\u021bi de a se conecta cu persoane care g\u00e2ndesc la fel cu cele mai recente caracteristici. Acest site este un loc potrivit pentru cei c\u0103rora le place s\u0103 evite singur\u0103tatea \u0219i plictiseala \u00een via\u021b\u0103. \u00cen plus, platforma acoper\u0103 camere de chat pentru ca membrii s\u0103 fac\u0103 <a href=\"https:\/\/strangercam.com\/ro\/rabbit-video-chat\/\">video<\/a> apeluri cu caracteristici avansate. Oricine dore\u0219te s\u0103 \u00ee\u0219i construiasc\u0103 leg\u0103turi cu al\u021bii poate selecta acest site web care \u00eei va ajuta s\u0103 ob\u021bin\u0103 rezultate optime.<\/p>\n<h2>Cum s\u0103 v\u0103 \u00eenscrie\u021bi \u00een Tinychat?<\/h2>\n<p>\u00censcrierea \u00een Tinychat poate dura doar c\u00e2teva minute, iar noii membri ar trebui s\u0103 creeze mai \u00eent\u00e2i un cont. Ace\u0219tia vor primi o adres\u0103 URL imediat dup\u0103 crearea unui cont cu un nume de utilizator \u0219i o parol\u0103 preferate. Noii utilizatori pot intra \u00een camerele de chat doar tast\u00e2nd URL-ul. Site-ul ofer\u0103 chiar \u0219i modalit\u0103\u021bi de creare a unui cont prin intermediul Facebook. Acesta face procesul de \u00eenregistrare mai rapid, ar\u0103t\u00e2nd astfel modalit\u0103\u021bi de conectare cu grupurile c\u00e2t mai cur\u00e2nd posibil. Un alt aspect al site-ului este c\u0103 permite utilizatorilor s\u0103 creeze profiluri prin \u00eenc\u0103rcarea de fotografii \u0219i transmiterea altor detalii.<\/p>\n<h3>Cum se utilizeaz\u0103 Tinychat?<\/h3>\n<p>Utilizatorii pot trimite cadouri \u0219i mesaje altor membri de pe aceast\u0103 platform\u0103 care \u00eei ajut\u0103 s\u0103 creeze leg\u0103turi cu ceilal\u021bi. Cu toate acestea, ei ar trebui s\u0103 treac\u0103 la premium pentru a vizualiza profilurile altora f\u0103r\u0103 dificult\u0103\u021bi. Site-ul prezint\u0103 chiar \u0219i metode de a r\u0103m\u00e2ne anonimi atunci c\u00e2nd utilizatorii nu doresc s\u0103 \u00ee\u0219i dezv\u0103luie identitatea real\u0103. Acesta permite membrilor s\u0103 se transmit\u0103 prin intermediul platformelor video, audio \u0219i text. \u00cen plus, site-ul permite utilizatorilor s\u0103 \u00ee\u0219i promoveze camerele de chat pentru a ap\u0103rea \u00een <a href=\"https:\/\/strangercam.com\/ro\/mili\/\">\u00cen direct<\/a> director. Aplica\u021bia Tinychat este disponibil\u0103 \u0219i pentru utilizatorii de telefonie mobil\u0103, care o pot desc\u0103rca pe dispozitivele lor \u00een pa\u0219i simpli.<\/p>\n<h3>Care sunt avantajele \u0219i dezavantajele Tinychat?<\/h3>\n<p>Camera web func\u021bioneaz\u0103 f\u0103r\u0103 probleme, permi\u021b\u00e2nd utilizatorilor s\u0103 asigure o experien\u021b\u0103 mai bun\u0103. Pornirea unei <a href=\"https:\/\/strangercam.com\/ro\/apel-video-american-aleatoriu\/\">apel video<\/a> pe site este foarte u\u0219oar\u0103 \u0219i ofer\u0103 metode de a intra rapid \u00een contact cu alte persoane. Un utilizator poate bloca pe cineva atunci c\u00e2nd nu \u00eei place s\u0103 comunice cu o persoan\u0103. \u00cen plus, acesta ofer\u0103 modalit\u0103\u021bi de a controla num\u0103rul de persoane care particip\u0103 la chat. Principalul dezavantaj al acestei platforme de dating este c\u0103 tarifele planurilor de abonament sunt ridicate. Cei care au peste 13 ani sunt eligibili pentru a se al\u0103tura platformei \u0219i trebuie s\u0103 respecte \u00een detaliu regulile \u0219i reglement\u0103rile care \u00eei vor ajuta <a href=\"https:\/\/strangercam.com\/ro\/coomeet\/\">\u00eent\u00e2lnire<\/a> nevoile esen\u021biale.<\/p>","protected":false},"excerpt":{"rendered":"<p>Online chat websites involve different types allowing users to discover people who want to make friendships with others. Tinychat is one among them that has members from different parts of the world. It provides ways to connect with like-minded persons with the latest features. This website is a suitable place for those who like to [&hellip;]<\/p>\n","protected":false},"author":6,"featured_media":559,"parent":0,"menu_order":0,"comment_status":"closed","ping_status":"closed","template":"","meta":{"footnotes":""},"class_list":["post-3158","page","type-page","status-publish","has-post-thumbnail","hentry"],"yoast_head":"<!-- This site is optimized with the Yoast SEO plugin v26.9 - https:\/\/yoast.com\/product\/yoast-seo-wordpress\/ -->\n<title>Tinychat - Video Chat - Cam on StrangerCam.com<\/title>\n<meta name=\"description\" content=\"Like Tinychat? Come chat with more than 5.000.000 strangers on Stranger Cam for Free! Turn on your cam and find new friends &amp; maby a match!\" \/>\n<meta name=\"robots\" content=\"index, follow, max-snippet:-1, max-image-preview:large, max-video-preview:-1\" \/>\n<link rel=\"canonical\" href=\"https:\/\/strangercam.com\/ro\/tinychat\/\" \/>\n<meta property=\"og:locale\" content=\"ro_RO\" \/>\n<meta property=\"og:type\" content=\"article\" \/>\n<meta property=\"og:title\" content=\"Tinychat - Video Chat - Cam on StrangerCam.com\" \/>\n<meta property=\"og:description\" content=\"Like Tinychat? Come chat with more than 5.000.000 strangers on Stranger Cam for Free! Turn on your cam and find new friends &amp; maby a match!\" \/>\n<meta property=\"og:url\" content=\"https:\/\/strangercam.com\/ro\/tinychat\/\" \/>\n<meta property=\"og:site_name\" content=\"Strangercam\" \/>\n<meta property=\"article:publisher\" content=\"https:\/\/www.facebook.com\/strangercam\" \/>\n<meta property=\"article:modified_time\" content=\"2023-08-21T10:43:25+00:00\" \/>\n<meta property=\"og:image\" content=\"https:\/\/strangercam.com\/wp-content\/uploads\/2020\/11\/stranger-cam-1.png\" \/>\n\t<meta property=\"og:image:width\" content=\"800\" \/>\n\t<meta property=\"og:image:height\" content=\"800\" \/>\n\t<meta property=\"og:image:type\" content=\"image\/png\" \/>\n<meta name=\"twitter:card\" content=\"summary_large_image\" \/>\n<meta name=\"twitter:site\" content=\"@strangercamapp\" \/>\n<meta name=\"twitter:label1\" content=\"Timp estimat pentru citire\" \/>\n\t<meta name=\"twitter:data1\" content=\"2 minute\" \/>\n<script type=\"application\/ld+json\" class=\"yoast-schema-graph\">{\"@context\":\"https:\/\/schema.org\",\"@graph\":[{\"@type\":\"WebPage\",\"@id\":\"https:\/\/strangercam.com\/tinychat\/\",\"url\":\"https:\/\/strangercam.com\/tinychat\/\",\"name\":\"Tinychat - Video Chat - Cam on StrangerCam.com\",\"isPartOf\":{\"@id\":\"https:\/\/strangercam.com\/#website\"},\"primaryImageOfPage\":{\"@id\":\"https:\/\/strangercam.com\/tinychat\/#primaryimage\"},\"image\":{\"@id\":\"https:\/\/strangercam.com\/tinychat\/#primaryimage\"},\"thumbnailUrl\":\"https:\/\/strangercam.com\/wp-content\/uploads\/2020\/11\/stranger-cam-1.png\",\"datePublished\":\"2021-05-09T19:11:08+00:00\",\"dateModified\":\"2023-08-21T10:43:25+00:00\",\"description\":\"Like Tinychat? Come chat with more than 5.000.000 strangers on Stranger Cam for Free! Turn on your cam and find new friends & maby a match!\",\"breadcrumb\":{\"@id\":\"https:\/\/strangercam.com\/tinychat\/#breadcrumb\"},\"inLanguage\":\"ro-RO\",\"potentialAction\":[{\"@type\":\"ReadAction\",\"target\":[\"https:\/\/strangercam.com\/tinychat\/\"]}]},{\"@type\":\"ImageObject\",\"inLanguage\":\"ro-RO\",\"@id\":\"https:\/\/strangercam.com\/tinychat\/#primaryimage\",\"url\":\"https:\/\/strangercam.com\/wp-content\/uploads\/2020\/11\/stranger-cam-1.png\",\"contentUrl\":\"https:\/\/strangercam.com\/wp-content\/uploads\/2020\/11\/stranger-cam-1.png\",\"width\":800,\"height\":800,\"caption\":\"stranger cam random video chat\"},{\"@type\":\"BreadcrumbList\",\"@id\":\"https:\/\/strangercam.com\/tinychat\/#breadcrumb\",\"itemListElement\":[{\"@type\":\"ListItem\",\"position\":1,\"name\":\"Home\",\"item\":\"https:\/\/strangercam.com\/\"},{\"@type\":\"ListItem\",\"position\":2,\"name\":\"Tinychat\"}]},{\"@type\":\"WebSite\",\"@id\":\"https:\/\/strangercam.com\/#website\",\"url\":\"https:\/\/strangercam.com\/\",\"name\":\"Strangercam\",\"description\":\"Random Video Chat with Strangers\",\"publisher\":{\"@id\":\"https:\/\/strangercam.com\/#organization\"},\"alternateName\":\"Strangercam.com\",\"potentialAction\":[{\"@type\":\"SearchAction\",\"target\":{\"@type\":\"EntryPoint\",\"urlTemplate\":\"https:\/\/strangercam.com\/?s={search_term_string}\"},\"query-input\":{\"@type\":\"PropertyValueSpecification\",\"valueRequired\":true,\"valueName\":\"search_term_string\"}}],\"inLanguage\":\"ro-RO\"},{\"@type\":\"Organization\",\"@id\":\"https:\/\/strangercam.com\/#organization\",\"name\":\"Strangercam\",\"alternateName\":\"Strangercam.com\",\"url\":\"https:\/\/strangercam.com\/\",\"logo\":{\"@type\":\"ImageObject\",\"inLanguage\":\"ro-RO\",\"@id\":\"https:\/\/strangercam.com\/#\/schema\/logo\/image\/\",\"url\":\"https:\/\/strangercam.com\/wp-content\/uploads\/2020\/11\/cropped-new-favicon-black.png\",\"contentUrl\":\"https:\/\/strangercam.com\/wp-content\/uploads\/2020\/11\/cropped-new-favicon-black.png\",\"width\":512,\"height\":512,\"caption\":\"Strangercam\"},\"image\":{\"@id\":\"https:\/\/strangercam.com\/#\/schema\/logo\/image\/\"},\"sameAs\":[\"https:\/\/www.facebook.com\/strangercam\",\"https:\/\/x.com\/strangercamapp\"]}]}<\/script>\n<!-- \/ Yoast SEO plugin. -->","yoast_head_json":{"title":"Tinychat - Video Chat - Cam pe StrangerCam.com","description":"\u00ce\u021bi place Tinychat? Vino s\u0103 vorbe\u0219ti cu mai mult de 5.000.000 de str\u0103ini pe Stranger Cam gratuit! Porne\u0219te-\u021bi camera \u0219i g\u0103se\u0219te prieteni noi \u0219i poate o pereche!","robots":{"index":"index","follow":"follow","max-snippet":"max-snippet:-1","max-image-preview":"max-image-preview:large","max-video-preview":"max-video-preview:-1"},"canonical":"https:\/\/strangercam.com\/ro\/tinychat\/","og_locale":"ro_RO","og_type":"article","og_title":"Tinychat - Video Chat - Cam on StrangerCam.com","og_description":"Like Tinychat? Come chat with more than 5.000.000 strangers on Stranger Cam for Free! Turn on your cam and find new friends & maby a match!","og_url":"https:\/\/strangercam.com\/ro\/tinychat\/","og_site_name":"Strangercam","article_publisher":"https:\/\/www.facebook.com\/strangercam","article_modified_time":"2023-08-21T10:43:25+00:00","og_image":[{"width":800,"height":800,"url":"https:\/\/strangercam.com\/wp-content\/uploads\/2020\/11\/stranger-cam-1.png","type":"image\/png"}],"twitter_card":"summary_large_image","twitter_site":"@strangercamapp","twitter_misc":{"Timp estimat pentru citire":"2 minute"},"schema":{"@context":"https:\/\/schema.org","@graph":[{"@type":"WebPage","@id":"https:\/\/strangercam.com\/tinychat\/","url":"https:\/\/strangercam.com\/tinychat\/","name":"Tinychat - Video Chat - Cam pe StrangerCam.com","isPartOf":{"@id":"https:\/\/strangercam.com\/#website"},"primaryImageOfPage":{"@id":"https:\/\/strangercam.com\/tinychat\/#primaryimage"},"image":{"@id":"https:\/\/strangercam.com\/tinychat\/#primaryimage"},"thumbnailUrl":"https:\/\/strangercam.com\/wp-content\/uploads\/2020\/11\/stranger-cam-1.png","datePublished":"2021-05-09T19:11:08+00:00","dateModified":"2023-08-21T10:43:25+00:00","description":"\u00ce\u021bi place Tinychat? Vino s\u0103 vorbe\u0219ti cu mai mult de 5.000.000 de str\u0103ini pe Stranger Cam gratuit! Porne\u0219te-\u021bi camera \u0219i g\u0103se\u0219te prieteni noi \u0219i poate o pereche!","breadcrumb":{"@id":"https:\/\/strangercam.com\/tinychat\/#breadcrumb"},"inLanguage":"ro-RO","potentialAction":[{"@type":"ReadAction","target":["https:\/\/strangercam.com\/tinychat\/"]}]},{"@type":"ImageObject","inLanguage":"ro-RO","@id":"https:\/\/strangercam.com\/tinychat\/#primaryimage","url":"https:\/\/strangercam.com\/wp-content\/uploads\/2020\/11\/stranger-cam-1.png","contentUrl":"https:\/\/strangercam.com\/wp-content\/uploads\/2020\/11\/stranger-cam-1.png","width":800,"height":800,"caption":"stranger cam random video chat"},{"@type":"BreadcrumbList","@id":"https:\/\/strangercam.com\/tinychat\/#breadcrumb","itemListElement":[{"@type":"ListItem","position":1,"name":"Home","item":"https:\/\/strangercam.com\/"},{"@type":"ListItem","position":2,"name":"Tinychat"}]},{"@type":"WebSite","@id":"https:\/\/strangercam.com\/#website","url":"https:\/\/strangercam.com\/","name":"Strangercam","description":"Chat video aleatoriu cu str\u0103ini","publisher":{"@id":"https:\/\/strangercam.com\/#organization"},"alternateName":"Strangercam.com","potentialAction":[{"@type":"SearchAction","target":{"@type":"EntryPoint","urlTemplate":"https:\/\/strangercam.com\/?s={search_term_string}"},"query-input":{"@type":"PropertyValueSpecification","valueRequired":true,"valueName":"search_term_string"}}],"inLanguage":"ro-RO"},{"@type":"Organization","@id":"https:\/\/strangercam.com\/#organization","name":"Strangercam","alternateName":"Strangercam.com","url":"https:\/\/strangercam.com\/","logo":{"@type":"ImageObject","inLanguage":"ro-RO","@id":"https:\/\/strangercam.com\/#\/schema\/logo\/image\/","url":"https:\/\/strangercam.com\/wp-content\/uploads\/2020\/11\/cropped-new-favicon-black.png","contentUrl":"https:\/\/strangercam.com\/wp-content\/uploads\/2020\/11\/cropped-new-favicon-black.png","width":512,"height":512,"caption":"Strangercam"},"image":{"@id":"https:\/\/strangercam.com\/#\/schema\/logo\/image\/"},"sameAs":["https:\/\/www.facebook.com\/strangercam","https:\/\/x.com\/strangercamapp"]}]}},"_links":{"self":[{"href":"https:\/\/strangercam.com\/ro\/wp-json\/wp\/v2\/pages\/3158","targetHints":{"allow":["GET"]}}],"collection":[{"href":"https:\/\/strangercam.com\/ro\/wp-json\/wp\/v2\/pages"}],"about":[{"href":"https:\/\/strangercam.com\/ro\/wp-json\/wp\/v2\/types\/page"}],"author":[{"embeddable":true,"href":"https:\/\/strangercam.com\/ro\/wp-json\/wp\/v2\/users\/6"}],"replies":[{"embeddable":true,"href":"https:\/\/strangercam.com\/ro\/wp-json\/wp\/v2\/comments?post=3158"}],"version-history":[{"count":0,"href":"https:\/\/strangercam.com\/ro\/wp-json\/wp\/v2\/pages\/3158\/revisions"}],"wp:featuredmedia":[{"embeddable":true,"href":"https:\/\/strangercam.com\/ro\/wp-json\/wp\/v2\/media\/559"}],"wp:attachment":[{"href":"https:\/\/strangercam.com\/ro\/wp-json\/wp\/v2\/media?parent=3158"}],"curies":[{"name":"wp","href":"https:\/\/api.w.org\/{rel}","templated":true}]}}