{"id":3141,"date":"2021-05-09T21:04:53","date_gmt":"2021-05-09T19:04:53","guid":{"rendered":"https:\/\/strangercam.com\/?page_id=3141"},"modified":"2023-08-21T12:35:30","modified_gmt":"2023-08-21T10:35:30","slug":"paltalk","status":"publish","type":"page","link":"https:\/\/strangercam.com\/ro\/paltalk\/","title":{"rendered":"Paltalk"},"content":{"rendered":"<p>Lumea internetului se extinde ast\u0103zi, permi\u021b\u00e2nd oamenilor s\u0103 se \u00eemprieteneasc\u0103 cu al\u021bii cu u\u0219urin\u021b\u0103 datorit\u0103 apari\u021biei site-urilor \u0219i aplica\u021biilor de \u00eent\u00e2lniri. Paltalk este un site de \u00eent\u00e2lniri care func\u021bioneaz\u0103 bine pe toate dispozitivele, inclusiv pe telefoanele mobile. Site-ul ofer\u0103 modalit\u0103\u021bi de a g\u0103si \u0219i <a href=\"https:\/\/strangercam.com\/ro\/coomeet\/\">\u00eent\u00e2lnire<\/a> oameni noi din diferite p\u0103r\u021bi ale lumii cu cele mai recente caracteristici. \u00cen plus, aplica\u021bia permite utilizatorilor s\u0103 o instaleze \u00een pa\u0219i simpli, permi\u021b\u00e2ndu-le s\u0103 fac\u0103 <a href=\"https:\/\/strangercam.com\/ro\/rabbit-video-chat\/\">video<\/a> apeluri cu u\u0219urin\u021b\u0103. Acesta ofer\u0103 chiar \u0219i modalit\u0103\u021bi de a g\u0103si persoane care \u00eemp\u0103rt\u0103\u0219esc interese comune cu al\u021bii.<\/p>\n<h2>Care sunt caracteristicile oferite de Paltalk?<\/h2>\n<p>Site-ul ofer\u0103 mai multe caracteristici remarcabile pentru utilizatori, permi\u021b\u00e2ndu-le s\u0103 se conecteze cu al\u021bii c\u00e2t mai cur\u00e2nd posibil. Acesta ofer\u0103 camere de chat pline de via\u021b\u0103 pentru ca membrii s\u0103 converseze cu mai multe persoane \u00een acela\u0219i timp. O persoan\u0103 poate intra sau se poate al\u0103tura unei <a href=\"https:\/\/strangercam.com\/ro\/camera-de-chat2000\/\">camer\u0103 de chat<\/a> rapid, ceea ce va ajuta foarte mult la g\u0103sirea de str\u0103ini din diferite p\u0103r\u021bi ale lumii. Utilizatorii pot c\u0103uta camere de chat \u00een diferite categorii \u0219i pot verifica politica camerei pentru a \u0219ti dac\u0103 se potrive\u0219te sau nu. Alte caracteristici oferite de site includ filtre vocale, filtre video distractive, m\u0103\u0219ti 3D, fundaluri noi, cadouri, autocolante etc.<\/p>\n<h3>Avantaje \u0219i dezavantaje ale Paltalk<\/h3>\n<p>Site-ul ofer\u0103 at\u00e2t <a href=\"https:\/\/strangercam.com\/ro\/chat4free\/\">liber<\/a> \u0219i servicii cu plat\u0103, permi\u021b\u00e2nd noilor membri s\u0103 le aleag\u0103 \u00een func\u021bie de nevoi. Aceasta face fezabile modalit\u0103\u021bi de a crea at\u00e2t servicii private, c\u00e2t \u0219i publice <a href=\"https:\/\/strangercam.com\/ro\/chatroulette\/\">chat<\/a> camere care vor ajuta la descoperirea de noi prieteni din diferite p\u0103turi ale vie\u021bii. \u00cen plus, platforma prezint\u0103 chiar \u0219i modalit\u0103\u021bi de a traduce detaliile \u00een nou\u0103 limbi diferite \u00een timpul cre\u0103rii unui cont. \u00cen acela\u0219i timp, membrii necesit\u0103 un abonament premium atunci c\u00e2nd doresc s\u0103 beneficieze de unele caracteristici suplimentare. Reclamele \u0219i lipsa de asisten\u021b\u0103 pentru clien\u021bi sunt unele dezavantaje ale platformei de dating Pal talk care vor duce la cauzarea anumitor probleme. Prin urmare, este necesar s\u0103 le evalua\u021bi cu mai mult\u0103 aten\u021bie \u00eenainte de a utiliza o sal\u0103 de chat.<\/p>\n<h3>Cum se creeaz\u0103 un cont \u00een Paltalk?<\/h3>\n<p>Pentru a crea un cont \u00een Paltalk, trebuie s\u0103 ave\u021bi o adres\u0103 de e-mail valid\u0103 pentru ca procesul de \u00eenregistrare s\u0103 aib\u0103 succes. Utilizatorii pot face chiar \u0219i modific\u0103ri pe site cu ajutorul unei echipe de asisten\u021b\u0103 pentru clien\u021bi. Ei pot \u00eencepe s\u0103 trimit\u0103 mesaje altor persoane dup\u0103 crearea unui cont. Un membru gratuit poate accesa dou\u0103 ferestre de camer\u0103 web pentru a vizualiza emisiunile altor membri. Este posibil s\u0103 cump\u0103ra\u021bi \u0219i s\u0103 trimite\u021bi cadouri virtuale pe acest site care vor ajuta la construirea rela\u021biilor cu ceilal\u021bi. Pe de alt\u0103 parte, este \u00een\u021belept s\u0103 citi\u021bi corect termenii \u0219i condi\u021biile \u00eenainte de a utiliza acest site de \u00eent\u00e2lniri.<\/p>","protected":false},"excerpt":{"rendered":"<p>The internet world is expanding today allowing people to make friendships with others easily due to the emergence of dating sites and apps. Paltalk is a dating website that works well on all devices including mobile phones. The website provides ways to find and meet new people in different parts of the world with the [&hellip;]<\/p>\n","protected":false},"author":6,"featured_media":559,"parent":0,"menu_order":0,"comment_status":"closed","ping_status":"closed","template":"","meta":{"footnotes":""},"class_list":["post-3141","page","type-page","status-publish","has-post-thumbnail","hentry"],"yoast_head":"<!-- This site is optimized with the Yoast SEO plugin v26.9 - https:\/\/yoast.com\/product\/yoast-seo-wordpress\/ -->\n<title>Paltalk - Video Chat - Cam on StrangerCam.com<\/title>\n<meta name=\"description\" content=\"Like Paltalk? Come chat with more than 5.000.000 strangers on Stranger Cam for Free! Turn on your cam and find new friends &amp; maby a match!\" \/>\n<meta name=\"robots\" content=\"index, follow, max-snippet:-1, max-image-preview:large, max-video-preview:-1\" \/>\n<link rel=\"canonical\" href=\"https:\/\/strangercam.com\/ro\/paltalk\/\" \/>\n<meta property=\"og:locale\" content=\"ro_RO\" \/>\n<meta property=\"og:type\" content=\"article\" \/>\n<meta property=\"og:title\" content=\"Paltalk - Video Chat - Cam on StrangerCam.com\" \/>\n<meta property=\"og:description\" content=\"Like Paltalk? Come chat with more than 5.000.000 strangers on Stranger Cam for Free! Turn on your cam and find new friends &amp; maby a match!\" \/>\n<meta property=\"og:url\" content=\"https:\/\/strangercam.com\/ro\/paltalk\/\" \/>\n<meta property=\"og:site_name\" content=\"Strangercam\" \/>\n<meta property=\"article:publisher\" content=\"https:\/\/www.facebook.com\/strangercam\" \/>\n<meta property=\"article:modified_time\" content=\"2023-08-21T10:35:30+00:00\" \/>\n<meta property=\"og:image\" content=\"https:\/\/strangercam.com\/wp-content\/uploads\/2020\/11\/stranger-cam-1.png\" \/>\n\t<meta property=\"og:image:width\" content=\"800\" \/>\n\t<meta property=\"og:image:height\" content=\"800\" \/>\n\t<meta property=\"og:image:type\" content=\"image\/png\" \/>\n<meta name=\"twitter:card\" content=\"summary_large_image\" \/>\n<meta name=\"twitter:site\" content=\"@strangercamapp\" \/>\n<meta name=\"twitter:label1\" content=\"Timp estimat pentru citire\" \/>\n\t<meta name=\"twitter:data1\" content=\"2 minute\" \/>\n<script type=\"application\/ld+json\" class=\"yoast-schema-graph\">{\"@context\":\"https:\/\/schema.org\",\"@graph\":[{\"@type\":\"WebPage\",\"@id\":\"https:\/\/strangercam.com\/paltalk\/\",\"url\":\"https:\/\/strangercam.com\/paltalk\/\",\"name\":\"Paltalk - Video Chat - Cam on StrangerCam.com\",\"isPartOf\":{\"@id\":\"https:\/\/strangercam.com\/#website\"},\"primaryImageOfPage\":{\"@id\":\"https:\/\/strangercam.com\/paltalk\/#primaryimage\"},\"image\":{\"@id\":\"https:\/\/strangercam.com\/paltalk\/#primaryimage\"},\"thumbnailUrl\":\"https:\/\/strangercam.com\/wp-content\/uploads\/2020\/11\/stranger-cam-1.png\",\"datePublished\":\"2021-05-09T19:04:53+00:00\",\"dateModified\":\"2023-08-21T10:35:30+00:00\",\"description\":\"Like Paltalk? Come chat with more than 5.000.000 strangers on Stranger Cam for Free! Turn on your cam and find new friends & maby a match!\",\"breadcrumb\":{\"@id\":\"https:\/\/strangercam.com\/paltalk\/#breadcrumb\"},\"inLanguage\":\"ro-RO\",\"potentialAction\":[{\"@type\":\"ReadAction\",\"target\":[\"https:\/\/strangercam.com\/paltalk\/\"]}]},{\"@type\":\"ImageObject\",\"inLanguage\":\"ro-RO\",\"@id\":\"https:\/\/strangercam.com\/paltalk\/#primaryimage\",\"url\":\"https:\/\/strangercam.com\/wp-content\/uploads\/2020\/11\/stranger-cam-1.png\",\"contentUrl\":\"https:\/\/strangercam.com\/wp-content\/uploads\/2020\/11\/stranger-cam-1.png\",\"width\":800,\"height\":800,\"caption\":\"stranger cam random video chat\"},{\"@type\":\"BreadcrumbList\",\"@id\":\"https:\/\/strangercam.com\/paltalk\/#breadcrumb\",\"itemListElement\":[{\"@type\":\"ListItem\",\"position\":1,\"name\":\"Home\",\"item\":\"https:\/\/strangercam.com\/\"},{\"@type\":\"ListItem\",\"position\":2,\"name\":\"Paltalk\"}]},{\"@type\":\"WebSite\",\"@id\":\"https:\/\/strangercam.com\/#website\",\"url\":\"https:\/\/strangercam.com\/\",\"name\":\"Strangercam\",\"description\":\"Random Video Chat with Strangers\",\"publisher\":{\"@id\":\"https:\/\/strangercam.com\/#organization\"},\"alternateName\":\"Strangercam.com\",\"potentialAction\":[{\"@type\":\"SearchAction\",\"target\":{\"@type\":\"EntryPoint\",\"urlTemplate\":\"https:\/\/strangercam.com\/?s={search_term_string}\"},\"query-input\":{\"@type\":\"PropertyValueSpecification\",\"valueRequired\":true,\"valueName\":\"search_term_string\"}}],\"inLanguage\":\"ro-RO\"},{\"@type\":\"Organization\",\"@id\":\"https:\/\/strangercam.com\/#organization\",\"name\":\"Strangercam\",\"alternateName\":\"Strangercam.com\",\"url\":\"https:\/\/strangercam.com\/\",\"logo\":{\"@type\":\"ImageObject\",\"inLanguage\":\"ro-RO\",\"@id\":\"https:\/\/strangercam.com\/#\/schema\/logo\/image\/\",\"url\":\"https:\/\/strangercam.com\/wp-content\/uploads\/2020\/11\/cropped-new-favicon-black.png\",\"contentUrl\":\"https:\/\/strangercam.com\/wp-content\/uploads\/2020\/11\/cropped-new-favicon-black.png\",\"width\":512,\"height\":512,\"caption\":\"Strangercam\"},\"image\":{\"@id\":\"https:\/\/strangercam.com\/#\/schema\/logo\/image\/\"},\"sameAs\":[\"https:\/\/www.facebook.com\/strangercam\",\"https:\/\/x.com\/strangercamapp\"]}]}<\/script>\n<!-- \/ Yoast SEO plugin. -->","yoast_head_json":{"title":"Paltalk - Video Chat - Cam pe StrangerCam.com","description":"\u00ce\u021bi place Paltalk? Vino s\u0103 vorbe\u0219ti cu mai mult de 5.000.000 de str\u0103ini pe Stranger Cam gratuit! Porne\u0219te-\u021bi camera \u0219i g\u0103se\u0219te prieteni noi \u0219i poate o pereche!","robots":{"index":"index","follow":"follow","max-snippet":"max-snippet:-1","max-image-preview":"max-image-preview:large","max-video-preview":"max-video-preview:-1"},"canonical":"https:\/\/strangercam.com\/ro\/paltalk\/","og_locale":"ro_RO","og_type":"article","og_title":"Paltalk - Video Chat - Cam on StrangerCam.com","og_description":"Like Paltalk? Come chat with more than 5.000.000 strangers on Stranger Cam for Free! Turn on your cam and find new friends & maby a match!","og_url":"https:\/\/strangercam.com\/ro\/paltalk\/","og_site_name":"Strangercam","article_publisher":"https:\/\/www.facebook.com\/strangercam","article_modified_time":"2023-08-21T10:35:30+00:00","og_image":[{"width":800,"height":800,"url":"https:\/\/strangercam.com\/wp-content\/uploads\/2020\/11\/stranger-cam-1.png","type":"image\/png"}],"twitter_card":"summary_large_image","twitter_site":"@strangercamapp","twitter_misc":{"Timp estimat pentru citire":"2 minute"},"schema":{"@context":"https:\/\/schema.org","@graph":[{"@type":"WebPage","@id":"https:\/\/strangercam.com\/paltalk\/","url":"https:\/\/strangercam.com\/paltalk\/","name":"Paltalk - Video Chat - Cam pe StrangerCam.com","isPartOf":{"@id":"https:\/\/strangercam.com\/#website"},"primaryImageOfPage":{"@id":"https:\/\/strangercam.com\/paltalk\/#primaryimage"},"image":{"@id":"https:\/\/strangercam.com\/paltalk\/#primaryimage"},"thumbnailUrl":"https:\/\/strangercam.com\/wp-content\/uploads\/2020\/11\/stranger-cam-1.png","datePublished":"2021-05-09T19:04:53+00:00","dateModified":"2023-08-21T10:35:30+00:00","description":"\u00ce\u021bi place Paltalk? Vino s\u0103 vorbe\u0219ti cu mai mult de 5.000.000 de str\u0103ini pe Stranger Cam gratuit! Porne\u0219te-\u021bi camera \u0219i g\u0103se\u0219te prieteni noi \u0219i poate o pereche!","breadcrumb":{"@id":"https:\/\/strangercam.com\/paltalk\/#breadcrumb"},"inLanguage":"ro-RO","potentialAction":[{"@type":"ReadAction","target":["https:\/\/strangercam.com\/paltalk\/"]}]},{"@type":"ImageObject","inLanguage":"ro-RO","@id":"https:\/\/strangercam.com\/paltalk\/#primaryimage","url":"https:\/\/strangercam.com\/wp-content\/uploads\/2020\/11\/stranger-cam-1.png","contentUrl":"https:\/\/strangercam.com\/wp-content\/uploads\/2020\/11\/stranger-cam-1.png","width":800,"height":800,"caption":"stranger cam random video chat"},{"@type":"BreadcrumbList","@id":"https:\/\/strangercam.com\/paltalk\/#breadcrumb","itemListElement":[{"@type":"ListItem","position":1,"name":"Home","item":"https:\/\/strangercam.com\/"},{"@type":"ListItem","position":2,"name":"Paltalk"}]},{"@type":"WebSite","@id":"https:\/\/strangercam.com\/#website","url":"https:\/\/strangercam.com\/","name":"Strangercam","description":"Chat video aleatoriu cu str\u0103ini","publisher":{"@id":"https:\/\/strangercam.com\/#organization"},"alternateName":"Strangercam.com","potentialAction":[{"@type":"SearchAction","target":{"@type":"EntryPoint","urlTemplate":"https:\/\/strangercam.com\/?s={search_term_string}"},"query-input":{"@type":"PropertyValueSpecification","valueRequired":true,"valueName":"search_term_string"}}],"inLanguage":"ro-RO"},{"@type":"Organization","@id":"https:\/\/strangercam.com\/#organization","name":"Strangercam","alternateName":"Strangercam.com","url":"https:\/\/strangercam.com\/","logo":{"@type":"ImageObject","inLanguage":"ro-RO","@id":"https:\/\/strangercam.com\/#\/schema\/logo\/image\/","url":"https:\/\/strangercam.com\/wp-content\/uploads\/2020\/11\/cropped-new-favicon-black.png","contentUrl":"https:\/\/strangercam.com\/wp-content\/uploads\/2020\/11\/cropped-new-favicon-black.png","width":512,"height":512,"caption":"Strangercam"},"image":{"@id":"https:\/\/strangercam.com\/#\/schema\/logo\/image\/"},"sameAs":["https:\/\/www.facebook.com\/strangercam","https:\/\/x.com\/strangercamapp"]}]}},"_links":{"self":[{"href":"https:\/\/strangercam.com\/ro\/wp-json\/wp\/v2\/pages\/3141","targetHints":{"allow":["GET"]}}],"collection":[{"href":"https:\/\/strangercam.com\/ro\/wp-json\/wp\/v2\/pages"}],"about":[{"href":"https:\/\/strangercam.com\/ro\/wp-json\/wp\/v2\/types\/page"}],"author":[{"embeddable":true,"href":"https:\/\/strangercam.com\/ro\/wp-json\/wp\/v2\/users\/6"}],"replies":[{"embeddable":true,"href":"https:\/\/strangercam.com\/ro\/wp-json\/wp\/v2\/comments?post=3141"}],"version-history":[{"count":0,"href":"https:\/\/strangercam.com\/ro\/wp-json\/wp\/v2\/pages\/3141\/revisions"}],"wp:featuredmedia":[{"embeddable":true,"href":"https:\/\/strangercam.com\/ro\/wp-json\/wp\/v2\/media\/559"}],"wp:attachment":[{"href":"https:\/\/strangercam.com\/ro\/wp-json\/wp\/v2\/media?parent=3141"}],"curies":[{"name":"wp","href":"https:\/\/api.w.org\/{rel}","templated":true}]}}