{"id":3104,"date":"2021-05-09T14:52:40","date_gmt":"2021-05-09T12:52:40","guid":{"rendered":"https:\/\/strangercam.com\/?page_id=3104"},"modified":"2023-08-21T12:24:42","modified_gmt":"2023-08-21T10:24:42","slug":"mnogochat","status":"publish","type":"page","link":"https:\/\/strangercam.com\/ro\/mnogochat\/","title":{"rendered":"Mnogochat"},"content":{"rendered":"<p>\u00cen zilele noastre, mai multe site-uri de \u00eent\u00e2lniri sunt disponibile pentru a v\u0103 conecta cu noi prieteni c\u00e2t mai cur\u00e2nd posibil. Pe de alt\u0103 parte, nu toate acestea sunt la fel, ceea ce necesit\u0103 o cercetare adecvat\u0103. Acest lucru va ajuta foarte mult pentru a selecta site-ul potrivit care satisface exact a\u0219tept\u0103rile utilizatorilor. Un alt lucru este c\u0103 contribuie mai mult la alegerea persoanelor aleatorii pentru a construi rela\u021bii. Mnogochat este un video online <a href=\"https:\/\/strangercam.com\/ro\/chathub\/\">chat<\/a> site care ofer\u0103 modalit\u0103\u021bi de a g\u0103si str\u0103ini cu cele mai avansate caracteristici, ajut\u00e2nd astfel la <a href=\"https:\/\/strangercam.com\/ro\/coomeet\/\">\u00eent\u00e2lnire<\/a> nevoile esen\u021biale. Este un site unde utilizatorii pot g\u0103si o colec\u021bie de site-uri populare de dating online \u00eentr-un singur loc.<\/p>\n<h2>Cum s\u0103 invita\u021bi prieteni la Mnogochat?<\/h2>\n<p>Site-ul permite utilizatorilor s\u0103 creeze o sal\u0103 de chat f\u0103r\u0103 nicio \u00eenregistrare. Utilizatorii trebuie s\u0103 tasteze codul alfanumeric dup\u0103 ce intr\u0103 \u00eentr-o camer\u0103. Ei pot copia \u0219i partaja link-ul camerei cu o persoan\u0103 pentru a ajunge imediat la alte persoane. Nu este o platform\u0103 de site de \u00eent\u00e2lniri care permite utilizatorilor s\u0103 identifice cu u\u0219urin\u021b\u0103 noi prieteni \u00eentr-o loca\u021bie. \u00cen plus, site-ul acoper\u0103 camere de chat gratuite care ofer\u0103 modalit\u0103\u021bi de a c\u0103uta un partener care \u00eemp\u0103rt\u0103\u0219e\u0219te acelea\u0219i interese. Oricine dore\u0219te s\u0103 cunoasc\u0103 b\u0103ie\u021bi, <a href=\"https:\/\/strangercam.com\/ro\/video-chat-cu-femei\/\">fete<\/a>, b\u0103rba\u021bii \u0219i femeile pot selecta site-ul care ajut\u0103 la \u00eendeplinirea obiectivelor.<\/p>\n<h3>Care sunt caracteristicile oferite de Mnogochat?<\/h3>\n<p>Mnogochat ofer\u0103 camere de chat gratuite, cum ar fi <a href=\"https:\/\/strangercam.com\/ro\/chatroulette\/\">Chatroulette<\/a>, <a href=\"https:\/\/strangercam.com\/ro\/omegle\/\">Omegle<\/a> chat, free video chat, bottle game, Russian chat, Teen chat, Mnogocams, webcam chat, online chat, etc. De asemenea, acoper\u0103 \u0219i alte caracteristici, cum ar fi chat-ul text, audio \u0219i video, permi\u021b\u00e2nd utilizatorilor s\u0103 g\u0103seasc\u0103 noi prieteni \u00eentr-o \u021bar\u0103 f\u0103r\u0103 restric\u021bii. Camerele web acoperite de site ajut\u0103 utilizatorii s\u0103 identifice persoanele exact ceea ce caut\u0103. \u00cen afar\u0103 de aceasta, ofer\u0103 modalit\u0103\u021bi de a cunoa\u0219te rapid persoanele singure dintr-o loca\u021bie pentru a construi rela\u021bii la distan\u021b\u0103.<\/p>\n<h3>Motive pentru a utiliza site-ul de dating Mnogochat<\/h3>\n<p>Securitatea este principalul motiv de luat \u00een considerare atunci c\u00e2nd selecta\u021bi un site de \u00eent\u00e2lniri. Mnogochat permite utilizatorilor s\u0103 asigure o protec\u021bie ridicat\u0103 cu ajutorul tehnologiilor de criptare. De asemenea, platforma permite utilizatorilor s\u0103 discute cu alte persoane \u00een mod anonim, adres\u00e2ndu-se cerin\u021belor exacte. Este necesar s\u0103 citi\u021bi termenii \u0219i condi\u021biile \u00eenainte de a intra \u00eentr-o camer\u0103 de chat. Platforma web func\u021bioneaz\u0103 pe toate dispozitivele \u0219i pe toate platformele de browser. Deoarece acoper\u0103 s\u0103li de chat populare, utilizatorii \u00ee\u0219i pot \u00eemp\u0103rt\u0103\u0219i ideile pe diverse teme cu al\u021bii. Realizarea unei comunic\u0103ri eficiente devine una simpl\u0103 prin intermediul acestui site, permi\u021b\u00e2nd utilizatorilor s\u0103 evite plictiseala \u0219i singur\u0103tatea \u00een via\u021b\u0103. \u00cen plus, platforma ofer\u0103 modalit\u0103\u021bi fezabile de a-\u0219i face mai mul\u021bi prieteni la \u00eent\u00e2mplare c\u00e2t mai cur\u00e2nd posibil.<\/p>","protected":false},"excerpt":{"rendered":"<p>Nowadays, several dating sites are available for connecting with new friends as soon as possible. On the other hand, not all of them are the same that need proper research. This will help a lot to select the right website which exactly satisfies the expectations of users. Another thing is that it contributes more to [&hellip;]<\/p>\n","protected":false},"author":6,"featured_media":559,"parent":0,"menu_order":0,"comment_status":"closed","ping_status":"closed","template":"","meta":{"footnotes":""},"class_list":["post-3104","page","type-page","status-publish","has-post-thumbnail","hentry"],"yoast_head":"<!-- This site is optimized with the Yoast SEO plugin v26.9 - https:\/\/yoast.com\/product\/yoast-seo-wordpress\/ -->\n<title>Mnogochat - Most Popular Video Chats - Cam on StrangerCam.com<\/title>\n<meta name=\"description\" content=\"Like Mnogochat? Come chat with more than 5.000.000 strangers on Stranger Cam for Free! Turn on your cam and find new friends &amp; maby a match!\" \/>\n<meta name=\"robots\" content=\"index, follow, max-snippet:-1, max-image-preview:large, max-video-preview:-1\" \/>\n<link rel=\"canonical\" href=\"https:\/\/strangercam.com\/ro\/mnogochat\/\" \/>\n<meta property=\"og:locale\" content=\"ro_RO\" \/>\n<meta property=\"og:type\" content=\"article\" \/>\n<meta property=\"og:title\" content=\"Mnogochat - Most Popular Video Chats - Cam on StrangerCam.com\" \/>\n<meta property=\"og:description\" content=\"Like Mnogochat? Come chat with more than 5.000.000 strangers on Stranger Cam for Free! Turn on your cam and find new friends &amp; maby a match!\" \/>\n<meta property=\"og:url\" content=\"https:\/\/strangercam.com\/ro\/mnogochat\/\" \/>\n<meta property=\"og:site_name\" content=\"Strangercam\" \/>\n<meta property=\"article:publisher\" content=\"https:\/\/www.facebook.com\/strangercam\" \/>\n<meta property=\"article:modified_time\" content=\"2023-08-21T10:24:42+00:00\" \/>\n<meta property=\"og:image\" content=\"https:\/\/strangercam.com\/wp-content\/uploads\/2020\/11\/stranger-cam-1.png\" \/>\n\t<meta property=\"og:image:width\" content=\"800\" \/>\n\t<meta property=\"og:image:height\" content=\"800\" \/>\n\t<meta property=\"og:image:type\" content=\"image\/png\" \/>\n<meta name=\"twitter:card\" content=\"summary_large_image\" \/>\n<meta name=\"twitter:site\" content=\"@strangercamapp\" \/>\n<meta name=\"twitter:label1\" content=\"Timp estimat pentru citire\" \/>\n\t<meta name=\"twitter:data1\" content=\"2 minute\" \/>\n<script type=\"application\/ld+json\" class=\"yoast-schema-graph\">{\"@context\":\"https:\/\/schema.org\",\"@graph\":[{\"@type\":\"WebPage\",\"@id\":\"https:\/\/strangercam.com\/mnogochat\/\",\"url\":\"https:\/\/strangercam.com\/mnogochat\/\",\"name\":\"Mnogochat - Most Popular Video Chats - Cam on StrangerCam.com\",\"isPartOf\":{\"@id\":\"https:\/\/strangercam.com\/#website\"},\"primaryImageOfPage\":{\"@id\":\"https:\/\/strangercam.com\/mnogochat\/#primaryimage\"},\"image\":{\"@id\":\"https:\/\/strangercam.com\/mnogochat\/#primaryimage\"},\"thumbnailUrl\":\"https:\/\/strangercam.com\/wp-content\/uploads\/2020\/11\/stranger-cam-1.png\",\"datePublished\":\"2021-05-09T12:52:40+00:00\",\"dateModified\":\"2023-08-21T10:24:42+00:00\",\"description\":\"Like Mnogochat? Come chat with more than 5.000.000 strangers on Stranger Cam for Free! Turn on your cam and find new friends & maby a match!\",\"breadcrumb\":{\"@id\":\"https:\/\/strangercam.com\/mnogochat\/#breadcrumb\"},\"inLanguage\":\"ro-RO\",\"potentialAction\":[{\"@type\":\"ReadAction\",\"target\":[\"https:\/\/strangercam.com\/mnogochat\/\"]}]},{\"@type\":\"ImageObject\",\"inLanguage\":\"ro-RO\",\"@id\":\"https:\/\/strangercam.com\/mnogochat\/#primaryimage\",\"url\":\"https:\/\/strangercam.com\/wp-content\/uploads\/2020\/11\/stranger-cam-1.png\",\"contentUrl\":\"https:\/\/strangercam.com\/wp-content\/uploads\/2020\/11\/stranger-cam-1.png\",\"width\":800,\"height\":800,\"caption\":\"stranger cam random video chat\"},{\"@type\":\"BreadcrumbList\",\"@id\":\"https:\/\/strangercam.com\/mnogochat\/#breadcrumb\",\"itemListElement\":[{\"@type\":\"ListItem\",\"position\":1,\"name\":\"Home\",\"item\":\"https:\/\/strangercam.com\/\"},{\"@type\":\"ListItem\",\"position\":2,\"name\":\"Mnogochat\"}]},{\"@type\":\"WebSite\",\"@id\":\"https:\/\/strangercam.com\/#website\",\"url\":\"https:\/\/strangercam.com\/\",\"name\":\"Strangercam\",\"description\":\"Random Video Chat with Strangers\",\"publisher\":{\"@id\":\"https:\/\/strangercam.com\/#organization\"},\"alternateName\":\"Strangercam.com\",\"potentialAction\":[{\"@type\":\"SearchAction\",\"target\":{\"@type\":\"EntryPoint\",\"urlTemplate\":\"https:\/\/strangercam.com\/?s={search_term_string}\"},\"query-input\":{\"@type\":\"PropertyValueSpecification\",\"valueRequired\":true,\"valueName\":\"search_term_string\"}}],\"inLanguage\":\"ro-RO\"},{\"@type\":\"Organization\",\"@id\":\"https:\/\/strangercam.com\/#organization\",\"name\":\"Strangercam\",\"alternateName\":\"Strangercam.com\",\"url\":\"https:\/\/strangercam.com\/\",\"logo\":{\"@type\":\"ImageObject\",\"inLanguage\":\"ro-RO\",\"@id\":\"https:\/\/strangercam.com\/#\/schema\/logo\/image\/\",\"url\":\"https:\/\/strangercam.com\/wp-content\/uploads\/2020\/11\/cropped-new-favicon-black.png\",\"contentUrl\":\"https:\/\/strangercam.com\/wp-content\/uploads\/2020\/11\/cropped-new-favicon-black.png\",\"width\":512,\"height\":512,\"caption\":\"Strangercam\"},\"image\":{\"@id\":\"https:\/\/strangercam.com\/#\/schema\/logo\/image\/\"},\"sameAs\":[\"https:\/\/www.facebook.com\/strangercam\",\"https:\/\/x.com\/strangercamapp\"]}]}<\/script>\n<!-- \/ Yoast SEO plugin. -->","yoast_head_json":{"title":"Mnogochat - Cele mai populare conversa\u021bii video - Cam pe StrangerCam.com","description":"\u00ce\u021bi place Mnogochat? Vino s\u0103 vorbe\u0219ti cu mai mult de 5.000.000 de str\u0103ini pe Stranger Cam gratuit! Porne\u0219te-\u021bi camera \u0219i g\u0103se\u0219te prieteni noi \u0219i poate o pereche!","robots":{"index":"index","follow":"follow","max-snippet":"max-snippet:-1","max-image-preview":"max-image-preview:large","max-video-preview":"max-video-preview:-1"},"canonical":"https:\/\/strangercam.com\/ro\/mnogochat\/","og_locale":"ro_RO","og_type":"article","og_title":"Mnogochat - Most Popular Video Chats - Cam on StrangerCam.com","og_description":"Like Mnogochat? Come chat with more than 5.000.000 strangers on Stranger Cam for Free! Turn on your cam and find new friends & maby a match!","og_url":"https:\/\/strangercam.com\/ro\/mnogochat\/","og_site_name":"Strangercam","article_publisher":"https:\/\/www.facebook.com\/strangercam","article_modified_time":"2023-08-21T10:24:42+00:00","og_image":[{"width":800,"height":800,"url":"https:\/\/strangercam.com\/wp-content\/uploads\/2020\/11\/stranger-cam-1.png","type":"image\/png"}],"twitter_card":"summary_large_image","twitter_site":"@strangercamapp","twitter_misc":{"Timp estimat pentru citire":"2 minute"},"schema":{"@context":"https:\/\/schema.org","@graph":[{"@type":"WebPage","@id":"https:\/\/strangercam.com\/mnogochat\/","url":"https:\/\/strangercam.com\/mnogochat\/","name":"Mnogochat - Cele mai populare conversa\u021bii video - Cam pe StrangerCam.com","isPartOf":{"@id":"https:\/\/strangercam.com\/#website"},"primaryImageOfPage":{"@id":"https:\/\/strangercam.com\/mnogochat\/#primaryimage"},"image":{"@id":"https:\/\/strangercam.com\/mnogochat\/#primaryimage"},"thumbnailUrl":"https:\/\/strangercam.com\/wp-content\/uploads\/2020\/11\/stranger-cam-1.png","datePublished":"2021-05-09T12:52:40+00:00","dateModified":"2023-08-21T10:24:42+00:00","description":"\u00ce\u021bi place Mnogochat? Vino s\u0103 vorbe\u0219ti cu mai mult de 5.000.000 de str\u0103ini pe Stranger Cam gratuit! Porne\u0219te-\u021bi camera \u0219i g\u0103se\u0219te prieteni noi \u0219i poate o pereche!","breadcrumb":{"@id":"https:\/\/strangercam.com\/mnogochat\/#breadcrumb"},"inLanguage":"ro-RO","potentialAction":[{"@type":"ReadAction","target":["https:\/\/strangercam.com\/mnogochat\/"]}]},{"@type":"ImageObject","inLanguage":"ro-RO","@id":"https:\/\/strangercam.com\/mnogochat\/#primaryimage","url":"https:\/\/strangercam.com\/wp-content\/uploads\/2020\/11\/stranger-cam-1.png","contentUrl":"https:\/\/strangercam.com\/wp-content\/uploads\/2020\/11\/stranger-cam-1.png","width":800,"height":800,"caption":"stranger cam random video chat"},{"@type":"BreadcrumbList","@id":"https:\/\/strangercam.com\/mnogochat\/#breadcrumb","itemListElement":[{"@type":"ListItem","position":1,"name":"Home","item":"https:\/\/strangercam.com\/"},{"@type":"ListItem","position":2,"name":"Mnogochat"}]},{"@type":"WebSite","@id":"https:\/\/strangercam.com\/#website","url":"https:\/\/strangercam.com\/","name":"Strangercam","description":"Chat video aleatoriu cu str\u0103ini","publisher":{"@id":"https:\/\/strangercam.com\/#organization"},"alternateName":"Strangercam.com","potentialAction":[{"@type":"SearchAction","target":{"@type":"EntryPoint","urlTemplate":"https:\/\/strangercam.com\/?s={search_term_string}"},"query-input":{"@type":"PropertyValueSpecification","valueRequired":true,"valueName":"search_term_string"}}],"inLanguage":"ro-RO"},{"@type":"Organization","@id":"https:\/\/strangercam.com\/#organization","name":"Strangercam","alternateName":"Strangercam.com","url":"https:\/\/strangercam.com\/","logo":{"@type":"ImageObject","inLanguage":"ro-RO","@id":"https:\/\/strangercam.com\/#\/schema\/logo\/image\/","url":"https:\/\/strangercam.com\/wp-content\/uploads\/2020\/11\/cropped-new-favicon-black.png","contentUrl":"https:\/\/strangercam.com\/wp-content\/uploads\/2020\/11\/cropped-new-favicon-black.png","width":512,"height":512,"caption":"Strangercam"},"image":{"@id":"https:\/\/strangercam.com\/#\/schema\/logo\/image\/"},"sameAs":["https:\/\/www.facebook.com\/strangercam","https:\/\/x.com\/strangercamapp"]}]}},"_links":{"self":[{"href":"https:\/\/strangercam.com\/ro\/wp-json\/wp\/v2\/pages\/3104","targetHints":{"allow":["GET"]}}],"collection":[{"href":"https:\/\/strangercam.com\/ro\/wp-json\/wp\/v2\/pages"}],"about":[{"href":"https:\/\/strangercam.com\/ro\/wp-json\/wp\/v2\/types\/page"}],"author":[{"embeddable":true,"href":"https:\/\/strangercam.com\/ro\/wp-json\/wp\/v2\/users\/6"}],"replies":[{"embeddable":true,"href":"https:\/\/strangercam.com\/ro\/wp-json\/wp\/v2\/comments?post=3104"}],"version-history":[{"count":0,"href":"https:\/\/strangercam.com\/ro\/wp-json\/wp\/v2\/pages\/3104\/revisions"}],"wp:featuredmedia":[{"embeddable":true,"href":"https:\/\/strangercam.com\/ro\/wp-json\/wp\/v2\/media\/559"}],"wp:attachment":[{"href":"https:\/\/strangercam.com\/ro\/wp-json\/wp\/v2\/media?parent=3104"}],"curies":[{"name":"wp","href":"https:\/\/api.w.org\/{rel}","templated":true}]}}