{"id":3045,"date":"2025-08-18T13:16:48","date_gmt":"2025-08-18T11:16:48","guid":{"rendered":"https:\/\/strangercam.com\/?page_id=3045"},"modified":"2025-08-18T14:11:55","modified_gmt":"2025-08-18T12:11:55","slug":"video-chat-cu-femei","status":"publish","type":"page","link":"https:\/\/strangercam.com\/ro\/video-chat-cu-femei\/","title":{"rendered":"Chat video cu fete"},"content":{"rendered":"<p>Sunte\u021bi \u00een c\u0103utarea celui mai bun loc pentru video <a href=\"https:\/\/strangercam.com\/ro\/chathub\/\">chat<\/a> cu fetele? Nu e\u0219ti singur. \u00cen fiecare zi, mii de oameni intr\u0103 online \u00een c\u0103utarea unor conversa\u021bii autentice \u0219i spontane cu femei reale din \u00eentreaga lume. Spre deosebire de aplica\u021biile de \u00eent\u00e2lniri, unde parcurgi profilurile la nesf\u00e2r\u0219it, sau de social media, unde totul pare pus \u00een scen\u0103, chat-ul video live cu fete este instantaneu, real \u0219i autentic.<\/p>\n<p>Datorit\u0103 platformelor precum StrangerCam, acum este posibil s\u0103 te bucuri de chat video gratuit cu fete oric\u00e2nd, f\u0103r\u0103 a fi nevoie s\u0103 \u00ee\u021bi creezi un cont, s\u0103 pl\u0103te\u0219ti taxe ascunse sau s\u0103 descarci o aplica\u021bie. Fie c\u0103 dori\u021bi s\u0103 v\u0103 face\u021bi prieteni, s\u0103 flirta\u021bi sau pur \u0219i simplu s\u0103 trece\u021bi timpul, chat-ul video cu fete online nu a fost niciodat\u0103 mai u\u0219or sau mai accesibil.<\/p>\n<p>Acest ghid v\u0103 va ar\u0103ta tot ce trebuie s\u0103 \u0219ti\u021bi: cum func\u021bioneaz\u0103, de ce \u00eel iubesc oamenii, ce caracteristici conteaz\u0103 cel mai mult, sfaturi de siguran\u021b\u0103 \u0219i de ce StrangerCam este una dintre cele mai bune platforme pentru videochat cu fete \u00een 2025.<\/p>\n<h2>Ce este Video Chat cu fete?<\/h2>\n<p>Video chat-ul cu fete este o interac\u021biune online \u00een direct, fa\u021b\u0103 \u00een fa\u021b\u0103, \u00een care v\u0103 conecta\u021bi instantaneu cu utilizatori de sex feminin folosind camera web \u0219i microfonul. Este ca un upgrade modern al chat-urilor text, cu excep\u021bia faptului c\u0103 pute\u021bi vedea \u0219i auzi persoana cu care vorbi\u021bi.<\/p>\n<p>Spre deosebire de re\u021belele de socializare sau site-urile de \u00eent\u00e2lniri, unde conversa\u021biile au nevoie de timp pentru a \u00eencepe, chat-ul video v\u0103 permite s\u0103 trece\u021bi direct la interac\u021biuni reale. F\u0103r\u0103 glisare, f\u0103r\u0103 a\u0219teptarea r\u0103spunsurilor - doar conexiune imediat\u0103.<\/p>\n<h2>De ce oamenii iubesc chat-ul video gratuit cu fete<\/h2>\n<p>Popularitatea cresc\u00e2nd\u0103 a chat-ului video gratuit cu fete poate fi explicat\u0103 prin c\u00e2teva motive simple:<\/p>\n<ul>\n<li>Autenticitate: Spre deosebire de text, video-ul face imposibil s\u0103 te prefaci cine e\u0219ti. \u0218tii c\u0103 vorbe\u0219ti cu o persoan\u0103 real\u0103.<\/li>\n<li>Conectare instantanee: F\u0103r\u0103 \u00eenscrieri lungi, f\u0103r\u0103 timp pierdut - v\u0103 conecta\u021bi instantaneu.<\/li>\n<li>Excitarea necunoscutului: Fiecare chat este unic, oferind ceva diferit de fiecare dat\u0103.<\/li>\n<li>Prietenie \u0219i flirt: Unii \u00eel folosesc pentru a-\u0219i g\u0103si noi prieteni, al\u021bii pentru distrac\u021bie inofensiv\u0103 \u0219i flirt.<\/li>\n<li>Diversitate: Discut\u0103 cu fete din \u00eentreaga lume, experimenteaz\u0103 culturi noi \u0219i l\u0103rge\u0219te-\u021bi perspectiva.<\/li>\n<li>Accesibilitate: Platforme precum StrangerCam fac ca 100% s\u0103 fie gratuit \u0219i u\u0219or de utilizat at\u00e2t pe mobil, c\u00e2t \u0219i pe desktop.<\/li>\n<\/ul>\n<h2>Cum func\u021bioneaz\u0103 videochat-ul cu fete?<\/h2>\n<p>\u00cenceperea unui chat video cu fete este simpl\u0103, chiar \u0219i pentru \u00eencep\u0103tori:<\/p>\n<ol>\n<li>Deschide\u021bi o platform\u0103 de chat video (cum ar fi StrangerCam) pe telefon sau computer.<\/li>\n<li>Activa\u021bi camera web \u0219i microfonul atunci c\u00e2nd vi se solicit\u0103.<\/li>\n<li>Selecta\u021bi preferin\u021bele dac\u0103 sunt disponibile (de exemplu, alege\u021bi s\u0103 v\u0103 potrivi\u021bi numai cu utilizatori de sex feminin).<\/li>\n<li>Face\u021bi clic pe \"Start Chat\". Vei fi conectat instantaneu cu o fat\u0103 aleatoare.<\/li>\n<li>Bucur\u0103-te de chat! Dac\u0103 nu v\u0103 place conversa\u021bia, face\u021bi clic pe \"Urm\u0103torul\" pentru a cunoa\u0219te pe cineva nou.<\/li>\n<\/ol>\n<p>\u00centregul proces dureaz\u0103 mai pu\u021bin de un minut.<\/p>\n<h2>Caracteristici de top de c\u0103utat<\/h2>\n<p>Nu toate platformele care fac reclam\u0103 la chat video cu fete merit\u0103 timpul t\u0103u. Multe ascund caracteristici \u00een spatele unor ziduri cu plat\u0103 sau nu \u00ee\u0219i \u00eendeplinesc promisiunile. Iat\u0103 ce trebuie s\u0103 c\u0103uta\u021bi:<\/p>\n<h3>1. Filtre de gen gratuite<\/h3>\n<p>Un filtru de gen func\u021bional este esen\u021bial dac\u0103 dori\u021bi \u00een mod special s\u0103 \u00eent\u00e2lni\u021bi fete. Feri\u021bi-v\u0103 de site-urile care \u00eel anun\u021b\u0103, dar \u00eel deblocheaz\u0103 numai dup\u0103 plat\u0103.<\/p>\n<h3>2. Nu este necesar\u0103 \u00eenscrierea<\/h3>\n<p>Nu ar trebui s\u0103 fie nevoie s\u0103 crea\u021bi un cont sau s\u0103 furniza\u021bi informa\u021bii personale pentru a \u00eencepe s\u0103 discuta\u021bi.<\/p>\n<h3>3. Modera\u021bie puternic\u0103<\/h3>\n<p>Platformele bune au moderatori activi \u0219i instrumente de raportare pentru a men\u021bine mediul sigur \u0219i prietenos.<\/p>\n<h3>4. Video de \u00eenalt\u0103 calitate<\/h3>\n<p>\u00cenregistrarea video \u0219i audio fluent\u0103 \u0219i fiabil\u0103 face conversa\u021biile naturale \u0219i pl\u0103cute.<\/p>\n<h3>5. Design prietenos cu mobilul<\/h3>\n<p>Ar trebui s\u0103 pute\u021bi face videochat cu fetele cu u\u0219urin\u021b\u0103 de pe telefon sau tablet\u0103, nu doar de pe un computer.<\/p>\n<h3>6. Comunitatea global\u0103<\/h3>\n<p>O baz\u0103 mai mare de utilizatori \u00eenseamn\u0103 mai mult\u0103 varietate \u0219i mai multe \u0219anse de a intra \u00een contact cu persoane interesante.<\/p>\n<h2>Cele mai bune platforme pentru videochat cu fete \u00een 2025<\/h2>\n<p>Iat\u0103 o compara\u021bie a platformelor populare pe care oamenii le folosesc pentru videochat cu fete:<\/p>\n<table>\n<thead>\n<tr>\n<th>Platform\u0103<\/th>\n<th align=\"center\">Filtru de gen gratuit<\/th>\n<th align=\"center\">\u00cenregistrare necesar\u0103<\/th>\n<th align=\"center\">Asisten\u021b\u0103 mobil\u0103<\/th>\n<th align=\"center\">Modera\u021bie<\/th>\n<th>Note<\/th>\n<\/tr>\n<\/thead>\n<tbody>\n<tr>\n<td>StrangerCam<\/td>\n<td align=\"center\">\u2705<\/td>\n<td align=\"center\">\u274c<\/td>\n<td align=\"center\">\u2705<\/td>\n<td align=\"center\">\u2705<\/td>\n<td>100% filtru de gen gratuit, func\u021bional<\/td>\n<\/tr>\n<tr>\n<td><a href=\"https:\/\/strangercam.com\/ro\/chatroulette\/\">Chatroulette<\/a><\/td>\n<td align=\"center\">\u274c (pl\u0103tit)<\/td>\n<td align=\"center\">\u274c<\/td>\n<td align=\"center\">\u2705<\/td>\n<td align=\"center\">\u2705<\/td>\n<td>Clasic, dar costurile filtrului de gen<\/td>\n<\/tr>\n<tr>\n<td>Chatrandom<\/td>\n<td align=\"center\">\u274c (pl\u0103tit)<\/td>\n<td align=\"center\">\u274c<\/td>\n<td align=\"center\">\u2705<\/td>\n<td align=\"center\">\u2705<\/td>\n<td>Popular, dar multe ziduri de plat\u0103<\/td>\n<\/tr>\n<tr>\n<td><a href=\"https:\/\/strangercam.com\/ro\/ometv\/\">OmeTV<\/a><\/td>\n<td align=\"center\">\u274c<\/td>\n<td align=\"center\">\u274c<\/td>\n<td align=\"center\">\u2705<\/td>\n<td align=\"center\">\u2705<\/td>\n<td>Aplica\u021bie mobil\u0103, doar aleatorie<\/td>\n<\/tr>\n<tr>\n<td>Shagle<\/td>\n<td align=\"center\">\u274c (pl\u0103tit)<\/td>\n<td align=\"center\">\u274c<\/td>\n<td align=\"center\">\u2705<\/td>\n<td align=\"center\">\u2705<\/td>\n<td>Intensific\u0103 actualiz\u0103rile<\/td>\n<\/tr>\n<tr>\n<td><a href=\"https:\/\/strangercam.com\/ro\/coomeet\/\">CooMeet<\/a><\/td>\n<td align=\"center\">\u2705 (Trial Only)<\/td>\n<td align=\"center\">\u2705<\/td>\n<td align=\"center\">\u2705<\/td>\n<td align=\"center\">\u2705<\/td>\n<td>Pl\u0103tit dup\u0103 c\u00e2teva chat-uri gratuite<\/td>\n<\/tr>\n<tr>\n<td>LuckyCrush<\/td>\n<td align=\"center\">\u2705 (pl\u0103tit)<\/td>\n<td align=\"center\">\u2705<\/td>\n<td align=\"center\">\u2705<\/td>\n<td align=\"center\">\u2705<\/td>\n<td>Potrivire \u00een func\u021bie de sex, \u00eentotdeauna pl\u0103tit\u0103<\/td>\n<\/tr>\n<\/tbody>\n<\/table>\n<p>StrangerCam este una dintre singurele platforme care ofer\u0103 un filtru de gen real, gratuit \u0219i chat-uri video nelimitate cu fete - f\u0103r\u0103 trucuri, f\u0103r\u0103 taxe ascunse.<\/p>\n<h2>De ce StrangerCam este cel mai bun loc pentru videochat cu fete<\/h2>\n<p>C\u00e2nd vine vorba de chat video cu fete, StrangerCam are c\u00e2teva avantaje deosebite:<\/p>\n<h3>1. Cu adev\u0103rat gratuit \u0219i nelimitat<\/h3>\n<p>Discuta\u021bi c\u00e2t timp dori\u021bi f\u0103r\u0103 s\u0103 v\u0103 face\u021bi griji cu privire la credite, limite sau taxe ascunse.<\/p>\n<h3>2. Filtru de gen gratuit care func\u021bioneaz\u0103<\/h3>\n<p>Spre deosebire de majoritatea site-urilor, StrangerCam \u00ee\u021bi permite s\u0103 selectezi fete gratuit - f\u0103r\u0103 paywall.<\/p>\n<h3>3. Nu este nevoie de \u00eenscriere sau desc\u0103rcare<\/h3>\n<p>Nu ai nevoie de un cont, e-mail sau num\u0103r de telefon. Doar face\u021bi clic \u0219i \u00eencepe\u021bi s\u0103 discuta\u021bi.<\/p>\n<h3>4. Sigur \u0219i moderat<\/h3>\n<p>Raportarea \u00eencorporat\u0103 \u0219i moderatorii activi ajut\u0103 la men\u021binerea unei comunit\u0103\u021bi pozitive.<\/p>\n<h3>5. Baza global\u0103 de utilizatori de sex feminin<\/h3>\n<p>Face\u021bi cuno\u0219tin\u021b\u0103 cu fete din zeci de \u021b\u0103ri la orice or\u0103 din zi.<\/p>\n<h3>6. Optimizat pentru mobil \u0219i desktop<\/h3>\n<p>Indiferent dac\u0103 sunte\u021bi pe un telefon, o tablet\u0103 sau un computer, StrangerCam func\u021bioneaz\u0103 f\u0103r\u0103 probleme peste tot.<\/p>\n<h2>Testimoniale reale ale utilizatorilor<\/h2>\n<blockquote><p><em>\"Majoritatea site-urilor spuneau c\u0103 pot s\u0103 conversez video cu fete gratuit, dar apoi \u00eencercau s\u0103 m\u0103 taxeze. StrangerCam a fost primul site unde filtrul de gen chiar a func\u021bionat f\u0103r\u0103 s\u0103 pl\u0103tesc.\"<\/em><br \/>\n- Ethan, 28 de ani<\/p><\/blockquote>\n<blockquote><p><em>\"Ca femeie, m\u0103 simt mai \u00een siguran\u021b\u0103 aici \u00een compara\u021bie cu alte platforme. Pot s\u0103ri peste, s\u0103 blochez \u0219i s\u0103 raportez instantaneu, ceea ce m\u0103 face s\u0103 m\u0103 simt mai confortabil.\"<\/em><br \/>\n- Laura, 24 de ani<\/p><\/blockquote>\n<blockquote><p><em>\"Am cunoscut fete din Brazilia, Spania \u0219i SUA, toate \u00eentr-o singur\u0103 sear\u0103. Creeaz\u0103 dependen\u021b\u0103, dar este distractiv.\"<\/em><br \/>\n- David, 30 de ani<\/p><\/blockquote>\n<blockquote><p><em>\"Rapid, u\u0219or \u0219i chiar gratuit. StrangerCam este solu\u021bia mea ori de c\u00e2te ori vreau s\u0103 vorbesc cu fete online.\"<\/em><br \/>\n- Chris, 21 de ani<\/p><\/blockquote>\n<h2>Sfaturi de siguran\u021b\u0103 pentru videochat cu fete<\/h2>\n<p>Ca \u00een cazul oric\u0103rei platforme online, siguran\u021ba dumneavoastr\u0103 trebuie s\u0103 fie \u00eentotdeauna pe primul loc. Iat\u0103 c\u00e2teva reguli pe care trebuie s\u0103 le urma\u021bi:<\/p>\n<ul>\n<li>Nu partaja\u021bi informa\u021bii personale: P\u0103stra\u021bi-v\u0103 numele, adresa, telefonul \u0219i adresa de e-mail private.<\/li>\n<li>S\u0103ri\u021bi peste dac\u0103 nu v\u0103 sim\u021bi\u021bi confortabil: Dac\u0103 o conversa\u021bie nu vi se pare potrivit\u0103, face\u021bi clic pe \"Urm\u0103torul\".<\/li>\n<li>Evita\u021bi s\u0103 face\u021bi clic pe linkuri: Nu deschide\u021bi linkuri externe partajate de necunoscu\u021bi.<\/li>\n<li>Verific\u0103-\u021bi trecutul: Asigura\u021bi-v\u0103 c\u0103 \u00een spatele dvs. nu se vede nimic personal.<\/li>\n<li>R\u0103m\u00e2ne\u021bi anonim: folosi\u021bi o porecl\u0103 dac\u0103 vi se cere un nume de afi\u0219are.<\/li>\n<li>Dac\u0103 ave\u021bi sub 18 ani, nu utiliza\u021bi: Respecta\u021bi \u00eentotdeauna restric\u021biile de v\u00e2rst\u0103 ale platformei.<\/li>\n<\/ul>\n<h2>Cum s\u0103 \u00eencepe\u021bi - pas cu pas<\/h2>\n<p>Pentru a \u00eencepe cu video chat-ul cu fete dureaz\u0103 mai pu\u021bin de un minut:<\/p>\n<ol>\n<li>Deschide\u021bi StrangerCam pe dispozitivul dvs.<\/li>\n<li>Permite\u021bi accesul la camer\u0103 \u0219i microfon.<\/li>\n<li>Selecta\u021bi filtrul de gen (alege\u021bi \"fete\").<\/li>\n<li>F\u0103 clic pe Start Chat pentru a te \u00eemperechea instantaneu.<\/li>\n<li>Bucura\u021bi-v\u0103 de conversa\u021bie. Face\u021bi clic pe Urm\u0103torul pentru a trece mai departe oric\u00e2nd.<\/li>\n<\/ol>\n<p>Asta e tot ce trebuie - rapid, simplu \u0219i gratuit.<\/p>\n<h2>G\u00e2nduri finale - \u00cencearc\u0103 video chat-ul gratuit cu fete acum<\/h2>\n<p>Dac\u0103 sunte\u021bi \u00een c\u0103utarea unui loc de videochat cu fete, vestea bun\u0103 este c\u0103 este mai u\u0219or ca niciodat\u0103 \u00een 2025. StrangerCam ofer\u0103 tot ce ai nevoie: un filtru de gen gratuit, potrivire instantanee, moderare sigur\u0103 \u0219i o comunitate feminin\u0103 global\u0103 disponibil\u0103 24\/7.<\/p>\n<p>Nu v\u0103 pierde\u021bi timpul pe platforme care promit chat video gratuit, dar ascund totul \u00een spatele abonamentelor. Alege\u021bi un site care este cu adev\u0103rat gratuit, sigur \u0219i distractiv.<\/p>\n<p>E\u0219ti preg\u0103tit s\u0103 cuno\u0219ti pe cineva nou? \u00cencepe ast\u0103zi un videochat gratuit cu fete \u0219i descoper\u0103 emo\u021bia conexiunilor spontane.<\/p>","protected":false},"excerpt":{"rendered":"<p>Are you searching for the best place to video chat with girls? You\u2019re not alone. Every day, thousands of people go online looking for genuine, spontaneous conversations with real women around the world. Unlike dating apps, where you scroll through profiles endlessly, or social media, where everything feels staged, live video chat with girls is [&hellip;]<\/p>\n","protected":false},"author":8,"featured_media":0,"parent":0,"menu_order":0,"comment_status":"closed","ping_status":"closed","template":"","meta":{"footnotes":""},"class_list":["post-3045","page","type-page","status-publish","hentry"],"yoast_head":"<!-- This site is optimized with the Yoast SEO plugin v26.9 - https:\/\/yoast.com\/product\/yoast-seo-wordpress\/ -->\n<title>Video Chat With Girls with Random Chat on Strangercam.com<\/title>\n<meta name=\"description\" content=\"Liking Video Chat With Girls? Join millions on StrangerCam.com! Start a random video chat, turn on your cam, and meet strangers instantly.\" \/>\n<meta name=\"robots\" content=\"index, follow, max-snippet:-1, max-image-preview:large, max-video-preview:-1\" \/>\n<link rel=\"canonical\" href=\"https:\/\/strangercam.com\/ro\/video-chat-cu-femei\/\" \/>\n<meta property=\"og:locale\" content=\"ro_RO\" \/>\n<meta property=\"og:type\" content=\"article\" \/>\n<meta property=\"og:title\" content=\"Video Chat With Girls with Random Chat on Strangercam.com\" \/>\n<meta property=\"og:description\" content=\"Liking Video Chat With Girls? Join millions on StrangerCam.com! Start a random video chat, turn on your cam, and meet strangers instantly.\" \/>\n<meta property=\"og:url\" content=\"https:\/\/strangercam.com\/ro\/video-chat-cu-femei\/\" \/>\n<meta property=\"og:site_name\" content=\"Strangercam\" \/>\n<meta property=\"article:publisher\" content=\"https:\/\/www.facebook.com\/strangercam\" \/>\n<meta property=\"article:modified_time\" content=\"2025-08-18T12:11:55+00:00\" \/>\n<meta property=\"og:image\" content=\"https:\/\/strangercam.com\/wp-content\/uploads\/2021\/10\/Untitled-2.png\" \/>\n\t<meta property=\"og:image:width\" content=\"800\" \/>\n\t<meta property=\"og:image:height\" content=\"532\" \/>\n\t<meta property=\"og:image:type\" content=\"image\/png\" \/>\n<meta name=\"twitter:card\" content=\"summary_large_image\" \/>\n<meta name=\"twitter:site\" content=\"@strangercamapp\" \/>\n<meta name=\"twitter:label1\" content=\"Timp estimat pentru citire\" \/>\n\t<meta name=\"twitter:data1\" content=\"5 minute\" \/>\n<script type=\"application\/ld+json\" class=\"yoast-schema-graph\">{\"@context\":\"https:\/\/schema.org\",\"@graph\":[{\"@type\":\"WebPage\",\"@id\":\"https:\/\/strangercam.com\/video-chat-with-girls\/\",\"url\":\"https:\/\/strangercam.com\/video-chat-with-girls\/\",\"name\":\"Video Chat With Girls with Random Chat on Strangercam.com\",\"isPartOf\":{\"@id\":\"https:\/\/strangercam.com\/#website\"},\"datePublished\":\"2025-08-18T11:16:48+00:00\",\"dateModified\":\"2025-08-18T12:11:55+00:00\",\"description\":\"Liking Video Chat With Girls? Join millions on StrangerCam.com! Start a random video chat, turn on your cam, and meet strangers instantly.\",\"breadcrumb\":{\"@id\":\"https:\/\/strangercam.com\/video-chat-with-girls\/#breadcrumb\"},\"inLanguage\":\"ro-RO\",\"potentialAction\":[{\"@type\":\"ReadAction\",\"target\":[\"https:\/\/strangercam.com\/video-chat-with-girls\/\"]}]},{\"@type\":\"BreadcrumbList\",\"@id\":\"https:\/\/strangercam.com\/video-chat-with-girls\/#breadcrumb\",\"itemListElement\":[{\"@type\":\"ListItem\",\"position\":1,\"name\":\"Home\",\"item\":\"https:\/\/strangercam.com\/\"},{\"@type\":\"ListItem\",\"position\":2,\"name\":\"Video Chat With Girls\"}]},{\"@type\":\"WebSite\",\"@id\":\"https:\/\/strangercam.com\/#website\",\"url\":\"https:\/\/strangercam.com\/\",\"name\":\"Strangercam\",\"description\":\"Random Video Chat with Strangers\",\"publisher\":{\"@id\":\"https:\/\/strangercam.com\/#organization\"},\"alternateName\":\"Strangercam.com\",\"potentialAction\":[{\"@type\":\"SearchAction\",\"target\":{\"@type\":\"EntryPoint\",\"urlTemplate\":\"https:\/\/strangercam.com\/?s={search_term_string}\"},\"query-input\":{\"@type\":\"PropertyValueSpecification\",\"valueRequired\":true,\"valueName\":\"search_term_string\"}}],\"inLanguage\":\"ro-RO\"},{\"@type\":\"Organization\",\"@id\":\"https:\/\/strangercam.com\/#organization\",\"name\":\"Strangercam\",\"alternateName\":\"Strangercam.com\",\"url\":\"https:\/\/strangercam.com\/\",\"logo\":{\"@type\":\"ImageObject\",\"inLanguage\":\"ro-RO\",\"@id\":\"https:\/\/strangercam.com\/#\/schema\/logo\/image\/\",\"url\":\"https:\/\/strangercam.com\/wp-content\/uploads\/2020\/11\/cropped-new-favicon-black.png\",\"contentUrl\":\"https:\/\/strangercam.com\/wp-content\/uploads\/2020\/11\/cropped-new-favicon-black.png\",\"width\":512,\"height\":512,\"caption\":\"Strangercam\"},\"image\":{\"@id\":\"https:\/\/strangercam.com\/#\/schema\/logo\/image\/\"},\"sameAs\":[\"https:\/\/www.facebook.com\/strangercam\",\"https:\/\/x.com\/strangercamapp\"]}]}<\/script>\n<!-- \/ Yoast SEO plugin. -->","yoast_head_json":{"title":"Video Chat cu fete cu chat aleatoriu pe Strangercam.com","description":"\u00ce\u021bi place Video Chat-ul cu fete? Join milioane pe StrangerCam.com! \u00cencepe un chat video aleatoriu, porne\u0219te-\u021bi camera \u0219i \u00eent\u00e2lne\u0219te str\u0103ini instantaneu.","robots":{"index":"index","follow":"follow","max-snippet":"max-snippet:-1","max-image-preview":"max-image-preview:large","max-video-preview":"max-video-preview:-1"},"canonical":"https:\/\/strangercam.com\/ro\/video-chat-cu-femei\/","og_locale":"ro_RO","og_type":"article","og_title":"Video Chat With Girls with Random Chat on Strangercam.com","og_description":"Liking Video Chat With Girls? Join millions on StrangerCam.com! Start a random video chat, turn on your cam, and meet strangers instantly.","og_url":"https:\/\/strangercam.com\/ro\/video-chat-cu-femei\/","og_site_name":"Strangercam","article_publisher":"https:\/\/www.facebook.com\/strangercam","article_modified_time":"2025-08-18T12:11:55+00:00","og_image":[{"width":800,"height":532,"url":"https:\/\/strangercam.com\/wp-content\/uploads\/2021\/10\/Untitled-2.png","type":"image\/png"}],"twitter_card":"summary_large_image","twitter_site":"@strangercamapp","twitter_misc":{"Timp estimat pentru citire":"5 minute"},"schema":{"@context":"https:\/\/schema.org","@graph":[{"@type":"WebPage","@id":"https:\/\/strangercam.com\/video-chat-with-girls\/","url":"https:\/\/strangercam.com\/video-chat-with-girls\/","name":"Video Chat cu fete cu chat aleatoriu pe Strangercam.com","isPartOf":{"@id":"https:\/\/strangercam.com\/#website"},"datePublished":"2025-08-18T11:16:48+00:00","dateModified":"2025-08-18T12:11:55+00:00","description":"\u00ce\u021bi place Video Chat-ul cu fete? Join milioane pe StrangerCam.com! \u00cencepe un chat video aleatoriu, porne\u0219te-\u021bi camera \u0219i \u00eent\u00e2lne\u0219te str\u0103ini instantaneu.","breadcrumb":{"@id":"https:\/\/strangercam.com\/video-chat-with-girls\/#breadcrumb"},"inLanguage":"ro-RO","potentialAction":[{"@type":"ReadAction","target":["https:\/\/strangercam.com\/video-chat-with-girls\/"]}]},{"@type":"BreadcrumbList","@id":"https:\/\/strangercam.com\/video-chat-with-girls\/#breadcrumb","itemListElement":[{"@type":"ListItem","position":1,"name":"Home","item":"https:\/\/strangercam.com\/"},{"@type":"ListItem","position":2,"name":"Video Chat With Girls"}]},{"@type":"WebSite","@id":"https:\/\/strangercam.com\/#website","url":"https:\/\/strangercam.com\/","name":"Strangercam","description":"Chat video aleatoriu cu str\u0103ini","publisher":{"@id":"https:\/\/strangercam.com\/#organization"},"alternateName":"Strangercam.com","potentialAction":[{"@type":"SearchAction","target":{"@type":"EntryPoint","urlTemplate":"https:\/\/strangercam.com\/?s={search_term_string}"},"query-input":{"@type":"PropertyValueSpecification","valueRequired":true,"valueName":"search_term_string"}}],"inLanguage":"ro-RO"},{"@type":"Organization","@id":"https:\/\/strangercam.com\/#organization","name":"Strangercam","alternateName":"Strangercam.com","url":"https:\/\/strangercam.com\/","logo":{"@type":"ImageObject","inLanguage":"ro-RO","@id":"https:\/\/strangercam.com\/#\/schema\/logo\/image\/","url":"https:\/\/strangercam.com\/wp-content\/uploads\/2020\/11\/cropped-new-favicon-black.png","contentUrl":"https:\/\/strangercam.com\/wp-content\/uploads\/2020\/11\/cropped-new-favicon-black.png","width":512,"height":512,"caption":"Strangercam"},"image":{"@id":"https:\/\/strangercam.com\/#\/schema\/logo\/image\/"},"sameAs":["https:\/\/www.facebook.com\/strangercam","https:\/\/x.com\/strangercamapp"]}]}},"_links":{"self":[{"href":"https:\/\/strangercam.com\/ro\/wp-json\/wp\/v2\/pages\/3045","targetHints":{"allow":["GET"]}}],"collection":[{"href":"https:\/\/strangercam.com\/ro\/wp-json\/wp\/v2\/pages"}],"about":[{"href":"https:\/\/strangercam.com\/ro\/wp-json\/wp\/v2\/types\/page"}],"author":[{"embeddable":true,"href":"https:\/\/strangercam.com\/ro\/wp-json\/wp\/v2\/users\/8"}],"replies":[{"embeddable":true,"href":"https:\/\/strangercam.com\/ro\/wp-json\/wp\/v2\/comments?post=3045"}],"version-history":[{"count":2,"href":"https:\/\/strangercam.com\/ro\/wp-json\/wp\/v2\/pages\/3045\/revisions"}],"predecessor-version":[{"id":12968,"href":"https:\/\/strangercam.com\/ro\/wp-json\/wp\/v2\/pages\/3045\/revisions\/12968"}],"wp:attachment":[{"href":"https:\/\/strangercam.com\/ro\/wp-json\/wp\/v2\/media?parent=3045"}],"curies":[{"name":"wp","href":"https:\/\/api.w.org\/{rel}","templated":true}]}}