{"id":201,"date":"2025-08-18T13:43:14","date_gmt":"2025-08-18T11:43:14","guid":{"rendered":"https:\/\/strangercam.com\/?page_id=201"},"modified":"2025-08-18T14:08:48","modified_gmt":"2025-08-18T12:08:48","slug":"random-cam-chat","status":"publish","type":"page","link":"https:\/\/strangercam.com\/ro\/random-cam-chat\/","title":{"rendered":"Random Cam Chat"},"content":{"rendered":"<p>Sunte\u021bi \u00een c\u0103utarea senza\u021biei de <a href=\"https:\/\/strangercam.com\/ro\/bazoocam\/\">came<\/a> chat? Nu sunte\u021bi singuri. \u00cenc\u0103 din primele zile ale <a href=\"https:\/\/strangercam.com\/ro\/omegle\/\">Omegle<\/a> \u0219i <a href=\"https:\/\/strangercam.com\/ro\/chatroulette\/\">Chatroulette<\/a>, milioane de oameni au apelat la random <a href=\"https:\/\/strangercam.com\/ro\/cam-la-cam-chat\/\">cam chat<\/a> pentru a cunoa\u0219te str\u0103ini instantaneu, fa\u021b\u0103 \u00een fa\u021b\u0103. Ideea este simpl\u0103, dar puternic\u0103: porni\u021bi camera dvs. web, face\u021bi clic pe un buton \u0219i intra\u021bi \u00een contact cu cineva nou \u00een c\u00e2teva secunde.<\/p>\n<p>Ast\u0103zi, platforme precum StrangerCam fac mai u\u0219or ca niciodat\u0103 s\u0103 te bucuri de chat cu came aleatoriu gratuit, f\u0103r\u0103 \u00eenscrieri, desc\u0103rc\u0103ri sau ziduri de plat\u0103 ascunse. Fie c\u0103 sunte\u021bi \u00een c\u0103utarea prieteniei, flirtului, schimbului cultural sau doar a unei modalit\u0103\u021bi de a vindeca plictiseala, chat-ul cu camere la \u00eent\u00e2mplare ofer\u0103 o experien\u021b\u0103 online unic\u0103.<\/p>\n<p>\u00cen acest ghid detaliat, vom explora modul \u00een care func\u021bioneaz\u0103, ce caracteristici conteaz\u0103 cel mai mult, de ce \u00eel iubesc oamenii \u0219i de ce StrangerCam se remarc\u0103 ca fiind unul dintre cele mai bune locuri pentru chat aleatoriu cu camera \u00een 2025.<\/p>\n<h2>Ce este Random Cam Chat?<\/h2>\n<p>Random cam chat este un serviciu online care v\u0103 asociaz\u0103 cu persoane necunoscute prin intermediul camerei web \u0219i al microfonului pentru conversa\u021bii video directe, unu la unu. Partea \"aleatorie\" \u00eenseamn\u0103 c\u0103 nu \u0219tii niciodat\u0103 cu cine te vei \u00eent\u00e2lni - ar putea fi cineva din \u021bara ta sau cineva din cealalt\u0103 parte a lumii.<\/p>\n<p>Spre deosebire de re\u021belele de socializare sau de aplica\u021biile de \u00eent\u00e2lniri, chat-ul cu camer\u0103 aleatoriu elimin\u0103 filtrele profilurilor \u0219i ale biografiilor \u00eengrijite. Te \u00eent\u00e2lne\u0219ti cu oameni \u00een direct, \u00een timp real, f\u0103r\u0103 nicio preg\u0103tire. Dac\u0103 conversa\u021bia nu vi se pare potrivit\u0103, pur \u0219i simplu face\u021bi clic pe \"Urm\u0103torul\" pentru a fi conectat instantaneu cu altcineva.<\/p>\n<h2>De ce oamenii iubesc chat-ul gratuit cu camer\u0103 aleatorie<\/h2>\n<p>Popularitatea chat-ului gratuit cu camere aleatorii se datoreaz\u0103 mai multor motive cheie:<\/p>\n<ul>\n<li>Spontaneitate: Fiecare conversa\u021bie este o surpriz\u0103, ceea ce o face interesant\u0103 \u0219i d\u0103 dependen\u021b\u0103.<\/li>\n<li>Conexiunea uman\u0103: Mai ales \u00eentr-o lume a mesajelor text \u0219i a social media, interac\u021biunea fa\u021b\u0103 \u00een fa\u021b\u0103 este revigorant\u0103.<\/li>\n<li>Anonimatul: Majoritatea platformelor nu necesit\u0103 conturi sau informa\u021bii personale. Pute\u021bi r\u0103m\u00e2ne c\u00e2t de privat dori\u021bi.<\/li>\n<li>Schimb cultural: Face\u021bi cuno\u0219tin\u021b\u0103 cu oameni din \u00eentreaga lume, afla\u021bi despre culturile lor \u0219i \u00eemp\u0103rt\u0103\u0219i\u021bi-v\u0103 propriile experien\u021be.<\/li>\n<li>F\u0103r\u0103 profiluri false: Deoarece \u00eenregistr\u0103rile video sunt live, \u0219tii c\u0103 vorbe\u0219ti cu persoane reale, nu cu robo\u021bi sau pisici de mare.<\/li>\n<li>Eliberare de stres \u0219i distrac\u021bie: Este o modalitate u\u0219oar\u0103 de a v\u0103 relaxa, de a r\u00e2de \u0219i de a discuta ocazional, f\u0103r\u0103 presiune.<\/li>\n<\/ul>\n<h2>Cum func\u021bioneaz\u0103 Random Cam Chat<\/h2>\n<p>\u00cenceputul cu chat-ul aleatoriu cu came este simplu:<\/p>\n<ol>\n<li>Deschide\u021bi platforma pe computer sau smartphone.<\/li>\n<li>Permite\u021bi accesul la camera web \u0219i la microfon.<\/li>\n<li>Face\u021bi clic pe \"Start Chat\". Ve\u021bi fi conectat instantaneu la un necunoscut aleatoriu.<\/li>\n<li>Vorbi\u021bi fa\u021b\u0103 \u00een fa\u021b\u0103. R\u0103m\u00e2ne\u021bi c\u00e2t timp dori\u021bi sau face\u021bi clic pe \"Urm\u0103torul\" pentru a trece la altcineva.<\/li>\n<li>Repeta\u021bi la nesf\u00e2r\u0219it. Majoritatea platformelor ofer\u0103 chat-uri nelimitate gratuit.<\/li>\n<\/ol>\n<p>Unele site-uri includ elemente suplimentare, cum ar fi filtre de gen, preferin\u021be de loca\u021bie sau instrumente de traducere \u00eencorporate pentru a face chat-urile globale \u0219i mai u\u0219oare.<\/p>\n<h2>Caracteristici de top de c\u0103utat<\/h2>\n<p>Nu toate platformele de chat cu camer\u0103 aleatorie sunt create la fel. Pentru a ob\u021bine cea mai bun\u0103 experien\u021b\u0103, iat\u0103 ce trebuie s\u0103 c\u0103uta\u021bi:<\/p>\n<h3>1. Acces cu adev\u0103rat liber<\/h3>\n<p>Evita\u021bi platformele care promit chat-uri gratuite, dar care v\u0103 \u00eemping spre ziduri cu plat\u0103. Cele mai bune site-uri permit utilizarea nelimitat\u0103 \u0219i gratuit\u0103.<\/p>\n<h3>2. Nu este necesar\u0103 \u00eenscrierea<\/h3>\n<p>Nu ar trebui s\u0103 trebuiasc\u0103 s\u0103 v\u0103 \u00eenregistra\u021bi sau s\u0103 furniza\u021bi detalii personale pentru a utiliza chat-ul cu camere aleatorii.<\/p>\n<h3>3. Filtre de gen \u0219i loca\u021bie<\/h3>\n<p>Astfel, este mai u\u0219or s\u0103 v\u0103 conecta\u021bi cu tipul de persoane pe care le c\u0103uta\u021bi.<\/p>\n<h3>4. Design prietenos cu mobilul<\/h3>\n<p>O platform\u0103 bun\u0103 ar trebui s\u0103 func\u021bioneze perfect at\u00e2t pe desktop, c\u00e2t \u0219i pe mobil.<\/p>\n<h3>5. Modera\u021bie puternic\u0103<\/h3>\n<p>Moderarea activ\u0103 \u0219i instrumentele de raportare ajut\u0103 la men\u021binerea spa\u021biului \u00een siguran\u021b\u0103 fa\u021b\u0103 de comportamentele inadecvate.<\/p>\n<h3>6. Video \u0219i audio de \u00eenalt\u0103 calitate<\/h3>\n<p>Conexiunile netede \u0219i clare fac conversa\u021biile mai pl\u0103cute.<\/p>\n<h2>Cele mai bune platforme de chat cu camer\u0103 aleatoare \u00een 2025<\/h2>\n<p>Iat\u0103 cum se compar\u0103 unele dintre cele mai populare platforme de chat cu camer\u0103 aleatorie:<\/p>\n<table>\n<thead>\n<tr>\n<th>Platform\u0103<\/th>\n<th align=\"center\">Utilizare gratuit\u0103<\/th>\n<th align=\"center\">Filtru de gen<\/th>\n<th align=\"center\">\u00cenregistrare necesar\u0103<\/th>\n<th align=\"center\">Asisten\u021b\u0103 mobil\u0103<\/th>\n<th>Note<\/th>\n<\/tr>\n<\/thead>\n<tbody>\n<tr>\n<td>StrangerCam<\/td>\n<td align=\"center\">\u2705<\/td>\n<td align=\"center\">\u2705 (Gratuit)<\/td>\n<td align=\"center\">\u274c<\/td>\n<td align=\"center\">\u2705<\/td>\n<td>Cea mai bun\u0103 alegere la toate capitolele pentru cam chat aleatoriu gratuit<\/td>\n<\/tr>\n<tr>\n<td>Chatroulette<\/td>\n<td align=\"center\">\u2705<\/td>\n<td align=\"center\">\u274c (pl\u0103tit)<\/td>\n<td align=\"center\">\u274c<\/td>\n<td align=\"center\">\u2705<\/td>\n<td>Clasic, dar cu filtru de gen blocat<\/td>\n<\/tr>\n<tr>\n<td>Chatrandom<\/td>\n<td align=\"center\">\u2705<\/td>\n<td align=\"center\">\u274c (pl\u0103tit)<\/td>\n<td align=\"center\">\u274c<\/td>\n<td align=\"center\">\u2705<\/td>\n<td>Baz\u0103 mare de utilizatori, ziduri de plat\u0103 pentru filtre<\/td>\n<\/tr>\n<tr>\n<td>OmeTV<\/td>\n<td align=\"center\">\u2705<\/td>\n<td align=\"center\">\u274c<\/td>\n<td align=\"center\">\u274c<\/td>\n<td align=\"center\">\u2705<\/td>\n<td>Aplica\u021bie mobil\u0103 disponibil\u0103, doar aleatoriu<\/td>\n<\/tr>\n<tr>\n<td>Shagle<\/td>\n<td align=\"center\">\u2705<\/td>\n<td align=\"center\">\u274c (pl\u0103tit)<\/td>\n<td align=\"center\">\u274c<\/td>\n<td align=\"center\">\u2705<\/td>\n<td>Chat-uri gratuite, dar upgrade-uri premium promovate<\/td>\n<\/tr>\n<tr>\n<td><a href=\"https:\/\/strangercam.com\/ro\/coomeet\/\">CooMeet<\/a><\/td>\n<td align=\"center\">\u274c (Trial)<\/td>\n<td align=\"center\">\u2705<\/td>\n<td align=\"center\">\u2705<\/td>\n<td align=\"center\">\u2705<\/td>\n<td>Cea mai mare parte pl\u0103tit\u0103 dup\u0103 \u00eencheierea perioadei de prob\u0103<\/td>\n<\/tr>\n<tr>\n<td>LuckyCrush<\/td>\n<td align=\"center\">\u274c<\/td>\n<td align=\"center\">\u2705<\/td>\n<td align=\"center\">\u2705<\/td>\n<td align=\"center\">\u2705<\/td>\n<td>\u00centotdeauna pl\u0103tite, \u00een func\u021bie de sex<\/td>\n<\/tr>\n<\/tbody>\n<\/table>\n<p>StrangerCam se remarc\u0103 prin faptul c\u0103 este gratuit, sigur \u0219i u\u0219or de filtrat, spre deosebire de majoritatea concuren\u021bilor care percep taxe pentru func\u021bii avansate.<\/p>\n<h2>De ce StrangerCam este o alegere de top pentru Cam Chat aleatoriu<\/h2>\n<p>Iat\u0103 de ce StrangerCam este una dintre cele mai bune platforme de tip Omegle \u00een 2025:<\/p>\n<h3>1. Complet gratuit<\/h3>\n<p>F\u0103r\u0103 taxe ascunse, credite sau teste limitate. Pute\u021bi s\u0103 discuta\u021bi c\u00e2t de mult dori\u021bi, gratuit.<\/p>\n<h3>2. Filtru de gen real<\/h3>\n<p>Spre deosebire de majoritatea site-urilor gratuite, StrangerCam v\u0103 permite s\u0103 alege\u021bi s\u0103 v\u0103 conecta\u021bi cu b\u0103rba\u021bi, femei sau cu am\u00e2ndoi, f\u0103r\u0103 a percepe taxe.<\/p>\n<h3>3. Nu este nevoie de cont<\/h3>\n<p>\u00cencepe\u021bi s\u0103 discuta\u021bi instantaneu. Nu este nevoie de \u00eenscriere, email sau informa\u021bii personale.<\/p>\n<h3>4. Comunitate global\u0103 24\/7<\/h3>\n<p>Mereu activ, astfel \u00eenc\u00e2t s\u0103 nu r\u0103m\u00e2i niciodat\u0103 f\u0103r\u0103 oameni de \u00eent\u00e2lnit.<\/p>\n<h3>5. Optimizat pentru mobil<\/h3>\n<p>Func\u021bioneaz\u0103 perfect pe telefoane, tablete \u0219i computere.<\/p>\n<h3>6. Sigur \u0219i moderat<\/h3>\n<p>Moderatorii dedica\u021bi \u0219i instrumentele de raportare men\u021bin platforma curat\u0103 \u0219i pl\u0103cut\u0103.<\/p>\n<h2>Testimoniale reale ale utilizatorilor<\/h2>\n<blockquote><p><em>\"Am \u00eencercat o mul\u021bime de site-uri de chat de c\u00e2nd Omegle s-a \u00eenchis, dar StrangerCam este singurul care mi s-a p\u0103rut real. Este gratuit \u0219i plin de oameni adev\u0103ra\u021bi.\"<\/em><br \/>\n- Chris, 25 de ani<\/p><\/blockquote>\n<blockquote><p><em>\"Filtrul de gen chiar func\u021bioneaz\u0103 f\u0103r\u0103 a pl\u0103ti suplimentar. Acesta este un mare c\u00e2\u0219tig pentru mine.\"<\/em><br \/>\n- Marta, 23 de ani<\/p><\/blockquote>\n<blockquote><p><em>\"Am intrat \u00een leg\u0103tur\u0103 cu oameni din cinci \u021b\u0103ri diferite \u00eentr-o singur\u0103 noapte. Este un mod at\u00e2t de distractiv de a cunoa\u0219te str\u0103ini.\"<\/em><br \/>\n- Dylan, 30<\/p><\/blockquote>\n<blockquote><p><em>\"Gratuit, rapid \u0219i sigur. StrangerCam este preferatul meu pentru discu\u021bii aleatorii cu camere video acum.\"<\/em><br \/>\n- Leah, 20 de ani<\/p><\/blockquote>\n<h2>Sfaturi de siguran\u021b\u0103 pentru conversa\u021bia aleatorie cu camera video<\/h2>\n<p>Pentru a profita la maximum de chat-ul cu came aleatoriu gratuit \u0219i pentru a r\u0103m\u00e2ne \u00een siguran\u021b\u0103, \u021bine\u021bi cont de aceste sfaturi:<\/p>\n<ul>\n<li>Nu \u00eemp\u0103rt\u0103\u0219i\u021bi informa\u021bii personale precum numele complet, adresa sau num\u0103rul de telefon.<\/li>\n<li>S\u0103ri\u021bi sau bloca\u021bi pe oricine v\u0103 face s\u0103 v\u0103 sim\u021bi\u021bi inconfortabil.<\/li>\n<li>Nu da\u021bi niciodat\u0103 clic pe linkuri trimise de necunoscu\u021bi.<\/li>\n<li>Fi\u021bi aten\u021bi la trecutul dvs. pentru a evita afi\u0219area detaliilor private.<\/li>\n<li>Folosi\u021bi c\u0103\u0219ti pentru un sunet mai clar \u0219i mai mult\u0103 intimitate.<\/li>\n<li>Dac\u0103 ave\u021bi sub 18 ani, evita\u021bi utilizarea platformelor de chat cu camere aleatorii.<\/li>\n<\/ul>\n<h2>Cum s\u0103 \u00eencepe\u021bi - pas cu pas<\/h2>\n<p>Joiingerea unei discu\u021bii aleatorii cu camera dureaz\u0103 mai pu\u021bin de un minut:<\/p>\n<ol>\n<li>Accesa\u021bi platforma pe browser sau pe telefon.<\/li>\n<li>Permite\u021bi accesul la camer\u0103 \u0219i microfon.<\/li>\n<li>Ap\u0103sa\u021bi \"Start Chat.\"<\/li>\n<li>Face\u021bi cuno\u0219tin\u021b\u0103 instantaneu cu un str\u0103in oarecare.<\/li>\n<li>Face\u021bi clic pe \"Urm\u0103torul\" ori de c\u00e2te ori dori\u021bi s\u0103 trece\u021bi la o alt\u0103 persoan\u0103.<\/li>\n<\/ol>\n<p>Asta este - rapid, simplu \u0219i gratuit.<\/p>\n<h2>G\u00e2nduri finale - \u00cencearc\u0103 acum chat-ul gratuit cu camer\u0103 aleatorie<\/h2>\n<p>Conversa\u021bia aleatorie cu camera este una dintre cele mai interesante modalit\u0103\u021bi de a te conecta online \u00een 2025. Este spontan, distractiv \u0219i o alternativ\u0103 r\u0103coritoare la social media sau aplica\u021biile de \u00eent\u00e2lniri. Cu platforme precum StrangerCam, ai parte de o experien\u021b\u0103 cu adev\u0103rat gratuit\u0103 - f\u0103r\u0103 \u00eenscrieri, f\u0103r\u0103 ziduri de plat\u0103 \u0219i o comunitate global\u0103 gata s\u0103 te \u00eent\u00e2lneasc\u0103 24\/7.<\/p>\n<p>Nu pierde\u021bi timpul pe platforme care promit chat video gratuit, dar ascund totul \u00een spatele unor ziduri cu plat\u0103. Alege\u021bi un loc unde pute\u021bi s\u0103 v\u0103 conecta\u021bi, s\u0103 r\u00e2de\u021bi \u0219i s\u0103 v\u0103 face\u021bi noi prieteni instantaneu.<\/p>\n<p>E\u0219ti gata s\u0103 experimentezi? \u00cencearc\u0103 ast\u0103zi chat-ul gratuit cu came aleatorii \u0219i vezi pe cine vei \u00eent\u00e2lni \u00een continuare.<\/p>","protected":false},"excerpt":{"rendered":"<p>Are you looking for the thrill of random cam chat? You\u2019re not alone. Since the early days of Omegle and Chatroulette, millions of people have turned to random cam chat sites to meet strangers instantly, face-to-face. The idea is simple yet powerful: switch on your webcam, click a button, and get connected to someone new [&hellip;]<\/p>\n","protected":false},"author":8,"featured_media":0,"parent":0,"menu_order":0,"comment_status":"closed","ping_status":"closed","template":"","meta":{"footnotes":""},"class_list":["post-201","page","type-page","status-publish","hentry"],"yoast_head":"<!-- This site is optimized with the Yoast SEO plugin v26.9 - https:\/\/yoast.com\/product\/yoast-seo-wordpress\/ -->\n<title>Random Cam Chat with Random Chat on Strangercam.com<\/title>\n<meta name=\"description\" content=\"Liking Random Cam Chat? Join millions on StrangerCam.com! Start a random video chat, turn on your cam, and meet strangers instantly.\" \/>\n<meta name=\"robots\" content=\"index, follow, max-snippet:-1, max-image-preview:large, max-video-preview:-1\" \/>\n<link rel=\"canonical\" href=\"https:\/\/strangercam.com\/ro\/random-cam-chat\/\" \/>\n<meta property=\"og:locale\" content=\"ro_RO\" \/>\n<meta property=\"og:type\" content=\"article\" \/>\n<meta property=\"og:title\" content=\"Random Cam Chat with Random Chat on Strangercam.com\" \/>\n<meta property=\"og:description\" content=\"Liking Random Cam Chat? Join millions on StrangerCam.com! Start a random video chat, turn on your cam, and meet strangers instantly.\" \/>\n<meta property=\"og:url\" content=\"https:\/\/strangercam.com\/ro\/random-cam-chat\/\" \/>\n<meta property=\"og:site_name\" content=\"Strangercam\" \/>\n<meta property=\"article:publisher\" content=\"https:\/\/www.facebook.com\/strangercam\" \/>\n<meta property=\"article:modified_time\" content=\"2025-08-18T12:08:48+00:00\" \/>\n<meta property=\"og:image\" content=\"https:\/\/strangercam.com\/wp-content\/uploads\/2021\/10\/Untitled-2.png\" \/>\n\t<meta property=\"og:image:width\" content=\"800\" \/>\n\t<meta property=\"og:image:height\" content=\"532\" \/>\n\t<meta property=\"og:image:type\" content=\"image\/png\" \/>\n<meta name=\"twitter:card\" content=\"summary_large_image\" \/>\n<meta name=\"twitter:site\" content=\"@strangercamapp\" \/>\n<meta name=\"twitter:label1\" content=\"Timp estimat pentru citire\" \/>\n\t<meta name=\"twitter:data1\" content=\"5 minute\" \/>\n<script type=\"application\/ld+json\" class=\"yoast-schema-graph\">{\"@context\":\"https:\/\/schema.org\",\"@graph\":[{\"@type\":\"WebPage\",\"@id\":\"https:\/\/strangercam.com\/random-cam-chat\/\",\"url\":\"https:\/\/strangercam.com\/random-cam-chat\/\",\"name\":\"Random Cam Chat with Random Chat on Strangercam.com\",\"isPartOf\":{\"@id\":\"https:\/\/strangercam.com\/#website\"},\"datePublished\":\"2025-08-18T11:43:14+00:00\",\"dateModified\":\"2025-08-18T12:08:48+00:00\",\"description\":\"Liking Random Cam Chat? Join millions on StrangerCam.com! Start a random video chat, turn on your cam, and meet strangers instantly.\",\"breadcrumb\":{\"@id\":\"https:\/\/strangercam.com\/random-cam-chat\/#breadcrumb\"},\"inLanguage\":\"ro-RO\",\"potentialAction\":[{\"@type\":\"ReadAction\",\"target\":[\"https:\/\/strangercam.com\/random-cam-chat\/\"]}]},{\"@type\":\"BreadcrumbList\",\"@id\":\"https:\/\/strangercam.com\/random-cam-chat\/#breadcrumb\",\"itemListElement\":[{\"@type\":\"ListItem\",\"position\":1,\"name\":\"Home\",\"item\":\"https:\/\/strangercam.com\/\"},{\"@type\":\"ListItem\",\"position\":2,\"name\":\"Random Cam Chat\"}]},{\"@type\":\"WebSite\",\"@id\":\"https:\/\/strangercam.com\/#website\",\"url\":\"https:\/\/strangercam.com\/\",\"name\":\"Strangercam\",\"description\":\"Random Video Chat with Strangers\",\"publisher\":{\"@id\":\"https:\/\/strangercam.com\/#organization\"},\"alternateName\":\"Strangercam.com\",\"potentialAction\":[{\"@type\":\"SearchAction\",\"target\":{\"@type\":\"EntryPoint\",\"urlTemplate\":\"https:\/\/strangercam.com\/?s={search_term_string}\"},\"query-input\":{\"@type\":\"PropertyValueSpecification\",\"valueRequired\":true,\"valueName\":\"search_term_string\"}}],\"inLanguage\":\"ro-RO\"},{\"@type\":\"Organization\",\"@id\":\"https:\/\/strangercam.com\/#organization\",\"name\":\"Strangercam\",\"alternateName\":\"Strangercam.com\",\"url\":\"https:\/\/strangercam.com\/\",\"logo\":{\"@type\":\"ImageObject\",\"inLanguage\":\"ro-RO\",\"@id\":\"https:\/\/strangercam.com\/#\/schema\/logo\/image\/\",\"url\":\"https:\/\/strangercam.com\/wp-content\/uploads\/2020\/11\/cropped-new-favicon-black.png\",\"contentUrl\":\"https:\/\/strangercam.com\/wp-content\/uploads\/2020\/11\/cropped-new-favicon-black.png\",\"width\":512,\"height\":512,\"caption\":\"Strangercam\"},\"image\":{\"@id\":\"https:\/\/strangercam.com\/#\/schema\/logo\/image\/\"},\"sameAs\":[\"https:\/\/www.facebook.com\/strangercam\",\"https:\/\/x.com\/strangercamapp\"]}]}<\/script>\n<!-- \/ Yoast SEO plugin. -->","yoast_head_json":{"title":"Random Cam Chat cu Random Chat pe Strangercam.com","description":"\u00ce\u021bi place Random Cam Chat? Join milioane pe StrangerCam.com! \u00cencepe un chat video aleatoriu, porne\u0219te-\u021bi camera \u0219i \u00eent\u00e2lne\u0219te str\u0103ini instantaneu.","robots":{"index":"index","follow":"follow","max-snippet":"max-snippet:-1","max-image-preview":"max-image-preview:large","max-video-preview":"max-video-preview:-1"},"canonical":"https:\/\/strangercam.com\/ro\/random-cam-chat\/","og_locale":"ro_RO","og_type":"article","og_title":"Random Cam Chat with Random Chat on Strangercam.com","og_description":"Liking Random Cam Chat? Join millions on StrangerCam.com! Start a random video chat, turn on your cam, and meet strangers instantly.","og_url":"https:\/\/strangercam.com\/ro\/random-cam-chat\/","og_site_name":"Strangercam","article_publisher":"https:\/\/www.facebook.com\/strangercam","article_modified_time":"2025-08-18T12:08:48+00:00","og_image":[{"width":800,"height":532,"url":"https:\/\/strangercam.com\/wp-content\/uploads\/2021\/10\/Untitled-2.png","type":"image\/png"}],"twitter_card":"summary_large_image","twitter_site":"@strangercamapp","twitter_misc":{"Timp estimat pentru citire":"5 minute"},"schema":{"@context":"https:\/\/schema.org","@graph":[{"@type":"WebPage","@id":"https:\/\/strangercam.com\/random-cam-chat\/","url":"https:\/\/strangercam.com\/random-cam-chat\/","name":"Random Cam Chat cu Random Chat pe Strangercam.com","isPartOf":{"@id":"https:\/\/strangercam.com\/#website"},"datePublished":"2025-08-18T11:43:14+00:00","dateModified":"2025-08-18T12:08:48+00:00","description":"\u00ce\u021bi place Random Cam Chat? Join milioane pe StrangerCam.com! \u00cencepe un chat video aleatoriu, porne\u0219te-\u021bi camera \u0219i \u00eent\u00e2lne\u0219te str\u0103ini instantaneu.","breadcrumb":{"@id":"https:\/\/strangercam.com\/random-cam-chat\/#breadcrumb"},"inLanguage":"ro-RO","potentialAction":[{"@type":"ReadAction","target":["https:\/\/strangercam.com\/random-cam-chat\/"]}]},{"@type":"BreadcrumbList","@id":"https:\/\/strangercam.com\/random-cam-chat\/#breadcrumb","itemListElement":[{"@type":"ListItem","position":1,"name":"Home","item":"https:\/\/strangercam.com\/"},{"@type":"ListItem","position":2,"name":"Random Cam Chat"}]},{"@type":"WebSite","@id":"https:\/\/strangercam.com\/#website","url":"https:\/\/strangercam.com\/","name":"Strangercam","description":"Chat video aleatoriu cu str\u0103ini","publisher":{"@id":"https:\/\/strangercam.com\/#organization"},"alternateName":"Strangercam.com","potentialAction":[{"@type":"SearchAction","target":{"@type":"EntryPoint","urlTemplate":"https:\/\/strangercam.com\/?s={search_term_string}"},"query-input":{"@type":"PropertyValueSpecification","valueRequired":true,"valueName":"search_term_string"}}],"inLanguage":"ro-RO"},{"@type":"Organization","@id":"https:\/\/strangercam.com\/#organization","name":"Strangercam","alternateName":"Strangercam.com","url":"https:\/\/strangercam.com\/","logo":{"@type":"ImageObject","inLanguage":"ro-RO","@id":"https:\/\/strangercam.com\/#\/schema\/logo\/image\/","url":"https:\/\/strangercam.com\/wp-content\/uploads\/2020\/11\/cropped-new-favicon-black.png","contentUrl":"https:\/\/strangercam.com\/wp-content\/uploads\/2020\/11\/cropped-new-favicon-black.png","width":512,"height":512,"caption":"Strangercam"},"image":{"@id":"https:\/\/strangercam.com\/#\/schema\/logo\/image\/"},"sameAs":["https:\/\/www.facebook.com\/strangercam","https:\/\/x.com\/strangercamapp"]}]}},"_links":{"self":[{"href":"https:\/\/strangercam.com\/ro\/wp-json\/wp\/v2\/pages\/201","targetHints":{"allow":["GET"]}}],"collection":[{"href":"https:\/\/strangercam.com\/ro\/wp-json\/wp\/v2\/pages"}],"about":[{"href":"https:\/\/strangercam.com\/ro\/wp-json\/wp\/v2\/types\/page"}],"author":[{"embeddable":true,"href":"https:\/\/strangercam.com\/ro\/wp-json\/wp\/v2\/users\/8"}],"replies":[{"embeddable":true,"href":"https:\/\/strangercam.com\/ro\/wp-json\/wp\/v2\/comments?post=201"}],"version-history":[{"count":2,"href":"https:\/\/strangercam.com\/ro\/wp-json\/wp\/v2\/pages\/201\/revisions"}],"predecessor-version":[{"id":12967,"href":"https:\/\/strangercam.com\/ro\/wp-json\/wp\/v2\/pages\/201\/revisions\/12967"}],"wp:attachment":[{"href":"https:\/\/strangercam.com\/ro\/wp-json\/wp\/v2\/media?parent=201"}],"curies":[{"name":"wp","href":"https:\/\/api.w.org\/{rel}","templated":true}]}}